{"id":1384,"date":"2019-02-26T17:33:33","date_gmt":"2019-02-26T16:33:33","guid":{"rendered":"https:\/\/genevaways.com\/ski-tours\/"},"modified":"2026-04-29T10:16:53","modified_gmt":"2026-04-29T08:16:53","slug":"transferts-prives-ski-depuis-geneve","status":"publish","type":"page","link":"https:\/\/genevaways.com\/fr\/transferts-prives-ski-depuis-geneve\/","title":{"rendered":"Transferts priv\u00e9s ski depuis Gen\u00e8ve"},"content":{"rendered":"<p>Les transferts depuis l\u2019a\u00e9roport de Gen\u00e8ve font partie de nos principales sp\u00e9cialit\u00e9s.<\/p>\n<p>Nous proposons un service de transport depuis et vers l\u2019a\u00e9roport de Gen\u00e8ve (GVA) ou Zurich dans une limousine haut de gamme avec chauffeur priv\u00e9, r\u00e9pondant \u00e0 toutes vos exigences \u00e0 des tarifs comp\u00e9titifs. Avantages de l\u2019utilisation de notre service de transferts priv\u00e9s depuis l\u2019a\u00e9roport de Gen\u00e8ve :<\/p>\n<p>1- Soci\u00e9t\u00e9 officielle suisse. Bas\u00e9e \u00e0 Gen\u00e8ve, pr\u00e8s de l\u2019a\u00e9roport de Gen\u00e8ve.<\/p>\n<p>2- Annulation gratuite et disponibilit\u00e9 24h\/24 et 7j\/7. Assistance exclusive par t\u00e9l\u00e9phone et e-mail.<\/p>\n<p>3- Temps d\u2019attente gratuit (1 heure) pour les transferts depuis l\u2019a\u00e9roport de Gen\u00e8ve ou de Zurich.<\/p>\n<p>4- R\u00e9servation en ligne rapide. En seulement 3 clics, obtenez votre voiture avec chauffeur \u00e0 Gen\u00e8ve.<\/p>\n<p>5- Le chauffeur vous accueillera \u00e0 l\u2019a\u00e9roport de Gen\u00e8ve avec une pancarte \u00e0 votre nom.<\/p>\n<p>6- Service de haute qualit\u00e9, ponctualit\u00e9, excellents avis. Prix fixes. S\u00e9curit\u00e9.<\/p>\n<p>&nbsp;<\/p>\n<p>Avec une flotte premium compos\u00e9e des v\u00e9hicules Mercedes-Benz les plus r\u00e9cents avec chauffeur \u00e0 Gen\u00e8ve et Zurich, des chauffeurs \u00e9l\u00e9gants, discrets et polis \u00e0 Gen\u00e8ve et Zurich, ainsi qu\u2019une \u00e9quipe de bureau \u00e0 votre disposition \u00e0 Gen\u00e8ve, nous visons \u00e0 satisfaire tous les souhaits et besoins de nos clients. \u00c0 votre arriv\u00e9e \u00e0 l\u2019a\u00e9roport de Gen\u00e8ve, votre chauffeur vous accueillera au terminal des arriv\u00e9es avec une pancarte affichant votre nom, votre logo ou le nom de votre entreprise. Le chauffeur \u00e0 Gen\u00e8ve ou Zurich vous aidera ensuite avec vos bagages et vous indiquera le chemin vers votre voiture. En cas de retard de votre vol, ne vous inqui\u00e9tez pas, car nous suivons toujours tous les changements.<\/p>\n<p>Faites confiance \u00e0 notre service de chauffeur \u00e0 l\u2019a\u00e9roport de Gen\u00e8ve pour un transport facile en Suisse<br \/>\nApr\u00e8s une longue journ\u00e9e de voyage vers Gen\u00e8ve, la derni\u00e8re chose dont vous voulez vous soucier est la mani\u00e8re d\u2019organiser vos transferts depuis l\u2019a\u00e9roport de Gen\u00e8ve ou de Zurich vers votre domicile, villa ou h\u00f4tel. \u00c9pargnez-vous ce souci et laissez les professionnels de Geneva Limousine prendre soin de vous avec le meilleur service de limousine a\u00e9roportuaire de la r\u00e9gion. Voyagez depuis votre jet priv\u00e9 ou votre vol commercial avec style et confort dans le v\u00e9hicule Geneva Limousine avec chauffeur priv\u00e9 de votre choix. De notre service de voiture de luxe Mercedes avec chauffeur \u00e0 Gen\u00e8ve \u00e0 notre large s\u00e9lection de services exclusifs de limousines VIP \u00e0 Gen\u00e8ve, nous garantissons qu\u2019il existe le v\u00e9hicule parfait dans notre flotte pour vous aider \u00e0 vous d\u00e9tendre apr\u00e8s une longue journ\u00e9e dans les airs.<\/p>\n<p>Bien plus qu\u2019un service de limousine a\u00e9roportuaire classique \u00e0 Gen\u00e8ve<br \/>\nBien que nos v\u00e9hicules \u00e9l\u00e9gants et nos limousines \u00e0 Gen\u00e8ve constituent la flotte la plus impressionnante de Suisse, notre service client et notre personnel professionnel nous distinguent v\u00e9ritablement de tous les autres prestataires de services de chauffeur \u00e0 l\u2019a\u00e9roport de Gen\u00e8ve. En plus de venir vous chercher et de vous d\u00e9poser, vos chauffeurs priv\u00e9s \u00e0 Gen\u00e8ve ou Zurich prendront \u00e9galement grand soin de vos bagages et assureront le transfert en limousine le plus fluide possible jusqu\u2019\u00e0 votre destination finale. En travaillant \u00e0 l\u2019avance avec notre service de r\u00e9servation, vous pouvez \u00e9laborer l\u2019itin\u00e9raire parfait si vous souhaitez ajouter des arr\u00eats suppl\u00e9mentaires en route vers votre h\u00f4tel, villa ou domicile en Suisse.<\/p>\n<p>Si vous organisez un service de voiture \u00e0 l\u2019a\u00e9roport de Gen\u00e8ve ou un transport depuis l\u2019a\u00e9roport de Gen\u00e8ve pour un partenaire commercial ou un associ\u00e9, Geneva Ways Limousine garantit de faire la meilleure premi\u00e8re impression. Le chauffeur priv\u00e9 de votre partenaire \u00e0 Gen\u00e8ve arrivera en avance en costume et cravate, pr\u00e9sentera une pancarte indiquant le nom de la personne ou de l\u2019entreprise, et offrira un accueil tr\u00e8s professionnel \u00e0 l\u2019a\u00e9roport de Gen\u00e8ve. Associ\u00e9s \u00e0 l\u2019\u00e9l\u00e9gance et au standing de nos v\u00e9hicules, nos chauffeurs a\u00e9roportuaires \u00e0 Gen\u00e8ve et notre service de voiture avec chauffeur donneront \u00e0 votre r\u00e9union d\u2019affaires le d\u00e9part parfait. Service Limousine Gen\u00e8ve, profitez de nos transports de luxe \u00e0 Gen\u00e8ve ou Zurich pour voyager confortablement vers votre destination.<\/p>\n<p>Service fiable de limousine a\u00e9roportuaire \u00e0 Gen\u00e8ve pour votre visite en Suisse<br \/>\nL\u2019\u00e9poque o\u00f9 l\u2019on attendait anxieusement une navette d\u2019h\u00f4tel ou une prise en charge \u00e0 l\u2019a\u00e9roport de Gen\u00e8ve est r\u00e9volue, gr\u00e2ce au service fiable de chauffeur et de limousine \u00e0 Gen\u00e8ve propos\u00e9 par Geneva Ways Limousine. Chacun de nos v\u00e9hicules est \u00e9quip\u00e9 d\u2019un logiciel de suivi des vols, garantissant une prise en charge ponctuelle dans tous les a\u00e9roports autour de l\u2019a\u00e9roport de Gen\u00e8ve. Le service de transfert en limousine a\u00e9roportuaire de Geneva Ways Limousine vous aidera pour tous vos besoins de transport en Suisse pendant votre s\u00e9jour de luxe en Europe.<br \/>\n<img loading=\"lazy\" decoding=\"async\" class=\"alignnone wp-image-2703\" src=\"https:\/\/genevaways.com\/wp-content\/uploads\/2021\/03\/private-transfers-Geneva.jpg\" alt=\"\" width=\"413\" height=\"292\" srcset=\"https:\/\/genevaways.com\/wp-content\/uploads\/2021\/03\/private-transfers-Geneva.jpg 621w, https:\/\/genevaways.com\/wp-content\/uploads\/2021\/03\/private-transfers-Geneva-300x212.jpg 300w, https:\/\/genevaways.com\/wp-content\/uploads\/2021\/03\/private-transfers-Geneva-100x71.jpg 100w\" sizes=\"auto, (max-width: 413px) 100vw, 413px\" \/><br \/>\nProfitez de nos services de voiture de luxe avec chauffeur \u00e0 Gen\u00e8ve pour voyager confortablement vers votre destination.<\/p>\n<p>Si vous ne trouvez pas la destination de votre choix, veuillez utiliser notre module principal de r\u00e9servation en haut de la page afin d\u2019obtenir la liste des v\u00e9hicules disponibles et les prix.<\/p>\n<p>Aoste . Annecy . Avoriaz . B\u00e2le . Berne . Cannes . Chamb\u00e9ry . Chamonix . La Clusaz . Courchevel . Courmayeur . Crans-Montana . Davos . Les Diablerets . Divonne . \u00c9vian-les-Bains . Europa-Park \u2013 Rust . Flaine . Fribourg . Genolier . Grenoble . Grindelwald . Gstaad . Interlaken . Lausanne . Lugano . Lucerne . Lucerne . Les Deux Alpes . Lyon . Meg\u00e8ve . M\u00e9ribel . Milan . Montreux . Morges . Morzine . Munich . Neuch\u00e2tel . Nice . Nyon . Paris . Rolle . Sion . Thonon-les-Bains . Tignes . Turin . Val d\u2019Is\u00e8re . Val Thorens . Valmorel . Verbier . Vevey . Villars-sur-Ollon . Zermatt \/ T\u00e4sch . Zurich.<br \/>\nGeneva Ways Limousine met \u00e0 votre disposition une voiture avec chauffeur \u00e0 Gen\u00e8ve ou Zurich. Nous pouvons vous accompagner pendant quelques heures ou plusieurs jours selon vos besoins. Dans le cadre de missions sp\u00e9cifiques, nous pouvons \u00e9galement vous proposer de planifier et d\u2019organiser une logistique optimale pour tous vos transports priv\u00e9s en Suisse \u00e0 un prix abordable ! Toutes nos voitures avec chauffeurs \u00e0 Gen\u00e8ve sont officiellement agr\u00e9\u00e9es, s\u00fbres et enti\u00e8rement assur\u00e9es. Nos prix sont toujours comp\u00e9titifs et fixes. Nous disposons d\u2019une vari\u00e9t\u00e9 de Mercedes modernes avec chauffeurs priv\u00e9s. Tous nos chauffeurs \u00e0 Gen\u00e8ve sont aimables, bien \u00e9lev\u00e9s, qualifi\u00e9s et exp\u00e9riment\u00e9s. Dans le cas de transferts priv\u00e9s depuis l\u2019a\u00e9roport de Gen\u00e8ve, ils suivront votre vol et r\u00e9pondront \u00e0 toutes les demandes de mani\u00e8re professionnelle.<\/p>\n<p>Il n\u2019y aura certainement aucune difficult\u00e9 de communication, car la plupart de nos chauffeurs \u00e0 Gen\u00e8ve parlent anglais et poss\u00e8dent une excellente connaissance de la r\u00e9gion. Voyagez-vous avec des b\u00e9b\u00e9s ou des enfants ? Informez-nous, et nous veillerons \u00e0 fournir des si\u00e8ges b\u00e9b\u00e9, enfant et rehausseurs adapt\u00e9s sans frais suppl\u00e9mentaires.<\/p>\n<p>Nous sommes heureux de vous proposer une voiture avec chauffeur \u00e0 disposition \u00e0 Gen\u00e8ve avec les meilleures offres en Suisse. Cela ne n\u00e9cessite que quelques \u00e9tapes simples. Pour effectuer une r\u00e9servation, vous pouvez nous envoyer un e-mail contenant les d\u00e9tails de votre transfert priv\u00e9, tels que l\u2019heure de prise en charge, les destinations et la dur\u00e9e souhait\u00e9e du service de voiture \u00e0 disposition.<\/p>\n<p>Vous pouvez \u00e9galement cr\u00e9er votre propre r\u00e9servation via notre syst\u00e8me en ligne, le meilleur et le plus rapide : en seulement 3 clics, obtenez votre service de limousine \u00e0 Gen\u00e8ve ou vos transferts priv\u00e9s depuis Gen\u00e8ve. Remplissez simplement les informations dans les sections requises et vous aurez termin\u00e9 en 2 minutes ! Vous aurez le type de v\u00e9hicule pr\u00e9f\u00e9r\u00e9 avec chauffeur \u00e0 Gen\u00e8ve \u00e0 votre disposition pour toute la journ\u00e9e ou pour toute p\u00e9riode dont vous pourriez avoir besoin.<\/p>\n<p>En r\u00e9servant un service, vous garantissez des transferts s\u00fbrs, confortables et fluides depuis et vers les destinations de votre choix dans toute la Suisse et les pays voisins : France, Allemagne, Autriche, Italie et Liechtenstein.<\/p>\n","protected":false},"excerpt":{"rendered":"<p>Les transferts depuis l\u2019a\u00e9roport de Gen\u00e8ve font partie de nos principales sp\u00e9cialit\u00e9s. Nous proposons un service de transport depuis et vers l\u2019a\u00e9roport de Gen\u00e8ve (GVA) ou Zurich dans une limousine haut de gamme avec chauffeur priv\u00e9, r\u00e9pondant \u00e0 toutes vos exigences \u00e0 des tarifs comp\u00e9titifs. Avantages de l\u2019utilisation de notre service de transferts priv\u00e9s depuis<\/p>\n","protected":false},"author":1,"featured_media":998,"parent":0,"menu_order":0,"comment_status":"closed","ping_status":"closed","template":"","meta":{"footnotes":""},"class_list":["post-1384","page","type-page","status-publish","has-post-thumbnail","hentry"],"_links":{"self":[{"href":"https:\/\/genevaways.com\/fr\/wp-json\/wp\/v2\/pages\/1384","targetHints":{"allow":["GET"]}}],"collection":[{"href":"https:\/\/genevaways.com\/fr\/wp-json\/wp\/v2\/pages"}],"about":[{"href":"https:\/\/genevaways.com\/fr\/wp-json\/wp\/v2\/types\/page"}],"author":[{"embeddable":true,"href":"https:\/\/genevaways.com\/fr\/wp-json\/wp\/v2\/users\/1"}],"replies":[{"embeddable":true,"href":"https:\/\/genevaways.com\/fr\/wp-json\/wp\/v2\/comments?post=1384"}],"version-history":[{"count":26,"href":"https:\/\/genevaways.com\/fr\/wp-json\/wp\/v2\/pages\/1384\/revisions"}],"predecessor-version":[{"id":7408,"href":"https:\/\/genevaways.com\/fr\/wp-json\/wp\/v2\/pages\/1384\/revisions\/7408"}],"wp:featuredmedia":[{"embeddable":true,"href":"https:\/\/genevaways.com\/fr\/wp-json\/wp\/v2\/media\/998"}],"wp:attachment":[{"href":"https:\/\/genevaways.com\/fr\/wp-json\/wp\/v2\/media?parent=1384"}],"curies":[{"name":"wp","href":"https:\/\/api.w.org\/{rel}","templated":true}]}}