{"id":3246,"date":"2024-10-17T11:01:38","date_gmt":"2024-10-17T09:01:38","guid":{"rendered":"https:\/\/genevaways.com\/?page_id=3246"},"modified":"2026-01-31T03:53:27","modified_gmt":"2026-01-31T02:53:27","slug":"annecy","status":"publish","type":"page","link":"https:\/\/genevaways.com\/fr\/annecy\/","title":{"rendered":"Annecy"},"content":{"rendered":"<div class=\"wpb-content-wrapper\"><p>[vc_row type=&#8221;full_width_section&#8221;][vc_column]<h3 class=\"center-title\">Transfer from Geneva to Annecy<\/h3><div class=\"title-block2\"><\/div>[vc_single_image image=&#8221;3064&#8243; img_size=&#8221;full&#8221; alignment=&#8221;center&#8221;][vc_column_text]<\/p>\n<p data-start=\"0\" data-end=\"55\">Transferts priv\u00e9s de l\u2019a\u00e9roport de Gen\u00e8ve vers Annecy .<\/p>\n<p data-start=\"57\" data-end=\"150\">Obtenir votre transfert priv\u00e9 vers Annecy depuis<a href=\"https:\/\/www.gva.ch\/en\/\" target=\"_blank\" rel=\"noopener\"> <span style=\"text-decoration: underline;\">l\u2019a\u00e9roport de Gen\u00e8ve<\/span><\/a> avec Geneva Limousine .<\/p>\n<p data-start=\"152\" data-end=\"585\">Les transferts de Gen\u00e8ve \u00e0 Annecy peuvent \u00eatre r\u00e9serv\u00e9s facilement.<br \/>\nCombien co\u00fbte un transfert de Gen\u00e8ve \u00e0 Annecy ?<br \/>\nLe prix des transferts priv\u00e9s de Gen\u00e8ve \u00e0 Annecy commence \u00e0 215 CHF<br \/>\nCombien de temps dure le transfert de Gen\u00e8ve \u00e0 Annecy ?<br \/>\nLe temps des transferts priv\u00e9s de Gen\u00e8ve \u00e0 Annecy 40 Minutes<br \/>\nQuelle est la distance d\u2019un transfert de Gen\u00e8ve \u00e0 Annecy ?<br \/>\nLa distance des transferts priv\u00e9s de Gen\u00e8ve \u00e0 Annecy 45 KM par autoroute<\/p>\n<p data-start=\"587\" data-end=\"1020\">Comment r\u00e9server en ligne un transfert priv\u00e9 de l\u2019a\u00e9roport de Gen\u00e8ve \u00e0 Annecy ?<br \/>\nR\u00e9server en ligne le transfert de l\u2019a\u00e9roport de Gen\u00e8ve \u00e0 Annecy avec Geneva ways limousine Facile &amp; Rapide ne prend que quelques secondes :<br \/>\n1- Entrez les d\u00e9tails de votre trajet .<br \/>\n2- Choisissez votre voiture de luxe dans notre flotte .<br \/>\n3- Payez directement en ligne , c\u2019est fait<br \/>\nvous recevrez une confirmation instantan\u00e9e de votre r\u00e9servation par Email.<\/p>\n<p data-start=\"1022\" data-end=\"1366\">Combien co\u00fbte un transfert d\u2019Annecy \u00e0 Gen\u00e8ve ?<br \/>\nLe prix des transferts priv\u00e9s d\u2019Annecy \u00e0 Gen\u00e8ve commence \u00e0 250 CHF.<br \/>\nQuelle est la distance d\u2019Annecy \u00e0 Gen\u00e8ve ?<br \/>\nLe temps des transferts priv\u00e9s d\u2019Annecy \u00e0 Gen\u00e8ve 45 Minutes<br \/>\nCombien de temps dure le transfert d\u2019Annecy \u00e0 Gen\u00e8ve ?<br \/>\nLa distance des transferts priv\u00e9s d\u2019Annecy \u00e0 Gen\u00e8ve 45 KM par autoroute<\/p>\n<p data-start=\"1368\" data-end=\"2404\">Avantages d\u2019utiliser nos transferts priv\u00e9s de Gen\u00e8ve \u00e0 Annecy :<br \/>\n1- Wifi gratuit. 2 bouteilles d\u2019eau gratuites. lingettes rafra\u00eechissantes. transports suisses de luxe .<br \/>\n2- Devis gratuit . Prix fixes transparents . Porte-\u00e0-porte . S\u00fbr &amp; Fiable .<br \/>\n2- Annulation gratuite &amp; Disponible 24\/7. Assistance par t\u00e9l\u00e9phone ou SMS &amp; Email .<br \/>\n3- Temps d\u2019attente gratuit 1 heure . Pour les transferts de l\u2019a\u00e9roport de Gen\u00e8ve \u00e0 Annecy<br \/>\n4- Soci\u00e9t\u00e9 suisse officielle . Bas\u00e9e \u00e0 Gen\u00e8ve pr\u00e8s de l\u2019a\u00e9roport de Gen\u00e8ve .<br \/>\n5- le chauffeur vous accueillera et vous saluera \u00e0 l\u2019a\u00e9roport de Gen\u00e8ve avec une pancarte \u00e0 votre nom .<br \/>\n6- Service de haute qualit\u00e9 . Ponctualit\u00e9 . Excellent avis . Prix fixes . S\u00e9curit\u00e9 .<br \/>\n7- Commande en ligne rapide . En seulement 3 clics obtenez votre voiture avec chauffeur \u00e0 Gen\u00e8ve .<br \/>\n8- Nos chauffeurs \u00e0 l\u2019a\u00e9roport de Gen\u00e8ve porteront les bagages pour vous .<br \/>\n9- Nos tarifs sont fixes &amp; garantis incluant les frais d\u2019autoroute . Taxes . Parking .<br \/>\n10- Chauffeurs exp\u00e9riment\u00e9s. parlent bien anglais bien form\u00e9s Respectent votre vie priv\u00e9e .<\/p>\n<p data-start=\"2406\" data-end=\"2964\">Tous nos transferts priv\u00e9s VIP vers Annecy (service limousine) chez Geneva Ways : les v\u00e9hicules sont \u00e9quip\u00e9s pour la neige et nous offrons une ligne de service client 24\/7 si vous avez des questions au sujet de votre transfert vers Annecy. Pr\u00e9-r\u00e9servez (r\u00e9servez en ligne) pour avoir l\u2019esprit tranquille et voyager confortablement avec notre service de limousine de confiance. Fiable et facile \u00e0 r\u00e9server, vous recevrez une confirmation instantan\u00e9e de votre r\u00e9servation et vous vous sentirez en s\u00e9curit\u00e9 en sachant que nous prendrons soin de votre transfert.<\/p>\n<p data-start=\"2966\" data-end=\"3510\">Geneva ways propose des services de transferts priv\u00e9s longue distance et professionnels ainsi que la location de voiture avec chauffeur (service limousine) dans la vall\u00e9e d\u2019Annecy. R\u00e9servez un transfert priv\u00e9 VIP vers Annecy (ponctuel, discret, fiable et poli), nos chauffeurs bilingues sont pr\u00eats \u00e0 vous accueillir en montagne. Service VIP , enti\u00e8rement \u00e9quip\u00e9 de pneus neige par Geneva ways . Laissez un chauffeur professionnellement form\u00e9 vous y conduire dans le confort et le luxe avec beaucoup d\u2019espace pour vous, votre famille, vos amis .<\/p>\n<p data-start=\"3512\" data-end=\"4591\">Ses eaux bleu-vert, comme ses canaux qui traversent la vieille ville, lui ont valu le surnom de \u201cVenise des Alpes\u201d. Mondialement connue pour son attractivit\u00e9 touristique, la qualit\u00e9 de vie et ses montagnes environnantes, Annecy est aujourd\u2019hui une ville touristique qui a su pr\u00e9server son charme et son authenticit\u00e9 au plus grand bonheur des vacanciers et qui, en m\u00eame temps, est active et dynamique toute l\u2019ann\u00e9e. La ville d\u2019Annecy a principalement \u00e9t\u00e9 surnomm\u00e9e \u201cVenise des Alpes\u201d et \u201cRome des Alpes\u201d depuis plusieurs si\u00e8cles. Nous retrouvons parfois les surnoms \u201cPerle des Alpes\u201d et \u201cLac Bleu\u201d. Le premier est tr\u00e8s \u00e9vocateur mais certainement m\u00e9rit\u00e9. Le second est li\u00e9 \u00e0 un tableau de Paul C\u00e9zanne peint lors de l\u2019un de ses s\u00e9jours \u00e0 Talloires. Annecy, Venise des Alpes, est clairement li\u00e9e \u00e0 l\u2019eau. Le Thiou, l\u2019\u00e9missaire principal du lac d\u2019Annecy, fut d\u2019abord utilis\u00e9 par des entreprises industrielles (moulins, usines, forges, etc.) avant d\u2019\u00eatre pris en charge par les touristes. Les canaux et le d\u00e9dale de rues de la vieille ville symbolisent aujourd\u2019hui la ville d\u2019Annecy.<\/p>\n<p data-start=\"4593\" data-end=\"5282\">\u00c0 la p\u00e9riph\u00e9rie du Thiou et dans les ruelles de la vieille ville, l\u2019effervescence est l\u00e0. Sur les places, les artistes occupent le pav\u00e9 : peintres, caricaturistes, jongleurs et autres artistes de cirque divertissent les passants qui se laissent emporter. feu. Beaucoup savourent un repas traditionnel ou une fondue copieuse (m\u00eame en plein \u00e9t\u00e9) lorsque la nuit tombe sur la ville. Difficile de circuler, les restaurants sont pleins, les gens profitent de leurs repas et des familles, des groupes d\u2019amis et des amoureux laissent le moment s\u2019\u00e9tirer. Les glaciers sont toujours pleins et les vacanciers d\u00e9gustent une derni\u00e8re glace avant de rentrer chez eux.<\/p>\n<p data-start=\"4593\" data-end=\"5282\">Situ\u00e9e juste de l\u2019autre c\u00f4t\u00e9 de la fronti\u00e8re franco-suisse, <a href=\"https:\/\/genevaways.com\/fr\/geneve-centre-ville\/\"><span style=\"text-decoration: underline;\"><strong data-start=\"60\" data-end=\"70\">Gen\u00e8ve<\/strong><\/span><\/a> est \u00e9troitement li\u00e9e \u00e0 Annecy et sert souvent de principale porte d\u2019entr\u00e9e internationale pour les voyageurs visitant la r\u00e9gion. Tandis qu\u2019Annecy est r\u00e9put\u00e9e pour le charme de son lac, sa vieille ville historique et son atmosph\u00e8re alpine paisible, Gen\u00e8ve offre une exp\u00e9rience plus cosmopolite gr\u00e2ce \u00e0 ses institutions culturelles, ses organisations internationales et ses vues pittoresques le long du lac L\u00e9man. Il est possible de combiner un s\u00e9jour \u00e0 Annecy avec une visite ou une \u00e9tape \u00e0 Gen\u00e8ve, en profitant de la courte distance de d\u00e9placement et du contraste entre une ville alpine fran\u00e7aise tranquille et une m\u00e9tropole mondiale dynamique ; pour des informations touristiques sur Gen\u00e8ve, les voyageurs peuvent consulter ce site web : <a class=\"decorated-link cursor-pointer\" target=\"_new\" rel=\"noopener\" data-start=\"810\" data-end=\"855\">https:\/\/www.geneva-sightseeing-tour.ch\/EN\/\/en<\/a>.<\/p>\n<p data-start=\"5284\" data-end=\"5777\">R\u00e9servez des transferts priv\u00e9s de Gen\u00e8ve \u00e0 Annecy avec Mercedes E-Class<br \/>\nCombien co\u00fbte un transfert de Gen\u00e8ve \u00e0 Annecy avec Mercedes E-Class ?<br \/>\nPrix des transferts priv\u00e9s de Gen\u00e8ve \u00e0 Annecy commence \u00e0 260 CHF<br \/>\nCombien de temps dure le transfert de Gen\u00e8ve \u00e0 Annecy avec Mercedes E-Class ?<br \/>\nTemps des transferts priv\u00e9s de Gen\u00e8ve \u00e0 Annecy 50 Minutes<br \/>\nQuelle est la distance d\u2019un transfert de Gen\u00e8ve \u00e0 Annecy avec Mercedes E-Class ?<br \/>\nDistance des transferts priv\u00e9s de Gen\u00e8ve \u00e0 Annecy 45 KM par autoroute<\/p>\n<p data-start=\"5779\" data-end=\"6323\">Geneva Ways limousine vous offre la Mercedes-Benz E-Class avec chauffeur priv\u00e9 \u00e0 Gen\u00e8ve &amp; Annecy comme la voiture d\u2019affaires id\u00e9ale pour tous les transferts priv\u00e9s de Gen\u00e8ve vers les montagnes , lorsque vous arrivez transfert de l\u2019a\u00e9roport de Gen\u00e8ve vers votre h\u00f4tel ou chalet \u00e0 Annecy . Nous proposons des transports priv\u00e9s de luxe longue distance en Suisse vers les montagnes des Alpes , navettes a\u00e9roport de Gen\u00e8ve avec E-class , transferts business et priv\u00e9s \u00e0 Gen\u00e8ve ou Annecy . Service limousine \u00e0 Gen\u00e8ve ou Annecy avec Mercedes E-class .<\/p>\n<p data-start=\"6325\" data-end=\"7076\">Mercedes E Class avec chauffeur priv\u00e9 \u00e0 Gen\u00e8ve ou Annecy . Geneva ways limousine . Votre alternative Geneva Taxi vers Annecy est parfaitement adapt\u00e9e aux transferts priv\u00e9s de Gen\u00e8ve \u00e0 Annecy , aux visites touristiques en Suisse et aux transferts entre Gen\u00e8ve &amp; Annecy . \u00e9galement pour le service limousine \u00e0 Gen\u00e8ve &amp; Annecy Cette voiture est un v\u00e9ritable favori au milieu luxe voiture avec chauffeur priv\u00e9 class \u00e0 Gen\u00e8ve , c\u2019est une berline noire, 3 passagers combinant hautes performances et s\u00e9curit\u00e9 absolue. L\u2019E class est certainement s\u00fbre et \u00e9l\u00e9gante pour les voyages ex\u00e9cutifs. L\u2019int\u00e9rieur en cuir confortable, la climatisation, le faible bruit de l\u2019habitacle et le WiFi \u00e0 bord se combinent pour cr\u00e9er une exp\u00e9rience de voyage de premi\u00e8re classe.<\/p>\n<p data-start=\"7078\" data-end=\"7677\">Louer des services de limousine Mercedes E Class \u00e0 Gen\u00e8ve ou Annecy est tr\u00e8s comp\u00e9titif en prix. Nous garantissons une exp\u00e9rience de qualit\u00e9 avec un service fiable. nos chauffeurs \u00e0 Gen\u00e8ve sont professionnels et connaissent les routes qu\u2019ils empruntent comme leur poche . Les chauffeurs priv\u00e9s Mercedes \u00e0 Gen\u00e8ve &amp; Annecy sont capables de vous transf\u00e9rer \u00e0 Annecy en toute s\u00e9curit\u00e9 et s\u00e9curit\u00e9 100%. Notre mission principale est de nous assurer que votre vie priv\u00e9e et votre bien-\u00eatre soient prot\u00e9g\u00e9s . ou si vous avez d\u2019autres questions, appelez-nous simplement \u2013 nous sommes toujours l\u00e0 pour aider.<\/p>\n<p data-start=\"7679\" data-end=\"8176\">R\u00e9servez des transferts priv\u00e9s VIP de Gen\u00e8ve \u00e0 Annecy avec <span style=\"text-decoration: underline;\">Mercedes V-Class<\/span><br \/>\nCombien co\u00fbte un transfert de Gen\u00e8ve \u00e0 Annecy avec Mercedes V-Class ?<br \/>\nPrix des transferts priv\u00e9s de Gen\u00e8ve \u00e0 Annecy commence \u00e0 290 CHF<br \/>\nCombien de temps dure le transfert de Gen\u00e8ve \u00e0 Annecy avec Mercedes V-Class ?<br \/>\nTemps des transferts priv\u00e9s de Gen\u00e8ve \u00e0 Annecy 50 Minutes<br \/>\nQuelle est la distance d\u2019un transfert de Gen\u00e8ve \u00e0 Annecy avec Mercedes V-Class ?<br \/>\nDistance des transferts priv\u00e9s de Gen\u00e8ve \u00e0 Annecy 45 KM par autoroute<\/p>\n<p data-start=\"8178\" data-end=\"9177\">Transferts priv\u00e9s Mercedes V Class de Gen\u00e8ve \u00e0 Annecy , les plus demand\u00e9s surtout pour les transferts priv\u00e9s de Gen\u00e8ve \u00e0 Annecy avec Mecedes V-Class . Capable d\u2019accueillir jusqu\u2019\u00e0 7 passagers , L\u2019espace bagages g\u00e9n\u00e9reux rend ces voitures avec chauffeur plus s\u00fbres \u00c9quip\u00e9es d\u2019un grand coffre , V Class est le choix pour : transferts priv\u00e9s VIP ex\u00e9cutifs et corporate de Gen\u00e8ve \u00e0 Annecy , \u00e9v\u00e9nements sp\u00e9ciaux et road shows , transport familial de Gen\u00e8ve \u00e0 Annecy et \u00e9v\u00e9nements priv\u00e9s sp\u00e9ciaux . Transferts priv\u00e9s de l\u2019a\u00e9roport de Gen\u00e8ve et transferts longue distance vers les montagnes . Con\u00e7ue avec la s\u00e9curit\u00e9 comme premi\u00e8re priorit\u00e9 , V Class est l\u2019un des services de voiture avec chauffeur de Geneva Limousine avec voiture de luxe avec chauffeur \u00e0 Gen\u00e8ve s\u00e9lectionn\u00e9e combinant transport prestigieux avec volume. Peu importe si vous \u00eates une famille ou un groupe, c\u2019est la solution parfaite pour vos voyages ou transferts priv\u00e9s vers Annecy depuis<span style=\"text-decoration: underline;\"> l\u2019a\u00e9roport de Gen\u00e8ve<\/span> dans toutes les directions .<\/p>\n<p data-start=\"9179\" data-end=\"10081\">Avec Geneva ways Limousine les transferts priv\u00e9s de l\u2019a\u00e9roport de Gen\u00e8ve \u00e0 Annecy avec Mercedes Van est l\u2019une de nos meilleures sp\u00e9cialit\u00e9s . Geneva ways Limousine vous propose la Mercedes V-Class avec chauffeur pour vos transferts vers les stations de ski de Gen\u00e8ve ou Zurich . En plus de l\u2019espace pour tous vos passagers, un int\u00e9rieur spacieux et des fonctionnalit\u00e9s pratiques rendent le trajet plus agr\u00e9able. Ces v\u00e9hicules peuvent \u00eatre adapt\u00e9s \u00e0 votre confort et \u00e0 vos besoins. Les portes doubles s\u2019ouvrent largement facilitant le chargement et le d\u00e9chargement. vous pouvez \u00e9galement r\u00e9server votre limousine Mercedes v-Class avec chauffeur priv\u00e9 en ligne de Gen\u00e8ve ou Zurich ou si vous avez d\u2019autres questions, Ce Mercedes V-Class Van vous fera voyager avec tout le confort et le luxe dont vous avez besoin pour r\u00e9ussir votre transfert. appelez-nous simplement \u2013 nous sommes toujours l\u00e0 pour aider.<\/p>\n<p data-start=\"10083\" data-end=\"10580\">R\u00e9servez des transferts priv\u00e9s VIP de Gen\u00e8ve \u00e0 Annecy avec Mercedes S-Class<br \/>\nCombien co\u00fbte un transfert de Gen\u00e8ve \u00e0 Annecy avec Mercedes S-Class ?<br \/>\nPrix des transferts priv\u00e9s de Gen\u00e8ve \u00e0 Annecy commence \u00e0 590 CHF<br \/>\nCombien de temps dure le transfert de Gen\u00e8ve \u00e0 Annecy avec Mercedes S-Class ?<br \/>\nTemps des transferts priv\u00e9s de Gen\u00e8ve \u00e0 Annecy 50 Minutes<br \/>\nQuelle est la distance d\u2019un transfert de Gen\u00e8ve \u00e0 Annecy avec Mercedes S-Class ?<br \/>\nDistance des transferts priv\u00e9s de Gen\u00e8ve \u00e0 Annecy 45 KM par autoroute<\/p>\n<p data-start=\"10582\" data-end=\"11578\">Location Geneva Limousine avec chauffeur Mercedes S-Class \u00e0 Gen\u00e8ve est la voiture id\u00e9ale pour le transport priv\u00e9 longue distance de Gen\u00e8ve \u00e0 Annecy &amp; en Suisse ou pour visiter en Suisse . est la r\u00e9f\u00e9rence du transport de personne \u00e0 Gen\u00e8ve en v\u00e9hicule de luxe vers Annecy . votre limousine de luxe \u00e0 Annecy est avec chauffeur priv\u00e9 . Pour vos voyages priv\u00e9s ou business, d\u00e9couvrez notre Mercedes S Class limousine \u00e0 Gen\u00e8ve &amp; Annecy . Nos chauffeurs priv\u00e9s \u00e0 Gen\u00e8ve vous r\u00e9cup\u00e8rent o\u00f9 vous le souhaitez et vous embarquent \u00e0 bord d\u2019une Mercedes limousine tout option. Le design ext\u00e9rieur chic respire la classe, et l\u2019\u00e9l\u00e9gance de ce v\u00e9hicule ne manquera pas de faire tourner les t\u00eates lorsque vous arriverez \u00e0 votre destination donn\u00e9e. Capable d\u2019accueillir jusqu\u2019\u00e0 trois passagers, la Mercedes S Class est le v\u00e9hicule Geneva ways Limousine avec chauffeur de choix pour nombre de nos voyageurs d\u2019affaires souhaitant louer une limo avec chauffeur \u00e0 Gen\u00e8ve et afficher leur sophistication et leur style.<\/p>\n<p data-start=\"11580\" data-end=\"12872\">R\u00e9servez des transferts priv\u00e9s S-Class de Gen\u00e8ve \u00e0 Annecy Le service de limousine le plus confortable \u00e0 Gen\u00e8ve ou Annecy . En tant que voyageur de loisirs dans les Alpes, le confort de la Mercedes S Class avec chauffeur \u00e0 Gen\u00e8ve est in\u00e9gal\u00e9. Nos chauffeurs, dont la ponctualit\u00e9 et la discr\u00e9tion sont les seuls mots d\u2019ordre, sont \u00e0 votre disposition pour toute demande que vous pourriez avoir. Admirez les paysages et les sons de vos transferts priv\u00e9s de Gen\u00e8ve \u00e0 Annecy depuis votre fauteuil en cuir et ayez confiance en nos chauffeurs professionnels \u00e0 Gen\u00e8ve pour vous transf\u00e9rer de Gen\u00e8ve \u00e0 Annecy de mani\u00e8re s\u00fbre et ponctuelle. avec Geneva Limousine In the luxurieux Mercedes S Class the world is your oyster, et nous sommes impatients de vous aider \u00e0 la d\u00e9couvrir. Le service de limousine le plus confortable \u00e0 Gen\u00e8ve . En tant que voyageur de loisirs en Suisse, le confort de la Mercedes S Class avec chauffeur \u00e0 Gen\u00e8ve est in\u00e9gal\u00e9. Nos chauffeurs, dont la ponctualit\u00e9 et la discr\u00e9tion sont les seuls mots d\u2019ordre, sont \u00e0 votre disposition pour toute demande que vous pourriez avoir. Ce Mercedes S-class vous fera voyager avec tout le confort et le luxe dont vous avez besoin pour r\u00e9ussir votre transfert de Gen\u00e8ve \u00e0 Annecy . appelez-nous simplement \u2013 nous sommes toujours l\u00e0 pour aider.<\/p>\n<p data-start=\"12874\" data-end=\"13371\">R\u00e9servez des transferts priv\u00e9s VIP de Gen\u00e8ve \u00e0 Annecy avec Mercedes Maybach<br \/>\nCombien co\u00fbte un transfert de Gen\u00e8ve \u00e0 Annecy avec Mercedes Maybach ?<br \/>\nPrix des transferts priv\u00e9s de Gen\u00e8ve \u00e0 Annecy commence \u00e0 790 CHF<br \/>\nCombien de temps dure le transfert de Gen\u00e8ve \u00e0 Annecy avec Mercedes Maybach ?<br \/>\nTemps des transferts priv\u00e9s de Gen\u00e8ve \u00e0 Annecy 50 Minutes<br \/>\nQuelle est la distance d\u2019un transfert de Gen\u00e8ve \u00e0 Annecy avec Mercedes Maybach ?<br \/>\nDistance des transferts priv\u00e9s de Gen\u00e8ve \u00e0 Annecy 45 KM par autoroute<\/p>\n<p data-start=\"13373\" data-end=\"14632\">Transferts priv\u00e9s de Gen\u00e8ve \u00e0 Annecy avec Maybach Le service de limousine le plus confortable \u00e0 Gen\u00e8ve . pour vos transferts priv\u00e9s de Gen\u00e8ve ou Annecy . le confort de la Mercedes S 600 avec chauffeur \u00e0 Gen\u00e8ve est in\u00e9gal\u00e9 \u00e0 l\u2019int\u00e9rieur de la Mercedes-Maybach, rien n\u2019a \u00e9t\u00e9 laiss\u00e9 au hasard. Louer une Mercedes S600 Maybach avec chauffeur \u00e0 Gen\u00e8ve ou Annecy ou toute autre Mercedes de luxe avec chauffeur priv\u00e9 en Suisse. Consultez toutes les offres de location avec chauffeur \u00e0 Gen\u00e8ve ou Annecy de Mercedes S-Class Maybach pour des transferts priv\u00e9s de Gen\u00e8ve \u00e0 Annecy , mais aussi avec Geneva ways limousine . vous pouvez r\u00e9server votre voiture de luxe avec chauffeur \u00e0 Gen\u00e8ve ou Zurich en ligne . Vivez des moments uniques de d\u00e9tente avec un int\u00e9rieur compl\u00e8tement con\u00e7u pour votre confort. Louer une voiture VIP avec chauffeur pour vos transferts priv\u00e9s de Gen\u00e8ve \u00e0 Annecy et vivre des moments uniques Distinctive personality and unmistakable design: la limousine Mercedes-Maybach a tout pour vous enchanter. Cette voiture de luxe surprendra vos invit\u00e9s avec ses lignes audacieuses et son \u00e9quipement technologique avanc\u00e9. Laissez-vous s\u00e9duire par l\u2019atmosph\u00e8re VIP exceptionnelle de l\u2019habitacle des passagers, renforc\u00e9e par des garde-temps de grande valeur.<\/p>\n<p data-start=\"14634\" data-end=\"14714\">R\u00e9servez des transferts priv\u00e9s de Gen\u00e8ve \u00e0 Annecy avec Mercedes Sprinter Minibus<br \/>\nCombien co\u00fbte un transfert de Gen\u00e8ve \u00e0 Annecy avec Mercedes Sprinter ?<br \/>\nPrix des transferts priv\u00e9s de Gen\u00e8ve \u00e0 Annecy commence \u00e0 790 CHF<br \/>\nCombien de temps dure le transfert de Gen\u00e8ve \u00e0 Annecy avec Mercedes Sprinter ?<br \/>\nTemps des transferts priv\u00e9s de Gen\u00e8ve \u00e0 Annecy 1h00<br \/>\nQuelle est la distance d\u2019un transfert de Gen\u00e8ve \u00e0 Annecy avec Mercedes Sprinter ?<br \/>\nDistance des transferts priv\u00e9s de Gen\u00e8ve \u00e0 Annecy 45 KM par autoroute<\/p>\n<p data-start=\"15136\" data-end=\"16340\">La meilleure option pour les groupes et les grandes familles Louez le Mercedes Sprinter Minibus avec chauffeur pour des transferts priv\u00e9s de Gen\u00e8ve \u00e0 Annecy ou \u00e9quivalent peut g\u00e9n\u00e9ralement accueillir jusqu\u2019\u00e0 16 passagers. Plus ou moins luxueux selon le mod\u00e8le avec une petite capacit\u00e9 ou bagages, ce v\u00e9hicule est parfait pour transporter entre 8 et 16 invit\u00e9s en one vehicle.there is no better choice for group limo service private transfers from Geneva to Annecy . than Geneva ways Limousine minibus Mercedes with driver in Geneva . Geneva Limousine transfers with minibus Sprinter a your private transfers from Geneva to Annecy We can offer 9, 13, 16 seater , all with reclining luxury seats, panoramic windows and the usual Mercedes-Benz refinements which makes these mini coaches ideal for private transfers from Geneva to Annecy with Mercedes Sprinter , Private transfers from Geneva airport to Annecy Perfect for Weekend and pleasure. It also has a large luggage compartment, making it perfect for airport Geneva transfers to Annecy . Your chauffeur in Geneva or Zurich will meet you on arrival and help you with all your luggage so your Geneva airport pick up to Annecy is seamless and worry free.<\/p>\n<p data-start=\"16342\" data-end=\"16713\">Combien co\u00fbte un transfert de Gen\u00e8ve \u00e0 Annecy en bus ?<br \/>\nPrix des transferts priv\u00e9s de Gen\u00e8ve \u00e0 Annecy commence \u00e0 790 CHF<br \/>\nCombien de temps dure le transfert de Gen\u00e8ve \u00e0 Annecy en bus ?<br \/>\nTemps des transferts priv\u00e9s de Gen\u00e8ve \u00e0 Annecy 1h15<br \/>\nQuelle est la distance d\u2019un transfert de Gen\u00e8ve \u00e0 Annecy en bus ?<br \/>\nDistance des transferts priv\u00e9s de Gen\u00e8ve \u00e0 Annecy 100 KM par autoroute<\/p>\n<p data-start=\"16715\" data-end=\"18043\" data-is-last-node=\"\" data-is-only-node=\"\">R\u00e9servez en ligne vos transferts priv\u00e9s Sprinter Mercedes avec chauffeur de Gen\u00e8ve \u00e0 Annecy en quelques clics, calculez votre prix rapidement et gratuitement pour tous les transferts priv\u00e9s de Gen\u00e8ve \u00e0 Annecy . Service de r\u00e9servation limousine en ligne rapide \u00e0 Gen\u00e8ve ou Zurich vous pouvez v\u00e9rifier tous les prix des transferts priv\u00e9s de Gen\u00e8ve ou Annecy . La pr\u00e9-r\u00e9servation en ligne transferts priv\u00e9s de Gen\u00e8ve \u00e0 Annecy et laissez les professionnels de Geneva Limousine commencer \u00e0 planifier vos transferts priv\u00e9s longue distance en Suisse. Que vous et vos compagnons de voyage essayiez d\u2019explorer la station de ski voisine , le Mercedes Sprinter et votre chauffeur priv\u00e9 \u00e0 Gen\u00e8ve feront la navette de votre groupe de Gen\u00e8ve \u00e0 Annecy dans un confort et une praticit\u00e9 in\u00e9gal\u00e9s. Notre offre r\u00e9pondra \u00e0 vos besoins de transport pour des groupes jusqu\u2019\u00e0 16 personnes. \u00c0 Gen\u00e8ve , ou \u00e0 l\u2019\u00e9tranger, faites le choix de v\u00e9ritables espaces de travail pour vos \u00e9quipes. Cette solution de transport vous offre une place dans laquelle vos invit\u00e9s peuvent se d\u00e9tendre. Nous offrons la location de minibus Mercedes avec chauffeur \u00e0 Gen\u00e8ve ou Annecy , personnalisation con\u00e7ue pour des groupes de 9 personnes ou plus. Choisissez Geneva ways limousine service haut de gamme. Veuillez nous contacter pour toute question que vous pourriez avoir.<\/p>\n<p>[\/vc_column_text][\/vc_column][\/vc_row][vc_row][vc_column][vc_empty_space height=&#8221;70px&#8221;][\/vc_column][\/vc_row]<\/p>\n<\/div>","protected":false},"excerpt":{"rendered":"<p>[vc_row type=&#8221;full_width_section&#8221;][vc_column][vc_single_image image=&#8221;3064&#8243; img_size=&#8221;full&#8221; alignment=&#8221;center&#8221;][vc_column_text] Transferts priv\u00e9s de l\u2019a\u00e9roport de Gen\u00e8ve vers Annecy . Obtenir votre transfert priv\u00e9 vers Annecy depuis l\u2019a\u00e9roport de Gen\u00e8ve avec Geneva Limousine . Les transferts de Gen\u00e8ve \u00e0 Annecy peuvent \u00eatre r\u00e9serv\u00e9s facilement. Combien co\u00fbte un transfert de Gen\u00e8ve \u00e0 Annecy ? Le prix des transferts priv\u00e9s de Gen\u00e8ve \u00e0<\/p>\n","protected":false},"author":4,"featured_media":0,"parent":0,"menu_order":0,"comment_status":"closed","ping_status":"closed","template":"","meta":{"footnotes":""},"class_list":["post-3246","page","type-page","status-publish","hentry"],"_links":{"self":[{"href":"https:\/\/genevaways.com\/fr\/wp-json\/wp\/v2\/pages\/3246","targetHints":{"allow":["GET"]}}],"collection":[{"href":"https:\/\/genevaways.com\/fr\/wp-json\/wp\/v2\/pages"}],"about":[{"href":"https:\/\/genevaways.com\/fr\/wp-json\/wp\/v2\/types\/page"}],"author":[{"embeddable":true,"href":"https:\/\/genevaways.com\/fr\/wp-json\/wp\/v2\/users\/4"}],"replies":[{"embeddable":true,"href":"https:\/\/genevaways.com\/fr\/wp-json\/wp\/v2\/comments?post=3246"}],"version-history":[{"count":26,"href":"https:\/\/genevaways.com\/fr\/wp-json\/wp\/v2\/pages\/3246\/revisions"}],"predecessor-version":[{"id":7104,"href":"https:\/\/genevaways.com\/fr\/wp-json\/wp\/v2\/pages\/3246\/revisions\/7104"}],"wp:attachment":[{"href":"https:\/\/genevaways.com\/fr\/wp-json\/wp\/v2\/media?parent=3246"}],"curies":[{"name":"wp","href":"https:\/\/api.w.org\/{rel}","templated":true}]}}