{"id":3714,"date":"2024-10-17T11:00:13","date_gmt":"2024-10-17T09:00:13","guid":{"rendered":"https:\/\/genevaways.com\/aiglon-college\/"},"modified":"2026-01-31T03:49:47","modified_gmt":"2026-01-31T02:49:47","slug":"aiglon-college","status":"publish","type":"page","link":"https:\/\/genevaways.com\/fr\/aiglon-college\/","title":{"rendered":"Aiglon College"},"content":{"rendered":"<div class=\"wpb-content-wrapper\"><p>[vc_row][vc_column][vc_single_image image=&#8221;5428&#8243; img_size=&#8221;full&#8221; alignment=&#8221;center&#8221;]<h3 class=\"center-title\">Transfer from Geneva Aiglon College<\/h3><div class=\"title-block2\"><\/div>[\/vc_column][\/vc_row][vc_row][vc_column][vc_column_text]<\/p>\n<h3>Service de transfert de luxe de l&#8217;a\u00e9roport de Gen\u00e8ve \u00e0 Aiglon College<\/h3>\n<p><strong>Quel est le co\u00fbt d\u2019un transfert de Gen\u00e8ve vers Aiglon College ?<\/strong><br data-start=\"229\" data-end=\"232\" \/>Le transfert priv\u00e9 de Gen\u00e8ve vers Aiglon College commence \u00e0 partir de 580 CHF<br \/>\n<br data-start=\"309\" data-end=\"312\" \/><strong>Combien de temps dure le transfert de Gen\u00e8ve vers Aiglon College ?<\/strong><br data-start=\"378\" data-end=\"381\" \/>Temps du transfert priv\u00e9 de Gen\u00e8ve vers Aiglon College : 1h45<br \/>\n<br data-start=\"442\" data-end=\"445\" \/><strong>Quelle est la distance entre Gen\u00e8ve et Aiglon College ?<\/strong><br data-start=\"500\" data-end=\"503\" \/>Distance du transfert priv\u00e9 de Gen\u00e8ve vers Aiglon College : 122 km<\/p>\n<p><a href=\"https:\/\/www.gva.ch\/en\/\" target=\"_blank\" rel=\"noopener\">L\u2019a\u00e9roport de Gen\u00e8ve<\/a> est la porte d\u2019entr\u00e9e vers certaines des stations de ski les plus renomm\u00e9es des Alpes fran\u00e7aises, notamment le charmant village de La Clusaz. Que vous voyagiez pour une escapade relaxante en montagne ou une aventure de ski palpitante, notre service de transfert de luxe garantit un trajet fluide, confortable et \u00e9l\u00e9gant jusqu\u2019\u00e0 votre destination. Nous proposons \u00e9galement un transfert de Gen\u00e8ve vers <a href=\"https:\/\/www.aiglon.ch\/\" target=\"_blank\" rel=\"noopener\">Aiglon College<\/a> pour ceux qui recherchent un transport li\u00e9 \u00e0 l\u2019\u00e9ducation. Notre flotte comprend des mod\u00e8les Mercedes haut de gamme : Classe S, Classe E, Classe V et un Sprinter de 16 passagers, chacun con\u00e7u pour offrir un haut niveau de confort et de praticit\u00e9. Voici ce que vous pouvez attendre de notre service professionnel et de nos options de flotte.<\/p>\n<hr \/>\n<h3>Pourquoi choisir notre service de transfert ?<\/h3>\n<p>Avec notre service de transfert de luxe, vous b\u00e9n\u00e9ficiez d\u2019une exp\u00e9rience de voyage premium d\u00e8s votre arriv\u00e9e \u00e0 l\u2019a\u00e9roport de Gen\u00e8ve. Nous ne proposons pas seulement un moyen de transport ; nous offrons un trajet exceptionnel qui allie confort, style et commodit\u00e9. Nous comprenons l\u2019importance d\u2019un transfert fiable de Gen\u00e8ve vers Aiglon College, en particulier pour les familles et les \u00e9tudiants.<\/p>\n<hr \/>\n<h3>Principaux avantages de notre service de transfert :<\/h3>\n<ol>\n<li><strong>Chauffeurs professionnels<\/strong> : Nos chauffeurs sont form\u00e9s pour offrir un service courtois, discret et efficace. Familiaris\u00e9s avec l\u2019itin\u00e9raire vers Aiglon College et les environs, ils accordent une priorit\u00e9 absolue \u00e0 votre s\u00e9curit\u00e9 et \u00e0 votre confort. Ils sont \u00e9galement exp\u00e9riment\u00e9s pour assurer un transfert fluide de Gen\u00e8ve vers Aiglon College.<\/li>\n<li><strong>Ponctualit\u00e9 et fiabilit\u00e9<\/strong> : Nous comprenons l\u2019importance du temps, notamment lorsqu\u2019il s\u2019agit de prendre un vol ou d\u2019arriver rapidement sur les pistes. Nos chauffeurs suivent votre vol en cas de retard afin de garantir une prise en charge ponctuelle, que ce soit pour votre s\u00e9jour au ski ou votre transfert de l\u2019a\u00e9roport de Gen\u00e8ve vers Aiglon College.<\/li>\n<li><strong>Flotte de luxe<\/strong> : Nous entretenons une gamme de v\u00e9hicules Mercedes haut de gamme afin de r\u00e9pondre \u00e0 diff\u00e9rents besoins, des voyageurs seuls aux groupes plus importants, que vous partiez vers les Alpes ou que vous ayez besoin d\u2019un transfert de Gen\u00e8ve vers Aiglon College.<\/li>\n<li><strong>Service porte-\u00e0-porte<\/strong> : \u00c9vitez les contraintes des transports publics ou de la location de v\u00e9hicule. Nous assurons un service direct depuis l\u2019a\u00e9roport de Gen\u00e8ve jusqu\u2019\u00e0 votre h\u00e9bergement \u00e0 Aiglon College, et proposons \u00e9galement un transfert d\u00e9di\u00e9 de Gen\u00e8ve vers Aiglon College.<\/li>\n<\/ol>\n<hr \/>\n<h3>Notre flotte<\/h3>\n<p>Nous proposons une s\u00e9lection de v\u00e9hicules de luxe adapt\u00e9s \u00e0 votre style de voyage et \u00e0 la taille de votre groupe. Chaque v\u00e9hicule est soigneusement entretenu et \u00e9quip\u00e9 d\u2019\u00e9quipements haut de gamme pour un trajet relaxant, que vous voyagiez vers Aiglon College ou que vous organisiez un transfert de Gen\u00e8ve vers Aiglon College.<\/p>\n<h4>Mercedes Classe S \u2013 Le summum du luxe<\/h4>\n<p>La <span style=\"text-decoration: underline; color: #000000;\">Mercedes Classe S<\/span> d\u00e9finit les standards du voyage de luxe. Ce mod\u00e8le est id\u00e9al pour les voyageurs en qu\u00eate d\u2019un confort et d\u2019une sophistication absolus. Avec son int\u00e9rieur \u00e9l\u00e9gant, ses technologies avanc\u00e9es et son espace g\u00e9n\u00e9reux, la <span style=\"text-decoration: underline;\">Classe S<\/span> promet une exp\u00e9rience de voyage in\u00e9gal\u00e9e.<\/p>\n<ul>\n<li><strong>Caract\u00e9ristiques<\/strong> :\n<ul>\n<li>Si\u00e8ges en cuir luxueux avec fonctions massage et chauffage<\/li>\n<li>\u00c9clairage d\u2019ambiance r\u00e9glable pour une atmosph\u00e8re relaxante<\/li>\n<li>Syst\u00e8me audio haut de gamme pour une exp\u00e9rience sonore premium<\/li>\n<li>Climatisation garantissant une temp\u00e9rature id\u00e9ale tout au long du trajet<\/li>\n<\/ul>\n<\/li>\n<\/ul>\n<ul>\n<li><strong>Recommand\u00e9 pour : <\/strong>Voyageurs seuls, cadres dirigeants ou couples recherchant un transfert de luxe ultime, y compris un transfert de Gen\u00e8ve vers Aiglon College.<\/li>\n<\/ul>\n<h4>Mercedes Classe E \u2013 Confort et \u00e9l\u00e9gance<\/h4>\n<p>La Mercedes Classe E repr\u00e9sente l\u2019\u00e9quilibre parfait entre luxe et praticit\u00e9. Ce v\u00e9hicule offre une option \u00e9l\u00e9gante et abordable pour ceux qui souhaitent un transfert raffin\u00e9 de Gen\u00e8ve vers La Clusaz ou un transfert fiable de <span style=\"text-decoration: underline;\">l\u2019a\u00e9roport de Gen\u00e8ve<\/span> vers Aiglon College. Gr\u00e2ce \u00e0 son design \u00e9l\u00e9gant et \u00e0 sa conduite fluide, la Classe E convient aussi bien aux d\u00e9placements personnels que professionnels.<\/p>\n<ul>\n<li><strong>Caract\u00e9ristiques<\/strong> :\n<ul>\n<li>Si\u00e8ges en cuir confortables avec dossiers r\u00e9glables<\/li>\n<li>Climatisation adapt\u00e9e aux conditions m\u00e9t\u00e9orologiques de montagne<\/li>\n<li>Espace de coffre g\u00e9n\u00e9reux pour les bagages ou l\u2019\u00e9quipement de ski<\/li>\n<li>Int\u00e9rieur moderne et \u00e9pur\u00e9 avec syst\u00e8me d\u2019infodivertissement avanc\u00e9<\/li>\n<\/ul>\n<\/li>\n<\/ul>\n<ul>\n<li><strong>Recommand\u00e9 pour :<\/strong> Petites familles, voyageurs individuels ou professionnels recherchant confort et praticit\u00e9 sans compromis sur le style, que ce soit pour rejoindre les pistes ou pour un transfert de Gen\u00e8ve vers Aiglon College.<\/li>\n<\/ul>\n<h4>Mercedes Classe V \u2013 Id\u00e9ale pour les familles et les petits groupes<\/h4>\n<p><strong>Quel est le co\u00fbt d\u2019un transfert de Gen\u00e8ve vers Aiglon College en van ?<\/strong><br data-start=\"5410\" data-end=\"5413\" \/>Le transfert priv\u00e9 de Gen\u00e8ve vers Aiglon College commence \u00e0 partir de 640 CHF<br data-start=\"5490\" data-end=\"5493\" \/><strong>Combien de temps dure le transfert de Gen\u00e8ve vers Aiglon College en van ?<\/strong><br data-start=\"5566\" data-end=\"5569\" \/>Temps du transfert priv\u00e9 de Gen\u00e8ve vers Aiglon College : 1h45<br data-start=\"5630\" data-end=\"5633\" \/><strong>Quelle est la distance entre Gen\u00e8ve et Aiglon College en van ?<\/strong><br data-start=\"5695\" data-end=\"5698\" \/>Distance du transfert priv\u00e9 de Gen\u00e8ve vers Aiglon College : 122 km<\/p>\n<p>La Mercedes Classe V offre des si\u00e8ges spacieux et un grand espace pour les bagages, ce qui en fait un choix tr\u00e8s appr\u00e9ci\u00e9 des familles ou des groupes se rendant dans les Alpes. Avec des si\u00e8ges confortables pour jusqu\u2019\u00e0 sept passagers, la Classe V permet de voyager ensemble avec aisance et \u00e9l\u00e9gance. Elle est \u00e9galement id\u00e9ale pour les groupes ayant besoin d\u2019un transfert de<span style=\"text-decoration: underline;\"> l\u2019a\u00e9roport de Gen\u00e8ve<\/span> vers Aiglon College.<\/p>\n<ul>\n<li><strong>Caract\u00e9ristiques<\/strong> :\n<ul>\n<li>Configuration modulable des si\u00e8ges avec espace pour jusqu\u2019\u00e0 sept passagers<\/li>\n<li>Grand espace pour les \u00e9quipements sportifs, y compris le mat\u00e9riel de ski<\/li>\n<li>Syst\u00e8me de divertissement int\u00e9gr\u00e9 pour occuper les passagers pendant le trajet<\/li>\n<li>Climatisation pour un voyage confortable quelles que soient les conditions m\u00e9t\u00e9orologiques<\/li>\n<\/ul>\n<\/li>\n<\/ul>\n<ul>\n<li><strong>Recommand\u00e9 pour :<\/strong> Familles, amis ou petits groupes voyageant avec du mat\u00e9riel de ski ou plusieurs bagages, ainsi que pour ceux ayant besoin d\u2019un transfert de Gen\u00e8ve vers Aiglon College.<\/li>\n<\/ul>\n<h4>Mercedes Sprinter \u2013 Parfait pour les grands groupes<\/h4>\n<p>Le Mercedes Sprinter est un choix id\u00e9al pour les groupes plus importants, pouvant accueillir confortablement jusqu\u2019\u00e0 16 passagers. Ce v\u00e9hicule spacieux permet \u00e0 l\u2019ensemble de votre groupe de voyager ensemble, offrant une solution pratique et agr\u00e9able pour les d\u00e9placements en groupe. Le Sprinter dispose de beaucoup d\u2019espace pour les jambes et les bagages, garantissant un trajet confortable \u00e0 chaque passager. Il est particuli\u00e8rement adapt\u00e9 pour un transfert de groupe de Gen\u00e8ve vers Aiglon College.<\/p>\n<ul>\n<li><strong>Caract\u00e9ristiques<\/strong> :\n<ul>\n<li>Places assises pour jusqu\u2019\u00e0 16 passagers, avec si\u00e8ges individuels pour plus de confort<\/li>\n<li>Compartiment \u00e0 bagages extra-large pour tout l\u2019\u00e9quipement et les valises<\/li>\n<li>Syst\u00e8me audio et de divertissement de haute qualit\u00e9 pour les longs trajets<\/li>\n<li>Climatisation assurant le confort de tous les passagers<\/li>\n<\/ul>\n<\/li>\n<\/ul>\n<ul>\n<li><strong>Recommand\u00e9 pour :<\/strong> Grandes familles, groupes d\u2019amis, \u00e9v\u00e9nements d\u2019entreprise ou groupes de ski, ainsi que pour ceux recherchant un transfert de Gen\u00e8ve vers Aiglon College.<\/li>\n<\/ul>\n<hr \/>\n<h3>\u00c0 quoi s\u2019attendre avec notre service de transfert depuis l\u2019a\u00e9roport de Gen\u00e8ve<\/h3>\n<p>Notre service de transfert de luxe depuis l\u2019a\u00e9roport de Gen\u00e8ve vers La Clusaz est con\u00e7u pour r\u00e9pondre \u00e0 tous vos besoins de voyage avec un haut niveau de soin et de professionnalisme. Lorsque vous r\u00e9servez un transfert de Gen\u00e8ve vers Aiglon College, vous pouvez vous attendre \u00e0 :<\/p>\n<ol>\n<li data-start=\"7947\" data-end=\"8201\">\n<p data-start=\"7950\" data-end=\"8201\"><strong>Processus de r\u00e9servation simple<\/strong> : Nous proposons un syst\u00e8me de r\u00e9servation en ligne simplifi\u00e9, vous permettant de choisir votre v\u00e9hicule et de planifier votre transfert \u00e0 l\u2019avance, que ce soit vers La Clusaz ou un transfert de Gen\u00e8ve \u00e0 Aiglon College.<\/p>\n<\/li>\n<li data-start=\"8202\" data-end=\"8456\">\n<p data-start=\"8205\" data-end=\"8456\"><strong>Service personnalis\u00e9<\/strong> : Nos chauffeurs vous accueillent dans la zone d\u2019arriv\u00e9e, vous aident avec vos bagages et vous donnent des informations sur le trajet, que vous partiez en montagne ou que vous ayez besoin d\u2019un transfert de Gen\u00e8ve \u00e0 Aiglon College.<\/p>\n<\/li>\n<li data-start=\"8457\" data-end=\"8787\">\n<p data-start=\"8460\" data-end=\"8787\"><strong>Itin\u00e9raire panoramique vers Aiglon Colleg<\/strong>e : Le trajet de l\u2019a\u00e9roport de Gen\u00e8ve \u00e0 La Clusaz offre des vues \u00e0 couper le souffle sur les Alpes, rendant votre voyage aussi agr\u00e9able que la destination elle-m\u00eame. Pour ceux qui organisent un transfert de Gen\u00e8ve \u00e0 Aiglon College, les paysages pittoresques ajoutent \u00e0 votre exp\u00e9rience.<\/p>\n<\/li>\n<li data-start=\"8788\" data-end=\"8949\">\n<p data-start=\"8791\" data-end=\"8949\"><strong>Horaires flexibles<\/strong> : Que vous arriviez t\u00f4t le matin ou tard le soir, notre service fonctionne 24h\/24 pour vous assurer d\u2019atteindre Aiglon College sans retard.<\/p>\n<\/li>\n<\/ol>\n<hr \/>\n<h3>L\u2019itin\u00e9raire : A\u00e9roport de Gen\u00e8ve \u2013 Aiglon College<\/h3>\n<p>L\u2019itin\u00e9raire de l\u2019a\u00e9roport de Gen\u00e8ve \u00e0 La Clusaz prend environ une heure et trente minutes, sur une distance d\u2019environ 70 kilom\u00e8tres. Nos chauffeurs connaissent bien le terrain et les conditions locales, garantissant un trajet fluide et s\u00fbr sur les routes de montagne. Nous priorisons votre s\u00e9curit\u00e9 et votre confort, en prenant en charge tous les aspects du trajet afin que vous puissiez vous d\u00e9tendre, vous relaxer et profiter de la route panoramique, qu\u2019il s\u2019agisse d\u2019un transfert de Gen\u00e8ve \u00e0 Aiglon College.<\/p>\n<hr \/>\n<h3>Autour d\u2019Aiglon College<\/h3>\n<p>Situ\u00e9 \u00e0 Chesi\u00e8res, Aiglon College se trouve au c\u0153ur de la zone alpine \u00e9largie de <a href=\"https:\/\/genevaways.com\/fr\/villars-sur-ollon\/\"><span style=\"text-decoration: underline;\">Villars-sur-Ollon<\/span><\/a>, ce qui rend les environs particuli\u00e8rement pratiques pour les familles et les \u00e9tudiants en visite qui souhaitent un cadre de montagne calme avec un acc\u00e8s facile aux activit\u00e9s saisonni\u00e8res. Villars propose des options pratiques \u201cautour du campus\u201d : points de vue panoramiques, randonn\u00e9es faciles et installations hivernales \u2014 sans avoir besoin d\u2019un long d\u00e9tour, et le guide officiel de la destination constitue une r\u00e9f\u00e9rence fiable pour comprendre ce qui est disponible tout au long de l\u2019ann\u00e9e : <a class=\"decorated-link\" href=\"https:\/\/www.alpesvaudoises.ch\/en\/Z12\/villars\/destination-villars\" target=\"_new\" rel=\"noopener\" data-start=\"10126\" data-end=\"10190\">https:\/\/www.alpesvaudoises.ch\/en\/Z12\/villars\/destination-villars<\/a>.<\/p>\n<hr \/>\n<h3>Avantages de la r\u00e9servation \u00e0 l\u2019avance<\/h3>\n<p data-start=\"10227\" data-end=\"10317\">R\u00e9server \u00e0 l\u2019avance votre transfert de Gen\u00e8ve \u00e0 Aiglon College offre plusieurs avantages :<\/p>\n<ol data-start=\"10319\" data-end=\"11018\">\n<li data-start=\"10319\" data-end=\"10502\">\n<p data-start=\"10322\" data-end=\"10502\"><strong>Disponibilit\u00e9 garantie<\/strong> : En r\u00e9servant votre v\u00e9hicule t\u00f4t, vous vous assurez que votre mod\u00e8le pr\u00e9f\u00e9r\u00e9 est disponible \u00e0 votre arriv\u00e9e pour votre transfert de Gen\u00e8ve \u00e0 Aiglon College.<\/p>\n<\/li>\n<li data-start=\"10503\" data-end=\"10736\">\n<p data-start=\"10506\" data-end=\"10736\"><strong>Prix fixe<\/strong> : \u00c9vitez les majorations ou les frais inattendus en r\u00e9servant \u00e0 l\u2019avance. Nos tarifs sont transparents et fix\u00e9s au moment de la r\u00e9servation, que vous vous rendiez \u00e0 La Clusaz ou \u00e0 un transfert de Gen\u00e8ve \u00e0 Aiglon College.<\/p>\n<\/li>\n<li data-start=\"10737\" data-end=\"11018\">\n<p data-start=\"10740\" data-end=\"11018\"><strong>Tranquillit\u00e9 d\u2019esprit<\/strong> : Apr\u00e8s un long vol, la derni\u00e8re chose dont vous avez envie est d\u2019organiser un transport. Avec notre service pr\u00e9-r\u00e9serv\u00e9, tout est planifi\u00e9, et un chauffeur sera pr\u00eat \u00e0 vous accueillir pour votre s\u00e9jour au ski et votre transfert de Gen\u00e8ve \u00e0 Aiglon College.<\/p>\n<\/li>\n<\/ol>\n<hr \/>\n<h3>Choisissez la meilleure option de transfert pour votre voyage<\/h3>\n<p data-start=\"11070\" data-end=\"11486\">Que vous recherchiez le luxe de la Mercedes S-Class, l\u2019\u00e9l\u00e9gance pratique de l\u2019E-Class, le confort spacieux de la V-Class ou le Sprinter adapt\u00e9 aux groupes, notre flotte propose une option pour r\u00e9pondre \u00e0 vos besoins. Chaque v\u00e9hicule est choisi pour offrir le plus haut niveau de confort, de style et d\u2019efficacit\u00e9 pour le trajet panoramique depuis l\u2019a\u00e9roport de Gen\u00e8ve, un transfert fiable de Gen\u00e8ve \u00e0 Aiglon College.<\/p>\n<p data-start=\"11488\" data-end=\"11873\" data-is-last-node=\"\" data-is-only-node=\"\">Notre service de transfert est bien plus qu\u2019un simple trajet ; c\u2019est le d\u00e9but de votre exp\u00e9rience alpine, vous permettant de commencer votre voyage avec style et d\u00e9tente. R\u00e9servez d\u00e8s aujourd\u2019hui votre transfert de Gen\u00e8ve \u00e0 Aiglon College, ou organisez votre transfert de Gen\u00e8ve \u00e0 La Clusaz, et laissez-nous prendre en charge votre voyage vers l\u2019une des plus belles stations des Alpes.<\/p>\n<p>[\/vc_column_text][vc_empty_space height=&#8221;70px&#8221;][\/vc_column][\/vc_row][vc_row type=&#8221;full_width_section&#8221;][vc_column width=&#8221;1\/3&#8243;][\/vc_column][vc_column width=&#8221;1\/3&#8243;][\/vc_column][vc_column width=&#8221;1\/3&#8243;][\/vc_column][\/vc_row]<\/p>\n<\/div>","protected":false},"excerpt":{"rendered":"<p>[vc_row][vc_column][vc_single_image image=&#8221;5428&#8243; img_size=&#8221;full&#8221; alignment=&#8221;center&#8221;][\/vc_column][\/vc_row][vc_row][vc_column][vc_column_text] Service de transfert de luxe de l&#8217;a\u00e9roport de Gen\u00e8ve \u00e0 Aiglon College Quel est le co\u00fbt d\u2019un transfert de Gen\u00e8ve vers Aiglon College ?Le transfert priv\u00e9 de Gen\u00e8ve vers Aiglon College commence \u00e0 partir de 580 CHF Combien de temps dure le transfert de Gen\u00e8ve vers Aiglon College ?Temps du transfert<\/p>\n","protected":false},"author":4,"featured_media":0,"parent":0,"menu_order":0,"comment_status":"closed","ping_status":"closed","template":"","meta":{"footnotes":""},"class_list":["post-3714","page","type-page","status-publish","hentry"],"_links":{"self":[{"href":"https:\/\/genevaways.com\/fr\/wp-json\/wp\/v2\/pages\/3714","targetHints":{"allow":["GET"]}}],"collection":[{"href":"https:\/\/genevaways.com\/fr\/wp-json\/wp\/v2\/pages"}],"about":[{"href":"https:\/\/genevaways.com\/fr\/wp-json\/wp\/v2\/types\/page"}],"author":[{"embeddable":true,"href":"https:\/\/genevaways.com\/fr\/wp-json\/wp\/v2\/users\/4"}],"replies":[{"embeddable":true,"href":"https:\/\/genevaways.com\/fr\/wp-json\/wp\/v2\/comments?post=3714"}],"version-history":[{"count":56,"href":"https:\/\/genevaways.com\/fr\/wp-json\/wp\/v2\/pages\/3714\/revisions"}],"predecessor-version":[{"id":7101,"href":"https:\/\/genevaways.com\/fr\/wp-json\/wp\/v2\/pages\/3714\/revisions\/7101"}],"wp:attachment":[{"href":"https:\/\/genevaways.com\/fr\/wp-json\/wp\/v2\/media?parent=3714"}],"curies":[{"name":"wp","href":"https:\/\/api.w.org\/{rel}","templated":true}]}}