{"id":3727,"date":"2024-10-17T11:00:15","date_gmt":"2024-10-17T09:00:15","guid":{"rendered":"https:\/\/genevaways.com\/courchevel\/"},"modified":"2026-01-31T04:05:05","modified_gmt":"2026-01-31T03:05:05","slug":"courchevel","status":"publish","type":"page","link":"https:\/\/genevaways.com\/fr\/courchevel\/","title":{"rendered":"Transfert de Gen\u00e8ve \u00e0 Courchevel"},"content":{"rendered":"<div class=\"wpb-content-wrapper\"><p>[vc_row type=&#8221;full_width_section&#8221;][vc_column]<h3 class=\"center-title\">Transfert de l&#8217;a\u00e9roport de Gen\u00e8ve \u00e0 Courchevel<\/h3><div class=\"title-block2\"><\/div>[vc_column_text]<\/p>\n<hr \/>\n<h1>Transfert de l&#8217;a\u00e9roport de Gen\u00e8ve \u00e0 Courchevel avec Mercedes : Confort et Luxe Garantis<\/h1>\n<p>Courchevel, station embl\u00e9matique des Alpes fran\u00e7aises, est une destination incontournable pour les amateurs de ski et de luxe. Pour les voyageurs arrivant \u00e0 l&#8217;a\u00e9roport de Gen\u00e8ve, un service de transfert haut de gamme est essentiel pour d\u00e9buter leur s\u00e9jour sous les meilleurs auspices. D\u00e9couvrez les diff\u00e9rentes options de transfert en v\u00e9hicules Mercedes, adapt\u00e9es \u00e0 vos besoins et pr\u00e9f\u00e9rences.<\/p>\n<table>\n<thead>\n<tr>\n<th>Type de v\u00e9hicule<\/th>\n<th>Prix (CHF)<\/th>\n<th>Transfert de Geneve Aeroport pour Courchevel<\/th>\n<\/tr>\n<\/thead>\n<tbody>\n<tr>\n<td>Mercedes E-Class<\/td>\n<td>650 CHF<\/td>\n<td>Dur\u00e9e du trajet environ 2,5 \u2013 3 heures \u2022 Prix incluant accueil \u00e0 l\u2019a\u00e9roport<\/td>\n<\/tr>\n<tr>\n<td>Mercedes V-Class<\/td>\n<td>690 CHF<\/td>\n<td>Id\u00e9al pour les familles ou petits groupes \u2022 Bagages inclus<\/td>\n<\/tr>\n<tr>\n<td>Mercedes S-Class<\/td>\n<td>890 CHF<\/td>\n<td>Confort et luxe maximum \u2022 Accueil VIP \u00e0 l\u2019a\u00e9roport<\/td>\n<\/tr>\n<tr>\n<td>Minibus 16 places<\/td>\n<td>1290 CHF<\/td>\n<td>Parfait pour les grands groupes touristiques \u2022 Inclut passagers et bagages<\/td>\n<\/tr>\n<\/tbody>\n<\/table>\n<p><strong>Combien co\u00fbte un transfert de Gen\u00e8ve \u00e0 Courchevel ? <img loading=\"lazy\" decoding=\"async\" class=\"alignright wp-image-5359\" src=\"https:\/\/genevaways.com\/wp-content\/uploads\/2025\/05\/Transfer-From-Geneva-to-Courchevel-VIP-Van-1024x768.jpeg\" alt=\"Transfer-From-Geneva-to-Courchevel Van.\" width=\"500\" height=\"375\" srcset=\"https:\/\/genevaways.com\/wp-content\/uploads\/2025\/05\/Transfer-From-Geneva-to-Courchevel-VIP-Van-1024x768.jpeg 1024w, https:\/\/genevaways.com\/wp-content\/uploads\/2025\/05\/Transfer-From-Geneva-to-Courchevel-VIP-Van-300x225.jpeg 300w, https:\/\/genevaways.com\/wp-content\/uploads\/2025\/05\/Transfer-From-Geneva-to-Courchevel-VIP-Van-768x576.jpeg 768w, https:\/\/genevaways.com\/wp-content\/uploads\/2025\/05\/Transfer-From-Geneva-to-Courchevel-VIP-Van-1536x1152.jpeg 1536w, https:\/\/genevaways.com\/wp-content\/uploads\/2025\/05\/Transfer-From-Geneva-to-Courchevel-VIP-Van-100x75.jpeg 100w, https:\/\/genevaways.com\/wp-content\/uploads\/2025\/05\/Transfer-From-Geneva-to-Courchevel-VIP-Van.jpeg 2048w\" sizes=\"auto, (max-width: 500px) 100vw, 500px\" \/><\/strong><br \/>\n<strong>Le prix des transferts priv\u00e9s de Gen\u00e8ve \u00e0 Courchevel Prix \u00e0 partir de 650 CHF<\/strong><br \/>\n<strong>Combien de temps dure le transfert de Gen\u00e8ve \u00e0 Courchevel ?<\/strong><br \/>\n<strong>Transferts priv\u00e9s de Gen\u00e8ve \u00e0 Courchevel Dur\u00e9e 2 h15<\/strong><br \/>\n<strong>Quelle est la distance d&#8217;un transfert de Gen\u00e8ve \u00e0 Courchevel ?<\/strong><br \/>\n<strong>Transferts priv\u00e9s de Gen\u00e8ve \u00e0 Courchevel distance 190 KM par autoroute<\/strong><br \/>\n<strong>Transferts priv\u00e9s de Gen\u00e8ve \u00e0 Courchevel distance 145 KM par Annecy<\/strong><\/p>\n<hr \/>\n<h2>Transfert de l&#8217;a\u00e9roport de Gen\u00e8ve \u00e0 Courchevel avec Mercedes E Class<\/h2>\n<p><strong>Combien co\u00fbte un transfert de Gen\u00e8ve \u00e0 Courchevel avec Mercedes Classe E ?<\/strong><br \/>\n<strong>Prix pour les transferts priv\u00e9s de Gen\u00e8ve \u00e0 Courchevel Prix \u00e0 partir de 650 CHF<\/strong><br \/>\n<strong>Combien de temps dure le transfert de Gen\u00e8ve \u00e0 Courchevel avec Mercedes Classe E ?<\/strong><br \/>\n<strong>Transferts priv\u00e9s de Gen\u00e8ve \u00e0 Courchevel Dur\u00e9e 2 h15<\/strong><br \/>\n<strong>Quelle est la distance d&#8217;un transfert de Gen\u00e8ve \u00e0 Courchevel avec Mercedes Classe E ?<\/strong><br \/>\n<strong>Transferts priv\u00e9s de Gen\u00e8ve \u00e0 Courchevel distance 190 KM par autoroute<\/strong><br \/>\n<strong>Transferts priv\u00e9s de Gen\u00e8ve \u00e0 Courchevel distance 145 KM par Annecy<\/strong><\/p>\n<p>Le <strong>transfert de <a href=\"https:\/\/www.gva.ch\/en\/\" target=\"_blank\" rel=\"noopener\">l&#8217;a\u00e9roport de Gen\u00e8ve<\/a> \u00e0 Courchevel avec Mercedes E Class<\/strong> est une option id\u00e9ale pour ceux qui recherchent l&#8217;\u00e9l\u00e9gance et le confort En outre La Mercedes E Class offre un int\u00e9rieur spacieux, des si\u00e8ges ergonomiques en cuir, et des technologies avanc\u00e9es pour un voyage en toute s\u00e9r\u00e9nit\u00e9.<\/p>\n<p><strong>Transfert de l&#8217;a\u00e9roport de Gen\u00e8ve \u00e0 Courchevel avec Mercedes E Class<\/strong>, ce choix combine confort et performance En outre avec un syst\u00e8me de navigation GPS int\u00e9gr\u00e9 et une suspension de pointe qui garantit une conduite fluide. Le <strong>transfert de l&#8217;a\u00e9roport de Gen\u00e8ve \u00e0 Courchevel avec Mercedes E Class<\/strong> est parfait pour les voyageurs exigeants.<\/p>\n<p><strong>Combien co\u00fbte un transfert de Courchevel \u00e0 Gen\u00e8ve ?<\/strong><br \/>\n<strong>Transferts priv\u00e9s de Courchevel \u00e0 Gen\u00e8ve Prix \u00e0 partir de 650 CHF.<\/strong><br \/>\n<strong>Quelle est la distance d&#8217;un transfert de Courchevel \u00e0 Gen\u00e8ve ?<\/strong><br \/>\n<strong>Transferts priv\u00e9s de Courchevel \u00e0 Gen\u00e8ve Dur\u00e9e 2 h15<\/strong><br \/>\n<strong>Combien de temps dure le transfert de Courchevel \u00e0 Gen\u00e8ve ?<\/strong><br \/>\n<strong>Transferts priv\u00e9s de Courchevel \u00e0 Gen\u00e8ve distance 190 KM par autoroute<\/strong><br \/>\n<strong>Transferts priv\u00e9s de Courchevel \u00e0 Gen\u00e8ve distance 145 KM par Annecy<\/strong><\/p>\n<hr \/>\n<h2>Transfert de<a href=\"https:\/\/www.gva.ch\/en\/\" target=\"_blank\" rel=\"noopener\"> l&#8217;a\u00e9roport de Gen\u00e8ve<\/a> \u00e0 Courchevel avec <a href=\"https:\/\/genevaways.com\/fr\/fleet\/mercedes-v-class\/\">Mercedes Van<\/a><\/h2>\n<p><strong>R\u00e9servez des transferts priv\u00e9s VIP de Gen\u00e8ve \u00e0 Courchevel avec Mercedes Classe V<\/strong><br \/>\n<strong>Combien co\u00fbte un transfert de Gen\u00e8ve \u00e0 Courchevel avec Mercedes Classe V ?<\/strong><br \/>\n<strong>Prix des transferts priv\u00e9s de Gen\u00e8ve \u00e0 Courchevel Prix \u00e0 partir de 690 CHF<\/strong><br \/>\n<strong>Combien de temps dure le transfert de Gen\u00e8ve \u00e0 Courchevel avec Mercedes Classe V ?<\/strong><br \/>\n<strong>Transferts priv\u00e9s de Gen\u00e8ve \u00e0 Courchevel Dur\u00e9e 2 h15<\/strong><br \/>\n<strong>Quelle est la distance d&#8217;un transfert de Gen\u00e8ve \u00e0 Courchevel avec Mercedes Classe V ?<\/strong><br \/>\n<strong>Transferts priv\u00e9s de Gen\u00e8ve \u00e0 Courchevel distance 190 KM par autoroute<\/strong><br \/>\n<strong>Transferts priv\u00e9s de Gen\u00e8ve \u00e0 Courchevel distance 145 KM par Annecy<\/strong><\/p>\n<p>Pour les groupes ou les familles, le <strong>transfert de l&#8217;a\u00e9roport de Gen\u00e8ve \u00e0 Courchevel avec Mercedes <a href=\"https:\/\/genevaways.com\/fr\/fleet\/mercedes-v-class\/\">Van<\/a><\/strong> est l&#8217;option id\u00e9ale En outre Les vans Mercedes, tels que le Classe V, offrent un espace g\u00e9n\u00e9reux pour les passagers et leurs bagages, tout en garantissant un haut niveau de confort.<\/p>\n<p>Avec le <strong>transfert de <a href=\"https:\/\/www.gva.ch\/en\/\" target=\"_blank\" rel=\"noopener\">l&#8217;a\u00e9roport de Gen\u00e8ve<\/a> \u00e0 Courchevel avec Mercedes <a href=\"https:\/\/genevaways.com\/fr\/fleet\/mercedes-v-class\/\">Van<\/a><\/strong>, profitez d&#8217;un int\u00e9rieur modulable, d&#8217;un syst\u00e8me de climatisation performant et de si\u00e8ges spacieux. Ce choix est parfait pour les voyages en groupe, garantissant une arriv\u00e9e confortable \u00e0 Courchevel.<\/p>\n<hr \/>\n<h2>Transfert de l&#8217;a\u00e9roport de Gen\u00e8ve \u00e0 Courchevel avec<a href=\"https:\/\/genevaways.com\/fr\/fleet\/mercedes-v-class\/\"> Mercedes V Class<\/a><\/h2>\n<p><strong>Combien co\u00fbte un transfert de Gen\u00e8ve \u00e0 Courchevel avec <a href=\"https:\/\/genevaways.com\/fr\/fleet\/mercedes-v-class\/\">Van<\/a> ?<\/strong><br \/>\n<strong>Transferts priv\u00e9s de Gen\u00e8ve \u00e0 Courchevel Prix \u00e0 partir de 690 CHF<\/strong><br \/>\n<strong>Combien de temps dure le transfert de Gen\u00e8ve \u00e0 Courchevel avec Mercedes <a href=\"https:\/\/genevaways.com\/fr\/fleet\/mercedes-v-class\/\">Van<\/a> ?<\/strong><br \/>\n<strong>Transferts priv\u00e9s de Gen\u00e8ve \u00e0 Courchevel Dur\u00e9e 2 h15<\/strong><br \/>\n<strong>Quelle est la distance d&#8217;un transfert de Gen\u00e8ve \u00e0 Courchevel avec Mercedes <a href=\"https:\/\/genevaways.com\/fr\/fleet\/mercedes-v-class\/\">VAN<\/a><\/strong><strong>\u00a0?<\/strong><br \/>\n<strong>Transferts priv\u00e9s de Gen\u00e8ve \u00e0 Courchevel distance 190 KM par autoroute<\/strong><br \/>\n<strong>Transferts priv\u00e9s de Gen\u00e8ve \u00e0 Courchevel distance 145 KM par Annecy<\/strong><\/p>\n<p>Si vous recherchez une exp\u00e9rience de luxe et de fonctionnalit\u00e9, optez pour le <strong>transfert de l&#8217;a\u00e9roport de Gen\u00e8ve \u00e0 Courchevel avec Mercedes V Class<\/strong>. Ce mod\u00e8le allie design \u00e9l\u00e9gant et confort ultime, id\u00e9al pour les voyageurs d&#8217;affaires ou les familles nombreuses.<\/p>\n<p>Le <strong>transfert de l&#8217;a\u00e9roport de Gen\u00e8ve \u00e0 Courchevel avec Mercedes V Class<\/strong> est \u00e9quip\u00e9 d&#8217;un \u00e9clairage d&#8217;ambiance, de si\u00e8ges ajustables et d&#8217;un syst\u00e8me de divertissement de pointe En outre Cette option garantit une exp\u00e9rience de voyage m\u00e9morable, quelle que soit la dur\u00e9e du trajet.<\/p>\n<hr \/>\n<h2>Transfert de l&#8217;a\u00e9roport de Gen\u00e8ve \u00e0 Courchevel avec Mercedes S Class<\/h2>\n<p>Pour une exp\u00e9rience de voyage sans compromis, choisissez le <strong>transfert de l&#8217;a\u00e9roport de Gen\u00e8ve \u00e0 Courchevel avec Mercedes S Class<\/strong>. Ce v\u00e9hicule incarne le luxe \u00e0 l&#8217;\u00e9tat pur, avec des si\u00e8ges massants, un syst\u00e8me audio haut de gamme et une finition int\u00e9rieure exceptionnelle.<\/p>\n<p>Le <strong>transfert de l&#8217;a\u00e9roport de Gen\u00e8ve \u00e0 Courchevel avec Mercedes S Class<\/strong> offre une exp\u00e9rience incomparable, parfaite pour les voyageurs qui souhaitent profiter d&#8217;un trajet relaxant avant de rejoindre Courchevel.<\/p>\n<hr \/>\n<h2>Transfert de l&#8217;a\u00e9roport de Gen\u00e8ve \u00e0 Courchevel avec Mercedes Maybach<\/h2>\n<p>Pour un luxe ultime, le <strong>transfert de l&#8217;a\u00e9roport de Gen\u00e8ve \u00e0 Courchevel avec Mercedes Maybach<\/strong> est la solution id\u00e9ale. Ce v\u00e9hicule d&#8217;exception propose des finitions raffin\u00e9es, des si\u00e8ges inclinables avec fonction massage et un espace g\u00e9n\u00e9reux pour les passagers.<\/p>\n<p>Le <strong>transfert de l&#8217;a\u00e9roport de Gen\u00e8ve \u00e0 Courchevel avec Mercedes Maybach<\/strong> est parfait pour ceux qui recherchent une exp\u00e9rience de voyage exclusive, combinant confort, \u00e9l\u00e9gance et technologie de pointe.<\/p>\n<hr \/>\n<h2>Transfert de l&#8217;a\u00e9roport de Gen\u00e8ve \u00e0 Courchevel avec Bus<\/h2>\n<p>Pour les grands groupes, le <strong>transfert de l&#8217;a\u00e9roport de Gen\u00e8ve \u00e0 Courchevel avec Bus<\/strong> est une solution pratique et \u00e9conomique. Ces bus modernes offrent des si\u00e8ges confortables, un espace g\u00e9n\u00e9reux pour les bagages, et des \u00e9quipements modernes pour un voyage agr\u00e9able.<\/p>\n<p>Le <strong>transfert de l&#8217;a\u00e9roport de Gen\u00e8ve \u00e0 Courchevel avec Bus<\/strong> permet \u00e0 tous les membres du groupe de voyager ensemble, garantissant une arriv\u00e9e synchronis\u00e9e \u00e0 Courchevel dans les meilleures conditions.<\/p>\n<hr \/>\n<h2>Transfert de l&#8217;a\u00e9roport de Gen\u00e8ve \u00e0 Courchevel avec Sprinter<\/h2>\n<p><strong>Combien de temps dure le transfert de Gen\u00e8ve \u00e0 Courchevel avec Sprinter ? <img loading=\"lazy\" decoding=\"async\" class=\"alignright wp-image-5367\" src=\"https:\/\/genevaways.com\/wp-content\/uploads\/2025\/05\/Transfer-from-Geneva-to-Coorchevel-with-Sprinter-1024x867.jpeg\" alt=\"Transfer from Geneva to Courchevel with Sprinter\" width=\"500\" height=\"423\" srcset=\"https:\/\/genevaways.com\/wp-content\/uploads\/2025\/05\/Transfer-from-Geneva-to-Coorchevel-with-Sprinter-1024x867.jpeg 1024w, https:\/\/genevaways.com\/wp-content\/uploads\/2025\/05\/Transfer-from-Geneva-to-Coorchevel-with-Sprinter-300x254.jpeg 300w, https:\/\/genevaways.com\/wp-content\/uploads\/2025\/05\/Transfer-from-Geneva-to-Coorchevel-with-Sprinter-768x650.jpeg 768w, https:\/\/genevaways.com\/wp-content\/uploads\/2025\/05\/Transfer-from-Geneva-to-Coorchevel-with-Sprinter-1536x1300.jpeg 1536w, https:\/\/genevaways.com\/wp-content\/uploads\/2025\/05\/Transfer-from-Geneva-to-Coorchevel-with-Sprinter-100x85.jpeg 100w, https:\/\/genevaways.com\/wp-content\/uploads\/2025\/05\/Transfer-from-Geneva-to-Coorchevel-with-Sprinter.jpeg 1926w\" sizes=\"auto, (max-width: 500px) 100vw, 500px\" \/><\/strong><br \/>\n<strong>Transferts priv\u00e9s de Gen\u00e8ve \u00e0 Courchevel Dur\u00e9e 2 h15<\/strong><br \/>\n<strong>Quelle est la distance d&#8217;un transfert de Gen\u00e8ve \u00e0 Courchevel avec Sprinter ?<\/strong><br \/>\n<strong>Transferts priv\u00e9s de Gen\u00e8ve \u00e0 Courchevel distance 190 KM par autoroute<\/strong><br \/>\n<strong>Transferts priv\u00e9s de Gen\u00e8ve \u00e0 Courchevel distance 145 KM par Annecy<\/strong><br \/>\n<strong>Combien co\u00fbte un transfert de Gen\u00e8ve \u00e0 Courchevel avec Sprinter ?<\/strong><br \/>\n<strong>Transferts priv\u00e9s de Gen\u00e8ve \u00e0 Courchevel Prix \u00e0 partir de 1280 CHF<\/strong><\/p>\n<p>Si vous avez besoin d&#8217;espace suppl\u00e9mentaire pour des groupes de taille moyenne ou pour transporter des \u00e9quipements volumineux, le <strong>transfert de l&#8217;a\u00e9roport de Gen\u00e8ve \u00e0 Courchevel avec Sprinter<\/strong> est le choix parfait. Le Mercedes Sprinter offre un int\u00e9rieur modulable et un confort exceptionnel.<\/p>\n<p>Avec le <strong>transfert de l&#8217;a\u00e9roport de Gen\u00e8ve \u00e0 Courchevel avec Sprinter<\/strong>, vous b\u00e9n\u00e9ficiez d&#8217;une capacit\u00e9 de chargement optimale, id\u00e9ale pour les \u00e9quipements de ski ou les bagages encombrants, tout en profitant d&#8217;un trajet agr\u00e9able et s\u00e9curis\u00e9.<\/p>\n<hr \/>\n<h2>Pourquoi choisir un transfert en Mercedes de l&#8217;a\u00e9roport de Gen\u00e8ve \u00e0 Courchevel ?<\/h2>\n<p><strong>Combien de temps dure le transfert de Gen\u00e8ve \u00e0 Courchevel avec Bus 16 pax ?<\/strong><br \/>\n<strong>Transferts priv\u00e9s de Gen\u00e8ve \u00e0 Courchevel Dur\u00e9e 2 h15<\/strong><br \/>\n<strong>Quelle est la distance d&#8217;un transfert de Gen\u00e8ve \u00e0 Courchevel en bus ?<\/strong><br \/>\n<strong>Transferts priv\u00e9s de Gen\u00e8ve \u00e0 Courchevel distance 190 KM par autoroute<\/strong><br \/>\n<strong>Transferts priv\u00e9s de Gen\u00e8ve \u00e0 Courchevel distance 145 KM par Annecy<\/strong><br \/>\n<strong>Combien co\u00fbte un transfert de Gen\u00e8ve \u00e0 Courchevel en bus ?<\/strong><br \/>\n<strong>Transferts priv\u00e9s de Gen\u00e8ve \u00e0 Courchevel Prix \u00e0 partir de 1380 CHF<\/strong><\/p>\n<ol>\n<li><strong>Confort et \u00e9l\u00e9gance<\/strong> : Les v\u00e9hicules Mercedes offrent un niveau de confort in\u00e9gal\u00e9, avec des si\u00e8ges ergonomiques et des int\u00e9rieurs luxueux.<\/li>\n<li><strong>S\u00e9curit\u00e9<\/strong> : Les derni\u00e8res technologies de s\u00e9curit\u00e9 garantissent un trajet serein.<\/li>\n<li><strong>Flexibilit\u00e9<\/strong> : Plusieurs options de v\u00e9hicules, adapt\u00e9es aux besoins individuels ou de groupe.<\/li>\n<li><strong>Prestige<\/strong> : Voyager en Mercedes ajoute une touche de sophistication \u00e0 votre exp\u00e9rience.<\/li>\n<\/ol>\n<hr \/>\n<h3 data-start=\"0\" data-end=\"24\"><strong data-start=\"0\" data-end=\"24\">Autour Courchevel<\/strong><\/h3>\n<p data-start=\"26\" data-end=\"750\" data-is-last-node=\"\" data-is-only-node=\"\">Si vous s\u00e9journez \u00e0 Courchevel et souhaitez varier les plaisirs sans quitter le m\u00eame domaine skiable, <a href=\"https:\/\/genevaways.com\/fr\/meribel\/\">M\u00e9ribel<\/a> est l\u2019une des extensions les plus naturelles de votre s\u00e9jour. Sa position centrale au sein des Trois Vall\u00e9es permet de passer facilement des secteurs haut de gamme de Courchevel \u00e0 l\u2019atmosph\u00e8re plus villageoise et chaleureuse de M\u00e9ribel, tout en conservant une organisation fluide pour le ski, les pauses d\u00e9jeuner et les activit\u00e9s d\u2019apr\u00e8s-ski.<br data-start=\"478\" data-end=\"481\" \/>Pour une vue d\u2019ensemble claire des activit\u00e9s saisonni\u00e8res, des diff\u00e9rents secteurs de la station et des informations pratiques pour organiser votre s\u00e9jour, le site officiel de l\u2019office de tourisme de M\u00e9ribel constitue une r\u00e9f\u00e9rence fiable : <a class=\"decorated-link\" href=\"https:\/\/www.meribel.net\/en\/\" target=\"_new\" rel=\"noopener\" data-start=\"722\" data-end=\"749\">https:\/\/www.meribel.net\/en\/<\/a>.<\/p>\n<hr \/>\n<h2>R\u00e9server votre transfert de l&#8217;a\u00e9roport de Gen\u00e8ve \u00e0 Courchevel<\/h2>\n<ol>\n<li><strong>S\u00e9lectionnez votre v\u00e9hicule<\/strong> : Choisissez parmi les mod\u00e8les disponibles selon vos besoins.<\/li>\n<li><strong>Effectuez une r\u00e9servation en ligne<\/strong> : R\u00e9servez votre transfert en quelques clics via une plateforme fiable.<\/li>\n<li><strong>Confirmez votre itin\u00e9raire<\/strong> : Assurez-vous que tous les d\u00e9tails de votre voyage sont corrects.<\/li>\n<li><strong>Profitez de votre transfert<\/strong> : \u00c0 votre arriv\u00e9e \u00e0 Gen\u00e8ve, votre chauffeur vous attendra pour un voyage relaxant vers Courchevel.<\/li>\n<\/ol>\n<p>En choisissant un <strong>transfert de l&#8217;a\u00e9roport de Gen\u00e8ve \u00e0 Courchevel avec Mercedes<\/strong>, vous garantissez un d\u00e9but de s\u00e9jour confortable et m\u00e9morable, parfait pour d\u00e9couvrir les merveilles de cette destination d&#8217;exception.[\/vc_column_text][\/vc_column][\/vc_row][vc_row][vc_column][vc_empty_space height=&#8221;70px&#8221;][\/vc_column][\/vc_row]<\/p>\n<\/div>","protected":false},"excerpt":{"rendered":"<p>[vc_row type=&#8221;full_width_section&#8221;][vc_column][vc_column_text] Transfert de l&#8217;a\u00e9roport de Gen\u00e8ve \u00e0 Courchevel avec Mercedes : Confort et Luxe Garantis Courchevel, station embl\u00e9matique des Alpes fran\u00e7aises, est une destination incontournable pour les amateurs de ski et de luxe. Pour les voyageurs arrivant \u00e0 l&#8217;a\u00e9roport de Gen\u00e8ve, un service de transfert haut de gamme est essentiel pour d\u00e9buter leur s\u00e9jour<\/p>\n","protected":false},"author":4,"featured_media":0,"parent":0,"menu_order":0,"comment_status":"closed","ping_status":"closed","template":"","meta":{"footnotes":""},"class_list":["post-3727","page","type-page","status-publish","hentry"],"_links":{"self":[{"href":"https:\/\/genevaways.com\/fr\/wp-json\/wp\/v2\/pages\/3727","targetHints":{"allow":["GET"]}}],"collection":[{"href":"https:\/\/genevaways.com\/fr\/wp-json\/wp\/v2\/pages"}],"about":[{"href":"https:\/\/genevaways.com\/fr\/wp-json\/wp\/v2\/types\/page"}],"author":[{"embeddable":true,"href":"https:\/\/genevaways.com\/fr\/wp-json\/wp\/v2\/users\/4"}],"replies":[{"embeddable":true,"href":"https:\/\/genevaways.com\/fr\/wp-json\/wp\/v2\/comments?post=3727"}],"version-history":[{"count":44,"href":"https:\/\/genevaways.com\/fr\/wp-json\/wp\/v2\/pages\/3727\/revisions"}],"predecessor-version":[{"id":7114,"href":"https:\/\/genevaways.com\/fr\/wp-json\/wp\/v2\/pages\/3727\/revisions\/7114"}],"wp:attachment":[{"href":"https:\/\/genevaways.com\/fr\/wp-json\/wp\/v2\/media?parent=3727"}],"curies":[{"name":"wp","href":"https:\/\/api.w.org\/{rel}","templated":true}]}}