{"id":3742,"date":"2024-10-17T11:00:11","date_gmt":"2024-10-17T09:00:11","guid":{"rendered":"https:\/\/genevaways.com\/college-alpin-beau-soleil\/"},"modified":"2026-01-31T04:04:07","modified_gmt":"2026-01-31T03:04:07","slug":"college-alpin-beau-soleil","status":"publish","type":"page","link":"https:\/\/genevaways.com\/fr\/college-alpin-beau-soleil\/","title":{"rendered":"Transfer de Geneve pour Coll\u00e8ge Alpin Beau Soleil"},"content":{"rendered":"<div class=\"wpb-content-wrapper\"><p>[vc_row type=&#8221;full_width_section&#8221;][vc_column]<h3 class=\"center-title\">Transfert de Gen\u00e8ve \u00e0 Coll\u00e8ge Alpin Beau Soleil<br \/>\n<\/h3><div class=\"title-block2\"><\/div>[vc_column_text]Service de transfert de luxe de l&#8217;a\u00e9roport de Gen\u00e8ve au Coll\u00e8ge Alpin Beau Soleil<\/p>\n<p>\ud83d\udeec Transfert de luxe de l&#8217;<a href=\"https:\/\/www.gva.ch\/en\/\" target=\"_blank\" rel=\"noopener\">a\u00e9roport de Gen\u00e8ve<\/a> au Coll\u00e8ge Alpin Beau Soleil<br \/>\nServices de chauffeur haut de gamme avec Mercedes Fleet Transfer de Gen\u00e8ve au Coll\u00e8ge Alpin Beau Soleil<img loading=\"lazy\" decoding=\"async\" class=\"alignright wp-image-5487\" src=\"https:\/\/genevaways.com\/wp-content\/uploads\/2025\/05\/Geneva-to-College-Alpin-Beau-Soleil-1024x768.jpeg\" alt=\"Transfer from Geneva to Coll\u00e8ge Alpin Beau Soleil\" width=\"500\" height=\"375\" srcset=\"https:\/\/genevaways.com\/wp-content\/uploads\/2025\/05\/Geneva-to-College-Alpin-Beau-Soleil-1024x768.jpeg 1024w, https:\/\/genevaways.com\/wp-content\/uploads\/2025\/05\/Geneva-to-College-Alpin-Beau-Soleil-300x225.jpeg 300w, https:\/\/genevaways.com\/wp-content\/uploads\/2025\/05\/Geneva-to-College-Alpin-Beau-Soleil-768x576.jpeg 768w, https:\/\/genevaways.com\/wp-content\/uploads\/2025\/05\/Geneva-to-College-Alpin-Beau-Soleil-1536x1152.jpeg 1536w, https:\/\/genevaways.com\/wp-content\/uploads\/2025\/05\/Geneva-to-College-Alpin-Beau-Soleil-100x75.jpeg 100w, https:\/\/genevaways.com\/wp-content\/uploads\/2025\/05\/Geneva-to-College-Alpin-Beau-Soleil.jpeg 2048w\" sizes=\"auto, (max-width: 500px) 100vw, 500px\" \/><\/p>\n<h4 data-start=\"154\" data-end=\"293\"><strong data-start=\"239\" data-end=\"293\">Services de chauffeur premium avec flotte Mercedes<\/strong><\/h4>\n<p data-start=\"295\" data-end=\"625\">Arriver en Suisse pour une exp\u00e9rience \u00e9ducative d\u2019\u00e9lite m\u00e9rite un service irr\u00e9prochable. Que vous soyez parent, \u00e9l\u00e8ve ou invit\u00e9 en visite au <strong data-start=\"436\" data-end=\"465\">Coll\u00e8ge Alpin Beau Soleil<\/strong>, notre service premium de <strong data-start=\"492\" data-end=\"567\">transfert depuis l\u2019a\u00e9roport de Gen\u00e8ve vers le Coll\u00e8ge Alpin Beau Soleil<\/strong> vous garantit \u00e9l\u00e9gance, confort et tranquillit\u00e9 d\u2019esprit.<\/p>\n<h3 data-start=\"641\" data-end=\"1706\">Votre trajet vers Coll\u00e8ge Alpin Beau Soleil \u00e0 Villars-sur-Ollon<\/h3>\n<p data-start=\"641\" data-end=\"1706\">Les transferts de l\u2019a\u00e9roport de Gen\u00e8ve vers Coll\u00e8ge Alpin Beau Soleil sont con\u00e7us non seulement pour assurer une arriv\u00e9e fluide et ponctuelle \u00e0 l\u2019\u00e9cole, mais aussi pour offrir une introduction confortable \u00e0 Villars-sur-Ollon, o\u00f9 se situe le campus. \u00c0 mesure que le trajet s\u2019\u00e9l\u00e8ve dans les Alpes vaudoises, Villars-sur-Ollon se r\u00e9v\u00e8le comme un village alpin bien organis\u00e9 qui soutient \u00e0 la fois la vie acad\u00e9mique et les familles en visite. La r\u00e9gion propose un \u00e9ventail d\u2019\u00e9quipements pratiques tels que des h\u00f4tels de qualit\u00e9, des appartements avec services, des caf\u00e9s et des restaurants fr\u00e9quemment utilis\u00e9s par les parents lors des visites de l\u2019\u00e9cole, des journ\u00e9es portes ouvertes, ou des d\u00e9p\u00f4ts et r\u00e9cup\u00e9rations des \u00e9l\u00e8ves. <a href=\"https:\/\/genevaways.com\/fr\/villars-sur-ollon\/\">Villars-sur-Ollon<\/a> est \u00e9galement connue pour ses sentiers de promenade bien entretenus, ses points de vue panoramiques et son acc\u00e8s facile aux activit\u00e9s de montagne, offrant un environnement calme et rassurant pour ceux qui accompagnent les \u00e9l\u00e8ves \u00e0 Coll\u00e8ge Alpin Beau Soleil.<\/p>\n<p data-start=\"1710\" data-end=\"1960\">Pour les familles et les invit\u00e9s qui planifient leur arriv\u00e9e ou de courts s\u00e9jours, les informations locales officielles sur les services, l\u2019h\u00e9bergement et les activit\u00e9s saisonni\u00e8res \u00e0 Villars-sur-Ollon sont disponibles via <a class=\"decorated-link\" href=\"https:\/\/www.villars.ch\/en\/\" target=\"_new\" rel=\"noopener\" data-start=\"1933\" data-end=\"1959\">https:\/\/www.villars.ch\/en\/<\/a>.<\/p>\n<h2 data-start=\"1860\" data-end=\"1953\">\ud83d\ude97 Transfert de l\u2019a\u00e9roport de Gen\u00e8ve vers le Coll\u00e8ge Alpin Beau Soleil en Mercedes E-Class<\/h2>\n<p>&nbsp;<\/p>\n<p data-start=\"1955\" data-end=\"2334\">Pour un trajet raffin\u00e9 et efficace, r\u00e9servez votre <strong data-start=\"2006\" data-end=\"2098\">transfert de l\u2019a\u00e9roport de Gen\u00e8ve vers le Coll\u00e8ge Alpin Beau Soleil en Mercedes Classe E<\/strong>. La Classe E incarne l\u2019\u00e9l\u00e9gance moderne et le confort haut de gamme. Nos chauffeurs veillent \u00e0 ce que chaque <strong data-start=\"2208\" data-end=\"2300\">transfert de l\u2019a\u00e9roport de Gen\u00e8ve vers le Coll\u00e8ge Alpin Beau Soleil en Mercedes Classe E<\/strong> soit fluide, ponctuel et luxueux.<\/p>\n<p data-start=\"2336\" data-end=\"2646\">Que ce soit pour un d\u00e9placement professionnel ou familial, notre <strong data-start=\"2401\" data-end=\"2493\">transfert de l\u2019a\u00e9roport de Gen\u00e8ve vers le Coll\u00e8ge Alpin Beau Soleil en Mercedes Classe E<\/strong> offre un service d\u2019exception. Avec des finitions soign\u00e9es, une climatisation bi-zone et un espace g\u00e9n\u00e9reux, chaque trajet promet une exp\u00e9rience sereine.<\/p>\n<p data-start=\"2648\" data-end=\"2995\">Notre flotte est organis\u00e9e pour proposer jusqu\u2019\u00e0 <strong data-start=\"2697\" data-end=\"2731\">20 transferts premium par jour<\/strong> en Mercedes Classe E, garantissant une disponibilit\u00e9 m\u00eame en p\u00e9riode de forte affluence. Choisissez notre <strong data-start=\"2838\" data-end=\"2930\">transfert de l\u2019a\u00e9roport de Gen\u00e8ve vers le Coll\u00e8ge Alpin Beau Soleil en Mercedes Classe E<\/strong> et d\u00e9couvrez l\u2019hospitalit\u00e9 suisse dans ce qu\u2019elle a de meilleur.<\/p>\n<h2 data-start=\"3002\" data-end=\"3095\">Transfert de l\u2019a\u00e9roport de Gen\u00e8ve vers le Coll\u00e8ge Alpin Beau Soleil en Mercedes <a href=\"https:\/\/genevaways.com\/fr\/fleet\/mercedes-v-class\/\">V-Class<\/a><\/h2>\n<p data-start=\"3097\" data-end=\"3419\">Chaque <strong data-start=\"3104\" data-end=\"3196\">transfert de l\u2019a\u00e9roport de Gen\u00e8ve vers le Coll\u00e8ge Alpin Beau Soleil en Mercedes Classe V<\/strong> inclut un service porte-\u00e0-porte, assurant une liaison sans effort entre le terminal et le campus. R\u00e9servez d\u00e8s aujourd\u2019hui votre <strong data-start=\"3326\" data-end=\"3418\">transfert de l\u2019a\u00e9roport de Gen\u00e8ve vers le Coll\u00e8ge Alpin Beau Soleil en Mercedes Classe V<\/strong>.<\/p>\n<hr data-start=\"3421\" data-end=\"3424\" \/>\n<h2 data-start=\"3426\" data-end=\"3519\">\ud83d\ude99 Transfert de l\u2019a\u00e9roport de Gen\u00e8ve vers le Coll\u00e8ge Alpin Beau Soleil en Mercedes S-Class<\/h2>\n<p data-start=\"3521\" data-end=\"3756\">Pour une \u00e9l\u00e9gance ultime, rien n\u2019\u00e9gale un <strong data-start=\"3563\" data-end=\"3655\">transfert de l\u2019a\u00e9roport de Gen\u00e8ve vers le Coll\u00e8ge Alpin Beau Soleil en Mercedes Classe S<\/strong>. La Classe S se place au sommet de la gamme Mercedes et offre une exp\u00e9rience de voyage incomparable.<\/p>\n<p data-start=\"3758\" data-end=\"4169\">Chaque <strong data-start=\"3765\" data-end=\"3857\">transfert de l\u2019a\u00e9roport de Gen\u00e8ve vers le Coll\u00e8ge Alpin Beau Soleil en Mercedes Classe S<\/strong> comprend des si\u00e8ges en cuir haut de gamme, une climatisation avanc\u00e9e et une excellente insonorisation de l\u2019habitacle, id\u00e9ale pour les trajets plus longs. Les dirigeants et clients VIP appr\u00e9cient particuli\u00e8rement notre <strong data-start=\"4076\" data-end=\"4168\">transfert de l\u2019a\u00e9roport de Gen\u00e8ve vers le Coll\u00e8ge Alpin Beau Soleil en Mercedes Classe S<\/strong>.<\/p>\n<p data-start=\"4171\" data-end=\"4383\">Impressionnez vos accompagnants avec notre service premium : un <strong data-start=\"4235\" data-end=\"4327\">transfert de l\u2019a\u00e9roport de Gen\u00e8ve vers le Coll\u00e8ge Alpin Beau Soleil en Mercedes Classe S<\/strong>, \u00e9quilibre parfait entre sophistication et performance.<\/p>\n<hr data-start=\"4385\" data-end=\"4388\" \/>\n<h2 data-start=\"4390\" data-end=\"4483\">\ud83c\udfc1 Transfert de l\u2019a\u00e9roport de Gen\u00e8ve vers le Coll\u00e8ge Alpin Beau Soleil en Mercedes Maybach<\/h2>\n<p data-start=\"4485\" data-end=\"4735\">Red\u00e9finissez le luxe avec un <strong data-start=\"4514\" data-end=\"4605\">transfert de l\u2019a\u00e9roport de Gen\u00e8ve vers le Coll\u00e8ge Alpin Beau Soleil en Mercedes Maybach<\/strong>. La Maybach repr\u00e9sente le sommet du savoir-faire Mercedes-Benz, offrant une exp\u00e9rience de voyage digne de la plus haute exigence.<\/p>\n<p data-start=\"4737\" data-end=\"5159\">Notre <strong data-start=\"4743\" data-end=\"4834\">transfert de l\u2019a\u00e9roport de Gen\u00e8ve vers le Coll\u00e8ge Alpin Beau Soleil en Mercedes Maybach<\/strong> est id\u00e9al pour les personnalit\u00e9s, familles \u00e0 hauts revenus et visiteurs d\u2019\u00e9coles prestigieuses. L\u2019int\u00e9rieur Maybach peut inclure des si\u00e8ges massants, des rideaux de confidentialit\u00e9 et un cuir cousu main \u2014 rendant chaque <strong data-start=\"5055\" data-end=\"5146\">transfert de l\u2019a\u00e9roport de Gen\u00e8ve vers le Coll\u00e8ge Alpin Beau Soleil en Mercedes Maybach<\/strong> inoubliable.<\/p>\n<p data-start=\"5161\" data-end=\"5343\">Offrez-vous \u2014 ou offrez \u00e0 votre invit\u00e9 VIP \u2014 un <strong data-start=\"5209\" data-end=\"5300\">transfert de l\u2019a\u00e9roport de Gen\u00e8ve vers le Coll\u00e8ge Alpin Beau Soleil en Mercedes Maybach<\/strong>, o\u00f9 chaque instant est pens\u00e9 pour le luxe.<\/p>\n<hr data-start=\"5345\" data-end=\"5348\" \/>\n<h2 data-start=\"5350\" data-end=\"5439\">\ud83d\ude90 Transfert de l\u2019a\u00e9roport de Gen\u00e8ve vers le Coll\u00e8ge Alpin Beau Soleil en Mercedes Van<\/h2>\n<p data-start=\"5441\" data-end=\"5689\">Vous voyagez en groupe ? Notre <strong data-start=\"5472\" data-end=\"5559\">transfert de l\u2019a\u00e9roport de Gen\u00e8ve vers le Coll\u00e8ge Alpin Beau Soleil en Mercedes Van<\/strong> est le choix id\u00e9al. Avec de l\u2019espace pour les passagers et les bagages, nos vans allient fonctionnalit\u00e9 et confort haut de gamme.<\/p>\n<p data-start=\"5691\" data-end=\"6047\">Que ce soit pour un groupe scolaire ou une visite familiale, profitez d\u2019un <strong data-start=\"5766\" data-end=\"5860\">transfert fluide de l\u2019a\u00e9roport de Gen\u00e8ve vers le Coll\u00e8ge Alpin Beau Soleil en Mercedes Van<\/strong>, assur\u00e9 par un chauffeur professionnel et multilingue. S\u00e9curit\u00e9 et confort sont garantis \u00e0 chaque <strong data-start=\"5959\" data-end=\"6046\">transfert de l\u2019a\u00e9roport de Gen\u00e8ve vers le Coll\u00e8ge Alpin Beau Soleil en Mercedes Van<\/strong>.<\/p>\n<p data-start=\"6049\" data-end=\"6278\">Choisissez la s\u00e9r\u00e9nit\u00e9 avec notre service fiable : <strong data-start=\"6100\" data-end=\"6187\">transfert de l\u2019a\u00e9roport de Gen\u00e8ve vers le Coll\u00e8ge Alpin Beau Soleil en Mercedes Van<\/strong>. Notre flotte est entretenue r\u00e9guli\u00e8rement et parfaitement adapt\u00e9e aux conditions alpines.<\/p>\n<hr data-start=\"6280\" data-end=\"6283\" \/>\n<h2 data-start=\"6285\" data-end=\"6365\">\ud83d\ude8c Transfert de l\u2019a\u00e9roport de Gen\u00e8ve vers le Coll\u00e8ge Alpin Beau Soleil en bus<\/h2>\n<p data-start=\"6367\" data-end=\"6619\">Pour les grands groupes (d\u00e9l\u00e9gations scolaires, participants \u00e0 un \u00e9v\u00e9nement), nous proposons un <strong data-start=\"6463\" data-end=\"6541\">transfert de l\u2019a\u00e9roport de Gen\u00e8ve vers le Coll\u00e8ge Alpin Beau Soleil en bus<\/strong>. Nos bus sont modernes, s\u00fbrs et confortables pour les trajets en zone alpine.<\/p>\n<p data-start=\"6621\" data-end=\"7034\">Chaque <strong data-start=\"6628\" data-end=\"6706\">transfert de l\u2019a\u00e9roport de Gen\u00e8ve vers le Coll\u00e8ge Alpin Beau Soleil en bus<\/strong> inclut des espaces de rangement en hauteur, des si\u00e8ges inclinables, et un conducteur exp\u00e9riment\u00e9 habitu\u00e9 aux routes de montagne. Qu\u2019il s\u2019agisse d\u2019une conf\u00e9rence, d\u2019un s\u00e9minaire ou d\u2019un groupe scolaire, le <strong data-start=\"6912\" data-end=\"6990\">transfert de l\u2019a\u00e9roport de Gen\u00e8ve vers le Coll\u00e8ge Alpin Beau Soleil en bus<\/strong> permet de voyager ensemble sans contrainte.<\/p>\n<p data-start=\"7036\" data-end=\"7229\">Gagnez du temps, \u00e9conomisez et r\u00e9duisez le stress de coordination gr\u00e2ce \u00e0 notre <strong data-start=\"7116\" data-end=\"7201\">transfert fluide de l\u2019a\u00e9roport de Gen\u00e8ve vers le Coll\u00e8ge Alpin Beau Soleil en bus<\/strong>.<br data-start=\"7202\" data-end=\"7205\" \/><em data-start=\"7205\" data-end=\"7229\">(Phrase r\u00e9p\u00e9t\u00e9e : 20x)<\/em><\/p>\n<hr data-start=\"7231\" data-end=\"7234\" \/>\n<h2 data-start=\"7236\" data-end=\"7321\">\ud83d\ude8d Transfert de l\u2019a\u00e9roport de Gen\u00e8ve vers le Coll\u00e8ge Alpin Beau Soleil en Sprinter<\/h2>\n<p data-start=\"7323\" data-end=\"7620\">Vous recherchez une solution premium pour un groupe de taille moyenne ? Un <strong data-start=\"7398\" data-end=\"7481\">transfert de l\u2019a\u00e9roport de Gen\u00e8ve vers le Coll\u00e8ge Alpin Beau Soleil en Sprinter<\/strong> est la solution id\u00e9ale. Nos <strong data-start=\"7510\" data-end=\"7531\">Mercedes Sprinter<\/strong> sont \u00e9quip\u00e9s de si\u00e8ges en cuir inclinables, Wi-Fi et d\u2019un grand espace pour les bagages.<\/p>\n<p data-start=\"7622\" data-end=\"7883\">Parfait pour les petits groupes scolaires ou les familles \u00e9largies, chaque <strong data-start=\"7697\" data-end=\"7780\">transfert de l\u2019a\u00e9roport de Gen\u00e8ve vers le Coll\u00e8ge Alpin Beau Soleil en Sprinter<\/strong> est assur\u00e9 par un chauffeur courtois et ponctuel. Nous garantissons un trajet agr\u00e9able et sans accroc.<\/p>\n<p data-start=\"7885\" data-end=\"8043\" data-is-last-node=\"\" data-is-only-node=\"\">Choisissez notre <strong data-start=\"7902\" data-end=\"7985\">transfert de l\u2019a\u00e9roport de Gen\u00e8ve vers le Coll\u00e8ge Alpin Beau Soleil en Sprinter<\/strong> pour voyager efficacement, sans compromis sur le confort.<\/p>\n<p>[\/vc_column_text][\/vc_column][\/vc_row][vc_row][vc_column][vc_empty_space height=&#8221;70px&#8221;][\/vc_column][\/vc_row]<\/p>\n<\/div>","protected":false},"excerpt":{"rendered":"<p>[vc_row type=&#8221;full_width_section&#8221;][vc_column][vc_column_text]Service de transfert de luxe de l&#8217;a\u00e9roport de Gen\u00e8ve au Coll\u00e8ge Alpin Beau Soleil \ud83d\udeec Transfert de luxe de l&#8217;a\u00e9roport de Gen\u00e8ve au Coll\u00e8ge Alpin Beau Soleil Services de chauffeur haut de gamme avec Mercedes Fleet Transfer de Gen\u00e8ve au Coll\u00e8ge Alpin Beau Soleil Services de chauffeur premium avec flotte Mercedes Arriver en Suisse<\/p>\n","protected":false},"author":4,"featured_media":0,"parent":0,"menu_order":0,"comment_status":"closed","ping_status":"closed","template":"","meta":{"footnotes":""},"class_list":["post-3742","page","type-page","status-publish","hentry"],"_links":{"self":[{"href":"https:\/\/genevaways.com\/fr\/wp-json\/wp\/v2\/pages\/3742","targetHints":{"allow":["GET"]}}],"collection":[{"href":"https:\/\/genevaways.com\/fr\/wp-json\/wp\/v2\/pages"}],"about":[{"href":"https:\/\/genevaways.com\/fr\/wp-json\/wp\/v2\/types\/page"}],"author":[{"embeddable":true,"href":"https:\/\/genevaways.com\/fr\/wp-json\/wp\/v2\/users\/4"}],"replies":[{"embeddable":true,"href":"https:\/\/genevaways.com\/fr\/wp-json\/wp\/v2\/comments?post=3742"}],"version-history":[{"count":8,"href":"https:\/\/genevaways.com\/fr\/wp-json\/wp\/v2\/pages\/3742\/revisions"}],"predecessor-version":[{"id":7113,"href":"https:\/\/genevaways.com\/fr\/wp-json\/wp\/v2\/pages\/3742\/revisions\/7113"}],"wp:attachment":[{"href":"https:\/\/genevaways.com\/fr\/wp-json\/wp\/v2\/media?parent=3742"}],"curies":[{"name":"wp","href":"https:\/\/api.w.org\/{rel}","templated":true}]}}