{"id":3747,"date":"2024-10-31T16:15:52","date_gmt":"2024-10-31T15:15:52","guid":{"rendered":"https:\/\/genevaways.com\/clusaz\/"},"modified":"2026-01-31T04:03:00","modified_gmt":"2026-01-31T03:03:00","slug":"clusaz","status":"publish","type":"page","link":"https:\/\/genevaways.com\/fr\/clusaz\/","title":{"rendered":"Clusaz"},"content":{"rendered":"<div class=\"wpb-content-wrapper\"><p>[vc_row type=&#8221;full_width_section&#8221;][vc_column]<h3 class=\"center-title\">Clusaz<\/h3><div class=\"title-block2\"><\/div>[vc_column_text]<\/p>\n<h3 data-start=\"0\" data-end=\"53\">Transfert de luxe de l\u2019a\u00e9roport de Gen\u00e8ve \u00e0 La Clusaz<\/h3>\n<p data-start=\"55\" data-end=\"828\">Le transfert de <a href=\"https:\/\/www.gva.ch\/en\/\" target=\"_blank\" rel=\"noopener\">l\u2019a\u00e9roport de Gen\u00e8ve<\/a> \u00e0 La Clusaz est votre porte d\u2019entr\u00e9e vers un voyage luxueux depuis l\u2019un des a\u00e9roports suisses les plus fr\u00e9quent\u00e9s jusqu\u2019au charmant village des Alpes fran\u00e7aises. Que vous veniez pour une retraite en montagne relaxante ou une aventure de ski exaltante, notre transfert de luxe de l\u2019a\u00e9roport de Gen\u00e8ve \u00e0 La Clusaz garantit un trajet fluide, confortable et \u00e9l\u00e9gant jusqu\u2019\u00e0 votre destination. Notre flotte comprend des mod\u00e8les Mercedes haut de gamme : la S-Class, l\u2019E-Class, la V-Class et un Sprinter 16 places, chacun con\u00e7u pour r\u00e9pondre \u00e0 des standards \u00e9lev\u00e9s de confort et de praticit\u00e9 pour votre transfert de l\u2019a\u00e9roport de Gen\u00e8ve \u00e0 La Clusaz. Voici ce que vous pouvez attendre de notre service professionnel et de nos options de flotte.<\/p>\n<h3 data-start=\"830\" data-end=\"899\">Pourquoi choisir notre transfert de l\u2019a\u00e9roport de Gen\u00e8ve \u00e0 La Clusaz?<\/h3>\n<p data-start=\"901\" data-end=\"1055\">Avec notre transfert premium de l\u2019a\u00e9roport de Gen\u00e8ve \u00e0 La Clusaz, vous \u00eates assur\u00e9 d\u2019une exp\u00e9rience de voyage de luxe offrant confort, style et praticit\u00e9.<\/p>\n<h4 data-start=\"1057\" data-end=\"1133\">Principaux avantages de notre transfert de l\u2019a\u00e9roport de Gen\u00e8ve \u00e0 La Clusaz:<\/h4>\n<ol data-start=\"1135\" data-end=\"2161\">\n<li data-start=\"1135\" data-end=\"1491\">\n<p data-start=\"1138\" data-end=\"1491\">Chauffeurs professionnels: Chaque transfert de l\u2019a\u00e9roport de Gen\u00e8ve \u00e0 La Clusaz est pris en charge par un chauffeur hautement form\u00e9, offrant un service courtois, discret et efficace. Familiaris\u00e9s avec l\u2019itin\u00e9raire et les zones locales, nos chauffeurs priorisent votre confort et votre s\u00e9curit\u00e9 durant votre transfert de l\u2019a\u00e9roport de Gen\u00e8ve \u00e0 La Clusaz.<\/p>\n<\/li>\n<li data-start=\"1492\" data-end=\"1779\">\n<p data-start=\"1495\" data-end=\"1779\">Ponctualit\u00e9 et fiabilit\u00e9: Nous comprenons que le temps est essentiel pour les voyageurs. Chaque transfert de l\u2019a\u00e9roport de Gen\u00e8ve \u00e0 La Clusaz est soigneusement planifi\u00e9, avec des chauffeurs surveillant les statuts de vol pour tout retard afin d\u2019assurer une prise en charge ponctuelle.<\/p>\n<\/li>\n<li data-start=\"1780\" data-end=\"1954\">\n<p data-start=\"1783\" data-end=\"1954\">Flotte de luxe: Notre transfert de l\u2019a\u00e9roport de Gen\u00e8ve \u00e0 La Clusaz est assur\u00e9 par une impressionnante gamme de v\u00e9hicules Mercedes, des berlines de luxe aux vans spacieux.<\/p>\n<\/li>\n<li data-start=\"1955\" data-end=\"2161\">\n<p data-start=\"1958\" data-end=\"2161\">Service porte-\u00e0-porte: \u00c9vitez les tracas des transports publics ou des locations de voiture. Nous offrons un transfert direct de l\u2019a\u00e9roport de Gen\u00e8ve \u00e0 La Clusaz jusqu\u2019\u00e0 votre h\u00f4tel ou votre h\u00e9bergement.<\/p>\n<\/li>\n<\/ol>\n<h3 data-start=\"2163\" data-end=\"2232\">Notre flotte pour votre transfert de l\u2019a\u00e9roport de Gen\u00e8ve \u00e0 La Clusaz<\/h3>\n<p data-start=\"2234\" data-end=\"2531\">Choisissez parmi notre flotte soigneusement s\u00e9lectionn\u00e9e pour trouver le v\u00e9hicule qui r\u00e9pond le mieux \u00e0 vos besoins pour un transfert de l\u2019a\u00e9roport de Gen\u00e8ve \u00e0 La Clusaz. Chaque option est m\u00e9ticuleusement entretenue et \u00e9quip\u00e9e d\u2019\u00e9quipements haut de gamme afin de vous offrir un trajet confortable.<\/p>\n<h4 data-start=\"2533\" data-end=\"2569\">Mercedes S-Class \u2014 Le summum du luxe<\/h4>\n<p data-start=\"2571\" data-end=\"2842\">La Mercedes S-Class offre un luxe in\u00e9gal\u00e9 pour votre transfert de l\u2019a\u00e9roport de Gen\u00e8ve \u00e0 La Clusaz. Parfaite pour les voyageurs en qu\u00eate d\u2019\u00e9l\u00e9gance et de sophistication, la S-Class propose des fonctionnalit\u00e9s de confort avanc\u00e9es pour am\u00e9liorer chaque kilom\u00e8tre du trajet.<\/p>\n<p data-start=\"2844\" data-end=\"2863\">\u27a4 Caract\u00e9ristiques:<\/p>\n<p data-start=\"2865\" data-end=\"3255\">\u27a4 Si\u00e8ges en cuir premium avec fonctions de chauffage et de massage pour sublimer votre transfert de l\u2019a\u00e9roport de Gen\u00e8ve \u00e0 La Clusaz<br data-start=\"2997\" data-end=\"3000\" \/>\u27a4 \u00c9clairage d\u2019ambiance r\u00e9glable pour une atmosph\u00e8re exclusive<br data-start=\"3061\" data-end=\"3064\" \/>\u27a4 Syst\u00e8me audio avanc\u00e9 pour une exp\u00e9rience sonore premium durant votre transfert de l\u2019a\u00e9roport de Gen\u00e8ve \u00e0 La Clusaz<br data-start=\"3180\" data-end=\"3183\" \/>\u27a4 Climatisation de pr\u00e9cision pour des r\u00e9glages de temp\u00e9rature optimaux<\/p>\n<p data-start=\"3257\" data-end=\"3413\">\u27a4 Recommand\u00e9e pour: Voyageurs seuls, cadres dirigeants ou couples recherchant une exp\u00e9rience de transfert de l\u2019a\u00e9roport de Gen\u00e8ve \u00e0 La Clusaz haut de gamme.<\/p>\n<h4 data-start=\"3415\" data-end=\"3454\">Mercedes E-Class \u2014 Confort et praticit\u00e9<\/h4>\n<p data-start=\"3456\" data-end=\"3719\">La Mercedes E-Class combine luxe et praticit\u00e9, offrant un transfert de l\u2019a\u00e9roport de Gen\u00e8ve \u00e0 La Clusaz \u00e0 la fois \u00e9l\u00e9gant et abordable. Le design raffin\u00e9 et la conduite souple de ce v\u00e9hicule en font un choix id\u00e9al pour les voyages personnels comme professionnels.<\/p>\n<p data-start=\"3721\" data-end=\"3740\">\u27a4 Caract\u00e9ristiques:<\/p>\n<p data-start=\"3742\" data-end=\"4181\">\u27a4 Si\u00e8ges en cuir confortables pour un transfert agr\u00e9able de l\u2019a\u00e9roport de Gen\u00e8ve \u00e0 La Clusaz<br data-start=\"3834\" data-end=\"3837\" \/>\u27a4 Climatisation, essentielle pour un trajet fluide durant votre transfert de l\u2019a\u00e9roport de Gen\u00e8ve \u00e0 La Clusaz<br data-start=\"3946\" data-end=\"3949\" \/>\u27a4 Grand coffre pour les bagages ou le mat\u00e9riel de ski pour votre transfert de l\u2019a\u00e9roport de Gen\u00e8ve \u00e0 La Clusaz<br data-start=\"4059\" data-end=\"4062\" \/>\u27a4 Int\u00e9rieur moderne avec options d\u2019infodivertissement pour am\u00e9liorer le transfert de l\u2019a\u00e9roport de Gen\u00e8ve \u00e0 La Clusaz<\/p>\n<p data-start=\"4183\" data-end=\"4361\">\u27a4 Recommand\u00e9e pour: Petites familles, voyageurs individuels ou professionnels qui appr\u00e9cient le confort et la praticit\u00e9 durant leur transfert de l\u2019a\u00e9roport de Gen\u00e8ve \u00e0 La Clusaz.<\/p>\n<h4 data-start=\"4363\" data-end=\"4428\">Mercedes V-Class \u2014 Id\u00e9ale pour les familles et les petits groupes<\/h4>\n<p data-start=\"4430\" data-end=\"4726\">Pour les familles ou les groupes ayant besoin d\u2019un transfert spacieux de l\u2019a\u00e9roport de Gen\u00e8ve \u00e0 La Clusaz, la Mercedes V-Class est une excellente option. Avec des si\u00e8ges jusqu\u2019\u00e0 sept passagers, la <a href=\"https:\/\/genevaways.com\/fr\/fleet\/mercedes-v-class\/\">V-Class<\/a> offre suffisamment d\u2019espace pour accueillir confortablement les passagers et leurs bagages.<\/p>\n<p data-start=\"4728\" data-end=\"4747\">\u27a4 Caract\u00e9ristiques:<\/p>\n<p data-start=\"4749\" data-end=\"5219\">\u27a4 Si\u00e8ges modulables jusqu\u2019\u00e0 sept passagers pour un transfert agr\u00e9able de l\u2019a\u00e9roport de Gen\u00e8ve \u00e0 La Clusaz<br data-start=\"4854\" data-end=\"4857\" \/>\u27a4 Grand espace bagages pour l\u2019\u00e9quipement sportif, id\u00e9al pour votre transfert ski de l\u2019a\u00e9roport de Gen\u00e8ve \u00e0 La Clusaz<br data-start=\"4973\" data-end=\"4976\" \/>\u27a4 Syst\u00e8me audio de haute qualit\u00e9 pour divertir les passagers durant leur transfert de l\u2019a\u00e9roport de Gen\u00e8ve \u00e0 La Clusaz<br data-start=\"5094\" data-end=\"5097\" \/>\u27a4 Climatisation pour garantir le confort de tous les passagers durant leur transfert de l\u2019a\u00e9roport de Gen\u00e8ve \u00e0 La Clusaz<\/p>\n<p data-start=\"5221\" data-end=\"5344\">\u27a4 Recommand\u00e9e pour: Familles, amis ou petits groupes recherchant un transfert spacieux de l\u2019a\u00e9roport de Gen\u00e8ve \u00e0 La Clusaz.<\/p>\n<h4 data-start=\"5346\" data-end=\"5397\">Mercedes Sprinter \u2014 Parfait pour les grands groupes<\/h4>\n<p data-start=\"5399\" data-end=\"5684\">Le Mercedes Sprinter est l\u2019option ultime pour les grands groupes ayant besoin d\u2019un transfert fiable de l\u2019a\u00e9roport de Gen\u00e8ve \u00e0 La Clusaz. Pouvant accueillir jusqu\u2019\u00e0 16 passagers, le Sprinter offre beaucoup d\u2019espace, permettant \u00e0 l\u2019ensemble du groupe de voyager confortablement ensemble.<\/p>\n<p data-start=\"5686\" data-end=\"5705\">\u27a4 Caract\u00e9ristiques:<\/p>\n<p data-start=\"5707\" data-end=\"6161\">\u27a4 Si\u00e8ges spacieux jusqu\u2019\u00e0 16 passagers pour un transfert pratique de l\u2019a\u00e9roport de Gen\u00e8ve \u00e0 La Clusaz<br data-start=\"5808\" data-end=\"5811\" \/>\u27a4 Tr\u00e8s grand espace bagages, parfait pour tout \u00e9quipement n\u00e9cessaire durant votre transfert de l\u2019a\u00e9roport de Gen\u00e8ve \u00e0 La Clusaz<br data-start=\"5938\" data-end=\"5941\" \/>\u27a4 Syst\u00e8me de divertissement pour profiter du trajet lors du transfert de l\u2019a\u00e9roport de Gen\u00e8ve \u00e0 La Clusaz<br data-start=\"6046\" data-end=\"6049\" \/>\u27a4 Climatisation qui maintient tout le monde \u00e0 l\u2019aise durant leur transfert de l\u2019a\u00e9roport de Gen\u00e8ve \u00e0 La Clusaz<\/p>\n<p data-start=\"6163\" data-end=\"6321\">\u27a4 Recommand\u00e9e pour: Grandes familles, groupes d\u2019amis ou groupes de ski qui pr\u00e9f\u00e8rent voyager ensemble pour leur transfert de l\u2019a\u00e9roport de Gen\u00e8ve \u00e0 La Clusaz.<\/p>\n<h3 data-start=\"6323\" data-end=\"6399\">\u00c0 quoi s\u2019attendre durant votre transfert de l\u2019a\u00e9roport de Gen\u00e8ve \u00e0 La Clusaz<\/h3>\n<p data-start=\"6401\" data-end=\"6649\">Notre transfert de luxe de l\u2019a\u00e9roport de Gen\u00e8ve \u00e0 La Clusaz est con\u00e7u pour r\u00e9pondre \u00e0 tous vos besoins de voyage avec un haut niveau de soin. Lorsque vous choisissez notre transfert de l\u2019a\u00e9roport de Gen\u00e8ve \u00e0 La Clusaz, vous pouvez vous attendre \u00e0 :<\/p>\n<ol data-start=\"6651\" data-end=\"7291\">\n<li data-start=\"6651\" data-end=\"6804\">\n<p data-start=\"6654\" data-end=\"6804\">R\u00e9servation sans effort: Notre syst\u00e8me de r\u00e9servation en ligne vous permet de r\u00e9server votre transfert de l\u2019a\u00e9roport de Gen\u00e8ve \u00e0 La Clusaz \u00e0 l\u2019avance.<\/p>\n<\/li>\n<li data-start=\"6805\" data-end=\"6991\">\n<p data-start=\"6808\" data-end=\"6991\">Service personnalis\u00e9: Votre chauffeur vous accueillera dans la zone des arriv\u00e9es et vous aidera avec les bagages, garantissant un transfert fluide de l\u2019a\u00e9roport de Gen\u00e8ve \u00e0 La Clusaz.<\/p>\n<\/li>\n<li data-start=\"6992\" data-end=\"7152\">\n<p data-start=\"6995\" data-end=\"7152\">Trajet panoramique: La route offre des vues splendides sur les Alpes, faisant de votre transfert de l\u2019a\u00e9roport de Gen\u00e8ve \u00e0 La Clusaz une exp\u00e9rience agr\u00e9able.<\/p>\n<\/li>\n<li data-start=\"7153\" data-end=\"7291\">\n<p data-start=\"7156\" data-end=\"7291\">Horaires flexibles: Disponible 24\/7, afin que votre transfert de l\u2019a\u00e9roport de Gen\u00e8ve \u00e0 La Clusaz ait lieu au moment qui vous convient.<\/p>\n<\/li>\n<\/ol>\n<h3 data-start=\"7293\" data-end=\"7365\">Informations d\u2019itin\u00e9raire: Transfert de l\u2019a\u00e9roport de Gen\u00e8ve \u00e0 La Clusaz<\/h3>\n<p data-start=\"7367\" data-end=\"7660\">Le transfert de l\u2019a\u00e9roport de Gen\u00e8ve \u00e0 La Clusaz dure environ une heure et trente minutes, couvrant un parcours panoramique de 70 kilom\u00e8tres \u00e0 travers les Alpes. Nos chauffeurs garantissent un transfert fluide de l\u2019a\u00e9roport de Gen\u00e8ve \u00e0 La Clusaz, en priorisant votre s\u00e9curit\u00e9 et votre confort.<\/p>\n<h3 data-start=\"7662\" data-end=\"7681\">Autour de La Clusaz<\/h3>\n<p data-start=\"7683\" data-end=\"8719\">Nich\u00e9e dans le massif des Aravis, La Clusaz maintient un lien \u00e9troit et naturel avec <a href=\"https:\/\/genevaways.com\/fr\/annecy\/\"><span style=\"text-decoration: underline;\">Annecy<\/span><\/a>, l\u2019une des destinations lacustres les plus populaires de la r\u00e9gion Haute-Savoie. \u00c0 seulement une courte distance en voiture, Annecy offre des correspondances de transport essentielles et des services pour les voyageurs se rendant en montagne, tandis que le Grand-Bornand fait partie du m\u00eame massif des Aravis et est souvent combin\u00e9 avec La Clusaz dans un m\u00eame itin\u00e9raire. Alors que La Clusaz est connue pour son atmosph\u00e8re de village alpin, ses pistes de ski et ses activit\u00e9s de montagne toute l\u2019ann\u00e9e, Annecy propose un cadre contrast\u00e9 avec sa vieille ville historique, ses canaux et ses promenades au bord du lac. Vous pouvez combiner un s\u00e9jour \u00e0 La Clusaz avec une halte \u00e0 Annecy, profitant de l\u2019\u00e9quilibre entre paysages de haute altitude et environnement lacustre d\u00e9tendu; les informations officielles pour les visiteurs \u00e0 propos d\u2019Annecy sont disponibles sur le site de tourisme de la ville \u00e0 l\u2019adresse <a class=\"decorated-link cursor-pointer\" target=\"_new\" rel=\"noopener\" data-start=\"8683\" data-end=\"8718\">https:\/\/www.annecy-tourisme.com\/en\/<\/a>.<\/p>\n<h3 data-start=\"8721\" data-end=\"8797\">R\u00e9servez d\u00e8s aujourd\u2019hui votre transfert de l\u2019a\u00e9roport de Gen\u00e8ve \u00e0 La Clusaz<\/h3>\n<p data-start=\"8799\" data-end=\"8897\">R\u00e9server \u00e0 l\u2019avance votre transfert de l\u2019a\u00e9roport de Gen\u00e8ve \u00e0 La Clusaz offre plusieurs avantages:<\/p>\n<ol data-start=\"8899\" data-end=\"9353\">\n<li data-start=\"8899\" data-end=\"9053\">\n<p data-start=\"8902\" data-end=\"9053\">Disponibilit\u00e9 garantie du v\u00e9hicule: R\u00e9server t\u00f4t garantit que votre v\u00e9hicule pr\u00e9f\u00e9r\u00e9 est pr\u00eat pour votre transfert de l\u2019a\u00e9roport de Gen\u00e8ve \u00e0 La Clusaz.<\/p>\n<\/li>\n<li data-start=\"9054\" data-end=\"9178\">\n<p data-start=\"9057\" data-end=\"9178\">Prix fixe: Des tarifs transparents signifient aucun frais cach\u00e9 pour votre transfert de l\u2019a\u00e9roport de Gen\u00e8ve \u00e0 La Clusaz.<\/p>\n<\/li>\n<li data-start=\"9179\" data-end=\"9353\">\n<p data-start=\"9182\" data-end=\"9353\">Tranquillit\u00e9 d\u2019esprit: Un transfert pr\u00e9-r\u00e9serv\u00e9 de l\u2019a\u00e9roport de Gen\u00e8ve \u00e0 La Clusaz garantit que votre transport est pr\u00eat, offrant un d\u00e9part sans stress pour votre voyage.<\/p>\n<\/li>\n<\/ol>\n<p data-start=\"9355\" data-end=\"9696\">Choisissez le v\u00e9hicule Mercedes qui correspond le mieux \u00e0 vos besoins pour un transfert de l\u2019a\u00e9roport de Gen\u00e8ve \u00e0 La Clusaz et profitez d\u2019une exp\u00e9rience haut de gamme d\u00e8s le d\u00e9part. Chaque transfert de l\u2019a\u00e9roport de Gen\u00e8ve \u00e0 La Clusaz est con\u00e7u pour allier confort, style et efficacit\u00e9, en lan\u00e7ant votre aventure alpine avec luxe et aisance.<\/p>\n<p data-start=\"9698\" data-end=\"9871\" data-is-last-node=\"\" data-is-only-node=\"\">R\u00e9servez d\u00e8s aujourd\u2019hui votre transfert de l\u2019a\u00e9roport de Gen\u00e8ve \u00e0 La Clusaz, et laissez-nous prendre soin de votre trajet vers l\u2019une des plus belles destinations des Alpes.<\/p>\n<p>[\/vc_column_text][\/vc_column][\/vc_row][vc_row][vc_column][vc_empty_space height=&#8221;70px&#8221;][\/vc_column][\/vc_row]<\/p>\n<\/div>","protected":false},"excerpt":{"rendered":"<p>[vc_row type=&#8221;full_width_section&#8221;][vc_column][vc_column_text] Transfert de luxe de l\u2019a\u00e9roport de Gen\u00e8ve \u00e0 La Clusaz Le transfert de l\u2019a\u00e9roport de Gen\u00e8ve \u00e0 La Clusaz est votre porte d\u2019entr\u00e9e vers un voyage luxueux depuis l\u2019un des a\u00e9roports suisses les plus fr\u00e9quent\u00e9s jusqu\u2019au charmant village des Alpes fran\u00e7aises. Que vous veniez pour une retraite en montagne relaxante ou une aventure<\/p>\n","protected":false},"author":4,"featured_media":0,"parent":0,"menu_order":0,"comment_status":"closed","ping_status":"closed","template":"","meta":{"footnotes":""},"class_list":["post-3747","page","type-page","status-publish","hentry"],"_links":{"self":[{"href":"https:\/\/genevaways.com\/fr\/wp-json\/wp\/v2\/pages\/3747","targetHints":{"allow":["GET"]}}],"collection":[{"href":"https:\/\/genevaways.com\/fr\/wp-json\/wp\/v2\/pages"}],"about":[{"href":"https:\/\/genevaways.com\/fr\/wp-json\/wp\/v2\/types\/page"}],"author":[{"embeddable":true,"href":"https:\/\/genevaways.com\/fr\/wp-json\/wp\/v2\/users\/4"}],"replies":[{"embeddable":true,"href":"https:\/\/genevaways.com\/fr\/wp-json\/wp\/v2\/comments?post=3747"}],"version-history":[{"count":10,"href":"https:\/\/genevaways.com\/fr\/wp-json\/wp\/v2\/pages\/3747\/revisions"}],"predecessor-version":[{"id":7112,"href":"https:\/\/genevaways.com\/fr\/wp-json\/wp\/v2\/pages\/3747\/revisions\/7112"}],"wp:attachment":[{"href":"https:\/\/genevaways.com\/fr\/wp-json\/wp\/v2\/media?parent=3747"}],"curies":[{"name":"wp","href":"https:\/\/api.w.org\/{rel}","templated":true}]}}