{"id":3755,"date":"2024-10-17T10:59:28","date_gmt":"2024-10-17T08:59:28","guid":{"rendered":"https:\/\/genevaways.com\/chambery\/"},"modified":"2026-01-31T04:00:48","modified_gmt":"2026-01-31T03:00:48","slug":"chambery","status":"publish","type":"page","link":"https:\/\/genevaways.com\/fr\/chambery\/","title":{"rendered":"Chamb\u00e9ry"},"content":{"rendered":"<div class=\"wpb-content-wrapper\"><p>[vc_row type=&#8221;full_width_section&#8221;][vc_column]<h3 class=\"center-title\">Transfert de Gen\u00e8ve vers Chamb\u00e9ry<br \/>\n<\/h3><div class=\"title-block2\"><\/div>[vc_column_text]<\/p>\n<h3 data-start=\"0\" data-end=\"72\">Transferts de luxe de l\u2019a\u00e9roport de Gen\u00e8ve \u00e0 Chamb\u00e9ry avec Mercedes-Benz<\/h3>\n<p data-start=\"74\" data-end=\"459\">D\u00e9couvrez un confort et un luxe ultimes avec nos services de transfert exclusifs de <a href=\"https:\/\/www.gva.ch\/en\/\" target=\"_blank\" rel=\"noopener\">l\u2019a\u00e9roport de Gen\u00e8ve<\/a> \u00e0 Chamb\u00e9ry. Que vous voyagiez pour affaires ou pour le loisir, nous proposons une s\u00e9lection premium de v\u00e9hicules Mercedes-Benz adapt\u00e9e \u00e0 vos besoins sp\u00e9cifiques. Des berlines \u00e9l\u00e9gantes aux vans spacieux, nous garantissons un trajet fluide qui combine style, confort et efficacit\u00e9.<\/p>\n<h3 data-start=\"461\" data-end=\"525\">Pourquoi choisir nos services de transfert de Gen\u00e8ve \u00e0 Chamb\u00e9ry?<\/h3>\n<ol data-start=\"527\" data-end=\"990\">\n<li data-start=\"527\" data-end=\"636\">\n<p data-start=\"530\" data-end=\"636\">Confort sur mesure: Notre flotte de v\u00e9hicules Mercedes-Benz garantit un trajet sophistiqu\u00e9 et confortable.<\/p>\n<\/li>\n<li data-start=\"637\" data-end=\"758\">\n<p data-start=\"640\" data-end=\"758\">Chauffeurs professionnels: Des chauffeurs exp\u00e9riment\u00e9s et multilingues priorisent votre s\u00e9curit\u00e9 et votre ponctualit\u00e9.<\/p>\n<\/li>\n<li data-start=\"759\" data-end=\"854\">\n<p data-start=\"762\" data-end=\"854\">Ponctualit\u00e9: Arrivez \u00e0 destination \u00e0 l\u2019heure gr\u00e2ce \u00e0 nos services fiables et bien planifi\u00e9s.<\/p>\n<\/li>\n<li data-start=\"855\" data-end=\"990\">\n<p data-start=\"858\" data-end=\"990\">Options flexibles: Des voyageurs en solo aux groupes, nous proposons une gamme d\u2019options de v\u00e9hicules pour r\u00e9pondre \u00e0 chaque besoin.<\/p>\n<\/li>\n<\/ol>\n<h3 data-start=\"992\" data-end=\"1067\">Flotte Mercedes-Benz pour les transferts de l\u2019a\u00e9roport de Gen\u00e8ve \u00e0 Chamb\u00e9ry<\/h3>\n<p data-start=\"1069\" data-end=\"1196\">Notre flotte comprend une gamme de mod\u00e8les Mercedes-Benz luxueux, chacun s\u00e9lectionn\u00e9 pour am\u00e9liorer votre exp\u00e9rience de voyage.<\/p>\n<h3 data-start=\"1198\" data-end=\"1228\">Transferts en Mercedes E-Class<\/h3>\n<p data-start=\"1230\" data-end=\"1497\">Lorsque la sophistication rencontre la praticit\u00e9, notre transfert de l\u2019a\u00e9roport de Gen\u00e8ve \u00e0 Chamb\u00e9ry en Mercedes E-Class est un choix parfait. Id\u00e9ale pour les petits groupes ou les voyageurs en solo, la E-Class assure confort et \u00e9l\u00e9gance tout au long de votre trajet.<\/p>\n<p data-start=\"1499\" data-end=\"1637\">\u27a4 Caract\u00e9ristiques: Si\u00e8ges en cuir, climatisation, int\u00e9rieurs spacieux.<br data-start=\"1570\" data-end=\"1573\" \/>\u27a4 Id\u00e9ale pour: Professionnels, couples ou voyageurs individuels.<\/p>\n<p data-start=\"1639\" data-end=\"1800\">Profitez d\u2019un confort in\u00e9gal\u00e9 avec notre transfert de l\u2019a\u00e9roport de Gen\u00e8ve \u00e0 Chamb\u00e9ry en Mercedes E-Class, offrant une exp\u00e9rience premium adapt\u00e9e \u00e0 vos attentes.<\/p>\n<h3 data-start=\"1802\" data-end=\"1832\">Transferts en Mercedes V-Class<\/h3>\n<p data-start=\"1834\" data-end=\"2092\">Con\u00e7u pour les familles et les groupes plus importants, notre transfert de l\u2019a\u00e9roport de Gen\u00e8ve \u00e0 Chamb\u00e9ry en<a href=\"https:\/\/genevaways.com\/fr\/fleet\/mercedes-v-class\/\"> Mercedes V-Class<\/a> associe espace et luxe. Ce v\u00e9hicule est parfait pour les voyageurs qui recherchent davantage de place pour les bagages et l\u2019assise.<\/p>\n<p data-start=\"2094\" data-end=\"2238\">\u27a4 Caract\u00e9ristiques: Si\u00e8ges modulables, grand espace bagages, et confort sup\u00e9rieur.<br data-start=\"2176\" data-end=\"2179\" \/>\u27a4 Id\u00e9ale pour: Familles, groupes ou \u00e9quipes \u043a\u043e\u0440\u043f\u043e\u0440\u0430\u0442\u0438\u0432ives.<\/p>\n<p data-start=\"2240\" data-end=\"2389\">Pour un transfert de groupe sans accroc, r\u00e9servez notre transfert de l\u2019a\u00e9roport de Gen\u00e8ve \u00e0 Chamb\u00e9ry en Mercedes V-Class pour un trajet incomparable.<\/p>\n<h3 data-start=\"2391\" data-end=\"2421\">Transferts en Mercedes S-Class<\/h3>\n<p data-start=\"2423\" data-end=\"2712\">Pour ceux qui exigent l\u2019incarnation du luxe, notre transfert de l\u2019a\u00e9roport de Gen\u00e8ve \u00e0 Chamb\u00e9ry en Mercedes S-Class offre une exp\u00e9rience extraordinaire. Avec une technologie de pointe et des int\u00e9rieurs de classe mondiale, la S-Class garantit un trajet aussi agr\u00e9able que votre destination.<\/p>\n<p data-start=\"2714\" data-end=\"2908\">\u27a4 Caract\u00e9ristiques: Climatisation avanc\u00e9e, syst\u00e8me audio premium et espace pour les jambes exceptionnel.<br data-start=\"2818\" data-end=\"2821\" \/>\u27a4 Id\u00e9ale pour: VIP, dirigeants ou toute personne recherchant une sophistication ultime.<\/p>\n<p data-start=\"2910\" data-end=\"3049\">Vivez le summum du luxe avec notre transfert de l\u2019a\u00e9roport de Gen\u00e8ve \u00e0 Chamb\u00e9ry en Mercedes S-Class, o\u00f9 confort et prestige se rencontrent.<\/p>\n<h3 data-start=\"3051\" data-end=\"3081\">Transferts en Mercedes Maybach<\/h3>\n<p data-start=\"3083\" data-end=\"3287\">Red\u00e9finissez le luxe avec notre transfert de l\u2019a\u00e9roport de Gen\u00e8ve \u00e0 Chamb\u00e9ry en Mercedes Maybach. Ce v\u00e9hicule ultra-luxueux est con\u00e7u pour ceux qui attendent le meilleur dans chaque aspect de leur trajet.<\/p>\n<p data-start=\"3289\" data-end=\"3481\">\u27a4 Caract\u00e9ristiques: Technologie de pointe, si\u00e8ges inclinables et savoir-faire in\u00e9gal\u00e9.<br data-start=\"3375\" data-end=\"3378\" \/>\u27a4 Id\u00e9ale pour: Clients de haut profil, occasions sp\u00e9ciales ou toute personne recherchant l\u2019exclusivit\u00e9.<\/p>\n<p data-start=\"3483\" data-end=\"3625\">Offrez-vous un luxe absolu avec notre transfert de l\u2019a\u00e9roport de Gen\u00e8ve \u00e0 Chamb\u00e9ry en Mercedes Maybach pour une exp\u00e9rience vraiment m\u00e9morable.<\/p>\n<h3 data-start=\"3627\" data-end=\"3670\">Transferts en Mercedes Sprinter (16 places)<\/h3>\n<p data-start=\"3672\" data-end=\"3899\">Vous voyagez en grand groupe? Optez pour notre transfert de l\u2019a\u00e9roport de Gen\u00e8ve \u00e0 Chamb\u00e9ry en bus Mercedes 16 places. Ce v\u00e9hicule spacieux offre beaucoup de place pour les passagers et les bagages sans compromettre le confort.<\/p>\n<p data-start=\"3901\" data-end=\"4070\">\u27a4 Caract\u00e9ristiques: Si\u00e8ges ajustables, int\u00e9rieurs spacieux et \u00e9quipements modernes.<br data-start=\"3984\" data-end=\"3987\" \/>\u27a4 Id\u00e9ale pour: Groupes de tourisme, \u00e9v\u00e9nements d\u2019entreprise ou r\u00e9unions de famille.<\/p>\n<p data-start=\"4072\" data-end=\"4211\">Choisissez notre transfert de l\u2019a\u00e9roport de Gen\u00e8ve \u00e0 Chamb\u00e9ry en bus Mercedes 16 places pour une exp\u00e9rience de voyage de groupe sans souci.<\/p>\n<h3 data-start=\"4213\" data-end=\"4269\">Principaux avantages de nos transferts Gen\u00e8ve \u2013 Chamb\u00e9ry<\/h3>\n<ol data-start=\"4271\" data-end=\"4653\">\n<li data-start=\"4271\" data-end=\"4364\">\n<p data-start=\"4274\" data-end=\"4364\">Praticit\u00e9: R\u00e9servation simple et options d\u2019horaires flexibles adapt\u00e9es \u00e0 votre itin\u00e9raire.<\/p>\n<\/li>\n<li data-start=\"4365\" data-end=\"4446\">\n<p data-start=\"4368\" data-end=\"4446\">Exp\u00e9rience luxe: V\u00e9hicules Mercedes-Benz haut de gamme pour un trajet premium.<\/p>\n<\/li>\n<li data-start=\"4447\" data-end=\"4552\">\n<p data-start=\"4450\" data-end=\"4552\">S\u00e9curit\u00e9: V\u00e9hicules entretenus r\u00e9guli\u00e8rement et chauffeurs professionnels pour garantir un voyage s\u00fbr.<\/p>\n<\/li>\n<li data-start=\"4553\" data-end=\"4653\">\n<p data-start=\"4556\" data-end=\"4653\">Services personnalisables: Adapt\u00e9s aux besoins des particuliers, des familles et des entreprises.<\/p>\n<\/li>\n<\/ol>\n<h3 data-start=\"4655\" data-end=\"4673\">Autour de Chamb\u00e9ry<\/h3>\n<p data-start=\"4675\" data-end=\"5459\">Situ\u00e9e \u00e0 la porte d\u2019entr\u00e9e des Alpes fran\u00e7aises, Chamb\u00e9ry conserve une forte connexion avec <a href=\"https:\/\/genevaways.com\/fr\/bourg-saint-maurice\/\">Bourg-Saint-Maurice<\/a>, un hub alpin cl\u00e9 dans la vall\u00e9e de la Tarentaise. Alors que Chamb\u00e9ry sert de carrefour r\u00e9gional important reliant Gen\u00e8ve \u00e0 l\u2019int\u00e9rieur des Alpes, Bourg-Saint-Maurice repr\u00e9sente l\u2019un des principaux points d\u2019acc\u00e8s aux stations de montagne en haute altitude. Si vous vous rendez plus profond\u00e9ment dans les Alpes, vous pouvez transiter ou connecter ces deux destinations, faisant de Chamb\u00e9ry une \u00e9tape naturelle vers Bourg-Saint-Maurice pour des s\u00e9jours hivernaux ski et \u00e9t\u00e9 en montagne; des informations suppl\u00e9mentaires sur Bourg-Saint-Maurice et son r\u00f4le dans la r\u00e9gion alpine sont disponibles sur le site officiel du tourisme \u00e0 l\u2019adresse <a class=\"decorated-link\" href=\"https:\/\/www.bourgsaintmaurice.fr\/\" target=\"_new\" rel=\"noopener\" data-start=\"5425\" data-end=\"5458\">https:\/\/www.bourgsaintmaurice.fr\/<\/a>.<\/p>\n<h3 data-start=\"5461\" data-end=\"5518\">Points forts suppl\u00e9mentaires de nos services de transfert<\/h3>\n<p data-start=\"5520\" data-end=\"5849\">\u27a4 Accueil &amp; prise en charge: Nos chauffeurs vous accueilleront \u00e0 l\u2019a\u00e9roport et vous aideront avec vos bagages.<br data-start=\"5630\" data-end=\"5633\" \/>\u27a4 Disponibilit\u00e9 24\/7: R\u00e9servez votre transfert \u00e0 tout moment, de jour comme de nuit.<br data-start=\"5717\" data-end=\"5720\" \/>\u27a4 Mises \u00e0 jour en temps r\u00e9el: Restez inform\u00e9 gr\u00e2ce \u00e0 des mises \u00e0 jour en temps r\u00e9el concernant votre chauffeur et votre v\u00e9hicule.<\/p>\n<h3 data-start=\"5851\" data-end=\"5926\">R\u00e9servez d\u00e8s aujourd\u2019hui votre transfert de l\u2019a\u00e9roport de Gen\u00e8ve \u00e0 Chamb\u00e9ry<\/h3>\n<p data-start=\"5928\" data-end=\"6207\">S\u00e9curisez d\u00e8s aujourd\u2019hui votre transfert de l\u2019a\u00e9roport de Gen\u00e8ve \u00e0 Chamb\u00e9ry en Mercedes E-Class, Mercedes V-Class, Mercedes S-Class, Mercedes Maybach ou bus Mercedes 16 places. D\u00e9couvrez la diff\u00e9rence avec nos services professionnels adapt\u00e9s \u00e0 vos besoins de voyage sp\u00e9cifiques.<\/p>\n<p data-start=\"6209\" data-end=\"6387\" data-is-last-node=\"\" data-is-only-node=\"\">Laissez notre transfert de l\u2019a\u00e9roport de Gen\u00e8ve \u00e0 Chamb\u00e9ry en Mercedes-Benz red\u00e9finir votre fa\u00e7on de voyager. Choisissez le v\u00e9hicule parfait et profitez d\u2019un trajet sans stress .<\/p>\n<p>[\/vc_column_text][\/vc_column][\/vc_row][vc_row][vc_column][vc_empty_space height=&#8221;70px&#8221;][\/vc_column][\/vc_row]<\/p>\n<\/div>","protected":false},"excerpt":{"rendered":"<p>[vc_row type=&#8221;full_width_section&#8221;][vc_column][vc_column_text] Transferts de luxe de l\u2019a\u00e9roport de Gen\u00e8ve \u00e0 Chamb\u00e9ry avec Mercedes-Benz D\u00e9couvrez un confort et un luxe ultimes avec nos services de transfert exclusifs de l\u2019a\u00e9roport de Gen\u00e8ve \u00e0 Chamb\u00e9ry. Que vous voyagiez pour affaires ou pour le loisir, nous proposons une s\u00e9lection premium de v\u00e9hicules Mercedes-Benz adapt\u00e9e \u00e0 vos besoins sp\u00e9cifiques. Des<\/p>\n","protected":false},"author":4,"featured_media":0,"parent":0,"menu_order":0,"comment_status":"closed","ping_status":"closed","template":"","meta":{"footnotes":""},"class_list":["post-3755","page","type-page","status-publish","hentry"],"_links":{"self":[{"href":"https:\/\/genevaways.com\/fr\/wp-json\/wp\/v2\/pages\/3755","targetHints":{"allow":["GET"]}}],"collection":[{"href":"https:\/\/genevaways.com\/fr\/wp-json\/wp\/v2\/pages"}],"about":[{"href":"https:\/\/genevaways.com\/fr\/wp-json\/wp\/v2\/types\/page"}],"author":[{"embeddable":true,"href":"https:\/\/genevaways.com\/fr\/wp-json\/wp\/v2\/users\/4"}],"replies":[{"embeddable":true,"href":"https:\/\/genevaways.com\/fr\/wp-json\/wp\/v2\/comments?post=3755"}],"version-history":[{"count":16,"href":"https:\/\/genevaways.com\/fr\/wp-json\/wp\/v2\/pages\/3755\/revisions"}],"predecessor-version":[{"id":7110,"href":"https:\/\/genevaways.com\/fr\/wp-json\/wp\/v2\/pages\/3755\/revisions\/7110"}],"wp:attachment":[{"href":"https:\/\/genevaways.com\/fr\/wp-json\/wp\/v2\/media?parent=3755"}],"curies":[{"name":"wp","href":"https:\/\/api.w.org\/{rel}","templated":true}]}}