{"id":3757,"date":"2024-10-17T10:59:31","date_gmt":"2024-10-17T08:59:31","guid":{"rendered":"https:\/\/genevaways.com\/cannes\/"},"modified":"2026-04-29T09:31:32","modified_gmt":"2026-04-29T07:31:32","slug":"cannes","status":"publish","type":"page","link":"https:\/\/genevaways.com\/fr\/cannes\/","title":{"rendered":"Cannes"},"content":{"rendered":"<div class=\"wpb-content-wrapper\"><p>[vc_row type=&#8221;full_width_section&#8221;][vc_column]<h3 class=\"center-title\">Transfert de Gen\u00e8ve vers Cannes<br \/>\n<\/h3><div class=\"title-block2\"><\/div>[vc_column_text]<\/p>\n<div class=\"flex max-w-full flex-col grow\">\n<div class=\"min-h-8 text-message relative flex w-full flex-col items-end gap-2 text-start break-words whitespace-normal [.text-message+&amp;]:mt-1\" dir=\"auto\" data-message-author-role=\"assistant\" data-message-id=\"01cb1e8f-719b-4dd1-96f7-4edd33b2d0b9\" data-message-model-slug=\"gpt-5-2-thinking\">\n<div class=\"flex w-full flex-col gap-1 empty:hidden first:pt-[1px]\">\n<div class=\"markdown prose dark:prose-invert w-full wrap-break-word light markdown-new-styling\">\n<p data-start=\"0\" data-end=\"79\"><strong>Transferts de luxe de l\u2019a\u00e9roport de Gen\u00e8ve \u00e0 Cannes avec des v\u00e9hicules Mercedes<\/strong><\/p>\n<p data-start=\"81\" data-end=\"434\">Voyager de <a href=\"https:\/\/www.gva.ch\/en\/\" target=\"_blank\" rel=\"noopener\">l\u2019a\u00e9roport de Gen\u00e8ve<\/a> \u00e0 Cannes doit \u00eatre aussi luxueux et sans stress que possible. Nos services de transfert premium offrent une exp\u00e9rience exquise avec une flotte de v\u00e9hicules Mercedes adapt\u00e9e \u00e0 vos besoins. Que vous voyagiez seul, en famille ou en grand groupe, nos options vari\u00e9es garantissent un trajet \u00e0 la fois confortable et m\u00e9morable.<\/p>\n<h3 data-start=\"436\" data-end=\"468\">Pourquoi choisir notre service de transfert ?<\/h3>\n<ol data-start=\"470\" data-end=\"932\">\n<li data-start=\"470\" data-end=\"592\">\n<p data-start=\"473\" data-end=\"592\">Chauffeurs professionnels: Tous nos chauffeurs sont exp\u00e9riment\u00e9s, courtois et ponctuels, garantissant un trajet fluide.<\/p>\n<\/li>\n<li data-start=\"593\" data-end=\"734\">\n<p data-start=\"596\" data-end=\"734\">Confort sur mesure: Des int\u00e9rieurs spacieux aux \u00e9quipements luxueux, chaque v\u00e9hicule Mercedes de notre flotte garantit un confort maximal.<\/p>\n<\/li>\n<li data-start=\"735\" data-end=\"831\">\n<p data-start=\"738\" data-end=\"831\">Ponctualit\u00e9: Nous priorisons votre emploi du temps, en offrant un service fiable et ponctuel.<\/p>\n<\/li>\n<li data-start=\"832\" data-end=\"932\">\n<p data-start=\"835\" data-end=\"932\">Options personnalisables: Choisissez le v\u00e9hicule qui correspond le mieux \u00e0 vos besoins de voyage.<\/p>\n<\/li>\n<\/ol>\n<h3 data-start=\"934\" data-end=\"997\">Transferts en Mercedes E-Class de l\u2019a\u00e9roport de Gen\u00e8ve \u00e0 Cannes<\/h3>\n<p data-start=\"999\" data-end=\"1329\">Pour ceux qui recherchent un \u00e9quilibre entre \u00e9l\u00e9gance et fonctionnalit\u00e9, la Mercedes E-Class est le choix parfait. Cette berline ex\u00e9cutive est id\u00e9ale pour les voyageurs en solo ou les petits groupes. R\u00e9servez votre transfert de l\u2019a\u00e9roport de Gen\u00e8ve \u00e0 Cannes en Mercedes E-Class pour vivre la sophistication \u00e0 son plus haut niveau.<\/p>\n<p data-start=\"1331\" data-end=\"1353\">Caract\u00e9ristiques cl\u00e9s:<\/p>\n<p data-start=\"1355\" data-end=\"1451\">\u27a4 Design int\u00e9rieur luxueux<br data-start=\"1381\" data-end=\"1384\" \/>\u27a4 Grand espace pour les bagages<br data-start=\"1415\" data-end=\"1418\" \/>\u27a4 Conduite douce et silencieuse<\/p>\n<p data-start=\"1453\" data-end=\"1713\">Lorsque vous r\u00e9servez un transfert de l\u2019a\u00e9roport de Gen\u00e8ve \u00e0 Cannes en Mercedes E-Class, vous choisissez le confort et le style sans compromis. Vivez d\u00e8s aujourd\u2019hui une qualit\u00e9 in\u00e9gal\u00e9e avec nos transferts en Mercedes E-Class de l\u2019a\u00e9roport de Gen\u00e8ve \u00e0 Cannes!<\/p>\n<h3 data-start=\"1715\" data-end=\"1778\">Transferts en Mercedes <a href=\"https:\/\/genevaways.com\/fr\/fleet\/mercedes-v-class\/\">V-Class<\/a> de l\u2019a\u00e9roport de Gen\u00e8ve \u00e0 Cannes<\/h3>\n<p data-start=\"1780\" data-end=\"2139\">Pour les familles ou les groupes plus importants, la Mercedes V-Class est une option polyvalente et spacieuse. Offrant de nombreux si\u00e8ges et un int\u00e9rieur haut de gamme, elle garantit une exp\u00e9rience de voyage premium. Optez pour un transfert de l\u2019a\u00e9roport de Gen\u00e8ve \u00e0 Cannes en Mercedes V-Class pour profiter de la combinaison parfaite entre praticit\u00e9 et luxe.<\/p>\n<p data-start=\"2141\" data-end=\"2169\">Pourquoi choisir la V-Class?<\/p>\n<p data-start=\"2171\" data-end=\"2331\">\u27a4 Si\u00e8ges confortables jusqu\u2019\u00e0 7 passagers<br data-start=\"2212\" data-end=\"2215\" \/>\u27a4 Finitions luxueuses et fonctionnalit\u00e9s avanc\u00e9es<br data-start=\"2264\" data-end=\"2267\" \/>\u27a4 Id\u00e9ale pour les voyages en groupe ou les occasions sp\u00e9ciales<\/p>\n<p data-start=\"2333\" data-end=\"2486\">S\u00e9curisez votre transfert de l\u2019a\u00e9roport de Gen\u00e8ve \u00e0 Cannes en Mercedes V-Class et profitez de chaque instant de votre trajet dans le confort et le style.<\/p>\n<h3 data-start=\"2488\" data-end=\"2551\">Transferts en Mercedes S-Class de l\u2019a\u00e9roport de Gen\u00e8ve \u00e0 Cannes<\/h3>\n<p data-start=\"2553\" data-end=\"2810\">Vous voyagez pour affaires ou une occasion sp\u00e9ciale? La Mercedes S-Class offre une \u00e9l\u00e9gance et des performances incomparables. Un transfert de l\u2019a\u00e9roport de Gen\u00e8ve \u00e0 Cannes en Mercedes S-Class vous assure d\u2019arriver dans le luxe et la sophistication ultimes.<\/p>\n<p data-start=\"2812\" data-end=\"2847\">Qu\u2019est-ce qui distingue la S-Class?<\/p>\n<p data-start=\"2849\" data-end=\"2943\">\u27a4 Technologie de pointe<br data-start=\"2872\" data-end=\"2875\" \/>\u27a4 Confort sup\u00e9rieur et luxe<br data-start=\"2902\" data-end=\"2905\" \/>\u27a4 Qualit\u00e9 de conduite exceptionnelle<\/p>\n<p data-start=\"2945\" data-end=\"3094\">Vivez le prestige avec un transfert en Mercedes S-Class de l\u2019a\u00e9roport de Gen\u00e8ve \u00e0 Cannes. R\u00e9servez maintenant et sublimez votre exp\u00e9rience de voyage.<\/p>\n<h3 data-start=\"3096\" data-end=\"3159\">Transferts en Mercedes Maybach de l\u2019a\u00e9roport de Gen\u00e8ve \u00e0 Cannes<\/h3>\n<p data-start=\"3161\" data-end=\"3383\">Pour ceux qui exigent le summum du luxe, la Mercedes Maybach est le choix ultime. Un transfert de l\u2019a\u00e9roport de Gen\u00e8ve \u00e0 Cannes en Mercedes Maybach red\u00e9finit l\u2019\u00e9l\u00e9gance, faisant de chaque trajet une exp\u00e9rience inoubliable.<\/p>\n<p data-start=\"3385\" data-end=\"3422\">Points forts de l\u2019exp\u00e9rience Maybach:<\/p>\n<p data-start=\"3424\" data-end=\"3550\">\u27a4 Luxe et savoir-faire in\u00e9gal\u00e9s<br data-start=\"3455\" data-end=\"3458\" \/>\u27a4 Fonctionnalit\u00e9s de confort avanc\u00e9es pour les passagers<br data-start=\"3514\" data-end=\"3517\" \/>\u27a4 Parfaite pour les voyages VIP<\/p>\n<p data-start=\"3552\" data-end=\"3690\">R\u00e9servez votre transfert de l\u2019a\u00e9roport de Gen\u00e8ve \u00e0 Cannes en Mercedes Maybach et offrez-vous la meilleure exp\u00e9rience de voyage disponible.<\/p>\n<h3 data-start=\"3692\" data-end=\"3761\">Transferts en bus Mercedes 16 places de l\u2019a\u00e9roport de Gen\u00e8ve \u00e0 Cannes<\/h3>\n<p data-start=\"3763\" data-end=\"4042\">Pour les grands groupes, notre bus Mercedes 16 places offre la solution parfaite. Avec des si\u00e8ges spacieux et des \u00e9quipements avanc\u00e9s, un transfert de l\u2019a\u00e9roport de Gen\u00e8ve \u00e0 Cannes en bus Mercedes 16 places garantit que tout le monde voyage confortablement et en toute praticit\u00e9.<\/p>\n<p data-start=\"4044\" data-end=\"4078\">Pourquoi choisir le bus 16 places?<\/p>\n<p data-start=\"4080\" data-end=\"4248\">\u27a4 Accueille les grands groupes sans effort<br data-start=\"4122\" data-end=\"4125\" \/>\u27a4 \u00c9quip\u00e9 de fonctionnalit\u00e9s modernes pour le confort<br data-start=\"4177\" data-end=\"4180\" \/>\u27a4 Id\u00e9al pour les \u00e9v\u00e9nements d\u2019entreprise ou les vacances en groupe<\/p>\n<p data-start=\"4250\" data-end=\"4396\">R\u00e9servez d\u00e8s aujourd\u2019hui votre transfert en bus Mercedes 16 places de l\u2019a\u00e9roport de Gen\u00e8ve \u00e0 Cannes et profitez d\u2019une exp\u00e9rience de voyage fluide.<\/p>\n<h3 data-start=\"4398\" data-end=\"4470\">Nice et Cannes: Des destinations parfaitement reli\u00e9es sur la C\u00f4te d\u2019Azur<\/h3>\n<p data-start=\"4472\" data-end=\"4849\">Les transferts de Gen\u00e8ve \u00e0 Cannes font g\u00e9n\u00e9ralement partie de trajets plus longs et transr\u00e9gionaux reliant la Suisse \u00e0 la C\u00f4te d\u2019Azur. Alors que Gen\u00e8ve sert de porte d\u2019entr\u00e9e internationale pour les voyageurs arrivant d\u2019Europe centrale, Cannes est l\u2019une des destinations les plus embl\u00e9matiques de la Riviera pour les \u00e9v\u00e9nements d\u2019affaires, les festivals et les s\u00e9jours de luxe.<\/p>\n<p data-start=\"4851\" data-end=\"5242\">\u00c0 l\u2019arriv\u00e9e sur la C\u00f4te d\u2019Azur, Cannes est \u00e9troitement reli\u00e9e \u00e0<a href=\"https:\/\/genevaways.com\/fr\/nice\/\"><span style=\"text-decoration: underline;\"> Nice<\/span><\/a>, la principale ville d\u2019acc\u00e8s de la r\u00e9gion et si\u00e8ge du principal a\u00e9roport international de la zone. Situ\u00e9es \u00e0 courte distance l\u2019une de l\u2019autre, Nice et Cannes sont souvent combin\u00e9es dans le m\u00eame itin\u00e9raire, que ce soit pour des conf\u00e9rences, des \u00e9v\u00e9nements priv\u00e9s ou des s\u00e9jours prolong\u00e9s le long de la c\u00f4te m\u00e9diterran\u00e9enne.<\/p>\n<p data-start=\"5244\" data-end=\"5617\">Choisir un transfert priv\u00e9 de l\u2019a\u00e9roport de Gen\u00e8ve \u00e0 Cannes permet aux voyageurs de se d\u00e9placer confortablement et efficacement entre les r\u00e9gions, offrant flexibilit\u00e9, intimit\u00e9 et une transition fluide entre la Suisse et le c\u0153ur de la C\u00f4te d\u2019Azur. Les informations officielles pour les visiteurs \u00e0 propos de Nice sont disponibles via <a class=\"decorated-link\" href=\"https:\/\/www.explorenicecotedazur.com\/en\" target=\"_new\" rel=\"noopener\" data-start=\"5578\" data-end=\"5617\">https:\/\/www.explorenicecotedazur.com\/en<\/a><\/p>\n<h3 data-start=\"5619\" data-end=\"5650\">Avantages de r\u00e9server avec nous<\/h3>\n<ol data-start=\"5652\" data-end=\"6050\">\n<li data-start=\"5652\" data-end=\"5738\">\n<p data-start=\"5655\" data-end=\"5738\">Processus de r\u00e9servation simple: R\u00e9servez votre v\u00e9hicule pr\u00e9f\u00e9r\u00e9 en quelques clics.<\/p>\n<\/li>\n<li data-start=\"5739\" data-end=\"5829\">\n<p data-start=\"5742\" data-end=\"5829\">Tarification transparente: Aucun frais cach\u00e9 \u2013 ce que vous voyez est ce que vous payez.<\/p>\n<\/li>\n<li data-start=\"5830\" data-end=\"5924\">\n<p data-start=\"5833\" data-end=\"5924\">Disponibilit\u00e9 24\/7: Nous sommes l\u00e0 pour vous assister \u00e0 tout moment, de jour comme de nuit.<\/p>\n<\/li>\n<li data-start=\"5925\" data-end=\"6050\">\n<p data-start=\"5928\" data-end=\"6050\">V\u00e9hicules d\u2019exception: Tous nos mod\u00e8les Mercedes sont r\u00e9guli\u00e8rement entretenus et r\u00e9vis\u00e9s pour des performances optimales.<\/p>\n<\/li>\n<\/ol>\n<h3 data-start=\"6052\" data-end=\"6088\">R\u00e9servez votre transfert aujourd\u2019hui<\/h3>\n<p data-start=\"6090\" data-end=\"6332\">Que vous recherchiez une berline \u00e9l\u00e9gante, un van spacieux ou une Maybach luxueuse, nous avons le v\u00e9hicule Mercedes parfait pour r\u00e9pondre \u00e0 vos besoins. Vivez le meilleur du voyage de luxe avec nos transferts de l\u2019a\u00e9roport de Gen\u00e8ve \u00e0 Cannes.<\/p>\n<p data-start=\"6334\" data-end=\"6467\">Laissez-nous faire de votre trajet de l\u2019a\u00e9roport de Gen\u00e8ve \u00e0 Cannes une exp\u00e9rience inoubliable. Choisissez parmi nos options premium:<\/p>\n<p data-start=\"6469\" data-end=\"6809\">\u27a4 Transfert de l\u2019a\u00e9roport de Gen\u00e8ve \u00e0 Cannes en Mercedes E-Class<br data-start=\"6533\" data-end=\"6536\" \/>\u27a4 Transfert de l\u2019a\u00e9roport de Gen\u00e8ve \u00e0 Cannes en Mercedes V-Class<br data-start=\"6600\" data-end=\"6603\" \/>\u27a4 Transfert de l\u2019a\u00e9roport de Gen\u00e8ve \u00e0 Cannes en Mercedes S-Class<br data-start=\"6667\" data-end=\"6670\" \/>\u27a4 Transfert de l\u2019a\u00e9roport de Gen\u00e8ve \u00e0 Cannes en Mercedes Maybach<br data-start=\"6734\" data-end=\"6737\" \/>\u27a4 Transfert de l\u2019a\u00e9roport de Gen\u00e8ve \u00e0 Cannes en bus Mercedes 16 places<\/p>\n<p data-start=\"6811\" data-end=\"6924\" data-is-last-node=\"\" data-is-only-node=\"\">Contactez-nous d\u00e8s maintenant pour r\u00e9server votre transfert et profiter de l\u2019exp\u00e9rience de voyage de luxe ultime.<\/p>\n<\/div>\n<\/div>\n<\/div>\n<\/div>\n<div class=\"z-0 flex min-h-[46px] justify-start\"><\/div>\n<div class=\"mt-3 w-full empty:hidden\">\n<div class=\"text-center\">\n<div>\n<div class=\"inline-flex border border-gray-100 dark:border-gray-700 rounded-xl\">\n<div class=\"text-token-text-secondary flex items-center justify-center gap-4 px-4 py-2.5 text-sm whitespace-nowrap\"><\/div>\n<\/div>\n<\/div>\n<\/div>\n<\/div>\n<p>[\/vc_column_text][\/vc_column][\/vc_row][vc_row][vc_column][vc_empty_space height=&#8221;70px&#8221;][\/vc_column][\/vc_row]<\/p>\n<\/div>","protected":false},"excerpt":{"rendered":"<p>[vc_row type=&#8221;full_width_section&#8221;][vc_column][vc_column_text] Transferts de luxe de l\u2019a\u00e9roport de Gen\u00e8ve \u00e0 Cannes avec des v\u00e9hicules Mercedes Voyager de l\u2019a\u00e9roport de Gen\u00e8ve \u00e0 Cannes doit \u00eatre aussi luxueux et sans stress que possible. Nos services de transfert premium offrent une exp\u00e9rience exquise avec une flotte de v\u00e9hicules Mercedes adapt\u00e9e \u00e0 vos besoins. Que vous voyagiez seul, en<\/p>\n","protected":false},"author":4,"featured_media":0,"parent":0,"menu_order":0,"comment_status":"closed","ping_status":"closed","template":"","meta":{"footnotes":""},"class_list":["post-3757","page","type-page","status-publish","hentry"],"_links":{"self":[{"href":"https:\/\/genevaways.com\/fr\/wp-json\/wp\/v2\/pages\/3757","targetHints":{"allow":["GET"]}}],"collection":[{"href":"https:\/\/genevaways.com\/fr\/wp-json\/wp\/v2\/pages"}],"about":[{"href":"https:\/\/genevaways.com\/fr\/wp-json\/wp\/v2\/types\/page"}],"author":[{"embeddable":true,"href":"https:\/\/genevaways.com\/fr\/wp-json\/wp\/v2\/users\/4"}],"replies":[{"embeddable":true,"href":"https:\/\/genevaways.com\/fr\/wp-json\/wp\/v2\/comments?post=3757"}],"version-history":[{"count":12,"href":"https:\/\/genevaways.com\/fr\/wp-json\/wp\/v2\/pages\/3757\/revisions"}],"predecessor-version":[{"id":7394,"href":"https:\/\/genevaways.com\/fr\/wp-json\/wp\/v2\/pages\/3757\/revisions\/7394"}],"wp:attachment":[{"href":"https:\/\/genevaways.com\/fr\/wp-json\/wp\/v2\/media?parent=3757"}],"curies":[{"name":"wp","href":"https:\/\/api.w.org\/{rel}","templated":true}]}}