{"id":3759,"date":"2024-10-31T16:17:00","date_gmt":"2024-10-31T15:17:00","guid":{"rendered":"https:\/\/genevaways.com\/bourg-saint-maurice\/"},"modified":"2026-01-31T03:58:41","modified_gmt":"2026-01-31T02:58:41","slug":"bourg-saint-maurice","status":"publish","type":"page","link":"https:\/\/genevaways.com\/fr\/bourg-saint-maurice\/","title":{"rendered":"Bourg-Saint-Maurice"},"content":{"rendered":"<div class=\"wpb-content-wrapper\"><p>[vc_row type=&#8221;full_width_section&#8221;][vc_column]<h3 class=\"center-title\">Transfert de Gen\u00e8ve vers Bourg-Saint-Maurice<br \/>\n<\/h3><div class=\"title-block2\"><\/div>[vc_column_text]<\/p>\n<p data-start=\"0\" data-end=\"74\">Service de transfert de luxe de l\u2019a\u00e9roport de Gen\u00e8ve \u00e0 Bourg-Saint-Maurice<\/p>\n<p data-start=\"76\" data-end=\"531\">Combien co\u00fbte un transfert de Gen\u00e8ve \u00e0 Bourg-Saint-Maurice en minivan ?<br \/>\nPrix des transferts priv\u00e9s de Gen\u00e8ve \u00e0 Bourg-Saint-Maurice commence \u00e0 840 CHF<br \/>\nCombien de temps dure le transfert de Gen\u00e8ve \u00e0 Bourg-Saint-Maurice en minivan ?<br \/>\nTemps des transferts priv\u00e9s de Gen\u00e8ve \u00e0 Bourg-Saint-Maurice 2h00 minutes<br \/>\nQuelle est la distance d\u2019un transfert de Gen\u00e8ve \u00e0 Bourg-Saint-Maurice en minivan ?<br \/>\nDistance des transferts priv\u00e9s de Gen\u00e8ve \u00e0 Bourg-Saint-Maurice 195 km<\/p>\n<p data-start=\"533\" data-end=\"1250\"><a href=\"https:\/\/www.gva.ch\/en\/\" target=\"_blank\" rel=\"noopener\">L\u2019a\u00e9roport de Gen\u00e8ve<\/a> est la porte d\u2019entr\u00e9e vers certaines des stations de ski les plus renomm\u00e9es des Alpes fran\u00e7aises, y compris le charmant village de Bourg-Saint-Maurice. Que vous veniez pour une escapade en montagne relaxante ou une aventure de ski palpitante, notre service de transfert de luxe vous assure un trajet fluide, confortable et \u00e9l\u00e9gant jusqu\u2019\u00e0 votre destination. Notre flotte comprend des mod\u00e8les Mercedes premium : la S-Class, l\u2019E-Class, la V-Class et un Sprinter 16 places, chacun con\u00e7u pour offrir un haut niveau de confort et de praticit\u00e9. Voici ce que vous pouvez attendre de notre service professionnel et de nos options de flotte pour un transfert de l\u2019a\u00e9roport de Gen\u00e8ve \u00e0 Bourg-Saint-Maurice.<\/p>\n<h3 data-start=\"1252\" data-end=\"1331\">Pourquoi choisir notre transfert de l\u2019a\u00e9roport de Gen\u00e8ve \u00e0 Bourg-Saint-Maurice?<\/h3>\n<p data-start=\"1333\" data-end=\"1642\">Avec notre transfert de luxe de l\u2019a\u00e9roport de Gen\u00e8ve \u00e0 Bourg-Saint-Maurice, vous \u00eates assur\u00e9 d\u2019une exp\u00e9rience de voyage premium d\u00e8s votre arriv\u00e9e \u00e0 l\u2019a\u00e9roport de Gen\u00e8ve. Nous sommes fiers d\u2019offrir bien plus qu\u2019un simple transport; nous proposons un trajet exceptionnel qui combine confort, style et praticit\u00e9.<\/p>\n<h4 data-start=\"1644\" data-end=\"1730\">Principaux avantages de notre transfert de l\u2019a\u00e9roport de Gen\u00e8ve \u00e0 Bourg-Saint-Maurice:<\/h4>\n<ol data-start=\"1732\" data-end=\"2754\">\n<li data-start=\"1732\" data-end=\"2003\">\n<p data-start=\"1735\" data-end=\"2003\">Chauffeurs professionnels: Nos chauffeurs sont form\u00e9s pour fournir un service courtois, discret et efficace. Familiaris\u00e9s avec l\u2019itin\u00e9raire pour un transfert de l\u2019a\u00e9roport de Gen\u00e8ve \u00e0 Bourg-Saint-Maurice et les environs, ils priorisent votre s\u00e9curit\u00e9 et votre confort.<\/p>\n<\/li>\n<li data-start=\"2004\" data-end=\"2313\">\n<p data-start=\"2007\" data-end=\"2313\">Ponctualit\u00e9 et fiabilit\u00e9: Nous comprenons l\u2019importance du temps, surtout lorsqu\u2019il s\u2019agit de prendre un vol ou d\u2019arriver aux pistes \u00e0 l\u2019heure. Nos chauffeurs suivent votre vol en cas de retard afin d\u2019assurer une prise en charge ponctuelle pour votre transfert de l\u2019a\u00e9roport de Gen\u00e8ve \u00e0 Bourg-Saint-Maurice.<\/p>\n<\/li>\n<li data-start=\"2314\" data-end=\"2548\">\n<p data-start=\"2317\" data-end=\"2548\">Flotte de luxe: Nous entretenons une gamme de v\u00e9hicules Mercedes haut de gamme pour r\u00e9pondre \u00e0 diff\u00e9rents besoins, des voyageurs seuls aux groupes plus importants, pour votre transfert de l\u2019a\u00e9roport de Gen\u00e8ve \u00e0 Bourg-Saint-Maurice.<\/p>\n<\/li>\n<li data-start=\"2549\" data-end=\"2754\">\n<p data-start=\"2552\" data-end=\"2754\">Service porte-\u00e0-porte: \u00c9vitez les complications des transports publics ou de la location de v\u00e9hicule. Nous proposons un service direct pour votre transfert de l\u2019a\u00e9roport de Gen\u00e8ve \u00e0 Bourg-Saint-Maurice.<\/p>\n<\/li>\n<\/ol>\n<h3 data-start=\"2756\" data-end=\"2835\">Notre flotte pour votre transfert de l\u2019a\u00e9roport de Gen\u00e8ve \u00e0 Bourg-Saint-Maurice<\/h3>\n<p data-start=\"2837\" data-end=\"3108\">Nous proposons une s\u00e9lection de v\u00e9hicules de luxe adapt\u00e9s \u00e0 votre style de voyage et \u00e0 la taille de votre groupe. Chaque v\u00e9hicule est m\u00e9ticuleusement entretenu et \u00e9quip\u00e9 d\u2019\u00e9quipements haut de gamme pour un transfert relaxant de l\u2019a\u00e9roport de Gen\u00e8ve \u00e0 Bourg-Saint-Maurice.<\/p>\n<h4 data-start=\"3110\" data-end=\"3146\">Mercedes S-Class \u2014 Le summum du luxe<\/h4>\n<p data-start=\"3148\" data-end=\"3509\">La Mercedes S-Class fixe la r\u00e9f\u00e9rence du voyage de luxe. Ce mod\u00e8le est id\u00e9al pour les voyageurs qui recherchent le meilleur confort et la plus grande sophistication durant leur transfert de l\u2019a\u00e9roport de Gen\u00e8ve \u00e0 Bourg-Saint-Maurice. Avec son int\u00e9rieur \u00e9l\u00e9gant, sa technologie avanc\u00e9e et son design spacieux, la S-Class promet une exp\u00e9rience de voyage in\u00e9gal\u00e9e.<\/p>\n<p data-start=\"3511\" data-end=\"3666\">\u27a4 Recommand\u00e9e pour: Voyageurs seuls, cadres dirigeants ou couples \u00e0 la recherche du transfert de luxe ultime de l\u2019a\u00e9roport de Gen\u00e8ve \u00e0 Bourg-Saint-Maurice.<\/p>\n<h4 data-start=\"3668\" data-end=\"3706\">Mercedes E-Class \u2014 Confort et \u00e9l\u00e9gance<\/h4>\n<p data-start=\"3708\" data-end=\"4074\">La Mercedes E-Class est le parfait \u00e9quilibre entre luxe et praticit\u00e9. Ce v\u00e9hicule offre une option \u00e9l\u00e9gante et abordable pour ceux qui souhaitent une exp\u00e9rience de transfert raffin\u00e9e de l\u2019a\u00e9roport de Gen\u00e8ve \u00e0 Bourg-Saint-Maurice. Avec son design \u00e9l\u00e9gant et sa conduite souple, la E-Class convient aussi bien aux voyages personnels qu\u2019aux d\u00e9placements professionnels.<\/p>\n<p data-start=\"4076\" data-end=\"4261\">\u27a4 Recommand\u00e9e pour: Petites familles, voyageurs individuels ou voyageurs d\u2019affaires recherchant confort et praticit\u00e9 durant leur transfert de l\u2019a\u00e9roport de Gen\u00e8ve \u00e0 Bourg-Saint-Maurice.<\/p>\n<h4 data-start=\"4263\" data-end=\"4328\"><a href=\"https:\/\/genevaways.com\/fr\/fleet\/mercedes-v-class\/\">Mercedes V-Class<\/a> \u2014 Id\u00e9ale pour les familles et les petits groupes<\/h4>\n<p data-start=\"4330\" data-end=\"4665\">La Mercedes V-Class offre des si\u00e8ges spacieux et une grande capacit\u00e9 pour les bagages, ce qui en fait un choix appr\u00e9ci\u00e9 des familles ou des groupes durant leur transfert de l\u2019a\u00e9roport de Gen\u00e8ve \u00e0 Bourg-Saint-Maurice. Avec des si\u00e8ges confortables jusqu\u2019\u00e0 sept passagers, la V-Class vous permet de voyager ensemble avec aisance et style.<\/p>\n<p data-start=\"4667\" data-end=\"4839\">\u27a4 Recommand\u00e9e pour: Familles, amis ou petits groupes voyageant avec du mat\u00e9riel de ski ou plusieurs bagages pour un transfert de l\u2019a\u00e9roport de Gen\u00e8ve \u00e0 Bourg-Saint-Maurice.<\/p>\n<h4 data-start=\"4841\" data-end=\"4892\">Mercedes Sprinter \u2014 Parfait pour les grands groupes<\/h4>\n<p data-start=\"4894\" data-end=\"5230\">Le Mercedes Sprinter est un choix id\u00e9al pour les grands groupes, pouvant accueillir jusqu\u2019\u00e0 16 passagers confortablement pour leur transfert de l\u2019a\u00e9roport de Gen\u00e8ve \u00e0 Bourg-Saint-Maurice. Ce v\u00e9hicule spacieux permet \u00e0 tout votre groupe de voyager ensemble, ce qui en fait une option pratique et agr\u00e9able pour les d\u00e9placements en groupe.<\/p>\n<p data-start=\"5232\" data-end=\"5402\">\u27a4 Recommand\u00e9e pour: Grandes familles, groupes d\u2019amis, \u00e9v\u00e9nements d\u2019entreprise ou groupes de ski ayant besoin d\u2019un transfert de l\u2019a\u00e9roport de Gen\u00e8ve \u00e0 Bourg-Saint-Maurice.<\/p>\n<h3 data-start=\"5404\" data-end=\"5499\">\u00c0 quoi s\u2019attendre avec notre service de transfert de l\u2019a\u00e9roport de Gen\u00e8ve \u00e0 Bourg-Saint-Maurice<\/h3>\n<p data-start=\"5501\" data-end=\"5809\">Notre service de transfert de luxe de l\u2019a\u00e9roport de Gen\u00e8ve \u00e0 Bourg-Saint-Maurice est con\u00e7u pour r\u00e9pondre \u00e0 tous vos besoins de voyage avec un haut niveau de soin et de professionnalisme. Lorsque vous r\u00e9servez un transfert de l\u2019a\u00e9roport de Gen\u00e8ve \u00e0 Bourg-Saint-Maurice avec nous, vous pouvez vous attendre \u00e0 :<\/p>\n<ol data-start=\"5811\" data-end=\"6683\">\n<li data-start=\"5811\" data-end=\"6039\">\n<p data-start=\"5814\" data-end=\"6039\">Processus de r\u00e9servation simple: Nous proposons un syst\u00e8me de r\u00e9servation en ligne simplifi\u00e9, vous permettant de choisir votre v\u00e9hicule et de planifier votre transfert de l\u2019a\u00e9roport de Gen\u00e8ve \u00e0 Bourg-Saint-Maurice \u00e0 l\u2019avance.<\/p>\n<\/li>\n<li data-start=\"6040\" data-end=\"6261\">\n<p data-start=\"6043\" data-end=\"6261\">Service personnalis\u00e9: Nos chauffeurs vous accueillent \u00e0 la zone d\u2019arriv\u00e9e, vous assistent avec les bagages et vous fournissent des informations au sujet de votre transfert de l\u2019a\u00e9roport de Gen\u00e8ve \u00e0 Bourg-Saint-Maurice.<\/p>\n<\/li>\n<li data-start=\"6262\" data-end=\"6509\">\n<p data-start=\"6265\" data-end=\"6509\">Itin\u00e9raire panoramique: Le trajet de l\u2019a\u00e9roport de Gen\u00e8ve \u00e0 Bourg-Saint-Maurice offre des vues \u00e0 couper le souffle sur les Alpes, rendant votre transfert de l\u2019a\u00e9roport de Gen\u00e8ve \u00e0 Bourg-Saint-Maurice aussi agr\u00e9able que la destination elle-m\u00eame.<\/p>\n<\/li>\n<li data-start=\"6510\" data-end=\"6683\">\n<p data-start=\"6513\" data-end=\"6683\">Horaires flexibles: Que vous arriviez t\u00f4t le matin ou tard dans la nuit, notre service fonctionne 24h\/24 afin de vous assurer d\u2019atteindre Bourg-Saint-Maurice sans retard.<\/p>\n<\/li>\n<\/ol>\n<h3 data-start=\"6685\" data-end=\"6743\">L\u2019itin\u00e9raire : A\u00e9roport de Gen\u00e8ve vers Bourg-Saint-Maurice<\/h3>\n<p data-start=\"6745\" data-end=\"7228\">L\u2019itin\u00e9raire de l\u2019a\u00e9roport de Gen\u00e8ve \u00e0 Bourg-Saint-Maurice dure environ deux heures, couvrant environ 130 kilom\u00e8tres. Nos chauffeurs connaissent bien le terrain et les conditions locales, garantissant un trajet fluide et s\u00fbr durant votre transfert de l\u2019a\u00e9roport de Gen\u00e8ve \u00e0 Bourg-Saint-Maurice. Nous priorisons votre s\u00e9curit\u00e9 et votre confort, en prenant en charge tous les aspects du trajet afin que vous puissiez vous d\u00e9tendre, vous relaxer et profiter de l\u2019itin\u00e9raire panoramique.<\/p>\n<h3 data-start=\"7230\" data-end=\"7259\">Autour de Bourg-Saint-Maurice<\/h3>\n<p data-start=\"7261\" data-end=\"8058\">En tant que principal point d\u2019acc\u00e8s \u00e0 la vall\u00e9e de la Tarentaise, Bourg-Saint-Maurice est directement reli\u00e9e \u00e0 <a href=\"https:\/\/genevaways.com\/fr\/les-arcs\/\"><span style=\"text-decoration: underline;\">Les Arcs<\/span><\/a>, l\u2019une des stations de ski les plus renomm\u00e9es des Alpes fran\u00e7aises. Reli\u00e9es par un funiculaire et des routes de montagne, Bourg-Saint-Maurice fonctionne comme le principal hub d\u2019arriv\u00e9e pour les voyageurs se rendant \u00e0 Les Arcs, rendant ces deux destinations indissociables en hiver comme en \u00e9t\u00e9. Alors que Bourg-Saint-Maurice offre des connexions de transport essentielles et des services en vall\u00e9e, Les Arcs est connue pour ses pistes en altitude, ses vues alpines panoramiques et ses villages ski-in ski-out. De plus amples informations sur la station et ses zones de montagne sont disponibles sur le site officiel du tourisme de Les Arcs \u00e0 l\u2019adresse <a class=\"decorated-link\" href=\"https:\/\/www.lesarcs.com\" target=\"_new\" rel=\"noopener\" data-start=\"8034\" data-end=\"8057\">https:\/\/www.lesarcs.com<\/a>.<\/p>\n<h3 data-start=\"8060\" data-end=\"8154\">Avantages de r\u00e9server votre transfert de l\u2019a\u00e9roport de Gen\u00e8ve \u00e0 Bourg-Saint-Maurice \u00e0 l\u2019avance<\/h3>\n<p data-start=\"8156\" data-end=\"8265\">R\u00e9server \u00e0 l\u2019avance votre transfert de l\u2019a\u00e9roport de Gen\u00e8ve \u00e0 Bourg-Saint-Maurice offre plusieurs avantages :<\/p>\n<ol data-start=\"8267\" data-end=\"8904\">\n<li data-start=\"8267\" data-end=\"8401\">\n<p data-start=\"8270\" data-end=\"8401\">Disponibilit\u00e9 garantie: En r\u00e9servant votre v\u00e9hicule t\u00f4t, vous vous assurez que votre mod\u00e8le pr\u00e9f\u00e9r\u00e9 est disponible \u00e0 votre arriv\u00e9e.<\/p>\n<\/li>\n<li data-start=\"8402\" data-end=\"8615\">\n<p data-start=\"8405\" data-end=\"8615\">Prix fixe: \u00c9vitez les majorations ou frais impr\u00e9vus en r\u00e9servant \u00e0 l\u2019avance. Nos tarifs sont transparents et fix\u00e9s au moment de la r\u00e9servation pour votre transfert de l\u2019a\u00e9roport de Gen\u00e8ve \u00e0 Bourg-Saint-Maurice.<\/p>\n<\/li>\n<li data-start=\"8616\" data-end=\"8904\">\n<p data-start=\"8619\" data-end=\"8904\">Tranquillit\u00e9 d\u2019esprit: Apr\u00e8s un long vol, la derni\u00e8re chose dont vous voulez vous soucier est l\u2019organisation du transport. Avec notre service pr\u00e9-r\u00e9serv\u00e9, tout est organis\u00e9 pour votre transfert de l\u2019a\u00e9roport de Gen\u00e8ve \u00e0 Bourg-Saint-Maurice, et un chauffeur sera pr\u00eat \u00e0 vous accueillir.<\/p>\n<\/li>\n<\/ol>\n<h3 data-start=\"8906\" data-end=\"9013\">Choisissez la meilleure option de transfert pour votre trajet de l\u2019a\u00e9roport de Gen\u00e8ve \u00e0 Bourg-Saint-Maurice<\/h3>\n<p data-start=\"9015\" data-end=\"9403\">Que vous recherchiez le luxe de la Mercedes S-Class, l\u2019\u00e9l\u00e9gance pratique de l\u2019E-Class, le confort spacieux de la V-Class ou le Sprinter adapt\u00e9 aux groupes, notre flotte a une option pour r\u00e9pondre \u00e0 vos besoins. Chaque v\u00e9hicule est s\u00e9lectionn\u00e9 pour offrir le plus haut niveau de confort, de style et d\u2019efficacit\u00e9 pour le transfert panoramique de l\u2019a\u00e9roport de Gen\u00e8ve \u00e0 Bourg-Saint-Maurice.<\/p>\n<p data-start=\"9405\" data-end=\"9788\" data-is-last-node=\"\" data-is-only-node=\"\">Notre transfert de l\u2019a\u00e9roport de Gen\u00e8ve \u00e0 Bourg-Saint-Maurice est bien plus qu\u2019un simple trajet; c\u2019est le d\u00e9but de votre exp\u00e9rience alpine, vous permettant de commencer votre voyage avec style et d\u00e9tente. R\u00e9servez d\u00e8s aujourd\u2019hui votre transfert de l\u2019a\u00e9roport de Gen\u00e8ve \u00e0 Bourg-Saint-Maurice et laissez-nous prendre soin de votre trajet vers l\u2019une des plus belles stations des Alpes.<\/p>\n<p>[\/vc_column_text][\/vc_column][\/vc_row][vc_row][vc_column][vc_empty_space height=&#8221;70px&#8221;][\/vc_column][\/vc_row]<\/p>\n<\/div>","protected":false},"excerpt":{"rendered":"<p>[vc_row type=&#8221;full_width_section&#8221;][vc_column][vc_column_text] Service de transfert de luxe de l\u2019a\u00e9roport de Gen\u00e8ve \u00e0 Bourg-Saint-Maurice Combien co\u00fbte un transfert de Gen\u00e8ve \u00e0 Bourg-Saint-Maurice en minivan ? Prix des transferts priv\u00e9s de Gen\u00e8ve \u00e0 Bourg-Saint-Maurice commence \u00e0 840 CHF Combien de temps dure le transfert de Gen\u00e8ve \u00e0 Bourg-Saint-Maurice en minivan ? Temps des transferts priv\u00e9s de Gen\u00e8ve<\/p>\n","protected":false},"author":4,"featured_media":0,"parent":0,"menu_order":0,"comment_status":"closed","ping_status":"closed","template":"","meta":{"footnotes":""},"class_list":["post-3759","page","type-page","status-publish","hentry"],"_links":{"self":[{"href":"https:\/\/genevaways.com\/fr\/wp-json\/wp\/v2\/pages\/3759","targetHints":{"allow":["GET"]}}],"collection":[{"href":"https:\/\/genevaways.com\/fr\/wp-json\/wp\/v2\/pages"}],"about":[{"href":"https:\/\/genevaways.com\/fr\/wp-json\/wp\/v2\/types\/page"}],"author":[{"embeddable":true,"href":"https:\/\/genevaways.com\/fr\/wp-json\/wp\/v2\/users\/4"}],"replies":[{"embeddable":true,"href":"https:\/\/genevaways.com\/fr\/wp-json\/wp\/v2\/comments?post=3759"}],"version-history":[{"count":11,"href":"https:\/\/genevaways.com\/fr\/wp-json\/wp\/v2\/pages\/3759\/revisions"}],"predecessor-version":[{"id":7108,"href":"https:\/\/genevaways.com\/fr\/wp-json\/wp\/v2\/pages\/3759\/revisions\/7108"}],"wp:attachment":[{"href":"https:\/\/genevaways.com\/fr\/wp-json\/wp\/v2\/media?parent=3759"}],"curies":[{"name":"wp","href":"https:\/\/api.w.org\/{rel}","templated":true}]}}