{"id":3786,"date":"2024-10-31T16:20:13","date_gmt":"2024-10-31T15:20:13","guid":{"rendered":"https:\/\/genevaways.com\/american-school-leysin\/"},"modified":"2026-01-31T04:59:02","modified_gmt":"2026-01-31T03:59:02","slug":"american-school-leysin","status":"publish","type":"page","link":"https:\/\/genevaways.com\/fr\/american-school-leysin\/","title":{"rendered":"American school Leysin"},"content":{"rendered":"<div class=\"wpb-content-wrapper\"><p>[vc_row type=&#8221;full_width_section&#8221;][vc_column]<h3 class=\"center-title\">American school Leysin<\/h3><div class=\"title-block2\"><\/div>[vc_column_text]<\/p>\n<h1>Service de transfert de luxe de <a href=\"https:\/\/www.gva.ch\/en\" target=\"_blank\" rel=\"noopener\">l\u2019a\u00e9roport<\/a> de Gen\u00e8ve vers l\u2019American School Leysin<\/h1>\n<p><a href=\"https:\/\/www.gva.ch\/en\" target=\"_blank\" rel=\"noopener\"><img loading=\"lazy\" decoding=\"async\" width=\"1024\" height=\"275\" class=\"alignnone size-large wp-image-5391\" src=\"https:\/\/genevaways.com\/wp-content\/uploads\/2025\/05\/Private-Transrs-from-Geneva-to-1024x275.jpeg\" alt=\"Private Transfer from Geneva Airport to\" srcset=\"https:\/\/genevaways.com\/wp-content\/uploads\/2025\/05\/Private-Transrs-from-Geneva-to-1024x275.jpeg 1024w, https:\/\/genevaways.com\/wp-content\/uploads\/2025\/05\/Private-Transrs-from-Geneva-to-300x81.jpeg 300w, https:\/\/genevaways.com\/wp-content\/uploads\/2025\/05\/Private-Transrs-from-Geneva-to-768x206.jpeg 768w, https:\/\/genevaways.com\/wp-content\/uploads\/2025\/05\/Private-Transrs-from-Geneva-to-1536x412.jpeg 1536w, https:\/\/genevaways.com\/wp-content\/uploads\/2025\/05\/Private-Transrs-from-Geneva-to-2048x550.jpeg 2048w, https:\/\/genevaways.com\/wp-content\/uploads\/2025\/05\/Private-Transrs-from-Geneva-to-100x27.jpeg 100w\" sizes=\"auto, (max-width: 1024px) 100vw, 1024px\" \/><\/a><\/p>\n<p>L\u2019a\u00e9roport de Gen\u00e8ve est un hub central pour les voyageurs se rendant vers certaines des meilleures destinations de Suisse, y compris la prestigieuse American School Leysin. Que vous visitiez l\u2019\u00e9cole pour des raisons \u00e9ducatives ou que vous vous rendiez \u00e0 American School Leysin pour une escapade r\u00e9cr\u00e9ative, notre service de transfert de luxe vous garantit un trajet fluide, confortable et \u00e9l\u00e9gant. Notre flotte comprend des mod\u00e8les Mercedes premium : la S-Class, l\u2019E-Class, la V-Class et un Sprinter 16 places, chacun con\u00e7u pour offrir un haut niveau de confort et de praticit\u00e9. Voici ce que vous pouvez attendre de notre service professionnel et de nos options de flotte.<\/p>\n<hr \/>\n<h3>Pourquoi choisir notre service de transfert ?<\/h3>\n<p>Avec notre service de transfert de luxe, vous b\u00e9n\u00e9ficiez d\u2019une exp\u00e9rience de voyage exceptionnelle d\u00e8s votre arriv\u00e9e \u00e0 l\u2019a\u00e9roport de Gen\u00e8ve. Notre service de transfert professionnel, ponctuel et fiable rend le trajet de l\u2019a\u00e9roport de Gen\u00e8ve \u00e0 American School Leysin aussi confortable que possible.<\/p>\n<h4>Principaux avantages de notre service de transfert :<\/h4>\n<ol>\n<li data-start=\"1126\" data-end=\"1351\">\n<p data-start=\"1129\" data-end=\"1351\"><strong>Chauffeurs professionnels<\/strong> : Nos chauffeurs sont form\u00e9s pour offrir un service courtois, discret et efficace. Familiaris\u00e9s avec les itin\u00e9raires vers l\u2019American School Leysin , ils priorisent votre s\u00e9curit\u00e9 et votre confort.<\/p>\n<\/li>\n<li data-start=\"1352\" data-end=\"1628\">\n<p data-start=\"1355\" data-end=\"1628\"><strong>Ponctualit\u00e9 et fiabilit\u00e9<\/strong> : Nous comprenons l\u2019importance du temps, surtout lors de d\u00e9placements vers des institutions comme l\u2019American School Leysin ou des stations telles que . Nos chauffeurs suivent votre vol en cas de retard afin d\u2019assurer une prise en charge ponctuelle.<\/p>\n<\/li>\n<li data-start=\"1629\" data-end=\"1796\">\n<p data-start=\"1632\" data-end=\"1796\"><strong>Flotte de luxe<\/strong> : Nous entretenons une gamme de v\u00e9hicules Mercedes haut de gamme pour r\u00e9pondre \u00e0 diff\u00e9rents besoins, des voyageurs seuls aux groupes plus importants.<\/p>\n<\/li>\n<li data-start=\"1797\" data-end=\"1956\">\n<p data-start=\"1800\" data-end=\"1956\"><strong>Service porte-\u00e0-porte<\/strong> : \u00c9vitez les complications des transports publics. Nous proposons un service direct de l\u2019a\u00e9roport de Gen\u00e8ve \u00e0 American School Leysin .<\/p>\n<\/li>\n<\/ol>\n<hr \/>\n<h3>Notre flotte<\/h3>\n<p>Nous proposons une s\u00e9lection de v\u00e9hicules de luxe adapt\u00e9s \u00e0 votre style de voyage et \u00e0 la taille de votre groupe. Chaque v\u00e9hicule est m\u00e9ticuleusement entretenu et \u00e9quip\u00e9 d\u2019\u00e9quipements haut de gamme, vous offrant un trajet relaxant de l\u2019a\u00e9roport de Gen\u00e8ve \u00e0 American School Leysin .<\/p>\n<h4 data-start=\"2639\" data-end=\"3054\">Mercedes Classe S \u2013 Le summum du luxe<\/h4>\n<p data-start=\"2639\" data-end=\"3054\">La Mercedes Classe S d\u00e9finit les standards du voyage de luxe. Ce mod\u00e8le est id\u00e9al pour les voyageurs recherchant le plus haut niveau de confort et de sophistication lors de leur transfert depuis l\u2019a\u00e9roport de Gen\u00e8ve vers l\u2019American School Leysin. Avec son design spacieux, sa technologie avanc\u00e9e et son int\u00e9rieur \u00e9l\u00e9gant, la Classe S promet une exp\u00e9rience de voyage in\u00e9gal\u00e9e.<\/p>\n<h4 data-start=\"3056\" data-end=\"3380\">Mercedes Classe E \u2013 Confort et \u00e9l\u00e9gance<\/h4>\n<p data-start=\"3056\" data-end=\"3380\">La Mercedes Classe E offre une option \u00e9l\u00e9gante et pratique pour une exp\u00e9rience de transfert raffin\u00e9e depuis l\u2019a\u00e9roport de Gen\u00e8ve vers l\u2019American School Leysin. La Classe E allie luxe et praticit\u00e9, ce qui la rend parfaitement adapt\u00e9e aux d\u00e9placements personnels comme professionnels.<\/p>\n<h4 data-start=\"3382\" data-end=\"3730\"><a href=\"https:\/\/genevaways.com\/fr\/fleet\/mercedes-v-class\/\">Mercedes Classe V<\/a> \u2013 Id\u00e9ale pour les familles et les petits groupes<\/h4>\n<p data-start=\"3382\" data-end=\"3730\">La Mercedes Classe V est un choix id\u00e9al pour les familles ou les petits groupes voyageant depuis l\u2019a\u00e9roport de Gen\u00e8ve vers l\u2019American School Leysin. Offrant des si\u00e8ges confortables pour jusqu\u2019\u00e0 sept passagers, la <span style=\"text-decoration: underline;\">Classe V<\/span> vous permet de voyager ensemble avec aisance et \u00e9l\u00e9gance.<\/p>\n<h4 data-start=\"3732\" data-end=\"4033\">Mercedes Sprinter \u2013 Parfait pour les grands groupes<\/h4>\n<p data-start=\"3732\" data-end=\"4033\">Pour les groupes plus importants se rendant depuis l\u2019a\u00e9roport de Gen\u00e8ve vers l\u2019American School Leysin, le Mercedes Sprinter offre des si\u00e8ges spacieux pouvant accueillir jusqu\u2019\u00e0 16 passagers, permettant \u00e0 chacun de voyager confortablement ensemble.<\/p>\n<hr \/>\n<h3 data-start=\"3732\" data-end=\"4033\">\u00c0 quoi s\u2019attendre avec notre service de transfert depuis l\u2019a\u00e9roport de Gen\u00e8ve<\/h3>\n<p data-start=\"2507\" data-end=\"2746\">Notre service de transfert de luxe de l\u2019a\u00e9roport de Gen\u00e8ve \u00e0 American School Leysin est con\u00e7u pour vous offrir le plus haut niveau de soin et de professionnalisme. Lorsque vous r\u00e9servez un transfert avec nous, vous pouvez vous attendre \u00e0 :<\/p>\n<ol data-start=\"2748\" data-end=\"3448\">\n<li data-start=\"2748\" data-end=\"2959\">\n<p data-start=\"2751\" data-end=\"2959\"><strong>Processus de r\u00e9servation simple<\/strong> : Nous proposons un syst\u00e8me de r\u00e9servation en ligne simplifi\u00e9, vous permettant de choisir votre v\u00e9hicule et de planifier votre transfert vers American School Leysin \u00e0 l\u2019avance.<\/p>\n<\/li>\n<li data-start=\"2960\" data-end=\"3149\">\n<p data-start=\"2963\" data-end=\"3149\"><strong>Service personnalis\u00e9<\/strong> : Nos chauffeurs vous accueillent \u00e0 votre arriv\u00e9e, vous assistent avec vos bagages et vous fournissent des informations sur le trajet jusqu\u2019\u00e0 American School Leysin.<\/p>\n<\/li>\n<li data-start=\"3150\" data-end=\"3338\">\n<p data-start=\"3153\" data-end=\"3338\"><strong>Itin\u00e9raire panoramique<\/strong> : Le trajet de l\u2019a\u00e9roport de Gen\u00e8ve \u00e0 American School Leysin offre des vues \u00e0 couper le souffle sur les paysages montagneux de Suisse, rendant le voyage agr\u00e9able.<\/p>\n<\/li>\n<li data-start=\"3339\" data-end=\"3448\">\n<p data-start=\"3342\" data-end=\"3448\"><strong>Horaires flexibles<\/strong> : Nous op\u00e9rons 24h\/24 pour vous assurer d\u2019atteindre American School Leysin sans retard.<\/p>\n<\/li>\n<\/ol>\n<hr \/>\n<h3 data-start=\"3732\" data-end=\"4033\">L\u2019itin\u00e9raire : A\u00e9roport de Gen\u00e8ve \u2013 American School Leysin<\/h3>\n<p>Le trajet de l\u2019a\u00e9roport de Gen\u00e8ve \u00e0 American School Leysin dure g\u00e9n\u00e9ralement environ 1,5 \u00e0 2 heures, couvrant approximativement 120 kilom\u00e8tres. Nos chauffeurs connaissent tr\u00e8s bien l\u2019itin\u00e9raire, garantissant un trajet fluide et s\u00fbr de l\u2019a\u00e9roport de Gen\u00e8ve \u00e0 American School Leysin \u00e0 travers de magnifiques paysages alpins.<\/p>\n<hr \/>\n<h3>Autour de l\u2019American School Leysin<\/h3>\n<p>Situ\u00e9e dans les Alpes vaudoises, Leysin est \u00e9troitement li\u00e9e \u00e0 <a href=\"https:\/\/genevaways.com\/fr\/villars-sur-ollon\/\"><span style=\"text-decoration: underline;\">Villars-sur-Ollon<\/span><\/a>, une autre destination alpine bien connue qui partage un caract\u00e8re montagnard similaire tout en offrant une atmosph\u00e8re l\u00e9g\u00e8rement diff\u00e9rente. Les deux villes sont install\u00e9es sur des terrasses ensoleill\u00e9es au-dessus de la vall\u00e9e du Rh\u00f4ne et sont appr\u00e9ci\u00e9es pour leur accessibilit\u00e9, leurs activit\u00e9s de plein air et leur attrait international. Si Leysin est largement reconnue pour ses institutions \u00e9ducatives et son environnement alpin paisible, Villars-sur-Ollon est connue pour sa station, ses infrastructures, ses domaines skiables et ses installations tout au long de l\u2019ann\u00e9e, ce qui rend les deux destinations naturellement compl\u00e9mentaires pour les visiteurs qui prolongent leur s\u00e9jour dans la r\u00e9gion. Les voyageurs souhaitant d\u00e9couvrir le mode de vie et les activit\u00e9s alpines de Villars-sur-Ollon peuvent trouver des informations d\u00e9taill\u00e9es via le site officiel du tourisme \u00e0 l\u2019adresse suivante :<br \/>\n<a class=\"decorated-link cursor-pointer\" href=\"https:\/\/www.villars.ch\/en\/\" target=\"_new\" rel=\"noopener\" data-start=\"4892\" data-end=\"4918\">https:\/\/www.villars.ch\/en\/<\/a><\/p>\n<hr \/>\n<h3>Avantages de la r\u00e9servation \u00e0 l\u2019avance<\/h3>\n<p data-start=\"4954\" data-end=\"5066\">R\u00e9server \u00e0 l\u2019avance votre transfert de l\u2019a\u00e9roport de Gen\u00e8ve \u00e0 American School Leysin offre plusieurs avantages :<\/p>\n<ol data-start=\"5068\" data-end=\"5532\">\n<li data-start=\"5068\" data-end=\"5176\">\n<p data-start=\"5071\" data-end=\"5176\">Disponibilit\u00e9 garantie : Assurez votre v\u00e9hicule pr\u00e9f\u00e9r\u00e9 pour votre transfert vers American School Leysin.<\/p>\n<\/li>\n<li data-start=\"5177\" data-end=\"5326\">\n<p data-start=\"5180\" data-end=\"5326\">Prix fixe : \u00c9vitez les frais impr\u00e9vus ou les majorations en r\u00e9servant votre transfert de l\u2019a\u00e9roport de Gen\u00e8ve \u00e0 American School Leysin \u00e0 l\u2019avance.<\/p>\n<\/li>\n<li data-start=\"5327\" data-end=\"5532\">\n<p data-start=\"5330\" data-end=\"5532\">Tranquillit\u00e9 d\u2019esprit : Apr\u00e8s un long vol, vous pouvez vous reposer en sachant qu\u2019un chauffeur sera pr\u00eat \u00e0 vous accueillir \u00e0 l\u2019a\u00e9roport de Gen\u00e8ve et \u00e0 vous conduire directement \u00e0 American School Leysin.<\/p>\n<\/li>\n<\/ol>\n<hr \/>\n<h3>Choisissez la meilleure option de transfert pour votre voyage<\/h3>\n<p data-start=\"5584\" data-end=\"5981\">Que vous ayez besoin du luxe de la Mercedes S-Class, de l\u2019\u00e9l\u00e9gance pratique de l\u2019E-Class, du confort spacieux de la V-Class ou du Sprinter adapt\u00e9 aux groupes, notre flotte est con\u00e7ue pour r\u00e9pondre \u00e0 vos besoins. Nous sommes fiers d\u2019offrir des transferts fiables et de haute qualit\u00e9 de l\u2019a\u00e9roport de Gen\u00e8ve \u00e0 American School Leysin , en veillant \u00e0 ce que chaque trajet soit confortable et pratique.<\/p>\n<p data-start=\"5983\" data-end=\"6244\" data-is-last-node=\"\" data-is-only-node=\"\">Notre service de transfert est bien plus qu\u2019un simple transport ; c\u2019est le d\u00e9but de votre exp\u00e9rience alpine. R\u00e9servez d\u00e8s aujourd\u2019hui votre transfert de l\u2019a\u00e9roport de Gen\u00e8ve \u00e0 American School Leysin et laissez-nous rendre votre voyage aussi fluide que possible.<\/p>\n<p>[\/vc_column_text][\/vc_column][\/vc_row][vc_row][vc_column][vc_empty_space height=&#8221;70px&#8221;][\/vc_column][\/vc_row]<\/p>\n<\/div>","protected":false},"excerpt":{"rendered":"<p>[vc_row type=&#8221;full_width_section&#8221;][vc_column][vc_column_text] Service de transfert de luxe de l\u2019a\u00e9roport de Gen\u00e8ve vers l\u2019American School Leysin L\u2019a\u00e9roport de Gen\u00e8ve est un hub central pour les voyageurs se rendant vers certaines des meilleures destinations de Suisse, y compris la prestigieuse American School Leysin. Que vous visitiez l\u2019\u00e9cole pour des raisons \u00e9ducatives ou que vous vous rendiez \u00e0<\/p>\n","protected":false},"author":4,"featured_media":0,"parent":0,"menu_order":0,"comment_status":"closed","ping_status":"closed","template":"","meta":{"footnotes":""},"class_list":["post-3786","page","type-page","status-publish","hentry"],"_links":{"self":[{"href":"https:\/\/genevaways.com\/fr\/wp-json\/wp\/v2\/pages\/3786","targetHints":{"allow":["GET"]}}],"collection":[{"href":"https:\/\/genevaways.com\/fr\/wp-json\/wp\/v2\/pages"}],"about":[{"href":"https:\/\/genevaways.com\/fr\/wp-json\/wp\/v2\/types\/page"}],"author":[{"embeddable":true,"href":"https:\/\/genevaways.com\/fr\/wp-json\/wp\/v2\/users\/4"}],"replies":[{"embeddable":true,"href":"https:\/\/genevaways.com\/fr\/wp-json\/wp\/v2\/comments?post=3786"}],"version-history":[{"count":8,"href":"https:\/\/genevaways.com\/fr\/wp-json\/wp\/v2\/pages\/3786\/revisions"}],"predecessor-version":[{"id":7162,"href":"https:\/\/genevaways.com\/fr\/wp-json\/wp\/v2\/pages\/3786\/revisions\/7162"}],"wp:attachment":[{"href":"https:\/\/genevaways.com\/fr\/wp-json\/wp\/v2\/media?parent=3786"}],"curies":[{"name":"wp","href":"https:\/\/api.w.org\/{rel}","templated":true}]}}