{"id":3788,"date":"2024-10-31T16:17:35","date_gmt":"2024-10-31T15:17:35","guid":{"rendered":"https:\/\/genevaways.com\/monaco-2\/"},"modified":"2026-01-31T04:29:26","modified_gmt":"2026-01-31T03:29:26","slug":"monaco-2","status":"publish","type":"page","link":"https:\/\/genevaways.com\/fr\/monaco-2\/","title":{"rendered":"Monaco"},"content":{"rendered":"<div class=\"wpb-content-wrapper\"><p>[vc_row type=&#8221;full_width_section&#8221;][vc_column]<h3 class=\"center-title\">Transfert de Gen\u00e8ve \u00e0 Monaco<br \/>\n<\/h3><div class=\"title-block2\"><\/div>[vc_column_text]<\/p>\n<div class=\"flex flex-col text-sm pb-25\">\n<article class=\"text-token-text-primary w-full focus:outline-none [--shadow-height:45px] has-data-writing-block:pointer-events-none has-data-writing-block:-mt-(--shadow-height) has-data-writing-block:pt-(--shadow-height) [&amp;:has([data-writing-block])&gt;*]:pointer-events-auto scroll-mt-[calc(var(--header-height)+min(200px,max(70px,20svh)))]\" dir=\"auto\" tabindex=\"-1\" data-turn-id=\"request-WEB:32cf1d08-cab8-447b-9e8d-02ad21098764-11\" data-testid=\"conversation-turn-24\" data-scroll-anchor=\"true\" data-turn=\"assistant\">\n<div class=\"text-base my-auto mx-auto pb-10 [--thread-content-margin:--spacing(4)] @w-sm\/main:[--thread-content-margin:--spacing(6)] @w-lg\/main:[--thread-content-margin:--spacing(16)] px-(--thread-content-margin)\">\n<div class=\"[--thread-content-max-width:40rem] @w-lg\/main:[--thread-content-max-width:48rem] mx-auto max-w-(--thread-content-max-width) flex-1 group\/turn-messages focus-visible:outline-hidden relative flex w-full min-w-0 flex-col agent-turn\" tabindex=\"-1\">\n<div class=\"flex max-w-full flex-col grow\">\n<div class=\"min-h-8 text-message relative flex w-full flex-col items-end gap-2 text-start break-words whitespace-normal [.text-message+&amp;]:mt-1\" dir=\"auto\" data-message-author-role=\"assistant\" data-message-id=\"a586190d-cff8-45e2-980b-97139a42b6f2\" data-message-model-slug=\"gpt-5-2\">\n<div class=\"flex w-full flex-col gap-1 empty:hidden first:pt-[1px]\">\n<div class=\"markdown prose dark:prose-invert w-full wrap-break-word light markdown-new-styling\">\n<h3 data-start=\"0\" data-end=\"89\"><strong data-start=\"0\" data-end=\"89\">Transferts de luxe de l\u2019a\u00e9roport de Gen\u00e8ve \u00e0 Monaco en Mercedes : confort et \u00e9l\u00e9gance<\/strong><\/h3>\n<p data-start=\"91\" data-end=\"234\"><strong data-start=\"91\" data-end=\"147\">Quel est le co\u00fbt d\u2019un transfert de Gen\u00e8ve \u00e0 Monaco ?<\/strong><br data-start=\"147\" data-end=\"150\" \/>Le prix des transferts priv\u00e9s de Gen\u00e8ve \u00e0 Monaco commence \u00e0 partir de <strong data-start=\"220\" data-end=\"233\">1 680 CHF<\/strong>.<\/p>\n<p data-start=\"236\" data-end=\"372\"><strong data-start=\"236\" data-end=\"295\">Quelle est la dur\u00e9e d\u2019un transfert de Gen\u00e8ve \u00e0 Monaco ?<\/strong><br data-start=\"295\" data-end=\"298\" \/>La dur\u00e9e d\u2019un transfert priv\u00e9 de Gen\u00e8ve \u00e0 Monaco est d\u2019environ <strong data-start=\"361\" data-end=\"371\">6 h 26<\/strong>.<\/p>\n<p data-start=\"374\" data-end=\"505\" data-is-last-node=\"\" data-is-only-node=\"\"><strong data-start=\"374\" data-end=\"425\">Quelle est la distance entre Gen\u00e8ve et Monaco ?<\/strong><br data-start=\"425\" data-end=\"428\" \/>La distance d\u2019un transfert priv\u00e9 de Gen\u00e8ve \u00e0 Monaco est d\u2019environ <strong data-start=\"494\" data-end=\"504\">555 km<\/strong>.<\/p>\n<\/div>\n<\/div>\n<\/div>\n<\/div>\n<\/div>\n<\/div>\n<\/article>\n<\/div>\n<div class=\"pointer-events-none h-px w-px absolute bottom-0\" aria-hidden=\"true\" data-edge=\"true\">\n<p data-start=\"404\" data-end=\"841\">Lorsque vous planifiez votre trajet de l\u2019a\u00e9roport de Gen\u00e8ve \u00e0 Monaco, choisir le bon service de transfert peut tout changer. Avec une gamme de v\u00e9hicules Mercedes, notamment la E-Class, la V-Class, la S-Class, la Maybach et m\u00eame des bus 16 places, vous \u00eates assur\u00e9 de vivre une exp\u00e9rience de voyage fluide et luxueuse. Ce guide pr\u00e9sente en d\u00e9tail nos services premium afin de vous aider \u00e0 trouver l\u2019option parfaite, adapt\u00e9e \u00e0 vos besoins.<\/p>\n<hr data-start=\"843\" data-end=\"846\" \/>\n<h3 data-start=\"848\" data-end=\"917\">Transferts premium de l\u2019a\u00e9roport de Gen\u00e8ve \u00e0 Monaco en Mercedes Classe E<\/h3>\n<p data-start=\"919\" data-end=\"1227\">Pour celles et ceux qui recherchent un m\u00e9lange d\u2019\u00e9l\u00e9gance, d\u2019efficacit\u00e9 et de confort, un transfert de l\u2019a\u00e9roport de Gen\u00e8ve \u00e0 Monaco en Mercedes E-Class est un excellent choix. La E-Class est con\u00e7ue pour les particuliers ou les petits groupes qui appr\u00e9cient un design moderne et une conduite tout en douceur.<\/p>\n<p data-start=\"1229\" data-end=\"1489\">Si vous aimez le luxe discret, r\u00e9server un transfert de l\u2019a\u00e9roport de Gen\u00e8ve \u00e0 Monaco en Mercedes E-Class vous garantit un voyage avec style. Les int\u00e9rieurs spacieux et les \u00e9quipements avanc\u00e9s font de la E-Class l\u2019option id\u00e9ale pour une exp\u00e9rience inoubliable.<\/p>\n<p data-start=\"1491\" data-end=\"1663\">Rendez votre trajet m\u00e9morable avec un transfert de l\u2019a\u00e9roport de Gen\u00e8ve \u00e0 Monaco en Mercedes E-Class, parfait pour les voyageurs en qu\u00eate de sophistication et de fiabilit\u00e9.<\/p>\n<hr data-start=\"1665\" data-end=\"1668\" \/>\n<h3 data-start=\"1670\" data-end=\"1728\">Transferts spacieux en <a href=\"https:\/\/genevaways.com\/fr\/fleet\/mercedes-v-class\/\">Mercedes Classe V<\/a> : Gen\u00e8ve \u2013 Monaco<\/h3>\n<p data-start=\"1730\" data-end=\"2052\">Pour les familles, les groupes, ou les voyageurs avec des bagages suppl\u00e9mentaires, choisir un transfert de l\u2019a\u00e9roport de Gen\u00e8ve \u00e0 Monaco en Mercedes V-Class offre un espace et une polyvalence incomparables. Le minivan V-Class est r\u00e9put\u00e9 pour son habitacle g\u00e9n\u00e9reux, ses syst\u00e8mes de s\u00e9curit\u00e9 avanc\u00e9s et son confort premium.<\/p>\n<p data-start=\"2054\" data-end=\"2298\">Que vous voyagiez avec des coll\u00e8gues ou une grande famille, un transfert de l\u2019a\u00e9roport de Gen\u00e8ve \u00e0 Monaco en Mercedes V-Class permet \u00e0 chacun d\u2019arriver repos\u00e9 et pr\u00eat pour la suite. Ce v\u00e9hicule offre l\u2019\u00e9quilibre parfait entre luxe et praticit\u00e9.<\/p>\n<p data-start=\"2300\" data-end=\"2459\">Am\u00e9liorez votre exp\u00e9rience de voyage en optant pour un transfert de l\u2019a\u00e9roport de Gen\u00e8ve \u00e0 Monaco en Mercedes V-Class, o\u00f9 le style rencontre la fonctionnalit\u00e9.<\/p>\n<hr data-start=\"2461\" data-end=\"2464\" \/>\n<h3 data-start=\"2466\" data-end=\"2517\">Le luxe \u00e0 son maximum : transferts en Mercedes Classe S<\/h3>\n<p data-start=\"2519\" data-end=\"2833\">Pour celles et ceux qui veulent le summum du luxe, un transfert de l\u2019a\u00e9roport de Gen\u00e8ve \u00e0 Monaco en Mercedes S-Class offre une exp\u00e9rience de voyage incomparable. La berline S-Class repr\u00e9sente le plus haut niveau de raffinement, avec une technologie de pointe, des int\u00e9rieurs somptueux et une conduite ultra-fluide.<\/p>\n<p data-start=\"2835\" data-end=\"3079\">Impressionnez vos clients ou faites-vous plaisir avec un transfert de l\u2019a\u00e9roport de Gen\u00e8ve \u00e0 Monaco en Mercedes S-Class, un choix qui allie prestige et confort. La S-Class est parfaite pour les voyageurs qui exigent l\u2019excellence \u00e0 chaque \u00e9tape.<\/p>\n<p data-start=\"3081\" data-end=\"3227\">Sublimez votre trajet avec un transfert de l\u2019a\u00e9roport de Gen\u00e8ve \u00e0 Monaco en Mercedes S-Class, l\u2019expression ultime du luxe et de la sophistication.<\/p>\n<hr data-start=\"3229\" data-end=\"3232\" \/>\n<h3 data-start=\"3234\" data-end=\"3275\">Transferts d\u2019exception en Mercedes Maybach<\/h3>\n<p data-start=\"3277\" data-end=\"3524\">Pour les voyageurs les plus exigeants, rien n\u2019\u00e9gale un transfert de l\u2019a\u00e9roport de Gen\u00e8ve \u00e0 Monaco en Mercedes Maybach. R\u00e9put\u00e9e pour son luxe in\u00e9gal\u00e9, la Maybach offre une exp\u00e9rience raffin\u00e9e \u00e0 celles et ceux qui recherchent exclusivit\u00e9 et confort.<\/p>\n<p data-start=\"3526\" data-end=\"3803\">Offrez-vous un voyage de premi\u00e8re classe en choisissant un transfert de l\u2019a\u00e9roport de Gen\u00e8ve \u00e0 Monaco en Mercedes Maybach, o\u00f9 chaque d\u00e9tail est soigneusement pens\u00e9 pour votre satisfaction. Des si\u00e8ges inclinables \u00e0 l\u2019\u00e9clairage d\u2019ambiance, la Maybach red\u00e9finit le voyage de luxe.<\/p>\n<p data-start=\"3805\" data-end=\"3949\">Vivez l\u2019exceptionnel avec un transfert de l\u2019a\u00e9roport de Gen\u00e8ve \u00e0 Monaco en Mercedes Maybach, un service con\u00e7u pour d\u00e9passer toutes les attentes.<\/p>\n<hr data-start=\"3951\" data-end=\"3954\" \/>\n<h3 data-start=\"3956\" data-end=\"4005\">Voyage en groupe simplifi\u00e9 : bus Mercedes 16 passagers<\/h3>\n<p data-start=\"4007\" data-end=\"4123\">How much cost the transfer from Geneva to Monaco ?<br data-start=\"4057\" data-end=\"4060\" \/>Price for Private Transfers From Geneva To Monaco Began 260 CHF<\/p>\n<p data-start=\"4125\" data-end=\"4234\">How long the transfer from Geneva to Lugano with Monaco ?<br data-start=\"4182\" data-end=\"4185\" \/>Private Transfers From Geneva To Monaco Time 7h46<\/p>\n<p data-start=\"4236\" data-end=\"4348\">How Far is a transfer from Geneva to Monaco with Bus ?<br data-start=\"4290\" data-end=\"4293\" \/>Private Transfers From Geneva To Monaco distance 555 KM<\/p>\n<p data-start=\"4350\" data-end=\"4613\">Pour les grands groupes, un transfert de l\u2019a\u00e9roport de Gen\u00e8ve \u00e0 Monaco en bus Mercedes 16 places garantit que tout le monde voyage ensemble dans le confort et le style. Ces bus sont \u00e9quip\u00e9s d\u2019\u00e9quipements modernes, offrant un espace g\u00e9n\u00e9reux et un trajet agr\u00e9able.<\/p>\n<p data-start=\"4615\" data-end=\"4899\">Qu\u2019il s\u2019agisse d\u2019un \u00e9v\u00e9nement d\u2019entreprise ou de vacances en famille, un transfert de l\u2019a\u00e9roport de Gen\u00e8ve \u00e0 Monaco en bus Mercedes 16 places est la solution id\u00e9ale pour un transport de groupe sans stress. Profitez de si\u00e8ges spacieux, de la climatisation et de divertissements \u00e0 bord.<\/p>\n<p data-start=\"4901\" data-end=\"5046\">Simplifiez votre logistique avec un transfert de l\u2019a\u00e9roport de Gen\u00e8ve \u00e0 Monaco en bus Mercedes 16 places, combinant praticit\u00e9 et service premium.<\/p>\n<hr data-start=\"5048\" data-end=\"5051\" \/>\n<h3 data-start=\"5288\" data-end=\"5349\">Pourquoi nous choisir pour vos transferts Gen\u00e8ve \u2013 Monaco ?<\/h3>\n<ol>\n<li data-start=\"5350\" data-end=\"5650\">\n<p data-start=\"5353\" data-end=\"5650\">Services sur mesure<br data-start=\"5372\" data-end=\"5375\" \/>Nos transferts s\u2019adaptent \u00e0 toutes les situations : voyage solo, couple, famille ou grand groupe. Que vous r\u00e9serviez un transfert de l\u2019a\u00e9roport de Gen\u00e8ve \u00e0 Monaco en Mercedes Classe E ou une Maybach ultra-luxueuse, notre objectif est de garantir une exp\u00e9rience irr\u00e9prochable.<\/p>\n<\/li>\n<li data-start=\"5652\" data-end=\"5936\">\n<p data-start=\"5655\" data-end=\"5936\">Chauffeurs professionnels<br data-start=\"5680\" data-end=\"5683\" \/>Tous nos chauffeurs sont des professionnels hautement qualifi\u00e9s, assurant un transfert s\u00fbr et ponctuel. Qu\u2019il s\u2019agisse d\u2019un transfert de <a href=\"https:\/\/www.gva.ch\/en\/\" target=\"_blank\" rel=\"noopener\">l\u2019a\u00e9roport de Gen\u00e8ve<\/a> \u00e0 Monaco en Mercedes Classe V ou d\u2019un bus 16 places, vous b\u00e9n\u00e9ficiez d\u2019un service d\u2019excellence.<\/p>\n<\/li>\n<li data-start=\"5938\" data-end=\"6170\">\n<p data-start=\"5941\" data-end=\"6170\">Options personnalisables<br data-start=\"5965\" data-end=\"5968\" \/>Nous proposons une r\u00e9servation flexible afin que vous puissiez choisir le v\u00e9hicule le mieux adapt\u00e9. De la Mercedes Classe S aux solutions de transport pour groupes, nous offrons une approche sur mesure.<\/p>\n<\/li>\n<li data-start=\"6172\" data-end=\"6341\">\n<p data-start=\"6175\" data-end=\"6341\">Tarifs comp\u00e9titifs<br data-start=\"6193\" data-end=\"6196\" \/>Le luxe ne doit pas forc\u00e9ment co\u00fbter une fortune. Profitez de tarifs attractifs sur l\u2019ensemble des options, de la Mercedes Classe E \u00e0 la Maybach.<\/p>\n<\/li>\n<li data-start=\"6343\" data-end=\"6486\">\n<p data-start=\"6346\" data-end=\"6486\">Support client 24\/7<br data-start=\"6365\" data-end=\"6368\" \/>Nous restons disponibles \u00e0 toute heure pour vous accompagner, afin que votre exp\u00e9rience soit fluide du d\u00e9but \u00e0 la fin.<\/p>\n<\/li>\n<\/ol>\n<h3 data-start=\"6379\" data-end=\"6405\">D\u00e9couvrir Monaco avec \u00e9l\u00e9gance<\/h3>\n<p data-start=\"6407\" data-end=\"6765\">Monaco, avec ses vues \u00e0 couper le souffle, son style de vie glamour et ses attractions de classe mondiale, m\u00e9rite un service de transfert \u00e0 la hauteur de son prestige. Que vous assistiez au Grand Prix de Monaco, visitiez le Casino de Monte-Carlo ou profitiez de la beaut\u00e9 de la Riviera, arriver dans une Mercedes de luxe donne le ton d\u2019un s\u00e9jour inoubliable.<\/p>\n<p data-start=\"6767\" data-end=\"7031\">D\u00e8s que vous r\u00e9servez un transfert de l\u2019a\u00e9roport de Gen\u00e8ve \u00e0 Monaco en Mercedes E-Class, vous profitez d\u2019un professionnalisme incomparable et d\u2019une attention aux d\u00e9tails. Choisissez notre service pour que votre trajet soit aussi exceptionnel que votre destination.<\/p>\n<hr data-start=\"7033\" data-end=\"7036\" \/>\n<h3 data-start=\"7038\" data-end=\"7069\">Itin\u00e9raires et destinations populaires<\/h3>\n<ul data-start=\"7071\" data-end=\"7714\">\n<li data-start=\"7071\" data-end=\"7243\">\n<p data-start=\"7073\" data-end=\"7243\">Geneva Airport to Monaco City Center: Optez pour un transfert de l\u2019a\u00e9roport de Gen\u00e8ve \u00e0 Monaco en Mercedes V-Class pour un trajet sans stress jusqu\u2019au c\u0153ur de la ville.<\/p>\n<\/li>\n<li data-start=\"7244\" data-end=\"7385\">\n<p data-start=\"7246\" data-end=\"7385\">Hotels and Resorts in Monaco: Faites forte impression en arrivant avec un transfert de l\u2019a\u00e9roport de Gen\u00e8ve \u00e0 Monaco en Mercedes S-Class.<\/p>\n<\/li>\n<li data-start=\"7386\" data-end=\"7544\">\n<p data-start=\"7388\" data-end=\"7544\">Corporate Events and Conferences: Choisissez un transfert de l\u2019a\u00e9roport de Gen\u00e8ve \u00e0 Monaco en bus Mercedes 16 places pour un transport de groupe efficace.<\/p>\n<\/li>\n<li data-start=\"7545\" data-end=\"7714\">\n<p data-start=\"7547\" data-end=\"7714\">Monaco Grand Prix and Events: Am\u00e9liorez votre exp\u00e9rience avec un transfert de l\u2019a\u00e9roport de Gen\u00e8ve \u00e0 Monaco en Mercedes Maybach, id\u00e9al pour les \u00e9v\u00e9nements prestigieux.<\/p>\n<\/li>\n<\/ul>\n<p data-start=\"7716\" data-end=\"8437\">Monaco, avec ses paysages spectaculaires, son glamour et ses attractions de classe mondiale, m\u00e9rite un service de transfert \u00e0 la hauteur de son prestige. Si vous continuez le long de la C\u00f4te d\u2019Azur, <a href=\"https:\/\/genevaways.com\/fr\/cannes\/\"><span style=\"text-decoration: underline;\">Cannes<\/span> <\/a>est une \u00e9tape naturelle \u2014 assez proche pour garder l\u2019itin\u00e9raire c\u00f4tier fluide, tout en offrant ses promenades en bord de mer, ses quartiers historiques et sa culture des festivals. Le site officiel de la destination est une ressource fiable pour savoir quoi voir et faire avant votre arriv\u00e9e : <a class=\"decorated-link\" href=\"https:\/\/en.cannes-france.com\/\" target=\"_new\" rel=\"noopener\" data-start=\"8216\" data-end=\"8245\">https:\/\/en.cannes-france.com\/<\/a>. Que vous assistiez au Grand Prix de Monaco, visitiez le Casino de Monte-Carlo ou profitiez de la beaut\u00e9 de la Riviera, arriver dans une Mercedes de luxe donne le ton d\u2019un s\u00e9jour inoubliable.<\/p>\n<hr data-start=\"8439\" data-end=\"8442\" \/>\n<h3 data-start=\"8444\" data-end=\"8468\">R\u00e9servez votre transfert d\u00e8s aujourd\u2019hui<\/h3>\n<p data-start=\"8470\" data-end=\"8773\" data-is-last-node=\"\" data-is-only-node=\"\">Ne laissez pas votre voyage au hasard. Que vous ayez besoin d\u2019un transfert de l\u2019a\u00e9roport de Gen\u00e8ve \u00e0 Monaco en Mercedes E-Class, d\u2019un van spacieux ou d\u2019une luxueuse Maybach, nous avons la solution parfaite. R\u00e9servez d\u00e8s aujourd\u2019hui et profitez d\u2019une exp\u00e9rience de voyage fluide, \u00e9l\u00e9gante et sans stress.<\/p>\n<\/div>\n<p>[\/vc_column_text][\/vc_column][\/vc_row][vc_row][vc_column][vc_empty_space height=&#8221;70px&#8221;][\/vc_column][\/vc_row]<\/p>\n<\/div>","protected":false},"excerpt":{"rendered":"<p>[vc_row type=&#8221;full_width_section&#8221;][vc_column][vc_column_text] Transferts de luxe de l\u2019a\u00e9roport de Gen\u00e8ve \u00e0 Monaco en Mercedes : confort et \u00e9l\u00e9gance Quel est le co\u00fbt d\u2019un transfert de Gen\u00e8ve \u00e0 Monaco ?Le prix des transferts priv\u00e9s de Gen\u00e8ve \u00e0 Monaco commence \u00e0 partir de 1 680 CHF. Quelle est la dur\u00e9e d\u2019un transfert de Gen\u00e8ve \u00e0 Monaco ?La dur\u00e9e<\/p>\n","protected":false},"author":4,"featured_media":0,"parent":0,"menu_order":0,"comment_status":"closed","ping_status":"closed","template":"","meta":{"footnotes":""},"class_list":["post-3788","page","type-page","status-publish","hentry"],"_links":{"self":[{"href":"https:\/\/genevaways.com\/fr\/wp-json\/wp\/v2\/pages\/3788","targetHints":{"allow":["GET"]}}],"collection":[{"href":"https:\/\/genevaways.com\/fr\/wp-json\/wp\/v2\/pages"}],"about":[{"href":"https:\/\/genevaways.com\/fr\/wp-json\/wp\/v2\/types\/page"}],"author":[{"embeddable":true,"href":"https:\/\/genevaways.com\/fr\/wp-json\/wp\/v2\/users\/4"}],"replies":[{"embeddable":true,"href":"https:\/\/genevaways.com\/fr\/wp-json\/wp\/v2\/comments?post=3788"}],"version-history":[{"count":8,"href":"https:\/\/genevaways.com\/fr\/wp-json\/wp\/v2\/pages\/3788\/revisions"}],"predecessor-version":[{"id":7136,"href":"https:\/\/genevaways.com\/fr\/wp-json\/wp\/v2\/pages\/3788\/revisions\/7136"}],"wp:attachment":[{"href":"https:\/\/genevaways.com\/fr\/wp-json\/wp\/v2\/media?parent=3788"}],"curies":[{"name":"wp","href":"https:\/\/api.w.org\/{rel}","templated":true}]}}