{"id":3799,"date":"2024-10-17T11:01:46","date_gmt":"2024-10-17T09:01:46","guid":{"rendered":"https:\/\/genevaways.com\/avoriaz\/"},"modified":"2026-01-31T03:54:35","modified_gmt":"2026-01-31T02:54:35","slug":"avoriaz","status":"publish","type":"page","link":"https:\/\/genevaways.com\/fr\/avoriaz\/","title":{"rendered":"Avoriaz"},"content":{"rendered":"<div class=\"wpb-content-wrapper\"><p>[vc_row type=&#8221;full_width_section&#8221;][vc_column]<h3 class=\"center-title\">Transfert de Gen\u00e8ve vers Avoriaz<\/h3><div class=\"title-block2\"><\/div>[vc_single_image image=&#8221;5464&#8243; img_size=&#8221;full&#8221; alignment=&#8221;center&#8221;][vc_column_text]<\/p>\n<div class=\"flex flex-col text-sm pb-25\">\n<article class=\"text-token-text-primary w-full focus:outline-none [--shadow-height:45px] has-data-writing-block:pointer-events-none has-data-writing-block:-mt-(--shadow-height) has-data-writing-block:pt-(--shadow-height) [&amp;:has([data-writing-block])&gt;*]:pointer-events-auto scroll-mt-[calc(var(--header-height)+min(200px,max(70px,20svh)))]\" dir=\"auto\" tabindex=\"-1\" data-turn-id=\"e28cc59c-94a0-49be-b89a-397aa13bd797\" data-testid=\"conversation-turn-16\" data-scroll-anchor=\"true\" data-turn=\"assistant\">\n<div class=\"text-base my-auto mx-auto pb-10 [--thread-content-margin:--spacing(4)] @w-sm\/main:[--thread-content-margin:--spacing(6)] @w-lg\/main:[--thread-content-margin:--spacing(16)] px-(--thread-content-margin)\">\n<div class=\"[--thread-content-max-width:40rem] @w-lg\/main:[--thread-content-max-width:48rem] mx-auto max-w-(--thread-content-max-width) flex-1 group\/turn-messages focus-visible:outline-hidden relative flex w-full min-w-0 flex-col agent-turn\" tabindex=\"-1\">\n<div class=\"flex max-w-full flex-col grow\">\n<div class=\"min-h-8 text-message relative flex w-full flex-col items-end gap-2 text-start break-words whitespace-normal [.text-message+&amp;]:mt-1\" dir=\"auto\" data-message-author-role=\"assistant\" data-message-id=\"08e8dddd-3be8-47c5-80de-4f0d2c017768\" data-message-model-slug=\"gpt-5-2\">\n<div class=\"flex w-full flex-col gap-1 empty:hidden first:pt-[1px]\">\n<div class=\"markdown prose dark:prose-invert w-full wrap-break-word light markdown-new-styling\">\n<p data-start=\"0\" data-end=\"111\">Transfert de l\u2019a\u00e9roport de Gen\u00e8ve vers Avoriaz avec des v\u00e9hicules Mercedes<\/p>\n<p data-start=\"113\" data-end=\"566\">Lors de la planification de votre trajet depuis <a href=\"https:\/\/www.gva.ch\/en\/\" target=\"_blank\" rel=\"noopener\">l\u2019a\u00e9roport de Gen\u00e8ve<\/a> vers Avoriaz, choisir un service de transfert premium peut faire toute la diff\u00e9rence pour votre transfert de Gen\u00e8ve vers Avoriaz. Que vous voyagiez seul, en famille ou en groupe, disposer du bon v\u00e9hicule garantit confort, style et praticit\u00e9. Notre flotte de v\u00e9hicules Mercedes de luxe est con\u00e7ue pour r\u00e9pondre \u00e0 tous vos besoins, des voyageurs d\u2019affaires en solo aux grandes familles.<\/p>\n<h3 data-start=\"568\" data-end=\"1002\">Pourquoi choisir nos services de transfert depuis l\u2019a\u00e9roport de Gen\u00e8ve vers Avoriaz ?<\/h3>\n<p data-start=\"568\" data-end=\"1002\">Nous sommes fiers d\u2019offrir un confort et un style incomparables. Nos chauffeurs hautement qualifi\u00e9s assurent un trajet fluide et professionnel, tandis que notre flotte comprend une vari\u00e9t\u00e9 de v\u00e9hicules Mercedes adapt\u00e9s \u00e0 des pr\u00e9f\u00e9rences diverses. Des berlines \u00e9l\u00e9gantes aux vans spacieux, nous proposons une solution pour chaque besoin de voyage.<\/p>\n<hr \/>\n<h3 data-start=\"1004\" data-end=\"1038\">Options de V\u00e9hicules Disponibles<\/h3>\n<ol data-start=\"1039\" data-end=\"1428\">\n<li data-start=\"1039\" data-end=\"1428\">\n<p data-start=\"1042\" data-end=\"1428\"><strong>Mercedes Classe E<\/strong><br data-start=\"1059\" data-end=\"1062\" \/>Vivez le luxe et l\u2019\u00e9l\u00e9gance lors de votre transfert depuis l\u2019a\u00e9roport de Gen\u00e8ve vers Avoriaz avec une Mercedes Classe E. La Classe E est le choix id\u00e9al pour les voyageurs seuls ou les couples qui appr\u00e9cient la sophistication et le confort haut de gamme. Gr\u00e2ce \u00e0 son int\u00e9rieur raffin\u00e9 et \u00e0 ses fonctionnalit\u00e9s de pointe, la Classe E offre un trajet fluide et \u00e9l\u00e9gant.<\/p>\n<\/li>\n<\/ol>\n<ul>\n<li data-start=\"1430\" data-end=\"1757\">Transfert de l\u2019a\u00e9roport de Gen\u00e8ve vers Avoriaz avec Mercedes Classe E.<\/li>\n<li data-start=\"1430\" data-end=\"1757\">Profitez d\u2019un trajet tout en douceur avec une Mercedes Classe E lors de votre transfert depuis l\u2019a\u00e9roport de Gen\u00e8ve vers Avoriaz.<\/li>\n<li data-start=\"1430\" data-end=\"1757\">Optez pour une Mercedes Classe E pour votre transfert depuis l\u2019a\u00e9roport de Gen\u00e8ve vers Avoriaz, alliant confort et luxe.<\/li>\n<\/ul>\n<ol start=\"2\" data-start=\"1759\" data-end=\"2137\">\n<li data-start=\"1759\" data-end=\"2137\">\n<p data-start=\"1762\" data-end=\"2137\"><a href=\"https:\/\/genevaways.com\/fr\/fleet\/mercedes-v-class\/\"><strong>Mercedes Classe V<\/strong><\/a><br data-start=\"1779\" data-end=\"1782\" \/>Pour les familles ou les petits groupes, la Mercedes Classe V est le choix parfait. Offrant un espace g\u00e9n\u00e9reux et des \u00e9quipements luxueux, ce v\u00e9hicule garantit un voyage confortable. Avec suffisamment de place pour les bagages et les passagers, votre transfert depuis l\u2019a\u00e9roport de Gen\u00e8ve vers Avoriaz avec une Mercedes Classe V se fera en toute s\u00e9r\u00e9nit\u00e9.<\/p>\n<\/li>\n<\/ol>\n<ul>\n<li data-start=\"2139\" data-end=\"2414\">Transfert de l\u2019a\u00e9roport de Gen\u00e8ve vers Avoriaz avec Mercedes Classe V.<\/li>\n<li data-start=\"2139\" data-end=\"2414\">Choisissez une Mercedes Classe V spacieuse pour votre transfert depuis l\u2019a\u00e9roport de Gen\u00e8ve vers Avoriaz.<\/li>\n<li data-start=\"2139\" data-end=\"2414\">La Mercedes Classe V garantit un transfert premium depuis l\u2019a\u00e9roport de Gen\u00e8ve vers Avoriaz.<\/li>\n<\/ul>\n<ol start=\"3\" data-start=\"2416\" data-end=\"2786\">\n<li data-start=\"2416\" data-end=\"2786\">\n<p data-start=\"2419\" data-end=\"2786\"><strong>Mercedes Classe S<\/strong><br data-start=\"2436\" data-end=\"2439\" \/>Pour ceux qui exigent ce qu\u2019il y a de mieux, la Mercedes Classe S offre un luxe in\u00e9gal\u00e9. Cette berline embl\u00e9matique est id\u00e9ale pour les voyageurs d\u2019affaires ou toute personne recherchant une exp\u00e9rience v\u00e9ritablement haut de gamme. Votre transfert depuis l\u2019a\u00e9roport de Gen\u00e8ve vers Avoriaz avec une Mercedes Classe S laissera une impression durable.<\/p>\n<\/li>\n<\/ol>\n<ul>\n<li data-start=\"2788\" data-end=\"2927\">Transfert de l\u2019a\u00e9roport de Gen\u00e8ve vers Avoriaz avec Mercedes Classe S.<\/li>\n<li data-start=\"2788\" data-end=\"2927\">Profitez du summum du luxe avec un transfert en Mercedes S-Class de l\u2019a\u00e9roport de Gen\u00e8ve \u00e0 Avoriaz.<\/li>\n<li data-start=\"2788\" data-end=\"2927\">Voyagez avec sophistication gr\u00e2ce \u00e0 un transfert en Mercedes S-Class de l\u2019a\u00e9roport de Gen\u00e8ve \u00e0 Avoriaz.<\/li>\n<\/ul>\n<ol start=\"4\" data-start=\"3148\" data-end=\"3485\">\n<li data-start=\"3148\" data-end=\"3485\">\n<p data-start=\"3151\" data-end=\"3485\"><strong>Mercedes Maybach<\/strong><br data-start=\"3167\" data-end=\"3170\" \/>Pour une exp\u00e9rience ultra-luxueuse, la Mercedes Maybach incarne l\u2019excellence et la sophistication. Que ce soit pour une occasion sp\u00e9ciale ou simplement pour se faire plaisir, un transfert depuis l\u2019a\u00e9roport de Gen\u00e8ve vers Avoriaz avec une Mercedes Maybach vous garantit un voyage dans un confort et un style absolus.<\/p>\n<\/li>\n<\/ol>\n<ul>\n<li data-start=\"3487\" data-end=\"3788\">Transfert de l\u2019a\u00e9roport de Gen\u00e8ve vers Avoriaz avec Mercedes Maybach.<\/li>\n<li data-start=\"3487\" data-end=\"3788\">Offrez-vous une exp\u00e9rience haut de gamme avec un transfert en Mercedes Maybach depuis l\u2019a\u00e9roport de Gen\u00e8ve vers Avoriaz.<\/li>\n<li data-start=\"3487\" data-end=\"3788\">Arrivez avec \u00e9l\u00e9gance gr\u00e2ce \u00e0 un transfert en Mercedes Maybach depuis l\u2019a\u00e9roport de Gen\u00e8ve vers Avoriaz.<\/li>\n<\/ul>\n<ol start=\"5\" data-start=\"3790\" data-end=\"4103\">\n<li data-start=\"3790\" data-end=\"4103\">\n<p data-start=\"3793\" data-end=\"4103\"><strong>Bus Mercedes 16 places<\/strong><br data-start=\"3815\" data-end=\"3818\" \/>Vous voyagez en grand groupe ? Notre bus Mercedes 16 places offre des si\u00e8ges spacieux et des \u00e9quipements modernes pour un transfert de groupe confortable. Que ce soit pour un voyage en famille, une sortie d\u2019entreprise ou un groupe d\u2019amis, ce v\u00e9hicule r\u00e9pond parfaitement \u00e0 vos besoins.<\/p>\n<\/li>\n<\/ol>\n<ul>\n<li data-start=\"4105\" data-end=\"4401\">Transfert de l\u2019a\u00e9roport de Gen\u00e8ve vers Avoriaz avec un bus Mercedes 16 places.<\/li>\n<li data-start=\"4105\" data-end=\"4401\">Choisissez un bus Mercedes 16 places pour un transfert pratique depuis l\u2019a\u00e9roport de Gen\u00e8ve vers Avoriaz.<\/li>\n<li data-start=\"4105\" data-end=\"4401\">Voyagez ensemble gr\u00e2ce \u00e0 un transfert en bus Mercedes 16 places depuis l\u2019a\u00e9roport de Gen\u00e8ve vers Avoriaz.<\/li>\n<\/ul>\n<hr \/>\n<h3 data-start=\"4403\" data-end=\"4967\">Avantages de r\u00e9server avec nous<\/h3>\n<ul>\n<li data-start=\"4403\" data-end=\"4967\">Ponctualit\u00e9 : Nos chauffeurs assurent des prises en charge et des d\u00e9poses ponctuelles, pour votre tranquillit\u00e9 d\u2019esprit.<\/li>\n<li data-start=\"4403\" data-end=\"4967\">Confort : Chaque v\u00e9hicule de notre flotte est \u00e9quip\u00e9 de prestations haut de gamme pour rendre votre trajet agr\u00e9able.<\/li>\n<li data-start=\"4403\" data-end=\"4967\">S\u00e9curit\u00e9 : Nos chauffeurs sont hautement qualifi\u00e9s et nos v\u00e9hicules sont r\u00e9guli\u00e8rement entretenus pour une s\u00e9curit\u00e9 optimale.<\/li>\n<li data-start=\"4403\" data-end=\"4967\">Options personnalisables : Que vous ayez besoin d\u2019un trajet en solo ou d\u2019un transfert de groupe, nous disposons d\u2019un v\u00e9hicule Mercedes adapt\u00e9 \u00e0 vos exigences.<\/li>\n<\/ul>\n<p data-start=\"4969\" data-end=\"5147\">Afin de garantir que nos services atteignent ceux qui recherchent un transfert fiable, voici quelques-unes des expressions les plus fr\u00e9quemment recherch\u00e9es li\u00e9es \u00e0 nos services :<\/p>\n<ul>\n<li data-start=\"5149\" data-end=\"5288\">Transfert de l\u2019a\u00e9roport de Gen\u00e8ve vers Avoriaz avec Mercedes Classe E.Transfert de Gen\u00e8ve vers Avoriaz<\/li>\n<li data-start=\"5149\" data-end=\"5288\">Transfert de l\u2019a\u00e9roport de Gen\u00e8ve vers Avoriaz avec Mercedes Classe V.<\/li>\n<li data-start=\"5149\" data-end=\"5288\">Transfert de l\u2019a\u00e9roport de Gen\u00e8ve vers Avoriaz avec Mercedes Classe S.<\/li>\n<li data-start=\"5149\" data-end=\"5288\">Transfert de l\u2019a\u00e9roport de Gen\u00e8ve vers Avoriaz avec Mercedes Maybach.<\/li>\n<li data-start=\"5149\" data-end=\"5288\">Transfert de l\u2019a\u00e9roport de Gen\u00e8ve vers Avoriaz avec bus Mercedes 16 places.<\/li>\n<\/ul>\n<hr \/>\n<h3 data-start=\"5587\" data-end=\"6505\">Qu\u2019y a-t-il autour d\u2019Avoriaz ?<\/h3>\n<p data-start=\"5587\" data-end=\"6505\">Situ\u00e9e au c\u0153ur des Alpes fran\u00e7aises, Avoriaz est souvent associ\u00e9e \u00e0 <a href=\"https:\/\/genevaways.com\/fr\/chamonix\/\"><span style=\"text-decoration: underline;\">Chamonix<\/span>,<\/a> l\u2019une des destinations de montagne les plus embl\u00e9matiques d\u2019Europe. Alors qu\u2019Avoriaz est r\u00e9put\u00e9e pour son concept sans voiture et son acc\u00e8s skis aux pieds au sein du domaine des Portes du Soleil, Chamonix se trouve au pied du Mont-Blanc et offre une exp\u00e9rience alpine diff\u00e9rente, fa\u00e7onn\u00e9e par des paysages de haute montagne spectaculaires, un h\u00e9ritage alpiniste et une ambiance de ville anim\u00e9e. Si vous souhaitez profiter des sports d\u2019hiver ou des paysages montagneux, vous pouvez combiner votre s\u00e9jour \u00e0 Avoriaz avec une visite \u00e0 Chamonix afin de d\u00e9couvrir \u00e0 la fois une station moderne et la culture alpine traditionnelle ; de plus amples informations sur l\u2019environnement alpin et les activit\u00e9s de Chamonix sont disponibles sur le site officiel du tourisme \u00e0 l\u2019adresse suivante : <a class=\"decorated-link\" href=\"https:\/\/www.chamonix.com\" target=\"_new\" rel=\"noopener\" data-start=\"6480\" data-end=\"6504\">https:\/\/www.chamonix.com<\/a>.<\/p>\n<hr \/>\n<h3 data-start=\"6507\" data-end=\"6753\">FAQ<\/h3>\n<h4 data-start=\"6507\" data-end=\"6753\">Combien de temps dure le transfert depuis l\u2019a\u00e9roport de Gen\u00e8ve vers Avoriaz ?<\/h4>\n<p data-start=\"6507\" data-end=\"6753\">Le trajet dure g\u00e9n\u00e9ralement environ 2h30, selon les conditions de circulation et la m\u00e9t\u00e9o. Nos chauffeurs exp\u00e9riment\u00e9s assurent un transfert fluide et ponctuel.<\/p>\n<h4 data-start=\"6755\" data-end=\"6986\">Puis-je r\u00e9server un transfert aller simple ou aller-retour ?<\/h4>\n<p data-start=\"6755\" data-end=\"6986\">Oui, nous proposons des transferts aller simple et aller-retour. Vous pouvez personnaliser votre r\u00e9servation en fonction de votre emploi du temps et de vos pr\u00e9f\u00e9rences.<\/p>\n<h3 data-start=\"6988\" data-end=\"7147\">Des si\u00e8ges enfants sont-ils disponibles ?<\/h3>\n<p data-start=\"6988\" data-end=\"7147\">Oui, nous fournissons des si\u00e8ges enfants sur demande afin d\u2019assurer la s\u00e9curit\u00e9 et le confort des jeunes passagers.<\/p>\n<hr \/>\n<h3 data-start=\"7149\" data-end=\"7561\">R\u00e9servez votre transfert d\u00e8s aujourd\u2019hui<\/h3>\n<p data-start=\"7149\" data-end=\"7561\">Rendez votre trajet depuis l\u2019a\u00e9roport de Gen\u00e8ve vers Avoriaz inoubliable gr\u00e2ce \u00e0 nos v\u00e9hicules Mercedes haut de gamme. Que vous recherchiez l\u2019\u00e9l\u00e9gance d\u2019une Classe E, l\u2019espace d\u2019une Classe V ou l\u2019exclusivit\u00e9 d\u2019une Maybach, nous avons l\u2019option id\u00e9ale pour vous. Contactez-nous d\u00e8s aujourd\u2019hui pour garantir votre r\u00e9servation et vivre une exp\u00e9rience de luxe incomparable.<\/p>\n<ul>\n<li data-start=\"7563\" data-end=\"7929\">Transfert de l\u2019a\u00e9roport de Gen\u00e8ve vers Avoriaz avec Mercedes Classe E.<\/li>\n<li data-start=\"7563\" data-end=\"7929\">Transfert de l\u2019a\u00e9roport de Gen\u00e8ve vers Avoriaz avec Mercedes Classe V.<\/li>\n<li data-start=\"7563\" data-end=\"7929\">Transfert de l\u2019a\u00e9roport de Gen\u00e8ve vers Avoriaz avec Mercedes Classe S.<\/li>\n<li data-start=\"7563\" data-end=\"7929\">Transfert de l\u2019a\u00e9roport de Gen\u00e8ve vers Avoriaz avec Mercedes Maybach.<\/li>\n<li data-start=\"7563\" data-end=\"7929\">Transfert de l\u2019a\u00e9roport de Gen\u00e8ve vers Avoriaz avec bus Mercedes 16 places.<\/li>\n<\/ul>\n<\/div>\n<\/div>\n<\/div>\n<\/div>\n<div class=\"z-0 flex min-h-[46px] justify-start\"><\/div>\n<div class=\"mt-3 w-full empty:hidden\">\n<div class=\"text-center\"><\/div>\n<\/div>\n<\/div>\n<\/div>\n<\/article>\n<\/div>\n<div class=\"pointer-events-none h-px w-px absolute bottom-0\" aria-hidden=\"true\" data-edge=\"true\"><\/div>\n<p>[\/vc_column_text][\/vc_column][\/vc_row][vc_row][vc_column][vc_empty_space height=&#8221;70px&#8221;][\/vc_column][\/vc_row]<\/p>\n<\/div>","protected":false},"excerpt":{"rendered":"<p>[vc_row type=&#8221;full_width_section&#8221;][vc_column][vc_single_image image=&#8221;5464&#8243; img_size=&#8221;full&#8221; alignment=&#8221;center&#8221;][vc_column_text] Transfert de l\u2019a\u00e9roport de Gen\u00e8ve vers Avoriaz avec des v\u00e9hicules Mercedes Lors de la planification de votre trajet depuis l\u2019a\u00e9roport de Gen\u00e8ve vers Avoriaz, choisir un service de transfert premium peut faire toute la diff\u00e9rence pour votre transfert de Gen\u00e8ve vers Avoriaz. Que vous voyagiez seul, en famille ou en<\/p>\n","protected":false},"author":4,"featured_media":0,"parent":0,"menu_order":0,"comment_status":"closed","ping_status":"closed","template":"","meta":{"footnotes":""},"class_list":["post-3799","page","type-page","status-publish","hentry"],"_links":{"self":[{"href":"https:\/\/genevaways.com\/fr\/wp-json\/wp\/v2\/pages\/3799","targetHints":{"allow":["GET"]}}],"collection":[{"href":"https:\/\/genevaways.com\/fr\/wp-json\/wp\/v2\/pages"}],"about":[{"href":"https:\/\/genevaways.com\/fr\/wp-json\/wp\/v2\/types\/page"}],"author":[{"embeddable":true,"href":"https:\/\/genevaways.com\/fr\/wp-json\/wp\/v2\/users\/4"}],"replies":[{"embeddable":true,"href":"https:\/\/genevaways.com\/fr\/wp-json\/wp\/v2\/comments?post=3799"}],"version-history":[{"count":15,"href":"https:\/\/genevaways.com\/fr\/wp-json\/wp\/v2\/pages\/3799\/revisions"}],"predecessor-version":[{"id":7105,"href":"https:\/\/genevaways.com\/fr\/wp-json\/wp\/v2\/pages\/3799\/revisions\/7105"}],"wp:attachment":[{"href":"https:\/\/genevaways.com\/fr\/wp-json\/wp\/v2\/media?parent=3799"}],"curies":[{"name":"wp","href":"https:\/\/api.w.org\/{rel}","templated":true}]}}