{"id":3803,"date":"2024-10-17T11:01:20","date_gmt":"2024-10-17T09:01:20","guid":{"rendered":"https:\/\/genevaways.com\/grindelwald\/"},"modified":"2026-01-31T04:16:00","modified_gmt":"2026-01-31T03:16:00","slug":"grindelwald","status":"publish","type":"page","link":"https:\/\/genevaways.com\/fr\/grindelwald\/","title":{"rendered":"Transfert Geneve pour Grindelwald"},"content":{"rendered":"<div class=\"wpb-content-wrapper\"><p>[vc_row type=&#8221;full_width_section&#8221;][vc_column]<h3 class=\"center-title\">Transfert de Gen\u00e8ve \u00e0 Grindelwald<br \/>\n<\/h3><div class=\"title-block2\"><\/div>[vc_column_text]Transferts de luxe de l&#8217;a\u00e9roport de Gen\u00e8ve \u00e0 Grindelwald en Mercedes<\/p>\n<p>Combien co\u00fbte un transfert de Gen\u00e8ve \u00e0 Grindelwald\u00a0?<img loading=\"lazy\" decoding=\"async\" class=\"alignright wp-image-5509\" src=\"https:\/\/genevaways.com\/wp-content\/uploads\/2025\/05\/Transfer-Geneva-to-Grindelwald-1-1024x768.jpeg\" alt=\"Transfer Geneva to Grindelwald\" width=\"500\" height=\"375\" srcset=\"https:\/\/genevaways.com\/wp-content\/uploads\/2025\/05\/Transfer-Geneva-to-Grindelwald-1-1024x768.jpeg 1024w, https:\/\/genevaways.com\/wp-content\/uploads\/2025\/05\/Transfer-Geneva-to-Grindelwald-1-300x225.jpeg 300w, https:\/\/genevaways.com\/wp-content\/uploads\/2025\/05\/Transfer-Geneva-to-Grindelwald-1-768x576.jpeg 768w, https:\/\/genevaways.com\/wp-content\/uploads\/2025\/05\/Transfer-Geneva-to-Grindelwald-1-1536x1152.jpeg 1536w, https:\/\/genevaways.com\/wp-content\/uploads\/2025\/05\/Transfer-Geneva-to-Grindelwald-1-100x75.jpeg 100w, https:\/\/genevaways.com\/wp-content\/uploads\/2025\/05\/Transfer-Geneva-to-Grindelwald-1.jpeg 2048w\" sizes=\"auto, (max-width: 500px) 100vw, 500px\" \/><br \/>\nPrix des transferts priv\u00e9s de Gen\u00e8ve \u00e0 Grindelwald\u00a0: \u00e0 partir de 890\u00a0CHF<br \/>\nQuelle est la dur\u00e9e du transfert de Gen\u00e8ve \u00e0 Grindelwald\u00a0?<br \/>\nDur\u00e9e des transferts priv\u00e9s de Gen\u00e8ve \u00e0 Grindelwald\u00a0: 2\u00a0h\u00a040<br \/>\nQuelle est la distance entre Gen\u00e8ve et Grindelwald\u00a0?<br \/>\nDistance des transferts priv\u00e9s de Gen\u00e8ve \u00e0 Grindelwald : 232 km.<\/p>\n<div class=\"flex flex-col text-sm pb-25\">\n<article class=\"text-token-text-primary w-full focus:outline-none [--shadow-height:45px] has-data-writing-block:pointer-events-none has-data-writing-block:-mt-(--shadow-height) has-data-writing-block:pt-(--shadow-height) [&amp;:has([data-writing-block])&gt;*]:pointer-events-auto scroll-mt-[calc(var(--header-height)+min(200px,max(70px,20svh)))]\" dir=\"auto\" tabindex=\"-1\" data-turn-id=\"0e1083e2-8e55-4f40-9496-7ccb2ae31649\" data-testid=\"conversation-turn-54\" data-scroll-anchor=\"true\" data-turn=\"assistant\">\n<div class=\"text-base my-auto mx-auto pb-10 [--thread-content-margin:--spacing(4)] @w-sm\/main:[--thread-content-margin:--spacing(6)] @w-lg\/main:[--thread-content-margin:--spacing(16)] px-(--thread-content-margin)\">\n<div class=\"[--thread-content-max-width:40rem] @w-lg\/main:[--thread-content-max-width:48rem] mx-auto max-w-(--thread-content-max-width) flex-1 group\/turn-messages focus-visible:outline-hidden relative flex w-full min-w-0 flex-col agent-turn\" tabindex=\"-1\">\n<div class=\"flex max-w-full flex-col grow\">\n<div class=\"min-h-8 text-message relative flex w-full flex-col items-end gap-2 text-start break-words whitespace-normal [.text-message+&amp;]:mt-1\" dir=\"auto\" data-message-author-role=\"assistant\" data-message-id=\"c2a48127-4b80-4422-94ae-93562d7e65f2\" data-message-model-slug=\"gpt-5-2-thinking\">\n<div class=\"flex w-full flex-col gap-1 empty:hidden first:pt-[1px]\">\n<div class=\"markdown prose dark:prose-invert w-full wrap-break-word light markdown-new-styling\">\n<p data-start=\"583\" data-end=\"903\">Lorsque vous voyagez de<a href=\"https:\/\/www.gva.ch\/en\/\" target=\"_blank\" rel=\"noopener\"> l\u2019a\u00e9roport de Gen\u00e8ve<\/a> \u00e0 Grindelwald, le confort, le style et la fiabilit\u00e9 sont essentiels. Gr\u00e2ce \u00e0 nos services de transport premium, nous mettons \u00e0 votre disposition une gamme de v\u00e9hicules Mercedes adapt\u00e9s \u00e0 vos besoins, pour un trajet fluide \u00e0 travers les paysages spectaculaires de la Suisse.<\/p>\n<h3 data-start=\"905\" data-end=\"1266\">Vivez un transfert sans stress avec notre flotte<\/h3>\n<p data-start=\"905\" data-end=\"1266\">Que vous voyagiez seul, en famille ou en grand groupe, notre flotte vari\u00e9e vous garantit une solution parfaitement adapt\u00e9e. Choisissez parmi la Mercedes E-Class, la S-Class, la V-Class, la Maybach, ou notre spacieux bus Mercedes 16 places \u2014 chaque option offrant un niveau de luxe et de confort exceptionnel.<\/p>\n<h3 data-start=\"1268\" data-end=\"1978\">Transfert de l\u2019a\u00e9roport de Gen\u00e8ve \u00e0 Grindelwald avec Mercedes E-Class<\/h3>\n<p data-start=\"1268\" data-end=\"1978\">Pour celles et ceux qui recherchent un trajet \u00e9l\u00e9gant et raffin\u00e9, la Mercedes E-Class est un choix id\u00e9al. Alliant technologies avanc\u00e9es et luxe discret, elle assure un transfert fluide et styl\u00e9. Choisissez notre transfert de l\u2019a\u00e9roport de Gen\u00e8ve \u00e0 Grindelwald avec Mercedes E-Class pour un voyage o\u00f9 chaque d\u00e9tail refl\u00e8te la sophistication. L\u2019habitacle spacieux, la climatisation et les \u00e9quipements haut de gamme red\u00e9finissent l\u2019exp\u00e9rience premium. Que ce soit pour un d\u00e9placement professionnel ou un s\u00e9jour loisirs, la Mercedes E-Class pour votre transfert de l\u2019a\u00e9roport de Gen\u00e8ve \u00e0 Grindelwald est une solution de luxe incontournable.<\/p>\n<h3 data-start=\"1980\" data-end=\"2542\">Transfert de l\u2019a\u00e9roport de Gen\u00e8ve \u00e0 Grindelwald avec Mercedes V-Class<\/h3>\n<p data-start=\"1980\" data-end=\"2542\">Id\u00e9ale pour les familles ou les petits groupes, la Mercedes V-Class offre un espace g\u00e9n\u00e9reux et un confort sup\u00e9rieur. Avec un grand volume de bagages, des si\u00e8ges luxueux et des \u00e9quipements de s\u00e9curit\u00e9 avanc\u00e9s, cette option garantit un trajet sans stress. Optez pour un transfert de l\u2019a\u00e9roport de Gen\u00e8ve \u00e0 Grindelwald avec Mercedes V-Class, o\u00f9 chaque passager profite d\u2019un confort et d\u2019une praticit\u00e9 haut de gamme. La V-Class permet de voyager en groupe aussi agr\u00e9ablement qu\u2019en limousine.<\/p>\n<h3 data-start=\"2544\" data-end=\"3115\">Transfert de l\u2019a\u00e9roport de Gen\u00e8ve \u00e0 Grindelwald avec Mercedes S-Class<\/h3>\n<p data-start=\"2544\" data-end=\"3115\">Pour les voyageurs qui exigent l\u2019excellence, la Mercedes S-Class repr\u00e9sente le summum du luxe. R\u00e9put\u00e9e pour ses technologies innovantes, son confort exceptionnel et son design prestigieux, elle incarne la r\u00e9f\u00e9rence du transport haut de gamme. R\u00e9servez votre transfert de l\u2019a\u00e9roport de Gen\u00e8ve \u00e0 Grindelwald avec Mercedes S-Class pour profiter d\u2019un voyage d\u00e9fini par l\u2019\u00e9l\u00e9gance. Que ce soit pour un transfert corporate ou une occasion sp\u00e9ciale, la S-Class vous garantit une arriv\u00e9e en grande classe.<\/p>\n<h3 data-start=\"3117\" data-end=\"3600\">Transfert de l\u2019a\u00e9roport de Gen\u00e8ve \u00e0 Grindelwald avec Mercedes Maybach<\/h3>\n<p data-start=\"3117\" data-end=\"3600\">Passez au niveau sup\u00e9rieur avec la Mercedes Maybach. V\u00e9ritable symbole de sophistication, elle offre une exp\u00e9rience de voyage incomparable. Choisissez un transfert de l\u2019a\u00e9roport de Gen\u00e8ve \u00e0 Grindelwald avec Mercedes Maybach pour un trajet inoubliable. La Maybach combine technologies avanc\u00e9es, finitions int\u00e9rieures d\u2019exception et service personnalis\u00e9 \u2014 un choix parfait pour les voyageurs les plus exigeants.<\/p>\n<h3 data-start=\"3602\" data-end=\"4140\">Transfert de l\u2019a\u00e9roport de Gen\u00e8ve \u00e0 Grindelwald avec bus Mercedes 16 places<\/h3>\n<p data-start=\"3602\" data-end=\"4140\">Vous voyagez en grand groupe ? Le bus Mercedes 16 places offre \u00e0 la fois espace et confort, pour que chacun profite du trajet. Que ce soit pour un \u00e9v\u00e9nement d\u2019entreprise, un voyage en famille ou un tour de groupe, un transfert de l\u2019a\u00e9roport de Gen\u00e8ve \u00e0 Grindelwald avec bus Mercedes est la solution id\u00e9ale. Avec un int\u00e9rieur confortable et un espace de rangement g\u00e9n\u00e9reux, cette option permet \u00e0 votre groupe de voyager ensemble, dans le style et la s\u00e9r\u00e9nit\u00e9.<\/p>\n<h3 data-start=\"4142\" data-end=\"4647\">Pourquoi choisir nos transferts Gen\u00e8ve \u2013 Grindelwald ?<\/h3>\n<ol>\n<li data-start=\"4142\" data-end=\"4647\">Flotte de luxe : une s\u00e9lection de v\u00e9hicules Mercedes premium adapt\u00e9e \u00e0 chaque besoin.<\/li>\n<li data-start=\"4142\" data-end=\"4647\">Chauffeurs professionnels : des conducteurs exp\u00e9riment\u00e9s avec une excellente connaissance locale.<\/li>\n<li data-start=\"4142\" data-end=\"4647\">Ponctualit\u00e9 : prise en charge et d\u00e9pose \u00e0 l\u2019heure pour respecter votre planning.<\/li>\n<li data-start=\"4142\" data-end=\"4647\">Itin\u00e9raires panoramiques : profitez des vues superbes sur les Alpes suisses pendant le trajet.<\/li>\n<li data-start=\"4142\" data-end=\"4647\">Services personnalisables : options pour voyageurs solos, familles et groupes.<\/li>\n<\/ol>\n<h3 data-start=\"4649\" data-end=\"5048\">R\u00e9servation simple et rapide<\/h3>\n<p data-start=\"4649\" data-end=\"5048\">Planifier votre transfert n\u2019a jamais \u00e9t\u00e9 aussi facile. Gr\u00e2ce \u00e0 notre syst\u00e8me de r\u00e9servation intuitif, vous pouvez r\u00e9server votre v\u00e9hicule en quelques clics. Que vous choisissiez un transfert de l\u2019a\u00e9roport de Gen\u00e8ve \u00e0 Grindelwald en Mercedes E-Class, V-Class, S-Class, Maybach ou en bus 16 places, notre \u00e9quipe vous assure une exp\u00e9rience fluide et sans complications.<\/p>\n<h3 data-start=\"5050\" data-end=\"5416\">Voyagez avec style de Gen\u00e8ve \u00e0 Grindelwald<\/h3>\n<p data-start=\"5050\" data-end=\"5416\">La Suisse est c\u00e9l\u00e8bre pour sa beaut\u00e9 naturelle, et le trajet de Gen\u00e8ve \u00e0 Grindelwald ne fait pas exception. Opter pour un transfert de l\u2019a\u00e9roport de Gen\u00e8ve \u00e0 Grindelwald en Mercedes E-Class, V-Class, S-Class, Maybach ou bus 16 places vous permet de profiter pleinement des paysages alpins sans compromis sur le confort.<\/p>\n<p data-start=\"5418\" data-end=\"5784\">Notre flotte Mercedes est entretenue avec soin afin de vous garantir la meilleure exp\u00e9rience. Des voyageurs individuels aux groupes, chaque trajet est pens\u00e9 pour r\u00e9pondre \u00e0 vos besoins. Chaque transfert de l\u2019a\u00e9roport de Gen\u00e8ve \u00e0 Grindelwald en Mercedes V-Class, E-Class, S-Class, Maybach ou bus Mercedes vous assure un voyage aussi m\u00e9morable que votre destination.<\/p>\n<h3 data-start=\"5786\" data-end=\"6874\">Autour de Grindelwald<\/h3>\n<p data-start=\"5786\" data-end=\"6874\">Si vous r\u00e9servez un transfert de l\u2019a\u00e9roport de Gen\u00e8ve \u00e0 Grindelwald, il peut \u00eatre int\u00e9ressant de pr\u00e9voir une petite excursion vers Interlaken pendant votre s\u00e9jour \u2014 <a href=\"https:\/\/genevaways.com\/fr\/interlaken\/\">Interlaken<\/a> est id\u00e9ale pour se d\u00e9tendre au bord des lacs, profiter de caf\u00e9s et restaurants, faire un peu de shopping, ou simplement admirer les vues sur la vall\u00e9e avant de remonter en montagne. Vous pouvez inclure Interlaken comme une extension facile apr\u00e8s votre arriv\u00e9e (ou avant votre d\u00e9part), car c\u2019est un arr\u00eat \u201centre deux\u201d tr\u00e8s pratique tout en gardant Grindelwald comme base principale \u2014 votre chauffeur peut g\u00e9rer l\u2019aller-retour, sans souci de parking, d\u2019horaires ou de bagages. Interlaken Ost est aussi souvent utilis\u00e9 comme point d\u2019acc\u00e8s pratique \u00e0 la r\u00e9gion de la Jungfrau, avec des connexions vers Grindelwald et les sommets environnants, ce qui explique pourquoi Interlaken s\u2019int\u00e8gre naturellement \u00e0 un itin\u00e9raire qui commence par un transfert premium vers Grindelwald (voir les d\u00e9tails ici : <a class=\"decorated-link\" href=\"https:\/\/www.jungfrau.ch\/en-gb\/arrival-at-station-car-parks\/interlaken-ost-railway-station\/\" target=\"_new\" rel=\"noopener\" data-start=\"6780\" data-end=\"6870\">https:\/\/www.jungfrau.ch\/en-gb\/arrival-at-station-car-parks\/interlaken-ost-railway-station\/<\/a>).<\/p>\n<h3 data-start=\"6876\" data-end=\"7335\">Offres personnalisables pour chaque besoin<\/h3>\n<p data-start=\"6876\" data-end=\"7335\">Que vous arriviez \u00e0 Gen\u00e8ve pour un rendez-vous professionnel ou pour des vacances en famille \u00e0 Grindelwald, nos formules sont con\u00e7ues pour s\u2019adapter \u00e0 vos pr\u00e9f\u00e9rences. La flexibilit\u00e9 de nos services garantit que chaque transfert de l\u2019a\u00e9roport de Gen\u00e8ve \u00e0 Grindelwald en Mercedes E-Class, V-Class ou Maybach est unique. De l\u2019habitacle luxueux aux chauffeurs professionnels, nous pr\u00eatons attention \u00e0 chaque d\u00e9tail.<\/p>\n<h3 data-start=\"7337\" data-end=\"7653\">L\u2019excellence comme standard<\/h3>\n<p data-start=\"7337\" data-end=\"7653\">Chaque transfert de l\u2019a\u00e9roport de Gen\u00e8ve \u00e0 Grindelwald en Mercedes S-Class, E-Class ou Maybach refl\u00e8te notre engagement pour l\u2019excellence. Nos chauffeurs privil\u00e9gient votre confort et votre s\u00e9curit\u00e9, et nos v\u00e9hicules haut de gamme vous offrent une exp\u00e9rience qui d\u00e9passe les attentes.<\/p>\n<h3 data-start=\"7655\" data-end=\"8064\">Conclusion<\/h3>\n<p data-start=\"7655\" data-end=\"8064\">Choisissez nos services premium pour votre transfert de l\u2019a\u00e9roport de Gen\u00e8ve \u00e0 Grindelwald. Que vous pr\u00e9f\u00e9riez l\u2019\u00e9l\u00e9gance de la Mercedes E-Class, le confort spacieux de la Mercedes V-Class, le prestige de la Mercedes S-Class ou l\u2019exclusivit\u00e9 de la Mercedes Maybach, nous avons l\u2019option parfaite pour vous. Pour les groupes, notre bus Mercedes 16 places offre une solution id\u00e9ale et confortable.<\/p>\n<p data-start=\"8066\" data-end=\"8264\" data-is-last-node=\"\" data-is-only-node=\"\">R\u00e9servez d\u00e8s aujourd\u2019hui votre transfert de l\u2019a\u00e9roport de Gen\u00e8ve \u00e0 Grindelwald en Mercedes et profitez du meilleur du luxe et de la fiabilit\u00e9. Laissez-nous rendre votre voyage en Suisse inoubliable.<\/p>\n<\/div>\n<\/div>\n<\/div>\n<\/div>\n<\/div>\n<\/div>\n<\/article>\n<\/div>\n<p>[\/vc_column_text][\/vc_column][\/vc_row][vc_row][vc_column][vc_empty_space height=&#8221;70px&#8221;][\/vc_column][\/vc_row]<\/p>\n<\/div>","protected":false},"excerpt":{"rendered":"<p>[vc_row type=&#8221;full_width_section&#8221;][vc_column][vc_column_text]Transferts de luxe de l&#8217;a\u00e9roport de Gen\u00e8ve \u00e0 Grindelwald en Mercedes Combien co\u00fbte un transfert de Gen\u00e8ve \u00e0 Grindelwald\u00a0? Prix des transferts priv\u00e9s de Gen\u00e8ve \u00e0 Grindelwald\u00a0: \u00e0 partir de 890\u00a0CHF Quelle est la dur\u00e9e du transfert de Gen\u00e8ve \u00e0 Grindelwald\u00a0? Dur\u00e9e des transferts priv\u00e9s de Gen\u00e8ve \u00e0 Grindelwald\u00a0: 2\u00a0h\u00a040 Quelle est la distance<\/p>\n","protected":false},"author":4,"featured_media":0,"parent":0,"menu_order":0,"comment_status":"closed","ping_status":"closed","template":"","meta":{"footnotes":""},"class_list":["post-3803","page","type-page","status-publish","hentry"],"_links":{"self":[{"href":"https:\/\/genevaways.com\/fr\/wp-json\/wp\/v2\/pages\/3803","targetHints":{"allow":["GET"]}}],"collection":[{"href":"https:\/\/genevaways.com\/fr\/wp-json\/wp\/v2\/pages"}],"about":[{"href":"https:\/\/genevaways.com\/fr\/wp-json\/wp\/v2\/types\/page"}],"author":[{"embeddable":true,"href":"https:\/\/genevaways.com\/fr\/wp-json\/wp\/v2\/users\/4"}],"replies":[{"embeddable":true,"href":"https:\/\/genevaways.com\/fr\/wp-json\/wp\/v2\/comments?post=3803"}],"version-history":[{"count":12,"href":"https:\/\/genevaways.com\/fr\/wp-json\/wp\/v2\/pages\/3803\/revisions"}],"predecessor-version":[{"id":7123,"href":"https:\/\/genevaways.com\/fr\/wp-json\/wp\/v2\/pages\/3803\/revisions\/7123"}],"wp:attachment":[{"href":"https:\/\/genevaways.com\/fr\/wp-json\/wp\/v2\/media?parent=3803"}],"curies":[{"name":"wp","href":"https:\/\/api.w.org\/{rel}","templated":true}]}}