{"id":3839,"date":"2024-10-17T10:58:23","date_gmt":"2024-10-17T08:58:23","guid":{"rendered":"https:\/\/genevaways.com\/megeve\/"},"modified":"2026-01-31T04:26:26","modified_gmt":"2026-01-31T03:26:26","slug":"megeve","status":"publish","type":"page","link":"https:\/\/genevaways.com\/fr\/megeve\/","title":{"rendered":"Meg\u00e8ve"},"content":{"rendered":"<div class=\"wpb-content-wrapper\"><p>[vc_row type=&#8221;full_width_section&#8221;][vc_column]<h3 class=\"center-title\">Transfert de Gen\u00e8ve \u00e0 Meg\u00e8ve<br \/>\n<\/h3><div class=\"title-block2\"><\/div>[vc_column_text]<\/p>\n<h3 data-start=\"0\" data-end=\"62\">Transferts de luxe depuis l\u2019a\u00e9roport de Gen\u00e8ve vers Meg\u00e8ve<\/h3>\n<p data-start=\"64\" data-end=\"189\"><strong data-start=\"64\" data-end=\"115\">Combien co\u00fbte un transfert de Gen\u00e8ve \u00e0 Meg\u00e8ve ?<\/strong><br data-start=\"115\" data-end=\"118\" \/>Prix des transferts priv\u00e9s de Gen\u00e8ve \u00e0 Meg\u00e8ve : \u00e0 partir de <strong data-start=\"178\" data-end=\"189\">390 CHF<\/strong><\/p>\n<p data-start=\"191\" data-end=\"312\"><strong data-start=\"191\" data-end=\"250\">Combien de temps dure le transfert de Gen\u00e8ve \u00e0 Meg\u00e8ve ?<\/strong><br data-start=\"250\" data-end=\"253\" \/>Dur\u00e9e des transferts priv\u00e9s de Gen\u00e8ve \u00e0 Meg\u00e8ve : <strong data-start=\"302\" data-end=\"312\">1 h 15<\/strong><\/p>\n<p data-start=\"314\" data-end=\"429\"><strong data-start=\"314\" data-end=\"365\">Quelle est la distance entre Gen\u00e8ve et Meg\u00e8ve ?<\/strong><br data-start=\"365\" data-end=\"368\" \/>Distance des transferts priv\u00e9s de Gen\u00e8ve \u00e0 Meg\u00e8ve : <strong data-start=\"420\" data-end=\"429\">90 km<\/strong><\/p>\n<p data-start=\"431\" data-end=\"823\">Profitez d\u2019un confort et d\u2019une praticit\u00e9 incomparables gr\u00e2ce \u00e0 nos services de <strong data-start=\"510\" data-end=\"567\">transfert premium de l\u2019a\u00e9roport de Gen\u00e8ve vers Meg\u00e8ve<\/strong>. Que vous voyagiez seul, en famille ou en groupe, notre flotte de v\u00e9hicules Mercedes de luxe garantit un trajet fluide jusqu\u2019\u00e0 votre destination. Nos chauffeurs professionnels et notre service d\u2019exception vous assurent une exp\u00e9rience de voyage sur mesure.<\/p>\n<hr data-start=\"825\" data-end=\"828\" \/>\n<h3 data-start=\"830\" data-end=\"913\">Pourquoi choisir nos services de transfert de <a href=\"https:\/\/www.gva.ch\/en\/\" target=\"_blank\" rel=\"noopener\">l\u2019a\u00e9roport de Gen\u00e8ve<\/a> vers Meg\u00e8ve ?<\/h3>\n<p data-start=\"915\" data-end=\"1211\">Meg\u00e8ve, destination alpine pittoresque, m\u00e9rite une arriv\u00e9e \u00e0 la hauteur. Nos services de transfert privil\u00e9gient votre confort, votre s\u00e9curit\u00e9 et le luxe. D\u00e8s votre sortie de l\u2019a\u00e9roport de Gen\u00e8ve, vous serez accueilli par un chauffeur et un v\u00e9hicule Mercedes pr\u00eat \u00e0 partir, adapt\u00e9 \u00e0 vos exigences.<\/p>\n<p data-start=\"1213\" data-end=\"1242\"><strong data-start=\"1213\" data-end=\"1240\">Nos services incluent :<\/strong><\/p>\n<ul data-start=\"1243\" data-end=\"1459\">\n<li data-start=\"1243\" data-end=\"1287\">\n<p data-start=\"1245\" data-end=\"1287\">Prises en charge et d\u00e9poses ponctuelles.<\/p>\n<\/li>\n<li data-start=\"1288\" data-end=\"1335\">\n<p data-start=\"1290\" data-end=\"1335\">Int\u00e9rieurs luxueux pour un trajet relaxant.<\/p>\n<\/li>\n<li data-start=\"1336\" data-end=\"1375\">\n<p data-start=\"1338\" data-end=\"1375\">Wi-Fi et rafra\u00eechissements offerts.<\/p>\n<\/li>\n<li data-start=\"1376\" data-end=\"1459\">\n<p data-start=\"1378\" data-end=\"1459\">Services personnalis\u00e9s pour les particuliers, les familles et les grands groupes.<\/p>\n<\/li>\n<\/ul>\n<hr data-start=\"1461\" data-end=\"1464\" \/>\n<h3 data-start=\"1466\" data-end=\"1542\">Options de flotte pour les transferts de l\u2019a\u00e9roport de Gen\u00e8ve vers Meg\u00e8ve<\/h3>\n<p data-start=\"1544\" data-end=\"1743\">Nous sommes fiers de notre flotte Mercedes vari\u00e9e, avec une option pour chaque pr\u00e9f\u00e9rence. Voici un aper\u00e7u d\u00e9taill\u00e9 des v\u00e9hicules disponibles pour votre transfert de l\u2019a\u00e9roport de Gen\u00e8ve vers Meg\u00e8ve.<\/p>\n<hr data-start=\"1745\" data-end=\"1748\" \/>\n<h4 data-start=\"1750\" data-end=\"1822\">1. Transfert de l\u2019a\u00e9roport de Gen\u00e8ve vers Meg\u00e8ve en Mercedes Classe E<\/h4>\n<p data-start=\"1824\" data-end=\"2030\">Pour un \u00e9quilibre parfait entre \u00e9l\u00e9gance et efficacit\u00e9, la Mercedes Classe E est un excellent choix. Elle est id\u00e9ale pour les voyageurs d\u2019affaires ou les petites familles recherchant une exp\u00e9rience premium.<\/p>\n<ul data-start=\"2032\" data-end=\"2159\">\n<li data-start=\"2032\" data-end=\"2075\">\n<p data-start=\"2034\" data-end=\"2075\">Espace confortable jusqu\u2019\u00e0 3 passagers.<\/p>\n<\/li>\n<li data-start=\"2076\" data-end=\"2120\">\n<p data-start=\"2078\" data-end=\"2120\">Design moderne et \u00e9quipements high-tech.<\/p>\n<\/li>\n<li data-start=\"2121\" data-end=\"2159\">\n<p data-start=\"2123\" data-end=\"2159\">Confort optimal sur longue distance.<\/p>\n<\/li>\n<\/ul>\n<p data-start=\"2161\" data-end=\"2305\">R\u00e9servez d\u00e8s maintenant votre <strong data-start=\"2191\" data-end=\"2261\">transfert de l\u2019a\u00e9roport de Gen\u00e8ve vers Meg\u00e8ve en Mercedes Classe E<\/strong>, pour un trajet alliant style et fiabilit\u00e9.<\/p>\n<hr data-start=\"2307\" data-end=\"2310\" \/>\n<h4 data-start=\"2312\" data-end=\"2384\">2. Transfert de l\u2019a\u00e9roport de Gen\u00e8ve vers Meg\u00e8ve en <a href=\"https:\/\/genevaways.com\/fr\/fleet\/mercedes-v-class\/\">Mercedes Classe V<\/a><\/h4>\n<p data-start=\"2386\" data-end=\"2522\"><strong data-start=\"2386\" data-end=\"2448\">Combien co\u00fbte un transfert de Gen\u00e8ve \u00e0 Meg\u00e8ve en minivan ?<\/strong><br data-start=\"2448\" data-end=\"2451\" \/>Prix des transferts priv\u00e9s de Gen\u00e8ve \u00e0 Meg\u00e8ve : \u00e0 partir de <strong data-start=\"2511\" data-end=\"2522\">440 CHF<\/strong><\/p>\n<p data-start=\"2524\" data-end=\"2656\"><strong data-start=\"2524\" data-end=\"2594\">Combien de temps dure le transfert de Gen\u00e8ve \u00e0 Meg\u00e8ve en minivan ?<\/strong><br data-start=\"2594\" data-end=\"2597\" \/>Dur\u00e9e des transferts priv\u00e9s de Gen\u00e8ve \u00e0 Meg\u00e8ve : <strong data-start=\"2646\" data-end=\"2656\">1 h 15<\/strong><\/p>\n<p data-start=\"2658\" data-end=\"2784\"><strong data-start=\"2658\" data-end=\"2720\">Quelle est la distance entre Gen\u00e8ve et Meg\u00e8ve en minivan ?<\/strong><br data-start=\"2720\" data-end=\"2723\" \/>Distance des transferts priv\u00e9s de Gen\u00e8ve \u00e0 Meg\u00e8ve : <strong data-start=\"2775\" data-end=\"2784\">90 km<\/strong><\/p>\n<p data-start=\"2786\" data-end=\"2926\">Vous voyagez en groupe ? La Mercedes Classe V offre espace et raffinement. Parfaite pour les familles, les amis ou les \u00e9quipes d\u2019entreprise.<\/p>\n<ul data-start=\"2928\" data-end=\"3031\">\n<li data-start=\"2928\" data-end=\"2952\">\n<p data-start=\"2930\" data-end=\"2952\">Jusqu\u2019\u00e0 7 passagers.<\/p>\n<\/li>\n<li data-start=\"2953\" data-end=\"2983\">\n<p data-start=\"2955\" data-end=\"2983\">Int\u00e9rieur en cuir luxueux.<\/p>\n<\/li>\n<li data-start=\"2984\" data-end=\"3031\">\n<p data-start=\"2986\" data-end=\"3031\">Si\u00e8ges modulables et grande capacit\u00e9 bagages.<\/p>\n<\/li>\n<\/ul>\n<p data-start=\"3033\" data-end=\"3169\">Choisissez un <strong data-start=\"3047\" data-end=\"3117\">transfert de l\u2019a\u00e9roport de Gen\u00e8ve vers Meg\u00e8ve en Mercedes Classe V<\/strong> pour le meilleur compromis entre luxe et praticit\u00e9.<\/p>\n<hr data-start=\"3171\" data-end=\"3174\" \/>\n<h4 data-start=\"3176\" data-end=\"3248\">3. Transfert de l\u2019a\u00e9roport de Gen\u00e8ve vers Meg\u00e8ve en Mercedes Classe S<\/h4>\n<p data-start=\"3250\" data-end=\"3382\">La Mercedes Classe S d\u00e9finit le luxe et l\u2019\u00e9l\u00e9gance : un choix id\u00e9al pour celles et ceux qui souhaitent une exp\u00e9rience haut de gamme.<\/p>\n<ul data-start=\"3384\" data-end=\"3536\">\n<li data-start=\"3384\" data-end=\"3432\">\n<p data-start=\"3386\" data-end=\"3432\">\u00c9quipements premium pour un confort maximal.<\/p>\n<\/li>\n<li data-start=\"3433\" data-end=\"3470\">\n<p data-start=\"3435\" data-end=\"3470\">Trajet silencieux et tr\u00e8s fluide.<\/p>\n<\/li>\n<li data-start=\"3471\" data-end=\"3536\">\n<p data-start=\"3473\" data-end=\"3536\">Parfait pour les occasions sp\u00e9ciales ou les voyages d\u2019affaires.<\/p>\n<\/li>\n<\/ul>\n<p data-start=\"3538\" data-end=\"3644\">Offrez-vous le luxe ultime avec un <strong data-start=\"3573\" data-end=\"3643\">transfert de l\u2019a\u00e9roport de Gen\u00e8ve vers Meg\u00e8ve en Mercedes Classe S<\/strong>.<\/p>\n<hr data-start=\"3646\" data-end=\"3649\" \/>\n<h4 data-start=\"3651\" data-end=\"3722\">4. Transfert de l\u2019a\u00e9roport de Gen\u00e8ve vers Meg\u00e8ve en Mercedes Maybach<\/h4>\n<p data-start=\"3724\" data-end=\"3808\">Sublimez votre trajet avec la Mercedes Maybach, symbole d\u2019opulence et d\u2019exclusivit\u00e9.<\/p>\n<ul data-start=\"3810\" data-end=\"3958\">\n<li data-start=\"3810\" data-end=\"3857\">\n<p data-start=\"3812\" data-end=\"3857\">Luxe incomparable pour voyageurs exigeants.<\/p>\n<\/li>\n<li data-start=\"3858\" data-end=\"3905\">\n<p data-start=\"3860\" data-end=\"3905\">Mat\u00e9riaux premium et technologie de pointe.<\/p>\n<\/li>\n<li data-start=\"3906\" data-end=\"3958\">\n<p data-start=\"3908\" data-end=\"3958\">Con\u00e7ue pour ceux qui appr\u00e9cient les belles choses.<\/p>\n<\/li>\n<\/ul>\n<p data-start=\"3960\" data-end=\"4062\">Vivez le summum du luxe avec un <strong data-start=\"3992\" data-end=\"4061\">transfert de l\u2019a\u00e9roport de Gen\u00e8ve vers Meg\u00e8ve en Mercedes Maybach<\/strong>.<\/p>\n<hr data-start=\"4064\" data-end=\"4067\" \/>\n<h4 data-start=\"4069\" data-end=\"4152\">5. Transfert de l\u2019a\u00e9roport de Gen\u00e8ve vers Meg\u00e8ve en minibus Mercedes (16 places)<\/h4>\n<p data-start=\"4154\" data-end=\"4290\"><strong data-start=\"4154\" data-end=\"4216\">Combien co\u00fbte un transfert de Gen\u00e8ve \u00e0 Meg\u00e8ve en minibus ?<\/strong><br data-start=\"4216\" data-end=\"4219\" \/>Prix des transferts priv\u00e9s de Gen\u00e8ve \u00e0 Meg\u00e8ve : \u00e0 partir de <strong data-start=\"4279\" data-end=\"4290\">740 CHF<\/strong><\/p>\n<p data-start=\"4292\" data-end=\"4424\"><strong data-start=\"4292\" data-end=\"4362\">Combien de temps dure le transfert de Gen\u00e8ve \u00e0 Meg\u00e8ve en minibus ?<\/strong><br data-start=\"4362\" data-end=\"4365\" \/>Dur\u00e9e des transferts priv\u00e9s de Gen\u00e8ve \u00e0 Meg\u00e8ve : <strong data-start=\"4414\" data-end=\"4424\">1 h 35<\/strong><\/p>\n<p data-start=\"4426\" data-end=\"4552\"><strong data-start=\"4426\" data-end=\"4488\">Quelle est la distance entre Gen\u00e8ve et Meg\u00e8ve en minibus ?<\/strong><br data-start=\"4488\" data-end=\"4491\" \/>Distance des transferts priv\u00e9s de Gen\u00e8ve \u00e0 Meg\u00e8ve : <strong data-start=\"4543\" data-end=\"4552\">90 km<\/strong><\/p>\n<p data-start=\"4554\" data-end=\"4676\">Pour les grands groupes, notre minibus Mercedes 16 places est la solution id\u00e9ale. Il combine espace, confort et fiabilit\u00e9.<\/p>\n<ul data-start=\"4678\" data-end=\"4855\">\n<li data-start=\"4678\" data-end=\"4719\">\n<p data-start=\"4680\" data-end=\"4719\">Jusqu\u2019\u00e0 16 passagers confortablement.<\/p>\n<\/li>\n<li data-start=\"4720\" data-end=\"4772\">\n<p data-start=\"4722\" data-end=\"4772\">Espace g\u00e9n\u00e9reux pour bagages et mat\u00e9riel de ski.<\/p>\n<\/li>\n<li data-start=\"4773\" data-end=\"4855\">\n<p data-start=\"4775\" data-end=\"4855\">Parfait pour \u00e9v\u00e9nements d\u2019entreprise, r\u00e9unions de famille ou vacances en groupe.<\/p>\n<\/li>\n<\/ul>\n<p data-start=\"4857\" data-end=\"4976\">Voyagez ensemble avec style gr\u00e2ce \u00e0 un <strong data-start=\"4896\" data-end=\"4975\">transfert de l\u2019a\u00e9roport de Gen\u00e8ve vers Meg\u00e8ve en minibus Mercedes 16 places<\/strong>.<\/p>\n<hr data-start=\"4978\" data-end=\"4981\" \/>\n<h3 data-start=\"4983\" data-end=\"5027\">\u00c0 quoi s\u2019attendre pendant votre transfert<\/h3>\n<p data-start=\"5029\" data-end=\"5341\">Votre trajet de l\u2019a\u00e9roport de Gen\u00e8ve vers Meg\u00e8ve est bien plus qu\u2019un simple d\u00e9placement : c\u2019est une exp\u00e9rience. Nos chauffeurs professionnels sont multilingues, courtois et engag\u00e9s \u00e0 offrir le meilleur service possible. La route panoramique \u00e0 travers les Alpes fran\u00e7aises ajoute encore au charme de votre voyage.<\/p>\n<p data-start=\"5343\" data-end=\"5957\">Meg\u00e8ve, destination alpine pittoresque, m\u00e9rite une arriv\u00e9e remarquable. Si vous construisez un itin\u00e9raire dans les Alpes, Meg\u00e8ve s\u2019associe naturellement avec<a href=\"https:\/\/genevaways.com\/fr\/chamonix\/\"> <strong data-start=\"5501\" data-end=\"5524\">Chamonix-Mont-Blanc<\/strong><\/a> pour une autre ambiance de montagne et des points de vue iconiques sur le Mont-Blanc (son site officiel de tourisme est une r\u00e9f\u00e9rence utile pour organiser visites et activit\u00e9s saisonni\u00e8res : <a class=\"decorated-link\" href=\"https:\/\/en.chamonix.com\/\" target=\"_new\" rel=\"noopener\" data-start=\"5716\" data-end=\"5740\">https:\/\/en.chamonix.com\/<\/a>).<br data-start=\"5742\" data-end=\"5745\" \/>Nos transferts privil\u00e9gient votre confort, votre s\u00e9curit\u00e9 et le luxe. D\u00e8s votre sortie de l\u2019a\u00e9roport de Gen\u00e8ve, vous serez accueilli par un chauffeur et un v\u00e9hicule Mercedes pr\u00eat \u00e0 partir, adapt\u00e9 \u00e0 vos exigences.<\/p>\n<hr data-start=\"5959\" data-end=\"5962\" \/>\n<h3 data-start=\"5964\" data-end=\"6047\">Options personnalisables pour les transferts de l\u2019a\u00e9roport de Gen\u00e8ve vers Meg\u00e8ve<\/h3>\n<p data-start=\"6049\" data-end=\"6256\">Que vous pr\u00e9f\u00e9riez une berline priv\u00e9e, un van spacieux ou un minibus de luxe, nous avons une solution pour chacun. De l\u2019\u00e9l\u00e9gante Mercedes Classe E \u00e0 l\u2019opulente Maybach, vos pr\u00e9f\u00e9rences guident notre service.<\/p>\n<hr data-start=\"6258\" data-end=\"6261\" \/>\n<h3 data-start=\"6263\" data-end=\"6295\">Pourquoi r\u00e9server avec nous ?<\/h3>\n<ol data-start=\"6297\" data-end=\"6634\">\n<li data-start=\"6297\" data-end=\"6387\">\n<p data-start=\"6300\" data-end=\"6387\"><strong data-start=\"6300\" data-end=\"6323\">Professionnalisme :<\/strong> Nos chauffeurs sont form\u00e9s pour offrir un service exemplaire.<\/p>\n<\/li>\n<li data-start=\"6388\" data-end=\"6476\">\n<p data-start=\"6391\" data-end=\"6476\"><strong data-start=\"6391\" data-end=\"6408\">Ponctualit\u00e9 :<\/strong> Prises en charge et d\u00e9poses \u00e0 l\u2019heure pour un trajet sans stress.<\/p>\n<\/li>\n<li data-start=\"6477\" data-end=\"6539\">\n<p data-start=\"6480\" data-end=\"6539\"><strong data-start=\"6480\" data-end=\"6500\">Flotte de luxe :<\/strong> Acc\u00e8s aux derniers mod\u00e8les Mercedes.<\/p>\n<\/li>\n<li data-start=\"6540\" data-end=\"6634\">\n<p data-start=\"6543\" data-end=\"6634\"><strong data-start=\"6543\" data-end=\"6568\">S\u00e9curit\u00e9 avant tout :<\/strong> Entretien rigoureux des v\u00e9hicules et normes de s\u00e9curit\u00e9 strictes.<\/p>\n<\/li>\n<\/ol>\n<hr data-start=\"6636\" data-end=\"6639\" \/>\n<h3 data-start=\"6641\" data-end=\"6704\">R\u00e9server votre transfert de l\u2019a\u00e9roport de Gen\u00e8ve vers Meg\u00e8ve<\/h3>\n<p data-start=\"6706\" data-end=\"6864\">R\u00e9server votre transfert de luxe est simple et rapide. Choisissez votre v\u00e9hicule pr\u00e9f\u00e9r\u00e9, indiquez vos informations de voyage, et nous nous occupons du reste.<\/p>\n<p data-start=\"6866\" data-end=\"7133\">Que vous choisissiez un <strong data-start=\"6890\" data-end=\"6939\">transfert de l\u2019a\u00e9roport de Gen\u00e8ve vers Meg\u00e8ve<\/strong> en <strong data-start=\"6943\" data-end=\"6964\">Mercedes Classe E<\/strong>, <strong data-start=\"6966\" data-end=\"6987\">Mercedes Classe V<\/strong>, <strong data-start=\"6989\" data-end=\"7010\">Mercedes Classe S<\/strong>, <strong data-start=\"7012\" data-end=\"7032\">Mercedes Maybach<\/strong> ou <strong data-start=\"7036\" data-end=\"7066\">minibus Mercedes 16 places<\/strong>, nous garantissons une exp\u00e9rience fluide et adapt\u00e9e \u00e0 vos besoins.<\/p>\n<hr data-start=\"7135\" data-end=\"7138\" \/>\n<h3 data-start=\"7140\" data-end=\"7201\">FAQ sur les transferts de l\u2019a\u00e9roport de Gen\u00e8ve vers Meg\u00e8ve<\/h3>\n<p data-start=\"7203\" data-end=\"7240\">Combien de temps dure le trajet ?<\/p>\n<p data-start=\"7241\" data-end=\"7330\">Le transfert dure g\u00e9n\u00e9ralement <strong data-start=\"7272\" data-end=\"7295\">entre 1 h 30 et 2 h<\/strong>, selon la circulation et la m\u00e9t\u00e9o.<\/p>\n<p data-start=\"7332\" data-end=\"7396\">Puis-je r\u00e9server un transfert aller simple ou aller-retour ?<\/p>\n<p data-start=\"7397\" data-end=\"7485\">Oui, nous proposons des options <strong data-start=\"7429\" data-end=\"7445\">aller simple<\/strong> et <strong data-start=\"7449\" data-end=\"7465\">aller-retour<\/strong> pour votre confort.<\/p>\n<p data-start=\"7487\" data-end=\"7529\">Les chauffeurs sont-ils exp\u00e9riment\u00e9s ?<\/p>\n<p data-start=\"7530\" data-end=\"7626\">Oui, tous nos chauffeurs sont form\u00e9s professionnellement et exp\u00e9riment\u00e9s sur les routes alpines.<\/p>\n<p data-start=\"7628\" data-end=\"7681\">Le Wi-Fi est-il disponible pendant le transfert ?<\/p>\n<p data-start=\"7682\" data-end=\"7747\">Oui, le <strong data-start=\"7690\" data-end=\"7707\">Wi-Fi gratuit<\/strong> est disponible dans tous nos v\u00e9hicules.<\/p>\n<hr data-start=\"7749\" data-end=\"7752\" \/>\n<h3 data-start=\"7754\" data-end=\"7788\">Rendez votre voyage inoubliable<\/h3>\n<p data-start=\"7790\" data-end=\"8092\">Votre s\u00e9jour \u00e0 Meg\u00e8ve commence d\u00e8s votre arriv\u00e9e \u00e0 l\u2019a\u00e9roport de Gen\u00e8ve. Confiez-nous vos besoins de transfert avec notre service de luxe in\u00e9gal\u00e9. Que vous choisissiez l\u2019\u00e9l\u00e9gance de la Mercedes Classe E, l\u2019espace de la Classe V, ou l\u2019exclusivit\u00e9 de la Maybach, nous avons le v\u00e9hicule parfait pour vous.<\/p>\n<p data-start=\"8094\" data-end=\"8345\" data-is-last-node=\"\" data-is-only-node=\"\">Vivez le meilleur avec un <strong data-start=\"8120\" data-end=\"8169\">transfert de l\u2019a\u00e9roport de Gen\u00e8ve vers Meg\u00e8ve<\/strong> en <strong data-start=\"8173\" data-end=\"8194\">Mercedes Classe E<\/strong>, <strong data-start=\"8196\" data-end=\"8217\">Mercedes Classe V<\/strong>, <strong data-start=\"8219\" data-end=\"8240\">Mercedes Classe S<\/strong>, <strong data-start=\"8242\" data-end=\"8262\">Mercedes Maybach<\/strong> ou <strong data-start=\"8266\" data-end=\"8296\">minibus Mercedes 16 places<\/strong>. R\u00e9servez d\u00e8s aujourd\u2019hui et voyagez avec style.<\/p>\n<p>[\/vc_column_text][\/vc_column][\/vc_row][vc_row][vc_column][vc_empty_space height=&#8221;70px&#8221;][\/vc_column][\/vc_row]<\/p>\n<\/div>","protected":false},"excerpt":{"rendered":"<p>[vc_row type=&#8221;full_width_section&#8221;][vc_column][vc_column_text] Transferts de luxe depuis l\u2019a\u00e9roport de Gen\u00e8ve vers Meg\u00e8ve Combien co\u00fbte un transfert de Gen\u00e8ve \u00e0 Meg\u00e8ve ?Prix des transferts priv\u00e9s de Gen\u00e8ve \u00e0 Meg\u00e8ve : \u00e0 partir de 390 CHF Combien de temps dure le transfert de Gen\u00e8ve \u00e0 Meg\u00e8ve ?Dur\u00e9e des transferts priv\u00e9s de Gen\u00e8ve \u00e0 Meg\u00e8ve : 1 h 15<\/p>\n","protected":false},"author":4,"featured_media":0,"parent":0,"menu_order":0,"comment_status":"closed","ping_status":"closed","template":"","meta":{"footnotes":""},"class_list":["post-3839","page","type-page","status-publish","hentry"],"_links":{"self":[{"href":"https:\/\/genevaways.com\/fr\/wp-json\/wp\/v2\/pages\/3839","targetHints":{"allow":["GET"]}}],"collection":[{"href":"https:\/\/genevaways.com\/fr\/wp-json\/wp\/v2\/pages"}],"about":[{"href":"https:\/\/genevaways.com\/fr\/wp-json\/wp\/v2\/types\/page"}],"author":[{"embeddable":true,"href":"https:\/\/genevaways.com\/fr\/wp-json\/wp\/v2\/users\/4"}],"replies":[{"embeddable":true,"href":"https:\/\/genevaways.com\/fr\/wp-json\/wp\/v2\/comments?post=3839"}],"version-history":[{"count":16,"href":"https:\/\/genevaways.com\/fr\/wp-json\/wp\/v2\/pages\/3839\/revisions"}],"predecessor-version":[{"id":7133,"href":"https:\/\/genevaways.com\/fr\/wp-json\/wp\/v2\/pages\/3839\/revisions\/7133"}],"wp:attachment":[{"href":"https:\/\/genevaways.com\/fr\/wp-json\/wp\/v2\/media?parent=3839"}],"curies":[{"name":"wp","href":"https:\/\/api.w.org\/{rel}","templated":true}]}}