{"id":3843,"date":"2024-10-17T10:57:05","date_gmt":"2024-10-17T08:57:05","guid":{"rendered":"https:\/\/genevaways.com\/lucerne\/"},"modified":"2026-01-31T04:57:20","modified_gmt":"2026-01-31T03:57:20","slug":"luzerne","status":"publish","type":"page","link":"https:\/\/genevaways.com\/fr\/luzerne\/","title":{"rendered":"Transfert de Geneve pour Lucerne"},"content":{"rendered":"<div class=\"wpb-content-wrapper\"><p>[vc_row type=&#8221;full_width_section&#8221;][vc_column]<h3 class=\"center-title\">Transfer from Geneva to Luzern<\/h3><div class=\"title-block2\"><\/div>[vc_column_text]Transferts de luxe de l&#8217;a\u00e9roport de Gen\u00e8ve \u00e0 Lucerne avec Mercedes<img loading=\"lazy\" decoding=\"async\" width=\"1024\" height=\"275\" class=\"alignnone size-large wp-image-5391\" src=\"https:\/\/genevaways.com\/wp-content\/uploads\/2025\/05\/Private-Transrs-from-Geneva-to-1024x275.jpeg\" alt=\"Private Transfer from Geneva Airport to\" srcset=\"https:\/\/genevaways.com\/wp-content\/uploads\/2025\/05\/Private-Transrs-from-Geneva-to-1024x275.jpeg 1024w, https:\/\/genevaways.com\/wp-content\/uploads\/2025\/05\/Private-Transrs-from-Geneva-to-300x81.jpeg 300w, https:\/\/genevaways.com\/wp-content\/uploads\/2025\/05\/Private-Transrs-from-Geneva-to-768x206.jpeg 768w, https:\/\/genevaways.com\/wp-content\/uploads\/2025\/05\/Private-Transrs-from-Geneva-to-1536x412.jpeg 1536w, https:\/\/genevaways.com\/wp-content\/uploads\/2025\/05\/Private-Transrs-from-Geneva-to-2048x550.jpeg 2048w, https:\/\/genevaways.com\/wp-content\/uploads\/2025\/05\/Private-Transrs-from-Geneva-to-100x27.jpeg 100w\" sizes=\"auto, (max-width: 1024px) 100vw, 1024px\" \/><br \/>\nCombien co\u00fbte un transfert de Gen\u00e8ve \u00e0 Lucerne\u00a0?<br \/>\nPrix des transferts priv\u00e9s de Gen\u00e8ve \u00e0 Lucerne\u00a0: \u00e0 partir de 890\u00a0CHF<br \/>\nQuelle est la dur\u00e9e du transfert de Gen\u00e8ve \u00e0 Lucerne\u00a0?<br \/>\nDur\u00e9e du transfert de Gen\u00e8ve \u00e0 Lucerne\u00a0: 2\u00a0h\u00a044<br \/>\nQuelle est la distance entre Gen\u00e8ve et Lucerne\u00a0?<br \/>\nDistance entre Gen\u00e8ve et Lucerne\u00a0: 266\u00a0km<\/p>\n<p data-start=\"396\" data-end=\"816\">Voyager de l\u2019a\u00e9roport de Gen\u00e8ve \u00e0 Lucerne est une exp\u00e9rience exceptionnelle, surtout lorsque vous choisissez un service de transfert premium. Au c\u0153ur de ce voyage se trouvent le confort, le style et la fiabilit\u00e9, tous assur\u00e9s par notre flotte luxueuse de v\u00e9hicules Mercedes. Que vous voyagiez pour affaires ou pour le loisir, nos options de transfert r\u00e9pondent \u00e0 vos besoins, garantissant un trajet fluide \u00e0 chaque fois.<\/p>\n<hr data-start=\"818\" data-end=\"821\" \/>\n<p data-start=\"823\" data-end=\"854\">Why Choose a Mercedes Transfer?<\/p>\n<p data-start=\"856\" data-end=\"1351\">Choisir un transfert Mercedes de l\u2019a\u00e9roport de Gen\u00e8ve \u00e0 Lucerne ne consiste pas seulement \u00e0 aller d\u2019un point A \u00e0 un point B. Il s\u2019agit de s\u2019offrir une exp\u00e9rience de voyage qui privil\u00e9gie le luxe, la s\u00e9curit\u00e9 et l\u2019efficacit\u00e9. Avec nos chauffeurs professionnels et nos v\u00e9hicules haut de gamme, vous pouvez vous d\u00e9tendre et profiter des magnifiques paysages suisses tout au long du trajet. Que vous voyagiez seul, en famille ou en groupe, il existe un mod\u00e8le Mercedes parfaitement adapt\u00e9 pour vous.<\/p>\n<hr data-start=\"1353\" data-end=\"1356\" \/>\n<p data-start=\"1358\" data-end=\"1415\">Mercedes E-Class Transfers: Elegance and Comfort Combined<\/p>\n<p data-start=\"1417\" data-end=\"1686\">Pour ceux qui appr\u00e9cient l\u2019\u00e9l\u00e9gance et le luxe discret, la Mercedes E-Class est un choix parfait. Elle combine un design sup\u00e9rieur avec une technologie de pointe, ce qui la rend id\u00e9ale pour les voyageurs d\u2019affaires ou les couples \u00e0 la recherche d\u2019un trajet sophistiqu\u00e9.<\/p>\n<p data-start=\"1688\" data-end=\"2114\">\u203a D\u00e9couvrez un transfert fluide en Mercedes E-Class de l\u2019a\u00e9roport de Gen\u00e8ve \u00e0 Lucerne, con\u00e7u pour r\u00e9pondre \u00e0 tous vos besoins de confort et de style.<br data-start=\"1837\" data-end=\"1840\" \/>\u203a Avec un transfert en Mercedes E-Class de l\u2019a\u00e9roport de Gen\u00e8ve \u00e0 Lucerne, vous pouvez profiter d\u2019un trajet paisible apr\u00e8s un long vol.<br data-start=\"1975\" data-end=\"1978\" \/>\u203a Notre service garantit que votre transfert de l\u2019a\u00e9roport de Gen\u00e8ve \u00e0 Lucerne en Mercedes E-Class soit \u00e0 la fois relaxant et m\u00e9morable.<\/p>\n<hr data-start=\"2116\" data-end=\"2119\" \/>\n<p data-start=\"2121\" data-end=\"2180\">Mercedes V-Class Transfers: Spacious and Stylish for Groups<\/p>\n<p data-start=\"2182\" data-end=\"2309\">How much cost the transfer from Geneva to Luzern with Van ?<br data-start=\"2241\" data-end=\"2244\" \/>Price for Private Transfers From Geneva To Luzern Began 890 CHF<\/p>\n<p data-start=\"2311\" data-end=\"2419\">How long the transfer from Geneva to Luzern with Van ?<br data-start=\"2365\" data-end=\"2368\" \/>Private Transfers From Geneva To Luzern Time 2h44<\/p>\n<p data-start=\"2421\" data-end=\"2535\">How Far is a transfer from Geneva to Luzern with Van ?<br data-start=\"2475\" data-end=\"2478\" \/>Private Transfers From Geneva To Luzern distance 266 KM<\/p>\n<p data-start=\"2537\" data-end=\"2706\">Vous voyagez en groupe ou en famille ? La Mercedes V-Class offre des int\u00e9rieurs spacieux et des si\u00e8ges luxueux, parfaits pour garantir que chacun voyage confortablement.<\/p>\n<p data-start=\"2708\" data-end=\"3135\">\u203a R\u00e9servez votre transfert en Mercedes <a href=\"https:\/\/genevaways.com\/fr\/fleet\/mercedes-v-class\/\">V-Class<\/a> de l\u2019a\u00e9roport de Gen\u00e8ve \u00e0 Lucerne pour une exp\u00e9rience de voyage en groupe fluide.<br data-start=\"2836\" data-end=\"2839\" \/>\u203a Un transfert de l\u2019a\u00e9roport de Gen\u00e8ve \u00e0 Lucerne en Mercedes V-Class est id\u00e9al pour les grands groupes qui ne veulent pas faire de compromis sur le luxe.<br data-start=\"2992\" data-end=\"2995\" \/>\u203a Rendez votre voyage inoubliable avec un transfert en Mercedes V-Class de l\u2019a\u00e9roport de Gen\u00e8ve \u00e0 Lucerne, offrant espace et sophistication.<\/p>\n<hr data-start=\"3137\" data-end=\"3140\" \/>\n<p data-start=\"3142\" data-end=\"3197\">Mercedes S-Class Transfers: Ultimate Luxury on the Road<\/p>\n<p data-start=\"3199\" data-end=\"3425\">Pour les voyageurs en qu\u00eate du summum du luxe, la Mercedes S-Class offre une exp\u00e9rience in\u00e9gal\u00e9e. Ce mod\u00e8le embl\u00e9matique propose des fonctionnalit\u00e9s de pointe, garantissant que chaque instant de votre trajet soit exceptionnel.<\/p>\n<p data-start=\"3427\" data-end=\"3805\">\u203a Offrez-vous un transfert en Mercedes S-Class de <a href=\"https:\/\/www.gva.ch\/en\/\" target=\"_blank\" rel=\"noopener\">l\u2019a\u00e9roport de Gen\u00e8ve<\/a> \u00e0 Lucerne, o\u00f9 le luxe rencontre l\u2019innovation.<br data-start=\"3543\" data-end=\"3546\" \/>\u203a Votre transfert de l\u2019a\u00e9roport de Gen\u00e8ve \u00e0 Lucerne en Mercedes S-Class garantit une exp\u00e9rience de voyage en premi\u00e8re classe.<br data-start=\"3671\" data-end=\"3674\" \/>\u203a Profitez du raffinement d\u2019un transfert en Mercedes S-Class de l\u2019a\u00e9roport de Gen\u00e8ve \u00e0 Lucerne, con\u00e7u pour les voyageurs exigeants.<\/p>\n<hr data-start=\"3807\" data-end=\"3810\" \/>\n<p data-start=\"3812\" data-end=\"3876\">Mercedes Maybach Transfers: Exclusive Elegance for VIP Travelers<\/p>\n<p data-start=\"3878\" data-end=\"4093\">Lorsque seul le meilleur suffit, la Mercedes Maybach est le choix id\u00e9al. Son design et ses caract\u00e9ristiques incomparables red\u00e9finissent le voyage de luxe, la rendant parfaite pour les VIP et les occasions sp\u00e9ciales.<\/p>\n<p data-start=\"4095\" data-end=\"4468\">\u203a Sublimez votre trajet avec un transfert en Mercedes Maybach de l\u2019a\u00e9roport de Gen\u00e8ve \u00e0 Lucerne, alliant exclusivit\u00e9 et confort.<br data-start=\"4223\" data-end=\"4226\" \/>\u203a Un transfert de l\u2019a\u00e9roport de Gen\u00e8ve \u00e0 Lucerne en Mercedes Maybach offre une exp\u00e9rience de voyage in\u00e9gal\u00e9e.<br data-start=\"4335\" data-end=\"4338\" \/>\u203a Choisissez un transfert en Mercedes Maybach de l\u2019a\u00e9roport de Gen\u00e8ve \u00e0 Lucerne pour un trajet empreint de prestige et d\u2019\u00e9l\u00e9gance.<\/p>\n<hr data-start=\"4470\" data-end=\"4473\" \/>\n<p data-start=\"4475\" data-end=\"4531\">Mercedes Sprinter (16-Seater): Perfect for Larger Groups<\/p>\n<p data-start=\"4533\" data-end=\"4651\">How much cost the transfer from Geneva to Luzern ?<br data-start=\"4583\" data-end=\"4586\" \/>Price for Private Transfers From Geneva To Luzern Began 890 CHF<\/p>\n<p data-start=\"4653\" data-end=\"4761\">How long the transfer from Geneva to Luzern with Bus ?<br data-start=\"4707\" data-end=\"4710\" \/>Private Transfers From Geneva To Luzern Time 3h24<\/p>\n<p data-start=\"4763\" data-end=\"4877\">How Far is a transfer from Geneva to Luzern with Bus ?<br data-start=\"4817\" data-end=\"4820\" \/>Private Transfers From Geneva To Luzern distance 266 KM<\/p>\n<p data-start=\"4879\" data-end=\"5111\">Pour les grands groupes ou les \u00e9v\u00e9nements d\u2019entreprise, le Mercedes Sprinter (16 places) offre un espace g\u00e9n\u00e9reux sans compromettre le luxe. Id\u00e9al pour les d\u00e9placements en groupe, il garantit que chacun arrive avec style et confort.<\/p>\n<p data-start=\"5113\" data-end=\"5518\">\u203a Organisez un transfert en Mercedes Sprinter de l\u2019a\u00e9roport de Gen\u00e8ve \u00e0 Lucerne pour vos besoins de voyage en groupe.<br data-start=\"5230\" data-end=\"5233\" \/>\u203a Avec un transfert de l\u2019a\u00e9roport de Gen\u00e8ve \u00e0 Lucerne en Mercedes Sprinter, les grands groupes peuvent voyager sans effort.<br data-start=\"5356\" data-end=\"5359\" \/>\u203a Profitez du confort et du style d\u2019un transfert en Mercedes Sprinter de l\u2019a\u00e9roport de Gen\u00e8ve \u00e0 Lucerne, parfait pour les \u00e9v\u00e9nements ou les voyages en famille.<\/p>\n<hr data-start=\"5520\" data-end=\"5523\" \/>\n<p data-start=\"5525\" data-end=\"5542\">Why Book with Us?<\/p>\n<ol data-start=\"5544\" data-end=\"6058\">\n<li data-start=\"5544\" data-end=\"5640\">\n<p data-start=\"5547\" data-end=\"5640\">Chauffeurs Professionnels : Nos chauffeurs exp\u00e9riment\u00e9s assurent un trajet s\u00fbr et ponctuel.<\/p>\n<\/li>\n<li data-start=\"5641\" data-end=\"5776\">\n<p data-start=\"5644\" data-end=\"5776\">Flotte Luxueuse : De l\u2019\u00e9l\u00e9gante Mercedes E-Class au spacieux Mercedes Sprinter, nous avons le v\u00e9hicule id\u00e9al pour chaque voyageur.<\/p>\n<\/li>\n<li data-start=\"5777\" data-end=\"5923\">\n<p data-start=\"5780\" data-end=\"5923\">Services Personnalis\u00e9s : Que vous ayez besoin d\u2019un trajet calme ou d\u2019une exp\u00e9rience VIP, nous adaptons votre transfert selon vos pr\u00e9f\u00e9rences.<\/p>\n<\/li>\n<li data-start=\"5924\" data-end=\"6058\">\n<p data-start=\"5927\" data-end=\"6058\">Tarification Comp\u00e9titive : Profitez de transferts premium \u00e0 des tarifs comp\u00e9titifs, garantissant un excellent rapport qualit\u00e9-prix.<\/p>\n<\/li>\n<\/ol>\n<hr data-start=\"6060\" data-end=\"6063\" \/>\n<p data-start=\"6065\" data-end=\"6106\">Scenic Journey: Geneva Airport to Lucerne<\/p>\n<p data-start=\"6108\" data-end=\"6519\">Le trajet de l\u2019a\u00e9roport de Gen\u00e8ve \u00e0 Lucerne n\u2019est pas seulement un transfert ; c\u2019est une occasion de d\u00e9couvrir les paysages \u00e9poustouflants de la Suisse. Des rives paisibles du lac L\u00e9man aux majestueuses vues alpines, chaque kilom\u00e8tre est un v\u00e9ritable spectacle visuel. Choisir un transfert Mercedes de l\u2019a\u00e9roport de Gen\u00e8ve \u00e0 Lucerne vous permet de vous d\u00e9tendre et de profiter du paysage dans un confort absolu.<\/p>\n<hr data-start=\"6521\" data-end=\"6524\" \/>\n<p data-start=\"6526\" data-end=\"6540\">Around Lucerne<\/p>\n<p data-start=\"6542\" data-end=\"7224\">Lucerne est souvent associ\u00e9e \u00e0 Zurich dans le m\u00eame itin\u00e9raire, car <a href=\"https:\/\/genevaways.com\/fr\/zurich\/\">Zurich<\/a> est l\u2019un des principaux hubs les plus proches de Lucerne et une \u00e9tape fr\u00e9quente pour les r\u00e9unions d\u2019affaires, le shopping, les mus\u00e9es et les connexions internationales. De nombreux voyageurs r\u00e9servent un transfert priv\u00e9 apr\u00e8s leur arriv\u00e9e \u00e0 Lucerne pour continuer vers Zurich en toute fluidit\u00e9 \u2014 surtout lorsqu\u2019ils souhaitent un service porte-\u00e0-porte direct avec bagages, horaires serr\u00e9s ou d\u00e9parts matinaux \u2014 faisant de Zurich une extension naturelle d\u2019un s\u00e9jour \u00e0 Lucerne, aussi bien pour le loisir que pour les voyages d\u2019affaires. Pour plus d\u2019informations, vous pouvez consulter <a class=\"decorated-link\" href=\"https:\/\/www.zuerich.com\/en\" target=\"_new\" rel=\"noopener\" data-start=\"7198\" data-end=\"7224\">https:\/\/www.zuerich.com\/en<\/a><\/p>\n<hr data-start=\"7226\" data-end=\"7229\" \/>\n<p data-start=\"7231\" data-end=\"7265\">How to Book Your Mercedes Transfer<\/p>\n<p data-start=\"7267\" data-end=\"7653\">La r\u00e9servation de votre transfert est simple et sans tracas. Visitez notre site web ou contactez notre service client pour choisir votre mod\u00e8le Mercedes pr\u00e9f\u00e9r\u00e9 et personnaliser votre trajet. Qu\u2019il s\u2019agisse d\u2019un transfert en Mercedes E-Class, d\u2019un transfert en Mercedes V-Class ou m\u00eame d\u2019un transfert en Mercedes Maybach de l\u2019a\u00e9roport de Gen\u00e8ve \u00e0 Lucerne, nous avons ce qu\u2019il vous faut.<\/p>\n<hr data-start=\"7655\" data-end=\"7658\" \/>\n<p data-start=\"7660\" data-end=\"7670\">Conclusion<\/p>\n<p data-start=\"7672\" data-end=\"8092\" data-is-last-node=\"\" data-is-only-node=\"\">Lors de la planification de votre voyage de<a href=\"https:\/\/www.gva.ch\/en\/\" target=\"_blank\" rel=\"noopener\"> l\u2019a\u00e9roport de Gen\u00e8ve<\/a> \u00e0 Lucerne, choisir un transfert Mercedes garantit une exp\u00e9rience de voyage aussi luxueuse que votre destination. Gr\u00e2ce \u00e0 notre gamme de v\u00e9hicules Mercedes haut de gamme, vous trouverez l\u2019option parfaite adapt\u00e9e \u00e0 votre style, votre confort et la taille de votre groupe. R\u00e9servez votre transfert d\u00e8s aujourd\u2019hui et d\u00e9couvrez l\u2019excellence du voyage de luxe.<\/p>\n<p>[\/vc_column_text][\/vc_column][\/vc_row][vc_row][vc_column][vc_empty_space height=&#8221;70px&#8221;][\/vc_column][\/vc_row]<\/p>\n<\/div>","protected":false},"excerpt":{"rendered":"<p>[vc_row type=&#8221;full_width_section&#8221;][vc_column][vc_column_text]Transferts de luxe de l&#8217;a\u00e9roport de Gen\u00e8ve \u00e0 Lucerne avec Mercedes Combien co\u00fbte un transfert de Gen\u00e8ve \u00e0 Lucerne\u00a0? Prix des transferts priv\u00e9s de Gen\u00e8ve \u00e0 Lucerne\u00a0: \u00e0 partir de 890\u00a0CHF Quelle est la dur\u00e9e du transfert de Gen\u00e8ve \u00e0 Lucerne\u00a0? Dur\u00e9e du transfert de Gen\u00e8ve \u00e0 Lucerne\u00a0: 2\u00a0h\u00a044 Quelle est la distance entre<\/p>\n","protected":false},"author":4,"featured_media":0,"parent":0,"menu_order":0,"comment_status":"closed","ping_status":"closed","template":"","meta":{"footnotes":""},"class_list":["post-3843","page","type-page","status-publish","hentry"],"_links":{"self":[{"href":"https:\/\/genevaways.com\/fr\/wp-json\/wp\/v2\/pages\/3843","targetHints":{"allow":["GET"]}}],"collection":[{"href":"https:\/\/genevaways.com\/fr\/wp-json\/wp\/v2\/pages"}],"about":[{"href":"https:\/\/genevaways.com\/fr\/wp-json\/wp\/v2\/types\/page"}],"author":[{"embeddable":true,"href":"https:\/\/genevaways.com\/fr\/wp-json\/wp\/v2\/users\/4"}],"replies":[{"embeddable":true,"href":"https:\/\/genevaways.com\/fr\/wp-json\/wp\/v2\/comments?post=3843"}],"version-history":[{"count":15,"href":"https:\/\/genevaways.com\/fr\/wp-json\/wp\/v2\/pages\/3843\/revisions"}],"predecessor-version":[{"id":7161,"href":"https:\/\/genevaways.com\/fr\/wp-json\/wp\/v2\/pages\/3843\/revisions\/7161"}],"wp:attachment":[{"href":"https:\/\/genevaways.com\/fr\/wp-json\/wp\/v2\/media?parent=3843"}],"curies":[{"name":"wp","href":"https:\/\/api.w.org\/{rel}","templated":true}]}}