{"id":3845,"date":"2024-10-17T10:57:03","date_gmt":"2024-10-17T08:57:03","guid":{"rendered":"https:\/\/genevaways.com\/lugano\/"},"modified":"2026-01-31T04:24:29","modified_gmt":"2026-01-31T03:24:29","slug":"lugano","status":"publish","type":"page","link":"https:\/\/genevaways.com\/fr\/lugano\/","title":{"rendered":"Lugano"},"content":{"rendered":"<div class=\"wpb-content-wrapper\"><p>[vc_row type=&#8221;full_width_section&#8221;][vc_column]<h3 class=\"center-title\">Transfert de Gen\u00e8ve \u00e0 Lugano<br \/>\n<\/h3><div class=\"title-block2\"><\/div>[vc_column_text]<\/p>\n<h3 data-start=\"0\" data-end=\"88\">Transferts de luxe de l\u2019a\u00e9roport de Gen\u00e8ve \u00e0 Lugano avec une flotte Mercedes premium<\/h3>\n<p data-start=\"90\" data-end=\"214\"><strong data-start=\"90\" data-end=\"141\">Combien co\u00fbte le transfert de Gen\u00e8ve \u00e0 Lugano ?<\/strong><br data-start=\"141\" data-end=\"144\" \/>Prix des transferts priv\u00e9s de Gen\u00e8ve \u00e0 Lugano \u00e0 partir de <strong data-start=\"202\" data-end=\"214\">1390 CHF<\/strong><\/p>\n<p data-start=\"216\" data-end=\"335\"><strong data-start=\"216\" data-end=\"275\">Combien de temps dure le transfert de Gen\u00e8ve \u00e0 Lugano ?<\/strong><br data-start=\"275\" data-end=\"278\" \/>Dur\u00e9e des transferts priv\u00e9s de Gen\u00e8ve \u00e0 Lugano : <strong data-start=\"327\" data-end=\"335\">4h48<\/strong><\/p>\n<p data-start=\"337\" data-end=\"453\"><strong data-start=\"337\" data-end=\"388\">Quelle est la distance entre Gen\u00e8ve et Lugano ?<\/strong><br data-start=\"388\" data-end=\"391\" \/>Distance des transferts priv\u00e9s de Gen\u00e8ve \u00e0 Lugano : <strong data-start=\"443\" data-end=\"453\">430 km<\/strong><\/p>\n<p data-start=\"455\" data-end=\"786\">Vous planifiez votre trajet depuis l\u2019a\u00e9roport de Gen\u00e8ve vers la magnifique ville de Lugano ? Nous proposons une exp\u00e9rience de transfert luxueuse et fluide, adapt\u00e9e \u00e0 vos besoins. Notre flotte premium de v\u00e9hicules Mercedes vous garantit un voyage confortable, \u00e9l\u00e9gant et efficace, que vous voyagiez pour affaires ou pour le plaisir.<\/p>\n<hr data-start=\"788\" data-end=\"791\" \/>\n<h3 data-start=\"793\" data-end=\"845\">Pourquoi choisir nos transferts Gen\u00e8ve \u2192 Lugano ?<\/h3>\n<ol data-start=\"847\" data-end=\"1293\">\n<li data-start=\"847\" data-end=\"988\">\n<p data-start=\"850\" data-end=\"988\"><strong data-start=\"850\" data-end=\"877\">Service professionnel :<\/strong> Nos chauffeurs sont hautement form\u00e9s, ponctuels et courtois, pour assurer votre satisfaction \u00e0 chaque \u00e9tape.<\/p>\n<\/li>\n<li data-start=\"989\" data-end=\"1145\">\n<p data-start=\"992\" data-end=\"1145\"><strong data-start=\"992\" data-end=\"1013\">Confort et luxe :<\/strong> Profitez d\u2019int\u00e9rieurs premium, de fonctionnalit\u00e9s avanc\u00e9es et d\u2019une conduite tout en douceur dans l\u2019un de nos v\u00e9hicules Mercedes.<\/p>\n<\/li>\n<li data-start=\"1146\" data-end=\"1293\">\n<p data-start=\"1149\" data-end=\"1293\"><strong data-start=\"1149\" data-end=\"1173\">Options sur mesure :<\/strong> Choisissez le v\u00e9hicule id\u00e9al selon vos besoins, que vous voyagiez seul, en groupe, ou avec des bagages suppl\u00e9mentaires.<\/p>\n<\/li>\n<\/ol>\n<hr data-start=\"1295\" data-end=\"1298\" \/>\n<h3 data-start=\"1300\" data-end=\"1356\">Options de transfert de l\u2019a\u00e9roport de Gen\u00e8ve \u00e0 Lugano<\/h3>\n<h4 data-start=\"1358\" data-end=\"1395\">1. Transferts en Mercedes E-Class<\/h4>\n<p data-start=\"1396\" data-end=\"1930\">Vous cherchez une conduite \u00e9l\u00e9gante et confortable ? Optez pour un <strong data-start=\"1463\" data-end=\"1529\">transfert de l\u2019a\u00e9roport de Gen\u00e8ve \u00e0 Lugano en Mercedes E-Class<\/strong>, un v\u00e9hicule con\u00e7u pour allier style et praticit\u00e9. Son habitacle spacieux et silencieux en fait un choix id\u00e9al pour les voyageurs seuls ou les petits groupes.<br data-start=\"1688\" data-end=\"1691\" \/>Vivez le confort et le luxe avec un <strong data-start=\"1727\" data-end=\"1793\">transfert de l\u2019a\u00e9roport de Gen\u00e8ve \u00e0 Lugano en Mercedes E-Class<\/strong>, et rendez votre voyage inoubliable. Choisissez l\u2019excellence avec un <strong data-start=\"1863\" data-end=\"1929\">transfert de l\u2019a\u00e9roport de Gen\u00e8ve \u00e0 Lugano en Mercedes E-Class<\/strong>.<\/p>\n<hr data-start=\"1932\" data-end=\"1935\" \/>\n<h4 data-start=\"1937\" data-end=\"1995\">2. Transferts en <a href=\"https:\/\/genevaways.com\/fr\/fleet\/mercedes-v-class\/\">Mercedes Classe V<\/a><\/h4>\n<p data-start=\"1937\" data-end=\"1995\">Combien co\u00fbte le transfert de Gen\u00e8ve \u00e0 Lugano en Van ?<\/p>\n<p data-start=\"1996\" data-end=\"2066\">Prix des transferts priv\u00e9s de Gen\u00e8ve \u00e0 Lugano \u00e0 partir de <strong data-start=\"2054\" data-end=\"2066\">1490 CHF<\/strong><\/p>\n<p data-start=\"2068\" data-end=\"2134\">Combien de temps dure le transfert de Gen\u00e8ve \u00e0 Lugano en Van ?<\/p>\n<p data-start=\"2135\" data-end=\"2192\">Dur\u00e9e des transferts priv\u00e9s de Gen\u00e8ve \u00e0 Lugano : <strong data-start=\"2184\" data-end=\"2192\">4h48<\/strong><\/p>\n<p data-start=\"2194\" data-end=\"2252\">Quelle est la distance entre Gen\u00e8ve et Lugano en Van ?<\/p>\n<p data-start=\"2253\" data-end=\"2315\">Distance des transferts priv\u00e9s de Gen\u00e8ve \u00e0 Lugano : <strong data-start=\"2305\" data-end=\"2315\">430 km<\/strong><\/p>\n<p data-start=\"2317\" data-end=\"2790\">Voyager en famille ou en groupe ? Le <strong data-start=\"2354\" data-end=\"2420\">transfert de l\u2019a\u00e9roport de Gen\u00e8ve \u00e0 Lugano en Mercedes V-Class<\/strong> offre un grand espace, un confort exceptionnel et des \u00e9quipements modernes. Gr\u00e2ce \u00e0 sa capacit\u00e9 d\u2019accueil g\u00e9n\u00e9reuse et \u00e0 ses options de bagages flexibles, le <strong data-start=\"2579\" data-end=\"2645\">transfert de l\u2019a\u00e9roport de Gen\u00e8ve \u00e0 Lugano en Mercedes V-Class<\/strong> garantit un trajet serein pour tous. Facilitez vos voyages en groupe avec un <strong data-start=\"2723\" data-end=\"2789\">transfert de l\u2019a\u00e9roport de Gen\u00e8ve \u00e0 Lugano en Mercedes V-Class<\/strong>.<\/p>\n<hr data-start=\"2792\" data-end=\"2795\" \/>\n<h4 data-start=\"2797\" data-end=\"2834\">3. Transferts en Mercedes S-Class<\/h4>\n<p data-start=\"2835\" data-end=\"3303\">Pour ceux qui recherchent le summum du luxe, le <strong data-start=\"2883\" data-end=\"2949\">transfert de l\u2019a\u00e9roport de Gen\u00e8ve \u00e0 Lugano en Mercedes S-Class<\/strong> est le choix ultime. Alliant technologies de pointe et \u00e9l\u00e9gance incomparable, le <strong data-start=\"3031\" data-end=\"3097\">transfert de l\u2019a\u00e9roport de Gen\u00e8ve \u00e0 Lugano en Mercedes S-Class<\/strong> red\u00e9finit le voyage avec style. Que ce soit pour un d\u00e9placement professionnel ou une occasion sp\u00e9ciale, sublimez votre exp\u00e9rience avec un <strong data-start=\"3236\" data-end=\"3302\">transfert de l\u2019a\u00e9roport de Gen\u00e8ve \u00e0 Lugano en Mercedes S-Class<\/strong>.<\/p>\n<hr data-start=\"3305\" data-end=\"3308\" \/>\n<h4 data-start=\"3310\" data-end=\"3347\">4. Transferts en Mercedes Maybach<\/h4>\n<p data-start=\"3348\" data-end=\"3876\">Offrez-vous l\u2019option de transfert la plus exclusive avec le <strong data-start=\"3408\" data-end=\"3474\">transfert de l\u2019a\u00e9roport de Gen\u00e8ve \u00e0 Lugano en Mercedes Maybach<\/strong>. Ce v\u00e9hicule embl\u00e9matique propose un luxe in\u00e9gal\u00e9, un confort supr\u00eame et des fonctionnalit\u00e9s de pointe. D\u00e9couvrez une sophistication absolue et une exclusivit\u00e9 rare avec un <strong data-start=\"3648\" data-end=\"3714\">transfert de l\u2019a\u00e9roport de Gen\u00e8ve \u00e0 Lugano en Mercedes Maybach<\/strong>, o\u00f9 chaque d\u00e9tail est pens\u00e9 \u00e0 la perfection. Faites-nous confiance pour le transfert ultime : <strong data-start=\"3809\" data-end=\"3875\">transfert de l\u2019a\u00e9roport de Gen\u00e8ve \u00e0 Lugano en Mercedes Maybach<\/strong>.<\/p>\n<hr data-start=\"3878\" data-end=\"3881\" \/>\n<h4 data-start=\"3883\" data-end=\"3930\">5. Transferts en minibus Mercedes 16 places<\/h4>\n<p data-start=\"3932\" data-end=\"4056\"><strong data-start=\"3932\" data-end=\"3983\">Combien co\u00fbte le transfert de Gen\u00e8ve \u00e0 Lugano ?<\/strong><br data-start=\"3983\" data-end=\"3986\" \/>Prix des transferts priv\u00e9s de Gen\u00e8ve \u00e0 Lugano \u00e0 partir de <strong data-start=\"4044\" data-end=\"4056\">1390 CHF<\/strong><\/p>\n<p data-start=\"4058\" data-end=\"4184\"><strong data-start=\"4058\" data-end=\"4124\">Combien de temps dure le transfert de Gen\u00e8ve \u00e0 Lugano en bus ?<\/strong><br data-start=\"4124\" data-end=\"4127\" \/>Dur\u00e9e des transferts priv\u00e9s de Gen\u00e8ve \u00e0 Lugano : <strong data-start=\"4176\" data-end=\"4184\">4h48<\/strong><\/p>\n<p data-start=\"4186\" data-end=\"4309\"><strong data-start=\"4186\" data-end=\"4244\">Quelle est la distance entre Gen\u00e8ve et Lugano en bus ?<\/strong><br data-start=\"4244\" data-end=\"4247\" \/>Distance des transferts priv\u00e9s de Gen\u00e8ve \u00e0 Lugano : <strong data-start=\"4299\" data-end=\"4309\">430 km<\/strong><\/p>\n<p data-start=\"4311\" data-end=\"4810\">Voyager en grand groupe ? Le <strong data-start=\"4340\" data-end=\"4416\">transfert de l\u2019a\u00e9roport de Gen\u00e8ve \u00e0 Lugano en minibus Mercedes 16 places<\/strong> offre une solution spacieuse et confortable pour les d\u00e9placements de groupe. Id\u00e9al pour les \u00e9v\u00e9nements d\u2019entreprise, les r\u00e9unions familiales ou les visites en groupe, le <strong data-start=\"4587\" data-end=\"4649\">transfert de Gen\u00e8ve \u00e0 Lugano en minibus Mercedes 16 places<\/strong> garantit un trajet agr\u00e9able pour tous. R\u00e9servez d\u00e8s maintenant pour un <strong data-start=\"4721\" data-end=\"4797\">transfert de l\u2019a\u00e9roport de Gen\u00e8ve \u00e0 Lugano en minibus Mercedes 16 places<\/strong> sans stress.<\/p>\n<hr data-start=\"4812\" data-end=\"4815\" \/>\n<h3 data-start=\"4817\" data-end=\"4866\">\u00c0 quoi vous attendre pendant votre transfert ?<\/h3>\n<ol data-start=\"4868\" data-end=\"5202\">\n<li data-start=\"4868\" data-end=\"5011\">\n<p data-start=\"4871\" data-end=\"5011\"><strong data-start=\"4871\" data-end=\"4893\">Service ponctuel :<\/strong> Votre chauffeur vous accueillera \u00e0 l\u2019a\u00e9roport de Gen\u00e8ve, vous aidera avec vos bagages et assurera un d\u00e9part rapide.<\/p>\n<\/li>\n<li data-start=\"5012\" data-end=\"5102\">\n<p data-start=\"5015\" data-end=\"5102\"><strong data-start=\"5015\" data-end=\"5045\">Exp\u00e9rience personnalis\u00e9e :<\/strong> Chaque transfert est adapt\u00e9 \u00e0 vos besoins sp\u00e9cifiques.<\/p>\n<\/li>\n<li data-start=\"5103\" data-end=\"5202\">\n<p data-start=\"5106\" data-end=\"5202\"><strong data-start=\"5106\" data-end=\"5134\">Itin\u00e9raire panoramique :<\/strong> Profitez des magnifiques paysages suisses sur la route vers Lugano.<\/p>\n<\/li>\n<\/ol>\n<hr data-start=\"5204\" data-end=\"5207\" \/>\n<h3 data-start=\"5209\" data-end=\"5262\">Choisissez la Mercedes id\u00e9ale pour votre transfert<\/h3>\n<ul data-start=\"5264\" data-end=\"5865\">\n<li data-start=\"5264\" data-end=\"5390\">\n<p data-start=\"5266\" data-end=\"5390\"><strong data-start=\"5266\" data-end=\"5334\">Transfert de l\u2019a\u00e9roport de Gen\u00e8ve \u00e0 Lugano en Mercedes E-Class :<\/strong> Pour les voyageurs individuels ou les petits groupes.<\/p>\n<\/li>\n<li data-start=\"5391\" data-end=\"5521\">\n<p data-start=\"5393\" data-end=\"5521\"><strong data-start=\"5393\" data-end=\"5461\">Transfert de l\u2019a\u00e9roport de Gen\u00e8ve \u00e0 Lugano en Mercedes V-Class :<\/strong> Id\u00e9al pour les familles ou les groupes de taille moyenne.<\/p>\n<\/li>\n<li data-start=\"5522\" data-end=\"5637\">\n<p data-start=\"5524\" data-end=\"5637\"><strong data-start=\"5524\" data-end=\"5592\">Transfert de l\u2019a\u00e9roport de Gen\u00e8ve \u00e0 Lugano en Mercedes S-Class :<\/strong> Pour ceux qui recherchent un luxe premium.<\/p>\n<\/li>\n<li data-start=\"5638\" data-end=\"5742\">\n<p data-start=\"5640\" data-end=\"5742\"><strong data-start=\"5640\" data-end=\"5708\">Transfert de l\u2019a\u00e9roport de Gen\u00e8ve \u00e0 Lugano en Mercedes Maybach :<\/strong> Le summum de la sophistication.<\/p>\n<\/li>\n<li data-start=\"5743\" data-end=\"5865\">\n<p data-start=\"5745\" data-end=\"5865\"><strong data-start=\"5745\" data-end=\"5823\">Transfert de l\u2019a\u00e9roport de Gen\u00e8ve \u00e0 Lugano en minibus Mercedes 16 places :<\/strong> Parfait pour les groupes plus importants.<\/p>\n<\/li>\n<\/ul>\n<hr data-start=\"5867\" data-end=\"5870\" \/>\n<h3 data-start=\"5872\" data-end=\"5891\">Autour de Lugano<\/h3>\n<p data-start=\"5839\" data-end=\"6540\">Autour de Lugano, vous pouvez \u00e9galement poursuivre votre voyage vers <a href=\"https:\/\/genevaways.com\/fr\/milan\/\"><span style=\"text-decoration: underline;\">Milan<\/span>,<\/a> une \u00e9tape suivante populaire pour le shopping, les rendez-vous d\u2019affaires et les correspondances vers le nord de l\u2019Italie. Si vous planifiez un itin\u00e9raire multi-villes, associer Lugano + Milan est un choix naturel : vous pouvez d\u2019abord profiter de l\u2019ambiance au bord du lac \u00e0 Lugano, puis passer la fronti\u00e8re pour l\u2019\u00e9nergie urbaine de Milan \u2014 tout en conservant le m\u00eame niveau de confort avec un service de chauffeur priv\u00e9 pour les transferts point \u00e0 point, les prises en charge \u00e0 l\u2019h\u00f4tel et un transport adapt\u00e9 aux bagages. Pour plus d\u2019informations sur Milan, consultez ce lien <a class=\"decorated-link\" href=\"https:\/\/www.yesmilano.it\/en\" target=\"_new\" rel=\"noopener\" data-start=\"6513\" data-end=\"6540\">https:\/\/www.yesmilano.it\/en<\/a><\/p>\n<hr data-start=\"6492\" data-end=\"6495\" \/>\n<h3 data-start=\"6497\" data-end=\"6535\">Pourquoi nos clients nous adorent ?<\/h3>\n<ul data-start=\"6537\" data-end=\"6825\">\n<li data-start=\"6537\" data-end=\"6648\">\n<p data-start=\"6539\" data-end=\"6648\"><strong data-start=\"6539\" data-end=\"6554\">Praticit\u00e9 :<\/strong> Nous g\u00e9rons toute la logistique pour que vous puissiez vous d\u00e9tendre et profiter du trajet.<\/p>\n<\/li>\n<li data-start=\"6649\" data-end=\"6725\">\n<p data-start=\"6651\" data-end=\"6725\"><strong data-start=\"6651\" data-end=\"6666\">Fiabilit\u00e9 :<\/strong> Comptez sur un service ponctuel et fiable \u00e0 chaque fois.<\/p>\n<\/li>\n<li data-start=\"6726\" data-end=\"6825\">\n<p data-start=\"6728\" data-end=\"6825\"><strong data-start=\"6728\" data-end=\"6748\">Flotte de luxe :<\/strong> Profitez du meilleur avec nos v\u00e9hicules modernes et parfaitement entretenus.<\/p>\n<\/li>\n<\/ul>\n<p data-start=\"6827\" data-end=\"7106\" data-is-last-node=\"\" data-is-only-node=\"\">R\u00e9servez d\u00e8s aujourd\u2019hui votre <strong data-start=\"6858\" data-end=\"6904\">transfert de<a href=\"https:\/\/www.gva.ch\/en\/\" target=\"_blank\" rel=\"noopener\"> l\u2019a\u00e9roport de Gen\u00e8v<\/a>e \u00e0 Lugano<\/strong> en <strong data-start=\"6908\" data-end=\"6982\">Mercedes E-Class, Mercedes V-Class, Mercedes S-Class, Mercedes Maybach<\/strong>, ou en <strong data-start=\"6990\" data-end=\"7020\">minibus Mercedes 16 places<\/strong>. Laissez-nous rendre votre voyage \u00e0 Lugano aussi luxueux et sans stress que possible.<\/p>\n<p>[\/vc_column_text][\/vc_column][\/vc_row][vc_row][vc_column][vc_empty_space height=&#8221;70px&#8221;][\/vc_column][\/vc_row]<\/p>\n<\/div>","protected":false},"excerpt":{"rendered":"<p>[vc_row type=&#8221;full_width_section&#8221;][vc_column][vc_column_text] Transferts de luxe de l\u2019a\u00e9roport de Gen\u00e8ve \u00e0 Lugano avec une flotte Mercedes premium Combien co\u00fbte le transfert de Gen\u00e8ve \u00e0 Lugano ?Prix des transferts priv\u00e9s de Gen\u00e8ve \u00e0 Lugano \u00e0 partir de 1390 CHF Combien de temps dure le transfert de Gen\u00e8ve \u00e0 Lugano ?Dur\u00e9e des transferts priv\u00e9s de Gen\u00e8ve \u00e0 Lugano<\/p>\n","protected":false},"author":4,"featured_media":0,"parent":0,"menu_order":0,"comment_status":"closed","ping_status":"closed","template":"","meta":{"footnotes":""},"class_list":["post-3845","page","type-page","status-publish","hentry"],"_links":{"self":[{"href":"https:\/\/genevaways.com\/fr\/wp-json\/wp\/v2\/pages\/3845","targetHints":{"allow":["GET"]}}],"collection":[{"href":"https:\/\/genevaways.com\/fr\/wp-json\/wp\/v2\/pages"}],"about":[{"href":"https:\/\/genevaways.com\/fr\/wp-json\/wp\/v2\/types\/page"}],"author":[{"embeddable":true,"href":"https:\/\/genevaways.com\/fr\/wp-json\/wp\/v2\/users\/4"}],"replies":[{"embeddable":true,"href":"https:\/\/genevaways.com\/fr\/wp-json\/wp\/v2\/comments?post=3845"}],"version-history":[{"count":10,"href":"https:\/\/genevaways.com\/fr\/wp-json\/wp\/v2\/pages\/3845\/revisions"}],"predecessor-version":[{"id":7131,"href":"https:\/\/genevaways.com\/fr\/wp-json\/wp\/v2\/pages\/3845\/revisions\/7131"}],"wp:attachment":[{"href":"https:\/\/genevaways.com\/fr\/wp-json\/wp\/v2\/media?parent=3845"}],"curies":[{"name":"wp","href":"https:\/\/api.w.org\/{rel}","templated":true}]}}