{"id":3861,"date":"2024-10-17T10:56:52","date_gmt":"2024-10-17T08:56:52","guid":{"rendered":"https:\/\/genevaways.com\/interlaken\/"},"modified":"2026-01-31T04:19:36","modified_gmt":"2026-01-31T03:19:36","slug":"interlaken","status":"publish","type":"page","link":"https:\/\/genevaways.com\/fr\/interlaken\/","title":{"rendered":"Transfert de Geneve pour Interlaken"},"content":{"rendered":"<div class=\"wpb-content-wrapper\"><p>[vc_row type=&#8221;full_width_section&#8221;][vc_column][vc_single_image image=&#8221;2096&#8243; img_size=&#8221;full&#8221; alignment=&#8221;center&#8221;]<h3 class=\"center-title\">Priv\u00e9 Transfert de Geneve pour Interlaken<\/h3><div class=\"title-block2\"><\/div>[vc_column_text]<\/p>\n<h2 data-start=\"324\" data-end=\"388\">Transferts Priv\u00e9s depuis l\u2019A\u00e9roport de Gen\u00e8ve vers Interlaken<\/h2>\n<p data-start=\"390\" data-end=\"486\">Obtenez votre transfert priv\u00e9 vers Interlaken depuis l<a href=\"https:\/\/www.gva.ch\/en\/\" target=\"_blank\" rel=\"noopener\">\u2019a\u00e9roport de Gen\u00e8ve<\/a> avec Geneva Limousine.<\/p>\n<p data-start=\"488\" data-end=\"559\">Les transferts de Gen\u00e8ve \u00e0 Interlaken peuvent \u00eatre r\u00e9serv\u00e9s facilement.<\/p>\n<hr data-start=\"561\" data-end=\"564\" \/>\n<h3 data-start=\"566\" data-end=\"646\">Avantages de l\u2019utilisation de nos transferts priv\u00e9s de Gen\u00e8ve \u00e0 Interlaken :<\/h3>\n<ol data-start=\"648\" data-end=\"1613\">\n<li data-start=\"648\" data-end=\"750\">\n<p data-start=\"651\" data-end=\"750\">Wi-Fi gratuit, 2 bouteilles d\u2019eau offertes, lingettes rafra\u00eechissantes, transport suisse de luxe.<\/p>\n<\/li>\n<li data-start=\"751\" data-end=\"836\">\n<p data-start=\"754\" data-end=\"836\">Devis gratuit. Prix fixes et transparents. Service porte-\u00e0-porte. S\u00fbr et fiable.<\/p>\n<\/li>\n<li data-start=\"837\" data-end=\"934\">\n<p data-start=\"840\" data-end=\"934\">Annulation gratuite &amp; disponibilit\u00e9 24h\/24 et 7j\/7. Assistance par t\u00e9l\u00e9phone, SMS ou e-mail.<\/p>\n<\/li>\n<li data-start=\"935\" data-end=\"1038\">\n<p data-start=\"938\" data-end=\"1038\">Temps d\u2019attente gratuit d\u20191 heure pour les transferts depuis l\u2019a\u00e9roport de Gen\u00e8ve vers Interlaken.<\/p>\n<\/li>\n<li data-start=\"1039\" data-end=\"1116\">\n<p data-start=\"1042\" data-end=\"1116\">Soci\u00e9t\u00e9 suisse officielle, bas\u00e9e \u00e0 Gen\u00e8ve, pr\u00e8s de l\u2019a\u00e9roport de Gen\u00e8ve.<\/p>\n<\/li>\n<li data-start=\"1117\" data-end=\"1201\">\n<p data-start=\"1120\" data-end=\"1201\">Le chauffeur vous accueille \u00e0 l\u2019a\u00e9roport de Gen\u00e8ve avec un panneau \u00e0 votre nom.<\/p>\n<\/li>\n<li data-start=\"1202\" data-end=\"1284\">\n<p data-start=\"1205\" data-end=\"1284\">Service de haute qualit\u00e9. Ponctualit\u00e9. Excellents avis. Prix fixes. S\u00e9curit\u00e9.<\/p>\n<\/li>\n<li data-start=\"1285\" data-end=\"1389\">\n<p data-start=\"1288\" data-end=\"1389\">Commande en ligne rapide. En seulement 3 clics, votre voiture avec chauffeur est r\u00e9serv\u00e9e \u00e0 Gen\u00e8ve.<\/p>\n<\/li>\n<li data-start=\"1390\" data-end=\"1445\">\n<p data-start=\"1393\" data-end=\"1445\">Nos chauffeurs \u00e0 Gen\u00e8ve s\u2019occupent de vos bagages.<\/p>\n<\/li>\n<li data-start=\"1446\" data-end=\"1514\">\n<p data-start=\"1450\" data-end=\"1514\">Tarifs fixes et garantis incluant autoroute, taxes et parking.<\/p>\n<\/li>\n<li data-start=\"1515\" data-end=\"1613\">\n<p data-start=\"1519\" data-end=\"1613\">Chauffeurs exp\u00e9riment\u00e9s, parlant bien anglais, bien form\u00e9s et respectueux de votre vie priv\u00e9e.<\/p>\n<\/li>\n<\/ol>\n<hr data-start=\"1615\" data-end=\"1618\" \/>\n<h3 data-start=\"1620\" data-end=\"1681\">Quelle est la dur\u00e9e du transfert de Gen\u00e8ve \u00e0 Interlaken ?<\/h3>\n<p data-start=\"1682\" data-end=\"1736\">Transferts priv\u00e9s de Gen\u00e8ve \u00e0 Interlaken : dur\u00e9e 2h30.<\/p>\n<h3 data-start=\"1738\" data-end=\"1793\">Quelle est la distance entre Gen\u00e8ve et Interlaken ?<\/h3>\n<p data-start=\"1794\" data-end=\"1867\">Transferts priv\u00e9s de Gen\u00e8ve \u00e0 Interlaken : distance 215 km par autoroute.<\/p>\n<h3 data-start=\"1869\" data-end=\"1924\">Combien co\u00fbte un transfert de Gen\u00e8ve \u00e0 Interlaken ?<\/h3>\n<p data-start=\"1925\" data-end=\"1999\">Prix des transferts priv\u00e9s de Gen\u00e8ve \u00e0 Interlaken \u00e0 partir de <strong data-start=\"1987\" data-end=\"1998\">750 CHF<\/strong>.<\/p>\n<hr data-start=\"2001\" data-end=\"2004\" \/>\n<h3 data-start=\"2006\" data-end=\"2093\">Comment r\u00e9server un transfert priv\u00e9 en ligne de l\u2019a\u00e9roport de Gen\u00e8ve \u00e0 Interlaken ?<\/h3>\n<p data-start=\"2095\" data-end=\"2190\">La r\u00e9servation en ligne avec Geneva Ways Limousine est simple et rapide, en quelques secondes :<\/p>\n<ol data-start=\"2192\" data-end=\"2337\">\n<li data-start=\"2192\" data-end=\"2232\">\n<p data-start=\"2195\" data-end=\"2232\">Entrez les d\u00e9tails de votre trajet.<\/p>\n<\/li>\n<li data-start=\"2233\" data-end=\"2290\">\n<p data-start=\"2236\" data-end=\"2290\">Choisissez votre v\u00e9hicule de luxe dans notre flotte.<\/p>\n<\/li>\n<li data-start=\"2291\" data-end=\"2337\">\n<p data-start=\"2294\" data-end=\"2337\">Payez directement en ligne \u2014 c\u2019est termin\u00e9.<\/p>\n<\/li>\n<\/ol>\n<p data-start=\"2339\" data-end=\"2414\">Vous recevrez une confirmation instantan\u00e9e de votre r\u00e9servation par e-mail.<\/p>\n<hr data-start=\"2416\" data-end=\"2419\" \/>\n<h3 data-start=\"2421\" data-end=\"2493\">Combien co\u00fbte un transfert d\u2019Interlaken \u00e0 Gen\u00e8ve avec une Classe E ?<\/h3>\n<p data-start=\"2494\" data-end=\"2567\">Prix des transferts priv\u00e9s d\u2019Interlaken \u00e0 Gen\u00e8ve \u00e0 partir de <strong data-start=\"2555\" data-end=\"2566\">720 CHF<\/strong>.<\/p>\n<h3 data-start=\"2569\" data-end=\"2643\">Quelle est la dur\u00e9e du transfert d\u2019Interlaken \u00e0 Gen\u00e8ve avec Classe E ?<\/h3>\n<p data-start=\"2644\" data-end=\"2697\">Transferts priv\u00e9s d\u2019Interlaken \u00e0 Gen\u00e8ve : dur\u00e9e 2h30.<\/p>\n<h3 data-start=\"2699\" data-end=\"2762\">Quelle est la distance du transfert d\u2019Interlaken \u00e0 Gen\u00e8ve ?<\/h3>\n<p data-start=\"2763\" data-end=\"2835\">Transferts priv\u00e9s d\u2019Interlaken \u00e0 Gen\u00e8ve : distance 215 km par autoroute.<\/p>\n<hr data-start=\"2837\" data-end=\"2840\" \/>\n<p data-start=\"2842\" data-end=\"3230\">Tous nos transferts priv\u00e9s VIP de l\u2019a\u00e9roport de Gen\u00e8ve \u00e0 Interlaken (service limousine) chez Geneva Ways sont \u00e9quip\u00e9s pour la neige et b\u00e9n\u00e9ficient d\u2019un service client 24h\/24.<br data-start=\"3016\" data-end=\"3019\" \/>La pr\u00e9-r\u00e9servation (en ligne) vous garantit tranquillit\u00e9 d\u2019esprit et confort avec un service limousine fiable. Vous recevrez une confirmation imm\u00e9diate et la certitude que nous prendrons soin de votre transfert.<\/p>\n<p data-start=\"3232\" data-end=\"3709\">Geneva Ways propose des transferts longue distance priv\u00e9s et professionnels ainsi que la location de voitures avec chauffeur (service limousine) dans la r\u00e9gion d\u2019Interlaken. R\u00e9servez un transfert ski priv\u00e9 vers Interlaken : ponctuel, discret, fiable et courtois. Nos chauffeurs bilingues vous accueillent en montagne. Service VIP enti\u00e8rement \u00e9quip\u00e9 pour la neige depuis Gen\u00e8ve, avec un confort optimal pour vous, votre famille, vos amis et votre \u00e9quipement de ski ou snowboard.<\/p>\n<hr data-start=\"3711\" data-end=\"3714\" \/>\n<h3 data-start=\"3716\" data-end=\"3756\">Interlaken \u2013 Destination Touristique<\/h3>\n<p data-start=\"3758\" data-end=\"4205\">Interlaken est une destination de vacances et un centre de congr\u00e8s d\u2019importance internationale. C\u2019est un point de d\u00e9part id\u00e9al pour de nombreuses excursions. Plus de 45 chemins de fer de montagne, t\u00e9l\u00e9ph\u00e9riques, t\u00e9l\u00e9si\u00e8ges et remont\u00e9es m\u00e9caniques donnent acc\u00e8s \u00e0 plus de 200 km de pistes et \u00e0 un vaste r\u00e9seau de sentiers de randonn\u00e9e.<br data-start=\"4092\" data-end=\"4095\" \/>Des bateaux d\u2019excursion, dont des bateaux \u00e0 vapeur historiques, naviguent sur les lacs de Thoune et de Brienz.<\/p>\n<p data-start=\"4207\" data-end=\"4647\">\u00c0 seulement dix kilom\u00e8tres d\u2019Interlaken, sur un versant ensoleill\u00e9 expos\u00e9 au sud, se trouve Beatenberg-Niederhorn, un paradis pour le parapente. Les randonneurs profitent d\u2019un vaste r\u00e9seau de sentiers. La r\u00e9gion offre un habitat naturel pour les bouquetins, chamois et marmottes. Paysages pr\u00e9serv\u00e9s, eaux cristallines et sommets enneig\u00e9s procurent une sensation de bien-\u00eatre. Les escapades romantiques y promettent une d\u00e9tente incomparable.<\/p>\n<p data-start=\"4649\" data-end=\"5103\">Certains h\u00f4tels s\u00e9duisent d\u00e8s le premier regard. Autour d\u2019Interlaken, on trouve des retraites uniques offrant une v\u00e9ritable pause hors du quotidien. Une maison flottante de luxe avec spa face aux montagnes enneig\u00e9es ou des bains chauds sur pilotis ne sont que quelques exemples. La force de l\u2019eau est omnipr\u00e9sente : le bleu profond du lac de Thoune, le turquoise magique du lac de Brienz, et les chutes du Giessbach, tout aussi impressionnantes en hiver.<\/p>\n<p data-start=\"5105\" data-end=\"5465\">Situ\u00e9e au c\u0153ur de la Suisse, entre montagnes et lacs, la r\u00e9gion Interlaken \/ Thoune \/ Lac de Thoune est riche en traditions et id\u00e9ale pour l\u2019organisation de congr\u00e8s. Le Kursaal Interlaken Congress Centre, avec son b\u00e2timent historique et son auditorium moderne, de nombreux h\u00f4tels et lieux \u00e9v\u00e9nementiels prestigieux font la renomm\u00e9e internationale de la r\u00e9gion.<\/p>\n<hr data-start=\"5467\" data-end=\"5470\" \/>\n<h3 data-start=\"5472\" data-end=\"5506\">Excursions autour d\u2019Interlaken<\/h3>\n<p data-start=\"5508\" data-end=\"5794\">Kayak, cano\u00eb, ski nautique ou stand-up paddle : les possibilit\u00e9s de sports nautiques sur les lacs de Brienz et de Thoune sont infinies. D\u00e9couvrez l\u2019Oberland bernois depuis l\u2019eau. D\u00e9tendez-vous dans l\u2019un des 22 villages lacustres idylliques tout en profitant de panoramas alpins uniques.<\/p>\n<p data-start=\"5796\" data-end=\"6097\">\u00c0 proximit\u00e9, <a href=\"https:\/\/genevaways.com\/fr\/grindelwald\/\"><span style=\"text-decoration: underline;\"><strong data-start=\"5809\" data-end=\"5824\">Grindelwald<\/strong><\/span> <\/a>est une excellente excursion pour l\u2019air alpin, les vues montagneuses, les randonn\u00e9es et le ski. Accessible depuis Interlaken en environ 34 minutes en train, c\u2019est une extension id\u00e9ale avant ou apr\u00e8s votre s\u00e9jour.<br data-start=\"6037\" data-end=\"6040\" \/>Informations touristiques : <a class=\"decorated-link\" href=\"https:\/\/grindelwald.swiss\/en\/\" target=\"_new\" rel=\"noopener\" data-start=\"6068\" data-end=\"6097\">https:\/\/grindelwald.swiss\/en\/<\/a><\/p>\n<p>[\/vc_column_text][\/vc_column][\/vc_row][vc_row][vc_column][vc_empty_space height=&#8221;70px&#8221;][\/vc_column][\/vc_row]<\/p>\n<\/div>","protected":false},"excerpt":{"rendered":"<p>[vc_row type=&#8221;full_width_section&#8221;][vc_column][vc_single_image image=&#8221;2096&#8243; img_size=&#8221;full&#8221; alignment=&#8221;center&#8221;][vc_column_text] Transferts Priv\u00e9s depuis l\u2019A\u00e9roport de Gen\u00e8ve vers Interlaken Obtenez votre transfert priv\u00e9 vers Interlaken depuis l\u2019a\u00e9roport de Gen\u00e8ve avec Geneva Limousine. Les transferts de Gen\u00e8ve \u00e0 Interlaken peuvent \u00eatre r\u00e9serv\u00e9s facilement. Avantages de l\u2019utilisation de nos transferts priv\u00e9s de Gen\u00e8ve \u00e0 Interlaken : Wi-Fi gratuit, 2 bouteilles d\u2019eau offertes, lingettes<\/p>\n","protected":false},"author":4,"featured_media":0,"parent":0,"menu_order":0,"comment_status":"closed","ping_status":"closed","template":"","meta":{"footnotes":""},"class_list":["post-3861","page","type-page","status-publish","hentry"],"_links":{"self":[{"href":"https:\/\/genevaways.com\/fr\/wp-json\/wp\/v2\/pages\/3861","targetHints":{"allow":["GET"]}}],"collection":[{"href":"https:\/\/genevaways.com\/fr\/wp-json\/wp\/v2\/pages"}],"about":[{"href":"https:\/\/genevaways.com\/fr\/wp-json\/wp\/v2\/types\/page"}],"author":[{"embeddable":true,"href":"https:\/\/genevaways.com\/fr\/wp-json\/wp\/v2\/users\/4"}],"replies":[{"embeddable":true,"href":"https:\/\/genevaways.com\/fr\/wp-json\/wp\/v2\/comments?post=3861"}],"version-history":[{"count":12,"href":"https:\/\/genevaways.com\/fr\/wp-json\/wp\/v2\/pages\/3861\/revisions"}],"predecessor-version":[{"id":7126,"href":"https:\/\/genevaways.com\/fr\/wp-json\/wp\/v2\/pages\/3861\/revisions\/7126"}],"wp:attachment":[{"href":"https:\/\/genevaways.com\/fr\/wp-json\/wp\/v2\/media?parent=3861"}],"curies":[{"name":"wp","href":"https:\/\/api.w.org\/{rel}","templated":true}]}}