{"id":3863,"date":"2024-10-17T10:56:50","date_gmt":"2024-10-17T08:56:50","guid":{"rendered":"https:\/\/genevaways.com\/grenoble\/"},"modified":"2026-01-31T04:14:36","modified_gmt":"2026-01-31T03:14:36","slug":"grenoble","status":"publish","type":"page","link":"https:\/\/genevaways.com\/fr\/grenoble\/","title":{"rendered":"Grenoble"},"content":{"rendered":"<div class=\"wpb-content-wrapper\"><p>[vc_row type=&#8221;full_width_section&#8221;][vc_column]<h3 class=\"center-title\">Transfert de Gen\u00e8ve \u00e0 Grenoble<br \/>\n<\/h3><div class=\"title-block2\"><\/div>[vc_column_text]<\/p>\n<div class=\"flex flex-col text-sm pb-25\">\n<article class=\"text-token-text-primary w-full focus:outline-none [--shadow-height:45px] has-data-writing-block:pointer-events-none has-data-writing-block:-mt-(--shadow-height) has-data-writing-block:pt-(--shadow-height) [&amp;:has([data-writing-block])&gt;*]:pointer-events-auto scroll-mt-[calc(var(--header-height)+min(200px,max(70px,20svh)))]\" dir=\"auto\" tabindex=\"-1\" data-turn-id=\"354d0b36-c40d-43ff-98d9-1a6e0f4b7ca0\" data-testid=\"conversation-turn-42\" data-scroll-anchor=\"true\" data-turn=\"assistant\">\n<div class=\"text-base my-auto mx-auto pb-10 [--thread-content-margin:--spacing(4)] @w-sm\/main:[--thread-content-margin:--spacing(6)] @w-lg\/main:[--thread-content-margin:--spacing(16)] px-(--thread-content-margin)\">\n<div class=\"[--thread-content-max-width:40rem] @w-lg\/main:[--thread-content-max-width:48rem] mx-auto max-w-(--thread-content-max-width) flex-1 group\/turn-messages focus-visible:outline-hidden relative flex w-full min-w-0 flex-col agent-turn\" tabindex=\"-1\">\n<div class=\"flex max-w-full flex-col grow\">\n<div class=\"min-h-8 text-message relative flex w-full flex-col items-end gap-2 text-start break-words whitespace-normal [.text-message+&amp;]:mt-1\" dir=\"auto\" data-message-author-role=\"assistant\" data-message-id=\"c0d5df81-bbf4-40d6-b8be-e604fe801823\" data-message-model-slug=\"gpt-5-2-thinking\">\n<div class=\"flex w-full flex-col gap-1 empty:hidden first:pt-[1px]\">\n<div class=\"markdown prose dark:prose-invert w-full wrap-break-word light markdown-new-styling\">\n<h3 data-start=\"0\" data-end=\"99\">Transferts depuis l\u2019a\u00e9roport de Gen\u00e8ve vers Grenoble avec diff\u00e9rentes options de v\u00e9hicules Mercedes<\/h3>\n<p data-start=\"101\" data-end=\"222\"><strong>Combien co\u00fbte le transfert de Gen\u00e8ve \u00e0 Grenoble ?<\/strong><br data-start=\"150\" data-end=\"153\" \/><strong>Prix des transferts priv\u00e9s de Gen\u00e8ve \u00e0 Grenoble \u00e0 partir de 1 390 CHF<\/strong><\/p>\n<p data-start=\"224\" data-end=\"338\"><strong>Combien de temps dure le transfert de Gen\u00e8ve \u00e0 Grenoble ?<\/strong><br data-start=\"281\" data-end=\"284\" \/><strong>Temps de transfert priv\u00e9 de Gen\u00e8ve \u00e0 Grenoble : 2 h 50<\/strong><\/p>\n<p data-start=\"340\" data-end=\"453\"><strong>Quelle est la distance entre Gen\u00e8ve et Grenoble ?<\/strong><br data-start=\"389\" data-end=\"392\" \/><strong>Distance des transferts priv\u00e9s de Gen\u00e8ve \u00e0 Grenoble : 188 km.<\/strong><\/p>\n<p data-start=\"455\" data-end=\"908\">Voyager de l\u2019a\u00e9roport de Gen\u00e8ve \u00e0 Grenoble est un itin\u00e9raire appr\u00e9ci\u00e9 aussi bien par les voyageurs d\u2019affaires que de loisirs. Avec des vues \u00e0 couper le souffle tout au long du trajet et le confort d\u2019un transport haut de gamme, votre voyage devient une partie essentielle de votre exp\u00e9rience. Notre service de transfert professionnel propose une large gamme de v\u00e9hicules Mercedes pour r\u00e9pondre \u00e0 tous vos besoins, en alliant confort, efficacit\u00e9 et style.<\/p>\n<hr data-start=\"910\" data-end=\"913\" \/>\n<h3 data-start=\"915\" data-end=\"981\">Pourquoi choisir un transfert de l\u2019a\u00e9roport de Gen\u00e8ve \u00e0 Grenoble ?<\/h3>\n<p data-start=\"983\" data-end=\"1295\">Que vous vous rendiez \u00e0 Grenoble pour ses stations de ski r\u00e9put\u00e9es, ses centres d\u2019affaires ou ses attractions culturelles, un service de transfert fluide fait toute la diff\u00e9rence. L\u2019a\u00e9roport de Gen\u00e8ve est l\u2019un des hubs les plus fr\u00e9quent\u00e9s d\u2019Europe, et disposer d\u2019un service fiable garantit un d\u00e9part sans stress.<\/p>\n<p data-start=\"1297\" data-end=\"1430\">Opter pour un transfert de l\u2019a\u00e9roport de Gen\u00e8ve \u00e0 Grenoble avec des v\u00e9hicules Mercedes garantit s\u00e9curit\u00e9, ponctualit\u00e9 et luxe absolu.<\/p>\n<hr data-start=\"1432\" data-end=\"1435\" \/>\n<h3 data-start=\"1437\" data-end=\"1516\">Flotte Mercedes luxueuse pour les transferts de l\u2019a\u00e9roport de Gen\u00e8ve \u00e0 Grenoble<\/h3>\n<h4 data-start=\"1518\" data-end=\"1548\">Transfert Mercedes E-Class<\/h4>\n<p data-start=\"1549\" data-end=\"1839\">Vivez un luxe \u00ab executive \u00bb avec un transfert de l\u2019a\u00e9roport de Gen\u00e8ve \u00e0 Grenoble en Mercedes E-Class. Reconnue pour son design \u00e9pur\u00e9, ses fonctionnalit\u00e9s avanc\u00e9es et ses int\u00e9rieurs spacieux, l\u2019E-Class est parfaite pour les voyageurs seuls ou les petits groupes recherchant confort et style.<\/p>\n<p data-start=\"1841\" data-end=\"2056\">\u27a4 Confort et \u00e9l\u00e9gance pour jusqu\u2019\u00e0 trois passagers.<br data-start=\"1892\" data-end=\"1895\" \/>\u27a4 Id\u00e9ale pour les voyages d\u2019affaires ou un d\u00e9part de vacances \u00e9l\u00e9gant.<br data-start=\"1965\" data-end=\"1968\" \/>\u27a4 Profitez d\u2019une conduite fluide gr\u00e2ce \u00e0 une suspension de pointe et \u00e0 la climatisation.<\/p>\n<p data-start=\"2058\" data-end=\"2185\">Vous cherchez une option \u00e9l\u00e9gante et efficace ? Optez pour un transfert de l\u2019a\u00e9roport de Gen\u00e8ve \u00e0 Grenoble en Mercedes E-Class.<\/p>\n<hr data-start=\"2187\" data-end=\"2190\" \/>\n<h4 data-start=\"2192\" data-end=\"2222\">Transfert Mercedes V-Class<\/h4>\n<p data-start=\"2223\" data-end=\"2409\">Vous voyagez en groupe ? Le transfert de l\u2019a\u00e9roport de Gen\u00e8ve \u00e0 Grenoble en Mercedes V-Class est le choix id\u00e9al. Ce van haut de gamme offre un grand espace sans compromis sur l\u2019\u00e9l\u00e9gance.<\/p>\n<p data-start=\"2411\" data-end=\"2531\">\u27a4 Accueille jusqu\u2019\u00e0 sept passagers confortablement.<br data-start=\"2462\" data-end=\"2465\" \/>\u27a4 Parfait pour les familles, les amis ou les groupes d\u2019entreprise.<\/p>\n<p data-start=\"2533\" data-end=\"2609\">\u27a4 Espace bagages flexible pour skis, \u00e9quipements ou bagages suppl\u00e9mentaires.<\/p>\n<p data-start=\"2611\" data-end=\"2713\">Pour un luxe spacieux, choisissez un transfert de l\u2019a\u00e9roport de Gen\u00e8ve \u00e0 Grenoble en Mercedes V-Class.<\/p>\n<hr data-start=\"2715\" data-end=\"2718\" \/>\n<h4 data-start=\"2720\" data-end=\"2750\">Transfert Mercedes S-Class<\/h4>\n<p data-start=\"2751\" data-end=\"2994\">Si vous recherchez le luxe ultime, le transfert de l\u2019a\u00e9roport de Gen\u00e8ve \u00e0 Grenoble en Mercedes S-Class offre une sophistication in\u00e9gal\u00e9e. Con\u00e7ue pour les voyageurs VIP, cette berline embl\u00e9matique rend votre trajet tout simplement exceptionnel.<\/p>\n<p data-start=\"2996\" data-end=\"3210\">\u27a4 Int\u00e9rieurs en cuir haut de gamme et syst\u00e8mes de divertissement avanc\u00e9s.<br data-start=\"3069\" data-end=\"3072\" \/>\u27a4 Id\u00e9ale pour les clients haut-profil ou les occasions sp\u00e9ciales.<br data-start=\"3137\" data-end=\"3140\" \/>\u27a4 Offre une conduite des plus douces gr\u00e2ce \u00e0 une ing\u00e9nierie de pointe.<\/p>\n<p data-start=\"3212\" data-end=\"3321\">Sublimez votre exp\u00e9rience de voyage avec un transfert de l\u2019a\u00e9roport de Gen\u00e8ve \u00e0 Grenoble en Mercedes S-Class.<\/p>\n<hr data-start=\"3323\" data-end=\"3326\" \/>\n<h4 data-start=\"3328\" data-end=\"3358\">Transfert Mercedes Maybach<\/h4>\n<p data-start=\"3359\" data-end=\"3552\">Pour ceux qui exigent l\u2019absolu sommet du luxe, le transfert de l\u2019a\u00e9roport de Gen\u00e8ve \u00e0 Grenoble en Mercedes Maybach est le choix ultime. Ce v\u00e9hicule prestigieux red\u00e9finit confort et exclusivit\u00e9.<\/p>\n<p data-start=\"3554\" data-end=\"3788\">\u27a4 \u00c9quipements incomparables, dont des si\u00e8ges inclinables et des cloisons d\u2019intimit\u00e9.<br data-start=\"3638\" data-end=\"3641\" \/>\u27a4 Parfait pour les VIP, les dignitaires et ceux qui appr\u00e9cient les belles choses de la vie.<br data-start=\"3732\" data-end=\"3735\" \/>\u27a4 Vivez le summum de l\u2019\u00e9l\u00e9gance pendant votre trajet.<\/p>\n<p data-start=\"3790\" data-end=\"3884\">Red\u00e9finissez le luxe avec un transfert de l\u2019a\u00e9roport de Gen\u00e8ve \u00e0 Grenoble en Mercedes Maybach.<\/p>\n<hr data-start=\"3886\" data-end=\"3889\" \/>\n<h4 data-start=\"3891\" data-end=\"3932\">Transfert Mercedes Sprinter 16 places<\/h4>\n<p data-start=\"3933\" data-end=\"4114\">Vous planifiez un voyage en groupe ? Le transfert de l\u2019a\u00e9roport de Gen\u00e8ve \u00e0 Grenoble en Mercedes Sprinter 16 places offre l\u2019espace et le confort adapt\u00e9s aux besoins de votre groupe.<\/p>\n<p data-start=\"4116\" data-end=\"4311\">\u27a4 Accueille jusqu\u2019\u00e0 16 passagers avec bagages.<br data-start=\"4162\" data-end=\"4165\" \/>\u27a4 Id\u00e9al pour les \u00e9v\u00e9nements d\u2019entreprise, r\u00e9unions de famille ou groupes de ski.<br data-start=\"4245\" data-end=\"4248\" \/>\u27a4 \u00c9quip\u00e9 de fonctionnalit\u00e9s modernes de s\u00e9curit\u00e9 et de confort.<\/p>\n<p data-start=\"4313\" data-end=\"4434\">Facilitez vos d\u00e9placements en groupe avec un transfert de l\u2019a\u00e9roport de Gen\u00e8ve \u00e0 Grenoble en Mercedes Sprinter 16 places.<\/p>\n<hr data-start=\"4436\" data-end=\"4439\" \/>\n<h3 data-start=\"4441\" data-end=\"4508\">Pourquoi r\u00e9server un transfert de l\u2019a\u00e9roport de Gen\u00e8ve \u00e0 Grenoble ?<\/h3>\n<ol data-start=\"4510\" data-end=\"5039\">\n<li data-start=\"4510\" data-end=\"4600\">\n<p data-start=\"4513\" data-end=\"4600\"><strong data-start=\"4513\" data-end=\"4528\">Praticit\u00e9 :<\/strong> \u00c9vitez les contraintes des transports publics ou l\u2019attente des taxis.<\/p>\n<\/li>\n<li data-start=\"4601\" data-end=\"4710\">\n<p data-start=\"4604\" data-end=\"4710\"><strong data-start=\"4604\" data-end=\"4621\">Ponctualit\u00e9 :<\/strong> Nos chauffeurs professionnels assurent des prises en charge et des arriv\u00e9es \u00e0 l\u2019heure.<\/p>\n<\/li>\n<li data-start=\"4711\" data-end=\"4788\">\n<p data-start=\"4714\" data-end=\"4788\"><strong data-start=\"4714\" data-end=\"4724\">Luxe :<\/strong> Profitez d\u2019\u00e9quipements premium dans chaque v\u00e9hicule Mercedes.<\/p>\n<\/li>\n<li data-start=\"4789\" data-end=\"4887\">\n<p data-start=\"4792\" data-end=\"4887\"><strong data-start=\"4792\" data-end=\"4806\">S\u00e9curit\u00e9 :<\/strong> Voyagez en toute confiance, en sachant que vous \u00eates entre des mains expertes.<\/p>\n<\/li>\n<li data-start=\"4888\" data-end=\"5039\">\n<p data-start=\"4891\" data-end=\"5039\"><strong data-start=\"4891\" data-end=\"4919\">Itin\u00e9raire panoramique :<\/strong> Le trajet de Gen\u00e8ve \u00e0 Grenoble offre des vues splendides sur les Alpes, encore plus agr\u00e9ables dans une voiture de luxe.<\/p>\n<\/li>\n<\/ol>\n<p data-start=\"5041\" data-end=\"5165\">Avec autant d\u2019avantages, un transfert de l\u2019a\u00e9roport de Gen\u00e8ve \u00e0 Grenoble en Mercedes est le choix parfait pour votre voyage.<\/p>\n<hr data-start=\"5167\" data-end=\"5170\" \/>\n<h3 data-start=\"5172\" data-end=\"5231\">R\u00e9server votre transfert de l\u2019a\u00e9roport de Gen\u00e8ve \u00e0 Grenoble<\/h3>\n<p data-start=\"5233\" data-end=\"5460\">Que vous voyagiez pour affaires, pour le loisir ou pour une occasion sp\u00e9ciale, notre \u00e9quipe s\u2019engage \u00e0 vous offrir une exp\u00e9rience irr\u00e9prochable. La r\u00e9servation est simple, et notre service client est toujours pr\u00eat \u00e0 vous aider.<\/p>\n<hr data-start=\"5462\" data-end=\"5465\" \/>\n<h3 data-start=\"5467\" data-end=\"5487\">R\u00e9sum\u00e9 des options :<\/h3>\n<p data-start=\"5489\" data-end=\"5831\">\u27a4 <strong data-start=\"5491\" data-end=\"5513\">Mercedes E-Class :<\/strong> Luxe executive pour petits groupes.<br data-start=\"5549\" data-end=\"5552\" \/>\u27a4 <strong data-start=\"5554\" data-end=\"5576\">Mercedes V-Class :<\/strong> Confort spacieux pour familles et groupes.<br data-start=\"5619\" data-end=\"5622\" \/>\u27a4 <strong data-start=\"5624\" data-end=\"5646\">Mercedes S-Class :<\/strong> Luxe VIP et sophistication.<br data-start=\"5674\" data-end=\"5677\" \/>\u27a4 <strong data-start=\"5679\" data-end=\"5701\">Mercedes Maybach :<\/strong> Voyage opulent pour ceux qui exigent le meilleur.<br data-start=\"5751\" data-end=\"5754\" \/>\u27a4 <strong data-start=\"5756\" data-end=\"5789\">Mercedes Sprinter 16 places :<\/strong> Voyage en groupe confortable et efficace.<\/p>\n<p data-start=\"5833\" data-end=\"5973\">Chaque v\u00e9hicule est adapt\u00e9 \u00e0 vos besoins sp\u00e9cifiques, garantissant un transfert de l\u2019a\u00e9roport de Gen\u00e8ve \u00e0 Grenoble qui d\u00e9passe vos attentes.<\/p>\n<hr data-start=\"5975\" data-end=\"5978\" \/>\n<h3 data-start=\"5980\" data-end=\"6024\">L\u2019itin\u00e9raire : A\u00e9roport de Gen\u00e8ve \u2192 Grenoble<\/h3>\n<p data-start=\"6026\" data-end=\"6298\">Le trajet couvre environ 140 kilom\u00e8tres et dure environ deux heures. Que vous partiez skier, d\u00e9couvrir les sites historiques de Grenoble ou assister \u00e0 une r\u00e9union d\u2019affaires, nos transferts Mercedes depuis l\u2019a\u00e9roport de Gen\u00e8ve vers Grenoble rendent l\u2019exp\u00e9rience m\u00e9morable.<\/p>\n<hr data-start=\"6300\" data-end=\"6303\" \/>\n<h3 data-start=\"6305\" data-end=\"6323\">Autour de Grenoble<\/h3>\n<p data-start=\"6325\" data-end=\"7107\">Si vous r\u00e9servez un transfert de l\u2019a\u00e9roport de Gen\u00e8ve \u00e0 Grenoble, il est utile de savoir que <a href=\"https:\/\/genevaways.com\/fr\/chambery\/\">Chamb\u00e9ry<\/a> (Savoie) se situe \u00e0 proximit\u00e9 sur le m\u00eame corridor alpin et peut parfaitement servir de courte escale ou d\u2019extension d\u2019itin\u00e9raire \u2014 notamment si vous souhaitez combiner l\u2019atmosph\u00e8re montagnarde de Grenoble avec une pause plus \u00ab ville savoyarde \u00bb. Chamb\u00e9ry est connue pour son centre historique et son cadre de vall\u00e9e, avec un acc\u00e8s facile \u00e0 des activit\u00e9s de plein air telles que des sentiers de randonn\u00e9e balis\u00e9s et un vaste r\u00e9seau de pistes cyclables, ce qui en fait une excellente option pour les voyageurs souhaitant changer de rythme avant (ou apr\u00e8s) leur arriv\u00e9e \u00e0 Grenoble. Plus d\u2019informations ici :<br data-start=\"7032\" data-end=\"7035\" \/><a class=\"decorated-link cursor-pointer\" target=\"_new\" rel=\"noopener\" data-start=\"7035\" data-end=\"7106\">https:\/\/www.explore-savoie.com\/en\/sit\/chambery-et-sa-vallee-561\/Sources<\/a>.<\/p>\n<hr data-start=\"7109\" data-end=\"7112\" \/>\n<h3 data-start=\"7114\" data-end=\"7165\">Optimisez votre voyage avec des transferts Mercedes<\/h3>\n<ol data-start=\"7167\" data-end=\"7530\" data-is-last-node=\"\" data-is-only-node=\"\">\n<li data-start=\"7167\" data-end=\"7237\">\n<p data-start=\"7170\" data-end=\"7237\">Transfert de<a href=\"https:\/\/www.gva.ch\/en\/\" target=\"_blank\" rel=\"noopener\"> l\u2019a\u00e9roport de Gen\u00e8ve<\/a> \u00e0 Grenoble en Mercedes E-Class.<\/p>\n<\/li>\n<li data-start=\"7238\" data-end=\"7308\">\n<p data-start=\"7241\" data-end=\"7308\">Transfert de <a href=\"https:\/\/www.gva.ch\/en\/\" target=\"_blank\" rel=\"noopener\">l\u2019a\u00e9roport de Gen\u00e8ve<\/a> \u00e0 Grenoble en Mercedes V-Class.<\/p>\n<\/li>\n<li data-start=\"7309\" data-end=\"7379\">\n<p data-start=\"7312\" data-end=\"7379\">Transfert de<a href=\"https:\/\/www.gva.ch\/en\/\" target=\"_blank\" rel=\"noopener\"> l\u2019a\u00e9roport de Gen\u00e8ve<\/a> \u00e0 Grenoble en Mercedes S-Class.<\/p>\n<\/li>\n<li data-start=\"7380\" data-end=\"7450\">\n<p data-start=\"7383\" data-end=\"7450\">Transfert de <a href=\"https:\/\/www.gva.ch\/en\/\" target=\"_blank\" rel=\"noopener\">l\u2019a\u00e9roport de Gen\u00e8ve<\/a> \u00e0 Grenoble en Mercedes Maybach.<\/p>\n<\/li>\n<li data-start=\"7451\" data-end=\"7530\" data-is-last-node=\"\">\n<p data-start=\"7454\" data-end=\"7530\" data-is-last-node=\"\">Transfert de <a href=\"https:\/\/www.gva.ch\/en\/\" target=\"_blank\" rel=\"noopener\">l\u2019a\u00e9roport de Gen\u00e8ve<\/a> \u00e0 Grenoble en Mercedes Sprinter 16 places.<\/p>\n<\/li>\n<\/ol>\n<\/div>\n<\/div>\n<\/div>\n<\/div>\n<div class=\"z-0 flex min-h-[46px] justify-start\"><\/div>\n<div class=\"mt-3 w-full empty:hidden\">\n<div class=\"text-center\"><\/div>\n<\/div>\n<\/div>\n<\/div>\n<\/article>\n<\/div>\n<div class=\"pointer-events-none h-px w-px absolute bottom-0\" aria-hidden=\"true\" data-edge=\"true\"><\/div>\n<p>[\/vc_column_text][\/vc_column][\/vc_row][vc_row][vc_column][vc_empty_space height=&#8221;70px&#8221;][\/vc_column][\/vc_row]<\/p>\n<\/div>","protected":false},"excerpt":{"rendered":"<p>[vc_row type=&#8221;full_width_section&#8221;][vc_column][vc_column_text] Transferts depuis l\u2019a\u00e9roport de Gen\u00e8ve vers Grenoble avec diff\u00e9rentes options de v\u00e9hicules Mercedes Combien co\u00fbte le transfert de Gen\u00e8ve \u00e0 Grenoble ?Prix des transferts priv\u00e9s de Gen\u00e8ve \u00e0 Grenoble \u00e0 partir de 1 390 CHF Combien de temps dure le transfert de Gen\u00e8ve \u00e0 Grenoble ?Temps de transfert priv\u00e9 de Gen\u00e8ve \u00e0 Grenoble<\/p>\n","protected":false},"author":4,"featured_media":0,"parent":0,"menu_order":0,"comment_status":"closed","ping_status":"closed","template":"","meta":{"footnotes":""},"class_list":["post-3863","page","type-page","status-publish","hentry"],"_links":{"self":[{"href":"https:\/\/genevaways.com\/fr\/wp-json\/wp\/v2\/pages\/3863","targetHints":{"allow":["GET"]}}],"collection":[{"href":"https:\/\/genevaways.com\/fr\/wp-json\/wp\/v2\/pages"}],"about":[{"href":"https:\/\/genevaways.com\/fr\/wp-json\/wp\/v2\/types\/page"}],"author":[{"embeddable":true,"href":"https:\/\/genevaways.com\/fr\/wp-json\/wp\/v2\/users\/4"}],"replies":[{"embeddable":true,"href":"https:\/\/genevaways.com\/fr\/wp-json\/wp\/v2\/comments?post=3863"}],"version-history":[{"count":12,"href":"https:\/\/genevaways.com\/fr\/wp-json\/wp\/v2\/pages\/3863\/revisions"}],"predecessor-version":[{"id":7122,"href":"https:\/\/genevaways.com\/fr\/wp-json\/wp\/v2\/pages\/3863\/revisions\/7122"}],"wp:attachment":[{"href":"https:\/\/genevaways.com\/fr\/wp-json\/wp\/v2\/media?parent=3863"}],"curies":[{"name":"wp","href":"https:\/\/api.w.org\/{rel}","templated":true}]}}