{"id":3879,"date":"2024-10-17T10:55:02","date_gmt":"2024-10-17T08:55:02","guid":{"rendered":"https:\/\/genevaways.com\/verbier\/"},"modified":"2026-01-31T04:50:30","modified_gmt":"2026-01-31T03:50:30","slug":"verbier","status":"publish","type":"page","link":"https:\/\/genevaways.com\/fr\/verbier\/","title":{"rendered":"Transfert de Geneve vers Verbier"},"content":{"rendered":"<div class=\"wpb-content-wrapper\"><p>[vc_row type=&#8221;full_width_section&#8221;][vc_column]<h3 class=\"center-title\">Transfert de Gen\u00e8ve \u00e0 Verbier<br \/>\n<\/h3><div class=\"title-block2\"><\/div>[vc_column_text]<\/p>\n<h1>Transferts priv\u00e9s de <a href=\"https:\/\/www.gva.ch\/en\" target=\"_blank\" rel=\"noopener\">l\u2019a\u00e9roport<\/a> de Gen\u00e8ve vers Verbier<\/h1>\n<p><img loading=\"lazy\" decoding=\"async\" width=\"1024\" height=\"275\" class=\"alignnone size-large wp-image-5391\" src=\"https:\/\/genevaways.com\/wp-content\/uploads\/2025\/05\/Private-Transrs-from-Geneva-to-1024x275.jpeg\" alt=\"Private Transfer from Geneva Airport to\" srcset=\"https:\/\/genevaways.com\/wp-content\/uploads\/2025\/05\/Private-Transrs-from-Geneva-to-1024x275.jpeg 1024w, https:\/\/genevaways.com\/wp-content\/uploads\/2025\/05\/Private-Transrs-from-Geneva-to-300x81.jpeg 300w, https:\/\/genevaways.com\/wp-content\/uploads\/2025\/05\/Private-Transrs-from-Geneva-to-768x206.jpeg 768w, https:\/\/genevaways.com\/wp-content\/uploads\/2025\/05\/Private-Transrs-from-Geneva-to-1536x412.jpeg 1536w, https:\/\/genevaways.com\/wp-content\/uploads\/2025\/05\/Private-Transrs-from-Geneva-to-2048x550.jpeg 2048w, https:\/\/genevaways.com\/wp-content\/uploads\/2025\/05\/Private-Transrs-from-Geneva-to-100x27.jpeg 100w\" sizes=\"auto, (max-width: 1024px) 100vw, 1024px\" \/>Obtenez votre transfert priv\u00e9 vers Obtenez votre transfert priv\u00e9 vers Verbier depuis l\u2019a\u00e9roport de Gen\u00e8ve avec Geneva Limousine.<br data-start=\"180\" data-end=\"183\" \/>Les transferts de Gen\u00e8ve \u00e0 Verbier peuvent \u00eatre r\u00e9serv\u00e9s facilement.<\/p>\n<p data-start=\"253\" data-end=\"371\"><strong data-start=\"253\" data-end=\"305\">Combien co\u00fbte un transfert de Gen\u00e8ve \u00e0 Verbier ?<\/strong><br data-start=\"305\" data-end=\"308\" \/>Prix des transferts de Gen\u00e8ve \u00e0 Verbier \u00e0 partir de <strong data-start=\"360\" data-end=\"371\">620 CHF<\/strong><\/p>\n<p data-start=\"373\" data-end=\"489\"><strong data-start=\"373\" data-end=\"433\">Combien de temps dure le transfert de Gen\u00e8ve \u00e0 Verbier ?<\/strong><br data-start=\"433\" data-end=\"436\" \/>Temps des transferts de Gen\u00e8ve \u00e0 Verbier : <strong data-start=\"479\" data-end=\"489\">1 h 50<\/strong><\/p>\n<p data-start=\"491\" data-end=\"602\"><strong data-start=\"491\" data-end=\"543\">Quelle est la distance entre Gen\u00e8ve et Verbier ?<\/strong><br data-start=\"543\" data-end=\"546\" \/>Distance des transferts de Gen\u00e8ve \u00e0 Verbier : <strong data-start=\"592\" data-end=\"602\">160 km<\/strong><\/p>\n<h2 data-start=\"604\" data-end=\"661\">Avantages de nos transferts priv\u00e9s de Gen\u00e8ve \u00e0 Verbier<\/h2>\n<p data-start=\"662\" data-end=\"1614\">1- Wi-Fi gratuit, 2 bouteilles d\u2019eau gratuites, lingettes rafra\u00eechissantes, transport suisse de luxe.<br data-start=\"763\" data-end=\"766\" \/>2- Devis gratuit, prix fixes et transparents, porte-\u00e0-porte, service s\u00fbr et fiable.<br data-start=\"849\" data-end=\"852\" \/>3- Annulation gratuite &amp; disponible 24\/7. Support par t\u00e9l\u00e9phone, SMS &amp; e-mail.<br data-start=\"930\" data-end=\"933\" \/>4- Temps d\u2019attente gratuit 1 heure pour les transferts de l\u2019a\u00e9roport de Gen\u00e8ve \u00e0 Verbier.<br data-start=\"1022\" data-end=\"1025\" \/>5- Soci\u00e9t\u00e9 suisse officielle, bas\u00e9e \u00e0 Gen\u00e8ve pr\u00e8s de l\u2019a\u00e9roport de Gen\u00e8ve.<br data-start=\"1099\" data-end=\"1102\" \/>6- Le chauffeur vous accueille \u00e0 l\u2019a\u00e9roport de Gen\u00e8ve avec une pancarte \u00e0 votre nom.<br data-start=\"1186\" data-end=\"1189\" \/>7- Service de haute qualit\u00e9. Ponctualit\u00e9. Excellents avis. Prix fixes. S\u00e9curit\u00e9.<br data-start=\"1269\" data-end=\"1272\" \/>8- Commande en ligne rapide : en 3 clics seulement, obtenez votre voiture avec chauffeur \u00e0 Gen\u00e8ve.<br data-start=\"1370\" data-end=\"1373\" \/>9- Nos chauffeurs \u00e0 l\u2019a\u00e9roport de Gen\u00e8ve portent vos bagages pour vous.<br data-start=\"1444\" data-end=\"1447\" \/>10- Tarifs fixes &amp; garantis : incluent autoroute, frais, taxes, parking.<br data-start=\"1518\" data-end=\"1521\" \/>11- Chauffeurs exp\u00e9riment\u00e9s, parlant bien anglais, form\u00e9s et respectueux de votre vie priv\u00e9e.<\/p>\n<h2>\ud83d\udcb0 Tarifs des transferts Gen\u00e8ve \u21c4 Verbier<\/h2>\n<table>\n<thead>\n<tr>\n<th>V\u00e9hicule<\/th>\n<th>Capacit\u00e9<\/th>\n<th>Prix (CHF)<\/th>\n<th>Temps de trajet<\/th>\n<th>Distance<\/th>\n<\/tr>\n<\/thead>\n<tbody>\n<tr>\n<td>Mercedes E-Class<\/td>\n<td>Jusqu\u2019\u00e0 3 passagers<\/td>\n<td>d\u00e8s 620 CHF<\/td>\n<td>env. 1h50<\/td>\n<td>160 km<\/td>\n<\/tr>\n<tr>\n<td>Mercedes V-Class (Van)<\/td>\n<td>Jusqu\u2019\u00e0 7 passagers<\/td>\n<td>d\u00e8s 660 CHF<\/td>\n<td>env. 1h50<\/td>\n<td>160 km<\/td>\n<\/tr>\n<tr>\n<td>Mercedes S-Class<\/td>\n<td>Jusqu\u2019\u00e0 3 passagers<\/td>\n<td>d\u00e8s 890 CHF<\/td>\n<td>env. 1h50<\/td>\n<td>160 km<\/td>\n<\/tr>\n<tr>\n<td>Maybach<\/td>\n<td>Jusqu\u2019\u00e0 2 passagers<\/td>\n<td>d\u00e8s 1390 CHF<\/td>\n<td>env. 1h50<\/td>\n<td>160 km<\/td>\n<\/tr>\n<tr>\n<td>Mercedes Sprinter<\/td>\n<td>Jusqu\u2019\u00e0 16 passagers<\/td>\n<td>d\u00e8s 1 190 CHF<\/td>\n<td>env. 2h25<\/td>\n<td>160 km<\/td>\n<\/tr>\n<\/tbody>\n<\/table>\n<hr \/>\n<div class=\"flex flex-col text-sm pb-25\">\n<article class=\"text-token-text-primary w-full focus:outline-none [--shadow-height:45px] has-data-writing-block:pointer-events-none has-data-writing-block:-mt-(--shadow-height) has-data-writing-block:pt-(--shadow-height) [&amp;:has([data-writing-block])&gt;*]:pointer-events-auto scroll-mt-[calc(var(--header-height)+min(200px,max(70px,20svh)))]\" dir=\"auto\" tabindex=\"-1\" data-turn-id=\"2d28cef3-649d-4979-a47a-222bbe70f5ee\" data-testid=\"conversation-turn-16\" data-scroll-anchor=\"true\" data-turn=\"assistant\">\n<div class=\"text-base my-auto mx-auto pb-10 [--thread-content-margin:--spacing(4)] @w-sm\/main:[--thread-content-margin:--spacing(6)] @w-lg\/main:[--thread-content-margin:--spacing(16)] px-(--thread-content-margin)\">\n<div class=\"[--thread-content-max-width:40rem] @w-lg\/main:[--thread-content-max-width:48rem] mx-auto max-w-(--thread-content-max-width) flex-1 group\/turn-messages focus-visible:outline-hidden relative flex w-full min-w-0 flex-col agent-turn\" tabindex=\"-1\">\n<div class=\"flex max-w-full flex-col grow\">\n<div class=\"min-h-8 text-message relative flex w-full flex-col items-end gap-2 text-start break-words whitespace-normal [.text-message+&amp;]:mt-1\" dir=\"auto\" data-message-author-role=\"assistant\" data-message-id=\"42c6baed-2448-45d3-bc4b-040f286d165f\" data-message-model-slug=\"gpt-5-2\">\n<div class=\"flex w-full flex-col gap-1 empty:hidden first:pt-[1px]\">\n<div class=\"markdown prose dark:prose-invert w-full wrap-break-word light markdown-new-styling\">\n<p data-start=\"2159\" data-end=\"2228\">Comment r\u00e9server votre transfert priv\u00e9 en ligne de <a href=\"https:\/\/www.gva.ch\/en\/\" target=\"_blank\" rel=\"noopener\">l\u2019a\u00e9roport de Gen\u00e8ve<\/a> \u00e0 Verbier ?<\/p>\n<p data-start=\"2230\" data-end=\"2386\">La r\u00e9servation en ligne d\u2019un transfert de l\u2019a\u00e9roport de Gen\u00e8ve \u00e0 Verbier avec Geneva Ways Limousine est simple et rapide et ne prend que quelques secondes :<\/p>\n<p data-start=\"2388\" data-end=\"2536\">1- Saisissez les d\u00e9tails de votre trajet.<br data-start=\"2429\" data-end=\"2432\" \/>2- Choisissez votre voiture de luxe dans notre flotte.<br data-start=\"2486\" data-end=\"2489\" \/>3- Payez directement en ligne, c\u2019est termin\u00e9.<\/p>\n<p data-start=\"2538\" data-end=\"2613\">Vous recevrez une confirmation instantan\u00e9e de votre r\u00e9servation par e-mail.<\/p>\n<p data-start=\"2615\" data-end=\"2734\">How much is a transfer from Verbier to Geneva ?<br data-start=\"2662\" data-end=\"2665\" \/>Prix des transferts priv\u00e9s de Verbier \u00e0 Gen\u00e8ve \u00e0 partir de 650 CHF.<\/p>\n<h2 data-start=\"2638\" data-end=\"2670\">Transfert de Verbier \u00e0 Gen\u00e8ve<\/h2>\n<p data-start=\"2736\" data-end=\"2839\">How Far is a transfer from Verbier to Geneva ?<br data-start=\"2782\" data-end=\"2785\" \/>Temps des transferts priv\u00e9s de Verbier \u00e0 Gen\u00e8ve 1h50<\/p>\n<p data-start=\"2841\" data-end=\"2949\">How long the transfer from Verbier to Geneva ?<br data-start=\"2887\" data-end=\"2890\" \/>Distance des transferts priv\u00e9s de Verbier \u00e0 Gen\u00e8ve 165 KM<\/p>\n<p data-start=\"2951\" data-end=\"3459\">Tous nos transferts priv\u00e9s VIP vers Verbier (service limousine) chez Geneva Ways disposent de v\u00e9hicules \u00e9quip\u00e9s pour la neige et d\u2019une assistance client 24\/7 pour toute question concernant votre transfert vers Verbier. Pr\u00e9-r\u00e9servez (r\u00e9servation en ligne) pour voyager l\u2019esprit tranquille et profiter du confort de notre service limousine de confiance. R\u00e9servation simple et fiable, vous recevrez une confirmation instantan\u00e9e et voyagerez en toute s\u00e9curit\u00e9 en sachant que nous prenons soin de votre transfert.<\/p>\n<p data-start=\"3461\" data-end=\"4084\">Geneva Ways propose des services de transferts longue distance priv\u00e9s et professionnels ainsi que la location de voiture avec chauffeur (service limousine) dans la vall\u00e9e de Verbier. R\u00e9servez un transfert priv\u00e9 avec chauffeur ski vers Verbier (ponctuel, discret, fiable et courtois, nos chauffeurs bilingues sont pr\u00eats \u00e0 vous accueillir \u00e0 la montagne. Service VIP), enti\u00e8rement \u00e9quip\u00e9s de pneus neige par Geneva Ways. Laissez un chauffeur professionnellement form\u00e9 vous conduire dans le confort et le luxe avec suffisamment d\u2019espace pour vous, votre famille, vos amis ainsi que tout votre \u00e9quipement de ski et de snowboard.<\/p>\n<h2 data-start=\"3976\" data-end=\"4046\">R\u00e9server un transfert priv\u00e9 de Gen\u00e8ve \u00e0 Verbier en Mercedes E-Class<\/h2>\n<p data-start=\"4154\" data-end=\"4689\">Geneva Ways Limousine vous propose la Mercedes-Benz E-Class avec chauffeur priv\u00e9 \u00e0 Gen\u00e8ve et Verbier, id\u00e9ale pour tous les transferts priv\u00e9s de Gen\u00e8ve vers la montagne. \u00c0 votre arriv\u00e9e, le transfert depuis l\u2019a\u00e9roport de Gen\u00e8ve vers votre h\u00f4tel ou chalet \u00e0 Verbier est assur\u00e9. Nous proposons des transports priv\u00e9s de luxe longue distance en Suisse vers les Alpes, des navettes a\u00e9roport Gen\u00e8ve en E-Class, ainsi que des transferts professionnels et priv\u00e9s \u00e0 Gen\u00e8ve ou Verbier. Service limousine \u00e0 Gen\u00e8ve ou Verbier avec Mercedes E-Class.<\/p>\n<p data-start=\"4691\" data-end=\"5398\">Mercedes E-Class avec chauffeur priv\u00e9 \u00e0 Gen\u00e8ve ou Verbier. Geneva Ways Limousine. Votre alternative taxi Gen\u00e8ve-Verbier. Parfaitement adapt\u00e9e aux transferts priv\u00e9s de l\u2019a\u00e9roport de Gen\u00e8ve \u00e0 Verbier, aux circuits touristiques en Suisse et aux transferts entre Gen\u00e8ve et Verbier. \u00c9galement pour le service limousine \u00e0 Gen\u00e8ve et Verbier. Ce v\u00e9hicule est un favori du segment luxe interm\u00e9diaire avec chauffeur priv\u00e9 \u00e0 Gen\u00e8ve : berline noire 3 places combinant hautes performances et s\u00e9curit\u00e9 absolue. La E-Class est s\u00fbre et \u00e9l\u00e9gante pour les voyages d\u2019affaires. Son int\u00e9rieur en cuir confortable, la climatisation, le faible bruit en cabine et le Wi-Fi \u00e0 bord cr\u00e9ent une exp\u00e9rience de voyage en premi\u00e8re classe.<\/p>\n<h2 data-start=\"4914\" data-end=\"4982\">R\u00e9server un transfert VIP de Gen\u00e8ve \u00e0 Verbier en <a href=\"https:\/\/genevaways.com\/fr\/fleet\/mercedes-v-class\/\">Mercedes V-Class<\/a><\/h2>\n<p data-start=\"5473\" data-end=\"5593\">How much is a transfer from Geneva to Verbier with Van ?<br data-start=\"5529\" data-end=\"5532\" \/>Prix des transferts de Gen\u00e8ve \u00e0 Verbier \u00e0 partir de 660 CHF<\/p>\n<p data-start=\"5595\" data-end=\"5715\">How long the transfer from Geneva to Verbier with Van ?<br data-start=\"5650\" data-end=\"5653\" \/>Temps des transferts priv\u00e9s de Gen\u00e8ve \u00e0 Verbier 1h50 minutes<\/p>\n<p data-start=\"5717\" data-end=\"5834\">How Far is a transfer from Geneva to Verbier with Van ?<br data-start=\"5772\" data-end=\"5775\" \/>Distance des transferts priv\u00e9s de Gen\u00e8ve \u00e0 Verbier 160 km<\/p>\n<p data-start=\"5836\" data-end=\"6776\">Les transferts priv\u00e9s en <a href=\"https:\/\/genevaways.com\/fr\/fleet\/mercedes-v-class\/\">Mercedes V-Class<\/a> de Gen\u00e8ve \u00e0 Verbier sont parmi les plus demand\u00e9s, notamment pour les transferts priv\u00e9s avec Mercedes V-Class. Capable d\u2019accueillir jusqu\u2019\u00e0 7 passagers, l\u2019espace g\u00e9n\u00e9reux pour les bagages rend ces v\u00e9hicules plus s\u00fbrs gr\u00e2ce \u00e0 un grand coffre. La V-Class est le choix id\u00e9al pour les transferts ex\u00e9cutifs et de groupes d\u2019entreprise de Gen\u00e8ve \u00e0 Verbier, les \u00e9v\u00e9nements sp\u00e9ciaux et les roadshows. Transport familial de Gen\u00e8ve \u00e0 Verbier et \u00e9v\u00e9nements priv\u00e9s. Transferts a\u00e9roport Gen\u00e8ve et trajets longue distance vers la montagne. Con\u00e7ue avec des \u00e9quipements de s\u00e9curit\u00e9 prioritaires, la V-Class est l\u2019un des services limousine Geneva Ways avec voiture de luxe et chauffeur, combinant transport prestigieux et grand volume. Que vous soyez en famille ou en groupe, c\u2019est la solution parfaite pour vos d\u00e9placements ou transferts priv\u00e9s vers Verbier ou depuis l\u2019a\u00e9roport de Gen\u00e8ve dans toutes les directions.<\/p>\n<h2 data-start=\"5491\" data-end=\"5559\">R\u00e9server un transfert VIP de Gen\u00e8ve \u00e0 Verbier en Mercedes S-Class<\/h2>\n<p data-start=\"6851\" data-end=\"7876\">L\u2019une de nos gammes de v\u00e9hicules les plus populaires, la Mercedes S-Class pour les services de transport priv\u00e9 de Gen\u00e8ve \u00e0 Verbier ou limousine avec chauffeur priv\u00e9 \u00e0 Gen\u00e8ve et Verbier. Le choix \u00e9vident pour une limousine de luxe \u00e0 Gen\u00e8ve. De nombreux v\u00e9hicules de luxe actuels sont \u00e9l\u00e9gants \u00e0 l\u2019ext\u00e9rieur mais compromettent le confort et la s\u00e9curit\u00e9 \u00e0 l\u2019int\u00e9rieur. Ce n\u2019est pas le cas de la Mercedes S-Class, disponible comme limousine priv\u00e9e de prestige de Gen\u00e8ve \u00e0 Verbier. La S-Class offre un espace g\u00e9n\u00e9reux pour trois passagers avec bagages et comprend un \u00e9clairage LED doux et des si\u00e8ges en cuir luxueux permettant de profiter pleinement de vos trajets. En tant que voyageur d\u2019affaires, la Mercedes S-Class offre la possibilit\u00e9 de se concentrer et de se pr\u00e9parer pour votre s\u00e9jour dans les Alpes dans une confidentialit\u00e9 confortable in\u00e9gal\u00e9e. \u00c0 votre arriv\u00e9e \u00e0 destination dans votre limousine avec chauffeur de Gen\u00e8ve \u00e0 Verbier, l\u2019apparence ext\u00e9rieure de votre Mercedes S-Class renforcera votre image professionnelle.<\/p>\n<h2 data-start=\"6045\" data-end=\"6124\">R\u00e9server un transfert priv\u00e9 de Gen\u00e8ve \u00e0 Verbier en Minibus Mercedes Sprinter<\/h2>\n<p data-start=\"7956\" data-end=\"8081\">How much is a transfer from Geneva to Verbier with Minibus ?<br data-start=\"8016\" data-end=\"8019\" \/>Prix des transferts de Gen\u00e8ve \u00e0 Verbier \u00e0 partir de 1190 CHF<\/p>\n<p data-start=\"8083\" data-end=\"8207\">How long the transfer from Geneva to Verbier with Minibus ?<br data-start=\"8142\" data-end=\"8145\" \/>Temps des transferts priv\u00e9s de Gen\u00e8ve \u00e0 Verbier 2h25 minutes<\/p>\n<p data-start=\"8209\" data-end=\"8330\">How Far is a transfer from Geneva to Verbier with Minibus ?<br data-start=\"8268\" data-end=\"8271\" \/>Distance des transferts priv\u00e9s de Gen\u00e8ve \u00e0 Verbier 160 km<\/p>\n<p data-start=\"8332\" data-end=\"9454\">Le Mercedes Sprinter avec chauffeur priv\u00e9 \u00e0 Gen\u00e8ve est le choix \u00e9vident pour tous les grands groupes visitant la Suisse et souhaitant voyager ensemble dans le confort et le style de Gen\u00e8ve \u00e0 Verbier. Alors que les Sprinter \u00e9taient \u00e0 l\u2019origine con\u00e7us comme des v\u00e9hicules utilitaires de pointe, ce mod\u00e8le s\u2019est transform\u00e9 en le plus grand minibus de luxe au monde. Le Mercedes Sprinter \u00e0 Gen\u00e8ve est le mini-car de luxe ultime. Dot\u00e9 d\u2019un vaste coffre et d\u2019\u00e9quipements complets, il peut accueillir jusqu\u2019\u00e0 16 passagers, ce qui le rend id\u00e9al pour tous vos transferts priv\u00e9s VIP de Gen\u00e8ve \u00e0 Verbier. Sp\u00e9cialiste des voyages VIP en minibus \u00e0 Gen\u00e8ve ou Verbier, Geneva Ways Limousine vous propose un Sprinter de luxe avec chauffeur pour vos transferts priv\u00e9s vers Verbier. Si vous recherchez un minibus pratique pour transporter votre groupe ou votre famille, le Mercedes-Benz Sprinter avec chauffeur \u00e0 Gen\u00e8ve ou Verbier est le meilleur choix. Notre \u00e9quipe s\u2019assurera de fournir des services de transfert de qualit\u00e9 adapt\u00e9s \u00e0 vos besoins sp\u00e9cifiques. Nous saurons r\u00e9pondre \u00e0 vos attentes et vous offrir une exp\u00e9rience inoubliable.<\/p>\n<div class=\"flex flex-col text-sm pb-25\">\n<article class=\"text-token-text-primary w-full focus:outline-none [--shadow-height:45px] has-data-writing-block:pointer-events-none has-data-writing-block:-mt-(--shadow-height) has-data-writing-block:pt-(--shadow-height) [&amp;:has([data-writing-block])&gt;*]:pointer-events-auto [content-visibility:auto] supports-[content-visibility:auto]:[contain-intrinsic-size:auto_100lvh] scroll-mt-[calc(var(--header-height)+min(200px,max(70px,20svh)))]\" dir=\"auto\" tabindex=\"-1\" data-turn-id=\"09ddd829-9629-47d1-a059-a9fd384b3fea\" data-testid=\"conversation-turn-42\" data-scroll-anchor=\"true\" data-turn=\"assistant\">\n<div class=\"text-base my-auto mx-auto pb-10 [--thread-content-margin:--spacing(4)] @w-sm\/main:[--thread-content-margin:--spacing(6)] @w-lg\/main:[--thread-content-margin:--spacing(16)] px-(--thread-content-margin)\">\n<div class=\"[--thread-content-max-width:40rem] @w-lg\/main:[--thread-content-max-width:48rem] mx-auto max-w-(--thread-content-max-width) flex-1 group\/turn-messages focus-visible:outline-hidden relative flex w-full min-w-0 flex-col agent-turn\" tabindex=\"-1\">\n<div class=\"flex max-w-full flex-col grow\">\n<div class=\"min-h-8 text-message relative flex w-full flex-col items-end gap-2 text-start break-words whitespace-normal [.text-message+&amp;]:mt-1\" dir=\"auto\" data-message-author-role=\"assistant\" data-message-id=\"8cf0c085-bf4c-499b-9465-842716948400\" data-message-model-slug=\"gpt-5-2-thinking\">\n<div class=\"flex w-full flex-col gap-1 empty:hidden first:pt-[1px]\">\n<div class=\"markdown prose dark:prose-invert w-full wrap-break-word light markdown-new-styling\">\n<p data-start=\"6696\" data-end=\"7138\" data-is-last-node=\"\" data-is-only-node=\"\">Verbier est situ\u00e9e dans les Alpes valaisannes, et l\u2019une des villes les plus proches \u00e0 combiner facilement avec un s\u00e9jour \u00e0 la station est <a href=\"https:\/\/genevaways.com\/fr\/sion\/\"><strong data-start=\"6834\" data-end=\"6842\">Sion<\/strong><\/a>, capitale cantonale \u2014 pratique si vous voulez changer d\u2019ambiance entre deux journ\u00e9es de ski ou avant de repartir vers <span style=\"text-decoration: underline;\">Gen\u00e8ve<\/span>. Beaucoup de voyageurs associent l\u2019atmosph\u00e8re montagnarde de Verbier \u00e0 un passage \u00e0 Sion pour son centre historique et son caract\u00e8re valaisan. <a class=\"decorated-link\" href=\"https:\/\/siontourisme.ch\/en\/\" target=\"_new\" rel=\"noopener\" data-start=\"7111\" data-end=\"7138\" data-is-last-node=\"\">https:\/\/siontourisme.ch\/en\/<\/a><\/p>\n<\/div>\n<\/div>\n<\/div>\n<\/div>\n<\/div>\n<\/div>\n<\/article>\n<\/div>\n<div class=\"pointer-events-none h-px w-px absolute bottom-0\" aria-hidden=\"true\" data-edge=\"true\"><\/div>\n<\/div>\n<\/div>\n<\/div>\n<\/div>\n<div class=\"z-0 flex min-h-[46px] justify-start\"><\/div>\n<div class=\"mt-3 w-full empty:hidden\">\n<div class=\"text-center\"><\/div>\n<\/div>\n<\/div>\n<\/div>\n<\/article>\n<\/div>\n<div class=\"pointer-events-none h-px w-px absolute bottom-0\" aria-hidden=\"true\" data-edge=\"true\"><\/div>\n<p>[\/vc_column_text][\/vc_column][\/vc_row][vc_row][vc_column][vc_empty_space height=&#8221;70px&#8221;][\/vc_column][\/vc_row]<\/p>\n<\/div>","protected":false},"excerpt":{"rendered":"<p>[vc_row type=&#8221;full_width_section&#8221;][vc_column][vc_column_text] Transferts priv\u00e9s de l\u2019a\u00e9roport de Gen\u00e8ve vers Verbier Obtenez votre transfert priv\u00e9 vers Obtenez votre transfert priv\u00e9 vers Verbier depuis l\u2019a\u00e9roport de Gen\u00e8ve avec Geneva Limousine.Les transferts de Gen\u00e8ve \u00e0 Verbier peuvent \u00eatre r\u00e9serv\u00e9s facilement. Combien co\u00fbte un transfert de Gen\u00e8ve \u00e0 Verbier ?Prix des transferts de Gen\u00e8ve \u00e0 Verbier \u00e0 partir de<\/p>\n","protected":false},"author":4,"featured_media":0,"parent":0,"menu_order":0,"comment_status":"closed","ping_status":"closed","template":"","meta":{"footnotes":""},"class_list":["post-3879","page","type-page","status-publish","hentry"],"_links":{"self":[{"href":"https:\/\/genevaways.com\/fr\/wp-json\/wp\/v2\/pages\/3879","targetHints":{"allow":["GET"]}}],"collection":[{"href":"https:\/\/genevaways.com\/fr\/wp-json\/wp\/v2\/pages"}],"about":[{"href":"https:\/\/genevaways.com\/fr\/wp-json\/wp\/v2\/types\/page"}],"author":[{"embeddable":true,"href":"https:\/\/genevaways.com\/fr\/wp-json\/wp\/v2\/users\/4"}],"replies":[{"embeddable":true,"href":"https:\/\/genevaways.com\/fr\/wp-json\/wp\/v2\/comments?post=3879"}],"version-history":[{"count":17,"href":"https:\/\/genevaways.com\/fr\/wp-json\/wp\/v2\/pages\/3879\/revisions"}],"predecessor-version":[{"id":5802,"href":"https:\/\/genevaways.com\/fr\/wp-json\/wp\/v2\/pages\/3879\/revisions\/5802"}],"wp:attachment":[{"href":"https:\/\/genevaways.com\/fr\/wp-json\/wp\/v2\/media?parent=3879"}],"curies":[{"name":"wp","href":"https:\/\/api.w.org\/{rel}","templated":true}]}}