{"id":3881,"date":"2024-10-17T10:54:38","date_gmt":"2024-10-17T08:54:38","guid":{"rendered":"https:\/\/genevaways.com\/vevey\/"},"modified":"2026-01-31T04:51:35","modified_gmt":"2026-01-31T03:51:35","slug":"vevey","status":"publish","type":"page","link":"https:\/\/genevaways.com\/fr\/vevey\/","title":{"rendered":"Transfert de Geneve vers Vevey"},"content":{"rendered":"<div class=\"wpb-content-wrapper\"><p>[vc_row type=&#8221;full_width_section&#8221;][vc_column]<h3 class=\"center-title\">Transfert de Gen\u00e8ve \u00e0 Vevey<\/h3><div class=\"title-block2\"><\/div>[vc_column_text]<\/p>\n<div class=\"flex-shrink-0 flex flex-col relative items-end\">\n<div class=\"pt-0\">\n<div class=\"gizmo-bot-avatar flex h-8 w-8 items-center justify-center overflow-hidden rounded-full\">\n<div class=\"relative p-1 rounded-sm flex items-center justify-center bg-token-main-surface-primary text-token-text-primary h-8 w-8\">\n<p>&nbsp;<\/p>\n<h1>Transferts de luxe de l\u2019a\u00e9roport de Gen\u00e8ve \u00e0 Vevey avec Mercedes : votre passerelle vers le confort et l\u2019\u00e9l\u00e9gance<\/h1>\n<h3><img loading=\"lazy\" decoding=\"async\" width=\"1024\" height=\"275\" class=\"alignnone size-large wp-image-5391\" src=\"https:\/\/genevaways.com\/wp-content\/uploads\/2025\/05\/Private-Transrs-from-Geneva-to-1024x275.jpeg\" alt=\"Private Transfer from Geneva Airport to\" srcset=\"https:\/\/genevaways.com\/wp-content\/uploads\/2025\/05\/Private-Transrs-from-Geneva-to-1024x275.jpeg 1024w, https:\/\/genevaways.com\/wp-content\/uploads\/2025\/05\/Private-Transrs-from-Geneva-to-300x81.jpeg 300w, https:\/\/genevaways.com\/wp-content\/uploads\/2025\/05\/Private-Transrs-from-Geneva-to-768x206.jpeg 768w, https:\/\/genevaways.com\/wp-content\/uploads\/2025\/05\/Private-Transrs-from-Geneva-to-1536x412.jpeg 1536w, https:\/\/genevaways.com\/wp-content\/uploads\/2025\/05\/Private-Transrs-from-Geneva-to-2048x550.jpeg 2048w, https:\/\/genevaways.com\/wp-content\/uploads\/2025\/05\/Private-Transrs-from-Geneva-to-100x27.jpeg 100w\" sizes=\"auto, (max-width: 1024px) 100vw, 1024px\" \/><\/h3>\n<div class=\"flex flex-col text-sm pb-25\">\n<article class=\"text-token-text-primary w-full focus:outline-none [--shadow-height:45px] has-data-writing-block:pointer-events-none has-data-writing-block:-mt-(--shadow-height) has-data-writing-block:pt-(--shadow-height) [&amp;:has([data-writing-block])&gt;*]:pointer-events-auto scroll-mt-[calc(var(--header-height)+min(200px,max(70px,20svh)))]\" dir=\"auto\" tabindex=\"-1\" data-turn-id=\"067e6f2c-8c33-4bf9-b0d0-0fd707fc8d35\" data-testid=\"conversation-turn-44\" data-scroll-anchor=\"true\" data-turn=\"assistant\">\n<div class=\"text-base my-auto mx-auto pb-10 [--thread-content-margin:--spacing(4)] @w-sm\/main:[--thread-content-margin:--spacing(6)] @w-lg\/main:[--thread-content-margin:--spacing(16)] px-(--thread-content-margin)\">\n<div class=\"[--thread-content-max-width:40rem] @w-lg\/main:[--thread-content-max-width:48rem] mx-auto max-w-(--thread-content-max-width) flex-1 group\/turn-messages focus-visible:outline-hidden relative flex w-full min-w-0 flex-col agent-turn\" tabindex=\"-1\">\n<div class=\"flex max-w-full flex-col grow\">\n<div class=\"min-h-8 text-message relative flex w-full flex-col items-end gap-2 text-start break-words whitespace-normal [.text-message+&amp;]:mt-1\" dir=\"auto\" data-message-author-role=\"assistant\" data-message-id=\"97e6ddf4-af16-41b0-beb6-8a176588fc9d\" data-message-model-slug=\"gpt-5-2-thinking\">\n<div class=\"flex w-full flex-col gap-1 empty:hidden first:pt-[1px]\">\n<div class=\"markdown prose dark:prose-invert w-full wrap-break-word light markdown-new-styling\">\n<p data-start=\"180\" data-end=\"301\"><strong data-start=\"180\" data-end=\"230\">Combien co\u00fbte le transfert de Gen\u00e8ve \u00e0 Vevey ?<\/strong><br data-start=\"230\" data-end=\"233\" \/>Prix des transferts priv\u00e9s de Gen\u00e8ve \u00e0 Vevey \u00e0 partir de <strong data-start=\"290\" data-end=\"301\">280 CHF<\/strong><\/p>\n<p data-start=\"303\" data-end=\"426\"><strong data-start=\"303\" data-end=\"361\">Combien de temps dure le transfert de Gen\u00e8ve \u00e0 Vevey ?<\/strong><br data-start=\"361\" data-end=\"364\" \/>Dur\u00e9e des transferts priv\u00e9s de Gen\u00e8ve \u00e0 Vevey : <strong data-start=\"412\" data-end=\"426\">58 minutes<\/strong><\/p>\n<p data-start=\"428\" data-end=\"541\"><strong data-start=\"428\" data-end=\"478\">Quelle est la distance entre Gen\u00e8ve et Vevey ?<\/strong><br data-start=\"478\" data-end=\"481\" \/>Distance des transferts priv\u00e9s de Gen\u00e8ve \u00e0 Vevey : <strong data-start=\"532\" data-end=\"541\">88 km<\/strong><\/p>\n<p data-start=\"543\" data-end=\"1027\">L\u2019a\u00e9roport de Gen\u00e8ve est l\u2019un des principaux points d\u2019entr\u00e9e pour les voyageurs visitant la Suisse et les r\u00e9gions voisines. Que vous arriviez pour affaires ou pour le plaisir, le trajet de l\u2019a\u00e9roport de Gen\u00e8ve \u00e0 Vevey offre des vues \u00e0 couper le souffle et l\u2019occasion de profiter d\u2019une exp\u00e9rience de voyage premium. Pour ceux qui recherchent luxe et praticit\u00e9, notre <strong data-start=\"909\" data-end=\"976\">transfert de l<a href=\"https:\/\/www.gva.ch\/en\/\" target=\"_blank\" rel=\"noopener\">\u2019a\u00e9roport de Gen\u00e8ve<\/a> \u00e0 Vevey en v\u00e9hicules Mercedes<\/strong> garantit un trajet fluide, \u00e9l\u00e9gant et sans stress.<\/p>\n<hr data-start=\"1029\" data-end=\"1032\" \/>\n<h2 data-start=\"1034\" data-end=\"1125\">Transferts en Mercedes E-Class : \u00e9l\u00e9gance raffin\u00e9e pour voyageurs solo et professionnels<\/h2>\n<p data-start=\"1126\" data-end=\"1501\">Un <strong data-start=\"1129\" data-end=\"1194\">transfert de l\u2019a\u00e9roport de Gen\u00e8ve \u00e0 Vevey en Mercedes E-Class<\/strong> incarne la classe et la sophistication. Cette berline de luxe est reconnue pour son \u00e9quilibre parfait entre performance, confort et style. Id\u00e9ale pour les voyageurs seuls ou les professionnels, la E-Class offre des si\u00e8ges en cuir haut de gamme, une climatisation avanc\u00e9e et un int\u00e9rieur spacieux et soign\u00e9.<\/p>\n<p data-start=\"1503\" data-end=\"1550\"><strong data-start=\"1503\" data-end=\"1548\">Caract\u00e9ristiques de la Mercedes E-Class :<\/strong><\/p>\n<ul data-start=\"1551\" data-end=\"1779\">\n<li data-start=\"1551\" data-end=\"1605\">\n<p data-start=\"1553\" data-end=\"1605\">Sellerie en cuir luxueuse pour un confort maximal.<\/p>\n<\/li>\n<li data-start=\"1606\" data-end=\"1694\">\n<p data-start=\"1608\" data-end=\"1694\">Contr\u00f4le climatique avanc\u00e9 pour un environnement agr\u00e9able, quelle que soit la m\u00e9t\u00e9o.<\/p>\n<\/li>\n<li data-start=\"1695\" data-end=\"1779\">\n<p data-start=\"1697\" data-end=\"1779\">Syst\u00e8mes de navigation de derni\u00e8re g\u00e9n\u00e9ration pour un trajet ponctuel et efficace.<\/p>\n<\/li>\n<\/ul>\n<p data-start=\"1781\" data-end=\"2071\">Choisir un <strong data-start=\"1792\" data-end=\"1857\">transfert de l\u2019a\u00e9roport de Gen\u00e8ve \u00e0 Vevey en Mercedes E-Class<\/strong>, c\u2019est opter pour une solution de transport fiable, \u00e9l\u00e9gante et haut de gamme. Que vous vous rendiez \u00e0 un rendez-vous professionnel ou que vous commenciez des vacances, la E-Class est un choix parfaitement adapt\u00e9.<\/p>\n<hr data-start=\"2073\" data-end=\"2076\" \/>\n<h2 data-start=\"2078\" data-end=\"2143\">Mercedes Vans : spacieux et pratiques pour familles et groupes<\/h2>\n<p data-start=\"2144\" data-end=\"2492\">Voyager en famille ou en groupe peut \u00eatre compliqu\u00e9, surtout avec les bagages et la gestion de l\u2019espace. Notre <strong data-start=\"2255\" data-end=\"2316\">transfert de l\u2019a\u00e9roport de Gen\u00e8ve \u00e0 Vevey en Mercedes Van<\/strong> offre une solution \u00e0 la fois pratique et luxueuse. Ces v\u00e9hicules sont con\u00e7us pour accueillir plusieurs passagers confortablement, afin que chacun profite d\u2019un trajet agr\u00e9able.<\/p>\n<p data-start=\"2494\" data-end=\"2529\"><strong data-start=\"2494\" data-end=\"2527\">Avantages d\u2019un Mercedes Van :<\/strong><\/p>\n<ul data-start=\"2530\" data-end=\"2734\">\n<li data-start=\"2530\" data-end=\"2582\">\n<p data-start=\"2532\" data-end=\"2582\">Grande capacit\u00e9 d\u2019accueil : jusqu\u2019\u00e0 8 passagers.<\/p>\n<\/li>\n<li data-start=\"2583\" data-end=\"2661\">\n<p data-start=\"2585\" data-end=\"2661\">Large espace bagages, id\u00e9al pour les longs s\u00e9jours ou l\u2019\u00e9quipement de ski.<\/p>\n<\/li>\n<li data-start=\"2662\" data-end=\"2734\">\n<p data-start=\"2664\" data-end=\"2734\">Syst\u00e8me de divertissement moderne pour rendre le trajet plus agr\u00e9able.<\/p>\n<\/li>\n<\/ul>\n<p data-start=\"2736\" data-end=\"2922\">Que vous soyez entre amis pour un s\u00e9jour \u00e0 la montagne ou en famille pour d\u00e9couvrir le charme de Vevey, un <strong data-start=\"2843\" data-end=\"2872\">transfert en <a href=\"https:\/\/genevaways.com\/fr\/fleet\/mercedes-v-class\/\">Mercedes Van<\/a><\/strong> combine parfaitement praticit\u00e9 et sophistication.<\/p>\n<hr data-start=\"2924\" data-end=\"2927\" \/>\n<h2 data-start=\"2929\" data-end=\"3001\">Transferts en <a href=\"https:\/\/genevaways.com\/fr\/fleet\/mercedes-v-class\/\">Mercedes V-Class<\/a> : luxe sophistiqu\u00e9 pour petits groupes<\/h2>\n<p data-start=\"3002\" data-end=\"3139\"><strong data-start=\"3002\" data-end=\"3059\">Combien co\u00fbte le transfert de Gen\u00e8ve \u00e0 Vevey en Van ?<\/strong><br data-start=\"3059\" data-end=\"3062\" \/>Prix des transferts priv\u00e9s de Gen\u00e8ve \u00e0 Vevey en Van \u00e0 partir de <strong data-start=\"3126\" data-end=\"3137\">280 CHF<\/strong><\/p>\n<p data-start=\"3141\" data-end=\"3233\"><strong data-start=\"3141\" data-end=\"3206\">Combien de temps dure le transfert de Gen\u00e8ve \u00e0 Vevey en Van ?<\/strong><br data-start=\"3206\" data-end=\"3209\" \/>Dur\u00e9e : <strong data-start=\"3217\" data-end=\"3231\">58 minutes<\/strong><\/p>\n<p data-start=\"3235\" data-end=\"3315\"><strong data-start=\"3235\" data-end=\"3292\">Quelle est la distance entre Gen\u00e8ve et Vevey en Van ?<\/strong><br data-start=\"3292\" data-end=\"3295\" \/>Distance : <strong data-start=\"3306\" data-end=\"3315\">88 km<\/strong><\/p>\n<p data-start=\"3317\" data-end=\"3559\">Si vous cherchez le juste \u00e9quilibre entre luxe et espace, choisissez notre <strong data-start=\"3392\" data-end=\"3457\">transfert de l\u2019a\u00e9roport de Gen\u00e8ve \u00e0 Vevey en Mercedes V-Class<\/strong>. La V-Class est une option sup\u00e9rieure pour ceux qui veulent un v\u00e9hicule aussi fonctionnel qu\u2019\u00e9l\u00e9gant.<\/p>\n<p data-start=\"3561\" data-end=\"3604\"><strong data-start=\"3561\" data-end=\"3602\">Points forts de la Mercedes V-Class :<\/strong><\/p>\n<ul data-start=\"3605\" data-end=\"3826\">\n<li data-start=\"3605\" data-end=\"3653\">\n<p data-start=\"3607\" data-end=\"3653\">Configuration modulable jusqu\u2019\u00e0 7 passagers.<\/p>\n<\/li>\n<li data-start=\"3654\" data-end=\"3734\">\n<p data-start=\"3656\" data-end=\"3734\">\u00c9clairage d\u2019ambiance et finitions premium pour une exp\u00e9rience haut de gamme.<\/p>\n<\/li>\n<li data-start=\"3735\" data-end=\"3826\">\n<p data-start=\"3737\" data-end=\"3826\">Portes coulissantes pour une entr\u00e9e\/sortie facile, tr\u00e8s pratique avec enfants ou seniors.<\/p>\n<\/li>\n<\/ul>\n<p data-start=\"3828\" data-end=\"4078\">Un <strong data-start=\"3831\" data-end=\"3864\">transfert en Mercedes V-Class<\/strong> est id\u00e9al pour les \u00e9quipes, les familles ou les petits groupes qui privil\u00e9gient confort et esth\u00e9tique. Que ce soit pour un accueil \u00e0 l\u2019a\u00e9roport ou un itin\u00e9raire sur mesure, la V-Class est faite pour impressionner.<\/p>\n<hr data-start=\"4080\" data-end=\"4083\" \/>\n<h2 data-start=\"4085\" data-end=\"4156\">Transferts en Mercedes S-Class : le sommet du luxe et du raffinement<\/h2>\n<p data-start=\"4157\" data-end=\"4375\">Avec un <strong data-start=\"4165\" data-end=\"4230\">transfert de l\u2019a\u00e9roport de Gen\u00e8ve \u00e0 Vevey en Mercedes S-Class<\/strong>, vous choisissez une exp\u00e9rience premi\u00e8re classe sur route. Cette berline prestigieuse s\u2019adresse \u00e0 ceux qui exigent l\u2019excellence \u00e0 chaque d\u00e9tail.<\/p>\n<p data-start=\"4377\" data-end=\"4417\"><strong data-start=\"4377\" data-end=\"4415\">Avantages de la Mercedes S-Class :<\/strong><\/p>\n<ul data-start=\"4418\" data-end=\"4622\">\n<li data-start=\"4418\" data-end=\"4486\">\n<p data-start=\"4420\" data-end=\"4486\">Luxe incomparable avec un int\u00e9rieur en cuir travaill\u00e9 avec soin.<\/p>\n<\/li>\n<li data-start=\"4487\" data-end=\"4557\">\n<p data-start=\"4489\" data-end=\"4557\">Technologie d\u2019insonorisation pour une atmosph\u00e8re calme et sereine.<\/p>\n<\/li>\n<li data-start=\"4558\" data-end=\"4622\">\n<p data-start=\"4560\" data-end=\"4622\">Suspension exceptionnelle pour un confort de conduite maximal.<\/p>\n<\/li>\n<\/ul>\n<p data-start=\"4624\" data-end=\"4785\">Que vous alliez \u00e0 un \u00e9v\u00e9nement important ou que vous souhaitiez simplement voyager avec style, la S-Class garantit un niveau de raffinement au-del\u00e0 des attentes.<\/p>\n<hr data-start=\"4787\" data-end=\"4790\" \/>\n<h2 data-start=\"4792\" data-end=\"4834\">Mercedes Maybach : l\u2019ultime exclusivit\u00e9<\/h2>\n<p data-start=\"4835\" data-end=\"5071\">Pour ceux qui souhaitent le maximum du luxe, notre <strong data-start=\"4886\" data-end=\"4951\">transfert de l\u2019a\u00e9roport de Gen\u00e8ve \u00e0 Vevey en Mercedes Maybach<\/strong> est la r\u00e9ponse. La Maybach combine artisanat, technologie avanc\u00e9e et exclusivit\u00e9 \u2014 un choix privil\u00e9gi\u00e9 des clients VIP.<\/p>\n<p data-start=\"5073\" data-end=\"5117\"><strong data-start=\"5073\" data-end=\"5115\">Pourquoi choisir la Mercedes Maybach ?<\/strong><\/p>\n<ul data-start=\"5118\" data-end=\"5363\">\n<li data-start=\"5118\" data-end=\"5194\">\n<p data-start=\"5120\" data-end=\"5194\">Si\u00e8ges arri\u00e8re inclinables avec fonction massage pour un confort absolu.<\/p>\n<\/li>\n<li data-start=\"5195\" data-end=\"5279\">\n<p data-start=\"5197\" data-end=\"5279\">Syst\u00e8me audio premium et \u00e9clairage d\u2019ambiance pour une atmosph\u00e8re personnalis\u00e9e.<\/p>\n<\/li>\n<li data-start=\"5280\" data-end=\"5363\">\n<p data-start=\"5282\" data-end=\"5363\">Chauffeurs form\u00e9s aux plus hauts standards de discr\u00e9tion et de professionnalisme.<\/p>\n<\/li>\n<\/ul>\n<p data-start=\"5365\" data-end=\"5536\">Un <strong data-start=\"5368\" data-end=\"5401\">transfert en Mercedes Maybach<\/strong> n\u2019est pas seulement un trajet : c\u2019est une d\u00e9claration d\u2019\u00e9l\u00e9gance, offrant une exp\u00e9rience inoubliable aux passagers les plus exigeants.<\/p>\n<hr data-start=\"5538\" data-end=\"5541\" \/>\n<h2 data-start=\"5543\" data-end=\"5600\">Minibus Mercedes 16 places : id\u00e9al pour grands groupes<\/h2>\n<p data-start=\"5601\" data-end=\"5892\">Vous voyagez en grand groupe ? Notre <strong data-start=\"5638\" data-end=\"5713\">transfert de l\u2019a\u00e9roport de Gen\u00e8ve \u00e0 Vevey en minibus Mercedes 16 places<\/strong> offre espace et confort pour tous. Parfait pour les visites guid\u00e9es, \u00e9v\u00e9nements d\u2019entreprise ou grandes vacances en famille, ce minibus permet de voyager ensemble sans compromis.<\/p>\n<p data-start=\"5894\" data-end=\"5938\"><strong data-start=\"5894\" data-end=\"5936\">Caract\u00e9ristiques du minibus Mercedes :<\/strong><\/p>\n<ul data-start=\"5939\" data-end=\"6089\">\n<li data-start=\"5939\" data-end=\"5984\">\n<p data-start=\"5941\" data-end=\"5984\">Si\u00e8ges confortables jusqu\u2019\u00e0 16 passagers.<\/p>\n<\/li>\n<li data-start=\"5985\" data-end=\"6030\">\n<p data-start=\"5987\" data-end=\"6030\">Espace d\u00e9di\u00e9 pour bagages et \u00e9quipements.<\/p>\n<\/li>\n<li data-start=\"6031\" data-end=\"6089\">\n<p data-start=\"6033\" data-end=\"6089\">Int\u00e9rieur enti\u00e8rement climatis\u00e9 pour un confort optimal.<\/p>\n<\/li>\n<\/ul>\n<p data-start=\"6091\" data-end=\"6205\">En choisissant un <strong data-start=\"6109\" data-end=\"6139\">minibus Mercedes 16 places<\/strong>, votre groupe reste r\u00e9uni tout en profitant d\u2019un service premium.<\/p>\n<hr data-start=\"6207\" data-end=\"6210\" \/>\n<h2 data-start=\"6212\" data-end=\"6257\">Pourquoi choisir nos transferts Mercedes ?<\/h2>\n<ul data-start=\"6258\" data-end=\"6652\">\n<li data-start=\"6258\" data-end=\"6344\">\n<p data-start=\"6260\" data-end=\"6344\"><strong data-start=\"6260\" data-end=\"6275\">Fiabilit\u00e9 :<\/strong> chauffeurs professionnels, ponctualit\u00e9 et s\u00e9curit\u00e9 \u00e0 chaque \u00e9tape.<\/p>\n<\/li>\n<li data-start=\"6345\" data-end=\"6425\">\n<p data-start=\"6347\" data-end=\"6425\"><strong data-start=\"6347\" data-end=\"6360\">Confort :<\/strong> \u00e9quipements haut de gamme, de la E-Class au minibus 16 places.<\/p>\n<\/li>\n<li data-start=\"6426\" data-end=\"6524\">\n<p data-start=\"6428\" data-end=\"6524\"><strong data-start=\"6428\" data-end=\"6450\">Personnalisation :<\/strong> transfert a\u00e9roport simple ou chauffeur \u00e0 la journ\u00e9e, selon vos besoins.<\/p>\n<\/li>\n<li data-start=\"6525\" data-end=\"6652\">\n<p data-start=\"6527\" data-end=\"6652\"><strong data-start=\"6527\" data-end=\"6552\">Connaissance locale :<\/strong> chauffeurs connaissant parfaitement Gen\u00e8ve et la r\u00e9gion de Vevey pour un trajet fluide et agr\u00e9able.<\/p>\n<\/li>\n<\/ul>\n<hr data-start=\"6654\" data-end=\"6657\" \/>\n<h2 data-start=\"6659\" data-end=\"6703\">Que faire \u00e0 Vevey apr\u00e8s votre transfert ?<\/h2>\n<p data-start=\"6704\" data-end=\"6831\">Apr\u00e8s votre <strong data-start=\"6716\" data-end=\"6761\">transfert de l\u2019a\u00e9roport de Gen\u00e8ve \u00e0 Vevey<\/strong>, d\u00e9couvrez quelques incontournables de cette charmante ville suisse :<\/p>\n<ul data-start=\"6833\" data-end=\"7149\">\n<li data-start=\"6833\" data-end=\"6948\">\n<p data-start=\"6835\" data-end=\"6948\"><strong data-start=\"6835\" data-end=\"6859\">Mus\u00e9e Alimentarium :<\/strong> plongez dans l\u2019histoire de l\u2019alimentation et de la nutrition dans un mus\u00e9e interactif.<\/p>\n<\/li>\n<li data-start=\"6949\" data-end=\"7052\">\n<p data-start=\"6951\" data-end=\"7052\"><strong data-start=\"6951\" data-end=\"6978\">Mus\u00e9e Charlie Chaplin :<\/strong> d\u00e9couvrez la vie et l\u2019\u0153uvre de l\u2019un des plus grands artistes du cin\u00e9ma.<\/p>\n<\/li>\n<li data-start=\"7053\" data-end=\"7149\">\n<p data-start=\"7055\" data-end=\"7149\"><strong data-start=\"7055\" data-end=\"7083\">Promenade du lac L\u00e9man :<\/strong> baladez-vous au bord du lac avec une vue splendide sur les Alpes.<\/p>\n<\/li>\n<\/ul>\n<p data-start=\"7151\" data-end=\"7279\">Que vous soyez ici pour affaires ou pour le loisir, Vevey offre un m\u00e9lange d\u2019attractions culturelles, historiques et naturelles.<\/p>\n<p data-start=\"7281\" data-end=\"7875\">Vevey est situ\u00e9e directement au bord du lac L\u00e9man et se combine facilement avec<a href=\"https:\/\/genevaways.com\/fr\/montreux\/\"><span style=\"text-decoration: underline;\"> <strong data-start=\"7361\" data-end=\"7373\">Montreux<\/strong><\/span><\/a>, l\u2019une des villes voisines les plus naturelles \u00e0 ajouter \u00e0 un s\u00e9jour \u00e0 Vevey sur le m\u00eame rivage. Beaucoup de voyageurs associent la promenade paisible et les pauses culturelles de Vevey \u00e0 l\u2019ambiance plus anim\u00e9e de la Riviera de Montreux \u2014 id\u00e9ale pour une marche au bord de l\u2019eau, des points de vue lacustres avec les Alpes en toile de fond, et le fameux \u00ab esprit Riviera suisse \u00bb \u2014 une extension simple et sans effort, parfaitement coh\u00e9rente dans le m\u00eame itin\u00e9raire. <a class=\"decorated-link\" href=\"https:\/\/www.montreuxriviera.com\/en\" target=\"_new\" rel=\"noopener\" data-start=\"7841\" data-end=\"7875\">https:\/\/www.montreuxriviera.com\/en<\/a><\/p>\n<hr data-start=\"7877\" data-end=\"7880\" \/>\n<h2 data-start=\"7882\" data-end=\"7941\">R\u00e9server votre transfert de l\u2019a\u00e9roport de Gen\u00e8ve \u00e0 Vevey<\/h2>\n<p data-start=\"7942\" data-end=\"8146\">R\u00e9server votre <strong data-start=\"7957\" data-end=\"8014\">transfert de l\u2019a\u00e9roport de Gen\u00e8ve \u00e0 Vevey en Mercedes<\/strong> est rapide et simple. Notre \u00e9quipe est disponible 24\/7 pour vous aider et s\u2019assurer que chaque d\u00e9tail correspond \u00e0 vos pr\u00e9f\u00e9rences.<\/p>\n<p data-start=\"8148\" data-end=\"8172\"><strong data-start=\"8148\" data-end=\"8170\">Comment r\u00e9server :<\/strong><\/p>\n<ul data-start=\"8173\" data-end=\"8501\">\n<li data-start=\"8173\" data-end=\"8288\">\n<p data-start=\"8175\" data-end=\"8288\"><strong data-start=\"8175\" data-end=\"8201\">R\u00e9servation en ligne :<\/strong> visitez notre site web, choisissez votre v\u00e9hicule et indiquez vos d\u00e9tails de voyage.<\/p>\n<\/li>\n<li data-start=\"8289\" data-end=\"8375\">\n<p data-start=\"8291\" data-end=\"8375\"><strong data-start=\"8291\" data-end=\"8311\">Service client :<\/strong> appelez notre ligne d\u00e9di\u00e9e pour une assistance personnalis\u00e9e.<\/p>\n<\/li>\n<li data-start=\"8376\" data-end=\"8501\">\n<p data-start=\"8378\" data-end=\"8501\"><strong data-start=\"8378\" data-end=\"8411\">Demandes de derni\u00e8re minute :<\/strong> nous acceptons aussi les r\u00e9servations le jour m\u00eame, selon la disponibilit\u00e9 des v\u00e9hicules.<\/p>\n<\/li>\n<\/ul>\n<hr data-start=\"8503\" data-end=\"8506\" \/>\n<h2 data-start=\"8508\" data-end=\"8552\">Conclusion : un trajet fluide en Mercedes<\/h2>\n<p data-start=\"8553\" data-end=\"8870\">Votre trajet de l\u2019a\u00e9roport de Gen\u00e8ve \u00e0 Vevey m\u00e9rite d\u2019\u00eatre aussi luxueux et confortable que possible. Que vous choisissiez l\u2019\u00e9l\u00e9gance d\u2019une <strong data-start=\"8693\" data-end=\"8713\">Mercedes E-Class<\/strong>, l\u2019espace d\u2019un <strong data-start=\"8729\" data-end=\"8745\">Mercedes Van<\/strong>, ou l\u2019exclusivit\u00e9 d\u2019une <strong data-start=\"8770\" data-end=\"8790\">Mercedes Maybach<\/strong>, nous nous engageons \u00e0 offrir une exp\u00e9rience de voyage au-dessus des standards.<\/p>\n<p data-start=\"8872\" data-end=\"9095\" data-is-last-node=\"\" data-is-only-node=\"\">Choisissez notre <strong data-start=\"8889\" data-end=\"8946\">transfert de l\u2019a\u00e9roport de Gen\u00e8ve \u00e0 Vevey en Mercedes<\/strong> pour un trajet d\u00e9fini par le luxe, la fiabilit\u00e9 et un service irr\u00e9prochable. Laissez-nous transformer votre d\u00e9placement en une exp\u00e9rience m\u00e9morable.<\/p>\n<\/div>\n<\/div>\n<\/div>\n<\/div>\n<\/div>\n<\/div>\n<\/article>\n<\/div>\n<div class=\"pointer-events-none h-px w-px absolute bottom-0\" aria-hidden=\"true\" data-edge=\"true\"><\/div>\n<\/div>\n<\/div>\n<\/div>\n<\/div>\n<p>[\/vc_column_text][\/vc_column][\/vc_row][vc_row][vc_column][vc_empty_space height=&#8221;70px&#8221;][\/vc_column][\/vc_row]<\/p>\n<\/div>","protected":false},"excerpt":{"rendered":"<p>[vc_row type=&#8221;full_width_section&#8221;][vc_column][vc_column_text] &nbsp; Transferts de luxe de l\u2019a\u00e9roport de Gen\u00e8ve \u00e0 Vevey avec Mercedes : votre passerelle vers le confort et l\u2019\u00e9l\u00e9gance Combien co\u00fbte le transfert de Gen\u00e8ve \u00e0 Vevey ?Prix des transferts priv\u00e9s de Gen\u00e8ve \u00e0 Vevey \u00e0 partir de 280 CHF Combien de temps dure le transfert de Gen\u00e8ve \u00e0 Vevey ?Dur\u00e9e des<\/p>\n","protected":false},"author":4,"featured_media":0,"parent":0,"menu_order":0,"comment_status":"closed","ping_status":"closed","template":"","meta":{"footnotes":""},"class_list":["post-3881","page","type-page","status-publish","hentry"],"_links":{"self":[{"href":"https:\/\/genevaways.com\/fr\/wp-json\/wp\/v2\/pages\/3881","targetHints":{"allow":["GET"]}}],"collection":[{"href":"https:\/\/genevaways.com\/fr\/wp-json\/wp\/v2\/pages"}],"about":[{"href":"https:\/\/genevaways.com\/fr\/wp-json\/wp\/v2\/types\/page"}],"author":[{"embeddable":true,"href":"https:\/\/genevaways.com\/fr\/wp-json\/wp\/v2\/users\/4"}],"replies":[{"embeddable":true,"href":"https:\/\/genevaways.com\/fr\/wp-json\/wp\/v2\/comments?post=3881"}],"version-history":[{"count":17,"href":"https:\/\/genevaways.com\/fr\/wp-json\/wp\/v2\/pages\/3881\/revisions"}],"predecessor-version":[{"id":7157,"href":"https:\/\/genevaways.com\/fr\/wp-json\/wp\/v2\/pages\/3881\/revisions\/7157"}],"wp:attachment":[{"href":"https:\/\/genevaways.com\/fr\/wp-json\/wp\/v2\/media?parent=3881"}],"curies":[{"name":"wp","href":"https:\/\/api.w.org\/{rel}","templated":true}]}}