{"id":3885,"date":"2024-10-17T10:54:23","date_gmt":"2024-10-17T08:54:23","guid":{"rendered":"https:\/\/genevaways.com\/zermatt\/"},"modified":"2026-01-31T04:54:28","modified_gmt":"2026-01-31T03:54:28","slug":"zermatt","status":"publish","type":"page","link":"https:\/\/genevaways.com\/fr\/zermatt\/","title":{"rendered":"Transfer de Geneva vers Zermatt"},"content":{"rendered":"<div class=\"wpb-content-wrapper\"><p>[vc_row type=&#8221;full_width_section&#8221;][vc_column]<h3 class=\"center-title\">Transfert de Gen\u00e8ve \u00e0 Zermatt<br \/>\n<\/h3><div class=\"title-block2\"><\/div>[vc_column_text]<\/p>\n<h3 data-start=\"0\" data-end=\"87\">Transferts priv\u00e9s de l\u2019a\u00e9roport de Gen\u00e8ve vers Zermatt .<\/h3>\n<p><span style=\"font-size: medium;\"><img loading=\"lazy\" decoding=\"async\" width=\"1024\" height=\"275\" class=\"alignnone size-large wp-image-5391\" src=\"https:\/\/genevaways.com\/wp-content\/uploads\/2025\/05\/Private-Transrs-from-Geneva-to-1024x275.jpeg\" alt=\"Private Transfer from Geneva Airport to\" srcset=\"https:\/\/genevaways.com\/wp-content\/uploads\/2025\/05\/Private-Transrs-from-Geneva-to-1024x275.jpeg 1024w, https:\/\/genevaways.com\/wp-content\/uploads\/2025\/05\/Private-Transrs-from-Geneva-to-300x81.jpeg 300w, https:\/\/genevaways.com\/wp-content\/uploads\/2025\/05\/Private-Transrs-from-Geneva-to-768x206.jpeg 768w, https:\/\/genevaways.com\/wp-content\/uploads\/2025\/05\/Private-Transrs-from-Geneva-to-1536x412.jpeg 1536w, https:\/\/genevaways.com\/wp-content\/uploads\/2025\/05\/Private-Transrs-from-Geneva-to-2048x550.jpeg 2048w, https:\/\/genevaways.com\/wp-content\/uploads\/2025\/05\/Private-Transrs-from-Geneva-to-100x27.jpeg 100w\" sizes=\"auto, (max-width: 1024px) 100vw, 1024px\" \/><\/span><\/p>\n<hr data-start=\"74\" data-end=\"77\" \/>\n<h3 data-start=\"79\" data-end=\"154\">Transfert priv\u00e9 de <a href=\"https:\/\/www.gva.ch\/en\" target=\"_blank\" rel=\"noopener\">l\u2019a\u00e9roport<\/a> de Gen\u00e8ve \u00e0 Zermatt avec Geneva Limousine<\/h3>\n<p data-start=\"91\" data-end=\"215\">Transfert de Gen\u00e8ve \u00e0 ChamonixObtenez votre transfert priv\u00e9 vers Zermatt depuis l\u2019a\u00e9roport de Gen\u00e8ve avec Geneva Limousine .<\/p>\n<p data-start=\"219\" data-end=\"288\">Les transferts de Gen\u00e8ve \u00e0 Zermatt peuvent \u00eatre r\u00e9serv\u00e9s facilement .<\/p>\n<p data-start=\"292\" data-end=\"650\">Combien co\u00fbte un transfert de Gen\u00e8ve \u00e0 Zermatt ?<br \/>\nPrix des transferts priv\u00e9s de Gen\u00e8ve \u00e0 Zermatt \u00e0 partir de 790 CHF<br \/>\nCombien de temps dure le transfert de Gen\u00e8ve \u00e0 Zermatt ?<br \/>\nTemps des transferts priv\u00e9s de Gen\u00e8ve \u00e0 Zermatt 2h50 minutes<br \/>\nQuelle est la distance d\u2019un transfert de Gen\u00e8ve \u00e0 Zermatt ?<br \/>\nDistance des transferts priv\u00e9s de Gen\u00e8ve \u00e0 Zermatt 230 km<\/p>\n<p data-start=\"654\" data-end=\"718\">Avantages d\u2019utiliser nos transferts priv\u00e9s de Gen\u00e8ve \u00e0 Zermatt :<\/p>\n<p data-start=\"722\" data-end=\"1690\">1- Wi-Fi gratuit. 2 bouteilles d\u2019eau gratuites.mouchoir rafra\u00eechissant. transports suisses de luxe .<br \/>\n2- Devis gratuit . Prix fixes et transparents . Porte-\u00e0-porte . S\u00fbr &amp; fiable .<br \/>\n3- Annulation gratuite &amp; Disponible 24\/7. Assistance par t\u00e9l\u00e9phone ou SMS &amp; E-mail .<br \/>\n4- Temps d\u2019attente gratuit d\u20191 heure pour les transferts de l\u2019a\u00e9roport de Gen\u00e8ve vers Zermatt .<br \/>\n5- Entreprise suisse officielle . Bas\u00e9e \u00e0 Gen\u00e8ve pr\u00e8s de l\u2019a\u00e9roport de Gen\u00e8ve .<br \/>\n6- Le chauffeur vous accueillera \u00e0 l\u2019a\u00e9roport de Gen\u00e8ve avec une pancarte \u00e0 votre nom .<br \/>\n7- Service de haute qualit\u00e9. Ponctualit\u00e9. Excellents avis. Prix fixes. S\u00e9curit\u00e9 .<br \/>\n8- Commande en ligne rapide . En seulement 3 clics obtenez votre voiture avec chauffeur \u00e0 Gen\u00e8ve .<br \/>\n9- Nos chauffeurs \u00e0 l\u2019a\u00e9roport de Gen\u00e8ve porteront les bagages \u00e0 votre place .<br \/>\n10- Nos tarifs sont fixes &amp; garantis incluent autoroute. Frais. Taxes. Parking .<br \/>\n11-Chauffeurs exp\u00e9riment\u00e9s. parlent bien anglais bien form\u00e9s Respectent votre vie priv\u00e9e.<\/p>\n<hr data-start=\"645\" data-end=\"648\" \/>\n<table>\n<thead>\n<tr>\n<th>Type de v\u00e9hicule<\/th>\n<th>Capacit\u00e9<\/th>\n<th>Prix (CHF)<\/th>\n<th>Transfer from Geneva to Zermatt<\/th>\n<\/tr>\n<\/thead>\n<tbody>\n<tr>\n<td>Mercedes Classe E<\/td>\n<td style=\"text-align: center;\">3 passagers<\/td>\n<td style=\"text-align: center;\">760 CHF<\/td>\n<td>Dur\u00e9e du trajet : env. 3h. Accueil et prise en charge \u00e0 l\u2019a\u00e9roport.<\/td>\n<\/tr>\n<tr>\n<td>Mercedes Classe V<\/td>\n<td style=\"text-align: center;\">\u00a07 passagers<\/td>\n<td style=\"text-align: center;\">880 CHF<\/td>\n<td>Id\u00e9al pour les familles ou petits groupes. Bagages inclus.<\/td>\n<\/tr>\n<tr>\n<td>Mercedes Classe S<\/td>\n<td style=\"text-align: center;\">3 passagers<\/td>\n<td style=\"text-align: center;\">990 CHF<\/td>\n<td>Confort et luxe maximum. Accueil VIP \u00e0 l\u2019a\u00e9roport.<\/td>\n<\/tr>\n<tr>\n<td>Minibus (16 places)<\/td>\n<td style=\"text-align: center;\">16 passagers<\/td>\n<td style=\"text-align: center;\">1480\u00a0 CHF<\/td>\n<td>Parfait pour les grands groupes touristiques. Tous les passagers et bagages inclus.<\/td>\n<\/tr>\n<\/tbody>\n<\/table>\n<p>&nbsp;<\/p>\n<hr \/>\n<div class=\"flex flex-col text-sm pb-25\">\n<article class=\"text-token-text-primary w-full focus:outline-none [--shadow-height:45px] has-data-writing-block:pointer-events-none has-data-writing-block:-mt-(--shadow-height) has-data-writing-block:pt-(--shadow-height) [&amp;:has([data-writing-block])&gt;*]:pointer-events-auto scroll-mt-[calc(var(--header-height)+min(200px,max(70px,20svh)))]\" dir=\"auto\" tabindex=\"-1\" data-turn-id=\"request-6979ab33-ed78-8320-8279-190744beb237-0\" data-testid=\"conversation-turn-16\" data-scroll-anchor=\"true\" data-turn=\"assistant\">\n<div class=\"text-base my-auto mx-auto pb-10 [--thread-content-margin:--spacing(4)] @w-sm\/main:[--thread-content-margin:--spacing(6)] @w-lg\/main:[--thread-content-margin:--spacing(16)] px-(--thread-content-margin)\">\n<div class=\"[--thread-content-max-width:40rem] @w-lg\/main:[--thread-content-max-width:48rem] mx-auto max-w-(--thread-content-max-width) flex-1 group\/turn-messages focus-visible:outline-hidden relative flex w-full min-w-0 flex-col agent-turn\" tabindex=\"-1\">\n<div class=\"flex max-w-full flex-col grow\">\n<div class=\"min-h-8 text-message relative flex w-full flex-col items-end gap-2 text-start break-words whitespace-normal [.text-message+&amp;]:mt-1\" dir=\"auto\" data-message-author-role=\"assistant\" data-message-id=\"08abd1e2-ba1f-4da9-bbcc-dd687befa7bf\" data-message-model-slug=\"gpt-5-2-thinking\">\n<div class=\"flex w-full flex-col gap-1 empty:hidden first:pt-[1px]\">\n<div class=\"markdown prose dark:prose-invert w-full wrap-break-word light markdown-new-styling\">\n<p data-start=\"1694\" data-end=\"2654\">Comment r\u00e9server en ligne un transfert priv\u00e9 de<a href=\"https:\/\/www.gva.ch\/en\/\" target=\"_blank\" rel=\"noopener\"> l\u2019a\u00e9roport de Gen\u00e8ve<\/a> vers Zermatt ?<br \/>\nR\u00e9server en ligne un transfert de l\u2019a\u00e9roport de Gen\u00e8ve vers Zermatt avec Geneva ways limousine est facile &amp; rapide ne prend que quelques secondes :<br \/>\n1-Entrez les d\u00e9tails de votre trajet .<br \/>\n2-Choisissez votre voiture de luxe dans notre flotte .<br \/>\n3-Payez directement en ligne , c\u2019est fait<br \/>\nvous recevrez une confirmation instantan\u00e9e de votre r\u00e9servation par e-mail.<\/p>\n<p data-start=\"2658\" data-end=\"3031\">Combien co\u00fbte un transfert de Zermatt \u00e0 Gen\u00e8ve ?Transfert depuis Gen\u00e8ve<br \/>\nPrix des transferts priv\u00e9s de Zermatt \u00e0 Gen\u00e8ve \u00e0 partir de 790 CHF .<br \/>\nQuelle est la distance d\u2019un transfert de Zermatt \u00e0 Gen\u00e8ve ?<br \/>\nTemps des transferts priv\u00e9s de Zermatt \u00e0 Gen\u00e8ve 2h50<br \/>\nCombien de temps dure le transfert de Zermatt \u00e0 Gen\u00e8ve ?<br \/>\nDistance des transferts priv\u00e9s de Zermatt \u00e0 Gen\u00e8ve 230 KM<\/p>\n<p data-start=\"3035\" data-end=\"3603\">Tous nos transferts priv\u00e9s VIP vers Zermatt ( service limousine ) chez Geneva Ways, les v\u00e9hicules sont \u00e9quip\u00e9s pour la neige et nous proposons une ligne de service client 24\/7 si vous avez des questions concernant votre transfert vers Zermatt. R\u00e9servez \u00e0 l\u2019avance ( r\u00e9servez en ligne ) pour voyager l\u2019esprit tranquille et rouler confortablement avec notre service limousine de confiance. Fiable et facile \u00e0 r\u00e9server.vous recevrez une confirmation instantan\u00e9e de votre r\u00e9servation et vous vous sentirez en s\u00e9curit\u00e9 en sachant que nous prendrons soin de votre transfert.<\/p>\n<p data-start=\"3607\" data-end=\"4222\">Geneva Ways propose des services de transfert longue distance priv\u00e9s et professionnels ainsi que la location de voiture avec chauffeur ( service limousine ) dans la vall\u00e9e de Zermatt. R\u00e9servez un transfert priv\u00e9 de chauffeur de ski vers Zermatt ( ponctuel, discret, fiable et poli, nos chauffeurs bilingues sont pr\u00eats \u00e0 vous accueillir \u00e0 la montagne. Service VIP ) , enti\u00e8rement \u00e9quip\u00e9 de pneus neige par Geneva ways . Laissez un chauffeur professionnellement form\u00e9 vous y conduire dans le confort et le luxe avec beaucoup d\u2019espace pour vous, votre famille, vos amis et tout votre \u00e9quipement de ski et de snowboard.<\/p>\n<ol data-start=\"4226\" data-end=\"4318\">\n<li data-start=\"4226\" data-end=\"4318\">\n<p data-start=\"4229\" data-end=\"4318\">R\u00e9servez des transferts priv\u00e9s de l\u2019a\u00e9roport de Gen\u00e8ve vers Zermatt avec Mercedes E-Class<\/p>\n<\/li>\n<\/ol>\n<p data-start=\"4322\" data-end=\"4894\">Geneva ways Limousine vous propose la Mercedes-Benz E-Class avec chauffeur priv\u00e9 \u00e0 Gen\u00e8ve &amp; Zermatt comme voiture d\u2019affaires id\u00e9ale pour tous les transferts priv\u00e9s de Gen\u00e8ve vers les montagnes , lorsque vous arrivez en transfert depuis l\u2019a\u00e9roport de Gen\u00e8ve vers votre h\u00f4tel ou chalet \u00e0 Zermatt . Nous proposons des transports priv\u00e9s de luxe longue distance en Suisse vers les montagnes des Alpes , des navettes a\u00e9roport de Gen\u00e8ve avec E-class , des transferts professionnels et priv\u00e9s \u00e0 Gen\u00e8ve ou \u00e0 Zermatt . Service limousine \u00e0 Gen\u00e8ve ou \u00e0 Zermatt avec Mercedes E-Class .<\/p>\n<p data-start=\"4898\" data-end=\"5683\">Mercedes E Class avec chauffeur priv\u00e9 \u00e0 Gen\u00e8ve ou \u00e0 Zermatt . Geneva ways limousine . Votre alternative taxi Gen\u00e8ve vers Zermatt. est parfaitement adapt\u00e9e aux transferts priv\u00e9s de Gen\u00e8ve \u00e0 Zermatt , aux visites touristiques en Suisse et au transfert depuis Gen\u00e8ve &amp; Zermatt . aussi pour le service limousine \u00e0 Gen\u00e8ve &amp; Zermatt Cette voiture est une favorite absolue dans la cat\u00e9gorie des berlines de luxe interm\u00e9diaires avec chauffeur priv\u00e9 \u00e0 Gen\u00e8ve , c\u2019est une berline noire 3 places combinant hautes performances et s\u00e9curit\u00e9 absolue. La E class est certainement s\u00fbre et \u00e9l\u00e9gante pour les d\u00e9placements ex\u00e9cutifs. L\u2019int\u00e9rieur en cuir confortable, la climatisation, le faible bruit dans l\u2019habitacle et le Wi-Fi \u00e0 bord se combinent pour cr\u00e9er une exp\u00e9rience de voyage de premi\u00e8re classe.<\/p>\n<ol start=\"2\" data-start=\"5687\" data-end=\"5766\">\n<li data-start=\"5687\" data-end=\"5766\">\n<p data-start=\"5690\" data-end=\"5766\">R\u00e9servez des transferts priv\u00e9s VIP de Gen\u00e8ve \u00e0 Zermatt avec Mercedes V-Class<\/p>\n<\/li>\n<\/ol>\n<p data-start=\"5770\" data-end=\"6175\">Combien co\u00fbte un transfert de Zermatt \u00e0 Gen\u00e8ve avec Van ?<br \/>\nPrix des transferts priv\u00e9s de Zermatt \u00e0 Gen\u00e8ve avec Van \u00e0 partir de 940 CHF .<br \/>\nQuelle est la distance d\u2019un transfert de Zermatt \u00e0 Gen\u00e8ve avec Van ?<br \/>\nDistance des transferts priv\u00e9s de Zermatt \u00e0 Gen\u00e8ve avec Van 230 KM<br \/>\nCombien de temps dure le transfert de Zermatt \u00e0 Gen\u00e8ve avec Van ?<br \/>\nTemps des transferts priv\u00e9s de Zermatt \u00e0 Gen\u00e8ve avec Van 2h50<\/p>\n<p data-start=\"6179\" data-end=\"7132\">Transferts priv\u00e9s Mercedes V Class de Gen\u00e8ve \u00e0 Zermatt , les plus demand\u00e9s surtout pour les transferts priv\u00e9s de Gen\u00e8ve \u00e0 Zermatt avec Mecedes V-Class . Capable d\u2019accueillir jusqu\u2019\u00e0 7 passagers, l\u2019espace bagages g\u00e9n\u00e9reux rend ces voitures avec chauffeur plus s\u00fbres \u00c9quip\u00e9e d\u2019un grand coffre ,V Class est le choix pour: transferts priv\u00e9s ex\u00e9cutifs et de groupes corporate de Gen\u00e8ve \u00e0 Zermatt , \u00e9v\u00e9nements sp\u00e9ciaux et road shows . transport familial de Gen\u00e8ve \u00e0 Zermatt et \u00e9v\u00e9nements priv\u00e9s sp\u00e9ciaux . transferts priv\u00e9s depuis l\u2019a\u00e9roport de Gen\u00e8ve et voyages longue distance vers les montagnes . Con\u00e7ue avec la s\u00e9curit\u00e9 comme priorit\u00e9, <a href=\"https:\/\/genevaways.com\/fr\/fleet\/mercedes-v-class\/\">V Class<\/a> est l\u2019un des choix de voitures de luxe avec chauffeur du service Geneva Limousine \u00e0 Gen\u00e8ve, combinant transport prestigieux et volume. Que vous soyez une famille ou un groupe c\u2019est la solution parfaite pour vos trajets ou transferts priv\u00e9s vers Zermatt ou depuis l\u2019a\u00e9roport de Gen\u00e8ve dans toutes les directions.<\/p>\n<p data-start=\"7136\" data-end=\"7306\">Le Van est \u00e9quip\u00e9 d\u2019am\u00e9nagements de si\u00e8ges flexibles et d\u2019un espace bagages g\u00e9n\u00e9reux, garantissant que tout le monde puisse voyager ensemble sans compromettre le confort.<\/p>\n<p data-start=\"7310\" data-end=\"7721\">Combien co\u00fbte le transfert de l\u2019a\u00e9roport de Gen\u00e8ve \u00e0 Zermatt avec Van ?<br \/>\nPrix des transferts priv\u00e9s de Gen\u00e8ve \u00e0 Zermatt prix \u00e0 partir de 890 CHF<br \/>\nCombien de temps dure le transfert de Gen\u00e8ve \u00e0 Zermatt avec Minivan ?<br \/>\nTemps des transferts priv\u00e9s de Gen\u00e8ve \u00e0 Zermatt 2h 45 minutes<br \/>\nQuelle est la distance d\u2019un transfert de Gen\u00e8ve \u00e0 Zermatt avec Minivan ?<br \/>\nDistance des transferts priv\u00e9s de Gen\u00e8ve \u00e0 Zermatt 228 km<\/p>\n<p data-start=\"7725\" data-end=\"8573\">Rendez votre voyage agr\u00e9able avec un transfert de l\u2019a\u00e9roport de Gen\u00e8ve \u00e0 Zermatt avec Van.<br \/>\nVivez un confort spacieux lors de votre transfert de l\u2019a\u00e9roport de Gen\u00e8ve \u00e0 Zermatt avec Van.<br \/>\nParfait pour les groupes, le transfert de l\u2019a\u00e9roport de Gen\u00e8ve \u00e0 Zermatt avec Van offre un int\u00e9rieur spacieux.<br \/>\nProfitez d\u2019un grand espace bagages lors d\u2019un transfert de l\u2019a\u00e9roport de Gen\u00e8ve \u00e0 Zermatt avec Van.<br \/>\nLe transfert de l\u2019a\u00e9roport de Gen\u00e8ve \u00e0 Zermatt avec Van offre une polyvalence pour tous les voyageurs.<br \/>\nLe Van est con\u00e7u pour r\u00e9pondre aux besoins des grands groupes et des familles qui privil\u00e9gient \u00e0 la fois l\u2019espace et le confort. Ses si\u00e8ges innovants et son vaste espace de chargement font du transfert de l\u2019a\u00e9roport de Gen\u00e8ve \u00e0 Zermatt avec Mercedes Van l\u2019option id\u00e9ale pour les skieurs et les vacanciers transportant du mat\u00e9riel suppl\u00e9mentaire.<\/p>\n<ol start=\"3\" data-start=\"8577\" data-end=\"8931\">\n<li data-start=\"8577\" data-end=\"8931\">\n<p data-start=\"8580\" data-end=\"8931\">Transfert de l\u2019a\u00e9roport de Gen\u00e8ve \u00e0 Zermatt avec Van<br \/>\nPour ceux qui privil\u00e9gient le luxe et ont besoin de plus d\u2019espace, le transfert de l\u2019a\u00e9roport de Gen\u00e8ve \u00e0 Zermatt avec Mercedes Van est un excellent choix. Le Van combine \u00e9l\u00e9gance et fonctionnalit\u00e9, offrant un int\u00e9rieur spacieux et des fonctionnalit\u00e9s de pointe adapt\u00e9es aux voyages haut de gamme.<\/p>\n<\/li>\n<\/ol>\n<ul>\n<li data-start=\"8935\" data-end=\"9515\">Voyagez avec style avec un transfert de l\u2019a\u00e9roport de Gen\u00e8ve \u00e0 Zermatt avec Mercedes Van.<\/li>\n<li data-start=\"8935\" data-end=\"9515\">Pour une exp\u00e9rience luxueuse, choisissez un transfert de l\u2019a\u00e9roport de Gen\u00e8ve \u00e0 Zermatt avec Van.<\/li>\n<li data-start=\"8935\" data-end=\"9515\">Spacieux et \u00e9l\u00e9gant, le transfert de l\u2019a\u00e9roport de Gen\u00e8ve \u00e0 Zermatt avec Van red\u00e9finit le confort.<\/li>\n<li data-start=\"8935\" data-end=\"9515\">Id\u00e9al pour les longs trajets, le transfert de l\u2019a\u00e9roport de Gen\u00e8ve \u00e0 Zermatt avec Van offre de la d\u00e9tente.<\/li>\n<li data-start=\"8935\" data-end=\"9515\">Le transfert de l\u2019a\u00e9roport de Gen\u00e8ve \u00e0 Zermatt avec Mercedes Van est parfait pour les voyages de groupe.<br \/>\nR\u00e9servez des transferts priv\u00e9s VIP de Gen\u00e8ve \u00e0 Zermatt avec Mercedes S-Class<\/li>\n<\/ul>\n<p data-start=\"9519\" data-end=\"10654\">L\u2019une de nos lignes de v\u00e9hicules les plus populaires, la Mercedes S Class pour les services de transport priv\u00e9 de Gen\u00e8ve \u00e0 Zermatt ou une limousine avec chauffeur priv\u00e9 \u00e0 Gen\u00e8ve &amp; Zermatt . vos transferts vers les stations de ski depuis Gen\u00e8ve ou Zurich .Le choix \u00e9vident pour une limousine de luxe \u00e0 Gen\u00e8ve Beaucoup de v\u00e9hicules de luxe actuels paraissent \u00e9l\u00e9gants \u00e0 l\u2019ext\u00e9rieur mais compromettent le confort et la s\u00e9curit\u00e9 \u00e0 l\u2019int\u00e9rieur. Ce n\u2019est pas le cas de la Mercedes S Class, mise \u00e0 votre disposition comme limousine de luxe priv\u00e9e de premi\u00e8re qualit\u00e9 \u00e0 Gen\u00e8ve vers Zermatt .La S Class offre amplement de place pour trois passagers avec bagages, et comprend un \u00e9clairage LED doux et des si\u00e8ges en cuir moelleux qui vous permettent de profiter au maximum de vos voyages. En tant que voyageur d\u2019affaires, la Mercedes S Class offre l\u2019opportunit\u00e9 de vous concentrer et de pr\u00e9parer votre week-end dans les Alpes en toute intimit\u00e9 et confort in\u00e9gal\u00e9s. Lorsque vous arrivez \u00e0 destination dans votre limousine avec chauffeur de Gen\u00e8ve \u00e0 Zermatt , l\u2019apparence ext\u00e9rieure de votre Mercedes S-Class renforcera votre image professionnelle.<\/p>\n<p data-start=\"10658\" data-end=\"11955\">R\u00e9servez des transferts priv\u00e9s S-Class de Gen\u00e8ve \u00e0 Zermatt Le service limousine le plus confortable \u00e0 Gen\u00e8ve ou Zermatt . En tant que voyageur de loisirs dans les Alpes , le confort de la Mercedes S Class avec chauffeur \u00e0 Gen\u00e8ve est in\u00e9gal\u00e9. Nos chauffeurs, dont la ponctualit\u00e9 et la discr\u00e9tion sont les seuls mots d\u2019ordre, sont \u00e0 votre disposition pour toute demande que vous pourriez avoir. Admirez les paysages et les sons de vos transferts priv\u00e9s de Gen\u00e8ve \u00e0 Zermatt depuis votre fauteuil en cuir et ayez confiance en nos chauffeurs professionnels \u00e0 Gen\u00e8ve pour vous transf\u00e9rer de Gen\u00e8ve \u00e0 Zermatt en toute s\u00e9curit\u00e9 et \u00e0 temps. avec Geneva Limousine Dans la luxueuse Mercedes S Class le monde vous appartient, et nous sommes impatients de vous aider \u00e0 le d\u00e9couvrir. Le service limousine le plus confortable \u00e0 Gen\u00e8ve . En tant que voyageur de loisirs en Suisse , le confort de la Mercedes S Class avec chauffeur \u00e0 Gen\u00e8ve est in\u00e9gal\u00e9. Nos chauffeurs, dont la ponctualit\u00e9 et la discr\u00e9tion sont les seuls mots d\u2019ordre, sont \u00e0 votre disposition pour toute demande que vous pourriez avoir. Ce Mercedes S-Class vous fera voyager avec tout le confort et le luxe dont vous avez besoin pour faire de votre transfert un succ\u00e8s de Gen\u00e8ve \u00e0 Zermatt . appelez-nous \u2013 nous sommes toujours l\u00e0 pour vous aider.<\/p>\n<ol start=\"4\" data-start=\"11959\" data-end=\"12039\">\n<li data-start=\"11959\" data-end=\"12039\">\n<p data-start=\"11962\" data-end=\"12039\">R\u00e9servez des transferts priv\u00e9s VIP de Gen\u00e8ve \u00e0 Zermatt avec Mercedes Maybach<\/p>\n<\/li>\n<\/ol>\n<p data-start=\"12043\" data-end=\"13266\">La Mercedes S 600 avec Geneva ways Limousine pour les transferts priv\u00e9s de l\u2019a\u00e9roport de Gen\u00e8ve vers Zermatt est en toute s\u00e9curit\u00e9 \u00e0 la premi\u00e8re place . fait de la Maybach S600 la berline la plus intelligente dans la premi\u00e8re classe de luxe.La Maybach est synonyme de style et de luxe. Maybach offre plus d\u2019espace et de confort et est le v\u00e9hicule parfait pour les individus qui veulent avoir le confort tout en voyageant de Gen\u00e8ve \u00e0 Zermatt .Chauffeur Maybach \u00e0 Gen\u00e8ve est consid\u00e9r\u00e9e comme la voiture avec chauffeur de classe luxe affaires pour les transferts priv\u00e9s Gen\u00e8ve vers Zermatt . Maybach S600 est la voiture si vous voulez vraiment vivre le meilleur du meilleur. Louer une Mercedes Maybach avec Geneva ways Limousine pour votre priv\u00e9 vers Zermatt , c\u2019est simple En quelques clics, calculez votre prix rapidement et gratuitement vous pouvez v\u00e9rifier tous vos prix les transferts priv\u00e9s depuis Gen\u00e8ve ou Zurich . R\u00e9servation en ligne rapide service limousine \u00e0 Gen\u00e8ve ou Zurich . ou appelez notre \u00e9quipe de r\u00e9servation, envoyez-nous votre itin\u00e9raire par e-mail et notre \u00e9quipe de r\u00e9servation vous r\u00e9pondra avec un devis sur mesure. Geneva ways limousine Le sommet de l\u2019excellence pour satisfaire toutes les demandes.<\/p>\n<ol start=\"5\" data-start=\"13270\" data-end=\"13354\">\n<li data-start=\"13270\" data-end=\"13354\">\n<p data-start=\"13273\" data-end=\"13354\">R\u00e9servez des transferts priv\u00e9s de Gen\u00e8ve \u00e0 Zermatt avec Mercedes Sprinter Minibus<\/p>\n<\/li>\n<\/ol>\n<p data-start=\"13358\" data-end=\"13866\">Combien co\u00fbte un transfert de Gen\u00e8ve \u00e0 Zermatt avec minibus Sprinter ?<br \/>\nPrix des transferts priv\u00e9s de Gen\u00e8ve \u00e0 avec Zermatt minibus Sprinter \u00e0 partir de 1380 CHF<br \/>\nCombien de temps dure le transfert de Gen\u00e8ve \u00e0 Zermatt avec minibus Sprinter ?<br \/>\nTemps des transferts priv\u00e9s de Gen\u00e8ve \u00e0 Zermatt avec minibus Sprinter 3h15 minutes<br \/>\nQuelle est la distance d\u2019un transfert de Gen\u00e8ve \u00e0 Zermatt avec minibus Sprinter minibus Sprinter ?<br \/>\nDistance des transferts priv\u00e9s de Gen\u00e8ve \u00e0 Zermatt avec minibus Sprinter 230 km<\/p>\n<p data-start=\"13870\" data-end=\"15013\">Le Mercedes Sprinter avec chauffeur priv\u00e9 \u00e0 Gen\u00e8ve est le choix \u00e9vident pour tous les grands groupes visitant la Suisse et souhaitant voyager ensemble dans le confort et le style de Gen\u00e8ve \u00e0 Zermatt . Alors que les Sprinters \u00e9taient initialement con\u00e7us comme des v\u00e9hicules utilitaires de pointe, le mod\u00e8le s\u2019est depuis transform\u00e9 en le plus grand minibus de luxe au mondeMercedes Sprinter \u00e0 Gen\u00e8ve est le mini-coach de luxe ultime. Dot\u00e9 d\u2019un coffre spacieux et avec toutes options, il peut accueillir 16 passagers, ce qui le rend id\u00e9al pour tous vos transferts priv\u00e9s VIP de groupes de Gnevea \u00e0 Zermatt . Sp\u00e9cialiste des voyages VIP en minibus \u00e0 Gen\u00e8ve ou Zermatt , Geneva ways Limousine vous propose un minibus sprinter de luxe avec chauffeur pour vos transferts priv\u00e9s vers Zermatt . Si vous cherchez un minibus pratique pour transporter votre groupe ou famille, Mercedes-Benz Sprinter avec chauffeur \u00e0 Gen\u00e8ve ou Zermatt est le meilleur choix . Notre \u00e9quipe veillera \u00e0 fournir des services de transfert de qualit\u00e9 adapt\u00e9s \u00e0 vos besoins sp\u00e9cifiques! Nous serons en mesure de justifier vos attentes et de vous offrir une exp\u00e9rience inoubliable<\/p>\n<h3 data-start=\"15017\" data-end=\"15663\">Autour de Zermatt<\/h3>\n<p data-start=\"15017\" data-end=\"15663\" data-is-last-node=\"\" data-is-only-node=\"\">Zermatt se situe dans les Alpes valaisannes, et l\u2019une des destinations proches les plus logiques \u00e0 combiner avec un s\u00e9jour ici est <a href=\"https:\/\/genevaways.com\/fr\/saas-fee\/\">Saas Fee<\/a>, une autre station de haute montagne dans le m\u00eame canton qui offre une exp\u00e9rience alpine similaire avec une atmosph\u00e8re l\u00e9g\u00e8rement diff\u00e9rente. De nombreux voyageurs associent les paysages embl\u00e9matiques du Cervin \u00e0 Zermatt avec le d\u00e9cor glaciaire de Saas Fee et l\u2019ambiance de village sans voitures afin de prolonger leur s\u00e9jour en montagne sans changer compl\u00e8tement de r\u00e9gion, ce qui rend l\u2019organisation des transferts et la logistique au quotidien plus simple. <a class=\"decorated-link\" href=\"https:\/\/www.saas-fee.ch\/en\/\" target=\"_new\" rel=\"noopener\" data-start=\"15636\" data-end=\"15663\" data-is-last-node=\"\">https:\/\/www.saas-fee.ch\/en\/<\/a><\/p>\n<\/div>\n<\/div>\n<\/div>\n<\/div>\n<div class=\"z-0 flex min-h-[46px] justify-start\"><\/div>\n<div class=\"mt-3 w-full empty:hidden\">\n<div class=\"text-center\"><\/div>\n<\/div>\n<\/div>\n<\/div>\n<\/article>\n<\/div>\n<div class=\"pointer-events-none h-px w-px absolute bottom-0\" aria-hidden=\"true\" data-edge=\"true\"><\/div>\n<p>[\/vc_column_text][\/vc_column][\/vc_row][vc_row][vc_column][vc_empty_space height=&#8221;70px&#8221;][\/vc_column][\/vc_row]<\/p>\n<\/div>","protected":false},"excerpt":{"rendered":"<p>[vc_row type=&#8221;full_width_section&#8221;][vc_column][vc_column_text] Transferts priv\u00e9s de l\u2019a\u00e9roport de Gen\u00e8ve vers Zermatt . Transfert priv\u00e9 de l\u2019a\u00e9roport de Gen\u00e8ve \u00e0 Zermatt avec Geneva Limousine Transfert de Gen\u00e8ve \u00e0 ChamonixObtenez votre transfert priv\u00e9 vers Zermatt depuis l\u2019a\u00e9roport de Gen\u00e8ve avec Geneva Limousine . Les transferts de Gen\u00e8ve \u00e0 Zermatt peuvent \u00eatre r\u00e9serv\u00e9s facilement . Combien co\u00fbte un transfert<\/p>\n","protected":false},"author":4,"featured_media":0,"parent":0,"menu_order":0,"comment_status":"closed","ping_status":"closed","template":"","meta":{"footnotes":""},"class_list":["post-3885","page","type-page","status-publish","hentry"],"_links":{"self":[{"href":"https:\/\/genevaways.com\/fr\/wp-json\/wp\/v2\/pages\/3885","targetHints":{"allow":["GET"]}}],"collection":[{"href":"https:\/\/genevaways.com\/fr\/wp-json\/wp\/v2\/pages"}],"about":[{"href":"https:\/\/genevaways.com\/fr\/wp-json\/wp\/v2\/types\/page"}],"author":[{"embeddable":true,"href":"https:\/\/genevaways.com\/fr\/wp-json\/wp\/v2\/users\/4"}],"replies":[{"embeddable":true,"href":"https:\/\/genevaways.com\/fr\/wp-json\/wp\/v2\/comments?post=3885"}],"version-history":[{"count":18,"href":"https:\/\/genevaways.com\/fr\/wp-json\/wp\/v2\/pages\/3885\/revisions"}],"predecessor-version":[{"id":7159,"href":"https:\/\/genevaways.com\/fr\/wp-json\/wp\/v2\/pages\/3885\/revisions\/7159"}],"wp:attachment":[{"href":"https:\/\/genevaways.com\/fr\/wp-json\/wp\/v2\/media?parent=3885"}],"curies":[{"name":"wp","href":"https:\/\/api.w.org\/{rel}","templated":true}]}}