{"id":3887,"date":"2024-10-17T10:53:24","date_gmt":"2024-10-17T08:53:24","guid":{"rendered":"https:\/\/genevaways.com\/saint-moritz\/"},"modified":"2026-01-31T04:42:13","modified_gmt":"2026-01-31T03:42:13","slug":"saint-moritz","status":"publish","type":"page","link":"https:\/\/genevaways.com\/fr\/saint-moritz\/","title":{"rendered":"Saint-Moritz"},"content":{"rendered":"<div class=\"wpb-content-wrapper\"><p>[vc_row type=&#8221;full_width_section&#8221;][vc_column]<h3 class=\"center-title\">Transfert de Gen\u00e8ve \u00e0 Saint-Moritz<br \/>\n<\/h3><div class=\"title-block2\"><\/div>[vc_column_text]<\/p>\n<h3 data-start=\"0\" data-end=\"104\">Service de transfert de luxe de l\u2019a\u00e9roport de Gen\u00e8ve \u00e0 Saint-Moritz<\/h3>\n<p data-start=\"106\" data-end=\"237\">Combien co\u00fbte un transfert de Gen\u00e8ve \u00e0 Saint-Moritz ?<br data-start=\"159\" data-end=\"162\" \/>Prix des transferts priv\u00e9s de Gen\u00e8ve \u00e0 Saint-Moritz : \u00e0 partir de 1 780 CHF<\/p>\n<p data-start=\"239\" data-end=\"362\">Combien de temps dure le transfert de Gen\u00e8ve \u00e0 Saint-Moritz ?<br data-start=\"300\" data-end=\"303\" \/>Dur\u00e9e des transferts priv\u00e9s de Gen\u00e8ve \u00e0 Saint-Moritz : 5h50<\/p>\n<p data-start=\"364\" data-end=\"475\">Quelle est la distance entre Gen\u00e8ve et Saint-Moritz ?<br data-start=\"417\" data-end=\"420\" \/>Distance du transfert de Gen\u00e8ve \u00e0 Saint-Moritz : 480 km<\/p>\n<p data-start=\"477\" data-end=\"1160\">L\u2019a\u00e9roport de Gen\u00e8ve est la porte d\u2019entr\u00e9e vers certains des plus beaux domaines skiables des Alpes suisses, dont la station embl\u00e9matique de Saint-Moritz. Que vous veniez pour un s\u00e9jour d\u00e9tente en montagne ou pour des journ\u00e9es de ski, notre service de transfert de luxe vous garantit un trajet fluide, confortable et \u00e9l\u00e9gant jusqu\u2019\u00e0 votre destination. Notre flotte comprend des mod\u00e8les Mercedes premium : S-Class, E-Class, <a href=\"https:\/\/genevaways.com\/fr\/fleet\/mercedes-v-class\/\">V-Class<\/a>, ainsi qu\u2019un Sprinter 16 places\u2014tous con\u00e7us pour offrir un haut niveau de confort et de praticit\u00e9. Si vous souhaitez \u00e9galement d\u00e9couvrir d\u2019autres destinations phares, nous proposons un service fiable de transfert de l\u2019a\u00e9roport de Gen\u00e8ve \u00e0 Saint-Moritz.<\/p>\n<h3 data-start=\"1162\" data-end=\"1582\">Pourquoi choisir notre service de transfert ?<\/h3>\n<p data-start=\"1162\" data-end=\"1582\">Avec notre service de transfert haut de gamme, vous profitez d\u2019une exp\u00e9rience premium d\u00e8s votre arriv\u00e9e \u00e0 l\u2019a\u00e9roport de Gen\u00e8ve. Nous offrons plus qu\u2019un simple transport : un trajet d\u2019exception qui associe confort, style et simplicit\u00e9. Et si vous pr\u00e9voyez un itin\u00e9raire multi-destinations, vous pouvez facilement organiser un transfert de l\u2019a\u00e9roport de Gen\u00e8ve \u00e0 Saint-Moritz.<\/p>\n<h4 data-start=\"1584\" data-end=\"2335\">Les avantages de notre service :<\/h4>\n<ol>\n<li data-start=\"1584\" data-end=\"2335\">Chauffeurs professionnels : form\u00e9s pour un service courtois, discret et efficace. Ils connaissent parfaitement l\u2019itin\u00e9raire vers Saint-Moritz et privil\u00e9gient votre s\u00e9curit\u00e9 et votre confort.<\/li>\n<li data-start=\"1584\" data-end=\"2335\">Ponctualit\u00e9 et fiabilit\u00e9 : nous suivons votre vol en temps r\u00e9el afin d\u2019ajuster la prise en charge en cas de retard, pour un transfert de l\u2019a\u00e9roport de Gen\u00e8ve \u00e0 Saint-Moritz sans stress.<\/li>\n<li data-start=\"1584\" data-end=\"2335\">Flotte de luxe : des v\u00e9hicules Mercedes haut de gamme adapt\u00e9s \u00e0 tous les profils, du voyageur seul aux groupes, pour un transfert de l\u2019a\u00e9roport de Gen\u00e8ve \u00e0 Saint-Moritz sur mesure.<\/li>\n<li data-start=\"1584\" data-end=\"2335\">Service porte-\u00e0-porte : \u00e9vitez les contraintes des transports publics ou d\u2019une location de voiture : trajet direct de l\u2019a\u00e9roport de Gen\u00e8ve \u00e0 Saint-Moritz.<\/li>\n<\/ol>\n<h3 data-start=\"2337\" data-end=\"2617\">Notre flotte<\/h3>\n<p data-start=\"2337\" data-end=\"2617\">Nous proposons une s\u00e9lection de v\u00e9hicules de luxe selon votre style de voyage et la taille de votre groupe. Chaque v\u00e9hicule est entretenu avec soin et \u00e9quip\u00e9 d\u2019am\u00e9nagements premium pour un trajet d\u00e9tendu lors de votre transfert de l\u2019a\u00e9roport de Gen\u00e8ve \u00e0 Saint-Moritz.<\/p>\n<h4 data-start=\"2619\" data-end=\"2901\">Mercedes S-Class \u2013 Le summum du luxe<\/h4>\n<p data-start=\"2619\" data-end=\"2901\">La Mercedes S-Class est la r\u00e9f\u00e9rence du voyage haut de gamme. Id\u00e9ale pour celles et ceux qui recherchent confort absolu et sophistication, elle garantit une exp\u00e9rience exceptionnelle pour votre transfert de l\u2019a\u00e9roport de Gen\u00e8ve \u00e0 Saint-Moritz.<\/p>\n<ul>\n<li data-start=\"2903\" data-end=\"3278\">Caract\u00e9ristiques :<\/li>\n<li data-start=\"2903\" data-end=\"3278\">Si\u00e8ges en cuir luxueux avec options massage et chauffage<\/li>\n<li data-start=\"2903\" data-end=\"3278\">\u00c9clairage d\u2019ambiance r\u00e9glable pour une atmosph\u00e8re relaxante<\/li>\n<li data-start=\"2903\" data-end=\"3278\">Syst\u00e8me audio haut de gamme<\/li>\n<li data-start=\"2903\" data-end=\"3278\">Climatisation avanc\u00e9e pour un confort parfait tout au long du trajet<\/li>\n<li data-start=\"2903\" data-end=\"3278\">Recommand\u00e9e pour : voyageurs solo, dirigeants, couples souhaitant le transfert le plus luxueux de l\u2019a\u00e9roport de Gen\u00e8ve \u00e0 Saint-Moritz.<\/li>\n<\/ul>\n<h4 data-start=\"3280\" data-end=\"3521\">Mercedes E-Class \u2013 Confort et \u00e9l\u00e9gance<\/h4>\n<p data-start=\"3280\" data-end=\"3521\">La Mercedes E-Class offre un \u00e9quilibre id\u00e9al entre luxe et praticit\u00e9. Elle convient parfaitement \u00e0 un transfert raffin\u00e9 de Gen\u00e8ve \u00e0 Saint-Moritz, que ce soit pour un voyage personnel ou professionnel.<\/p>\n<ul>\n<li data-start=\"3523\" data-end=\"3919\">Caract\u00e9ristiques :<\/li>\n<li data-start=\"3523\" data-end=\"3919\">Si\u00e8ges en cuir confortables avec dossiers ajustables<\/li>\n<li data-start=\"3523\" data-end=\"3919\">Climatisation adapt\u00e9e aux conditions de montagne<\/li>\n<li data-start=\"3523\" data-end=\"3919\">Grand coffre pour valises et\/ou mat\u00e9riel de ski<\/li>\n<li data-start=\"3523\" data-end=\"3919\">Int\u00e9rieur moderne avec syst\u00e8me multim\u00e9dia avanc\u00e9Recommand\u00e9e pour : voyageurs individuels, petits groupes, voyageurs d\u2019affaires recherchant une option \u00e9l\u00e9gante pour leur transfert de l\u2019a\u00e9roport de Gen\u00e8ve \u00e0 Saint-Moritz.<\/li>\n<\/ul>\n<h4 data-start=\"3921\" data-end=\"4134\">Mercedes V-Class \u2013 Id\u00e9ale pour familles et petits groupes<\/h4>\n<p data-start=\"3921\" data-end=\"4134\">Combien co\u00fbte un transfert de Gen\u00e8ve \u00e0 Saint-Moritz en minivan ?<br data-start=\"4045\" data-end=\"4048\" \/>Prix des transferts priv\u00e9s de Gen\u00e8ve \u00e0 Saint-Moritz en minivan : \u00e0 partir de 1 880 CHF<\/p>\n<p data-start=\"4136\" data-end=\"4281\">Combien de temps dure le transfert de Gen\u00e8ve \u00e0 Saint-Moritz en minivan ?<br data-start=\"4208\" data-end=\"4211\" \/>Dur\u00e9e des transferts priv\u00e9s de Gen\u00e8ve \u00e0 Saint-Moritz en minivan : 5h50<\/p>\n<p data-start=\"4283\" data-end=\"4416\">Quelle est la distance entre Gen\u00e8ve et Saint-Moritz en minivan ?<br data-start=\"4347\" data-end=\"4350\" \/>Distance du transfert de Gen\u00e8ve \u00e0 Saint-Moritz en minivan : 480 km<\/p>\n<p data-start=\"4418\" data-end=\"4665\">La Mercedes V-Class est tr\u00e8s appr\u00e9ci\u00e9e des familles et des groupes. Spacieuse, confortable et pratique, elle vous permet de voyager ensemble facilement, tout en gardant un niveau premium pour votre transfert de l\u2019a\u00e9roport de Gen\u00e8ve \u00e0 Saint-Moritz.<\/p>\n<ul>\n<li data-start=\"4667\" data-end=\"5014\">Caract\u00e9ristiques :<\/li>\n<li data-start=\"4667\" data-end=\"5014\">Configuration modulable jusqu\u2019\u00e0 7 passagers<\/li>\n<li data-start=\"4667\" data-end=\"5014\">Espace g\u00e9n\u00e9reux pour \u00e9quipements sportifs (dont skis)<\/li>\n<li data-start=\"4667\" data-end=\"5014\">Syst\u00e8me de divertissement int\u00e9gr\u00e9<\/li>\n<li data-start=\"4667\" data-end=\"5014\">Climatisation pour un confort optimal en toutes saisons<\/li>\n<li data-start=\"4667\" data-end=\"5014\">Recommand\u00e9e pour : familles, amis, petits groupes avec plusieurs bagages lors d\u2019un transfert de l\u2019a\u00e9roport de Gen\u00e8ve \u00e0 Saint-Moritz.<\/li>\n<\/ul>\n<h4 data-start=\"5016\" data-end=\"5334\">Mercedes Sprinter \u2013 Parfait pour les grands groupes<\/h4>\n<p data-start=\"5016\" data-end=\"5334\">Le Mercedes Sprinter est la solution id\u00e9ale pour les groupes importants (jusqu\u2019\u00e0 16 passagers). Il permet \u00e0 toute votre \u00e9quipe ou votre famille de voyager ensemble dans un excellent niveau de confort, lors de votre transfert de l\u2019a\u00e9roport de Gen\u00e8ve \u00e0 Saint-Moritz.<\/p>\n<ul>\n<li data-start=\"5336\" data-end=\"5688\">Caract\u00e9ristiques :<\/li>\n<li data-start=\"5336\" data-end=\"5688\">Jusqu\u2019\u00e0 16 si\u00e8ges individuels confortables<\/li>\n<li data-start=\"5336\" data-end=\"5688\">Tr\u00e8s grand espace bagages pour valises et mat\u00e9riel<\/li>\n<li data-start=\"5336\" data-end=\"5688\">Syst\u00e8me audio\/vid\u00e9o de qualit\u00e9 pour les longs trajets<\/li>\n<li data-start=\"5336\" data-end=\"5688\">Climatisation pour un confort constant<\/li>\n<li data-start=\"5336\" data-end=\"5688\">Recommand\u00e9 pour : grands groupes, \u00e9v\u00e9nements d\u2019entreprise, groupes de ski n\u00e9cessitant un transfert de l\u2019a\u00e9roport de Gen\u00e8ve \u00e0 Saint-Moritz.<\/li>\n<\/ul>\n<h3 data-start=\"5690\" data-end=\"5966\">\u00c0 quoi s\u2019attendre avec notre service de transfert depuis l\u2019a\u00e9roport de Gen\u00e8ve<\/h3>\n<p data-start=\"5690\" data-end=\"5966\">Notre service de transfert de luxe de <a href=\"https:\/\/www.gva.ch\/en\/\" target=\"_blank\" rel=\"noopener\">l\u2019a\u00e9roport de Gen\u00e8ve<\/a> \u00e0 Saint-Moritz est pens\u00e9 pour r\u00e9pondre \u00e0 vos besoins avec un haut niveau de professionnalisme. En r\u00e9servant avec nous, vous b\u00e9n\u00e9ficiez de :<\/p>\n<ol>\n<li data-start=\"5968\" data-end=\"6342\">R\u00e9servation facile : r\u00e9servation en ligne simple, choix du v\u00e9hicule et planification \u00e0 l\u2019avance.<\/li>\n<li data-start=\"5968\" data-end=\"6342\">Accueil personnalis\u00e9 : prise en charge au hall des arriv\u00e9es, aide aux bagages et informations utiles pour que votre transfert de l\u2019a\u00e9roport de Gen\u00e8ve \u00e0 Saint-Moritz se d\u00e9roule parfaitement.<\/li>\n<li data-start=\"5968\" data-end=\"6342\">Horaires flexibles : service 24h\/24 et 7j\/7, quelle que soit votre heure d\u2019arriv\u00e9e.<\/li>\n<\/ol>\n<h3 data-start=\"6344\" data-end=\"6718\">Avantages de r\u00e9server \u00e0 l\u2019avance<\/h3>\n<p>R\u00e9server votre transfert \u00e0 l\u2019avance permet :<\/p>\n<ol>\n<li data-start=\"6344\" data-end=\"6718\">Disponibilit\u00e9 garantie : le v\u00e9hicule souhait\u00e9 vous attend \u00e0 l\u2019arriv\u00e9e.<\/li>\n<li data-start=\"6344\" data-end=\"6718\">Prix fixe : tarif transparent confirm\u00e9 au moment de la r\u00e9servation.<\/li>\n<li data-start=\"6344\" data-end=\"6718\">Tranquillit\u00e9 d\u2019esprit : apr\u00e8s un long vol, tout est d\u00e9j\u00e0 organis\u00e9 : votre chauffeur est pr\u00eat pour votre transfert de l\u2019a\u00e9roport de Gen\u00e8ve \u00e0 Saint-Moritz.<\/li>\n<\/ol>\n<h3 data-start=\"6720\" data-end=\"7702\">Autour de Saint-Moritz : pourquoi Davos est l\u2019extension id\u00e9ale<\/h3>\n<p data-start=\"6720\" data-end=\"7702\">Autour de Saint-Moritz, l\u2019une des destinations les plus pertinentes \u00e0 mentionner est <a href=\"https:\/\/genevaways.com\/fr\/davos\/\">Davos<\/a> : les deux stations se trouvent dans le canton des Grisons (Graub\u00fcnden) et sont souvent combin\u00e9es dans un itin\u00e9raire alpin en Suisse. Davos est accessible depuis Saint-Moritz par une route de montagne panoramique (environ 1h30 \u00e0 2h selon la m\u00e9t\u00e9o et la circulation), ce qui en fait une \u201cprochaine \u00e9tape\u201d facile pour prolonger un s\u00e9jour au-del\u00e0 de l\u2019Engadine. Saint-Moritz est r\u00e9put\u00e9e pour son lac, ses h\u00f4tels de luxe et son atmosph\u00e8re glamour, tandis que Davos offre une station plus \u00e9tendue, de nombreux \u00e9v\u00e9nements toute l\u2019ann\u00e9e et un large acc\u00e8s aux activit\u00e9s alpines. C\u2019est une connexion id\u00e9ale pour profiter d\u2019un transfert priv\u00e9 point-\u00e0-point entre deux ic\u00f4nes des Alpes suisses, sans correspondances ni gestion complexe des bagages. Pour plus d\u2019informations touristiques, vous pouvez consulter : <a class=\"decorated-link\" href=\"https:\/\/www.davos.ch\/en\/\" target=\"_new\" rel=\"noopener\" data-start=\"7677\" data-end=\"7701\">https:\/\/www.davos.ch\/en\/<\/a>.<\/p>\n<h3 data-start=\"7704\" data-end=\"8062\">Choisissez la meilleure option pour votre trajet<\/h3>\n<p data-start=\"7704\" data-end=\"8062\">Que vous recherchiez le luxe de la Mercedes S-Class, l\u2019\u00e9l\u00e9gance pratique de la E-Class, l\u2019espace de la V-Class ou la capacit\u00e9 du Sprinter, notre flotte propose une option adapt\u00e9e. Chaque v\u00e9hicule est s\u00e9lectionn\u00e9 pour offrir confort, style et efficacit\u00e9 sur l\u2019itin\u00e9raire de l\u2019a\u00e9roport de Gen\u00e8ve \u00e0 Saint-Moritz.<\/p>\n<p data-start=\"8064\" data-end=\"8318\" data-is-last-node=\"\" data-is-only-node=\"\">Notre service de transfert, c\u2019est plus qu\u2019un trajet : c\u2019est le d\u00e9but de votre exp\u00e9rience alpine. R\u00e9servez votre transfert de l\u2019a\u00e9roport de Gen\u00e8ve \u00e0 Saint-Moritz et laissez-nous organiser votre voyage vers l\u2019une des plus belles stations des Alpes suisses.<\/p>\n<p>[\/vc_column_text][\/vc_column][\/vc_row][vc_row][vc_column][vc_empty_space height=&#8221;70px&#8221;][\/vc_column][\/vc_row]<\/p>\n<\/div>","protected":false},"excerpt":{"rendered":"<p>[vc_row type=&#8221;full_width_section&#8221;][vc_column][vc_column_text] Service de transfert de luxe de l\u2019a\u00e9roport de Gen\u00e8ve \u00e0 Saint-Moritz Combien co\u00fbte un transfert de Gen\u00e8ve \u00e0 Saint-Moritz ?Prix des transferts priv\u00e9s de Gen\u00e8ve \u00e0 Saint-Moritz : \u00e0 partir de 1 780 CHF Combien de temps dure le transfert de Gen\u00e8ve \u00e0 Saint-Moritz ?Dur\u00e9e des transferts priv\u00e9s de Gen\u00e8ve \u00e0 Saint-Moritz :<\/p>\n","protected":false},"author":4,"featured_media":0,"parent":0,"menu_order":0,"comment_status":"closed","ping_status":"closed","template":"","meta":{"footnotes":""},"class_list":["post-3887","page","type-page","status-publish","hentry"],"_links":{"self":[{"href":"https:\/\/genevaways.com\/fr\/wp-json\/wp\/v2\/pages\/3887","targetHints":{"allow":["GET"]}}],"collection":[{"href":"https:\/\/genevaways.com\/fr\/wp-json\/wp\/v2\/pages"}],"about":[{"href":"https:\/\/genevaways.com\/fr\/wp-json\/wp\/v2\/types\/page"}],"author":[{"embeddable":true,"href":"https:\/\/genevaways.com\/fr\/wp-json\/wp\/v2\/users\/4"}],"replies":[{"embeddable":true,"href":"https:\/\/genevaways.com\/fr\/wp-json\/wp\/v2\/comments?post=3887"}],"version-history":[{"count":10,"href":"https:\/\/genevaways.com\/fr\/wp-json\/wp\/v2\/pages\/3887\/revisions"}],"predecessor-version":[{"id":7148,"href":"https:\/\/genevaways.com\/fr\/wp-json\/wp\/v2\/pages\/3887\/revisions\/7148"}],"wp:attachment":[{"href":"https:\/\/genevaways.com\/fr\/wp-json\/wp\/v2\/media?parent=3887"}],"curies":[{"name":"wp","href":"https:\/\/api.w.org\/{rel}","templated":true}]}}