{"id":3898,"date":"2024-10-17T10:53:14","date_gmt":"2024-10-17T08:53:14","guid":{"rendered":"https:\/\/genevaways.com\/meribel\/"},"modified":"2026-01-31T04:27:22","modified_gmt":"2026-01-31T03:27:22","slug":"meribel","status":"publish","type":"page","link":"https:\/\/genevaways.com\/fr\/meribel\/","title":{"rendered":"Meribel"},"content":{"rendered":"<div class=\"wpb-content-wrapper\"><p>[vc_row type=&#8221;full_width_section&#8221;][vc_column]<h3 class=\"center-title\">Transfert de Gen\u00e8ve \u00e0 M\u00e9ribel<br \/>\n<\/h3><div class=\"title-block2\"><\/div>[vc_column_text]<\/p>\n<h2 data-start=\"0\" data-end=\"82\">Transferts de luxe de l\u2019a\u00e9roport de Gen\u00e8ve \u00e0 M\u00e9ribel avec des v\u00e9hicules Mercedes<\/h2>\n<p data-start=\"84\" data-end=\"220\"><strong data-start=\"84\" data-end=\"147\">Combien co\u00fbte un transfert de Gen\u00e8ve \u00e0 M\u00e9ribel en minivan ?<\/strong><br data-start=\"147\" data-end=\"150\" \/>Prix des transferts priv\u00e9s de Gen\u00e8ve \u00e0 M\u00e9ribel \u00e0 partir de <strong data-start=\"209\" data-end=\"220\">640 CHF<\/strong><\/p>\n<p data-start=\"222\" data-end=\"356\"><strong data-start=\"222\" data-end=\"293\">Combien de temps dure le transfert de Gen\u00e8ve \u00e0 M\u00e9ribel en minivan ?<\/strong><br data-start=\"293\" data-end=\"296\" \/>Dur\u00e9e des transferts priv\u00e9s de Gen\u00e8ve \u00e0 M\u00e9ribel : <strong data-start=\"346\" data-end=\"356\">2 h 10<\/strong><\/p>\n<p data-start=\"358\" data-end=\"487\"><strong data-start=\"358\" data-end=\"421\">Quelle est la distance entre Gen\u00e8ve et M\u00e9ribel en minivan ?<\/strong><br data-start=\"421\" data-end=\"424\" \/>Distance des transferts priv\u00e9s de Gen\u00e8ve \u00e0 M\u00e9ribel : <strong data-start=\"477\" data-end=\"487\">185 km<\/strong><\/p>\n<p data-start=\"489\" data-end=\"996\">Transferts priv\u00e9s de <strong data-start=\"510\" data-end=\"534\">l\u2019a\u00e9roport de Gen\u00e8ve<\/strong> \u00e0 <strong data-start=\"537\" data-end=\"548\">M\u00e9ribel<\/strong>. Vous pr\u00e9voyez un s\u00e9jour dans la magnifique station de ski de M\u00e9ribel ? Assurez-vous que votre trajet soit aussi luxueux et confortable que votre destination. Nos services de transfert premium depuis l\u2019a\u00e9roport de Gen\u00e8ve vers M\u00e9ribel proposent une large gamme de v\u00e9hicules Mercedes adapt\u00e9s \u00e0 vos besoins. Des berlines \u00e9l\u00e9gantes aux vans spacieux et bus, nous garantissons une exp\u00e9rience de voyage exceptionnelle. D\u00e9couvrez nos options ci-dessous :<\/p>\n<hr data-start=\"998\" data-end=\"1001\" \/>\n<h3 data-start=\"1003\" data-end=\"1040\">L\u2019exp\u00e9rience de transfert parfaite<\/h3>\n<p data-start=\"1042\" data-end=\"1342\">Voyager de <strong data-start=\"1053\" data-end=\"1077\">l\u2019a\u00e9roport de Gen\u00e8ve<\/strong> \u00e0 <strong data-start=\"1080\" data-end=\"1091\">M\u00e9ribel<\/strong> est un parcours panoramique \u00e0 travers les Alpes. Choisir le bon v\u00e9hicule assure confort et style, que vous voyagiez seul(e), en famille ou en groupe. Notre flotte Mercedes allie \u00e9l\u00e9gance, performance et s\u00e9curit\u00e9, pour rendre votre trajet inoubliable.<\/p>\n<hr data-start=\"1344\" data-end=\"1347\" \/>\n<h3 data-start=\"1349\" data-end=\"1416\">Transfert de l\u2019a\u00e9roport de Gen\u00e8ve \u00e0 M\u00e9ribel en Mercedes Classe E<\/h3>\n<p data-start=\"1418\" data-end=\"1755\">La berline <strong data-start=\"1429\" data-end=\"1450\">Mercedes Classe E<\/strong> incarne sophistication et fiabilit\u00e9. Id\u00e9ale pour les couples ou les petits groupes, elle garantit un trajet fluide et silencieux avec des finitions haut de gamme. Optez pour un <strong data-start=\"1628\" data-end=\"1696\">transfert de l\u2019a\u00e9roport de Gen\u00e8ve \u00e0 M\u00e9ribel en Mercedes Classe E<\/strong> pour profiter d\u2019un luxe et d\u2019une efficacit\u00e9 incomparables.<\/p>\n<p data-start=\"1757\" data-end=\"1817\"><strong data-start=\"1757\" data-end=\"1815\">Caract\u00e9ristiques des transferts en Mercedes Classe E :<\/strong><\/p>\n<ul data-start=\"1818\" data-end=\"1978\">\n<li data-start=\"1818\" data-end=\"1869\">\n<p data-start=\"1820\" data-end=\"1869\">Si\u00e8ges en cuir premium pour un confort optimal.<\/p>\n<\/li>\n<li data-start=\"1870\" data-end=\"1926\">\n<p data-start=\"1872\" data-end=\"1926\">Grand espace pour les bagages et le mat\u00e9riel de ski.<\/p>\n<\/li>\n<li data-start=\"1927\" data-end=\"1978\">\n<p data-start=\"1929\" data-end=\"1978\">Syst\u00e8me de divertissement de derni\u00e8re g\u00e9n\u00e9ration.<\/p>\n<\/li>\n<\/ul>\n<p data-start=\"1980\" data-end=\"2136\">Que vous partiez \u00e0 M\u00e9ribel pour une escapade hivernale ou un s\u00e9jour estival, notre <strong data-start=\"2063\" data-end=\"2084\">Mercedes Classe E<\/strong> offre l\u2019\u00e9quilibre parfait entre style et praticit\u00e9.<\/p>\n<hr data-start=\"2138\" data-end=\"2141\" \/>\n<h3 data-start=\"2143\" data-end=\"2210\">Transfert de <a href=\"https:\/\/www.gva.ch\/en\/\" target=\"_blank\" rel=\"noopener\">l\u2019a\u00e9roport de Gen\u00e8ve<\/a> \u00e0 M\u00e9ribel en Mercedes Classe V<\/h3>\n<p data-start=\"2212\" data-end=\"2348\"><strong data-start=\"2212\" data-end=\"2275\">Combien co\u00fbte un transfert de Gen\u00e8ve \u00e0 M\u00e9ribel en minivan ?<\/strong><br data-start=\"2275\" data-end=\"2278\" \/>Prix des transferts priv\u00e9s de Gen\u00e8ve \u00e0 M\u00e9ribel \u00e0 partir de <strong data-start=\"2337\" data-end=\"2348\">640 CHF<\/strong><\/p>\n<p data-start=\"2350\" data-end=\"2484\"><strong data-start=\"2350\" data-end=\"2421\">Combien de temps dure le transfert de Gen\u00e8ve \u00e0 M\u00e9ribel en minivan ?<\/strong><br data-start=\"2421\" data-end=\"2424\" \/>Dur\u00e9e des transferts priv\u00e9s de Gen\u00e8ve \u00e0 M\u00e9ribel : <strong data-start=\"2474\" data-end=\"2484\">2 h 10<\/strong><\/p>\n<p data-start=\"2486\" data-end=\"2615\"><strong data-start=\"2486\" data-end=\"2549\">Quelle est la distance entre Gen\u00e8ve et M\u00e9ribel en minivan ?<\/strong><br data-start=\"2549\" data-end=\"2552\" \/>Distance des transferts priv\u00e9s de Gen\u00e8ve \u00e0 M\u00e9ribel : <strong data-start=\"2605\" data-end=\"2615\">185 km<\/strong><\/p>\n<p data-start=\"2617\" data-end=\"2911\">Vous voyagez en groupe ? Le van <strong data-start=\"2649\" data-end=\"2670\">Mercedes Classe V<\/strong> offre un int\u00e9rieur spacieux et des \u00e9quipements avanc\u00e9s, pour que tout le monde profite du trajet. Optez pour un <strong data-start=\"2783\" data-end=\"2851\">transfert de l\u2019a\u00e9roport de Gen\u00e8ve \u00e0 M\u00e9ribel en Mercedes Classe V<\/strong> pour une exp\u00e9rience de voyage en groupe fluide et agr\u00e9able.<\/p>\n<p data-start=\"2913\" data-end=\"2958\"><strong data-start=\"2913\" data-end=\"2956\">Pourquoi choisir la Mercedes Classe V ?<\/strong><\/p>\n<ul data-start=\"2959\" data-end=\"3105\">\n<li data-start=\"2959\" data-end=\"2992\">\n<p data-start=\"2961\" data-end=\"2992\">Capacit\u00e9 jusqu\u2019\u00e0 7 passagers.<\/p>\n<\/li>\n<li data-start=\"2993\" data-end=\"3049\">\n<p data-start=\"2995\" data-end=\"3049\">Espace g\u00e9n\u00e9reux pour le mat\u00e9riel de ski et les sacs.<\/p>\n<\/li>\n<li data-start=\"3050\" data-end=\"3105\">\n<p data-start=\"3052\" data-end=\"3105\">Ambiance luxueuse \u00e0 bord pour une exp\u00e9rience premium.<\/p>\n<\/li>\n<\/ul>\n<p data-start=\"3107\" data-end=\"3285\">Un <strong data-start=\"3110\" data-end=\"3178\">transfert de l\u2019a\u00e9roport de Gen\u00e8ve \u00e0 M\u00e9ribel en Mercedes Classe V<\/strong> est parfait pour les familles ou les amis qui voyagent ensemble, offrant luxe et praticit\u00e9 \u00e0 parts \u00e9gales.<\/p>\n<hr data-start=\"3287\" data-end=\"3290\" \/>\n<h3 data-start=\"3292\" data-end=\"3359\">Transfert de l\u2019a\u00e9roport de Gen\u00e8ve \u00e0 M\u00e9ribel en Mercedes Classe S<\/h3>\n<p data-start=\"3361\" data-end=\"3630\">Vivez le summum du luxe avec la <strong data-start=\"3393\" data-end=\"3414\">Mercedes Classe S<\/strong>. Ce v\u00e9hicule red\u00e9finit l\u2019\u00e9l\u00e9gance et constitue le choix privil\u00e9gi\u00e9 des voyageurs exigeants. Optez pour un <strong data-start=\"3521\" data-end=\"3589\">transfert de l\u2019a\u00e9roport de Gen\u00e8ve \u00e0 M\u00e9ribel en Mercedes Classe S<\/strong> afin de voyager dans un confort in\u00e9gal\u00e9.<\/p>\n<p data-start=\"3632\" data-end=\"3685\"><strong data-start=\"3632\" data-end=\"3683\">Caract\u00e9ristiques cl\u00e9s de la Mercedes Classe S :<\/strong><\/p>\n<ul data-start=\"3686\" data-end=\"3874\">\n<li data-start=\"3686\" data-end=\"3750\">\n<p data-start=\"3688\" data-end=\"3750\">Technologie de pointe et dispositifs de s\u00e9curit\u00e9 sup\u00e9rieurs.<\/p>\n<\/li>\n<li data-start=\"3751\" data-end=\"3810\">\n<p data-start=\"3753\" data-end=\"3810\">Int\u00e9rieurs luxueux pour une exp\u00e9rience premi\u00e8re classe.<\/p>\n<\/li>\n<li data-start=\"3811\" data-end=\"3874\">\n<p data-start=\"3813\" data-end=\"3874\">Conduite douce et silencieuse, id\u00e9ale pour les longs trajets.<\/p>\n<\/li>\n<\/ul>\n<p data-start=\"3876\" data-end=\"4054\">Sublimez votre exp\u00e9rience avec un <strong data-start=\"3910\" data-end=\"3978\">transfert de l\u2019a\u00e9roport de Gen\u00e8ve \u00e0 M\u00e9ribel en Mercedes Classe S<\/strong>, le choix parfait pour celles et ceux qui privil\u00e9gient prestige et confort.<\/p>\n<hr data-start=\"4056\" data-end=\"4059\" \/>\n<h3 data-start=\"4061\" data-end=\"4127\">Transfert de l\u2019a\u00e9roport de Gen\u00e8ve \u00e0 M\u00e9ribel en Mercedes Maybach<\/h3>\n<p data-start=\"4129\" data-end=\"4351\">Pour les voyageurs en qu\u00eate d\u2019un luxe absolu, la <strong data-start=\"4178\" data-end=\"4198\">Mercedes Maybach<\/strong> est incomparable. Un <strong data-start=\"4220\" data-end=\"4287\">transfert de l\u2019a\u00e9roport de Gen\u00e8ve \u00e0 M\u00e9ribel en Mercedes Maybach<\/strong> garantit une exp\u00e9rience de voyage v\u00e9ritablement exceptionnelle.<\/p>\n<p data-start=\"4353\" data-end=\"4388\"><strong data-start=\"4353\" data-end=\"4386\">Pourquoi choisir la Maybach ?<\/strong><\/p>\n<ul data-start=\"4389\" data-end=\"4536\">\n<li data-start=\"4389\" data-end=\"4447\">\n<p data-start=\"4391\" data-end=\"4447\">Int\u00e9rieurs artisanaux et souci du d\u00e9tail incomparable.<\/p>\n<\/li>\n<li data-start=\"4448\" data-end=\"4498\">\n<p data-start=\"4450\" data-end=\"4498\">Climatisation avanc\u00e9e pour un confort maximal.<\/p>\n<\/li>\n<li data-start=\"4499\" data-end=\"4536\">\n<p data-start=\"4501\" data-end=\"4536\">Service VIP tout au long du trajet.<\/p>\n<\/li>\n<\/ul>\n<p data-start=\"4538\" data-end=\"4681\">Que ce soit pour affaires ou loisirs, un <strong data-start=\"4579\" data-end=\"4646\">transfert de l\u2019a\u00e9roport de Gen\u00e8ve \u00e0 M\u00e9ribel en Mercedes Maybach<\/strong> vous assure un trajet inoubliable.<\/p>\n<hr data-start=\"4683\" data-end=\"4686\" \/>\n<h3 data-start=\"4688\" data-end=\"4765\">Transfert de l\u2019a\u00e9roport de Gen\u00e8ve \u00e0 M\u00e9ribel en bus Mercedes (16 passagers)<\/h3>\n<p data-start=\"4767\" data-end=\"5040\">Vous organisez un voyage en grand groupe ? Le bus Mercedes <strong data-start=\"4826\" data-end=\"4839\">16 places<\/strong> est con\u00e7u pour un maximum de confort et de praticit\u00e9. Un <strong data-start=\"4897\" data-end=\"4975\">transfert de l\u2019a\u00e9roport de Gen\u00e8ve \u00e0 M\u00e9ribel en bus Mercedes (16 passagers)<\/strong> permet \u00e0 tous les voyageurs de se d\u00e9placer ensemble, avec style.<\/p>\n<p data-start=\"5042\" data-end=\"5075\"><strong data-start=\"5042\" data-end=\"5073\">Avantages du bus Mercedes :<\/strong><\/p>\n<ul data-start=\"5076\" data-end=\"5240\">\n<li data-start=\"5076\" data-end=\"5117\">\n<p data-start=\"5078\" data-end=\"5117\">Si\u00e8ges spacieux jusqu\u2019\u00e0 16 passagers.<\/p>\n<\/li>\n<li data-start=\"5118\" data-end=\"5176\">\n<p data-start=\"5120\" data-end=\"5176\">Grand volume de rangement pour les affaires du groupe.<\/p>\n<\/li>\n<li data-start=\"5177\" data-end=\"5240\">\n<p data-start=\"5179\" data-end=\"5240\">Int\u00e9rieurs confortables avec \u00e9quipements de s\u00e9curit\u00e9 avanc\u00e9s.<\/p>\n<\/li>\n<\/ul>\n<p data-start=\"5242\" data-end=\"5401\">Un <strong data-start=\"5245\" data-end=\"5308\">transfert de l\u2019a\u00e9roport de Gen\u00e8ve \u00e0 M\u00e9ribel en bus Mercedes<\/strong> est la solution id\u00e9ale pour les groupes d\u2019entreprise, r\u00e9unions familiales ou \u00e9quipes de ski.<\/p>\n<hr data-start=\"5403\" data-end=\"5406\" \/>\n<h3 data-start=\"5408\" data-end=\"5455\">Pourquoi choisir nos services de transfert ?<\/h3>\n<p data-start=\"5457\" data-end=\"5652\">En r\u00e9servant un transfert de l\u2019a\u00e9roport de Gen\u00e8ve \u00e0 M\u00e9ribel avec nous, vous optez pour un service qui privil\u00e9gie votre confort, votre s\u00e9curit\u00e9 et votre satisfaction. Voici ce qui nous distingue :<\/p>\n<ol data-start=\"5654\" data-end=\"5990\">\n<li data-start=\"5654\" data-end=\"5730\">\n<p data-start=\"5657\" data-end=\"5730\"><strong data-start=\"5657\" data-end=\"5688\">Chauffeurs professionnels :<\/strong> Exp\u00e9riment\u00e9s, courtois et multilingues.<\/p>\n<\/li>\n<li data-start=\"5731\" data-end=\"5805\">\n<p data-start=\"5734\" data-end=\"5805\"><strong data-start=\"5734\" data-end=\"5751\">Ponctualit\u00e9 :<\/strong> Prises en charge et d\u00e9poses \u00e0 l\u2019heure, sans stress.<\/p>\n<\/li>\n<li data-start=\"5806\" data-end=\"5890\">\n<p data-start=\"5809\" data-end=\"5890\"><strong data-start=\"5809\" data-end=\"5832\">Options flexibles :<\/strong> Trajet solo ou en groupe, nous avons le v\u00e9hicule id\u00e9al.<\/p>\n<\/li>\n<li data-start=\"5891\" data-end=\"5990\">\n<p data-start=\"5894\" data-end=\"5990\"><strong data-start=\"5894\" data-end=\"5912\">Luxe garanti :<\/strong> Une flotte Mercedes alliant performance et \u00e9l\u00e9gance pour un voyage m\u00e9morable.<\/p>\n<\/li>\n<\/ol>\n<hr data-start=\"5992\" data-end=\"5995\" \/>\n<h3 data-start=\"5997\" data-end=\"6043\">D\u00e9couvrez la route panoramique vers M\u00e9ribel<\/h3>\n<p data-start=\"6045\" data-end=\"6370\">Le trajet de <strong data-start=\"6058\" data-end=\"6082\">l\u2019a\u00e9roport de Gen\u00e8ve<\/strong> \u00e0 <strong data-start=\"6085\" data-end=\"6096\">M\u00e9ribel<\/strong> est un r\u00e9gal pour les yeux. En serpentant \u00e0 travers des paysages alpins pittoresques, cette route d\u2019environ <strong data-start=\"6205\" data-end=\"6215\">2 h 30<\/strong> fait autant partie de vos vacances que la destination elle-m\u00eame. Voyager en Mercedes vous permet de profiter de l\u2019itin\u00e9raire dans un confort incomparable.<\/p>\n<p data-start=\"6372\" data-end=\"6898\">Si vous souhaitez explorer davantage le m\u00eame domaine skiable pendant votre s\u00e9jour, <a href=\"https:\/\/genevaways.com\/fr\/courchevel\/\"><span style=\"text-decoration: underline;\"><strong data-start=\"6455\" data-end=\"6469\">Courchevel<\/strong><\/span> <\/a>est un excellent compl\u00e9ment au sein des <strong data-start=\"6510\" data-end=\"6523\">3 Vall\u00e9es<\/strong> : ses villages voisins et ses terrains vari\u00e9s en font une escapade facile pour une journ\u00e9e sur d\u2019autres pistes ou pour changer d\u2019ambiance. Vous pouvez consulter les informations pratiques et les mises \u00e0 jour saisonni\u00e8res sur le site officiel : <a class=\"decorated-link\" href=\"https:\/\/courchevel.com\/en\/\" target=\"_new\" rel=\"noopener\" data-start=\"6768\" data-end=\"6794\">https:\/\/courchevel.com\/en\/<\/a>. Choisir le bon v\u00e9hicule garantit confort et style, que vous voyagiez seul(e), en famille ou en groupe.<\/p>\n<p data-start=\"6900\" data-end=\"7067\">Optez pour un <strong data-start=\"6914\" data-end=\"6961\">transfert de l\u2019a\u00e9roport de Gen\u00e8ve \u00e0 M\u00e9ribel<\/strong> en <strong data-start=\"6965\" data-end=\"7015\">Mercedes Classe E, Classe V, Classe S, Maybach<\/strong> ou en <strong data-start=\"7022\" data-end=\"7039\">bus 16 places<\/strong> pour sublimer votre voyage.<\/p>\n<hr data-start=\"7069\" data-end=\"7072\" \/>\n<h3 data-start=\"7074\" data-end=\"7101\">R\u00e9server votre transfert<\/h3>\n<p data-start=\"7103\" data-end=\"7208\">R\u00e9server votre transfert de l\u2019a\u00e9roport de Gen\u00e8ve \u00e0 M\u00e9ribel est simple et sans tracas. Suivez ces \u00e9tapes :<\/p>\n<ol data-start=\"7210\" data-end=\"7508\">\n<li data-start=\"7210\" data-end=\"7272\">\n<p data-start=\"7213\" data-end=\"7272\">Visitez notre site web ou contactez notre service client.<\/p>\n<\/li>\n<li data-start=\"7273\" data-end=\"7339\">\n<p data-start=\"7276\" data-end=\"7339\">Choisissez votre v\u00e9hicule Mercedes pr\u00e9f\u00e9r\u00e9 dans notre flotte.<\/p>\n<\/li>\n<li data-start=\"7340\" data-end=\"7439\">\n<p data-start=\"7343\" data-end=\"7439\">Fournissez vos d\u00e9tails de voyage, y compris les informations de vol et le nombre de passagers.<\/p>\n<\/li>\n<li data-start=\"7440\" data-end=\"7508\">\n<p data-start=\"7443\" data-end=\"7508\">Confirmez votre r\u00e9servation et pr\u00e9parez-vous \u00e0 un trajet luxueux.<\/p>\n<\/li>\n<\/ol>\n<hr data-start=\"7510\" data-end=\"7513\" \/>\n<h3 data-start=\"7515\" data-end=\"7528\">Conclusion<\/h3>\n<p data-start=\"7530\" data-end=\"7863\">Voyager de l\u2019a\u00e9roport de Gen\u00e8ve \u00e0 M\u00e9ribel n\u2019a pas \u00e0 \u00eatre stressant. Gr\u00e2ce \u00e0 notre gamme de v\u00e9hicules Mercedes, profitez d\u2019un trajet aussi luxueux que votre destination. Que vous choisissiez un <strong data-start=\"7723\" data-end=\"7770\">transfert de l\u2019a\u00e9roport de Gen\u00e8ve \u00e0 M\u00e9ribel<\/strong> en <strong data-start=\"7774\" data-end=\"7815\">Classe E, <a href=\"https:\/\/genevaways.com\/fr\/fleet\/mercedes-v-class\/\">Classe V<\/a>, Classe S, Maybach<\/strong> ou en <strong data-start=\"7822\" data-end=\"7829\">bus<\/strong>, vous \u00eates entre de bonnes mains.<\/p>\n<p data-start=\"7865\" data-end=\"8001\" data-is-last-node=\"\" data-is-only-node=\"\">R\u00e9servez d\u00e8s aujourd\u2019hui et laissez-nous nous occuper du reste. Votre confort, votre praticit\u00e9 et votre satisfaction sont nos priorit\u00e9s.<\/p>\n<p>[\/vc_column_text][\/vc_column][\/vc_row][vc_row][vc_column][vc_empty_space height=&#8221;70px&#8221;][\/vc_column][\/vc_row]<\/p>\n<\/div>","protected":false},"excerpt":{"rendered":"<p>[vc_row type=&#8221;full_width_section&#8221;][vc_column][vc_column_text] Transferts de luxe de l\u2019a\u00e9roport de Gen\u00e8ve \u00e0 M\u00e9ribel avec des v\u00e9hicules Mercedes Combien co\u00fbte un transfert de Gen\u00e8ve \u00e0 M\u00e9ribel en minivan ?Prix des transferts priv\u00e9s de Gen\u00e8ve \u00e0 M\u00e9ribel \u00e0 partir de 640 CHF Combien de temps dure le transfert de Gen\u00e8ve \u00e0 M\u00e9ribel en minivan ?Dur\u00e9e des transferts priv\u00e9s de<\/p>\n","protected":false},"author":4,"featured_media":0,"parent":0,"menu_order":0,"comment_status":"closed","ping_status":"closed","template":"","meta":{"footnotes":""},"class_list":["post-3898","page","type-page","status-publish","hentry"],"_links":{"self":[{"href":"https:\/\/genevaways.com\/fr\/wp-json\/wp\/v2\/pages\/3898","targetHints":{"allow":["GET"]}}],"collection":[{"href":"https:\/\/genevaways.com\/fr\/wp-json\/wp\/v2\/pages"}],"about":[{"href":"https:\/\/genevaways.com\/fr\/wp-json\/wp\/v2\/types\/page"}],"author":[{"embeddable":true,"href":"https:\/\/genevaways.com\/fr\/wp-json\/wp\/v2\/users\/4"}],"replies":[{"embeddable":true,"href":"https:\/\/genevaways.com\/fr\/wp-json\/wp\/v2\/comments?post=3898"}],"version-history":[{"count":12,"href":"https:\/\/genevaways.com\/fr\/wp-json\/wp\/v2\/pages\/3898\/revisions"}],"predecessor-version":[{"id":7134,"href":"https:\/\/genevaways.com\/fr\/wp-json\/wp\/v2\/pages\/3898\/revisions\/7134"}],"wp:attachment":[{"href":"https:\/\/genevaways.com\/fr\/wp-json\/wp\/v2\/media?parent=3898"}],"curies":[{"name":"wp","href":"https:\/\/api.w.org\/{rel}","templated":true}]}}