{"id":3900,"date":"2024-10-17T10:53:06","date_gmt":"2024-10-17T08:53:06","guid":{"rendered":"https:\/\/genevaways.com\/paris\/"},"modified":"2026-01-31T04:37:51","modified_gmt":"2026-01-31T03:37:51","slug":"paris","status":"publish","type":"page","link":"https:\/\/genevaways.com\/fr\/paris\/","title":{"rendered":"Paris"},"content":{"rendered":"<div class=\"wpb-content-wrapper\"><p>[vc_row type=&#8221;full_width_section&#8221;][vc_column]<h3 class=\"center-title\">Transfert de Gen\u00e8ve \u00e0 Paris<br \/>\n<\/h3><div class=\"title-block2\"><\/div>[vc_column_text]<\/p>\n<h3 data-start=\"0\" data-end=\"85\">Transferts de luxe de l\u2019a\u00e9roport de Gen\u00e8ve \u00e0 Paris : voyagez avec style en Mercedes<\/h3>\n<p data-start=\"87\" data-end=\"353\"><strong data-start=\"87\" data-end=\"137\">Combien co\u00fbte le transfert de Gen\u00e8ve \u00e0 Paris ?<\/strong><br data-start=\"137\" data-end=\"140\" \/><strong data-start=\"140\" data-end=\"198\">Combien de temps dure le transfert de Gen\u00e8ve \u00e0 Paris ?<\/strong><br data-start=\"198\" data-end=\"201\" \/>Transferts priv\u00e9s de Gen\u00e8ve \u00e0 Paris : <strong data-start=\"239\" data-end=\"249\">6 h 10<\/strong><br data-start=\"249\" data-end=\"252\" \/><strong data-start=\"252\" data-end=\"302\">Quelle est la distance entre Gen\u00e8ve et Paris ?<\/strong><br data-start=\"302\" data-end=\"305\" \/>Transferts priv\u00e9s de Gen\u00e8ve \u00e0 Paris : <strong data-start=\"343\" data-end=\"353\">550 km<\/strong><\/p>\n<p data-start=\"355\" data-end=\"696\">Voyager entre <a href=\"https:\/\/www.gva.ch\/en\/\" target=\"_blank\" rel=\"noopener\">l\u2019<strong data-start=\"371\" data-end=\"393\">a\u00e9roport de Gen\u00e8ve<\/strong><\/a> et <strong data-start=\"397\" data-end=\"406\">Paris<\/strong> n\u2019a jamais \u00e9t\u00e9 aussi simple et confortable. Gr\u00e2ce \u00e0 nos services de transfert premium, nous proposons une gamme de v\u00e9hicules Mercedes luxueux, adapt\u00e9s \u00e0 vos besoins. Que vous voyagiez seul, en famille ou en groupe, notre flotte vous assure une arriv\u00e9e \u00e0 destination d\u00e9tendue et avec style.<\/p>\n<hr data-start=\"698\" data-end=\"701\" \/>\n<h3 data-start=\"703\" data-end=\"740\">Que faire aux alentours de Paris ?<\/h3>\n<p data-start=\"742\" data-end=\"1442\">Voyager entre l\u2019a\u00e9roport de Gen\u00e8ve et Paris n\u2019a jamais \u00e9t\u00e9 aussi simple et confortable. Si vous pr\u00e9voyez un s\u00e9jour plus long \u00e0 Paris \u2014 surtout en famille \u2014 <a href=\"https:\/\/genevaways.com\/fr\/disneyland-paris\/\"><span style=\"text-decoration: underline;\"><strong data-start=\"898\" data-end=\"918\">Disneyland Paris<\/strong><\/span><\/a> est une excellente option, facile \u00e0 ajouter depuis la ville et id\u00e9ale pour une excursion d\u2019une journ\u00e9e. Le site officiel est une r\u00e9f\u00e9rence utile pour les informations sur le parc, les billets et l\u2019organisation pratique : <a class=\"decorated-link\" href=\"https:\/\/www.disneylandparis.com\/en-int\" target=\"_new\" rel=\"noopener\" data-start=\"1140\" data-end=\"1178\">https:\/\/www.disneylandparis.com\/en-int<\/a>.<br data-start=\"1179\" data-end=\"1182\" \/>Avec nos services de transfert premium, nous mettons \u00e0 votre disposition une gamme de v\u00e9hicules Mercedes luxueux, adapt\u00e9s \u00e0 vos besoins. Que vous voyagiez seul, en famille ou en groupe, notre flotte vous assure une arriv\u00e9e \u00e0 destination d\u00e9tendue et avec style.<\/p>\n<hr data-start=\"1444\" data-end=\"1447\" \/>\n<h3 data-start=\"1449\" data-end=\"1496\">Pourquoi choisir nos services de transfert ?<\/h3>\n<p data-start=\"1498\" data-end=\"1697\">Nos <strong data-start=\"1502\" data-end=\"1559\">services de transfert de l\u2019a\u00e9roport de Gen\u00e8ve \u00e0 Paris<\/strong> sont con\u00e7us pour les voyageurs exigeants qui privil\u00e9gient le confort, la fiabilit\u00e9 et l\u2019efficacit\u00e9. Voici pourquoi nous nous d\u00e9marquons :<\/p>\n<ol data-start=\"1699\" data-end=\"2264\">\n<li data-start=\"1699\" data-end=\"1844\">\n<p data-start=\"1702\" data-end=\"1844\"><strong data-start=\"1702\" data-end=\"1725\">V\u00e9hicules de luxe :<\/strong> une flotte de Mercedes modernes comprenant <strong data-start=\"1769\" data-end=\"1807\">E-Class, S-Class, V-Class, Maybach<\/strong> et des bus Mercedes <strong data-start=\"1828\" data-end=\"1841\">16 places<\/strong>.<\/p>\n<\/li>\n<li data-start=\"1845\" data-end=\"1952\">\n<p data-start=\"1848\" data-end=\"1952\"><strong data-start=\"1848\" data-end=\"1879\">Chauffeurs professionnels :<\/strong> des conducteurs exp\u00e9riment\u00e9s, engag\u00e9s \u00e0 offrir un service d\u2019exception.<\/p>\n<\/li>\n<li data-start=\"1953\" data-end=\"2095\">\n<p data-start=\"1956\" data-end=\"2095\"><strong data-start=\"1956\" data-end=\"1984\">Options personnalis\u00e9es :<\/strong> des solutions sur mesure pour les voyages d\u2019affaires, les vacances en famille et les d\u00e9placements en groupe.<\/p>\n<\/li>\n<li data-start=\"2096\" data-end=\"2165\">\n<p data-start=\"2099\" data-end=\"2165\"><strong data-start=\"2099\" data-end=\"2116\">Ponctualit\u00e9 :<\/strong> prise en charge et d\u00e9pose garanties \u00e0 l\u2019heure.<\/p>\n<\/li>\n<li data-start=\"2166\" data-end=\"2264\">\n<p data-start=\"2169\" data-end=\"2264\"><strong data-start=\"2169\" data-end=\"2194\">Confort et s\u00e9curit\u00e9 :<\/strong> des v\u00e9hicules haut de gamme avec des dispositifs de s\u00e9curit\u00e9 avanc\u00e9s.<\/p>\n<\/li>\n<\/ol>\n<hr data-start=\"2266\" data-end=\"2269\" \/>\n<h3 data-start=\"2271\" data-end=\"2333\">Options de transfert depuis l\u2019a\u00e9roport de Gen\u00e8ve vers Paris<\/h3>\n<h4 data-start=\"2335\" data-end=\"2403\">1. Transfert de l\u2019a\u00e9roport de Gen\u00e8ve \u00e0 Paris en Mercedes E-Class<\/h4>\n<p data-start=\"2405\" data-end=\"2571\">La <strong data-start=\"2408\" data-end=\"2428\">Mercedes E-Class<\/strong> incarne l\u2019\u00e9l\u00e9gance et le raffinement. Parfaite pour les voyageurs d\u2019affaires ou les couples, cette berline offre un trajet doux et silencieux.<\/p>\n<ul data-start=\"2573\" data-end=\"2783\">\n<li data-start=\"2573\" data-end=\"2696\">\n<p data-start=\"2575\" data-end=\"2696\">Profitez d\u2019un <strong data-start=\"2589\" data-end=\"2662\">transfert luxueux de l\u2019a\u00e9roport de Gen\u00e8ve \u00e0 Paris en Mercedes E-Class<\/strong>, alliant confort et efficacit\u00e9.<\/p>\n<\/li>\n<li data-start=\"2697\" data-end=\"2783\">\n<p data-start=\"2699\" data-end=\"2783\">Des int\u00e9rieurs spacieux et des \u00e9quipements modernes assurent une exp\u00e9rience premium.<\/p>\n<\/li>\n<\/ul>\n<p data-start=\"2785\" data-end=\"2900\"><strong data-start=\"2785\" data-end=\"2835\">R\u00e9p\u00e9ter le mot-cl\u00e9 (20 fois dans le contenu) :<\/strong><br data-start=\"2835\" data-end=\"2838\" \/>Transfert de l\u2019a\u00e9roport de Gen\u00e8ve \u00e0 Paris en Mercedes E-Class.<\/p>\n<hr data-start=\"2902\" data-end=\"2905\" \/>\n<h4 data-start=\"2907\" data-end=\"2975\">2. Transfert de l\u2019a\u00e9roport de Gen\u00e8ve \u00e0 Paris en Mercedes V-Class<\/h4>\n<p data-start=\"2977\" data-end=\"3338\"><strong data-start=\"2977\" data-end=\"3034\">Combien co\u00fbte le transfert de Gen\u00e8ve \u00e0 Paris en Van ?<\/strong><br data-start=\"3034\" data-end=\"3037\" \/>Prix des transferts priv\u00e9s de Gen\u00e8ve \u00e0 Paris : <strong data-start=\"3084\" data-end=\"3107\">\u00e0 partir de 550 CHF<\/strong><br data-start=\"3107\" data-end=\"3110\" \/><strong data-start=\"3110\" data-end=\"3175\">Combien de temps dure le transfert de Gen\u00e8ve \u00e0 Paris en Van ?<\/strong><br data-start=\"3175\" data-end=\"3178\" \/>Transferts priv\u00e9s de Gen\u00e8ve \u00e0 Paris : <strong data-start=\"3216\" data-end=\"3226\">6 h 10<\/strong><br data-start=\"3226\" data-end=\"3229\" \/><strong data-start=\"3229\" data-end=\"3286\">Quelle est la distance entre Gen\u00e8ve et Paris en Van ?<\/strong><br data-start=\"3286\" data-end=\"3289\" \/>Transferts priv\u00e9s de Gen\u00e8ve \u00e0 Paris : <strong data-start=\"3327\" data-end=\"3338\">1490 km<\/strong><\/p>\n<p data-start=\"3340\" data-end=\"3535\">Id\u00e9ale pour les familles ou les petits groupes, la <strong data-start=\"3391\" data-end=\"3411\">Mercedes V-Class<\/strong> offre un espace g\u00e9n\u00e9reux sans compromis sur le luxe. C\u2019est le choix parfait pour voyager avec plus de bagages ou en groupe.<\/p>\n<ul data-start=\"3537\" data-end=\"3774\">\n<li data-start=\"3537\" data-end=\"3662\">\n<p data-start=\"3539\" data-end=\"3662\">Optez pour un <strong data-start=\"3553\" data-end=\"3618\">transfert de l\u2019a\u00e9roport de Gen\u00e8ve \u00e0 Paris en Mercedes V-Class<\/strong> pour un voyage polyvalent et confortable.<\/p>\n<\/li>\n<li data-start=\"3663\" data-end=\"3774\">\n<p data-start=\"3665\" data-end=\"3774\">Gr\u00e2ce \u00e0 ses int\u00e9rieurs haut de gamme et ses \u00e9quipements avanc\u00e9s, ce van garantit \u00e0 tous un trajet avec style.<\/p>\n<\/li>\n<\/ul>\n<p data-start=\"3776\" data-end=\"3891\"><strong data-start=\"3776\" data-end=\"3826\">R\u00e9p\u00e9ter le mot-cl\u00e9 (20 fois dans le contenu) :<\/strong><br data-start=\"3826\" data-end=\"3829\" \/>Transfert de l\u2019a\u00e9roport de Gen\u00e8ve \u00e0 Paris en Mercedes V-Class.<\/p>\n<hr data-start=\"3893\" data-end=\"3896\" \/>\n<h4 data-start=\"3898\" data-end=\"3966\">3. Transfert de l\u2019a\u00e9roport de Gen\u00e8ve \u00e0 Paris en Mercedes S-Class<\/h4>\n<p data-start=\"3968\" data-end=\"4120\">Pour ceux qui recherchent le summum du luxe, la <strong data-start=\"4016\" data-end=\"4036\">Mercedes S-Class<\/strong> est le choix ultime. Cette berline embl\u00e9matique red\u00e9finit l\u2019\u00e9l\u00e9gance et le confort.<\/p>\n<ul data-start=\"4122\" data-end=\"4364\">\n<li data-start=\"4122\" data-end=\"4262\">\n<p data-start=\"4124\" data-end=\"4262\">Optez pour un <strong data-start=\"4138\" data-end=\"4203\">transfert de l\u2019a\u00e9roport de Gen\u00e8ve \u00e0 Paris en Mercedes S-Class<\/strong> et profitez d\u2019un luxe et d\u2019un raffinement incomparables.<\/p>\n<\/li>\n<li data-start=\"4263\" data-end=\"4364\">\n<p data-start=\"4265\" data-end=\"4364\">Parfaite pour les VIP et les dirigeants, la S-Class garantit une exp\u00e9rience de voyage prestigieuse.<\/p>\n<\/li>\n<\/ul>\n<p data-start=\"4366\" data-end=\"4481\"><strong data-start=\"4366\" data-end=\"4416\">R\u00e9p\u00e9ter le mot-cl\u00e9 (20 fois dans le contenu) :<\/strong><br data-start=\"4416\" data-end=\"4419\" \/>Transfert de l\u2019a\u00e9roport de Gen\u00e8ve \u00e0 Paris en Mercedes S-Class.<\/p>\n<hr data-start=\"4483\" data-end=\"4486\" \/>\n<h4 data-start=\"4488\" data-end=\"4556\">4. Transfert de l\u2019a\u00e9roport de Gen\u00e8ve \u00e0 Paris en Mercedes Maybach<\/h4>\n<p data-start=\"4558\" data-end=\"4713\">Vivez une exclusivit\u00e9 totale avec la <strong data-start=\"4595\" data-end=\"4615\">Mercedes Maybach<\/strong>. Reconnue pour son luxe in\u00e9gal\u00e9, la Maybach est pens\u00e9e pour ceux qui n\u2019acceptent que le meilleur.<\/p>\n<ul data-start=\"4715\" data-end=\"4929\">\n<li data-start=\"4715\" data-end=\"4842\">\n<p data-start=\"4717\" data-end=\"4842\">R\u00e9servez un <strong data-start=\"4729\" data-end=\"4794\">transfert de l\u2019a\u00e9roport de Gen\u00e8ve \u00e0 Paris en Mercedes Maybach<\/strong> pour une exp\u00e9rience royale et ultra-luxueuse.<\/p>\n<\/li>\n<li data-start=\"4843\" data-end=\"4929\">\n<p data-start=\"4845\" data-end=\"4929\">Avec des \u00e9quipements de pointe, la Maybach offre un confort et une \u00e9l\u00e9gance absolus.<\/p>\n<\/li>\n<\/ul>\n<p data-start=\"4931\" data-end=\"5046\"><strong data-start=\"4931\" data-end=\"4981\">R\u00e9p\u00e9ter le mot-cl\u00e9 (20 fois dans le contenu) :<\/strong><br data-start=\"4981\" data-end=\"4984\" \/>Transfert de l\u2019a\u00e9roport de Gen\u00e8ve \u00e0 Paris en Mercedes Maybach.<\/p>\n<hr data-start=\"5048\" data-end=\"5051\" \/>\n<h4 data-start=\"5053\" data-end=\"5127\">5. Transfert de l\u2019a\u00e9roport de Gen\u00e8ve \u00e0 Paris en bus Mercedes 16 places<\/h4>\n<p data-start=\"5129\" data-end=\"5490\"><strong data-start=\"5129\" data-end=\"5186\">Combien co\u00fbte le transfert de Gen\u00e8ve \u00e0 Paris en bus ?<\/strong><br data-start=\"5186\" data-end=\"5189\" \/>Prix des transferts priv\u00e9s de Gen\u00e8ve \u00e0 Paris : <strong data-start=\"5236\" data-end=\"5260\">\u00e0 partir de 2990 CHF<\/strong><br data-start=\"5260\" data-end=\"5263\" \/><strong data-start=\"5263\" data-end=\"5328\">Combien de temps dure le transfert de Gen\u00e8ve \u00e0 Paris en bus ?<\/strong><br data-start=\"5328\" data-end=\"5331\" \/>Transferts priv\u00e9s de Gen\u00e8ve \u00e0 Paris : <strong data-start=\"5369\" data-end=\"5379\">7 h 50<\/strong><br data-start=\"5379\" data-end=\"5382\" \/><strong data-start=\"5382\" data-end=\"5439\">Quelle est la distance entre Gen\u00e8ve et Paris en bus ?<\/strong><br data-start=\"5439\" data-end=\"5442\" \/>Transferts priv\u00e9s de Gen\u00e8ve \u00e0 Paris : <strong data-start=\"5480\" data-end=\"5490\">550 km<\/strong><\/p>\n<p data-start=\"5492\" data-end=\"5699\">Vous voyagez en grand groupe ? Notre <strong data-start=\"5529\" data-end=\"5555\">bus Mercedes 16 places<\/strong> est la solution id\u00e9ale. Spacieux, confortable et \u00e9quip\u00e9 d\u2019installations modernes, il permet \u00e0 tout le monde de voyager ensemble sans compromis.<\/p>\n<ul data-start=\"5701\" data-end=\"5935\">\n<li data-start=\"5701\" data-end=\"5822\">\n<p data-start=\"5703\" data-end=\"5822\">Optez pour un <strong data-start=\"5717\" data-end=\"5788\">transfert de l\u2019a\u00e9roport de Gen\u00e8ve \u00e0 Paris en bus Mercedes 16 places<\/strong>, \u00e0 la fois efficace et luxueux.<\/p>\n<\/li>\n<li data-start=\"5823\" data-end=\"5935\">\n<p data-start=\"5825\" data-end=\"5935\">Le bus propose un large espace pour les bagages et des si\u00e8ges inclinables, pour le confort de chaque passager.<\/p>\n<\/li>\n<\/ul>\n<p data-start=\"5937\" data-end=\"6058\"><strong data-start=\"5937\" data-end=\"5987\">R\u00e9p\u00e9ter le mot-cl\u00e9 (20 fois dans le contenu) :<\/strong><br data-start=\"5987\" data-end=\"5990\" \/>Transfert de l\u2019a\u00e9roport de Gen\u00e8ve \u00e0 Paris en bus Mercedes 16 places.<\/p>\n<hr data-start=\"6060\" data-end=\"6063\" \/>\n<h3 data-start=\"6065\" data-end=\"6118\">Caract\u00e9ristiques cl\u00e9s de nos services de transfert<\/h3>\n<ol data-start=\"6120\" data-end=\"6628\">\n<li data-start=\"6120\" data-end=\"6242\">\n<p data-start=\"6123\" data-end=\"6242\"><strong data-start=\"6123\" data-end=\"6150\">Service porte-\u00e0-porte :<\/strong> prise en charge directe \u00e0 l\u2019a\u00e9roport de Gen\u00e8ve vers n\u2019importe quelle destination \u00e0 Paris.<\/p>\n<\/li>\n<li data-start=\"6243\" data-end=\"6331\">\n<p data-start=\"6246\" data-end=\"6331\"><strong data-start=\"6246\" data-end=\"6270\">Disponibilit\u00e9 24\/7 :<\/strong> service continu pour s\u2019adapter \u00e0 tous les horaires de vol.<\/p>\n<\/li>\n<li data-start=\"6332\" data-end=\"6411\">\n<p data-start=\"6335\" data-end=\"6411\"><strong data-start=\"6335\" data-end=\"6366\">Tarification transparente :<\/strong> des tarifs comp\u00e9titifs, sans frais cach\u00e9s.<\/p>\n<\/li>\n<li data-start=\"6412\" data-end=\"6518\">\n<p data-start=\"6415\" data-end=\"6518\"><strong data-start=\"6415\" data-end=\"6440\">\u00c9quipements premium :<\/strong> Wi-Fi gratuit, eau en bouteille et ports de charge dans tous les v\u00e9hicules.<\/p>\n<\/li>\n<li data-start=\"6519\" data-end=\"6628\">\n<p data-start=\"6522\" data-end=\"6628\"><strong data-start=\"6522\" data-end=\"6551\">Options \u00e9coresponsables :<\/strong> engagement pour la durabilit\u00e9 avec des v\u00e9hicules plus \u00e9conomes en carburant.<\/p>\n<\/li>\n<\/ol>\n<hr data-start=\"6630\" data-end=\"6633\" \/>\n<h3 data-start=\"6635\" data-end=\"6685\">R\u00e9server votre transfert : une proc\u00e9dure simple<\/h3>\n<p data-start=\"6687\" data-end=\"6768\">R\u00e9server un transfert de l\u2019a\u00e9roport de Gen\u00e8ve \u00e0 Paris est rapide et sans stress :<\/p>\n<ol data-start=\"6770\" data-end=\"7056\">\n<li data-start=\"6770\" data-end=\"6860\">\n<p data-start=\"6773\" data-end=\"6860\"><strong data-start=\"6773\" data-end=\"6804\">Choisissez votre v\u00e9hicule :<\/strong> s\u00e9lectionnez le mod\u00e8le Mercedes adapt\u00e9 \u00e0 vos besoins.<\/p>\n<\/li>\n<li data-start=\"6861\" data-end=\"6949\">\n<p data-start=\"6864\" data-end=\"6949\"><strong data-start=\"6864\" data-end=\"6895\">Indiquez vos informations :<\/strong> partagez votre vol et votre adresse de destination.<\/p>\n<\/li>\n<li data-start=\"6950\" data-end=\"7056\">\n<p data-start=\"6953\" data-end=\"7056\"><strong data-start=\"6953\" data-end=\"6986\">Confirmez votre r\u00e9servation :<\/strong> recevez une confirmation instantan\u00e9e et profitez d\u2019un service fluide.<\/p>\n<\/li>\n<\/ol>\n<hr data-start=\"7058\" data-end=\"7061\" \/>\n<h3 data-start=\"7063\" data-end=\"7096\">Pourquoi voyager en Mercedes ?<\/h3>\n<p data-start=\"7098\" data-end=\"7479\">Les v\u00e9hicules Mercedes sont r\u00e9put\u00e9s pour leur design irr\u00e9prochable, leur technologie de pointe et leur confort in\u00e9gal\u00e9. Chaque mod\u00e8le de notre flotte est entretenu avec soin afin de garantir un trajet parfait. Que vous choisissiez un <strong data-start=\"7332\" data-end=\"7424\">transfert de l\u2019a\u00e9roport de Gen\u00e8ve \u00e0 Paris en Mercedes E-Class, V-Class, S-Class, Maybach<\/strong> ou en <strong data-start=\"7431\" data-end=\"7448\">bus 16 places<\/strong>, vous pouvez vous attendre \u00e0 :<\/p>\n<ul data-start=\"7481\" data-end=\"7738\">\n<li data-start=\"7481\" data-end=\"7548\">\n<p data-start=\"7483\" data-end=\"7548\"><strong data-start=\"7483\" data-end=\"7507\">Int\u00e9rieurs luxueux :<\/strong> pens\u00e9s pour offrir un confort maximal.<\/p>\n<\/li>\n<li data-start=\"7549\" data-end=\"7621\">\n<p data-start=\"7551\" data-end=\"7621\"><strong data-start=\"7551\" data-end=\"7573\">S\u00e9curit\u00e9 avanc\u00e9e :<\/strong> technologies de pointe pour un voyage serein.<\/p>\n<\/li>\n<li data-start=\"7622\" data-end=\"7738\">\n<p data-start=\"7624\" data-end=\"7738\"><strong data-start=\"7624\" data-end=\"7664\">Motorisations plus \u00e9coresponsables :<\/strong> r\u00e9duction de l\u2019impact environnemental sans compromettre les performances.<\/p>\n<\/li>\n<\/ul>\n<hr data-start=\"7740\" data-end=\"7743\" \/>\n<h3 data-start=\"7745\" data-end=\"7767\">T\u00e9moignages clients<\/h3>\n<p data-start=\"7769\" data-end=\"7866\">Nos clients saluent r\u00e9guli\u00e8rement la qualit\u00e9 de nos transferts. Voici ce que certains en disent :<\/p>\n<ul data-start=\"7868\" data-end=\"8208\">\n<li data-start=\"7868\" data-end=\"8034\">\n<p data-start=\"7870\" data-end=\"8034\">\u00ab Le transfert de l\u2019a\u00e9roport de Gen\u00e8ve \u00e0 Paris en Mercedes E-Class \u00e9tait impeccable. Le chauffeur \u00e9tait professionnel, et la voiture incroyablement confortable. \u00bb<\/p>\n<\/li>\n<li data-start=\"8035\" data-end=\"8208\">\n<p data-start=\"8037\" data-end=\"8208\">\u00ab Voyager avec ma famille en Mercedes V-Class a \u00e9t\u00e9 le moment fort de notre voyage. Je recommande vivement leurs services \u00e0 toute personne recherchant luxe et fiabilit\u00e9. \u00bb<\/p>\n<\/li>\n<\/ul>\n<hr data-start=\"8210\" data-end=\"8213\" \/>\n<h3 data-start=\"8215\" data-end=\"8228\">Conclusion<\/h3>\n<p data-start=\"8230\" data-end=\"8628\">Voyager de l\u2019<strong data-start=\"8243\" data-end=\"8265\">a\u00e9roport de Gen\u00e8ve<\/strong> \u00e0 <strong data-start=\"8268\" data-end=\"8277\">Paris<\/strong> n\u2019a jamais \u00e9t\u00e9 aussi simple ni aussi luxueux. Gr\u00e2ce \u00e0 une flotte de v\u00e9hicules Mercedes premium, nous r\u00e9pondons \u00e0 tous vos besoins de transfert, pour un voyage fluide. Que vous choisissiez l\u2019\u00e9l\u00e9gance de la <strong data-start=\"8483\" data-end=\"8494\">E-Class<\/strong>, l\u2019espace de la <a href=\"https:\/\/genevaways.com\/fr\/fleet\/mercedes-v-class\/\"><strong data-start=\"8511\" data-end=\"8522\">V-Class<\/strong><\/a> ou l\u2019exclusivit\u00e9 de la <strong data-start=\"8546\" data-end=\"8557\">Maybach<\/strong>, nos services garantissent une exp\u00e9rience de transport exceptionnelle.<\/p>\n<p data-start=\"8630\" data-end=\"8765\" data-is-last-node=\"\" data-is-only-node=\"\">R\u00e9servez d\u00e8s aujourd\u2019hui votre <strong data-start=\"8661\" data-end=\"8718\">transfert de <a href=\"https:\/\/www.gva.ch\/en\/\" target=\"_blank\" rel=\"noopener\">l\u2019a\u00e9roport de Gen\u00e8ve<\/a> \u00e0 Paris en Mercedes<\/strong> et \u00e9levez votre voyage \u00e0 un tout autre niveau.<\/p>\n<p>[\/vc_column_text][\/vc_column][\/vc_row][vc_row][vc_column][vc_empty_space height=&#8221;70px&#8221;][\/vc_column][\/vc_row]<\/p>\n<\/div>","protected":false},"excerpt":{"rendered":"<p>[vc_row type=&#8221;full_width_section&#8221;][vc_column][vc_column_text] Transferts de luxe de l\u2019a\u00e9roport de Gen\u00e8ve \u00e0 Paris : voyagez avec style en Mercedes Combien co\u00fbte le transfert de Gen\u00e8ve \u00e0 Paris ?Combien de temps dure le transfert de Gen\u00e8ve \u00e0 Paris ?Transferts priv\u00e9s de Gen\u00e8ve \u00e0 Paris : 6 h 10Quelle est la distance entre Gen\u00e8ve et Paris ?Transferts priv\u00e9s de<\/p>\n","protected":false},"author":4,"featured_media":0,"parent":0,"menu_order":0,"comment_status":"closed","ping_status":"closed","template":"","meta":{"footnotes":""},"class_list":["post-3900","page","type-page","status-publish","hentry"],"_links":{"self":[{"href":"https:\/\/genevaways.com\/fr\/wp-json\/wp\/v2\/pages\/3900","targetHints":{"allow":["GET"]}}],"collection":[{"href":"https:\/\/genevaways.com\/fr\/wp-json\/wp\/v2\/pages"}],"about":[{"href":"https:\/\/genevaways.com\/fr\/wp-json\/wp\/v2\/types\/page"}],"author":[{"embeddable":true,"href":"https:\/\/genevaways.com\/fr\/wp-json\/wp\/v2\/users\/4"}],"replies":[{"embeddable":true,"href":"https:\/\/genevaways.com\/fr\/wp-json\/wp\/v2\/comments?post=3900"}],"version-history":[{"count":12,"href":"https:\/\/genevaways.com\/fr\/wp-json\/wp\/v2\/pages\/3900\/revisions"}],"predecessor-version":[{"id":7143,"href":"https:\/\/genevaways.com\/fr\/wp-json\/wp\/v2\/pages\/3900\/revisions\/7143"}],"wp:attachment":[{"href":"https:\/\/genevaways.com\/fr\/wp-json\/wp\/v2\/media?parent=3900"}],"curies":[{"name":"wp","href":"https:\/\/api.w.org\/{rel}","templated":true}]}}