{"id":3902,"date":"2024-10-17T10:53:03","date_gmt":"2024-10-17T08:53:03","guid":{"rendered":"https:\/\/genevaways.com\/nyon\/"},"modified":"2026-01-31T04:36:42","modified_gmt":"2026-01-31T03:36:42","slug":"nyon","status":"publish","type":"page","link":"https:\/\/genevaways.com\/fr\/nyon\/","title":{"rendered":"Nyon"},"content":{"rendered":"<div class=\"wpb-content-wrapper\"><p>[vc_row type=&#8221;full_width_section&#8221;][vc_column]<h3 class=\"center-title\">Transfert de Gen\u00e8ve \u00e0 Nyon<br \/>\n<\/h3><div class=\"title-block2\"><\/div>[vc_column_text]<\/p>\n<div class=\"flex flex-col text-sm pb-25\">\n<article class=\"text-token-text-primary w-full focus:outline-none [--shadow-height:45px] has-data-writing-block:pointer-events-none has-data-writing-block:-mt-(--shadow-height) has-data-writing-block:pt-(--shadow-height) [&amp;:has([data-writing-block])&gt;*]:pointer-events-auto scroll-mt-[calc(var(--header-height)+min(200px,max(70px,20svh)))]\" dir=\"auto\" tabindex=\"-1\" data-turn-id=\"8493274c-8c6b-44c9-9746-c382421991cd\" data-testid=\"conversation-turn-70\" data-scroll-anchor=\"true\" data-turn=\"assistant\">\n<div class=\"text-base my-auto mx-auto pb-10 [--thread-content-margin:--spacing(4)] @w-sm\/main:[--thread-content-margin:--spacing(6)] @w-lg\/main:[--thread-content-margin:--spacing(16)] px-(--thread-content-margin)\">\n<div class=\"[--thread-content-max-width:40rem] @w-lg\/main:[--thread-content-max-width:48rem] mx-auto max-w-(--thread-content-max-width) flex-1 group\/turn-messages focus-visible:outline-hidden relative flex w-full min-w-0 flex-col agent-turn\" tabindex=\"-1\">\n<div class=\"flex max-w-full flex-col grow\">\n<div class=\"min-h-8 text-message relative flex w-full flex-col items-end gap-2 text-start break-words whitespace-normal [.text-message+&amp;]:mt-1\" dir=\"auto\" data-message-author-role=\"assistant\" data-message-id=\"a88b4863-83bd-490d-8310-95b371f45e9d\" data-message-model-slug=\"gpt-5-2-thinking\">\n<div class=\"flex w-full flex-col gap-1 empty:hidden first:pt-[1px]\">\n<div class=\"markdown prose dark:prose-invert w-full wrap-break-word light markdown-new-styling\">\n<h3 data-start=\"0\" data-end=\"84\">Services de transfert professionnels de l\u2019a\u00e9roport de Gen\u00e8ve \u00e0 Nyon avec Mercedes<\/h3>\n<p data-start=\"86\" data-end=\"205\"><strong data-start=\"86\" data-end=\"135\">Combien co\u00fbte le transfert de Gen\u00e8ve \u00e0 Nyon ?<\/strong><br data-start=\"135\" data-end=\"138\" \/>Prix des transferts priv\u00e9s de Gen\u00e8ve \u00e0 Nyon \u00e0 partir de <strong data-start=\"194\" data-end=\"205\">260 CHF<\/strong><\/p>\n<p data-start=\"207\" data-end=\"328\"><strong data-start=\"207\" data-end=\"264\">Combien de temps dure le transfert de Gen\u00e8ve \u00e0 Nyon ?<\/strong><br data-start=\"264\" data-end=\"267\" \/>Dur\u00e9e des transferts priv\u00e9s de Gen\u00e8ve \u00e0 Nyon : <strong data-start=\"314\" data-end=\"328\">30 minutes<\/strong><\/p>\n<p data-start=\"330\" data-end=\"441\"><strong data-start=\"330\" data-end=\"379\">Quelle est la distance entre Gen\u00e8ve et Nyon ?<\/strong><br data-start=\"379\" data-end=\"382\" \/>Distance des transferts priv\u00e9s de Gen\u00e8ve \u00e0 Nyon : <strong data-start=\"432\" data-end=\"441\">24 km<\/strong><\/p>\n<p data-start=\"443\" data-end=\"857\">\u00c0 votre arriv\u00e9e \u00e0 l\u2019a\u00e9roport de Gen\u00e8ve, votre trajet vers la magnifique ville de Nyon doit \u00eatre aussi fluide et confortable que possible. Gr\u00e2ce \u00e0 notre <strong data-start=\"595\" data-end=\"653\">transfert professionnel de l\u2019a\u00e9roport de Gen\u00e8ve \u00e0 Nyon<\/strong>, nous veillons \u00e0 ce que votre voyage soit luxueux, efficace et adapt\u00e9 \u00e0 vos besoins. Choisissez parmi une large s\u00e9lection de v\u00e9hicules Mercedes premium pour convenir \u00e0 toute occasion ou taille de groupe.<\/p>\n<hr data-start=\"859\" data-end=\"862\" \/>\n<h3 data-start=\"864\" data-end=\"927\">Transfert en Mercedes E-Class de l\u2019a\u00e9roport de Gen\u00e8ve \u00e0 Nyon<\/h3>\n<p data-start=\"929\" data-end=\"1309\">Pour les voyageurs seuls ou les petits groupes en qu\u00eate de sophistication et de style, le <strong data-start=\"1019\" data-end=\"1083\">transfert de l\u2019a\u00e9roport de Gen\u00e8ve \u00e0 Nyon en Mercedes E-Class<\/strong> est un choix id\u00e9al. R\u00e9put\u00e9e pour son \u00e9l\u00e9gance et ses fonctionnalit\u00e9s modernes, la E-Class offre une conduite souple et silencieuse. Que vous voyagiez pour affaires ou pour le loisir, ce v\u00e9hicule garantit confort et fiabilit\u00e9.<\/p>\n<p data-start=\"1311\" data-end=\"1627\">Le <strong data-start=\"1314\" data-end=\"1378\">transfert en Mercedes E-Class de l\u2019a\u00e9roport de Gen\u00e8ve \u00e0 Nyon<\/strong> est parfait pour ceux qui appr\u00e9cient les int\u00e9rieurs raffin\u00e9s, la technologie de pointe et une exp\u00e9rience premi\u00e8re classe. Comptez sur nous pour fournir un service sup\u00e9rieur avec nos <strong data-start=\"1561\" data-end=\"1626\">transferts de l\u2019a\u00e9roport de Gen\u00e8ve \u00e0 Nyon en Mercedes E-Class<\/strong>.<\/p>\n<hr data-start=\"1629\" data-end=\"1632\" \/>\n<h3 data-start=\"1634\" data-end=\"1693\">Transfert en Mercedes Van de l\u2019a\u00e9roport de Gen\u00e8ve \u00e0 Nyon<\/h3>\n<p data-start=\"1695\" data-end=\"1986\">Si vous voyagez en famille ou en groupe, le <strong data-start=\"1739\" data-end=\"1799\">transfert de l\u2019a\u00e9roport de Gen\u00e8ve \u00e0 Nyon en Mercedes Van<\/strong> spacieux et polyvalent assure un trajet confortable pour tous. Avec un grand espace aux jambes et une capacit\u00e9 de bagages g\u00e9n\u00e9reuse, c\u2019est le choix id\u00e9al pour les d\u00e9placements en groupe.<\/p>\n<p data-start=\"1988\" data-end=\"2277\">Le <strong data-start=\"1991\" data-end=\"2051\">transfert en Mercedes Van de l\u2019a\u00e9roport de Gen\u00e8ve \u00e0 Nyon<\/strong> allie praticit\u00e9 et luxe, avec des finitions premium et des \u00e9quipements de s\u00e9curit\u00e9 avanc\u00e9s. Profitez de la tranquillit\u00e9 d\u2019esprit et de la commodit\u00e9 en r\u00e9servant un <strong data-start=\"2216\" data-end=\"2276\">transfert de l\u2019a\u00e9roport de Gen\u00e8ve \u00e0 Nyon en Mercedes Van<\/strong>.<\/p>\n<hr data-start=\"2279\" data-end=\"2282\" \/>\n<h3 data-start=\"2284\" data-end=\"2347\">Transfert en Mercedes V-Class de l\u2019a\u00e9roport de Gen\u00e8ve \u00e0 Nyon<\/h3>\n<p data-start=\"2349\" data-end=\"2475\"><strong data-start=\"2349\" data-end=\"2405\">Combien co\u00fbte le transfert de Gen\u00e8ve \u00e0 Nyon en van ?<\/strong><br data-start=\"2405\" data-end=\"2408\" \/>Prix des transferts priv\u00e9s de Gen\u00e8ve \u00e0 Nyon \u00e0 partir de <strong data-start=\"2464\" data-end=\"2475\">260 CHF<\/strong><\/p>\n<p data-start=\"2477\" data-end=\"2605\"><strong data-start=\"2477\" data-end=\"2541\">Combien de temps dure le transfert de Gen\u00e8ve \u00e0 Nyon en van ?<\/strong><br data-start=\"2541\" data-end=\"2544\" \/>Dur\u00e9e des transferts priv\u00e9s de Gen\u00e8ve \u00e0 Nyon : <strong data-start=\"2591\" data-end=\"2605\">30 minutes<\/strong><\/p>\n<p data-start=\"2607\" data-end=\"2725\"><strong data-start=\"2607\" data-end=\"2663\">Quelle est la distance entre Gen\u00e8ve et Nyon en van ?<\/strong><br data-start=\"2663\" data-end=\"2666\" \/>Distance des transferts priv\u00e9s de Gen\u00e8ve \u00e0 Nyon : <strong data-start=\"2716\" data-end=\"2725\">24 km<\/strong><\/p>\n<p data-start=\"2727\" data-end=\"3007\">Pour une exp\u00e9rience de voyage de groupe sophistiqu\u00e9e, optez pour un <strong data-start=\"2795\" data-end=\"2859\">transfert de l\u2019a\u00e9roport de Gen\u00e8ve \u00e0 Nyon en Mercedes V-Class<\/strong>. Con\u00e7ue pour offrir luxe et confort, la V-Class propose un int\u00e9rieur premium, parfait pour des r\u00e9unions professionnelles ou des voyages en famille.<\/p>\n<p data-start=\"3009\" data-end=\"3346\">Que ce soit pour des d\u00e9placements \u043a\u043e\u0440\u043f\u043e\u0440\u0430\u0442\u0438\u0432atifs ou des occasions sp\u00e9ciales, le <strong data-start=\"3090\" data-end=\"3154\">transfert en Mercedes V-Class de l\u2019a\u00e9roport de Gen\u00e8ve \u00e0 Nyon<\/strong> offre un \u00e9quilibre parfait entre \u00e9l\u00e9gance et fonctionnalit\u00e9. Votre groupe profitera d\u2019une exp\u00e9rience premi\u00e8re classe \u00e0 chaque <strong data-start=\"3281\" data-end=\"3345\">transfert de l\u2019a\u00e9roport de Gen\u00e8ve \u00e0 Nyon en Mercedes V-Class<\/strong>.<\/p>\n<hr data-start=\"3348\" data-end=\"3351\" \/>\n<h3 data-start=\"3353\" data-end=\"3416\">Transfert en Mercedes S-Class de l\u2019a\u00e9roport de Gen\u00e8ve \u00e0 Nyon<\/h3>\n<p data-start=\"3418\" data-end=\"3655\">Offrez-vous un luxe incomparable avec notre <strong data-start=\"3462\" data-end=\"3526\">transfert de l\u2019a\u00e9roport de Gen\u00e8ve \u00e0 Nyon en Mercedes S-Class<\/strong>. Symbole de prestige et de sophistication, la S-Class propose un niveau de confort exceptionnel et des fonctionnalit\u00e9s avanc\u00e9es.<\/p>\n<p data-start=\"3657\" data-end=\"3957\">Parfaite pour les dirigeants ou pour ceux qui souhaitent \u00e9lever leur exp\u00e9rience de voyage, la <strong data-start=\"3751\" data-end=\"3802\">Mercedes S-Class de l\u2019a\u00e9roport de Gen\u00e8ve \u00e0 Nyon<\/strong> garantit un trajet aussi fluide que luxueux. Choisissez le <strong data-start=\"3862\" data-end=\"3926\">transfert de l\u2019a\u00e9roport de Gen\u00e8ve \u00e0 Nyon en Mercedes S-Class<\/strong> pour le summum du raffinement.<\/p>\n<hr data-start=\"3959\" data-end=\"3962\" \/>\n<h3 data-start=\"3964\" data-end=\"4027\">Transfert en Mercedes Maybach de l\u2019a\u00e9roport de Gen\u00e8ve \u00e0 Nyon<\/h3>\n<p data-start=\"4029\" data-end=\"4262\">Pour ceux qui exigent le plus haut niveau de luxe, le <strong data-start=\"4083\" data-end=\"4147\">transfert de l\u2019a\u00e9roport de Gen\u00e8ve \u00e0 Nyon en Mercedes Maybach<\/strong> est l\u2019incarnation de l\u2019opulence. Chaque d\u00e9tail de la Maybach est pens\u00e9 pour le confort, l\u2019exclusivit\u00e9 et le style.<\/p>\n<p data-start=\"4264\" data-end=\"4555\">Avec le <strong data-start=\"4272\" data-end=\"4336\">transfert en Mercedes Maybach de l\u2019a\u00e9roport de Gen\u00e8ve \u00e0 Nyon<\/strong>, vous profitez d\u2019une exp\u00e9rience de voyage extraordinaire, au-del\u00e0 de l\u2019ordinaire. Faites-nous confiance pour offrir un service r\u00e9ellement \u00e9lite \u00e0 chaque <strong data-start=\"4490\" data-end=\"4554\">transfert de l\u2019a\u00e9roport de Gen\u00e8ve \u00e0 Nyon en Mercedes Maybach<\/strong>.<\/p>\n<hr data-start=\"4557\" data-end=\"4560\" \/>\n<h3 data-start=\"4562\" data-end=\"4633\">Transfert en Mercedes Bus (16 places) de l\u2019a\u00e9roport de Gen\u00e8ve \u00e0 Nyon<\/h3>\n<p data-start=\"4635\" data-end=\"4761\"><strong data-start=\"4635\" data-end=\"4691\">Combien co\u00fbte le transfert de Gen\u00e8ve \u00e0 Nyon en bus ?<\/strong><br data-start=\"4691\" data-end=\"4694\" \/>Prix des transferts priv\u00e9s de Gen\u00e8ve \u00e0 Nyon \u00e0 partir de <strong data-start=\"4750\" data-end=\"4761\">440 CHF<\/strong><\/p>\n<p data-start=\"4763\" data-end=\"4891\"><strong data-start=\"4763\" data-end=\"4827\">Combien de temps dure le transfert de Gen\u00e8ve \u00e0 Nyon en bus ?<\/strong><br data-start=\"4827\" data-end=\"4830\" \/>Dur\u00e9e des transferts priv\u00e9s de Gen\u00e8ve \u00e0 Nyon : <strong data-start=\"4877\" data-end=\"4891\">40 minutes<\/strong><\/p>\n<p data-start=\"4893\" data-end=\"5011\"><strong data-start=\"4893\" data-end=\"4949\">Quelle est la distance entre Gen\u00e8ve et Nyon en bus ?<\/strong><br data-start=\"4949\" data-end=\"4952\" \/>Distance des transferts priv\u00e9s de Gen\u00e8ve \u00e0 Nyon : <strong data-start=\"5002\" data-end=\"5011\">24 km<\/strong><\/p>\n<p data-start=\"5013\" data-end=\"5277\">Pour les grands groupes, le <strong data-start=\"5041\" data-end=\"5113\">transfert de l\u2019a\u00e9roport de Gen\u00e8ve \u00e0 Nyon en Mercedes Bus (16 places)<\/strong> offre une solution spacieuse et confortable. Id\u00e9al pour les \u00e9v\u00e9nements d\u2019entreprise, les visites ou les r\u00e9unions de famille, ce bus combine luxe et fonctionnalit\u00e9.<\/p>\n<p data-start=\"5279\" data-end=\"5584\">Le <strong data-start=\"5282\" data-end=\"5354\">transfert en Mercedes Bus (16 places) de l\u2019a\u00e9roport de Gen\u00e8ve \u00e0 Nyon<\/strong> permet \u00e0 votre groupe de voyager ensemble avec style. Avec des si\u00e8ges premium et un espace de rangement g\u00e9n\u00e9reux, le <strong data-start=\"5472\" data-end=\"5544\">transfert de l\u2019a\u00e9roport de Gen\u00e8ve \u00e0 Nyon en Mercedes Bus (16 places)<\/strong> convient parfaitement \u00e0 toute occasion.<\/p>\n<hr data-start=\"5586\" data-end=\"5589\" \/>\n<h3 data-start=\"5591\" data-end=\"5658\">Pourquoi choisir nos transferts de l\u2019a\u00e9roport de Gen\u00e8ve \u00e0 Nyon ?<\/h3>\n<ul data-start=\"5660\" data-end=\"6216\">\n<li data-start=\"5660\" data-end=\"5811\">\n<p data-start=\"5662\" data-end=\"5811\"><strong data-start=\"5662\" data-end=\"5693\">Chauffeurs professionnels :<\/strong> Nos chauffeurs sont exp\u00e9riment\u00e9s, courtois et connaissent les meilleurs itin\u00e9raires pour garantir un trajet fluide.<\/p>\n<\/li>\n<li data-start=\"5812\" data-end=\"5946\">\n<p data-start=\"5814\" data-end=\"5946\"><strong data-start=\"5814\" data-end=\"5834\">Flotte de luxe :<\/strong> De l\u2019\u00e9l\u00e9gante E-Class \u00e0 l\u2019opulente Maybach, nous proposons une gamme de Mercedes adapt\u00e9e \u00e0 chaque pr\u00e9f\u00e9rence.<\/p>\n<\/li>\n<li data-start=\"5947\" data-end=\"6056\">\n<p data-start=\"5949\" data-end=\"6056\"><strong data-start=\"5949\" data-end=\"5971\">Service ponctuel :<\/strong> Nous respectons votre temps et assurons des prises en charge et d\u00e9poses \u00e0 l\u2019heure.<\/p>\n<\/li>\n<li data-start=\"6057\" data-end=\"6216\">\n<p data-start=\"6059\" data-end=\"6216\"><strong data-start=\"6059\" data-end=\"6087\">Exp\u00e9riences sur mesure :<\/strong> Personnalisez votre trajet avec des services additionnels pour rendre votre <strong data-start=\"6164\" data-end=\"6208\">transfert de l\u2019a\u00e9roport de Gen\u00e8ve \u00e0 Nyon<\/strong> unique.<\/p>\n<\/li>\n<\/ul>\n<hr data-start=\"6218\" data-end=\"6221\" \/>\n<h3 data-start=\"6223\" data-end=\"6262\">Que peut-on visiter autour de Nyon ?<\/h3>\n<p data-start=\"6264\" data-end=\"6955\">\u00c0 votre arriv\u00e9e \u00e0 l\u2019a\u00e9roport de Gen\u00e8ve, votre voyage vers la charmante ville de Nyon doit \u00eatre aussi fluide et confortable que possible. Situ\u00e9e sur les rives du lac L\u00e9man, Nyon constitue aussi une escapade \u201c\u00e0 proximit\u00e9\u201d de <a href=\"https:\/\/genevaways.com\/fr\/geneve-centre-ville\/\"><span style=\"text-decoration: underline;\"><strong data-start=\"6487\" data-end=\"6497\">Gen\u00e8ve<\/strong><\/span> <\/a>: assez proche pour un d\u00e9placement facile, tout en offrant un rythme plus paisible, des promenades au bord du lac et une ambiance de petite ville qui compl\u00e8te l\u2019\u00e9nergie internationale de Gen\u00e8ve et ses attractions \u2014 que vous pouvez planifier via le guide officiel de Gen\u00e8ve : <strong data-start=\"6773\" data-end=\"6803\"><a class=\"decorated-link\" href=\"https:\/\/www.geneve.com\/en\/\" target=\"_new\" rel=\"noopener\" data-start=\"6775\" data-end=\"6801\">https:\/\/www.geneve.com\/en\/<\/a><\/strong>. Avec notre transfert professionnel de l\u2019a\u00e9roport de Gen\u00e8ve \u00e0 Nyon, nous veillons \u00e0 ce que votre trajet soit luxueux, efficace et adapt\u00e9 \u00e0 vos besoins.<\/p>\n<hr data-start=\"6957\" data-end=\"6960\" \/>\n<h3 data-start=\"6962\" data-end=\"7028\">Comment r\u00e9server votre transfert de l\u2019a\u00e9roport de Gen\u00e8ve \u00e0 Nyon<\/h3>\n<p data-start=\"7030\" data-end=\"7366\">R\u00e9server votre <strong data-start=\"7045\" data-end=\"7089\">transfert de l\u2019a\u00e9roport de Gen\u00e8ve \u00e0 Nyon<\/strong> est simple et sans stress. Visitez notre site web, s\u00e9lectionnez le v\u00e9hicule Mercedes de votre choix et fournissez vos d\u00e9tails de voyage. Que vous choisissiez la <strong data-start=\"7251\" data-end=\"7323\">Mercedes E-Class, Van, V-Class, S-Class, Maybach ou le Bus 16 places<\/strong>, nous garantissons une exp\u00e9rience premium.<\/p>\n<p data-start=\"7368\" data-end=\"7581\" data-is-last-node=\"\" data-is-only-node=\"\">Profitez du meilleur du voyage de luxe avec nos services de <strong data-start=\"7428\" data-end=\"7472\">transfert de <a href=\"https:\/\/www.gva.ch\/en\/\" target=\"_blank\" rel=\"noopener\">l\u2019a\u00e9roport de Gen\u00e8ve<\/a> \u00e0 Nyon<\/strong>. Que vous voyagiez pour affaires ou pour le loisir, notre flotte Mercedes est pr\u00eate \u00e0 sublimer votre trajet.<\/p>\n<\/div>\n<\/div>\n<\/div>\n<\/div>\n<div class=\"z-0 flex min-h-[46px] justify-start\"><\/div>\n<div class=\"mt-3 w-full empty:hidden\">\n<div class=\"text-center\"><\/div>\n<\/div>\n<\/div>\n<\/div>\n<\/article>\n<\/div>\n<div class=\"pointer-events-none h-px w-px absolute bottom-0\" aria-hidden=\"true\" data-edge=\"true\"><\/div>\n<p>[\/vc_column_text][\/vc_column][\/vc_row][vc_row][vc_column][vc_empty_space height=&#8221;70px&#8221;][\/vc_column][\/vc_row]<\/p>\n<\/div>","protected":false},"excerpt":{"rendered":"<p>[vc_row type=&#8221;full_width_section&#8221;][vc_column][vc_column_text] Services de transfert professionnels de l\u2019a\u00e9roport de Gen\u00e8ve \u00e0 Nyon avec Mercedes Combien co\u00fbte le transfert de Gen\u00e8ve \u00e0 Nyon ?Prix des transferts priv\u00e9s de Gen\u00e8ve \u00e0 Nyon \u00e0 partir de 260 CHF Combien de temps dure le transfert de Gen\u00e8ve \u00e0 Nyon ?Dur\u00e9e des transferts priv\u00e9s de Gen\u00e8ve \u00e0 Nyon : 30<\/p>\n","protected":false},"author":4,"featured_media":0,"parent":0,"menu_order":0,"comment_status":"closed","ping_status":"closed","template":"","meta":{"footnotes":""},"class_list":["post-3902","page","type-page","status-publish","hentry"],"_links":{"self":[{"href":"https:\/\/genevaways.com\/fr\/wp-json\/wp\/v2\/pages\/3902","targetHints":{"allow":["GET"]}}],"collection":[{"href":"https:\/\/genevaways.com\/fr\/wp-json\/wp\/v2\/pages"}],"about":[{"href":"https:\/\/genevaways.com\/fr\/wp-json\/wp\/v2\/types\/page"}],"author":[{"embeddable":true,"href":"https:\/\/genevaways.com\/fr\/wp-json\/wp\/v2\/users\/4"}],"replies":[{"embeddable":true,"href":"https:\/\/genevaways.com\/fr\/wp-json\/wp\/v2\/comments?post=3902"}],"version-history":[{"count":16,"href":"https:\/\/genevaways.com\/fr\/wp-json\/wp\/v2\/pages\/3902\/revisions"}],"predecessor-version":[{"id":7142,"href":"https:\/\/genevaways.com\/fr\/wp-json\/wp\/v2\/pages\/3902\/revisions\/7142"}],"wp:attachment":[{"href":"https:\/\/genevaways.com\/fr\/wp-json\/wp\/v2\/media?parent=3902"}],"curies":[{"name":"wp","href":"https:\/\/api.w.org\/{rel}","templated":true}]}}