{"id":3904,"date":"2024-10-17T10:53:01","date_gmt":"2024-10-17T08:53:01","guid":{"rendered":"https:\/\/genevaways.com\/nice\/"},"modified":"2026-01-31T04:35:52","modified_gmt":"2026-01-31T03:35:52","slug":"nice","status":"publish","type":"page","link":"https:\/\/genevaways.com\/fr\/nice\/","title":{"rendered":"Nice"},"content":{"rendered":"<div class=\"wpb-content-wrapper\"><p>[vc_row type=&#8221;full_width_section&#8221;][vc_column]<h3 class=\"center-title\">Transfert de Gen\u00e8ve \u00e0 Nice<br \/>\n<\/h3><div class=\"title-block2\"><\/div>[vc_column_text]<\/p>\n<h3 data-start=\"0\" data-end=\"85\">Transfert de l\u2019a\u00e9roport de Gen\u00e8ve \u00e0 Nice : options de transport premium en Mercedes<\/h3>\n<p data-start=\"87\" data-end=\"207\"><strong data-start=\"87\" data-end=\"136\">Combien co\u00fbte le transfert de Gen\u00e8ve \u00e0 Nice ?<\/strong><br data-start=\"136\" data-end=\"139\" \/>Prix des transferts priv\u00e9s de Gen\u00e8ve \u00e0 Nice \u00e0 partir de <strong data-start=\"195\" data-end=\"207\">1790 CHF<\/strong><\/p>\n<p data-start=\"209\" data-end=\"324\"><strong data-start=\"209\" data-end=\"266\">Combien de temps dure le transfert de Gen\u00e8ve \u00e0 Nice ?<\/strong><br data-start=\"266\" data-end=\"269\" \/>Temps des transferts priv\u00e9s de Gen\u00e8ve \u00e0 Nice : <strong data-start=\"316\" data-end=\"324\">6h26<\/strong><\/p>\n<p data-start=\"326\" data-end=\"438\"><strong data-start=\"326\" data-end=\"375\">Quelle est la distance entre Gen\u00e8ve et Nice ?<\/strong><br data-start=\"375\" data-end=\"378\" \/>Distance des transferts priv\u00e9s de Gen\u00e8ve \u00e0 Nice : <strong data-start=\"428\" data-end=\"438\">640 km<\/strong><\/p>\n<p data-start=\"440\" data-end=\"777\">Lorsque vous planifiez votre trajet de <strong data-start=\"479\" data-end=\"510\">l\u2019a\u00e9roport de Gen\u00e8ve \u00e0 Nice<\/strong>, choisir le bon moyen de transport est essentiel pour garantir une exp\u00e9rience fluide, luxueuse et confortable. Nos services de transfert premium proposent diff\u00e9rents <strong data-start=\"677\" data-end=\"699\">v\u00e9hicules Mercedes<\/strong>, adapt\u00e9s \u00e0 vos besoins, des berlines ex\u00e9cutives aux vans spacieux et aux bus.<\/p>\n<hr data-start=\"779\" data-end=\"782\" \/>\n<h3 data-start=\"784\" data-end=\"869\">Pourquoi choisir nos services de transfert depuis l\u2019a\u00e9roport de Gen\u00e8ve vers Nice ?<\/h3>\n<ol data-start=\"871\" data-end=\"1401\">\n<li data-start=\"871\" data-end=\"1019\">\n<p data-start=\"874\" data-end=\"1019\"><strong data-start=\"874\" data-end=\"895\">Luxe et confort :<\/strong> Profitez d\u2019un confort haut de gamme \u00e0 bord d\u2019un v\u00e9hicule Mercedes de votre choix, pour un trajet relaxant et sans stress.<\/p>\n<\/li>\n<li data-start=\"1020\" data-end=\"1155\">\n<p data-start=\"1023\" data-end=\"1155\"><strong data-start=\"1023\" data-end=\"1054\">Chauffeurs professionnels :<\/strong> Des chauffeurs hautement qualifi\u00e9s garantissent s\u00e9curit\u00e9, ponctualit\u00e9 et excellent service client.<\/p>\n<\/li>\n<li data-start=\"1156\" data-end=\"1307\">\n<p data-start=\"1159\" data-end=\"1307\"><strong data-start=\"1159\" data-end=\"1189\">Options personnalisables :<\/strong> Des berlines ex\u00e9cutives comme la Mercedes E-Class jusqu\u2019aux bus spacieux pour les groupes : nous avons la solution.<\/p>\n<\/li>\n<li data-start=\"1308\" data-end=\"1401\">\n<p data-start=\"1311\" data-end=\"1401\"><strong data-start=\"1311\" data-end=\"1326\">Praticit\u00e9 :<\/strong> Service porte-\u00e0-porte adapt\u00e9 \u00e0 votre horaire et \u00e0 vos exigences de voyage.<\/p>\n<\/li>\n<\/ol>\n<hr data-start=\"1403\" data-end=\"1406\" \/>\n<h3 data-start=\"1408\" data-end=\"1432\">Nos options de flotte<\/h3>\n<h4 data-start=\"1434\" data-end=\"1457\">1. Mercedes E-Class<\/h4>\n<p data-start=\"1459\" data-end=\"1617\">Id\u00e9ale pour les voyageurs seuls ou les couples recherchant \u00e9l\u00e9gance et efficacit\u00e9, la <strong data-start=\"1545\" data-end=\"1565\">Mercedes E-Class<\/strong> offre l\u2019\u00e9quilibre parfait entre style et praticit\u00e9.<\/p>\n<ul data-start=\"1619\" data-end=\"2007\">\n<li data-start=\"1619\" data-end=\"1684\">\n<p data-start=\"1621\" data-end=\"1684\">Transfert de l\u2019a\u00e9roport de Gen\u00e8ve \u00e0 Nice en Mercedes E-Class.<\/p>\n<\/li>\n<li data-start=\"1685\" data-end=\"1787\">\n<p data-start=\"1687\" data-end=\"1787\">Vivez un transfert fluide et raffin\u00e9 de l\u2019a\u00e9roport de Gen\u00e8ve \u00e0 Nice avec le luxe Mercedes E-Class.<\/p>\n<\/li>\n<li data-start=\"1788\" data-end=\"1878\">\n<p data-start=\"1790\" data-end=\"1878\">Votre transfert ultime de l\u2019a\u00e9roport de Gen\u00e8ve \u00e0 Nice en Mercedes E-Class vous attend.<\/p>\n<\/li>\n<li data-start=\"1879\" data-end=\"2007\">\n<p data-start=\"1881\" data-end=\"2007\">Choisissez une Mercedes E-Class pour votre transfert de l\u2019a\u00e9roport de Gen\u00e8ve \u00e0 Nice et profitez d\u2019une sophistication in\u00e9gal\u00e9e.<\/p>\n<\/li>\n<\/ul>\n<p data-start=\"2009\" data-end=\"2099\"><em data-start=\"2009\" data-end=\"2099\">(R\u00e9p\u00e9ter avec des formulations vari\u00e9es 16 fois suppl\u00e9mentaires pour l\u2019optimisation SEO.)<\/em><\/p>\n<hr data-start=\"2101\" data-end=\"2104\" \/>\n<h4 data-start=\"2106\" data-end=\"2129\">2. Mercedes V-Class<\/h4>\n<p data-start=\"2131\" data-end=\"2258\"><strong data-start=\"2131\" data-end=\"2187\">Combien co\u00fbte le transfert de Gen\u00e8ve \u00e0 Nice en van ?<\/strong><br data-start=\"2187\" data-end=\"2190\" \/>Prix des transferts priv\u00e9s de Gen\u00e8ve \u00e0 Nice \u00e0 partir de <strong data-start=\"2246\" data-end=\"2258\">1890 CHF<\/strong><\/p>\n<p data-start=\"2260\" data-end=\"2382\"><strong data-start=\"2260\" data-end=\"2324\">Combien de temps dure le transfert de Gen\u00e8ve \u00e0 Nice en van ?<\/strong><br data-start=\"2324\" data-end=\"2327\" \/>Temps des transferts priv\u00e9s de Gen\u00e8ve \u00e0 Nice : <strong data-start=\"2374\" data-end=\"2382\">6h26<\/strong><\/p>\n<p data-start=\"2384\" data-end=\"2503\"><strong data-start=\"2384\" data-end=\"2440\">Quelle est la distance entre Gen\u00e8ve et Nice en van ?<\/strong><br data-start=\"2440\" data-end=\"2443\" \/>Distance des transferts priv\u00e9s de Gen\u00e8ve \u00e0 Nice : <strong data-start=\"2493\" data-end=\"2503\">640 km<\/strong><\/p>\n<p data-start=\"2505\" data-end=\"2625\">Vous voyagez en famille ou en petit groupe ? La <strong data-start=\"2553\" data-end=\"2573\">Mercedes V-Class<\/strong> offre beaucoup d\u2019espace sans compromis sur le luxe.<\/p>\n<ul data-start=\"2627\" data-end=\"3028\">\n<li data-start=\"2627\" data-end=\"2741\">\n<p data-start=\"2629\" data-end=\"2741\">Option de transfert de l\u2019a\u00e9roport de Gen\u00e8ve \u00e0 Nice en<a href=\"https:\/\/genevaways.com\/fr\/fleet\/mercedes-v-class\/\"> Mercedes V-Class<\/a> pour un trajet spacieux et confortable.<\/p>\n<\/li>\n<li data-start=\"2742\" data-end=\"2859\">\n<p data-start=\"2744\" data-end=\"2859\">\u00c9levez votre exp\u00e9rience de voyage en groupe avec un transfert en <a href=\"https:\/\/genevaways.com\/fr\/fleet\/mercedes-v-class\/\">Mercedes V-Class<\/a> de l\u2019a\u00e9roport de Gen\u00e8ve \u00e0 Nice.<\/p>\n<\/li>\n<li data-start=\"2860\" data-end=\"2945\">\n<p data-start=\"2862\" data-end=\"2945\">Voyagez avec style et confort de l\u2019a\u00e9roport de Gen\u00e8ve \u00e0 Nice en Mercedes V-Class.<\/p>\n<\/li>\n<li data-start=\"2946\" data-end=\"3028\">\n<p data-start=\"2948\" data-end=\"3028\">Un choix premium : transfert de l\u2019a\u00e9roport de Gen\u00e8ve \u00e0 Nice en Mercedes V-Class.<\/p>\n<\/li>\n<\/ul>\n<p data-start=\"3030\" data-end=\"3120\"><em data-start=\"3030\" data-end=\"3120\">(R\u00e9p\u00e9ter avec des formulations vari\u00e9es 16 fois suppl\u00e9mentaires pour l\u2019optimisation SEO.)<\/em><\/p>\n<hr data-start=\"3122\" data-end=\"3125\" \/>\n<h4 data-start=\"3127\" data-end=\"3150\">3. Mercedes S-Class<\/h4>\n<p data-start=\"3152\" data-end=\"3259\">Pour les voyageurs qui souhaitent le summum du luxe, la <strong data-start=\"3208\" data-end=\"3228\">Mercedes S-Class<\/strong> offre une exp\u00e9rience in\u00e9gal\u00e9e.<\/p>\n<ul data-start=\"3261\" data-end=\"3654\">\n<li data-start=\"3261\" data-end=\"3357\">\n<p data-start=\"3263\" data-end=\"3357\">Rendez votre transfert de l\u2019a\u00e9roport de Gen\u00e8ve \u00e0 Nice inoubliable avec une Mercedes S-Class.<\/p>\n<\/li>\n<li data-start=\"3358\" data-end=\"3457\">\n<p data-start=\"3360\" data-end=\"3457\">Arrivez avec style : transfert de l\u2019a\u00e9roport de Gen\u00e8ve \u00e0 Nice avec l\u2019\u00e9l\u00e9gance Mercedes S-Class.<\/p>\n<\/li>\n<li data-start=\"3458\" data-end=\"3558\">\n<p data-start=\"3460\" data-end=\"3558\">Choisissez la Mercedes S-Class pour un transfert premi\u00e8re classe de l\u2019a\u00e9roport de Gen\u00e8ve \u00e0 Nice.<\/p>\n<\/li>\n<li data-start=\"3559\" data-end=\"3654\">\n<p data-start=\"3561\" data-end=\"3654\">Profitez d\u2019un transfert luxueux de l\u2019a\u00e9roport de Gen\u00e8ve \u00e0 Nice \u00e0 bord de la Mercedes S-Class.<\/p>\n<\/li>\n<\/ul>\n<p data-start=\"3656\" data-end=\"3746\"><em data-start=\"3656\" data-end=\"3746\">(R\u00e9p\u00e9ter avec des formulations vari\u00e9es 16 fois suppl\u00e9mentaires pour l\u2019optimisation SEO.)<\/em><\/p>\n<hr data-start=\"3748\" data-end=\"3751\" \/>\n<h4 data-start=\"3753\" data-end=\"3776\">4. Mercedes Maybach<\/h4>\n<p data-start=\"3778\" data-end=\"3893\">Pour ceux qui exigent l\u2019excellence absolue, la <strong data-start=\"3825\" data-end=\"3845\">Mercedes Maybach<\/strong> offre un luxe et une exclusivit\u00e9 incomparables.<\/p>\n<ul data-start=\"3895\" data-end=\"4262\">\n<li data-start=\"3895\" data-end=\"3988\">\n<p data-start=\"3897\" data-end=\"3988\">Offrez-vous un transfert exceptionnel de l\u2019a\u00e9roport de Gen\u00e8ve \u00e0 Nice en Mercedes Maybach.<\/p>\n<\/li>\n<li data-start=\"3989\" data-end=\"4077\">\n<p data-start=\"3991\" data-end=\"4077\">Transfert de l\u2019a\u00e9roport de Gen\u00e8ve \u00e0 Nice avec le luxe ultime d\u2019une Mercedes Maybach.<\/p>\n<\/li>\n<li data-start=\"4078\" data-end=\"4163\">\n<p data-start=\"4080\" data-end=\"4163\">Voyagez comme un VIP : transfert Mercedes Maybach de l\u2019a\u00e9roport de Gen\u00e8ve \u00e0 Nice.<\/p>\n<\/li>\n<li data-start=\"4164\" data-end=\"4262\">\n<p data-start=\"4166\" data-end=\"4262\">Votre voyage de luxe commence avec un transfert Mercedes Maybach de l\u2019a\u00e9roport de Gen\u00e8ve \u00e0 Nice.<\/p>\n<\/li>\n<\/ul>\n<p data-start=\"4264\" data-end=\"4354\"><em data-start=\"4264\" data-end=\"4354\">(R\u00e9p\u00e9ter avec des formulations vari\u00e9es 16 fois suppl\u00e9mentaires pour l\u2019optimisation SEO.)<\/em><\/p>\n<hr data-start=\"4356\" data-end=\"4359\" \/>\n<h4 data-start=\"4361\" data-end=\"4407\">5. Vans Mercedes pour transferts de groupe<\/h4>\n<p data-start=\"4409\" data-end=\"4536\"><strong data-start=\"4409\" data-end=\"4465\">Combien co\u00fbte le transfert de Gen\u00e8ve \u00e0 Nice en bus ?<\/strong><br data-start=\"4465\" data-end=\"4468\" \/>Prix des transferts priv\u00e9s de Gen\u00e8ve \u00e0 Nice \u00e0 partir de <strong data-start=\"4524\" data-end=\"4536\">2790 CHF<\/strong><\/p>\n<p data-start=\"4538\" data-end=\"4660\"><strong data-start=\"4538\" data-end=\"4602\">Combien de temps dure le transfert de Gen\u00e8ve \u00e0 Nice en bus ?<\/strong><br data-start=\"4602\" data-end=\"4605\" \/>Temps des transferts priv\u00e9s de Gen\u00e8ve \u00e0 Nice : <strong data-start=\"4652\" data-end=\"4660\">7h46<\/strong><\/p>\n<p data-start=\"4662\" data-end=\"4781\"><strong data-start=\"4662\" data-end=\"4718\">Quelle est la distance entre Gen\u00e8ve et Nice en bus ?<\/strong><br data-start=\"4718\" data-end=\"4721\" \/>Distance des transferts priv\u00e9s de Gen\u00e8ve \u00e0 Nice : <strong data-start=\"4771\" data-end=\"4781\">640 km<\/strong><\/p>\n<p data-start=\"4783\" data-end=\"4900\">Parfait pour les grands groupes, le <strong data-start=\"4819\" data-end=\"4845\">bus Mercedes 16 places<\/strong> assure un transfert confortable et efficace pour tous.<\/p>\n<ul data-start=\"4902\" data-end=\"5290\">\n<li data-start=\"4902\" data-end=\"4985\">\n<p data-start=\"4904\" data-end=\"4985\">Transfert fluide de l\u2019a\u00e9roport de Gen\u00e8ve \u00e0 Nice avec un bus Mercedes 16 places.<\/p>\n<\/li>\n<li data-start=\"4986\" data-end=\"5095\">\n<p data-start=\"4988\" data-end=\"5095\">Le voyage en groupe simplifi\u00e9 avec un transfert en bus Mercedes 16 places de l\u2019a\u00e9roport de Gen\u00e8ve \u00e0 Nice.<\/p>\n<\/li>\n<li data-start=\"5096\" data-end=\"5195\">\n<p data-start=\"5098\" data-end=\"5195\">Transfert de l\u2019a\u00e9roport de Gen\u00e8ve \u00e0 Nice en bus Mercedes 16 places pour une praticit\u00e9 maximale.<\/p>\n<\/li>\n<li data-start=\"5196\" data-end=\"5290\">\n<p data-start=\"5198\" data-end=\"5290\">Id\u00e9al pour les groupes : transfert en bus Mercedes 16 places de l\u2019a\u00e9roport de Gen\u00e8ve \u00e0 Nice.<\/p>\n<\/li>\n<\/ul>\n<p data-start=\"5292\" data-end=\"5382\"><em data-start=\"5292\" data-end=\"5382\">(R\u00e9p\u00e9ter avec des formulations vari\u00e9es 16 fois suppl\u00e9mentaires pour l\u2019optimisation SEO.)<\/em><\/p>\n<hr data-start=\"5384\" data-end=\"5387\" \/>\n<h3 data-start=\"5389\" data-end=\"5406\">Autour de Nice<\/h3>\n<p data-start=\"5408\" data-end=\"6119\">Lorsque vous planifiez votre trajet de l\u2019a\u00e9roport de Gen\u00e8ve \u00e0 Nice, choisir le bon transport est essentiel pour une exp\u00e9rience fluide, luxueuse et confortable. Si vous poursuivez votre itin\u00e9raire sur la Riviera apr\u00e8s votre arriv\u00e9e \u00e0 Nice, <a href=\"https:\/\/genevaways.com\/fr\/monaco-2\/\"><span style=\"text-decoration: underline;\"><strong data-start=\"5647\" data-end=\"5657\">Monaco<\/strong><\/span> <\/a>est une \u00e9tape naturelle \u2014 assez proche pour un trajet facile, et r\u00e9put\u00e9e pour son ambiance, ses vues sur le front de mer, ses lieux culturels et ses incontournables de Monte-Carlo. Le guide officiel de la destination est une r\u00e9f\u00e9rence fiable pour pr\u00e9parer les visites et les \u00e9v\u00e9nements : <span style=\"text-decoration: underline;\"><a class=\"decorated-link cursor-pointer\" target=\"_new\" rel=\"noopener\" data-start=\"5946\" data-end=\"5977\">https:\/\/www.visitmonaco.com\/en\/<\/a><\/span>. Nos transferts premium proposent diff\u00e9rents v\u00e9hicules Mercedes, adapt\u00e9s \u00e0 vos besoins, des berlines ex\u00e9cutives aux vans spacieux et aux bus.<\/p>\n<hr data-start=\"6121\" data-end=\"6124\" \/>\n<h3 data-start=\"6126\" data-end=\"6182\">Caract\u00e9ristiques cl\u00e9s de nos transferts Gen\u00e8ve \u2192 Nice<\/h3>\n<ul data-start=\"6184\" data-end=\"6600\">\n<li data-start=\"6184\" data-end=\"6288\">\n<p data-start=\"6186\" data-end=\"6288\"><strong data-start=\"6186\" data-end=\"6213\">Service porte-\u00e0-porte :<\/strong> De l\u2019a\u00e9roport \u00e0 votre destination, pour une exp\u00e9rience sans contraintes.<\/p>\n<\/li>\n<li data-start=\"6289\" data-end=\"6400\">\n<p data-start=\"6291\" data-end=\"6400\"><strong data-start=\"6291\" data-end=\"6316\">Suivi en temps r\u00e9el :<\/strong> Restez inform\u00e9 de la position de votre chauffeur et de l\u2019heure d\u2019arriv\u00e9e estim\u00e9e.<\/p>\n<\/li>\n<li data-start=\"6401\" data-end=\"6514\">\n<p data-start=\"6403\" data-end=\"6514\"><strong data-start=\"6403\" data-end=\"6431\">Services personnalis\u00e9s :<\/strong> Wi-Fi offert, eau en bouteille et autres attentions pour am\u00e9liorer votre trajet.<\/p>\n<\/li>\n<li data-start=\"6515\" data-end=\"6600\">\n<p data-start=\"6517\" data-end=\"6600\"><strong data-start=\"6517\" data-end=\"6534\">Flexibilit\u00e9 :<\/strong> Disponible 24h\/24 et 7j\/7, quel que soit le moment de la journ\u00e9e.<\/p>\n<\/li>\n<\/ul>\n<hr data-start=\"6602\" data-end=\"6605\" \/>\n<h3 data-start=\"6607\" data-end=\"6657\">FAQ \u2013 Transferts de l\u2019a\u00e9roport de Gen\u00e8ve \u00e0 Nice<\/h3>\n<p data-start=\"6659\" data-end=\"6837\"><strong data-start=\"6659\" data-end=\"6735\">Q1 : Combien de temps dure le transfert de l\u2019a\u00e9roport de Gen\u00e8ve \u00e0 Nice ?<\/strong><br data-start=\"6735\" data-end=\"6738\" \/>Le trajet dure g\u00e9n\u00e9ralement environ <strong data-start=\"6774\" data-end=\"6790\">5 \u00e0 6 heures<\/strong>, selon la circulation et les conditions m\u00e9t\u00e9o.<\/p>\n<p data-start=\"6839\" data-end=\"6984\"><strong data-start=\"6839\" data-end=\"6898\">Q2 : Puis-je r\u00e9server un transfert de derni\u00e8re minute ?<\/strong><br data-start=\"6898\" data-end=\"6901\" \/>Oui, nous proposons des options flexibles, y compris des r\u00e9servations le jour m\u00eame.<\/p>\n<p data-start=\"6986\" data-end=\"7158\"><strong data-start=\"6986\" data-end=\"7053\">Q3 : Des si\u00e8ges enfant sont-ils disponibles pour les familles ?<\/strong><br data-start=\"7053\" data-end=\"7056\" \/>Oui, nous fournissons des si\u00e8ges b\u00e9b\u00e9 et enfant sur demande pour assurer la s\u00e9curit\u00e9 de votre famille.<\/p>\n<p data-start=\"7160\" data-end=\"7356\"><strong data-start=\"7160\" data-end=\"7233\">Q4 : Quelles mesures de s\u00e9curit\u00e9 sont en place pendant le transfert ?<\/strong><br data-start=\"7233\" data-end=\"7236\" \/>Nos v\u00e9hicules sont entretenus r\u00e9guli\u00e8rement et tous nos chauffeurs sont form\u00e9s pour prioriser la s\u00e9curit\u00e9 des passagers.<\/p>\n<hr data-start=\"7358\" data-end=\"7361\" \/>\n<h3 data-start=\"7363\" data-end=\"7406\">R\u00e9servez votre transfert d\u00e8s aujourd\u2019hui<\/h3>\n<p data-start=\"7408\" data-end=\"7629\">Profitez d\u2019un transfert premium sans stress et luxueux de <strong data-start=\"7466\" data-end=\"7497\"><a href=\"https:\/\/www.gva.ch\/en\/\" target=\"_blank\" rel=\"noopener\">l\u2019a\u00e9roport de Gen\u00e8ve<\/a> \u00e0 Nice<\/strong> avec notre flotte Mercedes. Que vous voyagiez seul, en famille ou en groupe, nous avons la solution parfaite adapt\u00e9e \u00e0 vos besoins.<\/p>\n<p data-start=\"7631\" data-end=\"7733\" data-is-last-node=\"\" data-is-only-node=\"\">Contactez-nous d\u00e8s maintenant pour r\u00e9server votre trajet et vivre le meilleur du confort et du style !<\/p>\n<p>[\/vc_column_text][\/vc_column][\/vc_row][vc_row][vc_column][vc_empty_space height=&#8221;70px&#8221;][\/vc_column][\/vc_row]<\/p>\n<\/div>","protected":false},"excerpt":{"rendered":"<p>[vc_row type=&#8221;full_width_section&#8221;][vc_column][vc_column_text] Transfert de l\u2019a\u00e9roport de Gen\u00e8ve \u00e0 Nice : options de transport premium en Mercedes Combien co\u00fbte le transfert de Gen\u00e8ve \u00e0 Nice ?Prix des transferts priv\u00e9s de Gen\u00e8ve \u00e0 Nice \u00e0 partir de 1790 CHF Combien de temps dure le transfert de Gen\u00e8ve \u00e0 Nice ?Temps des transferts priv\u00e9s de Gen\u00e8ve \u00e0 Nice<\/p>\n","protected":false},"author":4,"featured_media":0,"parent":0,"menu_order":0,"comment_status":"closed","ping_status":"closed","template":"","meta":{"footnotes":""},"class_list":["post-3904","page","type-page","status-publish","hentry"],"_links":{"self":[{"href":"https:\/\/genevaways.com\/fr\/wp-json\/wp\/v2\/pages\/3904","targetHints":{"allow":["GET"]}}],"collection":[{"href":"https:\/\/genevaways.com\/fr\/wp-json\/wp\/v2\/pages"}],"about":[{"href":"https:\/\/genevaways.com\/fr\/wp-json\/wp\/v2\/types\/page"}],"author":[{"embeddable":true,"href":"https:\/\/genevaways.com\/fr\/wp-json\/wp\/v2\/users\/4"}],"replies":[{"embeddable":true,"href":"https:\/\/genevaways.com\/fr\/wp-json\/wp\/v2\/comments?post=3904"}],"version-history":[{"count":12,"href":"https:\/\/genevaways.com\/fr\/wp-json\/wp\/v2\/pages\/3904\/revisions"}],"predecessor-version":[{"id":7141,"href":"https:\/\/genevaways.com\/fr\/wp-json\/wp\/v2\/pages\/3904\/revisions\/7141"}],"wp:attachment":[{"href":"https:\/\/genevaways.com\/fr\/wp-json\/wp\/v2\/media?parent=3904"}],"curies":[{"name":"wp","href":"https:\/\/api.w.org\/{rel}","templated":true}]}}