{"id":3920,"date":"2024-10-17T10:51:37","date_gmt":"2024-10-17T08:51:37","guid":{"rendered":"https:\/\/genevaways.com\/monaco\/"},"modified":"2026-01-31T04:33:41","modified_gmt":"2026-01-31T03:33:41","slug":"munich","status":"publish","type":"page","link":"https:\/\/genevaways.com\/fr\/munich\/","title":{"rendered":"Munich"},"content":{"rendered":"<div class=\"wpb-content-wrapper\"><p>[vc_row type=&#8221;full_width_section&#8221;][vc_column]<h3 class=\"center-title\">Transfert de Gen\u00e8ve \u00e0 Munich<br \/>\n<\/h3><div class=\"title-block2\"><\/div>[vc_column_text]<\/p>\n<div class=\"flex flex-col text-sm pb-25\">\n<article class=\"text-token-text-primary w-full focus:outline-none [--shadow-height:45px] has-data-writing-block:pointer-events-none has-data-writing-block:-mt-(--shadow-height) has-data-writing-block:pt-(--shadow-height) [&amp;:has([data-writing-block])&gt;*]:pointer-events-auto scroll-mt-[calc(var(--header-height)+min(200px,max(70px,20svh)))]\" dir=\"auto\" tabindex=\"-1\" data-turn-id=\"request-69783123-3c94-8322-8829-89500d176654-27\" data-testid=\"conversation-turn-64\" data-scroll-anchor=\"true\" data-turn=\"assistant\">\n<div class=\"text-base my-auto mx-auto pb-10 [--thread-content-margin:--spacing(4)] @w-sm\/main:[--thread-content-margin:--spacing(6)] @w-lg\/main:[--thread-content-margin:--spacing(16)] px-(--thread-content-margin)\">\n<div class=\"[--thread-content-max-width:40rem] @w-lg\/main:[--thread-content-max-width:48rem] mx-auto max-w-(--thread-content-max-width) flex-1 group\/turn-messages focus-visible:outline-hidden relative flex w-full min-w-0 flex-col agent-turn\" tabindex=\"-1\">\n<div class=\"flex max-w-full flex-col grow\">\n<div class=\"min-h-8 text-message relative flex w-full flex-col items-end gap-2 text-start break-words whitespace-normal [.text-message+&amp;]:mt-1\" dir=\"auto\" data-message-author-role=\"assistant\" data-message-id=\"1698b374-efbb-499f-9ccf-94b6f8519d6b\" data-message-model-slug=\"gpt-5-2-thinking\">\n<div class=\"flex w-full flex-col gap-1 empty:hidden first:pt-[1px]\">\n<div class=\"markdown prose dark:prose-invert w-full wrap-break-word light markdown-new-styling\">\n<h3 data-start=\"0\" data-end=\"72\">Transferts de luxe de l\u2019a\u00e9roport de Gen\u00e8ve \u00e0 Munich avec Mercedes-Benz<\/h3>\n<p data-start=\"74\" data-end=\"198\"><strong data-start=\"74\" data-end=\"125\">Combien co\u00fbte le transfert de Gen\u00e8ve \u00e0 Munich ?<\/strong><br data-start=\"125\" data-end=\"128\" \/>Prix des transferts priv\u00e9s de Gen\u00e8ve \u00e0 Munich \u00e0 partir de <strong data-start=\"186\" data-end=\"198\">1860 CHF<\/strong><\/p>\n<p data-start=\"200\" data-end=\"319\"><strong data-start=\"200\" data-end=\"259\">Combien de temps dure le transfert de Gen\u00e8ve \u00e0 Munich ?<\/strong><br data-start=\"259\" data-end=\"262\" \/>Dur\u00e9e des transferts priv\u00e9s de Gen\u00e8ve \u00e0 Munich : <strong data-start=\"311\" data-end=\"319\">6h00<\/strong><\/p>\n<p data-start=\"321\" data-end=\"437\"><strong data-start=\"321\" data-end=\"372\">Quelle est la distance entre Gen\u00e8ve et Munich ?<\/strong><br data-start=\"372\" data-end=\"375\" \/>Distance des transferts priv\u00e9s de Gen\u00e8ve \u00e0 Munich : <strong data-start=\"427\" data-end=\"437\">588 km<\/strong><\/p>\n<p data-start=\"439\" data-end=\"859\">Voyager entre l\u2019a\u00e9roport de Gen\u00e8ve et Munich peut \u00eatre une exp\u00e9rience luxueuse et sans stress lorsque vous choisissez le bon service de transfert. Que vous voyagiez pour affaires, pour le plaisir ou pour un \u00e9v\u00e9nement sp\u00e9cial, Mercedes-Benz offre un confort, une fiabilit\u00e9 et une sophistication incomparables. Des berlines \u00e9l\u00e9gantes aux vans spacieux, notre flotte garantit un trajet aussi agr\u00e9able que votre destination.<\/p>\n<hr data-start=\"861\" data-end=\"864\" \/>\n<h3 data-start=\"866\" data-end=\"939\">Pourquoi choisir un transfert priv\u00e9 de l\u2019a\u00e9roport de Gen\u00e8ve \u00e0 Munich ?<\/h3>\n<p data-start=\"941\" data-end=\"1318\">Lorsqu\u2019il s\u2019agit de voyager entre l\u2019a\u00e9roport de Gen\u00e8ve et Munich, le confort et la praticit\u00e9 sont essentiels. Les transports publics ou la location de voiture peuvent sembler \u00eatre une option, mais impliquent souvent des contraintes (itin\u00e9raires inconnus, horaires stricts, organisation). En optant pour un <strong data-start=\"1247\" data-end=\"1296\">transfert de Gen\u00e8ve \u00e0 Munich en Mercedes-Benz<\/strong>, vous b\u00e9n\u00e9ficiez de :<\/p>\n<ul data-start=\"1320\" data-end=\"1695\">\n<li data-start=\"1320\" data-end=\"1414\">\n<p data-start=\"1322\" data-end=\"1414\"><strong data-start=\"1322\" data-end=\"1343\">Luxe et confort :<\/strong> Voyagez dans des v\u00e9hicules premium con\u00e7us pour une d\u00e9tente maximale.<\/p>\n<\/li>\n<li data-start=\"1415\" data-end=\"1518\">\n<p data-start=\"1417\" data-end=\"1518\"><strong data-start=\"1417\" data-end=\"1448\">Chauffeurs professionnels :<\/strong> Des conducteurs exp\u00e9riment\u00e9s assurent un trajet fluide et s\u00e9curis\u00e9.<\/p>\n<\/li>\n<li data-start=\"1519\" data-end=\"1604\">\n<p data-start=\"1521\" data-end=\"1604\"><strong data-start=\"1521\" data-end=\"1538\">Flexibilit\u00e9 :<\/strong> Un service adapt\u00e9 \u00e0 votre emploi du temps et \u00e0 vos pr\u00e9f\u00e9rences.<\/p>\n<\/li>\n<li data-start=\"1605\" data-end=\"1695\">\n<p data-start=\"1607\" data-end=\"1695\"><strong data-start=\"1607\" data-end=\"1634\">Service porte-\u00e0-porte :<\/strong> \u00c9vitez le stress de coordonner plusieurs modes de transport.<\/p>\n<\/li>\n<\/ul>\n<hr data-start=\"1697\" data-end=\"1700\" \/>\n<h3 data-start=\"1702\" data-end=\"1762\">D\u00e9couvrez notre flotte Mercedes-Benz pour votre transfert<\/h3>\n<p data-start=\"1764\" data-end=\"1992\">Notre flotte diversifi\u00e9e est pens\u00e9e pour tous les types de voyageurs, que vous soyez seul, en couple ou en groupe. Voici un aper\u00e7u des options Mercedes-Benz disponibles pour votre <strong data-start=\"1944\" data-end=\"1990\">transfert de l\u2019a\u00e9roport de Gen\u00e8ve \u00e0 Munich<\/strong> :<\/p>\n<hr data-start=\"1994\" data-end=\"1997\" \/>\n<h4 data-start=\"1999\" data-end=\"2023\">1. Mercedes Classe E<\/h4>\n<p data-start=\"2025\" data-end=\"2233\">La <strong data-start=\"2028\" data-end=\"2049\">Mercedes Classe E<\/strong> incarne l\u2019\u00e9l\u00e9gance et l\u2019efficacit\u00e9. Parfaite pour les voyageurs d\u2019affaires ou les couples, elle combine un design raffin\u00e9 et une technologie avanc\u00e9e pour une exp\u00e9rience haut de gamme.<\/p>\n<ul data-start=\"2235\" data-end=\"2535\">\n<li data-start=\"2235\" data-end=\"2348\">\n<p data-start=\"2237\" data-end=\"2348\">Profitez d\u2019un <strong data-start=\"2251\" data-end=\"2304\">transfert de Gen\u00e8ve \u00e0 Munich en Mercedes Classe E<\/strong> et d\u2019un trajet silencieux et confortable.<\/p>\n<\/li>\n<li data-start=\"2349\" data-end=\"2443\">\n<p data-start=\"2351\" data-end=\"2443\">Id\u00e9ale pour les voyageurs seuls ou les petits groupes recherchant sophistication et style.<\/p>\n<\/li>\n<li data-start=\"2444\" data-end=\"2535\">\n<p data-start=\"2446\" data-end=\"2535\">\u00c9quipements premium : sellerie cuir, climatisation, syst\u00e8me d\u2019infodivertissement moderne.<\/p>\n<\/li>\n<\/ul>\n<p data-start=\"2537\" data-end=\"2692\">Si vous recherchez un \u00e9quilibre entre accessibilit\u00e9 et luxe, r\u00e9server un <strong data-start=\"2610\" data-end=\"2668\">transfert de l\u2019a\u00e9roport de Gen\u00e8ve \u00e0 Munich en Classe E<\/strong> est un excellent choix.<\/p>\n<hr data-start=\"2694\" data-end=\"2697\" \/>\n<h4 data-start=\"2699\" data-end=\"2723\">2. Mercedes Classe V<\/h4>\n<p data-start=\"2725\" data-end=\"2899\">Pour les familles ou les groupes, la <a href=\"https:\/\/genevaways.com\/fr\/fleet\/mercedes-v-class\/\"><strong data-start=\"2762\" data-end=\"2783\">Mercedes Classe V<\/strong><\/a> offre un espace g\u00e9n\u00e9reux sans compromis sur le luxe. Ce van premium assure \u00e0 chaque passager un voyage confortable.<\/p>\n<ul data-start=\"2901\" data-end=\"3255\">\n<li data-start=\"2901\" data-end=\"3022\">\n<p data-start=\"2903\" data-end=\"3022\">Optez pour un <strong data-start=\"2917\" data-end=\"2970\">transfert de Gen\u00e8ve \u00e0 Munich en Mercedes Classe V<\/strong> avec une grande capacit\u00e9 de si\u00e8ges et de bagages.<\/p>\n<\/li>\n<li data-start=\"3023\" data-end=\"3145\">\n<p data-start=\"3025\" data-end=\"3145\">La Classe V propose des fonctionnalit\u00e9s de s\u00e9curit\u00e9 avanc\u00e9es et un int\u00e9rieur soign\u00e9, id\u00e9al pour les longues distances.<\/p>\n<\/li>\n<li data-start=\"3146\" data-end=\"3255\">\n<p data-start=\"3148\" data-end=\"3255\">Jusqu\u2019\u00e0 7 passagers : un <strong data-start=\"3173\" data-end=\"3217\">transfert de Gen\u00e8ve \u00e0 Munich en Classe V<\/strong> garantit un trajet \u00e9l\u00e9gant pour tous.<\/p>\n<\/li>\n<\/ul>\n<hr data-start=\"3257\" data-end=\"3260\" \/>\n<h4 data-start=\"3262\" data-end=\"3286\">3. Mercedes Classe S<\/h4>\n<p data-start=\"3288\" data-end=\"3466\">Quand seul le meilleur suffit, la <strong data-start=\"3322\" data-end=\"3343\">Mercedes Classe S<\/strong> est la r\u00e9f\u00e9rence du transport de luxe. Cette berline embl\u00e9matique est con\u00e7ue pour les voyageurs VIP en qu\u00eate d\u2019excellence.<\/p>\n<ul data-start=\"3468\" data-end=\"3805\">\n<li data-start=\"3468\" data-end=\"3599\">\n<p data-start=\"3470\" data-end=\"3599\">Offrez-vous un <strong data-start=\"3485\" data-end=\"3538\">transfert de Gen\u00e8ve \u00e0 Munich en Mercedes Classe S<\/strong>, o\u00f9 chaque d\u00e9tail est pens\u00e9 pour le confort et l\u2019\u00e9l\u00e9gance.<\/p>\n<\/li>\n<li data-start=\"3600\" data-end=\"3689\">\n<p data-start=\"3602\" data-end=\"3689\">Syst\u00e8mes de s\u00e9curit\u00e9 et de divertissement avanc\u00e9s pour un trajet parfaitement fluide.<\/p>\n<\/li>\n<li data-start=\"3690\" data-end=\"3805\">\n<p data-start=\"3692\" data-end=\"3805\">Que ce soit pour affaires ou loisirs, un <strong data-start=\"3733\" data-end=\"3758\">transfert en Classe S<\/strong> apporte une touche de prestige \u00e0 votre voyage.<\/p>\n<\/li>\n<\/ul>\n<hr data-start=\"3807\" data-end=\"3810\" \/>\n<h4 data-start=\"3812\" data-end=\"3835\">4. Mercedes Maybach<\/h4>\n<p data-start=\"3837\" data-end=\"4027\">Pour une exp\u00e9rience ultra-luxueuse, la <strong data-start=\"3876\" data-end=\"3896\">Mercedes Maybach<\/strong> propose une opulence incomparable. Parfaite pour les voyageurs exigeants ou les occasions sp\u00e9ciales, la Maybach red\u00e9finit le luxe.<\/p>\n<ul data-start=\"4029\" data-end=\"4326\">\n<li data-start=\"4029\" data-end=\"4130\">\n<p data-start=\"4031\" data-end=\"4130\">R\u00e9servez un <strong data-start=\"4043\" data-end=\"4095\">transfert de Gen\u00e8ve \u00e0 Munich en Mercedes Maybach<\/strong> pour une exp\u00e9rience inoubliable.<\/p>\n<\/li>\n<li data-start=\"4131\" data-end=\"4228\">\n<p data-start=\"4133\" data-end=\"4228\">Si\u00e8ges inclinables, cuir premium et \u00e9quipements de pointe : la Maybach fixe la norme du luxe.<\/p>\n<\/li>\n<li data-start=\"4229\" data-end=\"4326\">\n<p data-start=\"4231\" data-end=\"4326\">Un <strong data-start=\"4234\" data-end=\"4258\">transfert en Maybach<\/strong> vous permet d\u2019arriver \u00e0 Munich d\u00e9tendu(e) et parfaitement choy\u00e9(e).<\/p>\n<\/li>\n<\/ul>\n<hr data-start=\"4328\" data-end=\"4331\" \/>\n<h4 data-start=\"4333\" data-end=\"4368\">5. Minibus Mercedes (16 places)<\/h4>\n<p data-start=\"4370\" data-end=\"4562\">Pour les grands groupes, le <strong data-start=\"4398\" data-end=\"4418\">minibus Mercedes<\/strong> est la solution id\u00e9ale. Ce v\u00e9hicule spacieux combine praticit\u00e9 et prestations premium, pouvant accueillir jusqu\u2019\u00e0 16 passagers confortablement.<\/p>\n<ul data-start=\"4564\" data-end=\"4914\">\n<li data-start=\"4564\" data-end=\"4705\">\n<p data-start=\"4566\" data-end=\"4705\">Profitez d\u2019un <strong data-start=\"4580\" data-end=\"4643\">transfert sans souci de Gen\u00e8ve \u00e0 Munich en minibus Mercedes<\/strong>, id\u00e9al pour \u00e9v\u00e9nements d\u2019entreprise ou r\u00e9unions familiales.<\/p>\n<\/li>\n<li data-start=\"4706\" data-end=\"4802\">\n<p data-start=\"4708\" data-end=\"4802\">Con\u00e7u pour le confort : si\u00e8ges ergonomiques, espace de rangement g\u00e9n\u00e9reux, s\u00e9curit\u00e9 avanc\u00e9e.<\/p>\n<\/li>\n<li data-start=\"4803\" data-end=\"4914\">\n<p data-start=\"4805\" data-end=\"4914\">Un <strong data-start=\"4808\" data-end=\"4841\">transfert en minibus Mercedes<\/strong> permet \u00e0 votre groupe de voyager ensemble sans compromis sur la qualit\u00e9.<\/p>\n<\/li>\n<\/ul>\n<hr data-start=\"4916\" data-end=\"4919\" \/>\n<h3 data-start=\"4921\" data-end=\"4977\">Caract\u00e9ristiques cl\u00e9s de nos transferts Mercedes-Benz<\/h3>\n<p data-start=\"4979\" data-end=\"5103\"><strong data-start=\"4979\" data-end=\"5030\">Combien co\u00fbte le transfert de Gen\u00e8ve \u00e0 Munich ?<\/strong><br data-start=\"5030\" data-end=\"5033\" \/>Prix des transferts priv\u00e9s de Gen\u00e8ve \u00e0 Munich \u00e0 partir de <strong data-start=\"5091\" data-end=\"5103\">1860 CHF<\/strong><\/p>\n<p data-start=\"5105\" data-end=\"5224\"><strong data-start=\"5105\" data-end=\"5164\">Combien de temps dure le transfert de Gen\u00e8ve \u00e0 Munich ?<\/strong><br data-start=\"5164\" data-end=\"5167\" \/>Dur\u00e9e des transferts priv\u00e9s de Gen\u00e8ve \u00e0 Munich : <strong data-start=\"5216\" data-end=\"5224\">6h00<\/strong><\/p>\n<p data-start=\"5226\" data-end=\"5349\"><strong data-start=\"5226\" data-end=\"5284\">Quelle est la distance entre Gen\u00e8ve et Munich en bus ?<\/strong><br data-start=\"5284\" data-end=\"5287\" \/>Distance des transferts priv\u00e9s de Gen\u00e8ve \u00e0 Munich : <strong data-start=\"5339\" data-end=\"5349\">588 km<\/strong><\/p>\n<ul data-start=\"5351\" data-end=\"5776\">\n<li data-start=\"5351\" data-end=\"5450\">\n<p data-start=\"5353\" data-end=\"5450\"><strong data-start=\"5353\" data-end=\"5370\">Ponctualit\u00e9 :<\/strong> Nos chauffeurs priorisent le service \u00e0 l\u2019heure, pour une arriv\u00e9e sans retard.<\/p>\n<\/li>\n<li data-start=\"5451\" data-end=\"5550\">\n<p data-start=\"5453\" data-end=\"5550\"><strong data-start=\"5453\" data-end=\"5479\">Service personnalis\u00e9 :<\/strong> Nous adaptons chaque <strong data-start=\"5501\" data-end=\"5533\">transfert de Gen\u00e8ve \u00e0 Munich<\/strong> \u00e0 vos besoins.<\/p>\n<\/li>\n<li data-start=\"5551\" data-end=\"5670\">\n<p data-start=\"5553\" data-end=\"5670\"><strong data-start=\"5553\" data-end=\"5573\">Flotte de luxe :<\/strong> Choisissez parmi nos mod\u00e8les Mercedes-Benz selon vos pr\u00e9f\u00e9rences et la taille de votre groupe.<\/p>\n<\/li>\n<li data-start=\"5671\" data-end=\"5776\">\n<p data-start=\"5673\" data-end=\"5776\"><strong data-start=\"5673\" data-end=\"5697\">Disponibilit\u00e9 24\/7 :<\/strong> Quel que soit l\u2019horaire de votre vol, nos services sont pr\u00eats \u00e0 vous assister.<\/p>\n<\/li>\n<\/ul>\n<hr data-start=\"5778\" data-end=\"5781\" \/>\n<h3 data-start=\"5783\" data-end=\"5806\">Questions fr\u00e9quentes<\/h3>\n<p data-start=\"5808\" data-end=\"6065\"><strong data-start=\"5808\" data-end=\"5884\">1. Combien de temps dure le transfert de l\u2019a\u00e9roport de Gen\u00e8ve \u00e0 Munich ?<\/strong><br data-start=\"5884\" data-end=\"5887\" \/>Le trajet dure g\u00e9n\u00e9ralement environ <strong data-start=\"5923\" data-end=\"5939\">5 \u00e0 6 heures<\/strong>, selon la circulation et la m\u00e9t\u00e9o. Choisir un <strong data-start=\"5986\" data-end=\"6022\">transfert priv\u00e9 en Mercedes-Benz<\/strong> garantit un itin\u00e9raire direct et efficace.<\/p>\n<p data-start=\"6067\" data-end=\"6272\"><strong data-start=\"6067\" data-end=\"6115\">2. Des si\u00e8ges enfants sont-ils disponibles ?<\/strong><br data-start=\"6115\" data-end=\"6118\" \/>Oui, nous fournissons des si\u00e8ges enfants sur demande pour assurer la s\u00e9curit\u00e9 de vos enfants pendant votre <strong data-start=\"6225\" data-end=\"6271\">transfert de l\u2019a\u00e9roport de Gen\u00e8ve \u00e0 Munich<\/strong>.<\/p>\n<p data-start=\"6274\" data-end=\"6450\"><strong data-start=\"6274\" data-end=\"6315\">3. Puis-je r\u00e9server un aller-retour ?<\/strong><br data-start=\"6315\" data-end=\"6318\" \/>Absolument ! Nous proposons des options aller-retour, afin que vous profitiez d\u2019un <strong data-start=\"6401\" data-end=\"6428\">transfert Gen\u00e8ve\u2013Munich<\/strong> fluide\u2026 et du retour.<\/p>\n<hr data-start=\"6452\" data-end=\"6455\" \/>\n<h3 data-start=\"6457\" data-end=\"6476\">Autour de Munich<\/h3>\n<p data-start=\"6478\" data-end=\"7011\">Voyager entre l\u2019a\u00e9roport de Gen\u00e8ve et Munich peut \u00eatre une exp\u00e9rience luxueuse et sans stress avec le bon service de transfert. Vous pouvez \u00e9galement couper un long trajet par une halte \u00e0 <a href=\"https:\/\/genevaways.com\/fr\/luzerne\/\"><strong data-start=\"6666\" data-end=\"6677\">Lucerne<\/strong><\/a>, o\u00f9 le bord du lac et la vieille ville compacte permettent de vous d\u00e9gourdir les jambes, profiter d\u2019une courte promenade au bord de l\u2019eau, et repartir repos\u00e9 vers le sud de l\u2019Allemagne \u2014 le guide officiel de Lucerne Tourism est une r\u00e9f\u00e9rence utile pour pr\u00e9parer les incontournables et id\u00e9es saisonni\u00e8res : <a class=\"decorated-link\" href=\"https:\/\/www.luzern.com\/en\/\" target=\"_new\" rel=\"noopener\" data-start=\"6984\" data-end=\"7010\">https:\/\/www.luzern.com\/en\/<\/a>.<\/p>\n<hr data-start=\"7013\" data-end=\"7016\" \/>\n<h3 data-start=\"7018\" data-end=\"7070\">Avantages de choisir nos transferts Mercedes-Benz<\/h3>\n<p data-start=\"7072\" data-end=\"7262\">Que vous optiez pour un <strong data-start=\"7096\" data-end=\"7142\">transfert de l\u2019a\u00e9roport de Gen\u00e8ve \u00e0 Munich<\/strong> en <strong data-start=\"7146\" data-end=\"7167\">Mercedes Classe E<\/strong>, <strong data-start=\"7169\" data-end=\"7181\">Classe V<\/strong> ou <strong data-start=\"7185\" data-end=\"7196\">Maybach<\/strong>, notre exigence d\u2019excellence reste la m\u00eame. Parmi les avantages :<\/p>\n<ul data-start=\"7264\" data-end=\"7518\">\n<li data-start=\"7264\" data-end=\"7342\">\n<p data-start=\"7266\" data-end=\"7342\"><strong data-start=\"7266\" data-end=\"7291\">Intimit\u00e9 et confort :<\/strong> Voyagez sans distraction dans un v\u00e9hicule priv\u00e9.<\/p>\n<\/li>\n<li data-start=\"7343\" data-end=\"7417\">\n<p data-start=\"7345\" data-end=\"7417\"><strong data-start=\"7345\" data-end=\"7370\">\u00c9quipements premium :<\/strong> Wi-Fi, rafra\u00eechissements et ports de charge.<\/p>\n<\/li>\n<li data-start=\"7418\" data-end=\"7518\">\n<p data-start=\"7420\" data-end=\"7518\"><strong data-start=\"7420\" data-end=\"7444\">Voyage sans stress :<\/strong> Nos chauffeurs g\u00e8rent la logistique pour vous permettre de vous d\u00e9tendre.<\/p>\n<\/li>\n<\/ul>\n<hr data-start=\"7520\" data-end=\"7523\" \/>\n<h3 data-start=\"7525\" data-end=\"7574\">Comment r\u00e9server votre transfert Mercedes-Benz<\/h3>\n<p data-start=\"7576\" data-end=\"7876\">R\u00e9server votre <strong data-start=\"7591\" data-end=\"7637\">transfert de l\u2019a\u00e9roport de Gen\u00e8ve \u00e0 Munich<\/strong> est simple et rapide. Il vous suffit de visiter notre site, de s\u00e9lectionner votre mod\u00e8le Mercedes-Benz pr\u00e9f\u00e9r\u00e9, puis de renseigner vos informations de voyage. Notre \u00e9quipe s\u2019occupe du reste pour garantir une exp\u00e9rience fluide et luxueuse.<\/p>\n<hr data-start=\"7878\" data-end=\"7881\" \/>\n<h3 data-start=\"7883\" data-end=\"7896\">Conclusion<\/h3>\n<p data-start=\"7898\" data-end=\"8319\" data-is-last-node=\"\" data-is-only-node=\"\">Un <strong data-start=\"7901\" data-end=\"7953\">transfert priv\u00e9 de l\u2019a\u00e9roport de Gen\u00e8ve \u00e0 Munich<\/strong> en Mercedes-Benz est bien plus qu\u2019un simple d\u00e9placement : c\u2019est une exp\u00e9rience. Que vous choisissiez l\u2019\u00e9l\u00e9gance intemporelle de la <strong data-start=\"8085\" data-end=\"8097\">Classe E<\/strong>, le confort spacieux de la <a href=\"https:\/\/genevaways.com\/fr\/fleet\/mercedes-v-class\/\"><strong data-start=\"8125\" data-end=\"8137\">Classe V<\/strong><\/a>, ou le luxe in\u00e9gal\u00e9 de la <strong data-start=\"8164\" data-end=\"8175\">Maybach<\/strong>, notre flotte est con\u00e7ue pour d\u00e9passer vos attentes. R\u00e9servez d\u00e8s aujourd\u2019hui et profitez d\u2019un voyage aussi exceptionnel que votre destination.<\/p>\n<\/div>\n<\/div>\n<\/div>\n<\/div>\n<div class=\"z-0 flex min-h-[46px] justify-start\"><\/div>\n<div class=\"mt-3 w-full empty:hidden\">\n<div class=\"text-center\"><\/div>\n<\/div>\n<\/div>\n<\/div>\n<\/article>\n<\/div>\n<div class=\"pointer-events-none h-px w-px absolute bottom-0\" aria-hidden=\"true\" data-edge=\"true\"><\/div>\n<p>[\/vc_column_text][\/vc_column][\/vc_row][vc_row][vc_column][vc_empty_space height=&#8221;70px&#8221;][\/vc_column][\/vc_row]<\/p>\n<\/div>","protected":false},"excerpt":{"rendered":"<p>[vc_row type=&#8221;full_width_section&#8221;][vc_column][vc_column_text] Transferts de luxe de l\u2019a\u00e9roport de Gen\u00e8ve \u00e0 Munich avec Mercedes-Benz Combien co\u00fbte le transfert de Gen\u00e8ve \u00e0 Munich ?Prix des transferts priv\u00e9s de Gen\u00e8ve \u00e0 Munich \u00e0 partir de 1860 CHF Combien de temps dure le transfert de Gen\u00e8ve \u00e0 Munich ?Dur\u00e9e des transferts priv\u00e9s de Gen\u00e8ve \u00e0 Munich : 6h00 Quelle<\/p>\n","protected":false},"author":4,"featured_media":0,"parent":0,"menu_order":0,"comment_status":"closed","ping_status":"closed","template":"","meta":{"footnotes":""},"class_list":["post-3920","page","type-page","status-publish","hentry"],"_links":{"self":[{"href":"https:\/\/genevaways.com\/fr\/wp-json\/wp\/v2\/pages\/3920","targetHints":{"allow":["GET"]}}],"collection":[{"href":"https:\/\/genevaways.com\/fr\/wp-json\/wp\/v2\/pages"}],"about":[{"href":"https:\/\/genevaways.com\/fr\/wp-json\/wp\/v2\/types\/page"}],"author":[{"embeddable":true,"href":"https:\/\/genevaways.com\/fr\/wp-json\/wp\/v2\/users\/4"}],"replies":[{"embeddable":true,"href":"https:\/\/genevaways.com\/fr\/wp-json\/wp\/v2\/comments?post=3920"}],"version-history":[{"count":10,"href":"https:\/\/genevaways.com\/fr\/wp-json\/wp\/v2\/pages\/3920\/revisions"}],"predecessor-version":[{"id":7139,"href":"https:\/\/genevaways.com\/fr\/wp-json\/wp\/v2\/pages\/3920\/revisions\/7139"}],"wp:attachment":[{"href":"https:\/\/genevaways.com\/fr\/wp-json\/wp\/v2\/media?parent=3920"}],"curies":[{"name":"wp","href":"https:\/\/api.w.org\/{rel}","templated":true}]}}