{"id":3922,"date":"2024-10-17T10:51:14","date_gmt":"2024-10-17T08:51:14","guid":{"rendered":"https:\/\/genevaways.com\/zurich\/"},"modified":"2026-01-31T04:55:36","modified_gmt":"2026-01-31T03:55:36","slug":"zurich","status":"publish","type":"page","link":"https:\/\/genevaways.com\/fr\/zurich\/","title":{"rendered":"Transfert de Geneve vers Zurich"},"content":{"rendered":"<div class=\"wpb-content-wrapper\"><p>[vc_row type=&#8221;full_width_section&#8221;][vc_column]<h3 class=\"center-title\">Transfer de Gen\u00e8ve \u00e0 Zurich<br \/>\n<\/h3><div class=\"title-block2\"><\/div>[vc_column_text]<\/p>\n<h1>Transferts Priv\u00e9s de l\u2019A\u00e9roport de Gen\u00e8ve vers Zurich<\/h1>\n<h3><\/h3>\n<h3 data-start=\"0\" data-end=\"205\"><img loading=\"lazy\" decoding=\"async\" width=\"1024\" height=\"572\" class=\"alignnone size-large wp-image-5408\" src=\"https:\/\/genevaways.com\/wp-content\/uploads\/2025\/05\/Private-Swiss-driver-Geneva-1024x572.jpeg\" alt=\"Private driver in Zurich\" srcset=\"https:\/\/genevaways.com\/wp-content\/uploads\/2025\/05\/Private-Swiss-driver-Geneva-1024x572.jpeg 1024w, https:\/\/genevaways.com\/wp-content\/uploads\/2025\/05\/Private-Swiss-driver-Geneva-300x167.jpeg 300w, https:\/\/genevaways.com\/wp-content\/uploads\/2025\/05\/Private-Swiss-driver-Geneva-768x429.jpeg 768w, https:\/\/genevaways.com\/wp-content\/uploads\/2025\/05\/Private-Swiss-driver-Geneva-1536x857.jpeg 1536w, https:\/\/genevaways.com\/wp-content\/uploads\/2025\/05\/Private-Swiss-driver-Geneva-2048x1143.jpeg 2048w, https:\/\/genevaways.com\/wp-content\/uploads\/2025\/05\/Private-Swiss-driver-Geneva-100x56.jpeg 100w, https:\/\/genevaways.com\/wp-content\/uploads\/2025\/05\/Private-Swiss-driver-Geneva-110x60.jpeg 110w\" sizes=\"auto, (max-width: 1024px) 100vw, 1024px\" \/><\/h3>\n<h3 data-start=\"0\" data-end=\"205\">Transferts priv\u00e9s de l\u2019a\u00e9roport de Gen\u00e8ve \u00e0 Zurich .<\/h3>\n<p data-start=\"0\" data-end=\"205\">Obtenez votre transfert priv\u00e9 vers Zurich depuis l\u2019a\u00e9roport de Gen\u00e8ve avec Geneva Limousine .<\/p>\n<p data-start=\"207\" data-end=\"275\">Les transferts de Gen\u00e8ve \u00e0 Zurich peuvent \u00eatre r\u00e9serv\u00e9s facilement .<\/p>\n<p data-start=\"277\" data-end=\"451\">Le Van est \u00e9quip\u00e9 d\u2019une configuration de si\u00e8ges flexible et d\u2019un espace bagages g\u00e9n\u00e9reux, garantissant que tout le monde puisse voyager ensemble sans compromettre le confort.<\/p>\n<p data-start=\"453\" data-end=\"570\">Combien co\u00fbte un transfert de Gen\u00e8ve \u00e0 Zurich ?<br data-start=\"500\" data-end=\"503\" \/>Le prix des transferts priv\u00e9s de Gen\u00e8ve \u00e0 Zurich commence \u00e0 790 CHF<\/p>\n<p data-start=\"572\" data-end=\"691\">Combien de temps dure le transfert de Gen\u00e8ve \u00e0 Zurich ?<br data-start=\"627\" data-end=\"630\" \/>Dur\u00e9e des transferts priv\u00e9s de Gen\u00e8ve \u00e0 Zurich : 3h10 minutes<\/p>\n<p data-start=\"693\" data-end=\"812\">Quelle est la distance d\u2019un transfert de Gen\u00e8ve \u00e0 Zurich ?<br data-start=\"751\" data-end=\"754\" \/>Distance des transferts priv\u00e9s de Gen\u00e8ve \u00e0 Zurich : 274 km<\/p>\n<p data-start=\"814\" data-end=\"1860\">Avantages de nos transferts priv\u00e9s de Gen\u00e8ve \u00e0 Zurich : VIP Minibus \u00e0 Zurich<br data-start=\"890\" data-end=\"893\" \/>1- Wifi gratuit. 2 bouteilles d\u2019eau gratuites. lingettes rafra\u00eechissantes. transports suisses de luxe .<br data-start=\"996\" data-end=\"999\" \/>2- Devis gratuit . Prix fixes et transparents . Porte-\u00e0-porte . S\u00fbr &amp; fiable .<br data-start=\"1077\" data-end=\"1080\" \/>2- Annulation gratuite &amp; Disponible 24\/7. Assistance par t\u00e9l\u00e9phone ou SMS &amp; Email .<br data-start=\"1163\" data-end=\"1166\" \/>3- Temps d\u2019attente gratuit 1 heure pour tous les transferts de l\u2019a\u00e9roport de Gen\u00e8ve \u00e0 Zurich .<br data-start=\"1260\" data-end=\"1263\" \/>4- Soci\u00e9t\u00e9 suisse officielle . Bas\u00e9e \u00e0 Gen\u00e8ve pr\u00e8s de l\u2019a\u00e9roport de Gen\u00e8ve .<br data-start=\"1339\" data-end=\"1342\" \/>5- Le chauffeur vous accueille \u00e0 l\u2019a\u00e9roport de Gen\u00e8ve avec un panneau \u00e0 votre nom .<br data-start=\"1425\" data-end=\"1428\" \/>6- Service de haute qualit\u00e9. Ponctualit\u00e9. Excellents avis. Prix fixes. S\u00e9curit\u00e9 .<br data-start=\"1509\" data-end=\"1512\" \/>7- Commande en ligne rapide . En seulement 3 clics, obtenez votre voiture avec chauffeur \u00e0 Gen\u00e8ve .<br data-start=\"1611\" data-end=\"1614\" \/>8- Nos chauffeurs \u00e0 l\u2019a\u00e9roport de Gen\u00e8ve porteront les bagages pour vous .<br data-start=\"1688\" data-end=\"1691\" \/>9- Nos tarifs sont fixes &amp; garantis : autoroute. frais. taxes. parking inclus .<br data-start=\"1770\" data-end=\"1773\" \/>10- Chauffeurs exp\u00e9riment\u00e9s. parlent bien anglais. form\u00e9s. respectent votre vie priv\u00e9e.<\/p>\n<table>\n<thead>\n<tr>\n<th>Type de v\u00e9hicule<\/th>\n<th>Capacit\u00e9<\/th>\n<th>Prix (CHF)<\/th>\n<th>Transfert de Gen\u00e8ve \u00e0 Zurich<\/th>\n<\/tr>\n<\/thead>\n<tbody>\n<tr>\n<td>Mercedes E-Class<\/td>\n<td>jusqu\u2019\u00e0 3 passagers<\/td>\n<td>\u00e0 partir de 880 CHF<\/td>\n<td>Temps de trajet : env. 3h10. Inclut accueil a\u00e9roport (meet &amp; greet).<\/td>\n<\/tr>\n<tr>\n<td>Mercedes V-Class<\/td>\n<td>jusqu\u2019\u00e0 7 passagers<\/td>\n<td>\u00e0 partir de 890 CHF<\/td>\n<td>Parfait pour familles ou petits groupes. Bagages inclus.<\/td>\n<\/tr>\n<tr>\n<td>Mercedes S-Class<\/td>\n<td>jusqu\u2019\u00e0 3 passagers<\/td>\n<td>\u00e0 partir de 1100 CHF<\/td>\n<td>Confort &amp; luxe maximum. Accueil VIP \u00e0 l\u2019a\u00e9roport.<\/td>\n<\/tr>\n<tr>\n<td>Minibus (16 places)<\/td>\n<td>jusqu\u2019\u00e0 16 passagers<\/td>\n<td>\u00e0 partir de 1380 CHF<\/td>\n<td>Id\u00e9al pour grands groupes touristiques. Tous passagers et bagages inclus.<\/td>\n<\/tr>\n<\/tbody>\n<\/table>\n<p data-start=\"2451\" data-end=\"2917\">Comment r\u00e9server en ligne un transfert priv\u00e9 de l\u2019a\u00e9roport de Gen\u00e8ve \u00e0 Zurich ?<br data-start=\"2530\" data-end=\"2533\" \/>La r\u00e9servation en ligne d\u2019un transfert de l\u2019a\u00e9roport de Gen\u00e8ve \u00e0 Zurich avec Geneva Ways Limousine est facile et rapide \u2013 cela ne prend que quelques secondes :<br data-start=\"2692\" data-end=\"2695\" \/>1- Saisissez les d\u00e9tails de votre trajet .<br data-start=\"2737\" data-end=\"2740\" \/>2- Choisissez votre voiture de luxe dans notre flotte .<br data-start=\"2795\" data-end=\"2798\" \/>3- Payez directement en ligne , c\u2019est fait<br data-start=\"2840\" data-end=\"2843\" \/>vous recevrez une confirmation instantan\u00e9e de votre r\u00e9servation par Email.<\/p>\n<p data-start=\"2919\" data-end=\"3462\">Tous nos transferts priv\u00e9s VIP vers Zurich ( Service Limousine ) chez Geneva Ways : les v\u00e9hicules sont \u00e9quip\u00e9s pour la neige et nous proposons une ligne de service client 24\/7 si vous avez des questions concernant votre transfert vers Zurich. Pr\u00e9-r\u00e9servez ( r\u00e9servation en ligne ) pour voyager l\u2019esprit tranquille et en tout confort avec notre service limousine de confiance. Fiable et facile \u00e0 r\u00e9server. vous recevrez une confirmation instantan\u00e9e de votre r\u00e9servation et vous serez rassur\u00e9 de savoir que nous nous occupons de votre transfert.<\/p>\n<p data-start=\"3464\" data-end=\"4178\">Geneva Ways propose des services de transferts longue distance priv\u00e9s et professionnels ainsi que la location de voiture avec chauffeur ( service limousine ) dans la r\u00e9gion de Zurich. R\u00e9servez un transfert ski priv\u00e9 avec chauffeur vers Zurich ( Ponctuel, discret, fiable et poli, nos chauffeurs bilingues sont pr\u00eats \u00e0 vous accueillir \u00e0 la montagne. Service VIP ) , enti\u00e8rement \u00e9quip\u00e9s de pneus neige par Geneva ways . Laissez un chauffeur professionnellement form\u00e9 vous conduire dans le confort et le luxe avec suffisamment d\u2019espace pour vous, votre famille, vos amis et tout votre \u00e9quipement de ski et de snowboard. Avec 5 types de voitures Mercedes, vous pouvez choisir le v\u00e9hicule qui correspond \u00e0 vos besoins :<\/p>\n<p data-start=\"4180\" data-end=\"4803\">1- R\u00e9server des transferts priv\u00e9s de Gen\u00e8ve \u00e0 Zurich en Mercedes E-Class :<br data-start=\"4254\" data-end=\"4257\" \/>Geneva ways Limousine vous propose la Mercedes-Benz E-Class avec chauffeur priv\u00e9 \u00e0 Gen\u00e8ve &amp; Zurich comme voiture d\u2019affaires id\u00e9ale pour tous les transferts priv\u00e9s de Gen\u00e8ve vers la montagne , lorsque vous arrivez : transfert de l\u2019a\u00e9roport de Gen\u00e8ve vers votre h\u00f4tel ou chalet \u00e0 Zurich . Nous proposons un transport priv\u00e9 longue distance de luxe en Suisse vers les montagnes des Alpes , des navettes a\u00e9roport de Gen\u00e8ve avec E-Class , des transferts business et priv\u00e9s \u00e0 Gen\u00e8ve ou Zurich . Service limousine \u00e0 Gen\u00e8ve ou Zurich en Mercedes E-Class .<\/p>\n<p data-start=\"4805\" data-end=\"5577\">Mercedes E Class avec chauffeur priv\u00e9 \u00e0 Gen\u00e8ve ou Zurich . Geneva ways limousine . Votre alternative au taxi genevois vers Zurich. convient parfaitement aux transferts priv\u00e9s de Gen\u00e8ve \u00e0 Zurich , aux circuits touristiques en Suisse et aux transferts depuis Gen\u00e8ve &amp; Zurich . aussi pour le service limousine \u00e0 Gen\u00e8ve &amp; Zurich Cette voiture est un favori absolu dans la cat\u00e9gorie berline de luxe interm\u00e9diaire avec chauffeur priv\u00e9 \u00e0 Gen\u00e8ve , c\u2019est une berline noire 3 passagers combinant haute performance et s\u00e9curit\u00e9 absolue. La E-Class est certainement s\u00fbre et \u00e9l\u00e9gante pour les d\u00e9placements ex\u00e9cutifs. L\u2019int\u00e9rieur en cuir confortable, la climatisation, le faible bruit de l\u2019habitacle et le Wi-Fi \u00e0 bord se combinent pour cr\u00e9er une exp\u00e9rience de voyage de premi\u00e8re classe.<\/p>\n<div class=\"flex flex-col text-sm pb-25\">\n<article class=\"text-token-text-primary w-full focus:outline-none [--shadow-height:45px] has-data-writing-block:pointer-events-none has-data-writing-block:-mt-(--shadow-height) has-data-writing-block:pt-(--shadow-height) [&amp;:has([data-writing-block])&gt;*]:pointer-events-auto scroll-mt-[calc(var(--header-height)+min(200px,max(70px,20svh)))]\" dir=\"auto\" tabindex=\"-1\" data-turn-id=\"838669d3-53af-4249-947b-5a72cd042fdc\" data-testid=\"conversation-turn-50\" data-scroll-anchor=\"true\" data-turn=\"assistant\">\n<div class=\"text-base my-auto mx-auto pb-10 [--thread-content-margin:--spacing(4)] @w-sm\/main:[--thread-content-margin:--spacing(6)] @w-lg\/main:[--thread-content-margin:--spacing(16)] px-(--thread-content-margin)\">\n<div class=\"[--thread-content-max-width:40rem] @w-lg\/main:[--thread-content-max-width:48rem] mx-auto max-w-(--thread-content-max-width) flex-1 group\/turn-messages focus-visible:outline-hidden relative flex w-full min-w-0 flex-col agent-turn\" tabindex=\"-1\">\n<div class=\"flex max-w-full flex-col grow\">\n<div class=\"min-h-8 text-message relative flex w-full flex-col items-end gap-2 text-start break-words whitespace-normal [.text-message+&amp;]:mt-1\" dir=\"auto\" data-message-author-role=\"assistant\" data-message-id=\"851958ae-5262-4b24-9029-08dce1b1eb49\" data-message-model-slug=\"gpt-5-2-thinking\">\n<div class=\"flex w-full flex-col gap-1 empty:hidden first:pt-[1px]\">\n<div class=\"markdown prose dark:prose-invert w-full wrap-break-word light markdown-new-styling\">\n<p data-start=\"0\" data-end=\"78\">2- R\u00e9server des transferts priv\u00e9s VIP de Gen\u00e8ve \u00e0 Zurich en Mercedes V-Class<\/p>\n<p data-start=\"80\" data-end=\"213\">Combien co\u00fbte un transfert de Gen\u00e8ve \u00e0 Zurich en Van ?<br data-start=\"134\" data-end=\"137\" \/>Le prix des transferts priv\u00e9s de Gen\u00e8ve \u00e0 Zurich en Van commence \u00e0 790 CHF<\/p>\n<p data-start=\"215\" data-end=\"352\">Combien de temps dure le transfert de Gen\u00e8ve \u00e0 Zurich en Van ?<br data-start=\"277\" data-end=\"280\" \/>Dur\u00e9e des transferts priv\u00e9s de Gen\u00e8ve \u00e0 Zurich : 3h10 minutes avec Van<\/p>\n<p data-start=\"354\" data-end=\"489\">Quelle est la distance d\u2019un transfert de Gen\u00e8ve \u00e0 Zurich en Van ?<br data-start=\"419\" data-end=\"422\" \/>Distance des transferts priv\u00e9s de Gen\u00e8ve \u00e0 Zurich en Van : 274 km<\/p>\n<p data-start=\"491\" data-end=\"1450\">Transferts priv\u00e9s en Mercedes V-Class de Gen\u00e8ve \u00e0 Zurich, les plus demand\u00e9s notamment pour les transferts priv\u00e9s de Gen\u00e8ve \u00e0 Zurich en Mercedes V-Class . Capable d\u2019accueillir jusqu\u2019\u00e0 7 passagers, l\u2019espace bagages g\u00e9n\u00e9reux rend ces v\u00e9hicules avec chauffeur plus s\u00fbrs. \u00c9quip\u00e9e d\u2019un grand coffre, la V-Class est le choix id\u00e9al pour : transferts priv\u00e9s ex\u00e9cutifs et groupes corporate de Gen\u00e8ve \u00e0 Zurich, \u00e9v\u00e9nements sp\u00e9ciaux et road shows . transport familial de Gen\u00e8ve \u00e0 Zurich et \u00e9v\u00e9nements priv\u00e9s . transferts priv\u00e9s depuis l\u2019a\u00e9roport de Gen\u00e8ve et voyages longue distance vers les montagnes . Con\u00e7ue avec une priorit\u00e9 absolue \u00e0 la s\u00e9curit\u00e9, la V-Class fait partie des v\u00e9hicules de luxe avec chauffeur propos\u00e9s par Geneva Limousine, combinant transport prestigieux et grande capacit\u00e9. Que vous soyez une famille ou un groupe, c\u2019est la solution parfaite pour vos trajets et transferts priv\u00e9s vers Zurich ou depuis l\u2019a\u00e9roport de Gen\u00e8ve, dans toutes les directions.<\/p>\n<p data-start=\"1452\" data-end=\"1626\">Le Van est \u00e9quip\u00e9 d\u2019une configuration de si\u00e8ges flexible et d\u2019un espace bagages g\u00e9n\u00e9reux, garantissant que tout le monde puisse voyager ensemble sans compromettre le confort.<\/p>\n<p data-start=\"1628\" data-end=\"1758\">Combien co\u00fbte un transfert de Gen\u00e8ve \u00e0 Zurich en Minivan ?<br data-start=\"1686\" data-end=\"1689\" \/>Le prix des transferts priv\u00e9s de Gen\u00e8ve \u00e0 Zurich commence \u00e0 890 CHF<\/p>\n<p data-start=\"1760\" data-end=\"1892\">Combien de temps dure le transfert de Gen\u00e8ve \u00e0 Zurich en Minivan ?<br data-start=\"1826\" data-end=\"1829\" \/>Dur\u00e9e des transferts priv\u00e9s de Gen\u00e8ve \u00e0 Zurich : 2h45 minutes<\/p>\n<p data-start=\"1894\" data-end=\"2026\">Quelle est la distance d\u2019un transfert de Gen\u00e8ve \u00e0 Zurich en Minivan ?<br data-start=\"1963\" data-end=\"1966\" \/>Distance des transferts priv\u00e9s de Gen\u00e8ve \u00e0 Zurich : 228 km<\/p>\n<ol>\n<li data-start=\"2028\" data-end=\"2530\">Rendez votre trajet agr\u00e9able avec un transfert de l\u2019a\u00e9roport de Gen\u00e8ve \u00e0 Zurich en Van.<\/li>\n<li data-start=\"2028\" data-end=\"2530\">Profitez d\u2019un confort spacieux lors de votre transfert de l\u2019a\u00e9roport de Gen\u00e8ve \u00e0 Zurich en Van.<\/li>\n<li data-start=\"2028\" data-end=\"2530\">Parfait pour les groupes, le transfert de l\u2019a\u00e9roport de Gen\u00e8ve \u00e0 Zurich en Van offre un int\u00e9rieur spacieux.<\/li>\n<li data-start=\"2028\" data-end=\"2530\">Profitez d\u2019un grand espace bagages lors d\u2019un transfert de l\u2019a\u00e9roport de Gen\u00e8ve \u00e0 Zurich en Van.<\/li>\n<li data-start=\"2028\" data-end=\"2530\">Le transfert de l\u2019a\u00e9roport de Gen\u00e8ve \u00e0 Zurich en Van offre une grande polyvalence pour tous les voyageurs.<\/li>\n<\/ol>\n<p data-start=\"2532\" data-end=\"2870\">Le Van est con\u00e7u pour les groupes plus importants et les familles qui privil\u00e9gient \u00e0 la fois l\u2019espace et le confort. Sa configuration innovante et son vaste espace de chargement font du transfert de l\u2019a\u00e9roport de Gen\u00e8ve \u00e0 Zurich en Mercedes Van une option id\u00e9ale pour les skieurs et les vacanciers transportant du mat\u00e9riel suppl\u00e9mentaire.<\/p>\n<h3 data-start=\"2872\" data-end=\"3209\">Transfert de l\u2019a\u00e9roport de Gen\u00e8ve \u00e0 Zurich en Van : Pour ceux qui privil\u00e9gient le luxe et ont besoin de plus d\u2019espace, le transfert de l\u2019a\u00e9roport de Gen\u00e8ve \u00e0 Zurich en Mercedes Van est un excellent choix. Le Van combine \u00e9l\u00e9gance et fonctionnalit\u00e9, offrant un int\u00e9rieur vaste et des \u00e9quipements modernes adapt\u00e9s aux voyages haut de gamme.<\/h3>\n<p data-start=\"3211\" data-end=\"3711\">Voyagez avec style gr\u00e2ce \u00e0 un transfert de <a href=\"https:\/\/www.gva.ch\/en\/\" target=\"_blank\" rel=\"noopener\">l\u2019a\u00e9roport de Gen\u00e8ve<\/a> \u00e0 Zurich en Mercedes Van.<br data-start=\"3300\" data-end=\"3303\" \/>Pour une exp\u00e9rience luxueuse, choisissez un transfert de l\u2019a\u00e9roport de Gen\u00e8ve \u00e0 Zurich en Van.<br data-start=\"3397\" data-end=\"3400\" \/>Spacieux et \u00e9l\u00e9gant, le transfert de l\u2019a\u00e9roport de Gen\u00e8ve \u00e0 Zurich en Van red\u00e9finit le confort.<br data-start=\"3495\" data-end=\"3498\" \/>Id\u00e9al pour les longs trajets, le transfert de l\u2019a\u00e9roport de Gen\u00e8ve \u00e0 Zurich en Van offre d\u00e9tente et s\u00e9r\u00e9nit\u00e9.<br data-start=\"3607\" data-end=\"3610\" \/>Le transfert de l\u2019a\u00e9roport de Gen\u00e8ve \u00e0 Zurich en Mercedes Van est parfait pour les voyages en groupe.<\/p>\n<p data-start=\"3713\" data-end=\"4842\">R\u00e9servez en ligne votre Mercedes V-Class de Gen\u00e8ve \u00e0 Zurich : En quelques clics, calculez votre prix rapidement et gratuitement pour tous les transferts priv\u00e9s depuis Gen\u00e8ve ou Zurich . R\u00e9servation rapide en ligne de service limousine \u00e0 Gen\u00e8ve ou Zurich, vous pouvez consulter tous les prix des transferts priv\u00e9s depuis Gen\u00e8ve ou Zurich . La Mercedes Viano avec chauffeur \u00e0 Gen\u00e8ve offre \u00e0 votre groupe l\u2019espace et la flexibilit\u00e9 pour travailler, se divertir ou se d\u00e9tendre en toute s\u00e9curit\u00e9 et confort. Confortables et luxueux, tous nos v\u00e9hicules sont \u00e9quip\u00e9s du Wi-Fi et de boissons rafra\u00eechissantes \u00e0 votre disposition. C\u2019est id\u00e9al pour vos visites en famille ou vos d\u00e9placements professionnels. \u00c9quip\u00e9e d\u2019un grand coffre, toutes vos valises auront leur place. Exp\u00e9rience exceptionnelle pour les groupes. Elle dispose \u00e9galement d\u2019un grand compartiment \u00e0 bagages, ce qui la rend parfaite pour les transferts a\u00e9roport de Gen\u00e8ve vers Zurich . Votre chauffeur priv\u00e9 \u00e0 Gen\u00e8ve vous attendra aux arriv\u00e9es et vous aidera avec tous vos bagages afin que votre prise en charge \u00e0 l\u2019a\u00e9roport de Gen\u00e8ve vers Zurich soit fluide et sans souci.<\/p>\n<p data-start=\"4844\" data-end=\"5593\" data-is-last-node=\"\" data-is-only-node=\"\">Avec Geneva ways Limousine, les transferts priv\u00e9s de l\u2019a\u00e9roport de Gen\u00e8ve \u00e0 Zurich en Mercedes Van font partie de nos sp\u00e9cialit\u00e9s. Geneva ways Limousine vous propose la Mercedes V-Class avec chauffeur pour vos transferts depuis Gen\u00e8ve ou Zurich . En plus de la place pour tous vos passagers, un int\u00e9rieur spacieux et des \u00e9quipements pratiques rendent le trajet encore plus agr\u00e9able. Ces v\u00e9hicules peuvent \u00eatre adapt\u00e9s \u00e0 votre confort et \u00e0 vos besoins. Les doubles portes s\u2019ouvrent largement, facilitant le chargement et le d\u00e9chargement. Vous pouvez \u00e9galement r\u00e9server votre limousine Mercedes V-Class avec chauffeur priv\u00e9 en ligne depuis Gen\u00e8ve ou Zurich, ou si vous avez la moindre question : appelez-nous \u2013 nous sommes toujours l\u00e0 pour vous aider.<\/p>\n<\/div>\n<\/div>\n<\/div>\n<\/div>\n<\/div>\n<\/div>\n<\/article>\n<\/div>\n<p data-start=\"6815\" data-end=\"7257\">3- R\u00e9server des transferts priv\u00e9s VIP de Gen\u00e8ve \u00e0 Zurich en Mercedes S-Class :<br data-start=\"6893\" data-end=\"6896\" \/>La location de limousine \u00e0 Gen\u00e8ve avec chauffeur Mercedes S-Class est la voiture id\u00e9ale pour le transport priv\u00e9 longue distance de Gen\u00e8ve \u00e0 Zurich &amp; en Suisse ou pour les visites touristiques en Suisse. La S-Class offre un espace g\u00e9n\u00e9reux pour trois passagers avec bagages, et inclut un \u00e9clairage LED doux et des si\u00e8ges en cuir moelleux pour un confort maximal.<\/p>\n<p data-start=\"7259\" data-end=\"7589\">4- R\u00e9server des transferts priv\u00e9s VIP de Gen\u00e8ve \u00e0 Zurich en Mercedes Maybach :<br data-start=\"7337\" data-end=\"7340\" \/>La Mercedes Maybach est le sommet de notre gamme de location de voitures de luxe, appr\u00e9ci\u00e9e pour son prestige, son espace suppl\u00e9mentaire et son confort VIP. Luxe calme et sensuel, la Mercedes-Maybach S-Class est l\u2019ambassadrice du raffinement absolu.<\/p>\n<p data-start=\"7591\" data-end=\"7957\">5- R\u00e9server des transferts priv\u00e9s de Gen\u00e8ve \u00e0 Zurich en Mercedes Sprinter Minibus :<br data-start=\"7674\" data-end=\"7677\" \/>La meilleure option pour les groupes et les grandes familles. Le minibus Mercedes Sprinter peut accueillir jusqu\u2019\u00e0 16 passagers et dispose d\u2019un grand compartiment \u00e0 bagages, ce qui le rend parfait pour les transferts a\u00e9roport vers Zurich avec beaucoup d\u2019\u00e9quipements et de valises.<\/p>\n<h3 data-start=\"7959\" data-end=\"8573\">Autour de Zurich<\/h3>\n<p data-start=\"7959\" data-end=\"8573\" data-is-last-node=\"\" data-is-only-node=\"\"><a href=\"https:\/\/genevaways.com\/fr\/zurich\/\">Zurich<\/a> est un point de d\u00e9part pratique pour explorer la Suisse centrale, et Lucerne est l\u2019une des villes les plus proches et les plus naturelles \u00e0 ajouter \u00e0 un itin\u00e9raire \u00e0 Zurich\u2014surtout si vous voulez \u00e9quilibrer le rythme business-et-ville de Zurich avec une journ\u00e9e classique \u00ab lac et montagnes \u00bb. Vous pouvez combiner les deux pour une extension fluide : passer du temps \u00e0 Zurich pour le shopping et les mus\u00e9es, puis vous rendre \u00e0 Lucerne pour son cadre au bord du lac et ses paysages suisses embl\u00e9matiques, sans avoir besoin d\u2019un long transfert \u00e0 travers le pays. <a class=\"decorated-link\" href=\"https:\/\/www.luzern.com\/en\/\" target=\"_new\" rel=\"noopener\" data-start=\"8547\" data-end=\"8573\" data-is-last-node=\"\">https:\/\/www.luzern.com\/en\/<\/a><\/p>\n<p>[\/vc_column_text][\/vc_column][\/vc_row][vc_row][vc_column][vc_empty_space height=&#8221;70px&#8221;][\/vc_column][\/vc_row]<\/p>\n<\/div>","protected":false},"excerpt":{"rendered":"<p>[vc_row type=&#8221;full_width_section&#8221;][vc_column][vc_column_text] Transferts Priv\u00e9s de l\u2019A\u00e9roport de Gen\u00e8ve vers Zurich Transferts priv\u00e9s de l\u2019a\u00e9roport de Gen\u00e8ve \u00e0 Zurich . Obtenez votre transfert priv\u00e9 vers Zurich depuis l\u2019a\u00e9roport de Gen\u00e8ve avec Geneva Limousine . Les transferts de Gen\u00e8ve \u00e0 Zurich peuvent \u00eatre r\u00e9serv\u00e9s facilement . Le Van est \u00e9quip\u00e9 d\u2019une configuration de si\u00e8ges flexible et d\u2019un<\/p>\n","protected":false},"author":4,"featured_media":0,"parent":0,"menu_order":0,"comment_status":"closed","ping_status":"closed","template":"","meta":{"footnotes":""},"class_list":["post-3922","page","type-page","status-publish","hentry"],"_links":{"self":[{"href":"https:\/\/genevaways.com\/fr\/wp-json\/wp\/v2\/pages\/3922","targetHints":{"allow":["GET"]}}],"collection":[{"href":"https:\/\/genevaways.com\/fr\/wp-json\/wp\/v2\/pages"}],"about":[{"href":"https:\/\/genevaways.com\/fr\/wp-json\/wp\/v2\/types\/page"}],"author":[{"embeddable":true,"href":"https:\/\/genevaways.com\/fr\/wp-json\/wp\/v2\/users\/4"}],"replies":[{"embeddable":true,"href":"https:\/\/genevaways.com\/fr\/wp-json\/wp\/v2\/comments?post=3922"}],"version-history":[{"count":23,"href":"https:\/\/genevaways.com\/fr\/wp-json\/wp\/v2\/pages\/3922\/revisions"}],"predecessor-version":[{"id":7160,"href":"https:\/\/genevaways.com\/fr\/wp-json\/wp\/v2\/pages\/3922\/revisions\/7160"}],"wp:attachment":[{"href":"https:\/\/genevaways.com\/fr\/wp-json\/wp\/v2\/media?parent=3922"}],"curies":[{"name":"wp","href":"https:\/\/api.w.org\/{rel}","templated":true}]}}