{"id":5084,"date":"2024-11-21T09:32:55","date_gmt":"2024-11-21T08:32:55","guid":{"rendered":"https:\/\/genevaways.com\/basel\/"},"modified":"2026-01-31T03:55:51","modified_gmt":"2026-01-31T02:55:51","slug":"basel","status":"publish","type":"page","link":"https:\/\/genevaways.com\/fr\/basel\/","title":{"rendered":"B\u00e2le"},"content":{"rendered":"<div class=\"wpb-content-wrapper\"><p>[vc_row][vc_column]<h3 class=\"center-title\">Transfert de Gen\u00e8ve vers B\u00e2le<br \/>\n<\/h3><div class=\"title-block2\"><\/div>[vc_single_image image=&#8221;5471&#8243; img_size=&#8221;large&#8221; alignment=&#8221;center&#8221;][vc_column_text]<\/p>\n<h3 data-start=\"28\" data-end=\"105\">Transferts de luxe de l\u2019a\u00e9roport de Gen\u00e8ve \u00e0 B\u00e2le avec des v\u00e9hicules Mercedes<\/h3>\n<p data-start=\"107\" data-end=\"475\">Lors de la planification de votre trajet de<a href=\"https:\/\/www.gva.ch\/en\/\" target=\"_blank\" rel=\"noopener\"> <span style=\"text-decoration: underline;\">l\u2019a\u00e9roport de Gen\u00e8ve<\/span><\/a> \u00e0 B\u00e2le, le confort, le style et la fiabilit\u00e9 sont essentiels. Notre service exclusif de transfert de l\u2019a\u00e9roport de Gen\u00e8ve \u00e0 B\u00e2le avec des v\u00e9hicules Mercedes garantit une exp\u00e9rience de voyage fluide, adapt\u00e9e \u00e0 vos besoins. Choisissez parmi une gamme d\u2019options Mercedes premium pour sublimer votre trajet.<\/p>\n<h3 data-start=\"477\" data-end=\"509\">Pourquoi choisir notre service de transfert ?<\/h3>\n<ol data-start=\"511\" data-end=\"988\">\n<li data-start=\"511\" data-end=\"644\">\n<p data-start=\"514\" data-end=\"644\"><strong>Confort incomparable<\/strong>: Chaque v\u00e9hicule Mercedes offre un luxe exceptionnel et une technologie de pointe pour un trajet sans effort.<\/p>\n<\/li>\n<li data-start=\"645\" data-end=\"798\">\n<p data-start=\"648\" data-end=\"798\"><strong>Ponctuel et fiable<\/strong>: Nos chauffeurs sont form\u00e9s pour fournir un service ponctuel et professionnel, en veillant \u00e0 ce que vous arriviez \u00e0 B\u00e2le \u00e0 l\u2019heure.<\/p>\n<\/li>\n<li data-start=\"799\" data-end=\"988\">\n<p data-start=\"802\" data-end=\"988\"><strong>Adapt\u00e9 \u00e0 chaque groupe<\/strong>: Des individus aux grands groupes, notre flotte comprend des v\u00e9hicules comme les Mercedes E-Class, S-Class, V-Class et Maybach, ainsi qu\u2019un bus Mercedes 16 places.<\/p>\n<\/li>\n<\/ol>\n<hr \/>\n<h3 data-start=\"990\" data-end=\"1039\">Mercedes Classe E : La sophistication au service de l\u2019efficacit\u00e9<\/h3>\n<p data-start=\"1041\" data-end=\"1277\">Vivez l\u2019\u00e9l\u00e9gance et la performance avec un transfert de l\u2019a\u00e9roport de Gen\u00e8ve \u00e0 B\u00e2le en Mercedes E-Class. Cette berline de luxe est id\u00e9ale pour les voyageurs d\u2019affaires ou les explorateurs en solo qui appr\u00e9cient le style et l\u2019efficacit\u00e9.<\/p>\n<p data-start=\"1279\" data-end=\"1504\">\u27a4 L\u2019habitacle spacieux garantit un trajet relaxant.<br \/>\n\u27a4 Les fonctionnalit\u00e9s de s\u00e9curit\u00e9 avanc\u00e9es et la tenue de route fluide offrent une tranquillit\u00e9 d\u2019esprit.<br \/>\n\u27a4 Parfait pour les personnes seules ou les couples voyageant l\u00e9ger.<\/p>\n<p data-start=\"1506\" data-end=\"1674\">Que ce soit pour un rendez-vous professionnel ou un voyage de loisirs, le transfert de<span style=\"text-decoration: underline;\"> l\u2019a\u00e9roport de Gen\u00e8ve<\/span> \u00e0 B\u00e2le en Mercedes E-Class garantit une exp\u00e9rience raffin\u00e9e.<\/p>\n<hr \/>\n<h3 data-start=\"1676\" data-end=\"1722\">Mercedes Classe V : La polyvalence pour les voyages en groupe<\/h3>\n<p data-start=\"1724\" data-end=\"1896\">Vous voyagez en famille ou en petit groupe? Optez pour un transfert de l\u2019a\u00e9roport de Gen\u00e8ve \u00e0 B\u00e2le en <a href=\"https:\/\/genevaways.com\/fr\/fleet\/mercedes-v-class\/\">Mercedes V-Class<\/a>. Ce van spacieux associe praticit\u00e9 et sophistication.<\/p>\n<p data-start=\"1898\" data-end=\"2081\">\u27a4 Accueille jusqu\u2019\u00e0 7 passagers avec un grand espace bagages.<br \/>\n\u27a4 Si\u00e8ges en cuir confortables pour les longs trajets.<br \/>\n\u27a4 Id\u00e9al pour les groupes \u043a\u043e\u0440\u043f\u043e\u0440\u0430\u0442\u0438\u0432atifs, les familles ou les amis.<\/p>\n<p data-start=\"2083\" data-end=\"2225\">Rendez votre trajet m\u00e9morable avec un transfert premium de l\u2019a\u00e9roport de Gen\u00e8ve \u00e0 B\u00e2le en Mercedes V-Class, offrant du luxe \u00e0 chaque passager.<\/p>\n<hr \/>\n<h3 data-start=\"2227\" data-end=\"2268\">Mercedes Classe S : Une d\u00e9claration de prestige<\/h3>\n<p data-start=\"2270\" data-end=\"2464\">Pour ceux qui recherchent un luxe in\u00e9gal\u00e9, le transfert de l\u2019a\u00e9roport de Gen\u00e8ve \u00e0 B\u00e2le en Mercedes S-Class est un choix parfait. Ce mod\u00e8le embl\u00e9matique incarne la sophistication et l\u2019innovation.<\/p>\n<p data-start=\"2466\" data-end=\"2622\">\u27a4 Int\u00e9rieurs en cuir luxueux et \u00e9clairage d\u2019ambiance.<br \/>\n\u27a4 Syst\u00e8mes avanc\u00e9s de divertissement et de climatisation.<br \/>\n\u27a4 Adapt\u00e9 aux VIP ou aux occasions sp\u00e9ciales.<\/p>\n<p data-start=\"2624\" data-end=\"2765\">Sublimez votre exp\u00e9rience de voyage avec le transfert ultime de l\u2019a\u00e9roport de Gen\u00e8ve \u00e0 B\u00e2le en Mercedes S-Class, alliant prestige et confort.<\/p>\n<hr \/>\n<h3 data-start=\"2767\" data-end=\"2807\">Mercedes Maybach : Le sommet du luxe<\/h3>\n<p data-start=\"2809\" data-end=\"2968\">Pour une exp\u00e9rience v\u00e9ritablement \u00e9lite, r\u00e9servez un transfert de l\u2019a\u00e9roport de Gen\u00e8ve \u00e0 B\u00e2le en Mercedes Maybach. R\u00e9put\u00e9e pour son opulence, la Maybach offre:<\/p>\n<p data-start=\"2970\" data-end=\"3147\">\u27a4 Si\u00e8ges ex\u00e9cutifs et confort in\u00e9gal\u00e9.<br \/>\n\u27a4 Technologie de pointe pour le divertissement et la praticit\u00e9.<br \/>\n\u27a4 Parfait pour les voyageurs de haut profil ou les voyages de c\u00e9l\u00e9bration.<\/p>\n<p data-start=\"3149\" data-end=\"3268\">Choisissez le meilleur de sa cat\u00e9gorie avec un transfert sur mesure de l\u2019a\u00e9roport de Gen\u00e8ve \u00e0 B\u00e2le en Mercedes Maybach.<\/p>\n<hr \/>\n<h3 data-start=\"3270\" data-end=\"3318\">Bus Mercedes 16 places : Voyagez ensemble avec \u00e9l\u00e9gance<\/h3>\n<p data-start=\"3320\" data-end=\"3489\">Vous voyagez en grand groupe? Optez pour un transfert de l\u2019a\u00e9roport de Gen\u00e8ve \u00e0 B\u00e2le avec un bus Mercedes 16 places. Con\u00e7u pour accueillir tout le monde confortablement:<\/p>\n<p data-start=\"3491\" data-end=\"3693\">\u27a4 Grande capacit\u00e9 de si\u00e8ges et de bagages.<br \/>\n\u27a4 Climatisation et syst\u00e8mes de divertissement pour les longs trajets.<br \/>\n\u27a4 Id\u00e9al pour les \u00e9quipes d\u2019entreprise, les groupes touristiques ou les familles \u00e9largies.<\/p>\n<p data-start=\"3695\" data-end=\"3866\">Profitez d\u2019un trajet sans tracas avec un transfert fiable de l\u2019a\u00e9roport de Gen\u00e8ve \u00e0 B\u00e2le avec un bus Mercedes 16 places, en veillant \u00e0 ce que tout le monde reste ensemble.<\/p>\n<hr \/>\n<h3 data-start=\"3868\" data-end=\"3898\">Options de transfert compl\u00e8tes<\/h3>\n<p data-start=\"3900\" data-end=\"3984\">Quels que soient vos besoins de voyage, nous proposons des solutions personnalis\u00e9es:<\/p>\n<ol data-start=\"3986\" data-end=\"4281\">\n<li data-start=\"3986\" data-end=\"4057\">\n<p data-start=\"3989\" data-end=\"4057\">Berlines de luxe: Parfaites pour les voyageurs seuls ou les couples.<\/p>\n<\/li>\n<li data-start=\"4058\" data-end=\"4133\">\n<p data-start=\"4061\" data-end=\"4133\">Vans spacieux: Con\u00e7us pour les groupes avec des bagages suppl\u00e9mentaires.<\/p>\n<\/li>\n<li data-start=\"4134\" data-end=\"4214\">\n<p data-start=\"4137\" data-end=\"4214\">V\u00e9hicules \u00e9lite: Pour les voyageurs de haut profil recherchant l\u2019exclusivit\u00e9.<\/p>\n<\/li>\n<li data-start=\"4215\" data-end=\"4281\">\n<p data-start=\"4218\" data-end=\"4281\">Grands bus: Accueillent facilement des groupes plus importants.<\/p>\n<\/li>\n<\/ol>\n<p data-start=\"4283\" data-end=\"4464\">R\u00e9servez d\u00e8s aujourd\u2019hui votre transfert de l\u2019a\u00e9roport de Gen\u00e8ve \u00e0 B\u00e2le en Mercedes E-Class, V-Class, S-Class, Maybach ou bus 16 places et profitez de l\u2019exp\u00e9rience de voyage ultime.<\/p>\n<p data-start=\"4466\" data-end=\"4493\">Hassle-Free Booking Process<\/p>\n<p data-start=\"4495\" data-end=\"4590\">R\u00e9server votre transfert de l\u2019a\u00e9roport de Gen\u00e8ve \u00e0 B\u00e2le avec des v\u00e9hicules Mercedes est simple:<\/p>\n<ol data-start=\"4592\" data-end=\"4782\">\n<li data-start=\"4592\" data-end=\"4662\">\n<p data-start=\"4595\" data-end=\"4662\">Visitez notre site web ou contactez notre \u00e9quipe du service client.<\/p>\n<\/li>\n<li data-start=\"4663\" data-end=\"4707\">\n<p data-start=\"4666\" data-end=\"4707\">Choisissez votre mod\u00e8le Mercedes pr\u00e9f\u00e9r\u00e9.<\/p>\n<\/li>\n<li data-start=\"4708\" data-end=\"4782\">\n<p data-start=\"4711\" data-end=\"4782\">Fournissez vos d\u00e9tails de voyage et laissez-nous nous occuper du reste.<\/p>\n<\/li>\n<\/ol>\n<hr \/>\n<h3 data-start=\"4784\" data-end=\"4796\">Autour de B\u00e2le<\/h3>\n<p data-start=\"4798\" data-end=\"5632\">Les transferts de Gen\u00e8ve \u00e0 B\u00e2le font souvent partie d\u2019un trajet interurbain plus large \u00e0 travers le principal corridor de voyage de la Suisse, qui relie naturellement B\u00e2le \u00e0 <a href=\"https:\/\/genevaways.com\/fr\/berne\/\"><span style=\"text-decoration: underline;\">Berne<\/span><\/a>. Situ\u00e9e le long du m\u00eame itin\u00e9raire central, Berne constitue un point de connexion cl\u00e9 entre la Suisse occidentale et la r\u00e9gion de B\u00e2le, rendant les transferts priv\u00e9s de Gen\u00e8ve \u00e0 B\u00e2le particuli\u00e8rement adapt\u00e9s aux voyageurs poursuivant leur trajet pour des raisons professionnelles, administratives ou des itin\u00e9raires prolong\u00e9s. Opter pour un transfert priv\u00e9 garantit flexibilit\u00e9 et continuit\u00e9 tout au long de cet axe, permettant un trajet fluide entre Gen\u00e8ve, Berne et B\u00e2le tout en maintenant confort et efficacit\u00e9 sur l\u2019ensemble du parcours; les informations officielles pour les visiteurs \u00e0 propos de Berne sont disponibles via <a class=\"decorated-link\" href=\"https:\/\/www.bern.com\/en\/\" target=\"_new\" rel=\"noopener\" data-start=\"5607\" data-end=\"5631\">https:\/\/www.bern.com\/en\/<\/a>.<\/p>\n<hr \/>\n<h3 data-start=\"5634\" data-end=\"5638\">FAQs<\/h3>\n<p data-start=\"5640\" data-end=\"5818\">Q: Quelle est la distance entre B\u00e2le et l\u2019a\u00e9roport de Gen\u00e8ve?<br \/>\nA: La distance est d\u2019environ 250 kilom\u00e8tres, et nos chauffeurs professionnels assurent un trajet fluide et ponctuel.<\/p>\n<p data-start=\"5820\" data-end=\"6006\">Q: Qu\u2019est-ce qui est inclus dans le service de transfert?<br \/>\nA: Tous les transferts incluent un chauffeur professionnel, le Wi-Fi gratuit, de l\u2019eau en bouteille et un service porte-\u00e0-porte.<\/p>\n<p data-start=\"6008\" data-end=\"6196\">Q: Puis-je demander un mod\u00e8le Mercedes sp\u00e9cifique?<br \/>\nA: Oui, vous pouvez choisir parmi notre gamme de v\u00e9hicules, notamment la Mercedes E-Class, V-class, S-Class, Maybach et le bus 16 places.<\/p>\n<hr \/>\n<h3 data-start=\"6198\" data-end=\"6235\">Optimisez votre exp\u00e9rience de voyage d\u00e8s aujourd\u2019hui<\/h3>\n<p data-start=\"6237\" data-end=\"6518\">Choisissez le meilleur transfert de l\u2019a\u00e9roport de Gen\u00e8ve \u00e0 B\u00e2le avec des v\u00e9hicules Mercedes pour un trajet qui combine luxe, fiabilit\u00e9 et efficacit\u00e9. Que vous voyagiez seul, en groupe, ou que vous recherchiez une exp\u00e9rience VIP, notre flotte est con\u00e7ue pour r\u00e9pondre \u00e0 vos besoins.<\/p>\n<p data-start=\"6520\" data-end=\"6636\" data-is-last-node=\"\" data-is-only-node=\"\">R\u00e9servez maintenant et rendez votre trajet de l\u2019a\u00e9roport de Gen\u00e8ve \u00e0 B\u00e2le aussi confortable et luxueux que possible.<\/p>\n<p>[\/vc_column_text][\/vc_column][\/vc_row]<\/p>\n<\/div>","protected":false},"excerpt":{"rendered":"<p>[vc_row][vc_column][vc_single_image image=&#8221;5471&#8243; img_size=&#8221;large&#8221; alignment=&#8221;center&#8221;][vc_column_text] Transferts de luxe de l\u2019a\u00e9roport de Gen\u00e8ve \u00e0 B\u00e2le avec des v\u00e9hicules Mercedes Lors de la planification de votre trajet de l\u2019a\u00e9roport de Gen\u00e8ve \u00e0 B\u00e2le, le confort, le style et la fiabilit\u00e9 sont essentiels. Notre service exclusif de transfert de l\u2019a\u00e9roport de Gen\u00e8ve \u00e0 B\u00e2le avec des v\u00e9hicules Mercedes garantit<\/p>\n","protected":false},"author":4,"featured_media":0,"parent":0,"menu_order":0,"comment_status":"closed","ping_status":"closed","template":"","meta":{"footnotes":""},"class_list":["post-5084","page","type-page","status-publish","hentry"],"_links":{"self":[{"href":"https:\/\/genevaways.com\/fr\/wp-json\/wp\/v2\/pages\/5084","targetHints":{"allow":["GET"]}}],"collection":[{"href":"https:\/\/genevaways.com\/fr\/wp-json\/wp\/v2\/pages"}],"about":[{"href":"https:\/\/genevaways.com\/fr\/wp-json\/wp\/v2\/types\/page"}],"author":[{"embeddable":true,"href":"https:\/\/genevaways.com\/fr\/wp-json\/wp\/v2\/users\/4"}],"replies":[{"embeddable":true,"href":"https:\/\/genevaways.com\/fr\/wp-json\/wp\/v2\/comments?post=5084"}],"version-history":[{"count":8,"href":"https:\/\/genevaways.com\/fr\/wp-json\/wp\/v2\/pages\/5084\/revisions"}],"predecessor-version":[{"id":7106,"href":"https:\/\/genevaways.com\/fr\/wp-json\/wp\/v2\/pages\/5084\/revisions\/7106"}],"wp:attachment":[{"href":"https:\/\/genevaways.com\/fr\/wp-json\/wp\/v2\/media?parent=5084"}],"curies":[{"name":"wp","href":"https:\/\/api.w.org\/{rel}","templated":true}]}}