{"id":5121,"date":"2024-12-16T15:14:12","date_gmt":"2024-12-16T14:14:12","guid":{"rendered":"https:\/\/genevaways.com\/turin\/"},"modified":"2026-01-31T04:46:41","modified_gmt":"2026-01-31T03:46:41","slug":"turin","status":"publish","type":"page","link":"https:\/\/genevaways.com\/fr\/turin\/","title":{"rendered":"Turin"},"content":{"rendered":"<div class=\"wpb-content-wrapper\"><p>[vc_row type=&#8221;full_width_section&#8221;][vc_column]<h3 class=\"center-title\">Transfert de Gen\u00e8ve \u00e0 Turin<\/h3><div class=\"title-block2\"><\/div>[vc_column_text]<\/p>\n<div class=\"flex flex-col text-sm pb-25\">\n<article class=\"text-token-text-primary w-full focus:outline-none [--shadow-height:45px] has-data-writing-block:pointer-events-none has-data-writing-block:-mt-(--shadow-height) has-data-writing-block:pt-(--shadow-height) [&amp;:has([data-writing-block])&gt;*]:pointer-events-auto scroll-mt-[calc(var(--header-height)+min(200px,max(70px,20svh)))]\" dir=\"auto\" tabindex=\"-1\" data-turn-id=\"47767194-a54c-497c-a987-c92097dee6b7\" data-testid=\"conversation-turn-56\" data-scroll-anchor=\"true\" data-turn=\"assistant\">\n<div class=\"text-base my-auto mx-auto pb-10 [--thread-content-margin:--spacing(4)] @w-sm\/main:[--thread-content-margin:--spacing(6)] @w-lg\/main:[--thread-content-margin:--spacing(16)] px-(--thread-content-margin)\">\n<div class=\"[--thread-content-max-width:40rem] @w-lg\/main:[--thread-content-max-width:48rem] mx-auto max-w-(--thread-content-max-width) flex-1 group\/turn-messages focus-visible:outline-hidden relative flex w-full min-w-0 flex-col agent-turn\" tabindex=\"-1\">\n<div class=\"flex max-w-full flex-col grow\">\n<div class=\"min-h-8 text-message relative flex w-full flex-col items-end gap-2 text-start break-words whitespace-normal [.text-message+&amp;]:mt-1\" dir=\"auto\" data-message-author-role=\"assistant\" data-message-id=\"15294ba6-b656-4bd7-b394-27ec8fe5f5af\" data-message-model-slug=\"gpt-5-2-thinking\">\n<div class=\"flex w-full flex-col gap-1 empty:hidden first:pt-[1px]\">\n<div class=\"markdown prose dark:prose-invert w-full wrap-break-word light markdown-new-styling\">\n<h3 data-start=\"0\" data-end=\"93\">Service de transfert ex\u00e9cutif de l\u2019a\u00e9roport de Gen\u00e8ve \u00e0 Turin<\/h3>\n<p data-start=\"95\" data-end=\"406\">Voyager de <a href=\"https:\/\/www.gva.ch\/en\/\" target=\"_blank\" rel=\"noopener\">l\u2019a\u00e9roport de Gen\u00e8ve<\/a> \u00e0 Turin peut \u00eatre une exp\u00e9rience simple et sans effort lorsque vous choisissez notre service de transfert ex\u00e9cutif premium. Con\u00e7u pour les voyageurs exigeants, notre service garantit un trajet fluide, confortable et luxueux, que ce soit pour un voyage d\u2019affaires ou de loisirs.<\/p>\n<h3 data-start=\"408\" data-end=\"1873\">Pourquoi choisir notre service de transfert Gen\u00e8ve \u2013 Turin ?<\/h3>\n<ul>\n<li data-start=\"408\" data-end=\"1873\">Service porte-\u00e0-porte pratique : Nos chauffeurs professionnels vous accueillent \u00e0 l\u2019a\u00e9roport de Gen\u00e8ve et vous conduisent directement \u00e0 votre destination \u00e0 Turin, \u00e9liminant le stress des transports publics ou des solutions de derni\u00e8re minute.<\/li>\n<li data-start=\"408\" data-end=\"1873\">V\u00e9hicules de luxe : Profitez d\u2019un trajet relaxant dans notre flotte de v\u00e9hicules haut de gamme, \u00e9quip\u00e9s d\u2019installations modernes pour assurer votre confort tout au long du voyage. Tous nos v\u00e9hicules respectent des protocoles de s\u00e9curit\u00e9 stricts, pour voyager en toute s\u00e9r\u00e9nit\u00e9.<\/li>\n<li data-start=\"408\" data-end=\"1873\">Chauffeurs experts : Nos chauffeurs sont des professionnels hautement form\u00e9s et multilingues, qui privil\u00e9gient votre s\u00e9curit\u00e9 et votre confort. Ils connaissent les meilleurs itin\u00e9raires et les conditions locales, pour garantir une arriv\u00e9e ponctuelle \u00e0 Turin.<\/li>\n<li data-start=\"408\" data-end=\"1873\">Horaires flexibles : Que vous voyagiez pour affaires ou pour le plaisir, nos services sont disponibles 24h\/24 et 7j\/7 pour s\u2019adapter \u00e0 votre planning. Nous proposons des solutions pour voyageurs individuels, familles ou groupes \u043a\u043e\u0440\u043f\u043e\u0440\u0430\u0442\u0438\u0432atifs, avec des services compl\u00e9mentaires (si\u00e8ges enfants, assistance bagages) sur demande.<\/li>\n<li data-start=\"408\" data-end=\"1873\">Ponctualit\u00e9 garantie : Gr\u00e2ce au suivi des vols en temps r\u00e9el et \u00e0 une organisation proactive, nous veillons \u00e0 ce que vous arriviez \u00e0 l\u2019heure, m\u00eame en cas de retard de votre vol. Notre engagement en mati\u00e8re de fiabilit\u00e9 fait de nous un choix de confiance pour les transferts a\u00e9roport.<\/li>\n<\/ul>\n<h3 data-start=\"1875\" data-end=\"2519\">Autour de Turin<\/h3>\n<p data-start=\"1875\" data-end=\"2519\">Au-del\u00e0 de la ville elle-m\u00eame, Turin est une base pratique pour de petites extensions r\u00e9gionales, et <a href=\"https:\/\/genevaways.com\/fr\/milan\/\"><span style=\"text-decoration: underline;\">Milan<\/span> <\/a>est l\u2019un des hubs majeurs les plus proches \u00e0 associer \u00e0 un itin\u00e9raire \u00e0 Turin \u2014 surtout si vous souhaitez un contraste clair entre l\u2019atmosph\u00e8re \u00e9l\u00e9gante et patrimoniale de Turin et une sc\u00e8ne m\u00e9tropolitaine plus dynamique. De nombreux voyageurs combinent les deux villes pour \u00e9quilibrer mus\u00e9es et architecture historique \u00e0 Turin avec les monuments embl\u00e9matiques de Milan, sa culture du design et ses quartiers shopping, cr\u00e9ant ainsi un itin\u00e9raire vari\u00e9 sans journ\u00e9es de trajet trop longues. <a class=\"decorated-link\" href=\"https:\/\/www.yesmilano.it\/en\" target=\"_new\" rel=\"noopener\" data-start=\"2490\" data-end=\"2517\">https:\/\/www.yesmilano.it\/en<\/a><\/p>\n<h3 data-start=\"2521\" data-end=\"2897\">R\u00e9server votre transfert<\/h3>\n<p data-start=\"2521\" data-end=\"2897\">R\u00e9server votre transfert ex\u00e9cutif de l\u2019a\u00e9roport de Gen\u00e8ve \u00e0 Turin est simple et efficace. Nous vous recommandons de r\u00e9server \u00e0 l\u2019avance afin de garantir le v\u00e9hicule et le chauffeur de votre choix. Notre service client est disponible pour vous aider avec toute demande particuli\u00e8re, afin que votre transfert corresponde parfaitement \u00e0 vos attentes.<\/p>\n<p data-start=\"2899\" data-end=\"3122\" data-is-last-node=\"\" data-is-only-node=\"\">Pour plus d\u2019informations et pour r\u00e9server votre transfert, veuillez visiter notre site internet ou contacter notre \u00e9quipe service client. Profitez d\u2019un trajet sans stress vers Turin gr\u00e2ce \u00e0 notre service de transfert d\u00e9di\u00e9.<\/p>\n<\/div>\n<\/div>\n<\/div>\n<\/div>\n<div class=\"z-0 flex min-h-[46px] justify-start\"><\/div>\n<div class=\"mt-3 w-full empty:hidden\">\n<div class=\"text-center\"><\/div>\n<\/div>\n<\/div>\n<\/div>\n<\/article>\n<\/div>\n<div class=\"pointer-events-none h-px w-px absolute bottom-0\" aria-hidden=\"true\" data-edge=\"true\"><\/div>\n<p>[\/vc_column_text][\/vc_column][\/vc_row][vc_row][vc_column][vc_empty_space height=&#8221;70px&#8221;][\/vc_column][\/vc_row]<\/p>\n<\/div>","protected":false},"excerpt":{"rendered":"<p>[vc_row type=&#8221;full_width_section&#8221;][vc_column][vc_column_text] Service de transfert ex\u00e9cutif de l\u2019a\u00e9roport de Gen\u00e8ve \u00e0 Turin Voyager de l\u2019a\u00e9roport de Gen\u00e8ve \u00e0 Turin peut \u00eatre une exp\u00e9rience simple et sans effort lorsque vous choisissez notre service de transfert ex\u00e9cutif premium. Con\u00e7u pour les voyageurs exigeants, notre service garantit un trajet fluide, confortable et luxueux, que ce soit pour un<\/p>\n","protected":false},"author":4,"featured_media":0,"parent":0,"menu_order":0,"comment_status":"closed","ping_status":"closed","template":"","meta":{"footnotes":""},"class_list":["post-5121","page","type-page","status-publish","hentry"],"_links":{"self":[{"href":"https:\/\/genevaways.com\/fr\/wp-json\/wp\/v2\/pages\/5121","targetHints":{"allow":["GET"]}}],"collection":[{"href":"https:\/\/genevaways.com\/fr\/wp-json\/wp\/v2\/pages"}],"about":[{"href":"https:\/\/genevaways.com\/fr\/wp-json\/wp\/v2\/types\/page"}],"author":[{"embeddable":true,"href":"https:\/\/genevaways.com\/fr\/wp-json\/wp\/v2\/users\/4"}],"replies":[{"embeddable":true,"href":"https:\/\/genevaways.com\/fr\/wp-json\/wp\/v2\/comments?post=5121"}],"version-history":[{"count":10,"href":"https:\/\/genevaways.com\/fr\/wp-json\/wp\/v2\/pages\/5121\/revisions"}],"predecessor-version":[{"id":7153,"href":"https:\/\/genevaways.com\/fr\/wp-json\/wp\/v2\/pages\/5121\/revisions\/7153"}],"wp:attachment":[{"href":"https:\/\/genevaways.com\/fr\/wp-json\/wp\/v2\/media?parent=5121"}],"curies":[{"name":"wp","href":"https:\/\/api.w.org\/{rel}","templated":true}]}}