{"id":5132,"date":"2024-12-16T15:20:51","date_gmt":"2024-12-16T14:20:51","guid":{"rendered":"https:\/\/genevaways.com\/talloires\/"},"modified":"2026-01-28T07:38:05","modified_gmt":"2026-01-28T06:38:05","slug":"talloires","status":"publish","type":"page","link":"https:\/\/genevaways.com\/fr\/talloires\/","title":{"rendered":"Talloires"},"content":{"rendered":"<div class=\"wpb-content-wrapper\"><p>[vc_row][vc_column]<h3 class=\"center-title\">Talloires<br \/>\n<\/h3><div class=\"title-block2\"><\/div>[\/vc_column][\/vc_row][vc_row][vc_column][vc_column_text]<\/p>\n<p data-start=\"0\" data-end=\"578\">Talloires est un charmant village au bord du lac situ\u00e9 sur la rive est du lac d\u2019Annecy, c\u00e9l\u00e8bre pour son atmosph\u00e8re paisible, ses paysages alpins \u00e0 couper le souffle et son riche patrimoine culturel. Entour\u00e9 de montagnes spectaculaires et d\u2019eaux cristallines, Talloires offre une retraite id\u00e9ale pour les voyageurs en qu\u00eate de s\u00e9r\u00e9nit\u00e9, d\u2019activit\u00e9s de plein air et d\u2019un authentique caract\u00e8re fran\u00e7ais. Son abbaye historique, son port pittoresque et sa gastronomie locale raffin\u00e9e attirent depuis longtemps des \u00e9crivains, des artistes et des visiteurs du monde entier.<\/p>\n<p data-start=\"582\" data-end=\"1073\">Pour les visiteurs internationaux arrivant via la Suisse, Gen\u00e8ve\u2014l\u2019un des hubs de voyage les plus importants d\u2019Europe\u2014est la principale porte d\u2019entr\u00e9e la plus proche, offrant un acc\u00e8s facile \u00e0 Talloires gr\u00e2ce \u00e0 un trajet panoramique qui traverse de magnifiques paysages et des villes au bord du lac. Que vous exploriez la nature, profitiez des sports nautiques ou vous d\u00e9tendiez simplement au bord du lac, Talloires propose une exp\u00e9rience inoubliable o\u00f9 la tranquillit\u00e9 rencontre l\u2019\u00e9l\u00e9gance.<\/p>\n<p data-start=\"1077\" data-end=\"1752\" data-is-last-node=\"\" data-is-only-node=\"\">Talloires est l\u2019un des plus beaux villages que vous puissiez associer \u00e0 la \u201cVenise des Alpes\u201d pour un itin\u00e9raire d\u00e9tendu autour du lac d\u2019<span style=\"text-decoration: underline;\">Annecy<\/span>\u2014dormez au bord du lac \u00e0 Talloires, puis passez votre journ\u00e9e \u00e0 explorer la Vieille Ville d\u2019Annecy, ses canaux, ses march\u00e9s et ses restaurants avant de revenir, le soir, vers la baie plus calme et les vues sur les montagnes. Parce que Talloires se situe sur la rive est du lac d\u2019Annecy, le village semble proche de la ville tout en \u00e9tant plus intime, ce qui en fait une combinaison naturelle \u201cbase paisible + excursion anim\u00e9e \u00e0 la journ\u00e9e\u201d avec Annecy. Pour des informations touristiques, vous pouvez visiter <a class=\"decorated-link\" href=\"https:\/\/www.annecy.fr\/\" target=\"_new\" rel=\"noopener\" data-start=\"1729\" data-end=\"1751\">https:\/\/www.annecy.fr\/<\/a>.<\/p>\n<p>[\/vc_column_text][\/vc_column][\/vc_row]<\/p>\n<\/div>","protected":false},"excerpt":{"rendered":"<p>[vc_row][vc_column][\/vc_column][\/vc_row][vc_row][vc_column][vc_column_text] Talloires est un charmant village au bord du lac situ\u00e9 sur la rive est du lac d\u2019Annecy, c\u00e9l\u00e8bre pour son atmosph\u00e8re paisible, ses paysages alpins \u00e0 couper le souffle et son riche patrimoine culturel. Entour\u00e9 de montagnes spectaculaires et d\u2019eaux cristallines, Talloires offre une retraite id\u00e9ale pour les voyageurs en qu\u00eate de s\u00e9r\u00e9nit\u00e9, d\u2019activit\u00e9s<\/p>\n","protected":false},"author":4,"featured_media":0,"parent":0,"menu_order":0,"comment_status":"closed","ping_status":"closed","template":"","meta":{"footnotes":""},"class_list":["post-5132","page","type-page","status-publish","hentry"],"_links":{"self":[{"href":"https:\/\/genevaways.com\/fr\/wp-json\/wp\/v2\/pages\/5132","targetHints":{"allow":["GET"]}}],"collection":[{"href":"https:\/\/genevaways.com\/fr\/wp-json\/wp\/v2\/pages"}],"about":[{"href":"https:\/\/genevaways.com\/fr\/wp-json\/wp\/v2\/types\/page"}],"author":[{"embeddable":true,"href":"https:\/\/genevaways.com\/fr\/wp-json\/wp\/v2\/users\/4"}],"replies":[{"embeddable":true,"href":"https:\/\/genevaways.com\/fr\/wp-json\/wp\/v2\/comments?post=5132"}],"version-history":[{"count":7,"href":"https:\/\/genevaways.com\/fr\/wp-json\/wp\/v2\/pages\/5132\/revisions"}],"predecessor-version":[{"id":6856,"href":"https:\/\/genevaways.com\/fr\/wp-json\/wp\/v2\/pages\/5132\/revisions\/6856"}],"wp:attachment":[{"href":"https:\/\/genevaways.com\/fr\/wp-json\/wp\/v2\/media?parent=5132"}],"curies":[{"name":"wp","href":"https:\/\/api.w.org\/{rel}","templated":true}]}}