{"id":5163,"date":"2024-12-16T15:38:19","date_gmt":"2024-12-16T14:38:19","guid":{"rendered":"https:\/\/genevaways.com\/sentier-le-vallee-de-joux\/"},"modified":"2026-01-31T04:43:02","modified_gmt":"2026-01-31T03:43:02","slug":"sentier-le-vallee-de-joux","status":"publish","type":"page","link":"https:\/\/genevaways.com\/fr\/sentier-le-vallee-de-joux\/","title":{"rendered":"Sentier (le) &#8211; Vall\u00e9e de Joux"},"content":{"rendered":"<div class=\"wpb-content-wrapper\"><p>[vc_row type=&#8221;full_width_section&#8221;][vc_column]<h3 class=\"center-title\">Sentier \u2013 Vall\u00e9e de Joux<\/p>\n<p><\/h3><div class=\"title-block2\"><\/div>[vc_column_text]<\/p>\n<h3 data-start=\"0\" data-end=\"502\">Service de transfert ex\u00e9cutif de l\u2019a\u00e9roport de Gen\u00e8ve vers Le Sentier \u2013 Vall\u00e9e de Joux<\/h3>\n<p data-start=\"0\" data-end=\"502\">Pour ceux qui recherchent une option de transport sophistiqu\u00e9e et fiable depuis l\u2019a\u00e9roport de Gen\u00e8ve vers Le Sentier dans la Vall\u00e9e de Joux, notre service de transfert ex\u00e9cutif s\u2019impose comme le choix privil\u00e9gi\u00e9. Ce service sur mesure s\u2019adresse aux individus et aux familles souhaitant une exp\u00e9rience de voyage fluide, tout en privil\u00e9giant le confort, la s\u00e9curit\u00e9 et le professionnalisme.<\/p>\n<h3 data-start=\"506\" data-end=\"2153\">Pourquoi opter pour notre service de transfert ?<\/h3>\n<p data-start=\"506\" data-end=\"2153\">\u2022 Accueil VIP exclusif : \u00c0 votre arriv\u00e9e \u00e0 l\u2019a\u00e9roport de Gen\u00e8ve, notre chauffeur professionnel vous accueillera avec une pancarte personnalis\u00e9e, vous aidera avec vos bagages et vous conduira directement \u00e0 votre v\u00e9hicule de luxe. Cela garantit une transition fluide entre votre vol et le trajet panoramique vers Le Sentier.<br \/>\n\u2022 Luxe et confort : Notre flotte comprend des v\u00e9hicules haut de gamme, m\u00e9ticuleusement entretenus afin d\u2019offrir un confort et une s\u00e9curit\u00e9 maximaux. Chaque v\u00e9hicule est \u00e9quip\u00e9 d\u2019\u00e9quipements modernes, vous permettant de vous d\u00e9tendre et de profiter des magnifiques paysages de la Vall\u00e9e de Joux durant votre transfert.<br \/>\n\u2022 Chauffeurs experts : Nos chauffeurs sont des professionnels hautement qualifi\u00e9s, parlant plusieurs langues, et d\u00e9di\u00e9s \u00e0 offrir une exp\u00e9rience de voyage exceptionnelle. Ils poss\u00e8dent une connaissance approfondie de la r\u00e9gion, garantissant l\u2019itin\u00e9raire le plus s\u00fbr et le plus efficace vers votre destination.<br \/>\n\u2022 Services personnalisables : Nous comprenons que chaque trajet est unique. Que vous ayez besoin de si\u00e8ges enfants suppl\u00e9mentaires, d\u2019am\u00e9nagements sp\u00e9cifiques pour les bagages ou de contraintes horaires particuli\u00e8res, notre service est enti\u00e8rement personnalisable pour r\u00e9pondre \u00e0 vos exigences. Disponible 24h\/24 et 7j\/7, nous nous adaptons \u00e0 votre planning et \u00e0 vos pr\u00e9f\u00e9rences.<br \/>\n\u2022 Ponctualit\u00e9 et fiabilit\u00e9 : Nous utilisons des syst\u00e8mes de r\u00e9servation avanc\u00e9s et un suivi des vols en temps r\u00e9el pour garantir la ponctualit\u00e9, vous permettant d\u2019arriver \u00e0 destination \u00e0 l\u2019heure, quelles que soient les \u00e9ventuelles retards ou modifications de vol.<\/p>\n<h3 data-start=\"2157\" data-end=\"2998\">Qu\u2019y a-t-il autour de Sentier \u2013 Vall\u00e9e de Joux ?<\/h3>\n<p data-start=\"2157\" data-end=\"2998\">Le Sentier, dans la Vall\u00e9e de Joux, est \u00e9troitement li\u00e9 \u00e0 <a href=\"https:\/\/genevaways.com\/fr\/lausanne\/\">Lausanne<\/a>, l\u2019un des principaux p\u00f4les les plus proches du canton de Vaud et une porte d\u2019entr\u00e9e pratique pour les visiteurs venant de la r\u00e9gion du lac L\u00e9man. Le trajet en voiture de Lausanne \u00e0 Le Sentier est g\u00e9n\u00e9ralement d\u2019environ 50\u201360 km et dure approximativement 55\u201375 minutes, selon la circulation et la m\u00e9t\u00e9o, ce qui permet de combiner facilement un s\u00e9jour au bord du lac avec une destination plus calme dans le Jura. Tandis que Lausanne offre les commodit\u00e9s d\u2019une ville\u2014h\u00f4tels, restaurants et connexions de transport\u2014Le Sentier propose une atmosph\u00e8re tr\u00e8s diff\u00e9rente, avec des paysages alpins et le c\u00e9l\u00e8bre patrimoine horloger de la Vall\u00e9e de Joux. Pour des informations touristiques, vous pouvez visiter <a class=\"decorated-link\" href=\"https:\/\/www.lausanne.ch\" target=\"_new\" rel=\"noopener\" data-start=\"2974\" data-end=\"2997\">https:\/\/www.lausanne.ch<\/a>.<\/p>\n<h3 data-start=\"3002\" data-end=\"3487\">Processus de r\u00e9servation facile<\/h3>\n<p data-start=\"3002\" data-end=\"3487\">Afin de garantir une exp\u00e9rience fluide, nous vous recommandons de r\u00e9server \u00e0 l\u2019avance votre transfert ex\u00e9cutif de <a href=\"https:\/\/www.gva.ch\/en\/\" target=\"_blank\" rel=\"noopener\">l\u2019a\u00e9roport de Gen\u00e8ve<\/a> vers Le Sentier dans la Vall\u00e9e de Joux. Notre plateforme de r\u00e9servation en ligne, conviviale, vous permet d\u2019organiser votre transport sans effort. Pour toute question ou demande particuli\u00e8re, notre \u00e9quipe d\u2019assistance client\u00e8le est toujours disponible pour vous aider, afin que votre trajet soit adapt\u00e9 \u00e0 vos besoins.<\/p>\n<ul>\n<li data-start=\"3491\" data-end=\"3680\">Service de transfert a\u00e9roport de Gen\u00e8ve<\/li>\n<li data-start=\"3491\" data-end=\"3680\">Transfert ex\u00e9cutif vers Le Sentier<\/li>\n<li data-start=\"3491\" data-end=\"3680\">Transport dans la Vall\u00e9e de Joux<\/li>\n<li data-start=\"3491\" data-end=\"3680\">Service de chauffeur priv\u00e9 Gen\u00e8ve<\/li>\n<li data-start=\"3491\" data-end=\"3680\">Transport de luxe de Gen\u00e8ve vers Le Sentier<\/li>\n<\/ul>\n<p>[\/vc_column_text][\/vc_column][\/vc_row][vc_row][vc_column][vc_empty_space height=&#8221;70px&#8221;][\/vc_column][\/vc_row]<\/p>\n<\/div>","protected":false},"excerpt":{"rendered":"<p>[vc_row type=&#8221;full_width_section&#8221;][vc_column][vc_column_text] Service de transfert ex\u00e9cutif de l\u2019a\u00e9roport de Gen\u00e8ve vers Le Sentier \u2013 Vall\u00e9e de Joux Pour ceux qui recherchent une option de transport sophistiqu\u00e9e et fiable depuis l\u2019a\u00e9roport de Gen\u00e8ve vers Le Sentier dans la Vall\u00e9e de Joux, notre service de transfert ex\u00e9cutif s\u2019impose comme le choix privil\u00e9gi\u00e9. Ce service sur mesure s\u2019adresse<\/p>\n","protected":false},"author":4,"featured_media":0,"parent":0,"menu_order":0,"comment_status":"closed","ping_status":"closed","template":"","meta":{"footnotes":""},"class_list":["post-5163","page","type-page","status-publish","hentry"],"_links":{"self":[{"href":"https:\/\/genevaways.com\/fr\/wp-json\/wp\/v2\/pages\/5163","targetHints":{"allow":["GET"]}}],"collection":[{"href":"https:\/\/genevaways.com\/fr\/wp-json\/wp\/v2\/pages"}],"about":[{"href":"https:\/\/genevaways.com\/fr\/wp-json\/wp\/v2\/types\/page"}],"author":[{"embeddable":true,"href":"https:\/\/genevaways.com\/fr\/wp-json\/wp\/v2\/users\/4"}],"replies":[{"embeddable":true,"href":"https:\/\/genevaways.com\/fr\/wp-json\/wp\/v2\/comments?post=5163"}],"version-history":[{"count":12,"href":"https:\/\/genevaways.com\/fr\/wp-json\/wp\/v2\/pages\/5163\/revisions"}],"predecessor-version":[{"id":7149,"href":"https:\/\/genevaways.com\/fr\/wp-json\/wp\/v2\/pages\/5163\/revisions\/7149"}],"wp:attachment":[{"href":"https:\/\/genevaways.com\/fr\/wp-json\/wp\/v2\/media?parent=5163"}],"curies":[{"name":"wp","href":"https:\/\/api.w.org\/{rel}","templated":true}]}}