{"id":5175,"date":"2024-12-16T15:43:49","date_gmt":"2024-12-16T14:43:49","guid":{"rendered":"https:\/\/genevaways.com\/plagne\/"},"modified":"2026-01-31T04:21:29","modified_gmt":"2026-01-31T03:21:29","slug":"plagne","status":"publish","type":"page","link":"https:\/\/genevaways.com\/fr\/plagne\/","title":{"rendered":"Plagne"},"content":{"rendered":"<div class=\"wpb-content-wrapper\"><p>[vc_row][vc_column]<h3 class=\"center-title\"><\/h3><div class=\"title-block2\"><\/div>[\/vc_column][\/vc_row][vc_row][vc_column][vc_column_text]<\/p>\n<h3 data-start=\"0\" data-end=\"66\">Service de transfert de luxe de l\u2019a\u00e9roport de Gen\u00e8ve \u00e0 La Plagne<\/h3>\n<p data-start=\"68\" data-end=\"188\"><strong data-start=\"68\" data-end=\"122\">Combien co\u00fbte un transfert de Gen\u00e8ve \u00e0 La Plagne ?<\/strong><br data-start=\"122\" data-end=\"125\" \/>Prix du transfert de Gen\u00e8ve \u00e0 La Plagne \u00e0 partir de <strong data-start=\"177\" data-end=\"188\">740 CHF<\/strong><\/p>\n<p data-start=\"190\" data-end=\"312\"><strong data-start=\"190\" data-end=\"250\">Quelle est la dur\u00e9e du transfert de Gen\u00e8ve \u00e0 La Plagne ?<\/strong><br data-start=\"250\" data-end=\"253\" \/>Dur\u00e9e du transfert priv\u00e9 de Gen\u00e8ve \u00e0 La Plagne : <strong data-start=\"302\" data-end=\"312\">2 h 25<\/strong><\/p>\n<p data-start=\"314\" data-end=\"433\"><strong data-start=\"314\" data-end=\"368\">Quelle est la distance entre Gen\u00e8ve et La Plagne ?<\/strong><br data-start=\"368\" data-end=\"371\" \/>Distance du transfert priv\u00e9 de Gen\u00e8ve \u00e0 La Plagne : <strong data-start=\"423\" data-end=\"433\">199 km<\/strong><\/p>\n<p data-start=\"435\" data-end=\"1222\">L\u2019a\u00e9roport de Gen\u00e8ve est la porte d\u2019entr\u00e9e vers certaines des stations de ski les plus r\u00e9put\u00e9es des Alpes fran\u00e7aises, dont le charmant village de La Plagne. Que vous veniez pour une escapade en montagne relaxante ou une aventure de ski pleine de sensations, notre service de transfert de luxe vous garantit un trajet fluide, confortable et \u00e9l\u00e9gant jusqu\u2019\u00e0 destination. Notre flotte comprend des mod\u00e8les Mercedes haut de gamme : <strong data-start=\"863\" data-end=\"892\">S-Class, E-Class, V-Class<\/strong>, ainsi qu\u2019un <strong data-start=\"906\" data-end=\"928\">Sprinter 16 places<\/strong>, chacun con\u00e7u pour offrir un haut niveau de confort et de praticit\u00e9. Avec notre <strong data-start=\"1009\" data-end=\"1058\">transfert de l\u2019a\u00e9roport de Gen\u00e8ve \u00e0 La Plagne<\/strong>, vous pouvez compter sur un service et une satisfaction au plus haut niveau. Voici ce qui vous attend avec notre service professionnel et nos options de v\u00e9hicules.<\/p>\n<hr data-start=\"1224\" data-end=\"1227\" \/>\n<h3 data-start=\"1229\" data-end=\"1277\">Pourquoi choisir notre service de transfert ?<\/h3>\n<p data-start=\"1279\" data-end=\"1656\">Avec notre service de transfert haut de gamme, vous b\u00e9n\u00e9ficiez d\u2019une exp\u00e9rience premium d\u00e8s votre arriv\u00e9e \u00e0 l\u2019a\u00e9roport de Gen\u00e8ve. Nous ne proposons pas seulement un transport : nous offrons un trajet d\u2019exception qui combine confort, style et praticit\u00e9. Choisissez notre service pour votre <strong data-start=\"1568\" data-end=\"1617\">transfert de l\u2019a\u00e9roport de Gen\u00e8ve \u00e0 La Plagne<\/strong> et profitez d\u2019avantages incomparables.<\/p>\n<h3 data-start=\"1658\" data-end=\"1714\">Principaux avantages de notre service de transfert :<\/h3>\n<ol data-start=\"1715\" data-end=\"2737\">\n<li data-start=\"1715\" data-end=\"2002\">\n<p data-start=\"1718\" data-end=\"2002\"><strong data-start=\"1718\" data-end=\"1749\">Chauffeurs professionnels :<\/strong> Nos chauffeurs sont form\u00e9s pour offrir un service courtois, discret et efficace. Habitu\u00e9s \u00e0 l\u2019itin\u00e9raire vers La Plagne et ses environs, ils privil\u00e9gient votre s\u00e9curit\u00e9 et votre confort pendant votre <strong data-start=\"1950\" data-end=\"1999\">transfert de l\u2019a\u00e9roport de Gen\u00e8ve \u00e0 La Plagne<\/strong>.<\/p>\n<\/li>\n<li data-start=\"2003\" data-end=\"2301\">\n<p data-start=\"2006\" data-end=\"2301\"><strong data-start=\"2006\" data-end=\"2036\">Ponctualit\u00e9 et fiabilit\u00e9 :<\/strong> Nous comprenons l\u2019importance du timing, notamment pour prendre un vol ou rejoindre les pistes \u00e0 l\u2019heure. Nos chauffeurs suivent votre vol en cas de retard afin d\u2019assurer une prise en charge ponctuelle pour votre <strong data-start=\"2249\" data-end=\"2298\">transfert de l\u2019a\u00e9roport de Gen\u00e8ve \u00e0 La Plagne<\/strong>.<\/p>\n<\/li>\n<li data-start=\"2302\" data-end=\"2535\">\n<p data-start=\"2305\" data-end=\"2535\"><strong data-start=\"2305\" data-end=\"2325\">Flotte de luxe :<\/strong> Nous entretenons une gamme de Mercedes haut de gamme pour r\u00e9pondre \u00e0 tous les besoins, du voyageur solo aux groupes. Choisissez le v\u00e9hicule id\u00e9al pour votre <strong data-start=\"2483\" data-end=\"2532\">transfert de l\u2019a\u00e9roport de Gen\u00e8ve \u00e0 La Plagne<\/strong>.<\/p>\n<\/li>\n<li data-start=\"2536\" data-end=\"2737\">\n<p data-start=\"2539\" data-end=\"2737\"><strong data-start=\"2539\" data-end=\"2566\">Service porte-\u00e0-porte :<\/strong> \u00c9vitez les contraintes des transports publics ou de la location de voiture. Nous assurons un service direct de l\u2019a\u00e9roport de Gen\u00e8ve jusqu\u2019\u00e0 votre h\u00e9bergement \u00e0 La Plagne.<\/p>\n<\/li>\n<\/ol>\n<hr data-start=\"2739\" data-end=\"2742\" \/>\n<h3 data-start=\"2744\" data-end=\"2759\">Notre flotte<\/h3>\n<p data-start=\"2761\" data-end=\"3094\">Nous proposons une s\u00e9lection de v\u00e9hicules de luxe adapt\u00e9e \u00e0 votre style de voyage et \u00e0 la taille de votre groupe. Chaque v\u00e9hicule est soigneusement entretenu et \u00e9quip\u00e9 d\u2019\u00e9quipements haut de gamme pour un trajet reposant. Profitez de votre <strong data-start=\"3000\" data-end=\"3049\">transfert de l\u2019a\u00e9roport de Gen\u00e8ve \u00e0 La Plagne<\/strong> \u00e0 bord de l\u2019un de nos v\u00e9hicules d\u2019exception.<\/p>\n<h4 data-start=\"3096\" data-end=\"3136\">Mercedes S-Class \u2014 Le summum du luxe<\/h4>\n<p data-start=\"3137\" data-end=\"3459\">La Mercedes S-Class est la r\u00e9f\u00e9rence du voyage haut de gamme. Id\u00e9ale pour les voyageurs \u00e0 la recherche d\u2019un confort et d\u2019un raffinement incomparables, avec un int\u00e9rieur \u00e9l\u00e9gant, une technologie avanc\u00e9e et un espace g\u00e9n\u00e9reux, elle promet une exp\u00e9rience unique durant votre <strong data-start=\"3409\" data-end=\"3458\">transfert de l\u2019a\u00e9roport de Gen\u00e8ve \u00e0 La Plagne<\/strong>.<\/p>\n<p data-start=\"3461\" data-end=\"3483\"><strong data-start=\"3461\" data-end=\"3483\">Caract\u00e9ristiques :<\/strong><\/p>\n<ul data-start=\"3484\" data-end=\"3750\">\n<li data-start=\"3484\" data-end=\"3544\">\n<p data-start=\"3486\" data-end=\"3544\">Si\u00e8ges en cuir luxueux avec options massage et chauffage<\/p>\n<\/li>\n<li data-start=\"3545\" data-end=\"3608\">\n<p data-start=\"3547\" data-end=\"3608\">\u00c9clairage d\u2019ambiance r\u00e9glable pour une atmosph\u00e8re relaxante<\/p>\n<\/li>\n<li data-start=\"3609\" data-end=\"3675\">\n<p data-start=\"3611\" data-end=\"3675\">Syst\u00e8me audio haut de gamme pour une exp\u00e9rience sonore premium<\/p>\n<\/li>\n<li data-start=\"3676\" data-end=\"3750\">\n<p data-start=\"3678\" data-end=\"3750\">Climatisation assurant une temp\u00e9rature parfaite tout au long du trajet<\/p>\n<\/li>\n<\/ul>\n<p data-start=\"3752\" data-end=\"3912\"><strong data-start=\"3752\" data-end=\"3773\">Recommand\u00e9 pour :<\/strong> voyageurs solo, cadres, ou couples souhaitant le transfert le plus luxueux lors de leur <strong data-start=\"3862\" data-end=\"3911\">transfert de l\u2019a\u00e9roport de Gen\u00e8ve \u00e0 La Plagne<\/strong>.<\/p>\n<hr data-start=\"3914\" data-end=\"3917\" \/>\n<h4 data-start=\"3919\" data-end=\"3961\">Mercedes E-Class \u2014 Confort et \u00e9l\u00e9gance<\/h4>\n<p data-start=\"3962\" data-end=\"4192\">La Mercedes E-Class offre l\u2019\u00e9quilibre parfait entre luxe et praticit\u00e9. \u00c9l\u00e9gante et fluide, elle convient aussi bien aux d\u00e9placements priv\u00e9s qu\u2019aux voyages d\u2019affaires lors de votre <strong data-start=\"4142\" data-end=\"4191\">transfert de l\u2019a\u00e9roport de Gen\u00e8ve \u00e0 La Plagne<\/strong>.<\/p>\n<p data-start=\"4194\" data-end=\"4216\"><strong data-start=\"4194\" data-end=\"4216\">Caract\u00e9ristiques :<\/strong><\/p>\n<ul data-start=\"4217\" data-end=\"4445\">\n<li data-start=\"4217\" data-end=\"4272\">\n<p data-start=\"4219\" data-end=\"4272\">Si\u00e8ges en cuir confortables avec dossiers r\u00e9glables<\/p>\n<\/li>\n<li data-start=\"4273\" data-end=\"4325\">\n<p data-start=\"4275\" data-end=\"4325\">Climatisation adapt\u00e9e aux conditions de montagne<\/p>\n<\/li>\n<li data-start=\"4326\" data-end=\"4382\">\n<p data-start=\"4328\" data-end=\"4382\">Grand coffre pour les bagages ou l\u2019\u00e9quipement de ski<\/p>\n<\/li>\n<li data-start=\"4383\" data-end=\"4445\">\n<p data-start=\"4385\" data-end=\"4445\">Int\u00e9rieur moderne avec syst\u00e8me d\u2019infodivertissement avanc\u00e9<\/p>\n<\/li>\n<\/ul>\n<p data-start=\"4447\" data-end=\"4591\"><strong data-start=\"4447\" data-end=\"4468\">Recommand\u00e9 pour :<\/strong> petites familles, voyageurs individuels, ou voyageurs d\u2019affaires recherchant confort et praticit\u00e9 sans sacrifier le style.<\/p>\n<hr data-start=\"4593\" data-end=\"4596\" \/>\n<h4 data-start=\"4598\" data-end=\"4663\"><a href=\"https:\/\/genevaways.com\/fr\/fleet\/mercedes-v-class\/\">Mercedes V-Class<\/a> \u2014 Id\u00e9ale pour les familles et petits groupes<\/h4>\n<p data-start=\"4665\" data-end=\"4805\"><strong data-start=\"4665\" data-end=\"4730\">Combien co\u00fbte un transfert de Gen\u00e8ve \u00e0 La Plagne en minivan ?<\/strong><br data-start=\"4730\" data-end=\"4733\" \/>Prix des transferts priv\u00e9s de Gen\u00e8ve \u00e0 La Plagne \u00e0 partir de <strong data-start=\"4794\" data-end=\"4805\">740 CHF<\/strong><\/p>\n<p data-start=\"4807\" data-end=\"4943\"><strong data-start=\"4807\" data-end=\"4878\">Quelle est la dur\u00e9e du transfert de Gen\u00e8ve \u00e0 La Plagne en minivan ?<\/strong><br data-start=\"4878\" data-end=\"4881\" \/>Dur\u00e9e des transferts priv\u00e9s de Gen\u00e8ve \u00e0 La Plagne : <strong data-start=\"4933\" data-end=\"4943\">2 h 25<\/strong><\/p>\n<p data-start=\"4945\" data-end=\"5078\"><strong data-start=\"4945\" data-end=\"5010\">Quelle est la distance entre Gen\u00e8ve et La Plagne en minivan ?<\/strong><br data-start=\"5010\" data-end=\"5013\" \/>Distance des transferts priv\u00e9s de Gen\u00e8ve \u00e0 La Plagne : <strong data-start=\"5068\" data-end=\"5078\">199 km<\/strong><\/p>\n<p data-start=\"5080\" data-end=\"5474\">La Mercedes V-Class propose des si\u00e8ges spacieux et beaucoup de place pour les bagages, ce qui en fait un choix tr\u00e8s appr\u00e9ci\u00e9 des familles ou des groupes se rendant dans les Alpes. Avec des si\u00e8ges confortables pouvant accueillir jusqu\u2019\u00e0 sept passagers, la V-Class vous permet de voyager ensemble, en toute simplicit\u00e9 et avec style lors de votre <strong data-start=\"5424\" data-end=\"5473\">transfert de l\u2019a\u00e9roport de Gen\u00e8ve \u00e0 La Plagne<\/strong>.<\/p>\n<p data-start=\"5476\" data-end=\"5498\"><strong data-start=\"5476\" data-end=\"5498\">Caract\u00e9ristiques :<\/strong><\/p>\n<ul data-start=\"5499\" data-end=\"5766\">\n<li data-start=\"5499\" data-end=\"5559\">\n<p data-start=\"5501\" data-end=\"5559\">Configuration des si\u00e8ges modulable (jusqu\u2019\u00e0 7 passagers)<\/p>\n<\/li>\n<li data-start=\"5560\" data-end=\"5625\">\n<p data-start=\"5562\" data-end=\"5625\">Espace g\u00e9n\u00e9reux pour le mat\u00e9riel de sport, y compris les skis<\/p>\n<\/li>\n<li data-start=\"5626\" data-end=\"5690\">\n<p data-start=\"5628\" data-end=\"5690\">Syst\u00e8me de divertissement int\u00e9gr\u00e9 pour occuper les passagers<\/p>\n<\/li>\n<li data-start=\"5691\" data-end=\"5766\">\n<p data-start=\"5693\" data-end=\"5766\">Climatisation pour un confort optimal quelles que soient les conditions<\/p>\n<\/li>\n<\/ul>\n<p data-start=\"5768\" data-end=\"5869\"><strong data-start=\"5768\" data-end=\"5789\">Recommand\u00e9 pour :<\/strong> familles, amis, ou petits groupes voyageant avec des skis ou plusieurs bagages.<\/p>\n<hr data-start=\"5871\" data-end=\"5874\" \/>\n<h4 data-start=\"5876\" data-end=\"5931\">Mercedes Sprinter \u2014 Parfait pour les grands groupes<\/h4>\n<p data-start=\"5932\" data-end=\"6346\">Le Mercedes Sprinter est un choix id\u00e9al pour les grands groupes, pouvant accueillir jusqu\u2019\u00e0 16 passagers confortablement. Ce v\u00e9hicule spacieux permet \u00e0 tout le monde de voyager ensemble : c\u2019est une option pratique et agr\u00e9able pour votre <strong data-start=\"6169\" data-end=\"6218\">transfert de l\u2019a\u00e9roport de Gen\u00e8ve \u00e0 La Plagne<\/strong>. Le Sprinter offre un espace g\u00e9n\u00e9reux pour les jambes et les bagages, afin que chaque passager profite d\u2019un trajet confortable.<\/p>\n<p data-start=\"6348\" data-end=\"6370\"><strong data-start=\"6348\" data-end=\"6370\">Caract\u00e9ristiques :<\/strong><\/p>\n<ul data-start=\"6371\" data-end=\"6637\">\n<li data-start=\"6371\" data-end=\"6441\">\n<p data-start=\"6373\" data-end=\"6441\">Jusqu\u2019\u00e0 16 passagers, avec si\u00e8ges individuels pour plus de confort<\/p>\n<\/li>\n<li data-start=\"6442\" data-end=\"6501\">\n<p data-start=\"6444\" data-end=\"6501\">Tr\u00e8s grand compartiment \u00e0 bagages pour tout le mat\u00e9riel<\/p>\n<\/li>\n<li data-start=\"6502\" data-end=\"6571\">\n<p data-start=\"6504\" data-end=\"6571\">Syst\u00e8me audio et divertissement de qualit\u00e9 pour les longs trajets<\/p>\n<\/li>\n<li data-start=\"6572\" data-end=\"6637\">\n<p data-start=\"6574\" data-end=\"6637\">Climatisation pour un confort optimal pour tous les passagers<\/p>\n<\/li>\n<\/ul>\n<p data-start=\"6639\" data-end=\"6803\"><strong data-start=\"6639\" data-end=\"6660\">Recommand\u00e9 pour :<\/strong> grandes familles, groupes d\u2019amis, \u00e9v\u00e9nements d\u2019entreprise, ou groupes de ski n\u00e9cessitant un <strong data-start=\"6753\" data-end=\"6802\">transfert de l\u2019a\u00e9roport de Gen\u00e8ve \u00e0 La Plagne<\/strong>.<\/p>\n<hr data-start=\"6805\" data-end=\"6808\" \/>\n<h3 data-start=\"6810\" data-end=\"6890\">\u00c0 quoi s\u2019attendre avec notre service de transfert depuis l\u2019a\u00e9roport de Gen\u00e8ve<\/h3>\n<p data-start=\"6892\" data-end=\"7184\">Notre service de transfert de luxe de l\u2019a\u00e9roport de Gen\u00e8ve \u00e0 La Plagne est con\u00e7u pour r\u00e9pondre \u00e0 tous vos besoins de voyage avec un haut niveau de soin et de professionnalisme. Lorsque vous r\u00e9servez un <strong data-start=\"7094\" data-end=\"7143\">transfert de l\u2019a\u00e9roport de Gen\u00e8ve \u00e0 La Plagne<\/strong> avec nous, vous pouvez vous attendre \u00e0 :<\/p>\n<ol data-start=\"7186\" data-end=\"7861\">\n<li data-start=\"7186\" data-end=\"7359\">\n<p data-start=\"7189\" data-end=\"7359\"><strong data-start=\"7189\" data-end=\"7226\">Processus de r\u00e9servation simple :<\/strong> Un syst\u00e8me de r\u00e9servation en ligne optimis\u00e9, vous permettant de choisir votre v\u00e9hicule et de planifier votre transfert \u00e0 l\u2019avance.<\/p>\n<\/li>\n<li data-start=\"7360\" data-end=\"7536\">\n<p data-start=\"7363\" data-end=\"7536\"><strong data-start=\"7363\" data-end=\"7389\">Service personnalis\u00e9 :<\/strong> Nos chauffeurs vous accueillent aux arriv\u00e9es, vous aident avec les bagages et vous donnent des informations utiles sur le trajet vers La Plagne.<\/p>\n<\/li>\n<li data-start=\"7537\" data-end=\"7695\">\n<p data-start=\"7540\" data-end=\"7695\"><strong data-start=\"7540\" data-end=\"7583\">Itin\u00e9raire panoramique vers La Plagne :<\/strong> La route offre des vues spectaculaires sur les Alpes, rendant votre trajet aussi agr\u00e9able que la destination.<\/p>\n<\/li>\n<li data-start=\"7696\" data-end=\"7861\">\n<p data-start=\"7699\" data-end=\"7861\"><strong data-start=\"7699\" data-end=\"7723\">Horaires flexibles :<\/strong> Que vous arriviez t\u00f4t le matin ou tard le soir, notre service est disponible 24h\/24 pour vous permettre d\u2019atteindre La Plagne sans d\u00e9lai.<\/p>\n<\/li>\n<\/ol>\n<hr data-start=\"7863\" data-end=\"7866\" \/>\n<h3 data-start=\"7868\" data-end=\"7916\">L\u2019itin\u00e9raire : A\u00e9roport de Gen\u00e8ve \u2192 La Plagne<\/h3>\n<p data-start=\"7918\" data-end=\"8408\">Le trajet de l\u2019a\u00e9roport de Gen\u00e8ve \u00e0 La Plagne dure environ <strong data-start=\"7977\" data-end=\"7987\">1 h 30<\/strong>, sur une distance d\u2019environ <strong data-start=\"8016\" data-end=\"8034\">120 kilom\u00e8tres<\/strong>. Nos chauffeurs connaissent parfaitement le terrain et les conditions locales, garantissant un voyage fluide et s\u00e9curis\u00e9 sur les routes de montagne durant votre <strong data-start=\"8196\" data-end=\"8245\">transfert de l\u2019a\u00e9roport de Gen\u00e8ve \u00e0 La Plagne<\/strong>. Nous privil\u00e9gions votre s\u00e9curit\u00e9 et votre confort, en g\u00e9rant tous les aspects du trajet afin que vous puissiez vous d\u00e9tendre et profiter de la route panoramique.<\/p>\n<hr data-start=\"8410\" data-end=\"8413\" \/>\n<h3 data-start=\"8415\" data-end=\"8449\">Que faire autour de La Plagne ?<\/h3>\n<p data-start=\"8451\" data-end=\"9020\">Si vous s\u00e9journez \u00e0 La Plagne plus d\u2019un ou deux jours, il peut \u00eatre int\u00e9ressant de relier votre itin\u00e9raire aux <a href=\"https:\/\/genevaways.com\/fr\/les-arcs\/\"><span style=\"text-decoration: underline;\"><strong data-start=\"8562\" data-end=\"8570\">Arcs<\/strong><\/span> <\/a>pour varier les pistes et les panoramas : beaucoup de visiteurs consid\u00e8rent cela comme une \u201cdeuxi\u00e8me base\u201d naturelle dans le m\u00eame vaste domaine, en alternant l\u2019ambiance village de La Plagne avec les secteurs et points de vue des Arcs, sans changer le rythme alpin de votre voyage. Pour la planification pratique (activit\u00e9s saisonni\u00e8res, infos remont\u00e9es, etc.), le site officiel de tourisme des Arcs est une r\u00e9f\u00e9rence utile : <a class=\"decorated-link\" href=\"https:\/\/en.lesarcs.com\/\" target=\"_new\" rel=\"noopener\" data-start=\"8996\" data-end=\"9019\">https:\/\/en.lesarcs.com\/<\/a>.<\/p>\n<hr data-start=\"9022\" data-end=\"9025\" \/>\n<h3 data-start=\"9027\" data-end=\"9062\">Avantages de r\u00e9server \u00e0 l\u2019avance<\/h3>\n<p data-start=\"9064\" data-end=\"9188\">R\u00e9server votre transfert \u00e0 l\u2019avance pour votre <strong data-start=\"9111\" data-end=\"9160\">transfert de l\u2019a\u00e9roport de Gen\u00e8ve \u00e0 La Plagne<\/strong> offre plusieurs b\u00e9n\u00e9fices :<\/p>\n<ol data-start=\"9190\" data-end=\"9724\">\n<li data-start=\"9190\" data-end=\"9339\">\n<p data-start=\"9193\" data-end=\"9339\"><strong data-start=\"9193\" data-end=\"9221\">Disponibilit\u00e9 garantie :<\/strong> En r\u00e9servant t\u00f4t, vous vous assurez que votre mod\u00e8le pr\u00e9f\u00e9r\u00e9 est disponible \u00e0 votre arriv\u00e9e \u00e0 l\u2019a\u00e9roport de Gen\u00e8ve.<\/p>\n<\/li>\n<li data-start=\"9340\" data-end=\"9504\">\n<p data-start=\"9343\" data-end=\"9504\"><strong data-start=\"9343\" data-end=\"9358\">Prix fixe :<\/strong> \u00c9vitez les hausses tarifaires ou les frais inattendus en r\u00e9servant \u00e0 l\u2019avance. Nos prix sont transparents et fix\u00e9s au moment de la r\u00e9servation.<\/p>\n<\/li>\n<li data-start=\"9505\" data-end=\"9724\">\n<p data-start=\"9508\" data-end=\"9724\"><strong data-start=\"9508\" data-end=\"9535\">Tranquillit\u00e9 d\u2019esprit :<\/strong> Apr\u00e8s un long vol, la derni\u00e8re chose dont vous avez besoin est de g\u00e9rer la logistique transport. Avec un service pr\u00e9-r\u00e9serv\u00e9, tout est organis\u00e9 et un chauffeur sera pr\u00eat \u00e0 vous accueillir.<\/p>\n<\/li>\n<\/ol>\n<hr data-start=\"9726\" data-end=\"9729\" \/>\n<h3 data-start=\"9731\" data-end=\"9795\">Choisissez la meilleure option de transfert pour votre trajet<\/h3>\n<p data-start=\"9797\" data-end=\"10199\">Que vous recherchiez le luxe de la Mercedes S-Class, l\u2019\u00e9l\u00e9gance pratique de la E-Class, le confort spacieux de la V-Class, ou la solution Sprinter adapt\u00e9e aux groupes, nous avons une option pour r\u00e9pondre \u00e0 vos besoins lors de votre <strong data-start=\"10029\" data-end=\"10078\">transfert de <a href=\"https:\/\/www.gva.ch\/en\/\" target=\"_blank\" rel=\"noopener\">l\u2019a\u00e9roport de Gen\u00e8ve<\/a> \u00e0 La Plagne<\/strong>. Chaque v\u00e9hicule est s\u00e9lectionn\u00e9 pour offrir un maximum de confort, de style et d\u2019efficacit\u00e9 pour ce trajet panoramique.<\/p>\n<p data-start=\"10201\" data-end=\"10530\" data-is-last-node=\"\" data-is-only-node=\"\">Notre service de transfert est bien plus qu\u2019un simple trajet : c\u2019est le d\u00e9but de votre exp\u00e9rience alpine, vous permettant de d\u00e9marrer votre s\u00e9jour avec style et s\u00e9r\u00e9nit\u00e9. R\u00e9servez votre <strong data-start=\"10387\" data-end=\"10436\">transfert de l\u2019a\u00e9roport de Gen\u00e8ve \u00e0 La Plagne<\/strong> d\u00e8s aujourd\u2019hui, et laissez-nous vous conduire vers l\u2019une des plus belles stations des Alpes.<\/p>\n<p>[\/vc_column_text][\/vc_column][\/vc_row]<\/p>\n<\/div>","protected":false},"excerpt":{"rendered":"<p>[vc_row][vc_column][\/vc_column][\/vc_row][vc_row][vc_column][vc_column_text] Service de transfert de luxe de l\u2019a\u00e9roport de Gen\u00e8ve \u00e0 La Plagne Combien co\u00fbte un transfert de Gen\u00e8ve \u00e0 La Plagne ?Prix du transfert de Gen\u00e8ve \u00e0 La Plagne \u00e0 partir de 740 CHF Quelle est la dur\u00e9e du transfert de Gen\u00e8ve \u00e0 La Plagne ?Dur\u00e9e du transfert priv\u00e9 de Gen\u00e8ve \u00e0 La Plagne<\/p>\n","protected":false},"author":4,"featured_media":0,"parent":0,"menu_order":0,"comment_status":"closed","ping_status":"closed","template":"","meta":{"footnotes":""},"class_list":["post-5175","page","type-page","status-publish","hentry"],"_links":{"self":[{"href":"https:\/\/genevaways.com\/fr\/wp-json\/wp\/v2\/pages\/5175","targetHints":{"allow":["GET"]}}],"collection":[{"href":"https:\/\/genevaways.com\/fr\/wp-json\/wp\/v2\/pages"}],"about":[{"href":"https:\/\/genevaways.com\/fr\/wp-json\/wp\/v2\/types\/page"}],"author":[{"embeddable":true,"href":"https:\/\/genevaways.com\/fr\/wp-json\/wp\/v2\/users\/4"}],"replies":[{"embeddable":true,"href":"https:\/\/genevaways.com\/fr\/wp-json\/wp\/v2\/comments?post=5175"}],"version-history":[{"count":12,"href":"https:\/\/genevaways.com\/fr\/wp-json\/wp\/v2\/pages\/5175\/revisions"}],"predecessor-version":[{"id":7128,"href":"https:\/\/genevaways.com\/fr\/wp-json\/wp\/v2\/pages\/5175\/revisions\/7128"}],"wp:attachment":[{"href":"https:\/\/genevaways.com\/fr\/wp-json\/wp\/v2\/media?parent=5175"}],"curies":[{"name":"wp","href":"https:\/\/api.w.org\/{rel}","templated":true}]}}