{"id":5190,"date":"2024-12-16T15:48:04","date_gmt":"2024-12-16T14:48:04","guid":{"rendered":"https:\/\/genevaways.com\/rolle\/"},"modified":"2026-01-31T04:38:37","modified_gmt":"2026-01-31T03:38:37","slug":"rolle","status":"publish","type":"page","link":"https:\/\/genevaways.com\/fr\/rolle\/","title":{"rendered":"Rolle"},"content":{"rendered":"<div class=\"wpb-content-wrapper\"><p>[vc_row][vc_column]<h3 class=\"center-title\">Transfert de Gen\u00e8ve \u00e0 Rolle<br \/>\n<\/h3><div class=\"title-block2\"><\/div>[\/vc_column][\/vc_row][vc_row][vc_column][vc_column_text]<\/p>\n<h3>Transferts de luxe de l\u2019a\u00e9roport de Gen\u00e8ve \u00e0 Rolle avec des v\u00e9hicules Mercedes<\/h3>\n<p data-start=\"83\" data-end=\"207\"><strong data-start=\"83\" data-end=\"133\">Combien co\u00fbte le transfert de Gen\u00e8ve \u00e0 Rolle ?<\/strong><br data-start=\"133\" data-end=\"136\" \/>Le prix des transferts priv\u00e9s de Gen\u00e8ve \u00e0 Rolle commence \u00e0 <strong data-start=\"195\" data-end=\"206\">250 CHF<\/strong>.<\/p>\n<p data-start=\"209\" data-end=\"356\"><strong data-start=\"209\" data-end=\"267\">Combien de temps dure le transfert de Gen\u00e8ve \u00e0 Rolle ?<\/strong><br data-start=\"267\" data-end=\"270\" \/>Le temps de trajet pour les transferts priv\u00e9s de Gen\u00e8ve \u00e0 Rolle est de <strong data-start=\"341\" data-end=\"355\">22 minutes<\/strong>.<\/p>\n<p data-start=\"358\" data-end=\"489\"><strong data-start=\"358\" data-end=\"417\">Quelle est la distance du transfert de Gen\u00e8ve \u00e0 Rolle ?<\/strong><br data-start=\"417\" data-end=\"420\" \/>La distance des transferts priv\u00e9s de Gen\u00e8ve \u00e0 Rolle est de <strong data-start=\"479\" data-end=\"488\">34 km<\/strong>.<\/p>\n<p data-start=\"491\" data-end=\"944\">Voyager de l\u2019a\u00e9roport de Gen\u00e8ve \u00e0 Rolle est une exp\u00e9rience \u00e0 savourer, et rien ne compl\u00e8te mieux votre trajet qu\u2019un service de transfert professionnel. Que vous voyagiez pour affaires ou pour le plaisir, notre flotte de v\u00e9hicules Mercedes garantit confort, luxe et ponctualit\u00e9. Cet article met en avant nos services de transfert exclusifs, adapt\u00e9s \u00e0 vos besoins gr\u00e2ce \u00e0 diff\u00e9rents mod\u00e8les Mercedes, tous optimis\u00e9s pour un maximum de confort et de style.<\/p>\n<hr data-start=\"946\" data-end=\"949\" \/>\n<h3 data-start=\"951\" data-end=\"998\">Pourquoi choisir nos services de transfert ?<\/h3>\n<p data-start=\"1000\" data-end=\"1354\">Notre service de transfert de l\u2019a\u00e9roport de Gen\u00e8ve \u00e0 Rolle associe luxe, efficacit\u00e9 et fiabilit\u00e9. Forts de plusieurs ann\u00e9es d\u2019exp\u00e9rience dans le transport, nous sommes sp\u00e9cialis\u00e9s dans les transferts fluides avec une touche d\u2019\u00e9l\u00e9gance. Nos chauffeurs sont professionnels, ponctuels et multilingues, pour vous assurer un trajet agr\u00e9able d\u00e8s votre arriv\u00e9e.<\/p>\n<hr data-start=\"1356\" data-end=\"1359\" \/>\n<h3 data-start=\"1361\" data-end=\"1391\">Que faire autour de Rolle ?<\/h3>\n<p data-start=\"1393\" data-end=\"2080\">\u00c0 quelques minutes de route le long des rives du lac L\u00e9man, <a href=\"https:\/\/genevaways.com\/fr\/morges\/\"><span style=\"text-decoration: underline;\"><strong data-start=\"1453\" data-end=\"1463\">Morges<\/strong><\/span> <\/a>est une \u00e9tape naturelle apr\u00e8s Rolle \u2014 surtout si vous souhaitez prolonger votre journ\u00e9e au-del\u00e0 des vignobles de La C\u00f4te. La ville est r\u00e9put\u00e9e pour son ambiance au bord du lac, ses \u00e9v\u00e9nements saisonniers et l\u2019acc\u00e8s facile \u00e0 de belles promenades entre le front de lac et les collines viticoles environnantes, ce qui compl\u00e8te le cadre paisible \u00ab lac et vignes \u00bb de Rolle sans changer votre rythme de voyage. Pour des id\u00e9es de visites une fois sur place, le site touristique local est une ressource utile pour les temps forts et les activit\u00e9s du moment : <strong data-start=\"2016\" data-end=\"2079\">Morges R\u00e9gion Tourisme (<a class=\"decorated-link\" href=\"https:\/\/www.morges-tourisme.ch\/en\/\" target=\"_new\" rel=\"noopener\" data-start=\"2042\" data-end=\"2076\">https:\/\/www.morges-tourisme.ch\/en\/<\/a>)<\/strong>.<\/p>\n<hr data-start=\"2082\" data-end=\"2085\" \/>\n<h3 data-start=\"2087\" data-end=\"2134\">Options de flotte Mercedes pour votre trajet<\/h3>\n<p data-start=\"2136\" data-end=\"2240\">Nous proposons une gamme de v\u00e9hicules Mercedes haut de gamme pour r\u00e9pondre \u00e0 vos pr\u00e9f\u00e9rences de voyage :<\/p>\n<p data-start=\"2242\" data-end=\"2542\"><strong data-start=\"2242\" data-end=\"2265\">1. Mercedes E-Class<\/strong><br data-start=\"2265\" data-end=\"2268\" \/>Notre transfert en Mercedes E-Class de l\u2019a\u00e9roport de Gen\u00e8ve \u00e0 Rolle est id\u00e9al pour celles et ceux qui recherchent un luxe discret. L\u2019E-Class combine style, s\u00e9curit\u00e9 et technologie avanc\u00e9e, ce qui la rend parfaite pour les voyageurs d\u2019affaires comme pour les s\u00e9jours loisirs.<\/p>\n<p data-start=\"2544\" data-end=\"2775\"><strong data-start=\"2544\" data-end=\"2563\">2. Mercedes Van<\/strong><br data-start=\"2563\" data-end=\"2566\" \/>Pour les d\u00e9placements en groupe, notre transfert en Mercedes Van de l\u2019a\u00e9roport de Gen\u00e8ve \u00e0 Rolle offre des si\u00e8ges spacieux et un grand volume de bagages, garantissant un trajet confortable jusqu\u2019\u00e0 7 passagers.<\/p>\n<p data-start=\"2777\" data-end=\"3043\"><strong data-start=\"2777\" data-end=\"2800\">3. <a href=\"https:\/\/genevaways.com\/fr\/fleet\/mercedes-v-class\/\">Mercedes V-Class<\/a><\/strong><br data-start=\"2800\" data-end=\"2803\" \/>Vivez le summum du raffinement avec un transfert en Mercedes V-Class de l\u2019a\u00e9roport de Gen\u00e8ve \u00e0 Rolle. Ce mod\u00e8le propose un habitacle luxueux, des fonctionnalit\u00e9s de pointe et un espace g\u00e9n\u00e9reux pour les passagers et leurs effets personnels.<\/p>\n<p data-start=\"3045\" data-end=\"3282\"><strong data-start=\"3045\" data-end=\"3068\">4. Mercedes S-Class<\/strong><br data-start=\"3068\" data-end=\"3071\" \/>Offrez-vous une \u00e9l\u00e9gance incomparable avec notre transfert en Mercedes S-Class de l\u2019a\u00e9roport de Gen\u00e8ve \u00e0 Rolle. Con\u00e7u pour les VIP, ce v\u00e9hicule offre un \u00e9quilibre exceptionnel entre confort, style et innovation.<\/p>\n<p data-start=\"3284\" data-end=\"3516\"><strong data-start=\"3284\" data-end=\"3307\">5. Mercedes Maybach<\/strong><br data-start=\"3307\" data-end=\"3310\" \/>Sublimez votre trajet avec notre transfert en Mercedes Maybach de l\u2019a\u00e9roport de Gen\u00e8ve \u00e0 Rolle. Ce v\u00e9hicule incarne le summum du luxe, avec des int\u00e9rieurs raffin\u00e9s et des \u00e9quipements de derni\u00e8re g\u00e9n\u00e9ration.<\/p>\n<p data-start=\"3518\" data-end=\"3785\"><strong data-start=\"3518\" data-end=\"3553\">6. Mercedes Minibus (16 places)<\/strong><br data-start=\"3553\" data-end=\"3556\" \/>Pour les grands groupes, notre transfert en Mercedes Minibus de l\u2019a\u00e9roport de Gen\u00e8ve \u00e0 Rolle est la solution id\u00e9ale. Avec une capacit\u00e9 allant jusqu\u2019\u00e0 16 passagers, il permet \u00e0 tous de voyager ensemble dans le confort et le style.<\/p>\n<hr data-start=\"3787\" data-end=\"3790\" \/>\n<h3 data-start=\"3792\" data-end=\"3842\">Des exp\u00e9riences sur mesure pour chaque voyageur<\/h3>\n<h4 data-start=\"3844\" data-end=\"3870\">Voyageurs d\u2019affaires<\/h4>\n<p data-start=\"3871\" data-end=\"4083\">L\u2019efficacit\u00e9 et le professionnalisme sont essentiels pour les d\u00e9placements professionnels. Avec nos Mercedes E-Class ou S-Class, vous pouvez vous concentrer sur votre travail tout en profitant d\u2019un trajet fluide.<\/p>\n<h4 data-start=\"4085\" data-end=\"4120\">Familles et voyages en groupe<\/h4>\n<p data-start=\"4121\" data-end=\"4278\">Vous voyagez en famille ou entre amis ? Nos Vans Mercedes et Minibus sont pens\u00e9s pour les groupes plus importants, en offrant confort et praticit\u00e9 pour tous.<\/p>\n<h4 data-start=\"4280\" data-end=\"4309\">VIP et amateurs de luxe<\/h4>\n<p data-start=\"4310\" data-end=\"4471\">Pour celles et ceux qui exigent le meilleur, nos Mercedes S-Class et Maybach offrent un luxe in\u00e9gal\u00e9, afin que vous arriviez \u00e0 destination repos\u00e9(e) et choy\u00e9(e).<\/p>\n<hr data-start=\"4473\" data-end=\"4476\" \/>\n<h3 data-start=\"4478\" data-end=\"4505\">R\u00e9server votre transfert<\/h3>\n<p data-start=\"4507\" data-end=\"4814\" data-is-last-node=\"\" data-is-only-node=\"\">R\u00e9server votre transfert de l\u2019a\u00e9roport de Gen\u00e8ve \u00e0 Rolle est simple. Que vous pr\u00e9f\u00e9riez l\u2019\u00e9l\u00e9gance de l\u2019E-Class ou la praticit\u00e9 spacieuse du Minibus, notre service est con\u00e7u pour r\u00e9pondre \u00e0 vos besoins. Contactez-nous d\u00e8s aujourd\u2019hui pour r\u00e9server votre transfert de luxe et rendre votre trajet inoubliable.<\/p>\n<p>[\/vc_column_text][\/vc_column][\/vc_row]<\/p>\n<\/div>","protected":false},"excerpt":{"rendered":"<p>[vc_row][vc_column][\/vc_column][\/vc_row][vc_row][vc_column][vc_column_text] Transferts de luxe de l\u2019a\u00e9roport de Gen\u00e8ve \u00e0 Rolle avec des v\u00e9hicules Mercedes Combien co\u00fbte le transfert de Gen\u00e8ve \u00e0 Rolle ?Le prix des transferts priv\u00e9s de Gen\u00e8ve \u00e0 Rolle commence \u00e0 250 CHF. Combien de temps dure le transfert de Gen\u00e8ve \u00e0 Rolle ?Le temps de trajet pour les transferts priv\u00e9s de Gen\u00e8ve<\/p>\n","protected":false},"author":4,"featured_media":0,"parent":0,"menu_order":0,"comment_status":"closed","ping_status":"closed","template":"","meta":{"footnotes":""},"class_list":["post-5190","page","type-page","status-publish","hentry"],"_links":{"self":[{"href":"https:\/\/genevaways.com\/fr\/wp-json\/wp\/v2\/pages\/5190","targetHints":{"allow":["GET"]}}],"collection":[{"href":"https:\/\/genevaways.com\/fr\/wp-json\/wp\/v2\/pages"}],"about":[{"href":"https:\/\/genevaways.com\/fr\/wp-json\/wp\/v2\/types\/page"}],"author":[{"embeddable":true,"href":"https:\/\/genevaways.com\/fr\/wp-json\/wp\/v2\/users\/4"}],"replies":[{"embeddable":true,"href":"https:\/\/genevaways.com\/fr\/wp-json\/wp\/v2\/comments?post=5190"}],"version-history":[{"count":6,"href":"https:\/\/genevaways.com\/fr\/wp-json\/wp\/v2\/pages\/5190\/revisions"}],"predecessor-version":[{"id":6841,"href":"https:\/\/genevaways.com\/fr\/wp-json\/wp\/v2\/pages\/5190\/revisions\/6841"}],"wp:attachment":[{"href":"https:\/\/genevaways.com\/fr\/wp-json\/wp\/v2\/media?parent=5190"}],"curies":[{"name":"wp","href":"https:\/\/api.w.org\/{rel}","templated":true}]}}