{"id":5199,"date":"2024-12-16T15:52:18","date_gmt":"2024-12-16T14:52:18","guid":{"rendered":"https:\/\/genevaways.com\/rosey-school\/"},"modified":"2026-01-31T04:39:38","modified_gmt":"2026-01-31T03:39:38","slug":"rosey-school","status":"publish","type":"page","link":"https:\/\/genevaways.com\/fr\/rosey-school\/","title":{"rendered":"Rosey School"},"content":{"rendered":"<div class=\"wpb-content-wrapper\"><p>[vc_row][vc_column]<h3 class=\"center-title\">Transfert de Gen\u00e8ve \u00e0 l\u2019Institut Le Rosey<br \/>\n<\/h3><div class=\"title-block2\"><\/div>[\/vc_column][\/vc_row][vc_row][vc_column][vc_column_text]<\/p>\n<div class=\"flex flex-col text-sm pb-25\">\n<article class=\"text-token-text-primary w-full focus:outline-none [--shadow-height:45px] has-data-writing-block:pointer-events-none has-data-writing-block:-mt-(--shadow-height) has-data-writing-block:pt-(--shadow-height) [&amp;:has([data-writing-block])&gt;*]:pointer-events-auto scroll-mt-[calc(var(--header-height)+min(200px,max(70px,20svh)))]\" dir=\"auto\" tabindex=\"-1\" data-turn-id=\"643e718e-e35a-44be-af49-7262ea4f3afd\" data-testid=\"conversation-turn-82\" data-scroll-anchor=\"true\" data-turn=\"assistant\">\n<div class=\"text-base my-auto mx-auto pb-10 [--thread-content-margin:--spacing(4)] @w-sm\/main:[--thread-content-margin:--spacing(6)] @w-lg\/main:[--thread-content-margin:--spacing(16)] px-(--thread-content-margin)\">\n<div class=\"[--thread-content-max-width:40rem] @w-lg\/main:[--thread-content-max-width:48rem] mx-auto max-w-(--thread-content-max-width) flex-1 group\/turn-messages focus-visible:outline-hidden relative flex w-full min-w-0 flex-col agent-turn\" tabindex=\"-1\">\n<div class=\"flex max-w-full flex-col grow\">\n<div class=\"min-h-8 text-message relative flex w-full flex-col items-end gap-2 text-start break-words whitespace-normal [.text-message+&amp;]:mt-1\" dir=\"auto\" data-message-author-role=\"assistant\" data-message-id=\"bb886a13-8c56-4bcd-a616-03cdfa3332ac\" data-message-model-slug=\"gpt-5-2-thinking\">\n<div class=\"flex w-full flex-col gap-1 empty:hidden first:pt-[1px]\">\n<div class=\"markdown prose dark:prose-invert w-full wrap-break-word light markdown-new-styling\">\n<h3 data-start=\"0\" data-end=\"120\">Transfert priv\u00e9 de l\u2019a\u00e9roport de Gen\u00e8ve \u00e0 l\u2019Institut Le Rosey avec chauffeur<\/h3>\n<p data-start=\"122\" data-end=\"265\">Combien co\u00fbte un transfert de Gen\u00e8ve \u00e0 l\u2019Institut Le Rosey ?<br data-start=\"182\" data-end=\"185\" \/>Prix des transferts priv\u00e9s de Gen\u00e8ve \u00e0 l\u2019Institut Le Rosey : \u00e0 partir de 240 CHF<\/p>\n<p data-start=\"267\" data-end=\"410\">Combien de temps dure le transfert de Gen\u00e8ve \u00e0 l\u2019Institut Le Rosey ?<br data-start=\"335\" data-end=\"338\" \/>Dur\u00e9e des transferts priv\u00e9s de Gen\u00e8ve \u00e0 l\u2019Institut Le Rosey : 25 minutes<\/p>\n<p data-start=\"412\" data-end=\"536\">Quelle est la distance entre Gen\u00e8ve et l\u2019Institut Le Rosey ?<br data-start=\"472\" data-end=\"475\" \/>Distance du transfert de Gen\u00e8ve \u00e0 l\u2019Institut Le Rosey : 35 km<\/p>\n<p data-start=\"538\" data-end=\"751\">Pour les \u00e9l\u00e8ves et les familles se rendant \u00e0 l\u2019Institut Le Rosey \u00e0 Rolle, en Suisse, un service de transfert priv\u00e9 depuis l\u2019a\u00e9roport de Gen\u00e8ve offre l\u2019\u00e9quilibre id\u00e9al entre praticit\u00e9, confort et professionnalisme.<\/p>\n<h3 data-start=\"753\" data-end=\"1457\">Principaux avantages :<\/h3>\n<ul>\n<li data-start=\"753\" data-end=\"1457\">Accueil personnalis\u00e9 : un chauffeur d\u00e9di\u00e9 vous accueille directement \u00e0 votre arriv\u00e9e, vous aide avec les bagages et assure un trajet fluide et sans stress jusqu\u2019\u00e0 Le Rosey.<\/li>\n<li data-start=\"753\" data-end=\"1457\">Confort et s\u00e9curit\u00e9 : voyagez \u00e0 bord de v\u00e9hicules haut de gamme, parfaitement entretenus et \u00e9quip\u00e9s de dispositifs de s\u00e9curit\u00e9 modernes\u2014id\u00e9al pour un trajet serein jusqu\u2019\u00e0 l\u2019\u00e9cole.<\/li>\n<li data-start=\"753\" data-end=\"1457\">Options flexibles : service disponible 24h\/24 et 7j\/7, avec des prestations personnalis\u00e9es (passagers suppl\u00e9mentaires, si\u00e8ges enfant, bagages additionnels, etc.).<\/li>\n<li data-start=\"753\" data-end=\"1457\">Fiabilit\u00e9 : en r\u00e9servant \u00e0 l\u2019avance, vous avez l\u2019assurance d\u2019une prise en charge ponctuelle et d\u2019un trajet confortable, quelle que soit votre heure d\u2019arriv\u00e9e.<\/li>\n<\/ul>\n<p data-start=\"1459\" data-end=\"1545\">Services de transfert de luxe de l\u2019a\u00e9roport de Gen\u00e8ve \u00e0 l\u2019\u00e9cole Le Rosey avec Mercedes<\/p>\n<p data-start=\"1547\" data-end=\"1868\">Vivez un confort et une praticit\u00e9 incomparables gr\u00e2ce \u00e0 notre transfert premium de l\u2019a\u00e9roport de Gen\u00e8ve \u00e0 l\u2019\u00e9cole Le Rosey en Mercedes E-Class. Que vous voyagiez pour affaires ou que vous accompagniez un \u00e9l\u00e8ve vers la prestigieuse \u00e9cole Le Rosey, nous vous garantissons un trajet fluide, \u00e9l\u00e9gant et parfaitement organis\u00e9.<\/p>\n<p data-start=\"1870\" data-end=\"2182\">Notre flotte est con\u00e7ue pour r\u00e9pondre \u00e0 tous les besoins, avec plusieurs v\u00e9hicules haut de gamme, dont l\u2019\u00e9l\u00e9gante Mercedes V-Class, id\u00e9ale pour les familles ou les transferts en groupe. Le transfert de l\u2019a\u00e9roport de Gen\u00e8ve \u00e0 l\u2019\u00e9cole Le Rosey en Mercedes V-Class vous assure espace, luxe et un trajet remarquable.<\/p>\n<p data-start=\"2184\" data-end=\"2596\">Pour celles et ceux qui recherchent davantage de prestige, optez pour le transfert de l\u2019a\u00e9roport de Gen\u00e8ve \u00e0 l\u2019\u00e9cole Le Rosey en Mercedes S-Class. Ce choix associe technologie de pointe et confort absolu, pour un trajet v\u00e9ritablement exceptionnel. La Mercedes Maybach va encore plus loin, avec un transfert exclusif de l\u2019a\u00e9roport de Gen\u00e8ve \u00e0 l\u2019\u00e9cole Le Rosey en Mercedes Maybach, qui red\u00e9finit la sophistication.<\/p>\n<p data-start=\"2598\" data-end=\"2986\">Nos chauffeurs professionnels assurent un trajet fluide et efficace, en priorisant ponctualit\u00e9 et s\u00e9curit\u00e9. Le transfert de l\u2019a\u00e9roport de Gen\u00e8ve \u00e0 l\u2019\u00e9cole Le Rosey en Mercedes E-Class est pens\u00e9 pour les voyageurs qui appr\u00e9cient le style et la fiabilit\u00e9. La Mercedes V-Class, plus spacieuse, convient parfaitement aux groupes, afin que chaque passager profite d\u2019un service premi\u00e8re classe.<\/p>\n<p data-start=\"2988\" data-end=\"3323\">Pour les voyageurs VIP, notre transfert de l\u2019a\u00e9roport de Gen\u00e8ve \u00e0 l\u2019\u00e9cole Le Rosey en Mercedes S-Class offre un environnement luxueux adapt\u00e9 aux attentes les plus exigeantes. Et pour un niveau d\u2019exclusivit\u00e9 ultime, notre transfert de l\u2019a\u00e9roport de Gen\u00e8ve \u00e0 l\u2019\u00e9cole Le Rosey en Mercedes Maybach promet une exp\u00e9rience de voyage in\u00e9gal\u00e9e.<\/p>\n<p data-start=\"3325\" data-end=\"3671\">Que vous voyagiez seul(e) ou en groupe, nos services incluent le transfert polyvalent de l\u2019a\u00e9roport de Gen\u00e8ve \u00e0 l\u2019\u00e9cole Le Rosey en Mercedes V-Class, avec suffisamment d\u2019espace pour les passagers et les bagages. Le transfert en Mercedes S-Class est une excellente option pour les voyageurs d\u2019affaires ou pour ceux qui recherchent un luxe raffin\u00e9.<\/p>\n<p data-start=\"3673\" data-end=\"4020\">Notre transfert de l\u2019a\u00e9roport de Gen\u00e8ve \u00e0 l\u2019\u00e9cole Le Rosey en Mercedes Maybach est con\u00e7u pour d\u00e9passer les attentes, en combinant \u00e9l\u00e9gance et innovations. Pendant ce temps, le transfert de l\u2019a\u00e9roport de Gen\u00e8ve \u00e0 l\u2019\u00e9cole Le Rosey en Mercedes E-Class reste un grand classique pour celles et ceux qui privil\u00e9gient un luxe intemporel et la simplicit\u00e9.<\/p>\n<p data-start=\"4022\" data-end=\"4407\">Choisissez d\u00e8s aujourd\u2019hui votre transfert id\u00e9al de l\u2019a\u00e9roport de Gen\u00e8ve \u00e0 l\u2019\u00e9cole Le Rosey avec Mercedes et profitez d\u2019un trajet haut de gamme, sans stress, parfaitement adapt\u00e9 \u00e0 vos besoins. Que vous pr\u00e9f\u00e9riez la sophistication de la Mercedes E-Class, l\u2019espace de la V-Class, le raffinement de la S-Class ou l\u2019exclusivit\u00e9 de la Maybach, nous vous promettons une exp\u00e9rience m\u00e9morable.<\/p>\n<h4 data-start=\"4409\" data-end=\"4623\">Informations de r\u00e9servation :<\/h4>\n<p data-start=\"4409\" data-end=\"4623\">Nous recommandons la r\u00e9servation en ligne \u00e0 l\u2019avance pour une exp\u00e9rience parfaitement fluide, afin qu\u2019un chauffeur soit pr\u00eat \u00e0 vous accueillir d\u00e8s votre arriv\u00e9e \u00e0 l\u2019a\u00e9roport de Gen\u00e8ve.<\/p>\n<h3 data-start=\"4625\" data-end=\"4700\">Service de chauffeur ex\u00e9cutif de<a href=\"https:\/\/www.gva.ch\/en\/\" target=\"_blank\" rel=\"noopener\"> l\u2019a\u00e9roport de Gen\u00e8ve<\/a> \u00e0 l\u2019Institut Le Rosey<\/h3>\n<p data-start=\"4702\" data-end=\"4867\">Combien co\u00fbte un transfert de Gen\u00e8ve \u00e0 l\u2019Institut Le Rosey en minivan ?<br data-start=\"4773\" data-end=\"4776\" \/>Prix des transferts priv\u00e9s de Gen\u00e8ve \u00e0 l\u2019Institut Le Rosey en minivan : \u00e0 partir de 260 CHF<\/p>\n<p data-start=\"4869\" data-end=\"5034\">Combien de temps dure le transfert de Gen\u00e8ve \u00e0 l\u2019Institut Le Rosey en minivan ?<br data-start=\"4948\" data-end=\"4951\" \/>Dur\u00e9e des transferts priv\u00e9s de Gen\u00e8ve \u00e0 l\u2019Institut Le Rosey en minivan : 25 minutes<\/p>\n<p data-start=\"5036\" data-end=\"5182\">Quelle est la distance entre Gen\u00e8ve et l\u2019Institut Le Rosey en minivan ?<br data-start=\"5107\" data-end=\"5110\" \/>Distance du transfert de Gen\u00e8ve \u00e0 l\u2019Institut Le Rosey en minivan : 35 km<\/p>\n<p data-start=\"5184\" data-end=\"5603\">Pour celles et ceux qui se rendent \u00e0 l\u2019Institut Le Rosey, l\u2019internat suisse de renomm\u00e9e mondiale, un transfert avec chauffeur ex\u00e9cutif depuis l\u2019a\u00e9roport de Gen\u00e8ve offre un niveau de luxe, de professionnalisme et de fiabilit\u00e9 exceptionnel. Con\u00e7u pour r\u00e9pondre aux standards \u00e9lev\u00e9s d\u2019une client\u00e8le internationale, ce service premium met l\u2019accent sur un trajet sans accroc, en garantissant s\u00e9curit\u00e9, confort et efficacit\u00e9.<\/p>\n<h3 data-start=\"5605\" data-end=\"7026\">Pourquoi choisir notre service de chauffeur ?<\/h3>\n<ul>\n<li data-start=\"5605\" data-end=\"7026\">Accueil VIP personnalis\u00e9 : votre chauffeur vous attend \u00e0 l\u2019a\u00e9roport de Gen\u00e8ve avec une pancarte \u00e0 votre nom, vous aide avec vos bagages et vous accompagne jusqu\u2019au v\u00e9hicule, pour une prise en charge parfaite d\u00e8s l\u2019atterrissage.<\/li>\n<li data-start=\"5605\" data-end=\"7026\">Confort ex\u00e9cutif et standards de s\u00e9curit\u00e9 : notre flotte comprend des v\u00e9hicules haut de gamme, \u00e9quip\u00e9s de syst\u00e8mes de s\u00e9curit\u00e9 avanc\u00e9s, d\u2019int\u00e9rieurs luxueux et d\u2019\u00e9quipements con\u00e7us pour votre confort pendant le trajet. Chaque v\u00e9hicule est entretenu selon les standards les plus stricts, pour une fiabilit\u00e9 totale.<\/li>\n<li data-start=\"5605\" data-end=\"7026\">Discr\u00e9tion et professionnalisme : nos chauffeurs sont form\u00e9s, multilingues et discrets, et respectent la confidentialit\u00e9 ainsi que les besoins sp\u00e9cifiques de chaque passager. Ce niveau de service convient particuli\u00e8rement aux profils exigeants et aux clients qui recherchent une attention personnalis\u00e9e.<\/li>\n<li data-start=\"5605\" data-end=\"7026\">Services flexibles et sur mesure : que vous voyagiez seul(e), en famille, ou avec des exigences particuli\u00e8res (si\u00e8ges enfants, bagages suppl\u00e9mentaires), nous proposons des solutions adapt\u00e9es. Disponibles 24h\/24 et 7j\/7, nous alignons votre trajet depuis l\u2019a\u00e9roport de Gen\u00e8ve sur votre planning.<\/li>\n<li data-start=\"5605\" data-end=\"7026\">Ponctualit\u00e9 et fiabilit\u00e9 : gr\u00e2ce \u00e0 la r\u00e9servation en ligne et au suivi des vols en temps r\u00e9el, nous garantissons des prises en charge et des arriv\u00e9es \u00e0 l\u2019heure, m\u00eame en cas de modification, de retard ou de besoins sp\u00e9cifiques.<\/li>\n<\/ul>\n<h3 data-start=\"7028\" data-end=\"7594\">Autour de Le Rosey<\/h3>\n<p data-start=\"7028\" data-end=\"7594\">Pour les \u00e9l\u00e8ves et les familles se rendant \u00e0 l\u2019Institut Le Rosey \u00e0 <a href=\"https:\/\/genevaways.com\/fr\/rolle\/\"><span style=\"text-decoration: underline;\">Rolle<\/span><\/a>, en Suisse, un service de transfert priv\u00e9 depuis l\u2019a\u00e9roport de Gen\u00e8ve offre un \u00e9quilibre id\u00e9al entre praticit\u00e9, confort et professionnalisme. Si vous avez du temps \u00e0 l\u2019arriv\u00e9e ou au d\u00e9part, la situation de Rolle sur le lac L\u00e9man permet aussi d\u2019ajouter facilement une courte visite \u00e0 Lausanne (mus\u00e9es, promenades au bord du lac, restaurants). Le guide officiel de Lausanne est une ressource utile pour organiser cet ajout naturellement : <a class=\"decorated-link\" href=\"https:\/\/www.lausanne-tourisme.ch\/en\/\" target=\"_new\" rel=\"noopener\" data-start=\"7557\" data-end=\"7593\">https:\/\/www.lausanne-tourisme.ch\/en\/<\/a>.<\/p>\n<h3 data-start=\"7596\" data-end=\"7949\">R\u00e9servation et contact<\/h3>\n<p data-start=\"7596\" data-end=\"7949\" data-is-last-node=\"\" data-is-only-node=\"\">Pour une exp\u00e9rience optimale, nous recommandons de r\u00e9server \u00e0 l\u2019avance notre service de transfert ex\u00e9cutif, afin que votre chauffeur soit pr\u00eat et vous attende d\u00e8s votre arriv\u00e9e. Notre \u00e9quipe est disponible pour toute demande personnalis\u00e9e, afin que votre transfert vers l\u2019Institut Le Rosey r\u00e9ponde \u00e0 vos attentes les plus \u00e9lev\u00e9es.<\/p>\n<\/div>\n<\/div>\n<\/div>\n<\/div>\n<div class=\"z-0 flex min-h-[46px] justify-start\"><\/div>\n<div class=\"mt-3 w-full empty:hidden\">\n<div class=\"text-center\"><\/div>\n<\/div>\n<\/div>\n<\/div>\n<\/article>\n<\/div>\n<div class=\"pointer-events-none h-px w-px absolute bottom-0\" aria-hidden=\"true\" data-edge=\"true\"><\/div>\n<p>[\/vc_column_text][\/vc_column][\/vc_row]<\/p>\n<\/div>","protected":false},"excerpt":{"rendered":"<p>[vc_row][vc_column][\/vc_column][\/vc_row][vc_row][vc_column][vc_column_text] Transfert priv\u00e9 de l\u2019a\u00e9roport de Gen\u00e8ve \u00e0 l\u2019Institut Le Rosey avec chauffeur Combien co\u00fbte un transfert de Gen\u00e8ve \u00e0 l\u2019Institut Le Rosey ?Prix des transferts priv\u00e9s de Gen\u00e8ve \u00e0 l\u2019Institut Le Rosey : \u00e0 partir de 240 CHF Combien de temps dure le transfert de Gen\u00e8ve \u00e0 l\u2019Institut Le Rosey ?Dur\u00e9e des transferts priv\u00e9s<\/p>\n","protected":false},"author":4,"featured_media":0,"parent":0,"menu_order":0,"comment_status":"closed","ping_status":"closed","template":"","meta":{"footnotes":""},"class_list":["post-5199","page","type-page","status-publish","hentry"],"_links":{"self":[{"href":"https:\/\/genevaways.com\/fr\/wp-json\/wp\/v2\/pages\/5199","targetHints":{"allow":["GET"]}}],"collection":[{"href":"https:\/\/genevaways.com\/fr\/wp-json\/wp\/v2\/pages"}],"about":[{"href":"https:\/\/genevaways.com\/fr\/wp-json\/wp\/v2\/types\/page"}],"author":[{"embeddable":true,"href":"https:\/\/genevaways.com\/fr\/wp-json\/wp\/v2\/users\/4"}],"replies":[{"embeddable":true,"href":"https:\/\/genevaways.com\/fr\/wp-json\/wp\/v2\/comments?post=5199"}],"version-history":[{"count":6,"href":"https:\/\/genevaways.com\/fr\/wp-json\/wp\/v2\/pages\/5199\/revisions"}],"predecessor-version":[{"id":7145,"href":"https:\/\/genevaways.com\/fr\/wp-json\/wp\/v2\/pages\/5199\/revisions\/7145"}],"wp:attachment":[{"href":"https:\/\/genevaways.com\/fr\/wp-json\/wp\/v2\/media?parent=5199"}],"curies":[{"name":"wp","href":"https:\/\/api.w.org\/{rel}","templated":true}]}}