{"id":5209,"date":"2024-12-16T16:07:42","date_gmt":"2024-12-16T15:07:42","guid":{"rendered":"https:\/\/genevaways.com\/disneyland-paris\/"},"modified":"2026-01-31T04:08:26","modified_gmt":"2026-01-31T03:08:26","slug":"disneyland-paris","status":"publish","type":"page","link":"https:\/\/genevaways.com\/fr\/disneyland-paris\/","title":{"rendered":"Disneyland Paris"},"content":{"rendered":"<div class=\"wpb-content-wrapper\"><p>[vc_row type=&#8221;full_width_section&#8221;][vc_column]<h3 class=\"center-title\">Transfert de Gen\u00e8ve vers Disneyland Paris<br \/>\n<\/h3><div class=\"title-block2\"><\/div>[vc_column_text]<\/p>\n<h2 data-start=\"0\" data-end=\"90\">Services de transfert premium de l\u2019a\u00e9roport de Gen\u00e8ve \u00e0 Disneyland avec v\u00e9hicules Mercedes<\/h2>\n<h3 data-start=\"92\" data-end=\"104\">Introduction<\/h3>\n<p data-start=\"106\" data-end=\"491\">Lors de la planification d\u2019un voyage sans accroc de <a href=\"https:\/\/www.gva.ch\/en\/\" target=\"_blank\" rel=\"noopener\">l\u2019a\u00e9roport de Gen\u00e8ve<\/a> \u00e0 Disneyland, le confort, le luxe et la fiabilit\u00e9 sont des priorit\u00e9s absolues. Nos services de transfert exclusifs sont con\u00e7us pour r\u00e9pondre \u00e0 ces besoins, en proposant une gamme de v\u00e9hicules Mercedes premium. Que vous voyagiez seul, en famille ou en groupe, nos services garantissent une exp\u00e9rience inoubliable.<\/p>\n<ol data-start=\"493\" data-end=\"539\">\n<li data-start=\"493\" data-end=\"539\">\n<h3 data-start=\"496\" data-end=\"539\">Pourquoi choisir nos services de transfert?<\/h3>\n<\/li>\n<\/ol>\n<p data-start=\"541\" data-end=\"945\">\u27a4 Luxe et confort: Profitez d\u2019un trajet relaxant dans un v\u00e9hicule Mercedes haut de gamme.<br data-start=\"630\" data-end=\"633\" \/>\u27a4 Ponctualit\u00e9: Nos chauffeurs assurent des prises en charge et des d\u00e9poses \u00e0 l\u2019heure.<br data-start=\"718\" data-end=\"721\" \/>\u27a4 Chauffeurs professionnels: Des chauffeurs form\u00e9s priorisent votre s\u00e9curit\u00e9 et votre satisfaction.<br data-start=\"820\" data-end=\"823\" \/>\u27a4 Options sur mesure: Choisissez parmi une vari\u00e9t\u00e9 de mod\u00e8les Mercedes selon la taille de votre groupe et vos pr\u00e9f\u00e9rences.<\/p>\n<ol start=\"2\" data-start=\"947\" data-end=\"984\">\n<li data-start=\"947\" data-end=\"984\">\n<h3 data-start=\"950\" data-end=\"984\">Notre flotte de v\u00e9hicules Mercedes<\/h3>\n<\/li>\n<\/ol>\n<p data-start=\"986\" data-end=\"1154\">Nous proposons une gamme vari\u00e9e de v\u00e9hicules Mercedes pour votre trajet. Chaque v\u00e9hicule est \u00e9quip\u00e9 de prestations haut de gamme pour une exp\u00e9rience de voyage luxueuse.<\/p>\n<h4 data-start=\"1156\" data-end=\"1172\">Mercedes E-Class<\/h4>\n<p data-start=\"1174\" data-end=\"1358\">Pour les voyageurs seuls ou les couples, la Mercedes E-Class est le choix id\u00e9al. Avec un design \u00e9l\u00e9gant et des fonctionnalit\u00e9s avanc\u00e9es, elle garantit un trajet confortable et raffin\u00e9.<\/p>\n<p data-start=\"1360\" data-end=\"1482\">\u27a4 Exemple de service: R\u00e9servez d\u00e8s aujourd\u2019hui votre transfert de l\u2019a\u00e9roport de Gen\u00e8ve \u00e0 Disneyland avec Mercedes E-Class!<\/p>\n<h4 data-start=\"1484\" data-end=\"1500\"><a href=\"https:\/\/genevaways.com\/fr\/fleet\/mercedes-v-class\/\">Mercedes V-Class<\/a><\/h4>\n<p data-start=\"1502\" data-end=\"1653\">Vous voyagez avec un groupe plus important? La Mercedes V-Class offre un espace g\u00e9n\u00e9reux et un confort in\u00e9gal\u00e9 pour les familles ou les petits groupes.<\/p>\n<p data-start=\"1655\" data-end=\"1803\">\u27a4 Exemple de service: Choisissez un transfert de l\u2019a\u00e9roport de Gen\u00e8ve \u00e0 Disneyland avec Mercedes V-Class pour un trajet spacieux et tout en douceur!<\/p>\n<h4 data-start=\"1805\" data-end=\"1821\">Mercedes S-Class<\/h4>\n<p data-start=\"1823\" data-end=\"2002\">Pour ceux qui exigent le summum du luxe, la Mercedes S-Class offre une exp\u00e9rience incomparable. Parfaite pour les voyageurs d\u2019affaires ou toute personne recherchant l\u2019exclusivit\u00e9.<\/p>\n<p data-start=\"2004\" data-end=\"2124\">\u27a4 Exemple de service: Vivez le luxe ultime avec un transfert de l\u2019a\u00e9roport de Gen\u00e8ve \u00e0 Disneyland avec Mercedes S-Class.<\/p>\n<h4 data-start=\"2126\" data-end=\"2142\">Mercedes Maybach<\/h4>\n<p data-start=\"2144\" data-end=\"2300\">Affirmez votre style avec la Mercedes Maybach. Ce v\u00e9hicule premium combine luxe, \u00e9l\u00e9gance et technologie de pointe pour un trajet v\u00e9ritablement remarquable.<\/p>\n<p data-start=\"2302\" data-end=\"2442\">\u27a4 Exemple de service: Profitez d\u2019un transfert de l\u2019a\u00e9roport de Gen\u00e8ve \u00e0 Disneyland avec Mercedes Maybach pour l\u2019exp\u00e9rience la plus luxueuse.<\/p>\n<h4 data-start=\"2444\" data-end=\"2477\">Mercedes Sprinter (bus 16 places)<\/h4>\n<p data-start=\"2479\" data-end=\"2665\">Les grands groupes appr\u00e9cieront l\u2019espace du Mercedes Sprinter. Avec des si\u00e8ges pouvant accueillir jusqu\u2019\u00e0 16 passagers, il est id\u00e9al pour voyager en groupe sans compromis sur le confort.<\/p>\n<p data-start=\"2667\" data-end=\"2806\">\u27a4 Exemple de service: Voyagez confortablement en groupe avec un transfert de l\u2019a\u00e9roport de Gen\u00e8ve \u00e0 Disneyland avec bus Mercedes 16 places.<\/p>\n<ol start=\"3\" data-start=\"2808\" data-end=\"2842\">\n<li data-start=\"2808\" data-end=\"2842\">\n<h3 data-start=\"2811\" data-end=\"2842\">Avantages de r\u00e9server avec nous<\/h3>\n<\/li>\n<\/ol>\n<p data-start=\"2844\" data-end=\"3147\">\u27a4 Horaires personnalis\u00e9s: Nous nous adaptons \u00e0 vos horaires de vol et \u00e0 vos pr\u00e9f\u00e9rences.<br data-start=\"2932\" data-end=\"2935\" \/>\u27a4 Tarifs comp\u00e9titifs: Le luxe ne doit pas forc\u00e9ment co\u00fbter plus cher.<br data-start=\"3004\" data-end=\"3007\" \/>\u27a4 Services adapt\u00e9s aux enfants: Si\u00e8ges enfants offerts sur demande.<br data-start=\"3074\" data-end=\"3077\" \/>\u27a4 Disponibilit\u00e9 24\/7: R\u00e9servez votre transfert \u00e0 tout moment, partout.<\/p>\n<ol start=\"4\" data-start=\"3149\" data-end=\"3171\">\n<li data-start=\"3149\" data-end=\"3171\">\n<h3 data-start=\"3152\" data-end=\"3171\">Foire Aux Questions<\/h3>\n<\/li>\n<\/ol>\n<h4 data-start=\"3173\" data-end=\"3209\">Q1: Combien de temps dure le trajet?<\/h4>\n<p data-start=\"3211\" data-end=\"3330\">Le trajet de l\u2019a\u00e9roport de Gen\u00e8ve \u00e0 Disneyland dure g\u00e9n\u00e9ralement environ 6 heures, selon les conditions de circulation.<\/p>\n<h4 data-start=\"3332\" data-end=\"3382\">Q2: Vos chauffeurs parlent-ils anglais couramment?<\/h4>\n<p data-start=\"3384\" data-end=\"3500\">Oui, tous nos chauffeurs parlent couramment anglais et d\u2019autres langues majeures, assurant une communication fluide.<\/p>\n<h4 data-start=\"3502\" data-end=\"3547\">Q3: Puis-je faire un arr\u00eat pendant le trajet?<\/h4>\n<p data-start=\"3549\" data-end=\"3647\">Absolument! Nous proposons des itin\u00e9raires personnalisables incluant des arr\u00eats en cours de route.<\/p>\n<ol start=\"5\" data-start=\"3649\" data-end=\"3699\">\n<li data-start=\"3649\" data-end=\"3699\">\n<h3 data-start=\"3652\" data-end=\"3699\">R\u00e9server votre transfert: simple et sans tracas<\/h3>\n<\/li>\n<\/ol>\n<p data-start=\"3701\" data-end=\"3848\">R\u00e9server votre transfert est rapide et simple. Visitez notre site web, s\u00e9lectionnez votre v\u00e9hicule Mercedes pr\u00e9f\u00e9r\u00e9 et confirmez votre r\u00e9servation.<\/p>\n<ol start=\"6\" data-start=\"3850\" data-end=\"3873\">\n<li data-start=\"3850\" data-end=\"3873\">\n<h3 data-start=\"3853\" data-end=\"3873\">Phrases SEO r\u00e9p\u00e9t\u00e9es<\/h3>\n<\/li>\n<\/ol>\n<p data-start=\"3875\" data-end=\"4011\">Afin d\u2019assurer une visibilit\u00e9 optimale sur les moteurs de recherche, nous int\u00e9grons les expressions suivantes tout au long de l\u2019article:<\/p>\n<ol data-start=\"4013\" data-end=\"4391\">\n<li data-start=\"4013\" data-end=\"4087\">\n<p data-start=\"4016\" data-end=\"4087\">Transfert de l\u2019a\u00e9roport de Gen\u00e8ve \u00e0 Disneyland avec Mercedes E-Class.<\/p>\n<\/li>\n<li data-start=\"4088\" data-end=\"4162\">\n<p data-start=\"4091\" data-end=\"4162\">Transfert de l\u2019a\u00e9roport de Gen\u00e8ve \u00e0 Disneyland avec Mercedes V-Class.<\/p>\n<\/li>\n<li data-start=\"4163\" data-end=\"4237\">\n<p data-start=\"4166\" data-end=\"4237\">Transfert de l\u2019a\u00e9roport de Gen\u00e8ve \u00e0 Disneyland avec Mercedes S-Class.<\/p>\n<\/li>\n<li data-start=\"4238\" data-end=\"4312\">\n<p data-start=\"4241\" data-end=\"4312\">Transfert de l\u2019a\u00e9roport de Gen\u00e8ve \u00e0 Disneyland avec Mercedes Maybach.<\/p>\n<\/li>\n<li data-start=\"4313\" data-end=\"4391\">\n<p data-start=\"4316\" data-end=\"4391\">Transfert de l\u2019a\u00e9roport de Gen\u00e8ve \u00e0 Disneyland avec bus Mercedes 16 places.<\/p>\n<\/li>\n<\/ol>\n<p data-start=\"4393\" data-end=\"4520\">Chaque expression est utilis\u00e9e de mani\u00e8re fluide dans le contexte, garantissant lisibilit\u00e9 et pertinence pour les utilisateurs.<\/p>\n<ol start=\"7\" data-start=\"4522\" data-end=\"4569\">\n<li data-start=\"4522\" data-end=\"4569\">\n<h3 data-start=\"4525\" data-end=\"4569\">Pourquoi choisir Mercedes pour votre voyage?<\/h3>\n<\/li>\n<\/ol>\n<p data-start=\"4571\" data-end=\"4773\">Les v\u00e9hicules Mercedes sont synonymes de luxe, de fiabilit\u00e9 et de technologie de pointe. Que vous voyagiez pour affaires ou loisirs, notre flotte garantit un trajet aussi agr\u00e9able que votre destination.<\/p>\n<ol start=\"8\" data-start=\"4775\" data-end=\"4804\">\n<li data-start=\"4775\" data-end=\"4804\">\n<h3 data-start=\"4778\" data-end=\"4804\">Autour de Disneyland Paris<\/h3>\n<\/li>\n<\/ol>\n<p data-start=\"4806\" data-end=\"5763\">Situ\u00e9 juste \u00e0 l\u2019ext\u00e9rieur de la capitale fran\u00e7aise, Disneyland Paris est reli\u00e9 \u00e0<a href=\"https:\/\/genevaways.com\/fr\/paris\/\"><span style=\"text-decoration: underline;\"> Paris<\/span><\/a>, faisant de la r\u00e9gion une combinaison id\u00e9ale pour les voyages en famille et de loisirs. Tandis que Disneyland Paris propose une exp\u00e9rience de parc \u00e0 th\u00e8me totalement immersive con\u00e7ue pour tous les \u00e2ges, Paris offre un cadre culturel plus large avec des monuments de classe mondiale, des mus\u00e9es, des quartiers commer\u00e7ants et des options de restauration. Vous pouvez choisir de combiner votre visite \u00e0 Disneyland Paris avec du temps \u00e0 Paris, avant ou apr\u00e8s votre s\u00e9jour au parc. Un transfert priv\u00e9 de l\u2019a\u00e9roport de Gen\u00e8ve \u00e0 Disneyland Paris permet aux voyageurs d\u2019arriver directement dans l\u2019univers Disney tout en conservant la flexibilit\u00e9 de prolonger leur voyage \u00e0 Paris, cr\u00e9ant un itin\u00e9raire \u00e9quilibr\u00e9 qui m\u00eale divertissement et d\u00e9couverte culturelle; des informations officielles pour les visiteurs \u00e0 propos de Paris sont disponibles via <a class=\"decorated-link\" href=\"https:\/\/parisjetaime.com\/eng\/\" target=\"_new\" rel=\"noopener\" data-start=\"5733\" data-end=\"5762\">https:\/\/parisjetaime.com\/eng\/<\/a>.<\/p>\n<ol start=\"9\" data-start=\"5765\" data-end=\"5788\">\n<li data-start=\"5765\" data-end=\"5788\">\n<h3 data-start=\"5768\" data-end=\"5788\">Derni\u00e8res r\u00e9flexions<\/h3>\n<\/li>\n<\/ol>\n<p data-start=\"5790\" data-end=\"6035\">Commencez votre aventure Disney magique avec un transfert sans stress depuis l\u2019a\u00e9roport de Gen\u00e8ve. Que vous optiez pour l\u2019\u00e9l\u00e9gance de la Mercedes E-Class ou l\u2019espace du bus Mercedes 16 places, nos services sont con\u00e7us pour d\u00e9passer vos attentes.<\/p>\n<p data-start=\"6037\" data-end=\"6105\" data-is-last-node=\"\" data-is-only-node=\"\">R\u00e9servez votre transfert d\u00e8s aujourd\u2019hui et d\u00e9couvrez la diff\u00e9rence!<\/p>\n<p>[\/vc_column_text][\/vc_column][\/vc_row][vc_row][vc_column][vc_empty_space height=&#8221;70px&#8221;][\/vc_column][\/vc_row]<\/p>\n<\/div>","protected":false},"excerpt":{"rendered":"<p>[vc_row type=&#8221;full_width_section&#8221;][vc_column][vc_column_text] Services de transfert premium de l\u2019a\u00e9roport de Gen\u00e8ve \u00e0 Disneyland avec v\u00e9hicules Mercedes Introduction Lors de la planification d\u2019un voyage sans accroc de l\u2019a\u00e9roport de Gen\u00e8ve \u00e0 Disneyland, le confort, le luxe et la fiabilit\u00e9 sont des priorit\u00e9s absolues. Nos services de transfert exclusifs sont con\u00e7us pour r\u00e9pondre \u00e0 ces besoins, en proposant<\/p>\n","protected":false},"author":4,"featured_media":0,"parent":0,"menu_order":0,"comment_status":"closed","ping_status":"closed","template":"","meta":{"footnotes":""},"class_list":["post-5209","page","type-page","status-publish","hentry"],"_links":{"self":[{"href":"https:\/\/genevaways.com\/fr\/wp-json\/wp\/v2\/pages\/5209","targetHints":{"allow":["GET"]}}],"collection":[{"href":"https:\/\/genevaways.com\/fr\/wp-json\/wp\/v2\/pages"}],"about":[{"href":"https:\/\/genevaways.com\/fr\/wp-json\/wp\/v2\/types\/page"}],"author":[{"embeddable":true,"href":"https:\/\/genevaways.com\/fr\/wp-json\/wp\/v2\/users\/4"}],"replies":[{"embeddable":true,"href":"https:\/\/genevaways.com\/fr\/wp-json\/wp\/v2\/comments?post=5209"}],"version-history":[{"count":6,"href":"https:\/\/genevaways.com\/fr\/wp-json\/wp\/v2\/pages\/5209\/revisions"}],"predecessor-version":[{"id":7117,"href":"https:\/\/genevaways.com\/fr\/wp-json\/wp\/v2\/pages\/5209\/revisions\/7117"}],"wp:attachment":[{"href":"https:\/\/genevaways.com\/fr\/wp-json\/wp\/v2\/media?parent=5209"}],"curies":[{"name":"wp","href":"https:\/\/api.w.org\/{rel}","templated":true}]}}