{"id":5214,"date":"2024-12-16T16:09:04","date_gmt":"2024-12-16T15:09:04","guid":{"rendered":"https:\/\/genevaways.com\/davos\/"},"modified":"2026-01-31T04:07:25","modified_gmt":"2026-01-31T03:07:25","slug":"davos","status":"publish","type":"page","link":"https:\/\/genevaways.com\/fr\/davos\/","title":{"rendered":"Davos"},"content":{"rendered":"<div class=\"wpb-content-wrapper\"><p>[vc_row type=&#8221;full_width_section&#8221;][vc_column]<h3 class=\"center-title\">Transfert de Gen\u00e8ve vers Davos<br \/>\n<\/h3><div class=\"title-block2\"><\/div>[vc_column_text]<\/p>\n<p data-start=\"0\" data-end=\"646\">Transferts de l\u2019a\u00e9roport de Gen\u00e8ve \u00e0 Davos avec flotte Mercedes<br \/>\nLorsque vous planifiez votre voyage \u00e0 Davos, en Suisse, garantir un transfert fluide et luxueux depuis <a href=\"https:\/\/www.gva.ch\/en\/\" target=\"_blank\" rel=\"noopener\">l\u2019a\u00e9roport de Gen\u00e8ve<\/a> est essentiel. Nos services de transfert premium avec une flotte \u00e9tendue de v\u00e9hicules Mercedes offrent un confort, un style et une fiabilit\u00e9 in\u00e9gal\u00e9s. Que vous voyagiez seul, en famille ou au sein d\u2019un groupe plus important, nous avons la solution de transport id\u00e9ale, adapt\u00e9e \u00e0 vos besoins. Profitez d\u2019un voyage sans accroc avec Mercedes E-Class, V-Class, S-Class, Maybach ou un bus Mercedes 16 passagers, con\u00e7u pour \u00e9lever votre trajet au niveau sup\u00e9rieur.<\/p>\n<h3 data-start=\"648\" data-end=\"700\">Transferts Mercedes premium: une excellence in\u00e9gal\u00e9e<\/h3>\n<h4 data-start=\"702\" data-end=\"753\">A\u00e9roport de Gen\u00e8ve vers Davos avec Mercedes E-Class<\/h4>\n<p data-start=\"755\" data-end=\"1200\">Choisissez notre transfert de l\u2019a\u00e9roport de Gen\u00e8ve \u00e0 Davos avec Mercedes E-Class pour une exp\u00e9rience de voyage \u00e9l\u00e9gante, sophistiqu\u00e9e et efficace. La E-Class est un choix id\u00e9al pour les professionnels ou les couples recherchant un trajet premium. Avec des \u00e9quipements de s\u00e9curit\u00e9 avanc\u00e9s, un int\u00e9rieur spacieux et une technologie de pointe, ce mod\u00e8le garantit un transfert fluide et \u00e9l\u00e9gant de l\u2019a\u00e9roport de Gen\u00e8ve \u00e0 Davos avec Mercedes E-Class.<\/p>\n<h4 data-start=\"1202\" data-end=\"1253\">A\u00e9roport de Gen\u00e8ve vers Davos avec Mercedes V-Class<\/h4>\n<p data-start=\"1255\" data-end=\"1661\">Pour les familles ou les petits groupes, le transfert de l\u2019a\u00e9roport de Gen\u00e8ve \u00e0 Davos avec Mercedes V-Class offre un espace g\u00e9n\u00e9reux et un confort exceptionnel. Avec de la place pour jusqu\u2019\u00e0 7 passagers et une grande capacit\u00e9 de bagages, ce van luxueux allie praticit\u00e9 et \u00e9l\u00e9gance. Votre transfert de l\u2019a\u00e9roport de Gen\u00e8ve \u00e0 Davos avec Mercedes V-Class garantit un trajet sans stress dans un confort absolu.<\/p>\n<h4 data-start=\"1663\" data-end=\"1714\">A\u00e9roport de Gen\u00e8ve vers Davos avec Mercedes S-Class<\/h4>\n<p data-start=\"1716\" data-end=\"2140\">Offrez-vous le luxe ultime avec notre transfert de l\u2019a\u00e9roport de Gen\u00e8ve \u00e0 Davos avec Mercedes S-Class. R\u00e9put\u00e9e pour son design raffin\u00e9, ses performances sup\u00e9rieures et ses caract\u00e9ristiques de pointe, la S-Class est parfaite pour les voyageurs exigeants. D\u00e8s l\u2019instant o\u00f9 vous montez \u00e0 bord de la S-Class, votre transfert de l\u2019a\u00e9roport de Gen\u00e8ve \u00e0 Davos avec Mercedes S-Class devient une exp\u00e9rience de sophistication absolue.<\/p>\n<h4 data-start=\"2142\" data-end=\"2193\">A\u00e9roport de Gen\u00e8ve vers Davos avec Mercedes Maybach<\/h4>\n<p data-start=\"2195\" data-end=\"2578\">Vivez un luxe incomparable avec le transfert de l\u2019a\u00e9roport de Gen\u00e8ve \u00e0 Davos avec Mercedes Maybach. V\u00e9ritable sommet de l\u2019opulence et de l\u2019exclusivit\u00e9, la Maybach garantit que votre voyage n\u2019est pas seulement confortable, mais extraordinaire. Choisissez le transfert de l\u2019a\u00e9roport de Gen\u00e8ve \u00e0 Davos avec Mercedes Maybach pour une exp\u00e9rience de voyage d\u2019\u00e9lite, pens\u00e9e \u00e0 la perfection.<\/p>\n<h4 data-start=\"2580\" data-end=\"2640\">A\u00e9roport de Gen\u00e8ve vers Davos avec bus Mercedes 16 passagers<\/h4>\n<p data-start=\"2642\" data-end=\"3095\">Pour les groupes plus importants, notre transfert de l\u2019a\u00e9roport de Gen\u00e8ve \u00e0 Davos avec un bus Mercedes 16 passagers offre la solution id\u00e9ale. Con\u00e7u avec des si\u00e8ges spacieux et des \u00e9quipements modernes, ce v\u00e9hicule assure \u00e0 tous de voyager dans le confort et le style. Optez pour le transfert de l\u2019a\u00e9roport de Gen\u00e8ve \u00e0 Davos avec un bus Mercedes 16 passagers pour garder votre groupe r\u00e9uni tout en profitant d\u2019une exp\u00e9rience de voyage de premi\u00e8re classe.<\/p>\n<h3 data-start=\"3097\" data-end=\"3140\">Pourquoi choisir nos services de transfert?<\/h3>\n<ol data-start=\"3142\" data-end=\"3930\">\n<li data-start=\"3142\" data-end=\"3311\">\n<p data-start=\"3145\" data-end=\"3311\">Ponctualit\u00e9 et fiabilit\u00e9: Nos chauffeurs professionnels assurent des prises en charge et des d\u00e9poses ponctuelles pour votre transfert de l\u2019a\u00e9roport de Gen\u00e8ve \u00e0 Davos.<\/p>\n<\/li>\n<li data-start=\"3312\" data-end=\"3451\">\n<p data-start=\"3315\" data-end=\"3451\">Options de flotte de luxe: De la E-Class \u00e0 la Maybach, nous proposons une gamme de v\u00e9hicules Mercedes premium adapt\u00e9s \u00e0 vos pr\u00e9f\u00e9rences.<\/p>\n<\/li>\n<li data-start=\"3452\" data-end=\"3607\">\n<p data-start=\"3455\" data-end=\"3607\">La s\u00e9curit\u00e9 avant tout: Nos v\u00e9hicules sont \u00e9quip\u00e9s de dispositifs de s\u00e9curit\u00e9 \u00e0 la pointe, garantissant votre tranquillit\u00e9 d\u2019esprit durant votre voyage.<\/p>\n<\/li>\n<li data-start=\"3608\" data-end=\"3762\">\n<p data-start=\"3611\" data-end=\"3762\">Chauffeurs professionnels: Des chauffeurs form\u00e9s et multilingues offrent un service exceptionnel pour chaque transfert de l\u2019a\u00e9roport de Gen\u00e8ve \u00e0 Davos.<\/p>\n<\/li>\n<li data-start=\"3763\" data-end=\"3930\">\n<p data-start=\"3766\" data-end=\"3930\">Services personnalisables: Que vous ayez besoin de si\u00e8ges enfants, d\u2019arr\u00eats suppl\u00e9mentaires ou d\u2019itin\u00e9raires sur mesure, nous r\u00e9pondons \u00e0 vos exigences sp\u00e9cifiques.<\/p>\n<\/li>\n<\/ol>\n<h3 data-start=\"3932\" data-end=\"3960\">Aper\u00e7u d\u00e9taill\u00e9 de la flotte<\/h3>\n<h4 data-start=\"3962\" data-end=\"3992\">Transferts en Mercedes E-Class<\/h4>\n<p data-start=\"3994\" data-end=\"4387\">Pour une touche d\u2019\u00e9l\u00e9gance, optez pour notre transfert de l\u2019a\u00e9roport de Gen\u00e8ve \u00e0 Davos avec Mercedes E-Class. Ce mod\u00e8le offre un m\u00e9lange harmonieux de luxe et de praticit\u00e9, en faisant un favori des voyageurs d\u2019affaires comme de loisirs. Qu\u2019il s\u2019agisse d\u2019un voyage en solo ou d\u2019une escapade en couple, le transfert de l\u2019a\u00e9roport de Gen\u00e8ve \u00e0 Davos avec Mercedes E-Class offre un confort in\u00e9gal\u00e9.<\/p>\n<h4 data-start=\"4389\" data-end=\"4419\">Transferts en <a href=\"https:\/\/genevaways.com\/fr\/fleet\/mercedes-v-class\/\">Mercedes V-Class<\/a><\/h4>\n<p data-start=\"4421\" data-end=\"4773\">Lorsque vous voyagez en famille ou en petit groupe, la spacieuse Mercedes V-Class est un excellent choix. Notre transfert de l\u2019a\u00e9roport de Gen\u00e8ve \u00e0 Davos avec Mercedes V-Class offre confort, flexibilit\u00e9 et de l\u2019espace pour l\u2019ensemble de votre groupe, bagages compris. Profitez du trajet avec des vues panoramiques et des \u00e9quipements de premi\u00e8re classe.<\/p>\n<h4 data-start=\"4775\" data-end=\"4805\">Transferts en Mercedes S-Class<\/h4>\n<p data-start=\"4807\" data-end=\"5148\">Entrez dans un univers de raffinement avec notre transfert de l\u2019a\u00e9roport de Gen\u00e8ve \u00e0 Davos avec Mercedes S-Class. Con\u00e7u pour ceux qui appr\u00e9cient les belles choses de la vie, ce v\u00e9hicule garantit un trajet luxueux et serein. Le transfert de l\u2019a\u00e9roport de Gen\u00e8ve \u00e0 Davos avec Mercedes S-Class est un t\u00e9moignage de confort et de sophistication.<\/p>\n<h4 data-start=\"5150\" data-end=\"5180\">Transferts en Mercedes Maybach<\/h4>\n<p data-start=\"5182\" data-end=\"5496\">Pour les voyageurs recherchant l\u2019exclusivit\u00e9 et un luxe de premier ordre, la Maybach est le choix ultime. Notre transfert de l\u2019a\u00e9roport de Gen\u00e8ve \u00e0 Davos avec Mercedes Maybach red\u00e9finit l\u2019\u00e9l\u00e9gance et la classe. Arrivez \u00e0 Davos repos\u00e9 et choy\u00e9, en sachant que chaque d\u00e9tail de votre voyage a \u00e9t\u00e9 planifi\u00e9 avec soin.<\/p>\n<h4 data-start=\"5498\" data-end=\"5537\">Transferts en bus Mercedes 16 passagers<\/h4>\n<p data-start=\"5539\" data-end=\"5834\">Parfait pour les grands groupes, le transfert de l\u2019a\u00e9roport de Gen\u00e8ve \u00e0 Davos avec un bus Mercedes 16 passagers offre \u00e0 la fois espace et praticit\u00e9. Voyagez ensemble dans un v\u00e9hicule con\u00e7u pour le confort de groupe, afin que chacun arrive \u00e0 destination d\u00e9tendu et pr\u00eat pour son aventure \u00e0 Davos.<\/p>\n<h3 data-start=\"5836\" data-end=\"5890\">Solutions de transfert sur mesure pour chaque occasion<\/h3>\n<p data-start=\"5892\" data-end=\"6475\">Que vous visitiez Davos pour affaires, loisirs ou un \u00e9v\u00e9nement sp\u00e9cial, nos options de transfert compl\u00e8tes garantissent une exp\u00e9rience sans accroc. Choisissez le transfert de l\u2019a\u00e9roport de Gen\u00e8ve \u00e0 Davos avec Mercedes E-Class pour les d\u00e9placements ex\u00e9cutifs, ou le transfert de l\u2019a\u00e9roport de Gen\u00e8ve \u00e0 Davos avec Mercedes V-Class pour les vacances en famille. Pour un luxe ultime, offrez-vous le transfert de l\u2019a\u00e9roport de Gen\u00e8ve \u00e0 Davos avec Mercedes Maybach, et pour les voyages en groupe, s\u00e9lectionnez le transfert de l\u2019a\u00e9roport de Gen\u00e8ve \u00e0 Davos avec un bus Mercedes 16 passagers.<\/p>\n<h3 data-start=\"6477\" data-end=\"6492\">Autour de Davos<\/h3>\n<p data-start=\"6494\" data-end=\"7378\">Situ\u00e9e dans le canton des Grisons, Davos est \u00e9troitement li\u00e9e \u00e0 <span style=\"text-decoration: underline;\"><a href=\"https:\/\/genevaways.com\/fr\/zurich\/\">Zurich<\/a>,<\/span> la plus grande ville de Suisse et l\u2019un des principaux p\u00f4les de transport et d\u2019affaires du pays. Alors que Davos est surtout connue pour son cadre alpin, ses conf\u00e9rences internationales et son mode de vie montagnard toute l\u2019ann\u00e9e, Zurich offre un environnement urbain contrast\u00e9 avec une connectivit\u00e9 mondiale, des institutions culturelles et de grands axes de transport. Vous pouvez vous rendre \u00e0 Davos via Zurich avant de continuer vers les Alpes, ce qui relie naturellement les deux destinations au sein du r\u00e9seau de transport suisse. En combinant Davos et Zurich, vous profitez \u00e0 la fois de paysages d\u2019altitude et d\u2019un centre m\u00e9tropolitain dynamique; des informations officielles pour les visiteurs \u00e0 propos de Zurich sont disponibles sur le site touristique de la ville \u00e0 l\u2019adresse <a class=\"decorated-link\" href=\"https:\/\/www.zuerich.com\/en\" target=\"_new\" rel=\"noopener\" data-start=\"7351\" data-end=\"7377\">https:\/\/www.zuerich.com\/en<\/a>.<\/p>\n<h3 data-start=\"7380\" data-end=\"7419\">R\u00e9server votre transfert Gen\u00e8ve \u2013 Davos<\/h3>\n<p data-start=\"7421\" data-end=\"7798\">R\u00e9server votre transfert de l\u2019a\u00e9roport de Gen\u00e8ve \u00e0 Davos n\u2019a jamais \u00e9t\u00e9 aussi simple. Notre plateforme en ligne conviviale vous permet de choisir votre v\u00e9hicule pr\u00e9f\u00e9r\u00e9, l\u2019horaire, ainsi que des services additionnels en quelques \u00e9tapes simples. Profitez d\u2019une tarification transparente sans frais cach\u00e9s, pour une tranquillit\u00e9 d\u2019esprit lors de la planification de votre voyage.<\/p>\n<h3 data-start=\"7800\" data-end=\"7810\">Conclusion<\/h3>\n<p data-start=\"7812\" data-end=\"8333\" data-is-last-node=\"\" data-is-only-node=\"\">Embarquez pour un voyage de luxe et de confort avec nos services de transfert exclusifs de l\u2019a\u00e9roport de Gen\u00e8ve \u00e0 Davos. Que vous choisissiez le transfert de l\u2019a\u00e9roport de Gen\u00e8ve \u00e0 Davos avec Mercedes E-Class, la spacieuse Mercedes V-Class, la raffin\u00e9e Mercedes S-Class, la prestigieuse Mercedes Maybach, ou le bus Mercedes 16 passagers adapt\u00e9 aux groupes, nous garantissons une exp\u00e9rience qui d\u00e9passe vos attentes. Faites-nous confiance pour rendre votre voyage \u00e0 Davos aussi extraordinaire que la destination elle-m\u00eame.<\/p>\n<p>[\/vc_column_text][\/vc_column][\/vc_row][vc_row][vc_column][vc_empty_space height=&#8221;70px&#8221;][\/vc_column][\/vc_row]<\/p>\n<\/div>","protected":false},"excerpt":{"rendered":"<p>[vc_row type=&#8221;full_width_section&#8221;][vc_column][vc_column_text] Transferts de l\u2019a\u00e9roport de Gen\u00e8ve \u00e0 Davos avec flotte Mercedes Lorsque vous planifiez votre voyage \u00e0 Davos, en Suisse, garantir un transfert fluide et luxueux depuis l\u2019a\u00e9roport de Gen\u00e8ve est essentiel. Nos services de transfert premium avec une flotte \u00e9tendue de v\u00e9hicules Mercedes offrent un confort, un style et une fiabilit\u00e9 in\u00e9gal\u00e9s. Que<\/p>\n","protected":false},"author":4,"featured_media":0,"parent":0,"menu_order":0,"comment_status":"closed","ping_status":"closed","template":"","meta":{"footnotes":""},"class_list":["post-5214","page","type-page","status-publish","hentry"],"_links":{"self":[{"href":"https:\/\/genevaways.com\/fr\/wp-json\/wp\/v2\/pages\/5214","targetHints":{"allow":["GET"]}}],"collection":[{"href":"https:\/\/genevaways.com\/fr\/wp-json\/wp\/v2\/pages"}],"about":[{"href":"https:\/\/genevaways.com\/fr\/wp-json\/wp\/v2\/types\/page"}],"author":[{"embeddable":true,"href":"https:\/\/genevaways.com\/fr\/wp-json\/wp\/v2\/users\/4"}],"replies":[{"embeddable":true,"href":"https:\/\/genevaways.com\/fr\/wp-json\/wp\/v2\/comments?post=5214"}],"version-history":[{"count":7,"href":"https:\/\/genevaways.com\/fr\/wp-json\/wp\/v2\/pages\/5214\/revisions"}],"predecessor-version":[{"id":7116,"href":"https:\/\/genevaways.com\/fr\/wp-json\/wp\/v2\/pages\/5214\/revisions\/7116"}],"wp:attachment":[{"href":"https:\/\/genevaways.com\/fr\/wp-json\/wp\/v2\/media?parent=5214"}],"curies":[{"name":"wp","href":"https:\/\/api.w.org\/{rel}","templated":true}]}}