{"id":5223,"date":"2024-12-16T16:15:52","date_gmt":"2024-12-16T15:15:52","guid":{"rendered":"https:\/\/genevaways.com\/evian-les-bains\/"},"modified":"2026-01-31T04:10:35","modified_gmt":"2026-01-31T03:10:35","slug":"evian-les-bains","status":"publish","type":"page","link":"https:\/\/genevaways.com\/fr\/evian-les-bains\/","title":{"rendered":"Evian-les-Bains"},"content":{"rendered":"<div class=\"wpb-content-wrapper\"><p>[vc_row][vc_column]<h3 class=\"center-title\">Transfert de Gen\u00e8ve vers \u00c9vian-les-Bains<br \/>\n<\/h3><div class=\"title-block2\"><\/div>[\/vc_column][\/vc_row][vc_row][vc_column][vc_column_text]<\/p>\n<h3 data-start=\"0\" data-end=\"95\">Services de transfert premium de l\u2019a\u00e9roport de Gen\u00e8ve vers \u00c9vian avec des v\u00e9hicules Mercedes<\/h3>\n<p data-start=\"97\" data-end=\"446\">Lorsque vous voyagez de <a href=\"https:\/\/www.gva.ch\/en\/\" target=\"_blank\" rel=\"noopener\">l\u2019a\u00e9roport de Gen\u00e8ve<\/a> vers \u00c9vian, vous m\u00e9ritez une exp\u00e9rience de transfert alliant luxe, confort et fiabilit\u00e9. Nos services de transport premium proposent une s\u00e9lection de v\u00e9hicules Mercedes adapt\u00e9s \u00e0 vos besoins sp\u00e9cifiques. Que vous voyagiez seul(e), en famille ou en groupe, nous avons la solution id\u00e9ale pour votre trajet.<\/p>\n<hr data-start=\"448\" data-end=\"451\" \/>\n<h3 data-start=\"453\" data-end=\"529\">Transferts de luxe de l\u2019a\u00e9roport de Gen\u00e8ve vers \u00c9vian en Mercedes E-Class<\/h3>\n<p data-start=\"531\" data-end=\"919\">Si vous recherchez un trajet \u00e9l\u00e9gant et confortable, la Mercedes E-Class est un excellent choix. Gr\u00e2ce \u00e0 son int\u00e9rieur raffin\u00e9, ses \u00e9quipements avanc\u00e9s et sa conduite fluide, vous profiterez d\u2019un transfert sans encombre de l\u2019a\u00e9roport de Gen\u00e8ve vers \u00c9vian en Mercedes E-Class. Cette option est id\u00e9ale pour les voyageurs d\u2019affaires ou les couples qui privil\u00e9gient la discr\u00e9tion et le style.<\/p>\n<hr data-start=\"921\" data-end=\"924\" \/>\n<h3 data-start=\"926\" data-end=\"1015\">Transferts spacieux et confortables de l\u2019a\u00e9roport de Gen\u00e8ve vers \u00c9vian en Mercedes Van<\/h3>\n<p data-start=\"1017\" data-end=\"1398\">Pour les familles ou les groupes plus nombreux, le Mercedes Van offre beaucoup d\u2019espace sans compromis sur le luxe. Sa configuration de si\u00e8ges polyvalente et sa grande capacit\u00e9 de bagages garantissent \u00e0 chacun un transfert confortable de l\u2019a\u00e9roport de Gen\u00e8ve vers \u00c9vian en Mercedes Van. C\u2019est la solution parfaite pour les voyageurs en groupe qui recherchent praticit\u00e9 et \u00e9l\u00e9gance.<\/p>\n<hr data-start=\"1400\" data-end=\"1403\" \/>\n<h3 data-start=\"1405\" data-end=\"1483\">Transferts ex\u00e9cutifs de l\u2019a\u00e9roport de Gen\u00e8ve vers \u00c9vian en Mercedes V-Class<\/h3>\n<p data-start=\"1485\" data-end=\"1873\">La Mercedes V-Class combine sophistication et praticit\u00e9, ce qui en fait le v\u00e9hicule id\u00e9al pour les transferts ex\u00e9cutifs ou familiaux. Profitez d\u2019une exp\u00e9rience premium avec un int\u00e9rieur spacieux et des \u00e9quipements high-tech pendant votre transfert de l\u2019a\u00e9roport de Gen\u00e8ve vers \u00c9vian en <a href=\"https:\/\/genevaways.com\/fr\/fleet\/mercedes-v-class\/\">Mercedes V-Class.<\/a> Cette option est con\u00e7ue pour les voyageurs qui privil\u00e9gient le luxe et l\u2019efficacit\u00e9.<\/p>\n<hr data-start=\"1875\" data-end=\"1878\" \/>\n<h3 data-start=\"1880\" data-end=\"1964\">Transferts premi\u00e8re classe de l\u2019a\u00e9roport de Gen\u00e8ve vers \u00c9vian en Mercedes S-Class<\/h3>\n<p data-start=\"1966\" data-end=\"2312\">Pour les voyageurs qui exigent le meilleur, la Mercedes S-Class \u00e9tablit la r\u00e9f\u00e9rence du transport de luxe. Avec son design haut de gamme et ses technologies de pointe, elle offre un transfert in\u00e9gal\u00e9 de l\u2019a\u00e9roport de Gen\u00e8ve vers \u00c9vian en Mercedes S-Class. Choisissez cette option pour une exp\u00e9rience premium qui refl\u00e8te votre go\u00fbt du raffinement.<\/p>\n<hr data-start=\"2314\" data-end=\"2317\" \/>\n<h3 data-start=\"2319\" data-end=\"2402\">Transferts de luxe ultime de l\u2019a\u00e9roport de Gen\u00e8ve vers \u00c9vian en Mercedes Maybach<\/h3>\n<p data-start=\"2404\" data-end=\"2702\">Quand seul le summum du luxe suffit, la Mercedes Maybach est le choix id\u00e9al. Ce v\u00e9hicule red\u00e9finit l\u2019\u00e9l\u00e9gance et le confort, en proposant une exp\u00e9rience sur mesure pour votre transfert de l\u2019a\u00e9roport de Gen\u00e8ve vers \u00c9vian en Mercedes Maybach. Vivez l\u2019apog\u00e9e du raffinement pour un trajet inoubliable.<\/p>\n<hr data-start=\"2704\" data-end=\"2707\" \/>\n<h3 data-start=\"2709\" data-end=\"2793\">Transferts en groupe de l\u2019a\u00e9roport de Gen\u00e8ve vers \u00c9vian en bus Mercedes 16 places<\/h3>\n<p data-start=\"2795\" data-end=\"3160\">Pour les grands groupes ou les \u00e9v\u00e9nements d\u2019entreprise, le bus Mercedes 16 places offre un \u00e9quilibre parfait entre confort et praticit\u00e9. Avec des si\u00e8ges spacieux et des \u00e9quipements modernes, ce v\u00e9hicule assure un transfert fluide et pratique de l\u2019a\u00e9roport de Gen\u00e8ve vers \u00c9vian en bus Mercedes 16 places. Id\u00e9al pour les groupes qui recherchent un trajet sans stress.<\/p>\n<hr data-start=\"3162\" data-end=\"3165\" \/>\n<h3 data-start=\"3167\" data-end=\"3249\">Pourquoi choisir nos services de transfert de l\u2019a\u00e9roport de Gen\u00e8ve vers \u00c9vian ?<\/h3>\n<ol data-start=\"3251\" data-end=\"3863\">\n<li data-start=\"3251\" data-end=\"3380\">\n<p data-start=\"3254\" data-end=\"3380\"><strong data-start=\"3254\" data-end=\"3285\">Chauffeurs professionnels :<\/strong> Tous nos chauffeurs sont exp\u00e9riment\u00e9s, courtois et multilingues, pour un trajet sans stress.<\/p>\n<\/li>\n<li data-start=\"3381\" data-end=\"3495\">\n<p data-start=\"3384\" data-end=\"3495\"><strong data-start=\"3384\" data-end=\"3407\">Service \u00e0 l\u2019heure :<\/strong> Nous privil\u00e9gions la ponctualit\u00e9 afin de garantir un transfert fluide et sans tracas.<\/p>\n<\/li>\n<li data-start=\"3496\" data-end=\"3637\">\n<p data-start=\"3499\" data-end=\"3637\"><strong data-start=\"3499\" data-end=\"3529\">Large choix de v\u00e9hicules :<\/strong> Des berlines ex\u00e9cutives aux bus spacieux, nous proposons divers v\u00e9hicules Mercedes adapt\u00e9s \u00e0 vos besoins.<\/p>\n<\/li>\n<li data-start=\"3638\" data-end=\"3778\">\n<p data-start=\"3641\" data-end=\"3778\"><strong data-start=\"3641\" data-end=\"3671\">Options personnalisables :<\/strong> Que vous ayez besoin d\u2019un aller simple ou d\u2019un aller-retour, nous ajustons nos services \u00e0 vos exigences.<\/p>\n<\/li>\n<li data-start=\"3779\" data-end=\"3863\">\n<p data-start=\"3782\" data-end=\"3863\"><strong data-start=\"3782\" data-end=\"3806\">Tarifs comp\u00e9titifs :<\/strong> Profitez d\u2019un transport de luxe \u00e0 des prix raisonnables.<\/p>\n<\/li>\n<\/ol>\n<hr data-start=\"3865\" data-end=\"3868\" \/>\n<h3 data-start=\"3870\" data-end=\"3918\">Options de transfert adapt\u00e9es \u00e0 chaque besoin<\/h3>\n<ul data-start=\"3920\" data-end=\"4423\">\n<li data-start=\"3920\" data-end=\"4083\">\n<p data-start=\"3922\" data-end=\"4083\"><strong data-start=\"3922\" data-end=\"3953\">Transferts professionnels :<\/strong> Impressionnez vos clients avec un transfert \u00e9l\u00e9gant de l\u2019a\u00e9roport de Gen\u00e8ve vers \u00c9vian en Mercedes E-Class ou Mercedes S-Class.<\/p>\n<\/li>\n<li data-start=\"4084\" data-end=\"4191\">\n<p data-start=\"4086\" data-end=\"4191\"><strong data-start=\"4086\" data-end=\"4111\">Vacances en famille :<\/strong> Voyagez confortablement avec vos proches en Mercedes Van ou Mercedes V-Class.<\/p>\n<\/li>\n<li data-start=\"4192\" data-end=\"4295\">\n<p data-start=\"4194\" data-end=\"4295\"><strong data-start=\"4194\" data-end=\"4220\">\u00c9v\u00e9nements de groupe :<\/strong> Choisissez le bus Mercedes 16 places pour un transport de groupe fluide.<\/p>\n<\/li>\n<li data-start=\"4296\" data-end=\"4423\">\n<p data-start=\"4298\" data-end=\"4423\"><strong data-start=\"4298\" data-end=\"4316\">Services VIP :<\/strong> Offrez-vous un luxe incomparable avec un transfert de l\u2019a\u00e9roport de Gen\u00e8ve vers \u00c9vian en Mercedes Maybach.<\/p>\n<\/li>\n<\/ul>\n<hr data-start=\"4425\" data-end=\"4428\" \/>\n<h3>\u00c0 d\u00e9couvrir autour d\u2019\u00c9vian-les-Bains<\/h3>\n<p data-start=\"4471\" data-end=\"5458\">Situ\u00e9e sur la rive sud du lac L\u00e9man, \u00c9vian-les-Bains entretient un lien \u00e9troit et naturel avec <a href=\"https:\/\/genevaways.com\/fr\/thonon-les-bains\/\"><span style=\"text-decoration: underline;\">Thonon-les-Bains<\/span>,<\/a> une autre destination lacustre importante dans la r\u00e9gion du Chablais. Alors qu\u2019\u00c9vian-les-Bains est reconnue internationalement pour son patrimoine thermal, ses h\u00f4tels de luxe et son atmosph\u00e8re raffin\u00e9e au bord de l\u2019eau, Thonon-les-Bains offre un cadre compl\u00e9mentaire avec sa marina, ses connexions portuaires et un caract\u00e8re plus r\u00e9sidentiel. Si vous s\u00e9journez \u00e0 \u00c9vian-les-Bains, vous pouvez facilement circuler entre les deux villes pour les sorties, l\u2019h\u00e9bergement ou les d\u00e9placements, rendant les transferts priv\u00e9s particuli\u00e8rement pratiques le long du rivage l\u00e9manique. Cette proximit\u00e9 permet aux visiteurs de profiter des deux destinations lors d\u2019un m\u00eame s\u00e9jour, en combinant bien-\u00eatre, paysages lacustres et mobilit\u00e9 r\u00e9gionale ; des informations touristiques officielles sur Thonon-les-Bains sont disponibles sur le site de la ville : <a class=\"decorated-link\" href=\"https:\/\/www.thononlesbains.com\/en\" target=\"_new\" rel=\"noopener\" data-start=\"5424\" data-end=\"5457\">https:\/\/www.thononlesbains.com\/en<\/a>.<\/p>\n<hr data-start=\"5460\" data-end=\"5463\" \/>\n<h3 data-start=\"5465\" data-end=\"5543\">R\u00e9servez votre transfert de l\u2019a\u00e9roport de Gen\u00e8ve vers \u00c9vian d\u00e8s aujourd\u2019hui<\/h3>\n<p data-start=\"5545\" data-end=\"5864\" data-is-last-node=\"\" data-is-only-node=\"\">R\u00e9server votre transfert avec nous est simple et sans tracas. Que vous choisissiez l\u2019\u00e9l\u00e9gance de la Mercedes E-Class, l\u2019espace du Mercedes Van ou le luxe de la Mercedes Maybach, nous garantissons une exp\u00e9rience premium. Faites de votre transfert de l\u2019a\u00e9roport de Gen\u00e8ve vers \u00c9vian un moment inoubliable de votre voyage.<\/p>\n<p>[\/vc_column_text][\/vc_column][\/vc_row]<\/p>\n<\/div>","protected":false},"excerpt":{"rendered":"<p>[vc_row][vc_column][\/vc_column][\/vc_row][vc_row][vc_column][vc_column_text] Services de transfert premium de l\u2019a\u00e9roport de Gen\u00e8ve vers \u00c9vian avec des v\u00e9hicules Mercedes Lorsque vous voyagez de l\u2019a\u00e9roport de Gen\u00e8ve vers \u00c9vian, vous m\u00e9ritez une exp\u00e9rience de transfert alliant luxe, confort et fiabilit\u00e9. Nos services de transport premium proposent une s\u00e9lection de v\u00e9hicules Mercedes adapt\u00e9s \u00e0 vos besoins sp\u00e9cifiques. Que vous voyagiez seul(e),<\/p>\n","protected":false},"author":4,"featured_media":0,"parent":0,"menu_order":0,"comment_status":"closed","ping_status":"closed","template":"","meta":{"footnotes":""},"class_list":["post-5223","page","type-page","status-publish","hentry"],"_links":{"self":[{"href":"https:\/\/genevaways.com\/fr\/wp-json\/wp\/v2\/pages\/5223","targetHints":{"allow":["GET"]}}],"collection":[{"href":"https:\/\/genevaways.com\/fr\/wp-json\/wp\/v2\/pages"}],"about":[{"href":"https:\/\/genevaways.com\/fr\/wp-json\/wp\/v2\/types\/page"}],"author":[{"embeddable":true,"href":"https:\/\/genevaways.com\/fr\/wp-json\/wp\/v2\/users\/4"}],"replies":[{"embeddable":true,"href":"https:\/\/genevaways.com\/fr\/wp-json\/wp\/v2\/comments?post=5223"}],"version-history":[{"count":6,"href":"https:\/\/genevaways.com\/fr\/wp-json\/wp\/v2\/pages\/5223\/revisions"}],"predecessor-version":[{"id":7119,"href":"https:\/\/genevaways.com\/fr\/wp-json\/wp\/v2\/pages\/5223\/revisions\/7119"}],"wp:attachment":[{"href":"https:\/\/genevaways.com\/fr\/wp-json\/wp\/v2\/media?parent=5223"}],"curies":[{"name":"wp","href":"https:\/\/api.w.org\/{rel}","templated":true}]}}