{"id":6896,"date":"2026-01-29T02:37:55","date_gmt":"2026-01-29T01:37:55","guid":{"rendered":"https:\/\/genevaways.com\/?page_id=6896"},"modified":"2026-01-31T04:45:59","modified_gmt":"2026-01-31T03:45:59","slug":"tignes","status":"publish","type":"page","link":"https:\/\/genevaways.com\/fr\/tignes\/","title":{"rendered":"Tignes"},"content":{"rendered":"<div class=\"wpb-content-wrapper\"><p>[vc_row][vc_column]<h3 class=\"center-title\">Transfert de Gen\u00e8ve \u00e0 Tignes<br \/>\n<\/h3><div class=\"title-block2\"><\/div>[\/vc_column][\/vc_row][vc_row][vc_column][vc_column_text]<\/p>\n<div class=\"flex flex-col text-sm pb-25\">\n<article class=\"text-token-text-primary w-full focus:outline-none [--shadow-height:45px] has-data-writing-block:pointer-events-none has-data-writing-block:-mt-(--shadow-height) has-data-writing-block:pt-(--shadow-height) [&amp;:has([data-writing-block])&gt;*]:pointer-events-auto scroll-mt-[calc(var(--header-height)+min(200px,max(70px,20svh)))]\" dir=\"auto\" tabindex=\"-1\" data-turn-id=\"33264977-ae7c-42f9-8502-0dd405d4b3b6\" data-testid=\"conversation-turn-60\" data-scroll-anchor=\"true\" data-turn=\"assistant\">\n<div class=\"text-base my-auto mx-auto pb-10 [--thread-content-margin:--spacing(4)] @w-sm\/main:[--thread-content-margin:--spacing(6)] @w-lg\/main:[--thread-content-margin:--spacing(16)] px-(--thread-content-margin)\">\n<div class=\"[--thread-content-max-width:40rem] @w-lg\/main:[--thread-content-max-width:48rem] mx-auto max-w-(--thread-content-max-width) flex-1 group\/turn-messages focus-visible:outline-hidden relative flex w-full min-w-0 flex-col agent-turn\" tabindex=\"-1\">\n<div class=\"flex max-w-full flex-col grow\">\n<div class=\"min-h-8 text-message relative flex w-full flex-col items-end gap-2 text-start break-words whitespace-normal [.text-message+&amp;]:mt-1\" dir=\"auto\" data-message-author-role=\"assistant\" data-message-id=\"0635a6a7-e9e5-432f-a881-7fb10e63fefd\" data-message-model-slug=\"gpt-5-2-thinking\">\n<div class=\"flex w-full flex-col gap-1 empty:hidden first:pt-[1px]\">\n<div class=\"markdown prose dark:prose-invert w-full wrap-break-word light markdown-new-styling\">\n<p data-start=\"0\" data-end=\"85\">Transferts priv\u00e9s de l\u2019a\u00e9roport de Gen\u00e8ve \u00e0 Tignes .<\/p>\n<p data-start=\"87\" data-end=\"182\">Obtenez votre transfert priv\u00e9 vers Tignes depuis l\u2019a\u00e9roport de Gen\u00e8ve avec Geneva Limousine .<\/p>\n<p data-start=\"184\" data-end=\"254\">Les transferts de Gen\u00e8ve \u00e0 Tignes peuvent \u00eatre r\u00e9serv\u00e9s facilement .<\/p>\n<p data-start=\"256\" data-end=\"617\">Combien co\u00fbte un transfert de Gen\u00e8ve \u00e0 Tignes ?<br data-start=\"303\" data-end=\"306\" \/>Prix des transferts priv\u00e9s de Gen\u00e8ve \u00e0 Tignes \u00e0 partir de 880 CHF<br data-start=\"371\" data-end=\"374\" \/>Combien de temps dure le transfert de Gen\u00e8ve \u00e0 Tignes ?<br data-start=\"429\" data-end=\"432\" \/>Temps des transferts priv\u00e9s de Gen\u00e8ve \u00e0 Tignes : 2h50 minutes<br data-start=\"493\" data-end=\"496\" \/>Quelle est la distance d\u2019un transfert de Gen\u00e8ve \u00e0 Tignes ?<br data-start=\"554\" data-end=\"557\" \/>Distance des transferts priv\u00e9s de Gen\u00e8ve \u00e0 Tignes : 224 km<\/p>\n<p data-start=\"619\" data-end=\"676\">Avantages de nos transferts priv\u00e9s de Gen\u00e8ve \u00e0 Tignes :<\/p>\n<p data-start=\"678\" data-end=\"1661\">1- Wifi gratuit. 2 bouteilles d\u2019eau gratuites. lingettes rafra\u00eechissantes. transport suisse de luxe .<br data-start=\"779\" data-end=\"782\" \/>2- Devis gratuit . Prix fixes et transparents . Porte-\u00e0-porte . S\u00fbr &amp; fiable .<br data-start=\"860\" data-end=\"863\" \/>3- Annulation gratuite &amp; Disponible 24\/7. Assistance par t\u00e9l\u00e9phone ou SMS &amp; Email .<br data-start=\"946\" data-end=\"949\" \/>4- Temps d\u2019attente gratuit 1 heure pour tous les transferts de l\u2019a\u00e9roport de Gen\u00e8ve \u00e0 Villars sur Ollon .<br data-start=\"1054\" data-end=\"1057\" \/>5- Soci\u00e9t\u00e9 suisse officielle . Bas\u00e9e \u00e0 Gen\u00e8ve pr\u00e8s de l\u2019a\u00e9roport de Gen\u00e8ve .<br data-start=\"1133\" data-end=\"1136\" \/>6- Le chauffeur vous accueillera \u00e0 l\u2019a\u00e9roport de Gen\u00e8ve avec une pancarte \u00e0 votre nom .<br data-start=\"1223\" data-end=\"1226\" \/>7- Service de haute qualit\u00e9. Ponctualit\u00e9. Excellents avis. Prix fixes. S\u00e9curit\u00e9 .<br data-start=\"1307\" data-end=\"1310\" \/>8- Commande en ligne rapide . En seulement 3 clics, obtenez votre voiture avec chauffeur \u00e0 Gen\u00e8ve .<br data-start=\"1409\" data-end=\"1412\" \/>9- Nos chauffeurs \u00e0 l\u2019a\u00e9roport de Gen\u00e8ve porteront vos bagages pour vous .<br data-start=\"1486\" data-end=\"1489\" \/>10- Nos tarifs sont fixes &amp; garantis : autoroute, frais, taxes, parking inclus .<br data-start=\"1568\" data-end=\"1571\" \/>11- Chauffeurs exp\u00e9riment\u00e9s. Anglais courant. Bien form\u00e9s. Respect de votre vie priv\u00e9e .<\/p>\n<p data-start=\"1663\" data-end=\"2226\">Tous nos transferts VIP priv\u00e9s vers Tignes ( service limousine ) chez Geneva Ways : nos v\u00e9hicules sont \u00e9quip\u00e9s pour la neige et nous proposons une ligne de service client 24\/7 si vous avez des questions concernant votre transfert vers Tignes. Pr\u00e9-r\u00e9servez ( r\u00e9servez en ligne ) pour voyager l\u2019esprit tranquille et rouler confortablement avec notre service limousine de confiance. R\u00e9servation fiable et facile. Vous recevrez une confirmation instantan\u00e9e de votre r\u00e9servation et vous vous sentirez en s\u00e9curit\u00e9 en sachant que nous nous occupons de votre transfert.<\/p>\n<p data-start=\"2228\" data-end=\"2841\">Geneva Ways propose des services de transferts longue distance priv\u00e9s et professionnels ainsi que la location de voiture avec chauffeur ( service limousine ) dans la vall\u00e9e de Tignes. R\u00e9servez un transfert chauffeur priv\u00e9 ski vers Tignes ( ponctuel, discret, fiable et poli, nos chauffeurs bilingues sont pr\u00eats \u00e0 vous accueillir \u00e0 la montagne. Service VIP ), enti\u00e8rement \u00e9quip\u00e9s de pneus neige chez Geneva Ways. Laissez un chauffeur form\u00e9 professionnellement vous y conduire dans le confort et le luxe, avec suffisamment d\u2019espace pour vous, votre famille, vos amis et tout votre mat\u00e9riel de ski et de snowboard.<\/p>\n<p data-start=\"2843\" data-end=\"3219\">R\u00e9server en ligne un transfert de l\u2019a\u00e9roport de Gen\u00e8ve \u00e0 Tignes avec Geneva Ways Limousine est simple et rapide, cela ne prend que quelques secondes :<br data-start=\"2993\" data-end=\"2996\" \/>1- Entrez les d\u00e9tails de votre trajet .<br data-start=\"3035\" data-end=\"3038\" \/>2- Choisissez votre v\u00e9hicule de luxe dans notre flotte .<br data-start=\"3094\" data-end=\"3097\" \/>3- Payez directement en ligne, c\u2019est fait<br data-start=\"3138\" data-end=\"3141\" \/>vous recevrez une confirmation instantan\u00e9e de votre r\u00e9servation par e-mail .<\/p>\n<p data-start=\"3221\" data-end=\"3573\">Combien co\u00fbte un transfert de Tignes \u00e0 Gen\u00e8ve ?<br data-start=\"3268\" data-end=\"3271\" \/>Transferts priv\u00e9s de Tignes \u00e0 Gen\u00e8ve : prix \u00e0 partir de 880 CHF.<br data-start=\"3335\" data-end=\"3338\" \/>Quelle est la distance d\u2019un transfert de Tignes \u00e0 Gen\u00e8ve ?<br data-start=\"3396\" data-end=\"3399\" \/>Temps des transferts priv\u00e9s de Tignes \u00e0 Gen\u00e8ve : 2h45<br data-start=\"3452\" data-end=\"3455\" \/>Combien de temps dure le transfert de Tignes \u00e0 Gen\u00e8ve ?<br data-start=\"3510\" data-end=\"3513\" \/>Distance des transferts priv\u00e9s de Tignes \u00e0 Gen\u00e8ve : 222 KM<\/p>\n<p data-start=\"3575\" data-end=\"3646\">R\u00e9servez des transferts priv\u00e9s de Gen\u00e8ve \u00e0 Tignes en Mercedes E-Class<\/p>\n<p data-start=\"3648\" data-end=\"4179\">Geneva Ways Limousine vous propose la Mercedes-Benz E-Class avec chauffeur priv\u00e9 \u00e0 Gen\u00e8ve &amp; Tignes comme v\u00e9hicule business id\u00e9al pour tous les transferts priv\u00e9s de Gen\u00e8ve vers la montagne, lorsque vous arrivez de l\u2019a\u00e9roport de Gen\u00e8ve vers votre h\u00f4tel ou chalet \u00e0 Tignes . Nous proposons du transport priv\u00e9 longue distance de luxe en Suisse vers les montagnes des Alpes, des navettes a\u00e9roport de Gen\u00e8ve en E-Class, des transferts business et priv\u00e9s \u00e0 Gen\u00e8ve ou Tignes . Service limousine \u00e0 Gen\u00e8ve ou Tignes avec Mercedes E-Class .<\/p>\n<p data-start=\"4181\" data-end=\"4738\">La location de services limousine Mercedes E-Class \u00e0 Gen\u00e8ve ou Tignes est tr\u00e8s comp\u00e9titive en prix. Nous garantissons une exp\u00e9rience de qualit\u00e9 avec un service fiable. Nos chauffeurs \u00e0 Gen\u00e8ve sont professionnels et connaissent les routes sur le bout des doigts . Les chauffeurs priv\u00e9s Mercedes \u00e0 Gen\u00e8ve &amp; Tignes sont capables de vous transf\u00e9rer vers Tignes en toute s\u00e9curit\u00e9, 100% . Notre mission principale est de prot\u00e9ger votre confidentialit\u00e9 et votre bien-\u00eatre . Si vous avez d\u2019autres questions, appelez-nous \u2013 nous sommes toujours l\u00e0 pour vous aider.<\/p>\n<p data-start=\"4740\" data-end=\"4815\">R\u00e9servez des transferts VIP priv\u00e9s de Gen\u00e8ve \u00e0 Tignes en Mercedes V-Class<\/p>\n<p data-start=\"4817\" data-end=\"5213\">Combien co\u00fbte un transfert de Gen\u00e8ve \u00e0 Tignes en minivan ?<br data-start=\"4875\" data-end=\"4878\" \/>Prix des transferts priv\u00e9s de Gen\u00e8ve \u00e0 Tignes : \u00e0 partir de 880 CHF<br data-start=\"4945\" data-end=\"4948\" \/>Combien de temps dure le transfert de Gen\u00e8ve \u00e0 Tignes en minivan ?<br data-start=\"5014\" data-end=\"5017\" \/>Temps des transferts priv\u00e9s de Gen\u00e8ve \u00e0 Tignes : 2h50 minutes<br data-start=\"5078\" data-end=\"5081\" \/>Quelle est la distance d\u2019un transfert de Gen\u00e8ve \u00e0 Tignes en minivan ?<br data-start=\"5150\" data-end=\"5153\" \/>Distance des transferts priv\u00e9s de Gen\u00e8ve \u00e0 Tignes : 224 km<\/p>\n<p data-start=\"5215\" data-end=\"6087\">Mercedes V-Class : transferts priv\u00e9s de l\u2019a\u00e9roport de Gen\u00e8ve \u00e0 Tignes, les plus demand\u00e9s \u2014 surtout pour les transferts priv\u00e9s de Gen\u00e8ve \u00e0 Tignes en Mercedes V-Class. Capable d\u2019accueillir jusqu\u2019\u00e0 7 passagers, avec un grand espace bagages (grand coffre). La V-Class est le choix id\u00e9al pour : transferts priv\u00e9s ex\u00e9cutifs et groupes corporate de Gen\u00e8ve \u00e0 Tignes, \u00e9v\u00e9nements sp\u00e9ciaux et roadshows, transport familial de Gen\u00e8ve \u00e0 Tignes et \u00e9v\u00e9nements priv\u00e9s. Transferts a\u00e9roport de Gen\u00e8ve et trajets longue distance vers les montagnes. Con\u00e7ue avec une priorit\u00e9 s\u00e9curit\u00e9, la V-Class fait partie des v\u00e9hicules de luxe avec chauffeur les plus s\u00e9lectionn\u00e9s \u00e0 Gen\u00e8ve, combinant transport prestigieux et volume. Que vous soyez une famille ou un groupe, c\u2019est la solution parfaite pour vos trajets ou transferts vers Tignes, ou depuis l\u2019a\u00e9roport de Gen\u00e8ve dans toutes les directions.<\/p>\n<p data-start=\"6089\" data-end=\"6964\">Avec Geneva Ways Limousine, les transferts priv\u00e9s de l\u2019a\u00e9roport de Gen\u00e8ve \u00e0 Tignes en Mercedes Van font partie de nos sp\u00e9cialit\u00e9s . Geneva Ways Limousine vous propose la Mercedes V-Class avec chauffeur pour vos transferts vers les stations de ski depuis Gen\u00e8ve ou Zurich . En plus de la place pour tous les passagers, un int\u00e9rieur spacieux et des \u00e9quipements pratiques rendent le trajet plus agr\u00e9able . Ces v\u00e9hicules s\u2019adaptent \u00e0 votre confort et \u00e0 vos besoins . Les doubles portes s\u2019ouvrent largement pour faciliter le chargement et le d\u00e9chargement . Vous pouvez aussi r\u00e9server votre limousine Mercedes V-Class avec chauffeur priv\u00e9 en ligne depuis Gen\u00e8ve ou Zurich . Si vous avez d\u2019autres questions, ce Mercedes V-Class Van vous fera voyager avec tout le confort et le luxe n\u00e9cessaires pour r\u00e9ussir votre transfert . Appelez-nous \u2013 nous sommes toujours l\u00e0 pour vous aider.<\/p>\n<p data-start=\"6966\" data-end=\"7055\">R\u00e9servez des transferts VIP priv\u00e9s de l\u2019a\u00e9roport de Gen\u00e8ve \u00e0 Tignes en Mercedes S-Class<\/p>\n<p data-start=\"7057\" data-end=\"7979\">Location limousine \u00e0 Gen\u00e8ve avec chauffeur Mercedes S-Class : le v\u00e9hicule id\u00e9al pour le transport priv\u00e9 longue distance de Gen\u00e8ve \u00e0 Tignes &amp; en Suisse, ou pour des visites touristiques. C\u2019est la r\u00e9f\u00e9rence du transport de personnes \u00e0 Gen\u00e8ve en v\u00e9hicule de luxe vers Tignes . Votre trajet limousine de luxe vers Tignes se fait avec chauffeur priv\u00e9 . Pour vos d\u00e9placements priv\u00e9s ou professionnels, d\u00e9couvrez notre Mercedes S-Class limousine \u00e0 Gen\u00e8ve &amp; Tignes . Nos chauffeurs priv\u00e9s \u00e0 Gen\u00e8ve vous prennent o\u00f9 vous le souhaitez et vous installent \u00e0 bord d\u2019une Mercedes limousine, avec toutes les options. L\u2019ext\u00e9rieur chic respire la classe et l\u2019\u00e9l\u00e9gance de ce v\u00e9hicule attire les regards \u00e0 votre arriv\u00e9e . Capable d\u2019accueillir jusqu\u2019\u00e0 trois passagers, la Mercedes S-Class est le choix de nombreux voyageurs d\u2019affaires qui souhaitent louer une limousine avec chauffeur \u00e0 Gen\u00e8ve et afficher leur sophistication et leur style.<\/p>\n<p data-start=\"7981\" data-end=\"9111\">L\u2019une de nos gammes de v\u00e9hicules les plus populaires : la Mercedes S-Class pour les services de transport priv\u00e9 \u00e0 Gen\u00e8ve vers Tignes, ou une limousine avec chauffeur priv\u00e9 \u00e0 Gen\u00e8ve &amp; Tignes . Vos transferts vers les stations de ski depuis Gen\u00e8ve ou Zurich . Le choix \u00e9vident pour une limousine de luxe \u00e0 Gen\u00e8ve : de nombreux v\u00e9hicules de luxe paraissent \u00e9l\u00e9gants \u00e0 l\u2019ext\u00e9rieur mais compromettent le confort et la s\u00e9curit\u00e9 \u00e0 l\u2019int\u00e9rieur. Ce n\u2019est pas le cas de la Mercedes S-Class, disponible pour vous comme limousine de luxe premium priv\u00e9e \u00e0 Gen\u00e8ve vers Tignes . La S-Class offre suffisamment d\u2019espace pour trois passagers avec bagages et comprend un \u00e9clairage LED doux ainsi que des si\u00e8ges en cuir moelleux qui vous permettent de profiter pleinement de vos d\u00e9placements. En tant que voyageur d\u2019affaires, la Mercedes S-Class vous permet de vous concentrer et de pr\u00e9parer votre week-end dans les Alpes dans une confidentialit\u00e9 confortable in\u00e9gal\u00e9e. Lorsque vous arrivez \u00e0 destination dans votre limousine avec chauffeur de Gen\u00e8ve \u00e0 Tignes, l\u2019apparence ext\u00e9rieure de votre Mercedes S-Class renforcera votre image professionnelle.<\/p>\n<p data-start=\"9113\" data-end=\"9193\">R\u00e9servez des transferts VIP priv\u00e9s de Gen\u00e8ve \u00e0 Tignes en Mercedes Maybach S600<\/p>\n<p data-start=\"9195\" data-end=\"10476\">Transferts priv\u00e9s de Gen\u00e8ve \u00e0 Tignes en Maybach S600 : le service limousine le plus confortable \u00e0 Gen\u00e8ve . Pour vos transferts priv\u00e9s depuis Gen\u00e8ve ou vers Tignes, le confort de la Mercedes S 600 avec chauffeur \u00e0 Gen\u00e8ve est in\u00e9gal\u00e9. \u00c0 l\u2019int\u00e9rieur de la Mercedes-Maybach, rien n\u2019a \u00e9t\u00e9 laiss\u00e9 au hasard. Louez une Mercedes S600 Maybach avec chauffeur \u00e0 Gen\u00e8ve ou Tignes, ou tout autre v\u00e9hicule Mercedes de luxe avec chauffeur priv\u00e9 en Suisse . Consultez toutes les offres de location avec chauffeur \u00e0 Gen\u00e8ve ou Tignes pour la Mercedes S-Class 600 Maybach pour des transferts priv\u00e9s de Gen\u00e8ve \u00e0 Tignes, notamment avec Geneva Ways Limousine . Vous pouvez r\u00e9server votre voiture de luxe avec chauffeur \u00e0 Gen\u00e8ve ou Zurich en ligne . Vivez des moments uniques de relaxation dans un int\u00e9rieur enti\u00e8rement con\u00e7u pour votre confort. Louez une voiture VIP avec chauffeur pour vos transferts priv\u00e9s de Gen\u00e8ve \u00e0 Tignes et vivez des moments uniques. Personnalit\u00e9 distinctive et design inimitable : la limousine Mercedes-Maybach a tout pour vous s\u00e9duire . Cette voiture de luxe surprendra vos invit\u00e9s par ses lignes audacieuses et ses \u00e9quipements technologiques avanc\u00e9s. Laissez-vous charmer par l\u2019atmosph\u00e8re VIP exceptionnelle \u00e0 l\u2019arri\u00e8re, sublim\u00e9e par des instruments horlogers haut de gamme.<\/p>\n<p data-start=\"10478\" data-end=\"10558\">R\u00e9servez des transferts priv\u00e9s de Gen\u00e8ve \u00e0 Tignes en Mercedes Sprinter Minibus<\/p>\n<p data-start=\"10560\" data-end=\"10959\">Combien co\u00fbte un transfert de Gen\u00e8ve \u00e0 Tignes en Sprinter ?<br data-start=\"10619\" data-end=\"10622\" \/>Prix des transferts priv\u00e9s de Gen\u00e8ve \u00e0 Tignes : \u00e0 partir de 880 CHF<br data-start=\"10689\" data-end=\"10692\" \/>Combien de temps dure le transfert de Gen\u00e8ve \u00e0 Tignes en Sprinter ?<br data-start=\"10759\" data-end=\"10762\" \/>Temps des transferts priv\u00e9s de Gen\u00e8ve \u00e0 Tignes : 2h50 minutes<br data-start=\"10823\" data-end=\"10826\" \/>Quelle est la distance d\u2019un transfert de Gen\u00e8ve \u00e0 Tignes en Sprinter ?<br data-start=\"10896\" data-end=\"10899\" \/>Distance des transferts priv\u00e9s de Gen\u00e8ve \u00e0 Tignes : 224 km<\/p>\n<p data-start=\"10961\" data-end=\"12295\">La meilleure option pour les groupes et les grandes familles : louez le minibus Mercedes Sprinter avec chauffeur pour vos transferts priv\u00e9s de Gen\u00e8ve \u00e0 Tignes, pouvant g\u00e9n\u00e9ralement accueillir jusqu\u2019\u00e0 16 passagers. Plus ou moins luxueux selon le mod\u00e8le, avec une capacit\u00e9 de bagages variable, ce v\u00e9hicule est parfait pour transporter entre 8 et 16 personnes dans un seul v\u00e9hicule. Il n\u2019y a pas de meilleur choix pour un service limousine de groupe en transferts priv\u00e9s de l\u2019a\u00e9roport de Gen\u00e8ve \u00e0 Tignes que le minibus Mercedes avec chauffeur chez Geneva Ways Limousine \u00e0 Gen\u00e8ve . Geneva Limousine propose des transferts en minibus Sprinter pour vos transferts priv\u00e9s de Gen\u00e8ve \u00e0 Tignes. Nous pouvons proposer des versions 9, 13, 16 places, toutes avec si\u00e8ges inclinables de luxe, fen\u00eatres panoramiques et les raffinements Mercedes-Benz habituels, ce qui rend ces mini-coachs id\u00e9aux pour des transferts priv\u00e9s de Gen\u00e8ve \u00e0 Tignes en Mercedes Sprinter, transferts priv\u00e9s de l\u2019a\u00e9roport de Gen\u00e8ve \u00e0 Tignes parfaits pour les week-ends et les loisirs. Il dispose aussi d\u2019un grand compartiment bagages, id\u00e9al pour les transferts a\u00e9roport de Gen\u00e8ve vers Tignes . Votre chauffeur \u00e0 Gen\u00e8ve vous attendra \u00e0 l\u2019arriv\u00e9e et vous aidera avec tous vos bagages afin que votre prise en charge \u00e0 <a href=\"https:\/\/www.gva.ch\/en\/\" target=\"_blank\" rel=\"noopener\">l\u2019a\u00e9roport de Gen\u00e8ve<\/a> vers Tignes soit fluide et sans souci.<\/p>\n<p data-start=\"12297\" data-end=\"12992\">Comme <a href=\"https:\/\/genevaways.com\/fr\/val-disere\/\"><span style=\"text-decoration: underline;\">Val d\u2019Is\u00e8re<\/span><\/a> est juste \u00e0 c\u00f4t\u00e9 de Tignes, vous pouvez les consid\u00e9rer comme une destination connect\u00e9e : vous pouvez s\u00e9journer \u00e0 Tignes tout en profitant de l\u2019ambiance, des restaurants et de l\u2019exp\u00e9rience ski de Val d\u2019Is\u00e8re avec un temps de d\u00e9placement minimal. Les deux stations se trouvent dans le m\u00eame domaine skiable Tignes\u2013Val d\u2019Is\u00e8re, ce qui signifie que votre transfert vers Tignes vous donne aussi un acc\u00e8s facile aux pistes, \u00e0 la vie de village et aux \u00e9v\u00e9nements de Val d\u2019Is\u00e8re \u2014 id\u00e9al si vous souhaitez une base plus calme \u00e0 Tignes, mais une atmosph\u00e8re plus \u201cstation alpine classique\u201d \u00e0 Val d\u2019Is\u00e8re. Vous pouvez visiter <a class=\"decorated-link\" href=\"https:\/\/www.valdisere.com\/\" target=\"_new\" rel=\"noopener\" data-start=\"12928\" data-end=\"12954\">https:\/\/www.valdisere.com\/<\/a> pour des informations touristiques.<\/p>\n<p data-start=\"12994\" data-end=\"14279\" data-is-last-node=\"\" data-is-only-node=\"\">R\u00e9servez en ligne votre transfert priv\u00e9 en Sprinter Mercedes avec chauffeur de Gen\u00e8ve \u00e0 Tignes. En quelques clics, calculez votre prix rapidement et gratuitement pour tous les transferts priv\u00e9s de Gen\u00e8ve \u00e0 Tignes . R\u00e9servation en ligne rapide du service limousine \u00e0 Gen\u00e8ve ou Zurich : vous pouvez consulter tous les prix des transferts priv\u00e9s de Gen\u00e8ve ou vers Tignes . Pr\u00e9-r\u00e9servez en ligne votre transfert priv\u00e9 de Gen\u00e8ve \u00e0 Tignes et laissez les professionnels de Geneva Limousine commencer \u00e0 planifier vos transferts priv\u00e9s en Suisse . Que vous souhaitiez explorer une station de ski voisine, le Mercedes Sprinter et votre chauffeur priv\u00e9 \u00e0 Gen\u00e8ve transporteront votre groupe de Gen\u00e8ve \u00e0 Tignes avec un confort et une facilit\u00e9 incomparables. Notre offre r\u00e9pond \u00e0 vos besoins de transport pour des groupes jusqu\u2019\u00e0 16 personnes. \u00c0 Gen\u00e8ve, ou \u00e0 l\u2019\u00e9tranger, faites le choix de v\u00e9ritables espaces de travail pour vos \u00e9quipes. Cette solution de transport offre aussi un espace o\u00f9 vos invit\u00e9s peuvent se d\u00e9tendre. Nous proposons la location de minibus Mercedes avec chauffeur \u00e0 Gen\u00e8ve ou Tignes, con\u00e7us sur mesure pour des groupes de 9 personnes ou plus. Choisissez le service haut de gamme Geneva Ways Limousine. N\u2019h\u00e9sitez pas \u00e0 nous contacter pour toute question que vous pourriez avoir.<\/p>\n<\/div>\n<\/div>\n<\/div>\n<\/div>\n<div class=\"z-0 flex min-h-[46px] justify-start\"><\/div>\n<div class=\"mt-3 w-full empty:hidden\">\n<div class=\"text-center\"><\/div>\n<\/div>\n<\/div>\n<\/div>\n<\/article>\n<\/div>\n<div class=\"pointer-events-none h-px w-px absolute bottom-0\" aria-hidden=\"true\" data-edge=\"true\"><\/div>\n<p>[\/vc_column_text][\/vc_column][\/vc_row]<\/p>\n<\/div>","protected":false},"excerpt":{"rendered":"<p>[vc_row][vc_column][\/vc_column][\/vc_row][vc_row][vc_column][vc_column_text] Transferts priv\u00e9s de l\u2019a\u00e9roport de Gen\u00e8ve \u00e0 Tignes . Obtenez votre transfert priv\u00e9 vers Tignes depuis l\u2019a\u00e9roport de Gen\u00e8ve avec Geneva Limousine . Les transferts de Gen\u00e8ve \u00e0 Tignes peuvent \u00eatre r\u00e9serv\u00e9s facilement . Combien co\u00fbte un transfert de Gen\u00e8ve \u00e0 Tignes ?Prix des transferts priv\u00e9s de Gen\u00e8ve \u00e0 Tignes \u00e0 partir de 880<\/p>\n","protected":false},"author":2,"featured_media":0,"parent":0,"menu_order":0,"comment_status":"closed","ping_status":"closed","template":"","meta":{"footnotes":""},"class_list":["post-6896","page","type-page","status-publish","hentry"],"_links":{"self":[{"href":"https:\/\/genevaways.com\/fr\/wp-json\/wp\/v2\/pages\/6896","targetHints":{"allow":["GET"]}}],"collection":[{"href":"https:\/\/genevaways.com\/fr\/wp-json\/wp\/v2\/pages"}],"about":[{"href":"https:\/\/genevaways.com\/fr\/wp-json\/wp\/v2\/types\/page"}],"author":[{"embeddable":true,"href":"https:\/\/genevaways.com\/fr\/wp-json\/wp\/v2\/users\/2"}],"replies":[{"embeddable":true,"href":"https:\/\/genevaways.com\/fr\/wp-json\/wp\/v2\/comments?post=6896"}],"version-history":[{"count":3,"href":"https:\/\/genevaways.com\/fr\/wp-json\/wp\/v2\/pages\/6896\/revisions"}],"predecessor-version":[{"id":7152,"href":"https:\/\/genevaways.com\/fr\/wp-json\/wp\/v2\/pages\/6896\/revisions\/7152"}],"wp:attachment":[{"href":"https:\/\/genevaways.com\/fr\/wp-json\/wp\/v2\/media?parent=6896"}],"curies":[{"name":"wp","href":"https:\/\/api.w.org\/{rel}","templated":true}]}}